{"id":4357,"date":"2015-09-30T07:58:14","date_gmt":"2015-09-30T07:58:14","guid":{"rendered":"https:\/\/insulation-new.trocellen.com\/aislamiento-de-techos\/"},"modified":"2023-07-10T11:11:51","modified_gmt":"2023-07-10T11:11:51","slug":"aislamiento-de-techos","status":"publish","type":"page","link":"https:\/\/insulation.trocellen.com\/es\/applications\/wall-roof-insulation\/aislamiento-de-techos\/","title":{"rendered":"Aislamiento de techos"},"content":{"rendered":"\n<h2 class=\"wp-block-heading\">Aislamiento de techos &#8211; <mark style=\"background-color:rgba(0, 0, 0, 0);color:#4ea346\" class=\"has-inline-color\">TROCELLEN AL<\/mark><\/h2>\n\n\n\n<p>La espuma de Polietileno qu\u00edmicamente reticulado de Trocellen AL, laminada con film metalizado, la cual asegura la estabilidad de las caracter\u00edsticas mec\u00e1nicas y t\u00e9rmicas, puede ser usada como barrera al vapor y tambi\u00e9n para reflejar el calor.<\/p>\n\n\n\n<h2 class=\"wp-block-heading\">Revestimiento de tejados &#8211; <mark style=\"background-color:rgba(0, 0, 0, 0);color:#4ea346\" class=\"has-inline-color\">TROCELLEN ALU<\/mark><\/h2>\n\n\n\n<p>Espuma de polietileno reticulado qu\u00edmicamente laminado a una l\u00e1mina de aluminio liso o grabado de 50 micras, proporcionando una excelente barrera al vapor y una gran capacidad para reflejar el calor irradiado, Trocellen ALU es adecuado para su empleo en tejados. La capa de aluminio de la superficie evita el desarrollo de sedimentos, moho y par\u00e1sitos.<\/p>\n\n\n\n<h2 class=\"wp-block-heading\">Aislamiento de desvanes &#8211; <mark style=\"background-color:rgba(0, 0, 0, 0);color:#4ea346\" class=\"has-inline-color\">Trocellen N<\/mark><\/h2>\n\n\n\n<p>La espuma de polietileno qu\u00edmicamente reticulada de Trocellen N, no se pudre, mantiene las caracter\u00edsticas mec\u00e1nicas y ac\u00fasticas a lo largo del tiempo. Gracias a sus propiedades, nuestras espumas aseguran un excelente aislamiento al t\u00e9rmico.<\/p>\n\n\n\n<h3 class=\"wp-block-heading\">Informaci\u00f3n t\u00e9cnica de la l\u00e1mina<\/h3>\n\n\n\n<figure class=\"wp-block-table\"><table><thead><tr><th scope=\"col\">&nbsp;<\/th><th scope=\"col\">Norma<\/th><th scope=\"col\">Unidad<\/th><th scope=\"col\">Trocellen<br>AL<\/th><th scope=\"col\">Trocellen ALU<\/th><\/tr><\/thead><tbody><tr><th scope=\"row\">Densidad<\/th><td>EN ISO 845<\/td><td>kg\/m<sup>3<\/sup><\/td><td>30<\/td><td>30<\/td><\/tr><tr><th scope=\"row\">Espesor<\/th><td>EN ISO 1923<\/td><td>mm<\/td><td>3-5-10<\/td><td>3-5-10<\/td><\/tr><tr><th scope=\"row\">Coeficiente de difusi\u00f3n de vapor de agua<\/th><td>EN 12086 EN ISO 12572<\/td><td>\u03bc<\/td><td>12.918<\/td><td>&gt;65.000<\/td><\/tr><tr><th scope=\"row\">Estabilidad dimensional (&lt;5%)<\/th><td>ISO 2976<\/td><td>\u00b0C<\/td><td>100<\/td><td>100<\/td><\/tr><tr><th scope=\"row\">Conductividad t\u00e9rmica a los 10\u00baC (\u03bb)<\/th><td>EN 12667<\/td><td>W\/mK<br>kcal\/mh\u00b0C<\/td><td>0,0367<br>0,0317<\/td><td>0,0367<br>0,0317<\/td><\/tr><\/tbody><\/table><\/figure>\n","protected":false},"excerpt":{"rendered":"<p>Aislamiento de techos &#8211; TROCELLEN AL La espuma de Polietileno qu\u00edmicamente reticulado de Trocellen AL, laminada con film metalizado, la cual asegura la estabilidad de las caracter\u00edsticas mec\u00e1nicas y t\u00e9rmicas, puede ser usada como barrera al vapor y tambi\u00e9n para reflejar el calor. Revestimiento de tejados &#8211; TROCELLEN ALU Espuma de polietileno reticulado qu\u00edmicamente laminado [&hellip;]<\/p>\n","protected":false},"author":1,"featured_media":8904,"parent":4303,"menu_order":200,"comment_status":"open","ping_status":"closed","template":"templates\/applications.php","meta":{"_acf_changed":false,"footnotes":""},"class_list":["post-4357","page","type-page","status-publish","has-post-thumbnail","hentry"],"acf":[],"yoast_head":"<!-- This site is optimized with the Yoast SEO plugin v23.5 - https:\/\/yoast.com\/wordpress\/plugins\/seo\/ -->\n<title>Aislamiento de techos y desvanes, revestimiento de tejas<\/title>\n<meta name=\"description\" content=\"Se utilizan como barrera de vapor y para reflejar el calor. No se pudren y mantienen sus caracter\u00edsticas mec\u00e1nicas y ac\u00fasticas a lo largo del tiempo.\" \/>\n<meta name=\"robots\" content=\"index, follow, max-snippet:-1, max-image-preview:large, max-video-preview:-1\" \/>\n<link rel=\"canonical\" href=\"https:\/\/insulation.trocellen.com\/es\/applications\/wall-roof-insulation\/aislamiento-de-techos\/\" \/>\n<meta property=\"og:locale\" content=\"es_ES\" \/>\n<meta property=\"og:type\" content=\"article\" \/>\n<meta property=\"og:title\" content=\"Aislamiento de techos y desvanes, revestimiento de tejas\" \/>\n<meta property=\"og:description\" content=\"Se utilizan como barrera de vapor y para reflejar el calor. No se pudren y mantienen sus caracter\u00edsticas mec\u00e1nicas y ac\u00fasticas a lo largo del tiempo.\" \/>\n<meta property=\"og:url\" content=\"https:\/\/insulation.trocellen.com\/es\/applications\/wall-roof-insulation\/aislamiento-de-techos\/\" \/>\n<meta property=\"og:site_name\" content=\"Trocellen Insulation\" \/>\n<meta property=\"article:modified_time\" content=\"2023-07-10T11:11:51+00:00\" \/>\n<meta property=\"og:image\" content=\"https:\/\/insulation.trocellen.com\/wp-content\/uploads\/sites\/6\/2023\/05\/roof-fejlec.jpg\" \/>\n\t<meta property=\"og:image:width\" content=\"1920\" \/>\n\t<meta property=\"og:image:height\" content=\"300\" \/>\n\t<meta property=\"og:image:type\" content=\"image\/jpeg\" \/>\n<meta name=\"twitter:card\" content=\"summary_large_image\" \/>\n<meta name=\"twitter:label1\" content=\"Tiempo de lectura\" \/>\n\t<meta name=\"twitter:data1\" content=\"1 minuto\" \/>\n<script type=\"application\/ld+json\" class=\"yoast-schema-graph\">{\"@context\":\"https:\/\/schema.org\",\"@graph\":[{\"@type\":\"WebPage\",\"@id\":\"https:\/\/insulation.trocellen.com\/es\/applications\/wall-roof-insulation\/aislamiento-de-techos\/\",\"url\":\"https:\/\/insulation.trocellen.com\/es\/applications\/wall-roof-insulation\/aislamiento-de-techos\/\",\"name\":\"Aislamiento de techos y desvanes, revestimiento de tejas\",\"isPartOf\":{\"@id\":\"https:\/\/insulation.trocellen.com\/es\/#website\"},\"primaryImageOfPage\":{\"@id\":\"https:\/\/insulation.trocellen.com\/es\/applications\/wall-roof-insulation\/aislamiento-de-techos\/#primaryimage\"},\"image\":{\"@id\":\"https:\/\/insulation.trocellen.com\/es\/applications\/wall-roof-insulation\/aislamiento-de-techos\/#primaryimage\"},\"thumbnailUrl\":\"https:\/\/insulation.trocellen.com\/wp-content\/uploads\/sites\/6\/2023\/05\/roof-fejlec.jpg\",\"datePublished\":\"2015-09-30T07:58:14+00:00\",\"dateModified\":\"2023-07-10T11:11:51+00:00\",\"description\":\"Se utilizan como barrera de vapor y para reflejar el calor. No se pudren y mantienen sus caracter\u00edsticas mec\u00e1nicas y ac\u00fasticas a lo largo del tiempo.\",\"breadcrumb\":{\"@id\":\"https:\/\/insulation.trocellen.com\/es\/applications\/wall-roof-insulation\/aislamiento-de-techos\/#breadcrumb\"},\"inLanguage\":\"es\",\"potentialAction\":[{\"@type\":\"ReadAction\",\"target\":[\"https:\/\/insulation.trocellen.com\/es\/applications\/wall-roof-insulation\/aislamiento-de-techos\/\"]}]},{\"@type\":\"ImageObject\",\"inLanguage\":\"es\",\"@id\":\"https:\/\/insulation.trocellen.com\/es\/applications\/wall-roof-insulation\/aislamiento-de-techos\/#primaryimage\",\"url\":\"https:\/\/insulation.trocellen.com\/wp-content\/uploads\/sites\/6\/2023\/05\/roof-fejlec.jpg\",\"contentUrl\":\"https:\/\/insulation.trocellen.com\/wp-content\/uploads\/sites\/6\/2023\/05\/roof-fejlec.jpg\",\"width\":1920,\"height\":300},{\"@type\":\"BreadcrumbList\",\"@id\":\"https:\/\/insulation.trocellen.com\/es\/applications\/wall-roof-insulation\/aislamiento-de-techos\/#breadcrumb\",\"itemListElement\":[{\"@type\":\"ListItem\",\"position\":1,\"name\":\"Home\",\"item\":\"https:\/\/insulation.trocellen.com\/es\/\"},{\"@type\":\"ListItem\",\"position\":2,\"name\":\"Aplicaciones\",\"item\":\"https:\/\/insulation.trocellen.com\/es\/applications\/\"},{\"@type\":\"ListItem\",\"position\":3,\"name\":\"Wall &amp; Roof insulation\",\"item\":\"https:\/\/insulation.trocellen.com\/es\/applications\/wall-roof-insulation\/\"},{\"@type\":\"ListItem\",\"position\":4,\"name\":\"Aislamiento de techos\"}]},{\"@type\":\"WebSite\",\"@id\":\"https:\/\/insulation.trocellen.com\/es\/#website\",\"url\":\"https:\/\/insulation.trocellen.com\/es\/\",\"name\":\"Trocellen Insulation\",\"description\":\"\",\"potentialAction\":[{\"@type\":\"SearchAction\",\"target\":{\"@type\":\"EntryPoint\",\"urlTemplate\":\"https:\/\/insulation.trocellen.com\/es\/?s={search_term_string}\"},\"query-input\":{\"@type\":\"PropertyValueSpecification\",\"valueRequired\":true,\"valueName\":\"search_term_string\"}}],\"inLanguage\":\"es\"}]}<\/script>\n<!-- \/ Yoast SEO plugin. -->","yoast_head_json":{"title":"Aislamiento de techos y desvanes, revestimiento de tejas","description":"Se utilizan como barrera de vapor y para reflejar el calor. No se pudren y mantienen sus caracter\u00edsticas mec\u00e1nicas y ac\u00fasticas a lo largo del tiempo.","robots":{"index":"index","follow":"follow","max-snippet":"max-snippet:-1","max-image-preview":"max-image-preview:large","max-video-preview":"max-video-preview:-1"},"canonical":"https:\/\/insulation.trocellen.com\/es\/applications\/wall-roof-insulation\/aislamiento-de-techos\/","og_locale":"es_ES","og_type":"article","og_title":"Aislamiento de techos y desvanes, revestimiento de tejas","og_description":"Se utilizan como barrera de vapor y para reflejar el calor. No se pudren y mantienen sus caracter\u00edsticas mec\u00e1nicas y ac\u00fasticas a lo largo del tiempo.","og_url":"https:\/\/insulation.trocellen.com\/es\/applications\/wall-roof-insulation\/aislamiento-de-techos\/","og_site_name":"Trocellen Insulation","article_modified_time":"2023-07-10T11:11:51+00:00","og_image":[{"width":1920,"height":300,"url":"https:\/\/insulation.trocellen.com\/wp-content\/uploads\/sites\/6\/2023\/05\/roof-fejlec.jpg","type":"image\/jpeg"}],"twitter_card":"summary_large_image","twitter_misc":{"Tiempo de lectura":"1 minuto"},"schema":{"@context":"https:\/\/schema.org","@graph":[{"@type":"WebPage","@id":"https:\/\/insulation.trocellen.com\/es\/applications\/wall-roof-insulation\/aislamiento-de-techos\/","url":"https:\/\/insulation.trocellen.com\/es\/applications\/wall-roof-insulation\/aislamiento-de-techos\/","name":"Aislamiento de techos y desvanes, revestimiento de tejas","isPartOf":{"@id":"https:\/\/insulation.trocellen.com\/es\/#website"},"primaryImageOfPage":{"@id":"https:\/\/insulation.trocellen.com\/es\/applications\/wall-roof-insulation\/aislamiento-de-techos\/#primaryimage"},"image":{"@id":"https:\/\/insulation.trocellen.com\/es\/applications\/wall-roof-insulation\/aislamiento-de-techos\/#primaryimage"},"thumbnailUrl":"https:\/\/insulation.trocellen.com\/wp-content\/uploads\/sites\/6\/2023\/05\/roof-fejlec.jpg","datePublished":"2015-09-30T07:58:14+00:00","dateModified":"2023-07-10T11:11:51+00:00","description":"Se utilizan como barrera de vapor y para reflejar el calor. No se pudren y mantienen sus caracter\u00edsticas mec\u00e1nicas y ac\u00fasticas a lo largo del tiempo.","breadcrumb":{"@id":"https:\/\/insulation.trocellen.com\/es\/applications\/wall-roof-insulation\/aislamiento-de-techos\/#breadcrumb"},"inLanguage":"es","potentialAction":[{"@type":"ReadAction","target":["https:\/\/insulation.trocellen.com\/es\/applications\/wall-roof-insulation\/aislamiento-de-techos\/"]}]},{"@type":"ImageObject","inLanguage":"es","@id":"https:\/\/insulation.trocellen.com\/es\/applications\/wall-roof-insulation\/aislamiento-de-techos\/#primaryimage","url":"https:\/\/insulation.trocellen.com\/wp-content\/uploads\/sites\/6\/2023\/05\/roof-fejlec.jpg","contentUrl":"https:\/\/insulation.trocellen.com\/wp-content\/uploads\/sites\/6\/2023\/05\/roof-fejlec.jpg","width":1920,"height":300},{"@type":"BreadcrumbList","@id":"https:\/\/insulation.trocellen.com\/es\/applications\/wall-roof-insulation\/aislamiento-de-techos\/#breadcrumb","itemListElement":[{"@type":"ListItem","position":1,"name":"Home","item":"https:\/\/insulation.trocellen.com\/es\/"},{"@type":"ListItem","position":2,"name":"Aplicaciones","item":"https:\/\/insulation.trocellen.com\/es\/applications\/"},{"@type":"ListItem","position":3,"name":"Wall &amp; Roof insulation","item":"https:\/\/insulation.trocellen.com\/es\/applications\/wall-roof-insulation\/"},{"@type":"ListItem","position":4,"name":"Aislamiento de techos"}]},{"@type":"WebSite","@id":"https:\/\/insulation.trocellen.com\/es\/#website","url":"https:\/\/insulation.trocellen.com\/es\/","name":"Trocellen Insulation","description":"","potentialAction":[{"@type":"SearchAction","target":{"@type":"EntryPoint","urlTemplate":"https:\/\/insulation.trocellen.com\/es\/?s={search_term_string}"},"query-input":{"@type":"PropertyValueSpecification","valueRequired":true,"valueName":"search_term_string"}}],"inLanguage":"es"}]}},"_links":{"self":[{"href":"https:\/\/insulation.trocellen.com\/es\/wp-json\/wp\/v2\/pages\/4357","targetHints":{"allow":["GET"]}}],"collection":[{"href":"https:\/\/insulation.trocellen.com\/es\/wp-json\/wp\/v2\/pages"}],"about":[{"href":"https:\/\/insulation.trocellen.com\/es\/wp-json\/wp\/v2\/types\/page"}],"author":[{"embeddable":true,"href":"https:\/\/insulation.trocellen.com\/es\/wp-json\/wp\/v2\/users\/1"}],"replies":[{"embeddable":true,"href":"https:\/\/insulation.trocellen.com\/es\/wp-json\/wp\/v2\/comments?post=4357"}],"version-history":[{"count":5,"href":"https:\/\/insulation.trocellen.com\/es\/wp-json\/wp\/v2\/pages\/4357\/revisions"}],"predecessor-version":[{"id":9781,"href":"https:\/\/insulation.trocellen.com\/es\/wp-json\/wp\/v2\/pages\/4357\/revisions\/9781"}],"up":[{"embeddable":true,"href":"https:\/\/insulation.trocellen.com\/es\/wp-json\/wp\/v2\/pages\/4303"}],"wp:featuredmedia":[{"embeddable":true,"href":"https:\/\/insulation.trocellen.com\/es\/wp-json\/wp\/v2\/media\/8904"}],"wp:attachment":[{"href":"https:\/\/insulation.trocellen.com\/es\/wp-json\/wp\/v2\/media?parent=4357"}],"curies":[{"name":"wp","href":"https:\/\/api.w.org\/{rel}","templated":true}]}}