{"id":4345,"date":"2015-09-30T07:54:31","date_gmt":"2015-09-30T07:54:31","guid":{"rendered":"https:\/\/insulation-new.trocellen.com\/perfiles-de-techo-trocellen\/"},"modified":"2023-07-10T11:11:11","modified_gmt":"2023-07-10T11:11:11","slug":"perfiles-de-techo-trocellen","status":"publish","type":"page","link":"https:\/\/insulation.trocellen.com\/es\/applications\/wall-roof-insulation\/perfiles-de-techo-trocellen\/","title":{"rendered":"Perfiles de techo Trocellen"},"content":{"rendered":"<p>La resistencia mec\u00e1nica y su durabilidad son unos requisitos muy importantes para los perfiles de los techos. Trocellen cumple estos requisitos con soluciones flexibles y de alta calidad, ofreciendo materiales de aislamiento con la m\u00e1s larga de duraci\u00f3n.<\/p>\n<h2>El producto<\/h2>\n<ul>\n<li>Material: Espumas de polietileno qu\u00edmicamente reticulada de celda cerrada<\/li>\n<li>Densidad:&nbsp;30 kg\/m\u00b3<\/li>\n<li>Espesor: de 25 a to 35 mm<\/li>\n<li>Bicolor<\/li>\n<li>Partes entregadas listas para su instalaci\u00f3n con cortes de precisi\u00f3n geom\u00e9trica.<\/li>\n<\/ul>\n<h3>Propiedades<\/h3>\n<ul>\n<li>Resistencia a los agentes qu\u00edmicos media \u2013 sin condensaci\u00f3n ni bacterias<\/li>\n<li>Impermeabilizaci\u00f3n<\/li>\n<li>Resistencia mec\u00e1nica \u2013 alta resistencia a las rasgaduras\/ rotura<\/li>\n<li>Alto aislamiento t\u00e9rmico: reducci\u00f3n de las p\u00e9rdidas energ\u00e9ticas<\/li>\n<li>Material inodoro: sin olores, sin empa\u00f1ado<\/li>\n<li>Soluciones personalizadas \u2013 ventilaci\u00f3n y fijaci\u00f3n<\/li>\n<li>F\u00e1cil de instalar \u2013 alta flexibilidad<\/li>\n<\/ul>\n<h3>Beneficios<\/h3>\n<ul>\n<li>Se ajusta al tejado en color y geometr\u00eda precisa<\/li>\n<li>Trabajo efectivo in situ, alto ahorro en costes y tiempo<\/li>\n<li>F\u00e1cil de manipular y convertir<\/li>\n<li>F\u00e1cil uso y almacenamiento<\/li>\n<li>Se pueden satisfacer los requerimientos especiales de los clientes<\/li>\n<li>Alto apoyo a la vida \u00fatil del sistema<\/li>\n<\/ul>\n","protected":false},"excerpt":{"rendered":"<p>La resistencia mec\u00e1nica y su durabilidad son unos requisitos muy importantes para los perfiles de los techos. Trocellen cumple estos requisitos con soluciones flexibles y de alta calidad, ofreciendo materiales de aislamiento con la m\u00e1s larga de duraci\u00f3n. El producto Material: Espumas de polietileno qu\u00edmicamente reticulada de celda cerrada Densidad:&nbsp;30 kg\/m\u00b3 Espesor: de 25 a [&hellip;]<\/p>\n","protected":false},"author":1,"featured_media":8904,"parent":4303,"menu_order":300,"comment_status":"open","ping_status":"closed","template":"templates\/applications.php","meta":{"_acf_changed":false,"footnotes":""},"class_list":["post-4345","page","type-page","status-publish","has-post-thumbnail","hentry"],"acf":[],"yoast_head":"<!-- This site is optimized with the Yoast SEO plugin v23.5 - https:\/\/yoast.com\/wordpress\/plugins\/seo\/ -->\n<title>Los perfiles para techos se ajustan en color y precisi\u00f3n<\/title>\n<meta name=\"description\" content=\"Los perfiles de techo pueden fabricarse a medida y est\u00e1n listos para instalarse con una corte precisa. Aislamiento duradero y f\u00e1cil de instalar.\" \/>\n<meta name=\"robots\" content=\"index, follow, max-snippet:-1, max-image-preview:large, max-video-preview:-1\" \/>\n<link rel=\"canonical\" href=\"https:\/\/insulation.trocellen.com\/es\/applications\/wall-roof-insulation\/perfiles-de-techo-trocellen\/\" \/>\n<meta property=\"og:locale\" content=\"es_ES\" \/>\n<meta property=\"og:type\" content=\"article\" \/>\n<meta property=\"og:title\" content=\"Los perfiles para techos se ajustan en color y precisi\u00f3n\" \/>\n<meta property=\"og:description\" content=\"Los perfiles de techo pueden fabricarse a medida y est\u00e1n listos para instalarse con una corte precisa. Aislamiento duradero y f\u00e1cil de instalar.\" \/>\n<meta property=\"og:url\" content=\"https:\/\/insulation.trocellen.com\/es\/applications\/wall-roof-insulation\/perfiles-de-techo-trocellen\/\" \/>\n<meta property=\"og:site_name\" content=\"Trocellen Insulation\" \/>\n<meta property=\"article:modified_time\" content=\"2023-07-10T11:11:11+00:00\" \/>\n<meta property=\"og:image\" content=\"https:\/\/insulation.trocellen.com\/wp-content\/uploads\/sites\/6\/2023\/05\/roof-fejlec.jpg\" \/>\n\t<meta property=\"og:image:width\" content=\"1920\" \/>\n\t<meta property=\"og:image:height\" content=\"300\" \/>\n\t<meta property=\"og:image:type\" content=\"image\/jpeg\" \/>\n<meta name=\"twitter:card\" content=\"summary_large_image\" \/>\n<meta name=\"twitter:label1\" content=\"Tiempo de lectura\" \/>\n\t<meta name=\"twitter:data1\" content=\"1 minuto\" \/>\n<script type=\"application\/ld+json\" class=\"yoast-schema-graph\">{\"@context\":\"https:\/\/schema.org\",\"@graph\":[{\"@type\":\"WebPage\",\"@id\":\"https:\/\/insulation.trocellen.com\/es\/applications\/wall-roof-insulation\/perfiles-de-techo-trocellen\/\",\"url\":\"https:\/\/insulation.trocellen.com\/es\/applications\/wall-roof-insulation\/perfiles-de-techo-trocellen\/\",\"name\":\"Los perfiles para techos se ajustan en color y precisi\u00f3n\",\"isPartOf\":{\"@id\":\"https:\/\/insulation.trocellen.com\/es\/#website\"},\"primaryImageOfPage\":{\"@id\":\"https:\/\/insulation.trocellen.com\/es\/applications\/wall-roof-insulation\/perfiles-de-techo-trocellen\/#primaryimage\"},\"image\":{\"@id\":\"https:\/\/insulation.trocellen.com\/es\/applications\/wall-roof-insulation\/perfiles-de-techo-trocellen\/#primaryimage\"},\"thumbnailUrl\":\"https:\/\/insulation.trocellen.com\/wp-content\/uploads\/sites\/6\/2023\/05\/roof-fejlec.jpg\",\"datePublished\":\"2015-09-30T07:54:31+00:00\",\"dateModified\":\"2023-07-10T11:11:11+00:00\",\"description\":\"Los perfiles de techo pueden fabricarse a medida y est\u00e1n listos para instalarse con una corte precisa. Aislamiento duradero y f\u00e1cil de instalar.\",\"breadcrumb\":{\"@id\":\"https:\/\/insulation.trocellen.com\/es\/applications\/wall-roof-insulation\/perfiles-de-techo-trocellen\/#breadcrumb\"},\"inLanguage\":\"es\",\"potentialAction\":[{\"@type\":\"ReadAction\",\"target\":[\"https:\/\/insulation.trocellen.com\/es\/applications\/wall-roof-insulation\/perfiles-de-techo-trocellen\/\"]}]},{\"@type\":\"ImageObject\",\"inLanguage\":\"es\",\"@id\":\"https:\/\/insulation.trocellen.com\/es\/applications\/wall-roof-insulation\/perfiles-de-techo-trocellen\/#primaryimage\",\"url\":\"https:\/\/insulation.trocellen.com\/wp-content\/uploads\/sites\/6\/2023\/05\/roof-fejlec.jpg\",\"contentUrl\":\"https:\/\/insulation.trocellen.com\/wp-content\/uploads\/sites\/6\/2023\/05\/roof-fejlec.jpg\",\"width\":1920,\"height\":300},{\"@type\":\"BreadcrumbList\",\"@id\":\"https:\/\/insulation.trocellen.com\/es\/applications\/wall-roof-insulation\/perfiles-de-techo-trocellen\/#breadcrumb\",\"itemListElement\":[{\"@type\":\"ListItem\",\"position\":1,\"name\":\"Home\",\"item\":\"https:\/\/insulation.trocellen.com\/es\/\"},{\"@type\":\"ListItem\",\"position\":2,\"name\":\"Aplicaciones\",\"item\":\"https:\/\/insulation.trocellen.com\/es\/applications\/\"},{\"@type\":\"ListItem\",\"position\":3,\"name\":\"Wall &amp; Roof insulation\",\"item\":\"https:\/\/insulation.trocellen.com\/es\/applications\/wall-roof-insulation\/\"},{\"@type\":\"ListItem\",\"position\":4,\"name\":\"Perfiles de techo Trocellen\"}]},{\"@type\":\"WebSite\",\"@id\":\"https:\/\/insulation.trocellen.com\/es\/#website\",\"url\":\"https:\/\/insulation.trocellen.com\/es\/\",\"name\":\"Trocellen Insulation\",\"description\":\"\",\"potentialAction\":[{\"@type\":\"SearchAction\",\"target\":{\"@type\":\"EntryPoint\",\"urlTemplate\":\"https:\/\/insulation.trocellen.com\/es\/?s={search_term_string}\"},\"query-input\":{\"@type\":\"PropertyValueSpecification\",\"valueRequired\":true,\"valueName\":\"search_term_string\"}}],\"inLanguage\":\"es\"}]}<\/script>\n<!-- \/ Yoast SEO plugin. -->","yoast_head_json":{"title":"Los perfiles para techos se ajustan en color y precisi\u00f3n","description":"Los perfiles de techo pueden fabricarse a medida y est\u00e1n listos para instalarse con una corte precisa. Aislamiento duradero y f\u00e1cil de instalar.","robots":{"index":"index","follow":"follow","max-snippet":"max-snippet:-1","max-image-preview":"max-image-preview:large","max-video-preview":"max-video-preview:-1"},"canonical":"https:\/\/insulation.trocellen.com\/es\/applications\/wall-roof-insulation\/perfiles-de-techo-trocellen\/","og_locale":"es_ES","og_type":"article","og_title":"Los perfiles para techos se ajustan en color y precisi\u00f3n","og_description":"Los perfiles de techo pueden fabricarse a medida y est\u00e1n listos para instalarse con una corte precisa. Aislamiento duradero y f\u00e1cil de instalar.","og_url":"https:\/\/insulation.trocellen.com\/es\/applications\/wall-roof-insulation\/perfiles-de-techo-trocellen\/","og_site_name":"Trocellen Insulation","article_modified_time":"2023-07-10T11:11:11+00:00","og_image":[{"width":1920,"height":300,"url":"https:\/\/insulation.trocellen.com\/wp-content\/uploads\/sites\/6\/2023\/05\/roof-fejlec.jpg","type":"image\/jpeg"}],"twitter_card":"summary_large_image","twitter_misc":{"Tiempo de lectura":"1 minuto"},"schema":{"@context":"https:\/\/schema.org","@graph":[{"@type":"WebPage","@id":"https:\/\/insulation.trocellen.com\/es\/applications\/wall-roof-insulation\/perfiles-de-techo-trocellen\/","url":"https:\/\/insulation.trocellen.com\/es\/applications\/wall-roof-insulation\/perfiles-de-techo-trocellen\/","name":"Los perfiles para techos se ajustan en color y precisi\u00f3n","isPartOf":{"@id":"https:\/\/insulation.trocellen.com\/es\/#website"},"primaryImageOfPage":{"@id":"https:\/\/insulation.trocellen.com\/es\/applications\/wall-roof-insulation\/perfiles-de-techo-trocellen\/#primaryimage"},"image":{"@id":"https:\/\/insulation.trocellen.com\/es\/applications\/wall-roof-insulation\/perfiles-de-techo-trocellen\/#primaryimage"},"thumbnailUrl":"https:\/\/insulation.trocellen.com\/wp-content\/uploads\/sites\/6\/2023\/05\/roof-fejlec.jpg","datePublished":"2015-09-30T07:54:31+00:00","dateModified":"2023-07-10T11:11:11+00:00","description":"Los perfiles de techo pueden fabricarse a medida y est\u00e1n listos para instalarse con una corte precisa. Aislamiento duradero y f\u00e1cil de instalar.","breadcrumb":{"@id":"https:\/\/insulation.trocellen.com\/es\/applications\/wall-roof-insulation\/perfiles-de-techo-trocellen\/#breadcrumb"},"inLanguage":"es","potentialAction":[{"@type":"ReadAction","target":["https:\/\/insulation.trocellen.com\/es\/applications\/wall-roof-insulation\/perfiles-de-techo-trocellen\/"]}]},{"@type":"ImageObject","inLanguage":"es","@id":"https:\/\/insulation.trocellen.com\/es\/applications\/wall-roof-insulation\/perfiles-de-techo-trocellen\/#primaryimage","url":"https:\/\/insulation.trocellen.com\/wp-content\/uploads\/sites\/6\/2023\/05\/roof-fejlec.jpg","contentUrl":"https:\/\/insulation.trocellen.com\/wp-content\/uploads\/sites\/6\/2023\/05\/roof-fejlec.jpg","width":1920,"height":300},{"@type":"BreadcrumbList","@id":"https:\/\/insulation.trocellen.com\/es\/applications\/wall-roof-insulation\/perfiles-de-techo-trocellen\/#breadcrumb","itemListElement":[{"@type":"ListItem","position":1,"name":"Home","item":"https:\/\/insulation.trocellen.com\/es\/"},{"@type":"ListItem","position":2,"name":"Aplicaciones","item":"https:\/\/insulation.trocellen.com\/es\/applications\/"},{"@type":"ListItem","position":3,"name":"Wall &amp; Roof insulation","item":"https:\/\/insulation.trocellen.com\/es\/applications\/wall-roof-insulation\/"},{"@type":"ListItem","position":4,"name":"Perfiles de techo Trocellen"}]},{"@type":"WebSite","@id":"https:\/\/insulation.trocellen.com\/es\/#website","url":"https:\/\/insulation.trocellen.com\/es\/","name":"Trocellen Insulation","description":"","potentialAction":[{"@type":"SearchAction","target":{"@type":"EntryPoint","urlTemplate":"https:\/\/insulation.trocellen.com\/es\/?s={search_term_string}"},"query-input":{"@type":"PropertyValueSpecification","valueRequired":true,"valueName":"search_term_string"}}],"inLanguage":"es"}]}},"_links":{"self":[{"href":"https:\/\/insulation.trocellen.com\/es\/wp-json\/wp\/v2\/pages\/4345","targetHints":{"allow":["GET"]}}],"collection":[{"href":"https:\/\/insulation.trocellen.com\/es\/wp-json\/wp\/v2\/pages"}],"about":[{"href":"https:\/\/insulation.trocellen.com\/es\/wp-json\/wp\/v2\/types\/page"}],"author":[{"embeddable":true,"href":"https:\/\/insulation.trocellen.com\/es\/wp-json\/wp\/v2\/users\/1"}],"replies":[{"embeddable":true,"href":"https:\/\/insulation.trocellen.com\/es\/wp-json\/wp\/v2\/comments?post=4345"}],"version-history":[{"count":2,"href":"https:\/\/insulation.trocellen.com\/es\/wp-json\/wp\/v2\/pages\/4345\/revisions"}],"predecessor-version":[{"id":9780,"href":"https:\/\/insulation.trocellen.com\/es\/wp-json\/wp\/v2\/pages\/4345\/revisions\/9780"}],"up":[{"embeddable":true,"href":"https:\/\/insulation.trocellen.com\/es\/wp-json\/wp\/v2\/pages\/4303"}],"wp:featuredmedia":[{"embeddable":true,"href":"https:\/\/insulation.trocellen.com\/es\/wp-json\/wp\/v2\/media\/8904"}],"wp:attachment":[{"href":"https:\/\/insulation.trocellen.com\/es\/wp-json\/wp\/v2\/media?parent=4345"}],"curies":[{"name":"wp","href":"https:\/\/api.w.org\/{rel}","templated":true}]}}