{"id":4339,"date":"2015-09-30T07:52:53","date_gmt":"2015-09-30T07:52:53","guid":{"rendered":"https:\/\/insulation-new.trocellen.com\/trocellen-altas-temperaturas\/"},"modified":"2023-07-10T11:06:30","modified_gmt":"2023-07-10T11:06:30","slug":"trocellen-altas-temperaturas","status":"publish","type":"page","link":"https:\/\/insulation.trocellen.com\/es\/applications\/aislamiento-termico\/trocellen-altas-temperaturas\/","title":{"rendered":"Trocellen altas temperaturas"},"content":{"rendered":"<h2>Trocellen altas temperaturas<\/h2>\n<p><img loading=\"lazy\" decoding=\"async\" class=\"alignnone size-full wp-image-1269\" src=\"https:\/\/insulation.trocellen.com\/wp-content\/uploads\/sites\/6\/2015\/09\/hightemp1.jpg\" alt=\"hightemp1\" width=\"300\" height=\"209\"><\/p>\n<h3><strong>Beneficios del producto<\/strong><\/h3>\n<ul>\n<li>Hechas para una larga duraci\u00f3n con espumas aislantes de polietileno reticulado con celdas cerradas.<\/li>\n<li>Valor de aislamiento constante para al menos 23 a\u00f1os, probablemente m\u00e1s.*<\/li>\n<li>Limpio, no t\u00f3xico, &nbsp;resistente a moho y bacterias, sin olores.<\/li>\n<li>Seguridad contra incendios.<\/li>\n<li>No absorbe el agua.<\/li>\n<li>Suficientemente flexible para adpatarse \u00e1ngulos estrechos, y fuerte para resistir manipulaciones bruscas.<\/li>\n<li>Puede ser usado tanto en interiores como en exteriores.<\/li>\n<li>Muy econ\u00f3mico.<\/li>\n<\/ul>\n<h3>Propiedades<\/h3>\n<table class=\"green-table\" border=\"0\">\n<thead>\n<tr>\n<th class=\"green-table-first-cell\" colspan=\"2\" scope=\"col\">Propiedades<\/th>\n<\/tr>\n<\/thead>\n<tbody>\n<tr>\n<th scope=\"row\">Aplicaciones<\/th>\n<td>Dise\u00f1ado para prevenir la p\u00e9rdida de calor del sistema<\/td>\n<\/tr>\n<tr>\n<th scope=\"row\">Resistente a la temperatura<\/th>\n<td>180\u00b0C (m\u00e1ximo); 150\u00b0C (de funcionamiento)<\/td>\n<\/tr>\n<tr>\n<th scope=\"row\">Material<\/th>\n<td>Espuma de polietileno reticulado de celdas cerradas<br \/>\ny poli\u00e9ster sin tejer<\/td>\n<\/tr>\n<tr>\n<th scope=\"row\">Propiedades de aislamiento<\/th>\n<td>Valor lambda: 0,0359 W\/ mK at 10 \u00b0C (combinado)<\/td>\n<\/tr>\n<tr>\n<th scope=\"row\">Permeabilidad al agua<\/th>\n<td>\u00b5 valor: &gt;7,000<\/td>\n<\/tr>\n<tr>\n<th scope=\"row\">Resistente a UV<\/th>\n<td>M\u00ednimo 1,5 a\u00f1os (EN ISO 4892-2\/06)<\/td>\n<\/tr>\n<tr>\n<th scope=\"row\">Clasificaci\u00f3n al fuego<\/th>\n<td>CL1 (D.M. 26\/06\/84);<br \/>\nB2 (DIN 4102\/B2)<\/td>\n<\/tr>\n<\/tbody>\n<\/table>\n<h3><strong>Propiedades&nbsp;<\/strong><\/h3>\n<h3><strong>Gamas de producto:<\/strong><\/h3>\n<table class=\"green-table\" border=\"0\">\n<thead>\n<tr>\n<th class=\"green-table-first-cell\" colspan=\"6\" scope=\"col\">Trocellen High Temp &#8211; Rohrisolation Produktpalette<\/th>\n<\/tr>\n<\/thead>\n<tbody>\n<tr>\n<td style=\"text-align: center;\">Dicke (mm)<\/td>\n<td style=\"text-align: center;\" colspan=\"5\">Innendurchmesser (mm)<\/td>\n<\/tr>\n<tr>\n<td style=\"text-align: center;\">13<\/td>\n<td style=\"text-align: center;\">18,0<\/td>\n<td style=\"text-align: center;\">22,0<\/td>\n<td style=\"text-align: center;\">28,0<\/td>\n<td style=\"text-align: center;\"><\/td>\n<td style=\"text-align: center;\"><\/td>\n<\/tr>\n<tr>\n<td style=\"text-align: center;\">20<\/td>\n<td style=\"text-align: center;\">18,0<\/td>\n<td style=\"text-align: center;\">22,0<\/td>\n<td style=\"text-align: center;\">28,0<\/td>\n<td style=\"text-align: center;\">35,0<\/td>\n<td style=\"text-align: center;\">42,0<\/td>\n<\/tr>\n<tr>\n<td style=\"text-align: center;\" colspan=\"6\">Standardl\u00e4nge 2.0 m &#8211; Kartonverpackung<\/td>\n<\/tr>\n<\/tbody>\n<\/table>\n<p>*Trocellen comprob\u00f3 que despu\u00e9s de 23 a\u00f1os, exist\u00eda el mismo valor de aislamiento. Datos del test disponibles bajo petici\u00f3n.<\/p>\n","protected":false},"excerpt":{"rendered":"<p>Trocellen altas temperaturas Beneficios del producto Hechas para una larga duraci\u00f3n con espumas aislantes de polietileno reticulado con celdas cerradas. Valor de aislamiento constante para al menos 23 a\u00f1os, probablemente m\u00e1s.* Limpio, no t\u00f3xico, &nbsp;resistente a moho y bacterias, sin olores. Seguridad contra incendios. No absorbe el agua. Suficientemente flexible para adpatarse \u00e1ngulos estrechos, y [&hellip;]<\/p>\n","protected":false},"author":1,"featured_media":8805,"parent":4297,"menu_order":100,"comment_status":"open","ping_status":"closed","template":"templates\/applications.php","meta":{"_acf_changed":false,"footnotes":""},"class_list":["post-4339","page","type-page","status-publish","has-post-thumbnail","hentry"],"acf":[],"yoast_head":"<!-- This site is optimized with the Yoast SEO plugin v23.5 - https:\/\/yoast.com\/wordpress\/plugins\/seo\/ -->\n<title>High-Temp es para aislamiento de tuber\u00edas de cobre<\/title>\n<meta name=\"description\" content=\"High-Temp se fabrica de espuma aislante de PE duradera, bastante flexible para adaptarse a los \u00e1ngulos y resistente para soportar la manipulaci\u00f3n brusca\" \/>\n<meta name=\"robots\" content=\"index, follow, max-snippet:-1, max-image-preview:large, max-video-preview:-1\" \/>\n<link rel=\"canonical\" href=\"https:\/\/insulation.trocellen.com\/es\/applications\/aislamiento-termico\/trocellen-altas-temperaturas\/\" \/>\n<meta property=\"og:locale\" content=\"es_ES\" \/>\n<meta property=\"og:type\" content=\"article\" \/>\n<meta property=\"og:title\" content=\"High-Temp es para aislamiento de tuber\u00edas de cobre\" \/>\n<meta property=\"og:description\" content=\"High-Temp se fabrica de espuma aislante de PE duradera, bastante flexible para adaptarse a los \u00e1ngulos y resistente para soportar la manipulaci\u00f3n brusca\" \/>\n<meta property=\"og:url\" content=\"https:\/\/insulation.trocellen.com\/es\/applications\/aislamiento-termico\/trocellen-altas-temperaturas\/\" \/>\n<meta property=\"og:site_name\" content=\"Trocellen Insulation\" \/>\n<meta property=\"article:modified_time\" content=\"2023-07-10T11:06:30+00:00\" \/>\n<meta property=\"og:image\" content=\"https:\/\/insulation.trocellen.com\/wp-content\/uploads\/sites\/6\/2023\/05\/high-temp-fejlec.jpg\" \/>\n\t<meta property=\"og:image:width\" content=\"1920\" \/>\n\t<meta property=\"og:image:height\" content=\"300\" \/>\n\t<meta property=\"og:image:type\" content=\"image\/jpeg\" \/>\n<meta name=\"twitter:card\" content=\"summary_large_image\" \/>\n<meta name=\"twitter:label1\" content=\"Tiempo de lectura\" \/>\n\t<meta name=\"twitter:data1\" content=\"2 minutos\" \/>\n<script type=\"application\/ld+json\" class=\"yoast-schema-graph\">{\"@context\":\"https:\/\/schema.org\",\"@graph\":[{\"@type\":\"WebPage\",\"@id\":\"https:\/\/insulation.trocellen.com\/es\/applications\/aislamiento-termico\/trocellen-altas-temperaturas\/\",\"url\":\"https:\/\/insulation.trocellen.com\/es\/applications\/aislamiento-termico\/trocellen-altas-temperaturas\/\",\"name\":\"High-Temp es para aislamiento de tuber\u00edas de cobre\",\"isPartOf\":{\"@id\":\"https:\/\/insulation.trocellen.com\/es\/#website\"},\"primaryImageOfPage\":{\"@id\":\"https:\/\/insulation.trocellen.com\/es\/applications\/aislamiento-termico\/trocellen-altas-temperaturas\/#primaryimage\"},\"image\":{\"@id\":\"https:\/\/insulation.trocellen.com\/es\/applications\/aislamiento-termico\/trocellen-altas-temperaturas\/#primaryimage\"},\"thumbnailUrl\":\"https:\/\/insulation.trocellen.com\/wp-content\/uploads\/sites\/6\/2023\/05\/high-temp-fejlec.jpg\",\"datePublished\":\"2015-09-30T07:52:53+00:00\",\"dateModified\":\"2023-07-10T11:06:30+00:00\",\"description\":\"High-Temp se fabrica de espuma aislante de PE duradera, bastante flexible para adaptarse a los \u00e1ngulos y resistente para soportar la manipulaci\u00f3n brusca\",\"breadcrumb\":{\"@id\":\"https:\/\/insulation.trocellen.com\/es\/applications\/aislamiento-termico\/trocellen-altas-temperaturas\/#breadcrumb\"},\"inLanguage\":\"es\",\"potentialAction\":[{\"@type\":\"ReadAction\",\"target\":[\"https:\/\/insulation.trocellen.com\/es\/applications\/aislamiento-termico\/trocellen-altas-temperaturas\/\"]}]},{\"@type\":\"ImageObject\",\"inLanguage\":\"es\",\"@id\":\"https:\/\/insulation.trocellen.com\/es\/applications\/aislamiento-termico\/trocellen-altas-temperaturas\/#primaryimage\",\"url\":\"https:\/\/insulation.trocellen.com\/wp-content\/uploads\/sites\/6\/2023\/05\/high-temp-fejlec.jpg\",\"contentUrl\":\"https:\/\/insulation.trocellen.com\/wp-content\/uploads\/sites\/6\/2023\/05\/high-temp-fejlec.jpg\",\"width\":1920,\"height\":300},{\"@type\":\"BreadcrumbList\",\"@id\":\"https:\/\/insulation.trocellen.com\/es\/applications\/aislamiento-termico\/trocellen-altas-temperaturas\/#breadcrumb\",\"itemListElement\":[{\"@type\":\"ListItem\",\"position\":1,\"name\":\"Home\",\"item\":\"https:\/\/insulation.trocellen.com\/es\/\"},{\"@type\":\"ListItem\",\"position\":2,\"name\":\"Aplicaciones\",\"item\":\"https:\/\/insulation.trocellen.com\/es\/applications\/\"},{\"@type\":\"ListItem\",\"position\":3,\"name\":\"AISLAMIENTO TERMICO\",\"item\":\"https:\/\/insulation.trocellen.com\/es\/applications\/aislamiento-termico\/\"},{\"@type\":\"ListItem\",\"position\":4,\"name\":\"Trocellen altas temperaturas\"}]},{\"@type\":\"WebSite\",\"@id\":\"https:\/\/insulation.trocellen.com\/es\/#website\",\"url\":\"https:\/\/insulation.trocellen.com\/es\/\",\"name\":\"Trocellen Insulation\",\"description\":\"\",\"potentialAction\":[{\"@type\":\"SearchAction\",\"target\":{\"@type\":\"EntryPoint\",\"urlTemplate\":\"https:\/\/insulation.trocellen.com\/es\/?s={search_term_string}\"},\"query-input\":{\"@type\":\"PropertyValueSpecification\",\"valueRequired\":true,\"valueName\":\"search_term_string\"}}],\"inLanguage\":\"es\"}]}<\/script>\n<!-- \/ Yoast SEO plugin. -->","yoast_head_json":{"title":"High-Temp es para aislamiento de tuber\u00edas de cobre","description":"High-Temp se fabrica de espuma aislante de PE duradera, bastante flexible para adaptarse a los \u00e1ngulos y resistente para soportar la manipulaci\u00f3n brusca","robots":{"index":"index","follow":"follow","max-snippet":"max-snippet:-1","max-image-preview":"max-image-preview:large","max-video-preview":"max-video-preview:-1"},"canonical":"https:\/\/insulation.trocellen.com\/es\/applications\/aislamiento-termico\/trocellen-altas-temperaturas\/","og_locale":"es_ES","og_type":"article","og_title":"High-Temp es para aislamiento de tuber\u00edas de cobre","og_description":"High-Temp se fabrica de espuma aislante de PE duradera, bastante flexible para adaptarse a los \u00e1ngulos y resistente para soportar la manipulaci\u00f3n brusca","og_url":"https:\/\/insulation.trocellen.com\/es\/applications\/aislamiento-termico\/trocellen-altas-temperaturas\/","og_site_name":"Trocellen Insulation","article_modified_time":"2023-07-10T11:06:30+00:00","og_image":[{"width":1920,"height":300,"url":"https:\/\/insulation.trocellen.com\/wp-content\/uploads\/sites\/6\/2023\/05\/high-temp-fejlec.jpg","type":"image\/jpeg"}],"twitter_card":"summary_large_image","twitter_misc":{"Tiempo de lectura":"2 minutos"},"schema":{"@context":"https:\/\/schema.org","@graph":[{"@type":"WebPage","@id":"https:\/\/insulation.trocellen.com\/es\/applications\/aislamiento-termico\/trocellen-altas-temperaturas\/","url":"https:\/\/insulation.trocellen.com\/es\/applications\/aislamiento-termico\/trocellen-altas-temperaturas\/","name":"High-Temp es para aislamiento de tuber\u00edas de cobre","isPartOf":{"@id":"https:\/\/insulation.trocellen.com\/es\/#website"},"primaryImageOfPage":{"@id":"https:\/\/insulation.trocellen.com\/es\/applications\/aislamiento-termico\/trocellen-altas-temperaturas\/#primaryimage"},"image":{"@id":"https:\/\/insulation.trocellen.com\/es\/applications\/aislamiento-termico\/trocellen-altas-temperaturas\/#primaryimage"},"thumbnailUrl":"https:\/\/insulation.trocellen.com\/wp-content\/uploads\/sites\/6\/2023\/05\/high-temp-fejlec.jpg","datePublished":"2015-09-30T07:52:53+00:00","dateModified":"2023-07-10T11:06:30+00:00","description":"High-Temp se fabrica de espuma aislante de PE duradera, bastante flexible para adaptarse a los \u00e1ngulos y resistente para soportar la manipulaci\u00f3n brusca","breadcrumb":{"@id":"https:\/\/insulation.trocellen.com\/es\/applications\/aislamiento-termico\/trocellen-altas-temperaturas\/#breadcrumb"},"inLanguage":"es","potentialAction":[{"@type":"ReadAction","target":["https:\/\/insulation.trocellen.com\/es\/applications\/aislamiento-termico\/trocellen-altas-temperaturas\/"]}]},{"@type":"ImageObject","inLanguage":"es","@id":"https:\/\/insulation.trocellen.com\/es\/applications\/aislamiento-termico\/trocellen-altas-temperaturas\/#primaryimage","url":"https:\/\/insulation.trocellen.com\/wp-content\/uploads\/sites\/6\/2023\/05\/high-temp-fejlec.jpg","contentUrl":"https:\/\/insulation.trocellen.com\/wp-content\/uploads\/sites\/6\/2023\/05\/high-temp-fejlec.jpg","width":1920,"height":300},{"@type":"BreadcrumbList","@id":"https:\/\/insulation.trocellen.com\/es\/applications\/aislamiento-termico\/trocellen-altas-temperaturas\/#breadcrumb","itemListElement":[{"@type":"ListItem","position":1,"name":"Home","item":"https:\/\/insulation.trocellen.com\/es\/"},{"@type":"ListItem","position":2,"name":"Aplicaciones","item":"https:\/\/insulation.trocellen.com\/es\/applications\/"},{"@type":"ListItem","position":3,"name":"AISLAMIENTO TERMICO","item":"https:\/\/insulation.trocellen.com\/es\/applications\/aislamiento-termico\/"},{"@type":"ListItem","position":4,"name":"Trocellen altas temperaturas"}]},{"@type":"WebSite","@id":"https:\/\/insulation.trocellen.com\/es\/#website","url":"https:\/\/insulation.trocellen.com\/es\/","name":"Trocellen Insulation","description":"","potentialAction":[{"@type":"SearchAction","target":{"@type":"EntryPoint","urlTemplate":"https:\/\/insulation.trocellen.com\/es\/?s={search_term_string}"},"query-input":{"@type":"PropertyValueSpecification","valueRequired":true,"valueName":"search_term_string"}}],"inLanguage":"es"}]}},"_links":{"self":[{"href":"https:\/\/insulation.trocellen.com\/es\/wp-json\/wp\/v2\/pages\/4339","targetHints":{"allow":["GET"]}}],"collection":[{"href":"https:\/\/insulation.trocellen.com\/es\/wp-json\/wp\/v2\/pages"}],"about":[{"href":"https:\/\/insulation.trocellen.com\/es\/wp-json\/wp\/v2\/types\/page"}],"author":[{"embeddable":true,"href":"https:\/\/insulation.trocellen.com\/es\/wp-json\/wp\/v2\/users\/1"}],"replies":[{"embeddable":true,"href":"https:\/\/insulation.trocellen.com\/es\/wp-json\/wp\/v2\/comments?post=4339"}],"version-history":[{"count":2,"href":"https:\/\/insulation.trocellen.com\/es\/wp-json\/wp\/v2\/pages\/4339\/revisions"}],"predecessor-version":[{"id":9773,"href":"https:\/\/insulation.trocellen.com\/es\/wp-json\/wp\/v2\/pages\/4339\/revisions\/9773"}],"up":[{"embeddable":true,"href":"https:\/\/insulation.trocellen.com\/es\/wp-json\/wp\/v2\/pages\/4297"}],"wp:featuredmedia":[{"embeddable":true,"href":"https:\/\/insulation.trocellen.com\/es\/wp-json\/wp\/v2\/media\/8805"}],"wp:attachment":[{"href":"https:\/\/insulation.trocellen.com\/es\/wp-json\/wp\/v2\/media?parent=4339"}],"curies":[{"name":"wp","href":"https:\/\/api.w.org\/{rel}","templated":true}]}}