{"id":4333,"date":"2015-09-30T07:50:12","date_gmt":"2015-09-30T07:50:12","guid":{"rendered":"https:\/\/insulation-new.trocellen.com\/juntas-rollos-y-laminas-trocellen\/"},"modified":"2023-12-15T13:10:55","modified_gmt":"2023-12-15T13:10:55","slug":"juntas-rollos-y-laminas-trocellen","status":"publish","type":"page","link":"https:\/\/insulation.trocellen.com\/es\/applications\/aislamiento-termico\/juntas-rollos-y-laminas-trocellen\/","title":{"rendered":"Juntas, rollos y l\u00e1minas Trocellen"},"content":{"rendered":"\n<p>De acuerdo a las actuales normativas, los sistemas de calefacci\u00f3n y tuber\u00edas para distribuci\u00f3n de agua caliente o vapor de agua, necesitan ser aisladas correctamente para conseguir el mejor ahorro de energ\u00eda posible, incrementando la seguridad de los trabajadores, ofreciendo un ambiente m\u00e1s confortable.<\/p>\n\n\n\n<h3 class=\"wp-block-heading\">Aislamiento t\u00e9rmico para sistemas de calefacci\u00f3n<\/h3>\n\n\n\n<p>Trocellen ofrece una amplia gama de soluciones de aislamiento t\u00e9rmico para sistemas de calefacci\u00f3n de acuerdo a los requisitos legales de los diferentes pa\u00edses.<br>El material Trocellen es probablemente el material aislante de m\u00e1s larga duraci\u00f3n.<\/p>\n\n\n\n<h2 class=\"wp-block-heading has-text-color\" style=\"color:#4ea346\">Juntas, rollos y l\u00e1minas Trocellen<\/h2>\n\n\n\n<p>Nuestras juntas, rollos y l\u00e1minas ofrecen una larga duraci\u00f3n, excelente conductividad t\u00e9rmica excelente resistencia al del vapor de agua, y por supuesto una f\u00e1cil instalaci\u00f3n, no importa si necesita aislar una sola tuber\u00eda, un conjunto de \u00e1ngulo recto, o secciones curvas, uniones en \u201cT\u201d, bridas u otros.<\/p>\n\n\n\n<h3 class=\"wp-block-heading\">Gamas de producto:<\/h3>\n\n\n\n<ul class=\"wp-block-list\">\n<li>Trocellen Isocompact AL\/CL1, CL1\/ALU-NET, Class AL (marcado CE)<\/li>\n\n\n\n<li>Juntas Trocellen AL\/CL1, CL1\/ALU-NET, Class AL (marcado CE)<\/li>\n\n\n\n<li>Rollos Trocellen AL, AL\/CL1, CL1\/ALU-NET, Class AL (marcado CE)<\/li>\n\n\n\n<li>L\u00e1minas Trocellen<\/li>\n<\/ul>\n\n\n\n<h3 class=\"wp-block-heading\">Propiedades:<\/h3>\n\n\n\n<ul class=\"wp-block-list\">\n<li>Espuma de polietileno reticulado<\/li>\n\n\n\n<li>Laminada con una capa protectora grabado con film met\u00e1lico<\/li>\n<\/ul>\n","protected":false},"excerpt":{"rendered":"<p>De acuerdo a las actuales normativas, los sistemas de calefacci\u00f3n y tuber\u00edas para distribuci\u00f3n de agua caliente o vapor de agua, necesitan ser aisladas correctamente para conseguir el mejor ahorro de energ\u00eda posible, incrementando la seguridad de los trabajadores, ofreciendo un ambiente m\u00e1s confortable. Aislamiento t\u00e9rmico para sistemas de calefacci\u00f3n Trocellen ofrece una amplia gama [&hellip;]<\/p>\n","protected":false},"author":1,"featured_media":8824,"parent":4297,"menu_order":400,"comment_status":"open","ping_status":"closed","template":"templates\/applications.php","meta":{"_acf_changed":false,"footnotes":""},"class_list":["post-4333","page","type-page","status-publish","has-post-thumbnail","hentry"],"acf":[],"yoast_head":"<!-- This site is optimized with the Yoast SEO plugin v23.5 - https:\/\/yoast.com\/wordpress\/plugins\/seo\/ -->\n<title>Aislamiento t\u00e9rmico de sistemas de calefacci\u00f3n<\/title>\n<meta name=\"description\" content=\"Las juntas, rollos y l\u00e1minas Trocellen ofrecen un rendimiento duradero, una excelente conductividad t\u00e9rmica, resistencia al vapor y una instalaci\u00f3n f\u00e1cil.\" \/>\n<meta name=\"robots\" content=\"index, follow, max-snippet:-1, max-image-preview:large, max-video-preview:-1\" \/>\n<link rel=\"canonical\" href=\"https:\/\/insulation.trocellen.com\/es\/applications\/aislamiento-termico\/juntas-rollos-y-laminas-trocellen\/\" \/>\n<meta property=\"og:locale\" content=\"es_ES\" \/>\n<meta property=\"og:type\" content=\"article\" \/>\n<meta property=\"og:title\" content=\"Aislamiento t\u00e9rmico de sistemas de calefacci\u00f3n\" \/>\n<meta property=\"og:description\" content=\"Las juntas, rollos y l\u00e1minas Trocellen ofrecen un rendimiento duradero, una excelente conductividad t\u00e9rmica, resistencia al vapor y una instalaci\u00f3n f\u00e1cil.\" \/>\n<meta property=\"og:url\" content=\"https:\/\/insulation.trocellen.com\/es\/applications\/aislamiento-termico\/juntas-rollos-y-laminas-trocellen\/\" \/>\n<meta property=\"og:site_name\" content=\"Trocellen Insulation\" \/>\n<meta property=\"article:modified_time\" content=\"2023-12-15T13:10:55+00:00\" \/>\n<meta property=\"og:image\" content=\"https:\/\/insulation.trocellen.com\/wp-content\/uploads\/sites\/6\/2023\/05\/foam-imit-fejlec.jpg\" \/>\n\t<meta property=\"og:image:width\" content=\"1920\" \/>\n\t<meta property=\"og:image:height\" content=\"300\" \/>\n\t<meta property=\"og:image:type\" content=\"image\/jpeg\" \/>\n<meta name=\"twitter:card\" content=\"summary_large_image\" \/>\n<meta name=\"twitter:label1\" content=\"Tiempo de lectura\" \/>\n\t<meta name=\"twitter:data1\" content=\"1 minuto\" \/>\n<script type=\"application\/ld+json\" class=\"yoast-schema-graph\">{\"@context\":\"https:\/\/schema.org\",\"@graph\":[{\"@type\":\"WebPage\",\"@id\":\"https:\/\/insulation.trocellen.com\/es\/applications\/aislamiento-termico\/juntas-rollos-y-laminas-trocellen\/\",\"url\":\"https:\/\/insulation.trocellen.com\/es\/applications\/aislamiento-termico\/juntas-rollos-y-laminas-trocellen\/\",\"name\":\"Aislamiento t\u00e9rmico de sistemas de calefacci\u00f3n\",\"isPartOf\":{\"@id\":\"https:\/\/insulation.trocellen.com\/es\/#website\"},\"primaryImageOfPage\":{\"@id\":\"https:\/\/insulation.trocellen.com\/es\/applications\/aislamiento-termico\/juntas-rollos-y-laminas-trocellen\/#primaryimage\"},\"image\":{\"@id\":\"https:\/\/insulation.trocellen.com\/es\/applications\/aislamiento-termico\/juntas-rollos-y-laminas-trocellen\/#primaryimage\"},\"thumbnailUrl\":\"https:\/\/insulation.trocellen.com\/wp-content\/uploads\/sites\/6\/2023\/05\/foam-imit-fejlec.jpg\",\"datePublished\":\"2015-09-30T07:50:12+00:00\",\"dateModified\":\"2023-12-15T13:10:55+00:00\",\"description\":\"Las juntas, rollos y l\u00e1minas Trocellen ofrecen un rendimiento duradero, una excelente conductividad t\u00e9rmica, resistencia al vapor y una instalaci\u00f3n f\u00e1cil.\",\"breadcrumb\":{\"@id\":\"https:\/\/insulation.trocellen.com\/es\/applications\/aislamiento-termico\/juntas-rollos-y-laminas-trocellen\/#breadcrumb\"},\"inLanguage\":\"es\",\"potentialAction\":[{\"@type\":\"ReadAction\",\"target\":[\"https:\/\/insulation.trocellen.com\/es\/applications\/aislamiento-termico\/juntas-rollos-y-laminas-trocellen\/\"]}]},{\"@type\":\"ImageObject\",\"inLanguage\":\"es\",\"@id\":\"https:\/\/insulation.trocellen.com\/es\/applications\/aislamiento-termico\/juntas-rollos-y-laminas-trocellen\/#primaryimage\",\"url\":\"https:\/\/insulation.trocellen.com\/wp-content\/uploads\/sites\/6\/2023\/05\/foam-imit-fejlec.jpg\",\"contentUrl\":\"https:\/\/insulation.trocellen.com\/wp-content\/uploads\/sites\/6\/2023\/05\/foam-imit-fejlec.jpg\",\"width\":1920,\"height\":300},{\"@type\":\"BreadcrumbList\",\"@id\":\"https:\/\/insulation.trocellen.com\/es\/applications\/aislamiento-termico\/juntas-rollos-y-laminas-trocellen\/#breadcrumb\",\"itemListElement\":[{\"@type\":\"ListItem\",\"position\":1,\"name\":\"Home\",\"item\":\"https:\/\/insulation.trocellen.com\/es\/\"},{\"@type\":\"ListItem\",\"position\":2,\"name\":\"Aplicaciones\",\"item\":\"https:\/\/insulation.trocellen.com\/es\/applications\/\"},{\"@type\":\"ListItem\",\"position\":3,\"name\":\"AISLAMIENTO TERMICO\",\"item\":\"https:\/\/insulation.trocellen.com\/es\/applications\/aislamiento-termico\/\"},{\"@type\":\"ListItem\",\"position\":4,\"name\":\"Juntas, rollos y l\u00e1minas Trocellen\"}]},{\"@type\":\"WebSite\",\"@id\":\"https:\/\/insulation.trocellen.com\/es\/#website\",\"url\":\"https:\/\/insulation.trocellen.com\/es\/\",\"name\":\"Trocellen Insulation\",\"description\":\"\",\"potentialAction\":[{\"@type\":\"SearchAction\",\"target\":{\"@type\":\"EntryPoint\",\"urlTemplate\":\"https:\/\/insulation.trocellen.com\/es\/?s={search_term_string}\"},\"query-input\":{\"@type\":\"PropertyValueSpecification\",\"valueRequired\":true,\"valueName\":\"search_term_string\"}}],\"inLanguage\":\"es\"}]}<\/script>\n<!-- \/ Yoast SEO plugin. -->","yoast_head_json":{"title":"Aislamiento t\u00e9rmico de sistemas de calefacci\u00f3n","description":"Las juntas, rollos y l\u00e1minas Trocellen ofrecen un rendimiento duradero, una excelente conductividad t\u00e9rmica, resistencia al vapor y una instalaci\u00f3n f\u00e1cil.","robots":{"index":"index","follow":"follow","max-snippet":"max-snippet:-1","max-image-preview":"max-image-preview:large","max-video-preview":"max-video-preview:-1"},"canonical":"https:\/\/insulation.trocellen.com\/es\/applications\/aislamiento-termico\/juntas-rollos-y-laminas-trocellen\/","og_locale":"es_ES","og_type":"article","og_title":"Aislamiento t\u00e9rmico de sistemas de calefacci\u00f3n","og_description":"Las juntas, rollos y l\u00e1minas Trocellen ofrecen un rendimiento duradero, una excelente conductividad t\u00e9rmica, resistencia al vapor y una instalaci\u00f3n f\u00e1cil.","og_url":"https:\/\/insulation.trocellen.com\/es\/applications\/aislamiento-termico\/juntas-rollos-y-laminas-trocellen\/","og_site_name":"Trocellen Insulation","article_modified_time":"2023-12-15T13:10:55+00:00","og_image":[{"width":1920,"height":300,"url":"https:\/\/insulation.trocellen.com\/wp-content\/uploads\/sites\/6\/2023\/05\/foam-imit-fejlec.jpg","type":"image\/jpeg"}],"twitter_card":"summary_large_image","twitter_misc":{"Tiempo de lectura":"1 minuto"},"schema":{"@context":"https:\/\/schema.org","@graph":[{"@type":"WebPage","@id":"https:\/\/insulation.trocellen.com\/es\/applications\/aislamiento-termico\/juntas-rollos-y-laminas-trocellen\/","url":"https:\/\/insulation.trocellen.com\/es\/applications\/aislamiento-termico\/juntas-rollos-y-laminas-trocellen\/","name":"Aislamiento t\u00e9rmico de sistemas de calefacci\u00f3n","isPartOf":{"@id":"https:\/\/insulation.trocellen.com\/es\/#website"},"primaryImageOfPage":{"@id":"https:\/\/insulation.trocellen.com\/es\/applications\/aislamiento-termico\/juntas-rollos-y-laminas-trocellen\/#primaryimage"},"image":{"@id":"https:\/\/insulation.trocellen.com\/es\/applications\/aislamiento-termico\/juntas-rollos-y-laminas-trocellen\/#primaryimage"},"thumbnailUrl":"https:\/\/insulation.trocellen.com\/wp-content\/uploads\/sites\/6\/2023\/05\/foam-imit-fejlec.jpg","datePublished":"2015-09-30T07:50:12+00:00","dateModified":"2023-12-15T13:10:55+00:00","description":"Las juntas, rollos y l\u00e1minas Trocellen ofrecen un rendimiento duradero, una excelente conductividad t\u00e9rmica, resistencia al vapor y una instalaci\u00f3n f\u00e1cil.","breadcrumb":{"@id":"https:\/\/insulation.trocellen.com\/es\/applications\/aislamiento-termico\/juntas-rollos-y-laminas-trocellen\/#breadcrumb"},"inLanguage":"es","potentialAction":[{"@type":"ReadAction","target":["https:\/\/insulation.trocellen.com\/es\/applications\/aislamiento-termico\/juntas-rollos-y-laminas-trocellen\/"]}]},{"@type":"ImageObject","inLanguage":"es","@id":"https:\/\/insulation.trocellen.com\/es\/applications\/aislamiento-termico\/juntas-rollos-y-laminas-trocellen\/#primaryimage","url":"https:\/\/insulation.trocellen.com\/wp-content\/uploads\/sites\/6\/2023\/05\/foam-imit-fejlec.jpg","contentUrl":"https:\/\/insulation.trocellen.com\/wp-content\/uploads\/sites\/6\/2023\/05\/foam-imit-fejlec.jpg","width":1920,"height":300},{"@type":"BreadcrumbList","@id":"https:\/\/insulation.trocellen.com\/es\/applications\/aislamiento-termico\/juntas-rollos-y-laminas-trocellen\/#breadcrumb","itemListElement":[{"@type":"ListItem","position":1,"name":"Home","item":"https:\/\/insulation.trocellen.com\/es\/"},{"@type":"ListItem","position":2,"name":"Aplicaciones","item":"https:\/\/insulation.trocellen.com\/es\/applications\/"},{"@type":"ListItem","position":3,"name":"AISLAMIENTO TERMICO","item":"https:\/\/insulation.trocellen.com\/es\/applications\/aislamiento-termico\/"},{"@type":"ListItem","position":4,"name":"Juntas, rollos y l\u00e1minas Trocellen"}]},{"@type":"WebSite","@id":"https:\/\/insulation.trocellen.com\/es\/#website","url":"https:\/\/insulation.trocellen.com\/es\/","name":"Trocellen Insulation","description":"","potentialAction":[{"@type":"SearchAction","target":{"@type":"EntryPoint","urlTemplate":"https:\/\/insulation.trocellen.com\/es\/?s={search_term_string}"},"query-input":{"@type":"PropertyValueSpecification","valueRequired":true,"valueName":"search_term_string"}}],"inLanguage":"es"}]}},"_links":{"self":[{"href":"https:\/\/insulation.trocellen.com\/es\/wp-json\/wp\/v2\/pages\/4333","targetHints":{"allow":["GET"]}}],"collection":[{"href":"https:\/\/insulation.trocellen.com\/es\/wp-json\/wp\/v2\/pages"}],"about":[{"href":"https:\/\/insulation.trocellen.com\/es\/wp-json\/wp\/v2\/types\/page"}],"author":[{"embeddable":true,"href":"https:\/\/insulation.trocellen.com\/es\/wp-json\/wp\/v2\/users\/1"}],"replies":[{"embeddable":true,"href":"https:\/\/insulation.trocellen.com\/es\/wp-json\/wp\/v2\/comments?post=4333"}],"version-history":[{"count":3,"href":"https:\/\/insulation.trocellen.com\/es\/wp-json\/wp\/v2\/pages\/4333\/revisions"}],"predecessor-version":[{"id":10347,"href":"https:\/\/insulation.trocellen.com\/es\/wp-json\/wp\/v2\/pages\/4333\/revisions\/10347"}],"up":[{"embeddable":true,"href":"https:\/\/insulation.trocellen.com\/es\/wp-json\/wp\/v2\/pages\/4297"}],"wp:featuredmedia":[{"embeddable":true,"href":"https:\/\/insulation.trocellen.com\/es\/wp-json\/wp\/v2\/media\/8824"}],"wp:attachment":[{"href":"https:\/\/insulation.trocellen.com\/es\/wp-json\/wp\/v2\/media?parent=4333"}],"curies":[{"name":"wp","href":"https:\/\/api.w.org\/{rel}","templated":true}]}}