{"id":4327,"date":"2015-09-30T07:47:58","date_gmt":"2015-09-30T07:47:58","guid":{"rendered":"https:\/\/insulation-new.trocellen.com\/trocellen-isocompact-para-aislamiento-de-tuberias\/"},"modified":"2023-07-10T11:07:07","modified_gmt":"2023-07-10T11:07:07","slug":"trocellen-isocompact-para-aislamiento-de-tuberias","status":"publish","type":"page","link":"https:\/\/insulation.trocellen.com\/es\/applications\/aislamiento-termico\/trocellen-isocompact-para-aislamiento-de-tuberias\/","title":{"rendered":"Trocellen Isocompact para aislamiento de tuber\u00edas"},"content":{"rendered":"\n<p>De acuerdo a las actuales normativas, los sistemas de calefacci\u00f3n y tuber\u00edas para distribuci\u00f3n de agua caliente o vapor de agua, necesitan ser aisladas correctamente para conseguir el mejor ahorro de energ\u00eda posible, incrementando la seguridad de los trabajadores, mientras que se ofrece un confortable.<\/p>\n\n\n\n<figure class=\"wp-block-image\"><a href=\"https:\/\/insulation.trocellen.com\/wp-content\/uploads\/sites\/6\/2015\/09\/isocompact2.jpg\" rel=\"attachment wp-att-1332\"><img decoding=\"async\" src=\"https:\/\/insulation.trocellen.com\/wp-content\/uploads\/sites\/6\/2015\/09\/isocompact2-1024x632.jpg\" alt=\"isocompact2\" class=\"wp-image-1332\"\/><\/a><\/figure>\n\n\n\n<h2 class=\"wp-block-heading\">Aislamiento t\u00e9rmico para sistemas de calefacci\u00f3n<\/h2>\n\n\n\n<p>Trocellen ofrece una amplia gama de soluciones de aislamiento t\u00e9rmico para sistemas de calefacci\u00f3n de acuerdo a los requisitos legales de los diferentes pa\u00edses.<\/p>\n\n\n\n<figure class=\"wp-block-image\"><a href=\"https:\/\/insulation.trocellen.com\/wp-content\/uploads\/sites\/6\/2015\/09\/isocompact1.jpg\" rel=\"attachment wp-att-1331\"><img decoding=\"async\" src=\"https:\/\/insulation.trocellen.com\/wp-content\/uploads\/sites\/6\/2015\/09\/isocompact1-1024x631.jpg\" alt=\"isocompact1\" class=\"wp-image-1331\"\/><\/a><\/figure>\n\n\n\n<h3 class=\"wp-block-heading\">Isocompact<\/h3>\n\n\n\n<p>Isocompact fue desarrollado para satisfacer los exigentes requisitos t\u00e9cnicos en los que el aismamiento t\u00e9rmico exigido es particularmente alto. Trocellen Isocompact est\u00e1 recomendado para el aislamiento de tuber\u00edas en zonas no climatizadas o en exteriores.<\/p>\n\n\n\n<h2 class=\"wp-block-heading\">Propiedades:<\/h2>\n\n\n\n<ul class=\"wp-block-list\">\n<li>Espuma de polietileno quimicamente reticulada<\/li>\n\n\n\n<li>L\u00e1minas multi capa con diferentes grosores<\/li>\n\n\n\n<li>Exterior acabado con un film metalizado grabado,&nbsp;resistente a ara\u00f1azos o bien con una capa de aluminio.<\/li>\n\n\n\n<li>Certificado Clase 1, Italia<\/li>\n\n\n\n<li>Marcado CE Euroclase E<\/li>\n\n\n\n<li>Disponible en juntas, rollos y l\u00e1minas.<\/li>\n<\/ul>\n","protected":false},"excerpt":{"rendered":"<p>De acuerdo a las actuales normativas, los sistemas de calefacci\u00f3n y tuber\u00edas para distribuci\u00f3n de agua caliente o vapor de agua, necesitan ser aisladas correctamente para conseguir el mejor ahorro de energ\u00eda posible, incrementando la seguridad de los trabajadores, mientras que se ofrece un confortable. Aislamiento t\u00e9rmico para sistemas de calefacci\u00f3n Trocellen ofrece una amplia [&hellip;]<\/p>\n","protected":false},"author":1,"featured_media":8818,"parent":4297,"menu_order":300,"comment_status":"open","ping_status":"closed","template":"templates\/applications.php","meta":{"_acf_changed":false,"footnotes":""},"class_list":["post-4327","page","type-page","status-publish","has-post-thumbnail","hentry"],"acf":[],"yoast_head":"<!-- This site is optimized with the Yoast SEO plugin v23.5 - https:\/\/yoast.com\/wordpress\/plugins\/seo\/ -->\n<title>Isocompact es un aislante t\u00e9rmico para tuber\u00edas<\/title>\n<meta name=\"description\" content=\"Isocompact se utiliza en zonas sin calefacci\u00f3n o al exterior por sus propiedades de aislamiento t\u00e9rmico. Instalaci\u00f3n f\u00e1cil; pel\u00edcula metalizada o aluminio\" \/>\n<meta name=\"robots\" content=\"index, follow, max-snippet:-1, max-image-preview:large, max-video-preview:-1\" \/>\n<link rel=\"canonical\" href=\"https:\/\/insulation.trocellen.com\/es\/applications\/aislamiento-termico\/trocellen-isocompact-para-aislamiento-de-tuberias\/\" \/>\n<meta property=\"og:locale\" content=\"es_ES\" \/>\n<meta property=\"og:type\" content=\"article\" \/>\n<meta property=\"og:title\" content=\"Isocompact es un aislante t\u00e9rmico para tuber\u00edas\" \/>\n<meta property=\"og:description\" content=\"Isocompact se utiliza en zonas sin calefacci\u00f3n o al exterior por sus propiedades de aislamiento t\u00e9rmico. Instalaci\u00f3n f\u00e1cil; pel\u00edcula metalizada o aluminio\" \/>\n<meta property=\"og:url\" content=\"https:\/\/insulation.trocellen.com\/es\/applications\/aislamiento-termico\/trocellen-isocompact-para-aislamiento-de-tuberias\/\" \/>\n<meta property=\"og:site_name\" content=\"Trocellen Insulation\" \/>\n<meta property=\"article:modified_time\" content=\"2023-07-10T11:07:07+00:00\" \/>\n<meta property=\"og:image\" content=\"https:\/\/insulation.trocellen.com\/wp-content\/uploads\/sites\/6\/2023\/05\/Isocompact-fejlec.jpg\" \/>\n\t<meta property=\"og:image:width\" content=\"1920\" \/>\n\t<meta property=\"og:image:height\" content=\"300\" \/>\n\t<meta property=\"og:image:type\" content=\"image\/jpeg\" \/>\n<meta name=\"twitter:card\" content=\"summary_large_image\" \/>\n<meta name=\"twitter:label1\" content=\"Tiempo de lectura\" \/>\n\t<meta name=\"twitter:data1\" content=\"2 minutos\" \/>\n<script type=\"application\/ld+json\" class=\"yoast-schema-graph\">{\"@context\":\"https:\/\/schema.org\",\"@graph\":[{\"@type\":\"WebPage\",\"@id\":\"https:\/\/insulation.trocellen.com\/es\/applications\/aislamiento-termico\/trocellen-isocompact-para-aislamiento-de-tuberias\/\",\"url\":\"https:\/\/insulation.trocellen.com\/es\/applications\/aislamiento-termico\/trocellen-isocompact-para-aislamiento-de-tuberias\/\",\"name\":\"Isocompact es un aislante t\u00e9rmico para tuber\u00edas\",\"isPartOf\":{\"@id\":\"https:\/\/insulation.trocellen.com\/es\/#website\"},\"primaryImageOfPage\":{\"@id\":\"https:\/\/insulation.trocellen.com\/es\/applications\/aislamiento-termico\/trocellen-isocompact-para-aislamiento-de-tuberias\/#primaryimage\"},\"image\":{\"@id\":\"https:\/\/insulation.trocellen.com\/es\/applications\/aislamiento-termico\/trocellen-isocompact-para-aislamiento-de-tuberias\/#primaryimage\"},\"thumbnailUrl\":\"https:\/\/insulation.trocellen.com\/wp-content\/uploads\/sites\/6\/2023\/05\/Isocompact-fejlec.jpg\",\"datePublished\":\"2015-09-30T07:47:58+00:00\",\"dateModified\":\"2023-07-10T11:07:07+00:00\",\"description\":\"Isocompact se utiliza en zonas sin calefacci\u00f3n o al exterior por sus propiedades de aislamiento t\u00e9rmico. Instalaci\u00f3n f\u00e1cil; pel\u00edcula metalizada o aluminio\",\"breadcrumb\":{\"@id\":\"https:\/\/insulation.trocellen.com\/es\/applications\/aislamiento-termico\/trocellen-isocompact-para-aislamiento-de-tuberias\/#breadcrumb\"},\"inLanguage\":\"es\",\"potentialAction\":[{\"@type\":\"ReadAction\",\"target\":[\"https:\/\/insulation.trocellen.com\/es\/applications\/aislamiento-termico\/trocellen-isocompact-para-aislamiento-de-tuberias\/\"]}]},{\"@type\":\"ImageObject\",\"inLanguage\":\"es\",\"@id\":\"https:\/\/insulation.trocellen.com\/es\/applications\/aislamiento-termico\/trocellen-isocompact-para-aislamiento-de-tuberias\/#primaryimage\",\"url\":\"https:\/\/insulation.trocellen.com\/wp-content\/uploads\/sites\/6\/2023\/05\/Isocompact-fejlec.jpg\",\"contentUrl\":\"https:\/\/insulation.trocellen.com\/wp-content\/uploads\/sites\/6\/2023\/05\/Isocompact-fejlec.jpg\",\"width\":1920,\"height\":300},{\"@type\":\"BreadcrumbList\",\"@id\":\"https:\/\/insulation.trocellen.com\/es\/applications\/aislamiento-termico\/trocellen-isocompact-para-aislamiento-de-tuberias\/#breadcrumb\",\"itemListElement\":[{\"@type\":\"ListItem\",\"position\":1,\"name\":\"Home\",\"item\":\"https:\/\/insulation.trocellen.com\/es\/\"},{\"@type\":\"ListItem\",\"position\":2,\"name\":\"Aplicaciones\",\"item\":\"https:\/\/insulation.trocellen.com\/es\/applications\/\"},{\"@type\":\"ListItem\",\"position\":3,\"name\":\"AISLAMIENTO TERMICO\",\"item\":\"https:\/\/insulation.trocellen.com\/es\/applications\/aislamiento-termico\/\"},{\"@type\":\"ListItem\",\"position\":4,\"name\":\"Trocellen Isocompact para aislamiento de tuber\u00edas\"}]},{\"@type\":\"WebSite\",\"@id\":\"https:\/\/insulation.trocellen.com\/es\/#website\",\"url\":\"https:\/\/insulation.trocellen.com\/es\/\",\"name\":\"Trocellen Insulation\",\"description\":\"\",\"potentialAction\":[{\"@type\":\"SearchAction\",\"target\":{\"@type\":\"EntryPoint\",\"urlTemplate\":\"https:\/\/insulation.trocellen.com\/es\/?s={search_term_string}\"},\"query-input\":{\"@type\":\"PropertyValueSpecification\",\"valueRequired\":true,\"valueName\":\"search_term_string\"}}],\"inLanguage\":\"es\"}]}<\/script>\n<!-- \/ Yoast SEO plugin. -->","yoast_head_json":{"title":"Isocompact es un aislante t\u00e9rmico para tuber\u00edas","description":"Isocompact se utiliza en zonas sin calefacci\u00f3n o al exterior por sus propiedades de aislamiento t\u00e9rmico. Instalaci\u00f3n f\u00e1cil; pel\u00edcula metalizada o aluminio","robots":{"index":"index","follow":"follow","max-snippet":"max-snippet:-1","max-image-preview":"max-image-preview:large","max-video-preview":"max-video-preview:-1"},"canonical":"https:\/\/insulation.trocellen.com\/es\/applications\/aislamiento-termico\/trocellen-isocompact-para-aislamiento-de-tuberias\/","og_locale":"es_ES","og_type":"article","og_title":"Isocompact es un aislante t\u00e9rmico para tuber\u00edas","og_description":"Isocompact se utiliza en zonas sin calefacci\u00f3n o al exterior por sus propiedades de aislamiento t\u00e9rmico. Instalaci\u00f3n f\u00e1cil; pel\u00edcula metalizada o aluminio","og_url":"https:\/\/insulation.trocellen.com\/es\/applications\/aislamiento-termico\/trocellen-isocompact-para-aislamiento-de-tuberias\/","og_site_name":"Trocellen Insulation","article_modified_time":"2023-07-10T11:07:07+00:00","og_image":[{"width":1920,"height":300,"url":"https:\/\/insulation.trocellen.com\/wp-content\/uploads\/sites\/6\/2023\/05\/Isocompact-fejlec.jpg","type":"image\/jpeg"}],"twitter_card":"summary_large_image","twitter_misc":{"Tiempo de lectura":"2 minutos"},"schema":{"@context":"https:\/\/schema.org","@graph":[{"@type":"WebPage","@id":"https:\/\/insulation.trocellen.com\/es\/applications\/aislamiento-termico\/trocellen-isocompact-para-aislamiento-de-tuberias\/","url":"https:\/\/insulation.trocellen.com\/es\/applications\/aislamiento-termico\/trocellen-isocompact-para-aislamiento-de-tuberias\/","name":"Isocompact es un aislante t\u00e9rmico para tuber\u00edas","isPartOf":{"@id":"https:\/\/insulation.trocellen.com\/es\/#website"},"primaryImageOfPage":{"@id":"https:\/\/insulation.trocellen.com\/es\/applications\/aislamiento-termico\/trocellen-isocompact-para-aislamiento-de-tuberias\/#primaryimage"},"image":{"@id":"https:\/\/insulation.trocellen.com\/es\/applications\/aislamiento-termico\/trocellen-isocompact-para-aislamiento-de-tuberias\/#primaryimage"},"thumbnailUrl":"https:\/\/insulation.trocellen.com\/wp-content\/uploads\/sites\/6\/2023\/05\/Isocompact-fejlec.jpg","datePublished":"2015-09-30T07:47:58+00:00","dateModified":"2023-07-10T11:07:07+00:00","description":"Isocompact se utiliza en zonas sin calefacci\u00f3n o al exterior por sus propiedades de aislamiento t\u00e9rmico. Instalaci\u00f3n f\u00e1cil; pel\u00edcula metalizada o aluminio","breadcrumb":{"@id":"https:\/\/insulation.trocellen.com\/es\/applications\/aislamiento-termico\/trocellen-isocompact-para-aislamiento-de-tuberias\/#breadcrumb"},"inLanguage":"es","potentialAction":[{"@type":"ReadAction","target":["https:\/\/insulation.trocellen.com\/es\/applications\/aislamiento-termico\/trocellen-isocompact-para-aislamiento-de-tuberias\/"]}]},{"@type":"ImageObject","inLanguage":"es","@id":"https:\/\/insulation.trocellen.com\/es\/applications\/aislamiento-termico\/trocellen-isocompact-para-aislamiento-de-tuberias\/#primaryimage","url":"https:\/\/insulation.trocellen.com\/wp-content\/uploads\/sites\/6\/2023\/05\/Isocompact-fejlec.jpg","contentUrl":"https:\/\/insulation.trocellen.com\/wp-content\/uploads\/sites\/6\/2023\/05\/Isocompact-fejlec.jpg","width":1920,"height":300},{"@type":"BreadcrumbList","@id":"https:\/\/insulation.trocellen.com\/es\/applications\/aislamiento-termico\/trocellen-isocompact-para-aislamiento-de-tuberias\/#breadcrumb","itemListElement":[{"@type":"ListItem","position":1,"name":"Home","item":"https:\/\/insulation.trocellen.com\/es\/"},{"@type":"ListItem","position":2,"name":"Aplicaciones","item":"https:\/\/insulation.trocellen.com\/es\/applications\/"},{"@type":"ListItem","position":3,"name":"AISLAMIENTO TERMICO","item":"https:\/\/insulation.trocellen.com\/es\/applications\/aislamiento-termico\/"},{"@type":"ListItem","position":4,"name":"Trocellen Isocompact para aislamiento de tuber\u00edas"}]},{"@type":"WebSite","@id":"https:\/\/insulation.trocellen.com\/es\/#website","url":"https:\/\/insulation.trocellen.com\/es\/","name":"Trocellen Insulation","description":"","potentialAction":[{"@type":"SearchAction","target":{"@type":"EntryPoint","urlTemplate":"https:\/\/insulation.trocellen.com\/es\/?s={search_term_string}"},"query-input":{"@type":"PropertyValueSpecification","valueRequired":true,"valueName":"search_term_string"}}],"inLanguage":"es"}]}},"_links":{"self":[{"href":"https:\/\/insulation.trocellen.com\/es\/wp-json\/wp\/v2\/pages\/4327","targetHints":{"allow":["GET"]}}],"collection":[{"href":"https:\/\/insulation.trocellen.com\/es\/wp-json\/wp\/v2\/pages"}],"about":[{"href":"https:\/\/insulation.trocellen.com\/es\/wp-json\/wp\/v2\/types\/page"}],"author":[{"embeddable":true,"href":"https:\/\/insulation.trocellen.com\/es\/wp-json\/wp\/v2\/users\/1"}],"replies":[{"embeddable":true,"href":"https:\/\/insulation.trocellen.com\/es\/wp-json\/wp\/v2\/comments?post=4327"}],"version-history":[{"count":2,"href":"https:\/\/insulation.trocellen.com\/es\/wp-json\/wp\/v2\/pages\/4327\/revisions"}],"predecessor-version":[{"id":9774,"href":"https:\/\/insulation.trocellen.com\/es\/wp-json\/wp\/v2\/pages\/4327\/revisions\/9774"}],"up":[{"embeddable":true,"href":"https:\/\/insulation.trocellen.com\/es\/wp-json\/wp\/v2\/pages\/4297"}],"wp:featuredmedia":[{"embeddable":true,"href":"https:\/\/insulation.trocellen.com\/es\/wp-json\/wp\/v2\/media\/8818"}],"wp:attachment":[{"href":"https:\/\/insulation.trocellen.com\/es\/wp-json\/wp\/v2\/media?parent=4327"}],"curies":[{"name":"wp","href":"https:\/\/api.w.org\/{rel}","templated":true}]}}