{"id":4321,"date":"2015-09-30T07:45:58","date_gmt":"2015-09-30T07:45:58","guid":{"rendered":"https:\/\/insulation-new.trocellen.com\/trocellen-accessories-seals-tapes-glue\/"},"modified":"2023-07-10T11:05:58","modified_gmt":"2023-07-10T11:05:58","slug":"trocellen-accessories-seals-tapes-glue","status":"publish","type":"page","link":"https:\/\/insulation.trocellen.com\/es\/applications\/aislamiento-termico\/trocellen-accessories-seals-tapes-glue\/","title":{"rendered":"Trocellen accessories &#8211; seals, tapes, glue"},"content":{"rendered":"\n<h2 class=\"wp-block-heading\">F\u00e1cil instalaci\u00f3n<\/h2>\n\n\n\n<p>No s\u00f3lo ofrecemos probablemente los mejores y m\u00e1s duraderos materiales de aislamiento , sino tambi\u00e9n proporcionamos los accesorios necesarios para una f\u00e1cil instalaci\u00f3n que adem\u00e1s es duradera y segura.<\/p>\n\n\n\n<h2 class=\"wp-block-heading has-text-color\" style=\"color:#4ea346\">Matiblock<\/h2>\n\n\n\n<p>Pegamento especial para unir los sellados, rollos y l\u00e1minas Trocellen.<\/p>\n\n\n\n<h3 class=\"wp-block-heading\">Caracter\u00edsticas:<\/h3>\n\n\n\n<ul class=\"wp-block-list\">\n<li>Pegamento basado en pol\u00edmero sint\u00e9tico de acuerdo con: Pres. Dec. N\u00ba 303 del 19 de marzo de 1956<\/li>\n\n\n\n<li>Contiene solventes para grupos 30-41-39-33<\/li>\n\n\n\n<li>Sin benceno ni Xileno<\/li>\n\n\n\n<li>Menos de 5% de Tolueno<\/li>\n<\/ul>\n\n\n\n<h2 class=\"wp-block-heading has-text-color\" style=\"color:#4ea346\">Bandas y cintas adhesivas<\/h2>\n\n\n\n<p>Elaborado para el dise\u00f1o t\u00e9cnico y est\u00e9tico del aislamiento. Se pueden usar para:<\/p>\n\n\n\n<ul class=\"wp-block-list\">\n<li>Partes de tuber\u00eda en las que no es posible aplicar fundas aislantes.<\/li>\n\n\n\n<li>Compuesto entre fundas y l\u00e1minas aislantes que deben ser primero pegados con cola Matiblock<\/li>\n<\/ul>\n\n\n\n<h3 class=\"wp-block-heading\">Gamas de producto:<\/h3>\n\n\n\n<ul class=\"wp-block-list\">\n<li>Trocellen AL strips: Tiras de polietileno cubiertas con pel\u00edcula metalizada.<\/li>\n\n\n\n<li>Trocellen AL\/CL1 strips: Tira de polietileno clase 1 cubiertas con pel\u00edcula metalizada.<\/li>\n\n\n\n<li>Cintas de goma Trocellen: Con goma sint\u00e9tica.<\/li>\n\n\n\n<li>Trocellen Cintas Adhesivas: Usadas para acabados de conjuntos externos.<\/li>\n\n\n\n<li>Cintas adhesivas Trocellen AL\/CL1:<\/li>\n\n\n\n<li>Cintas adhesivas de aluminio<\/li>\n<\/ul>\n\n\n\n<h2 class=\"wp-block-heading has-text-color\" style=\"color:#4ea346\">Juntas Trocellen<\/h2>\n\n\n\n<p>La espuma de polietileno reticulado Trocellen usada para sellar el aislamiento de los conductos de aire, equipos de refrigeraci\u00f3n y dispositivos de aire acondicionado, etc.<\/p>\n\n\n\n<h3 class=\"wp-block-heading\">Dimensiones:<\/h3>\n\n\n\n<ul class=\"wp-block-list\">\n<li>Anch0: 15 mm<\/li>\n\n\n\n<li>Espesor: 3-6 mm<\/li>\n\n\n\n<li>Longitud: 10 m<\/li>\n<\/ul>\n\n\n\n<p>Otras medidas pueden ser producidas a petici\u00f3n, respetando la<br>cantidad m\u00ednima.<\/p>\n\n\n\n<h2 class=\"wp-block-heading has-text-color\" style=\"color:#4ea346\">Juntas Trocellen EPDM<\/h2>\n\n\n\n<ul class=\"wp-block-list\">\n<li>Juntas Trocellen EPDM:<\/li>\n\n\n\n<li>Ancho: 10-20-30-40 mm<\/li>\n\n\n\n<li>Espesor: 3-4-5-10 mm<\/li>\n\n\n\n<li>Longitud: 10 m&nbsp; (3-4 mm de espesor)<\/li>\n\n\n\n<li>4 m (5 mm de espesor)<\/li>\n<\/ul>\n","protected":false},"excerpt":{"rendered":"<p>F\u00e1cil instalaci\u00f3n No s\u00f3lo ofrecemos probablemente los mejores y m\u00e1s duraderos materiales de aislamiento , sino tambi\u00e9n proporcionamos los accesorios necesarios para una f\u00e1cil instalaci\u00f3n que adem\u00e1s es duradera y segura. Matiblock Pegamento especial para unir los sellados, rollos y l\u00e1minas Trocellen. Caracter\u00edsticas: Bandas y cintas adhesivas Elaborado para el dise\u00f1o t\u00e9cnico y est\u00e9tico del [&hellip;]<\/p>\n","protected":false},"author":1,"featured_media":8812,"parent":4297,"menu_order":200,"comment_status":"open","ping_status":"closed","template":"templates\/applications.php","meta":{"_acf_changed":false,"footnotes":""},"class_list":["post-4321","page","type-page","status-publish","has-post-thumbnail","hentry"],"acf":[],"yoast_head":"<!-- This site is optimized with the Yoast SEO plugin v23.5 - https:\/\/yoast.com\/wordpress\/plugins\/seo\/ -->\n<title>Accesorios Trocellen: sellados, cintas, pegamentos<\/title>\n<meta name=\"description\" content=\"No s\u00f3lo ofrecemos materiales aislantes duraderos, sino tambi\u00e9n los accesorios necesarios para una instalaci\u00f3n f\u00e1cil, duradera y segura.\" \/>\n<meta name=\"robots\" content=\"index, follow, max-snippet:-1, max-image-preview:large, max-video-preview:-1\" \/>\n<link rel=\"canonical\" href=\"https:\/\/insulation.trocellen.com\/es\/applications\/aislamiento-termico\/trocellen-accessories-seals-tapes-glue\/\" \/>\n<meta property=\"og:locale\" content=\"es_ES\" \/>\n<meta property=\"og:type\" content=\"article\" \/>\n<meta property=\"og:title\" content=\"Accesorios Trocellen: sellados, cintas, pegamentos\" \/>\n<meta property=\"og:description\" content=\"No s\u00f3lo ofrecemos materiales aislantes duraderos, sino tambi\u00e9n los accesorios necesarios para una instalaci\u00f3n f\u00e1cil, duradera y segura.\" \/>\n<meta property=\"og:url\" content=\"https:\/\/insulation.trocellen.com\/es\/applications\/aislamiento-termico\/trocellen-accessories-seals-tapes-glue\/\" \/>\n<meta property=\"og:site_name\" content=\"Trocellen Insulation\" \/>\n<meta property=\"article:modified_time\" content=\"2023-07-10T11:05:58+00:00\" \/>\n<meta property=\"og:image\" content=\"https:\/\/insulation.trocellen.com\/wp-content\/uploads\/sites\/6\/2023\/05\/accessories-fejlec-feltoltve.jpg\" \/>\n\t<meta property=\"og:image:width\" content=\"1920\" \/>\n\t<meta property=\"og:image:height\" content=\"300\" \/>\n\t<meta property=\"og:image:type\" content=\"image\/jpeg\" \/>\n<meta name=\"twitter:card\" content=\"summary_large_image\" \/>\n<meta name=\"twitter:label1\" content=\"Tiempo de lectura\" \/>\n\t<meta name=\"twitter:data1\" content=\"2 minutos\" \/>\n<script type=\"application\/ld+json\" class=\"yoast-schema-graph\">{\"@context\":\"https:\/\/schema.org\",\"@graph\":[{\"@type\":\"WebPage\",\"@id\":\"https:\/\/insulation.trocellen.com\/es\/applications\/aislamiento-termico\/trocellen-accessories-seals-tapes-glue\/\",\"url\":\"https:\/\/insulation.trocellen.com\/es\/applications\/aislamiento-termico\/trocellen-accessories-seals-tapes-glue\/\",\"name\":\"Accesorios Trocellen: sellados, cintas, pegamentos\",\"isPartOf\":{\"@id\":\"https:\/\/insulation.trocellen.com\/es\/#website\"},\"primaryImageOfPage\":{\"@id\":\"https:\/\/insulation.trocellen.com\/es\/applications\/aislamiento-termico\/trocellen-accessories-seals-tapes-glue\/#primaryimage\"},\"image\":{\"@id\":\"https:\/\/insulation.trocellen.com\/es\/applications\/aislamiento-termico\/trocellen-accessories-seals-tapes-glue\/#primaryimage\"},\"thumbnailUrl\":\"https:\/\/insulation.trocellen.com\/wp-content\/uploads\/sites\/6\/2023\/05\/accessories-fejlec-feltoltve.jpg\",\"datePublished\":\"2015-09-30T07:45:58+00:00\",\"dateModified\":\"2023-07-10T11:05:58+00:00\",\"description\":\"No s\u00f3lo ofrecemos materiales aislantes duraderos, sino tambi\u00e9n los accesorios necesarios para una instalaci\u00f3n f\u00e1cil, duradera y segura.\",\"breadcrumb\":{\"@id\":\"https:\/\/insulation.trocellen.com\/es\/applications\/aislamiento-termico\/trocellen-accessories-seals-tapes-glue\/#breadcrumb\"},\"inLanguage\":\"es\",\"potentialAction\":[{\"@type\":\"ReadAction\",\"target\":[\"https:\/\/insulation.trocellen.com\/es\/applications\/aislamiento-termico\/trocellen-accessories-seals-tapes-glue\/\"]}]},{\"@type\":\"ImageObject\",\"inLanguage\":\"es\",\"@id\":\"https:\/\/insulation.trocellen.com\/es\/applications\/aislamiento-termico\/trocellen-accessories-seals-tapes-glue\/#primaryimage\",\"url\":\"https:\/\/insulation.trocellen.com\/wp-content\/uploads\/sites\/6\/2023\/05\/accessories-fejlec-feltoltve.jpg\",\"contentUrl\":\"https:\/\/insulation.trocellen.com\/wp-content\/uploads\/sites\/6\/2023\/05\/accessories-fejlec-feltoltve.jpg\",\"width\":1920,\"height\":300},{\"@type\":\"BreadcrumbList\",\"@id\":\"https:\/\/insulation.trocellen.com\/es\/applications\/aislamiento-termico\/trocellen-accessories-seals-tapes-glue\/#breadcrumb\",\"itemListElement\":[{\"@type\":\"ListItem\",\"position\":1,\"name\":\"Home\",\"item\":\"https:\/\/insulation.trocellen.com\/es\/\"},{\"@type\":\"ListItem\",\"position\":2,\"name\":\"Aplicaciones\",\"item\":\"https:\/\/insulation.trocellen.com\/es\/applications\/\"},{\"@type\":\"ListItem\",\"position\":3,\"name\":\"AISLAMIENTO TERMICO\",\"item\":\"https:\/\/insulation.trocellen.com\/es\/applications\/aislamiento-termico\/\"},{\"@type\":\"ListItem\",\"position\":4,\"name\":\"Trocellen accessories &#8211; seals, tapes, glue\"}]},{\"@type\":\"WebSite\",\"@id\":\"https:\/\/insulation.trocellen.com\/es\/#website\",\"url\":\"https:\/\/insulation.trocellen.com\/es\/\",\"name\":\"Trocellen Insulation\",\"description\":\"\",\"potentialAction\":[{\"@type\":\"SearchAction\",\"target\":{\"@type\":\"EntryPoint\",\"urlTemplate\":\"https:\/\/insulation.trocellen.com\/es\/?s={search_term_string}\"},\"query-input\":{\"@type\":\"PropertyValueSpecification\",\"valueRequired\":true,\"valueName\":\"search_term_string\"}}],\"inLanguage\":\"es\"}]}<\/script>\n<!-- \/ Yoast SEO plugin. -->","yoast_head_json":{"title":"Accesorios Trocellen: sellados, cintas, pegamentos","description":"No s\u00f3lo ofrecemos materiales aislantes duraderos, sino tambi\u00e9n los accesorios necesarios para una instalaci\u00f3n f\u00e1cil, duradera y segura.","robots":{"index":"index","follow":"follow","max-snippet":"max-snippet:-1","max-image-preview":"max-image-preview:large","max-video-preview":"max-video-preview:-1"},"canonical":"https:\/\/insulation.trocellen.com\/es\/applications\/aislamiento-termico\/trocellen-accessories-seals-tapes-glue\/","og_locale":"es_ES","og_type":"article","og_title":"Accesorios Trocellen: sellados, cintas, pegamentos","og_description":"No s\u00f3lo ofrecemos materiales aislantes duraderos, sino tambi\u00e9n los accesorios necesarios para una instalaci\u00f3n f\u00e1cil, duradera y segura.","og_url":"https:\/\/insulation.trocellen.com\/es\/applications\/aislamiento-termico\/trocellen-accessories-seals-tapes-glue\/","og_site_name":"Trocellen Insulation","article_modified_time":"2023-07-10T11:05:58+00:00","og_image":[{"width":1920,"height":300,"url":"https:\/\/insulation.trocellen.com\/wp-content\/uploads\/sites\/6\/2023\/05\/accessories-fejlec-feltoltve.jpg","type":"image\/jpeg"}],"twitter_card":"summary_large_image","twitter_misc":{"Tiempo de lectura":"2 minutos"},"schema":{"@context":"https:\/\/schema.org","@graph":[{"@type":"WebPage","@id":"https:\/\/insulation.trocellen.com\/es\/applications\/aislamiento-termico\/trocellen-accessories-seals-tapes-glue\/","url":"https:\/\/insulation.trocellen.com\/es\/applications\/aislamiento-termico\/trocellen-accessories-seals-tapes-glue\/","name":"Accesorios Trocellen: sellados, cintas, pegamentos","isPartOf":{"@id":"https:\/\/insulation.trocellen.com\/es\/#website"},"primaryImageOfPage":{"@id":"https:\/\/insulation.trocellen.com\/es\/applications\/aislamiento-termico\/trocellen-accessories-seals-tapes-glue\/#primaryimage"},"image":{"@id":"https:\/\/insulation.trocellen.com\/es\/applications\/aislamiento-termico\/trocellen-accessories-seals-tapes-glue\/#primaryimage"},"thumbnailUrl":"https:\/\/insulation.trocellen.com\/wp-content\/uploads\/sites\/6\/2023\/05\/accessories-fejlec-feltoltve.jpg","datePublished":"2015-09-30T07:45:58+00:00","dateModified":"2023-07-10T11:05:58+00:00","description":"No s\u00f3lo ofrecemos materiales aislantes duraderos, sino tambi\u00e9n los accesorios necesarios para una instalaci\u00f3n f\u00e1cil, duradera y segura.","breadcrumb":{"@id":"https:\/\/insulation.trocellen.com\/es\/applications\/aislamiento-termico\/trocellen-accessories-seals-tapes-glue\/#breadcrumb"},"inLanguage":"es","potentialAction":[{"@type":"ReadAction","target":["https:\/\/insulation.trocellen.com\/es\/applications\/aislamiento-termico\/trocellen-accessories-seals-tapes-glue\/"]}]},{"@type":"ImageObject","inLanguage":"es","@id":"https:\/\/insulation.trocellen.com\/es\/applications\/aislamiento-termico\/trocellen-accessories-seals-tapes-glue\/#primaryimage","url":"https:\/\/insulation.trocellen.com\/wp-content\/uploads\/sites\/6\/2023\/05\/accessories-fejlec-feltoltve.jpg","contentUrl":"https:\/\/insulation.trocellen.com\/wp-content\/uploads\/sites\/6\/2023\/05\/accessories-fejlec-feltoltve.jpg","width":1920,"height":300},{"@type":"BreadcrumbList","@id":"https:\/\/insulation.trocellen.com\/es\/applications\/aislamiento-termico\/trocellen-accessories-seals-tapes-glue\/#breadcrumb","itemListElement":[{"@type":"ListItem","position":1,"name":"Home","item":"https:\/\/insulation.trocellen.com\/es\/"},{"@type":"ListItem","position":2,"name":"Aplicaciones","item":"https:\/\/insulation.trocellen.com\/es\/applications\/"},{"@type":"ListItem","position":3,"name":"AISLAMIENTO TERMICO","item":"https:\/\/insulation.trocellen.com\/es\/applications\/aislamiento-termico\/"},{"@type":"ListItem","position":4,"name":"Trocellen accessories &#8211; seals, tapes, glue"}]},{"@type":"WebSite","@id":"https:\/\/insulation.trocellen.com\/es\/#website","url":"https:\/\/insulation.trocellen.com\/es\/","name":"Trocellen Insulation","description":"","potentialAction":[{"@type":"SearchAction","target":{"@type":"EntryPoint","urlTemplate":"https:\/\/insulation.trocellen.com\/es\/?s={search_term_string}"},"query-input":{"@type":"PropertyValueSpecification","valueRequired":true,"valueName":"search_term_string"}}],"inLanguage":"es"}]}},"_links":{"self":[{"href":"https:\/\/insulation.trocellen.com\/es\/wp-json\/wp\/v2\/pages\/4321","targetHints":{"allow":["GET"]}}],"collection":[{"href":"https:\/\/insulation.trocellen.com\/es\/wp-json\/wp\/v2\/pages"}],"about":[{"href":"https:\/\/insulation.trocellen.com\/es\/wp-json\/wp\/v2\/types\/page"}],"author":[{"embeddable":true,"href":"https:\/\/insulation.trocellen.com\/es\/wp-json\/wp\/v2\/users\/1"}],"replies":[{"embeddable":true,"href":"https:\/\/insulation.trocellen.com\/es\/wp-json\/wp\/v2\/comments?post=4321"}],"version-history":[{"count":3,"href":"https:\/\/insulation.trocellen.com\/es\/wp-json\/wp\/v2\/pages\/4321\/revisions"}],"predecessor-version":[{"id":9772,"href":"https:\/\/insulation.trocellen.com\/es\/wp-json\/wp\/v2\/pages\/4321\/revisions\/9772"}],"up":[{"embeddable":true,"href":"https:\/\/insulation.trocellen.com\/es\/wp-json\/wp\/v2\/pages\/4297"}],"wp:featuredmedia":[{"embeddable":true,"href":"https:\/\/insulation.trocellen.com\/es\/wp-json\/wp\/v2\/media\/8812"}],"wp:attachment":[{"href":"https:\/\/insulation.trocellen.com\/es\/wp-json\/wp\/v2\/media?parent=4321"}],"curies":[{"name":"wp","href":"https:\/\/api.w.org\/{rel}","templated":true}]}}