{"id":4315,"date":"2015-09-30T07:43:00","date_gmt":"2015-09-30T07:43:00","guid":{"rendered":"https:\/\/insulation-new.trocellen.com\/soluciones-oem-2\/"},"modified":"2023-07-10T10:06:48","modified_gmt":"2023-07-10T10:06:48","slug":"soluciones-oem-2","status":"publish","type":"page","link":"https:\/\/insulation.trocellen.com\/es\/applications\/soluciones-oem\/soluciones-oem-2\/","title":{"rendered":"Soluciones OEM"},"content":{"rendered":"<p>Se ofrece una gran gama de productos Trocellen para aplicaciones OEM (Fabricantes de Equipos Originales, por sus siglas en ingl\u00e9s).<\/p>\n<p>Los materiales de aislamiento Trocellen pueden aplicarse f\u00e1cilmente a varias soluciones a trav\u00e9s de procesos que utilizan tecnolog\u00edas locales para clientes OEM.<\/p>\n<p>Nuestros materiales ofrecen un rendimiento muy alto en t\u00e9rminos de durabilidad y aislamiento t\u00e9rmico constante as\u00ed como estabilidad mec\u00e1nica.<\/p>\n<h2>Aplicaciones principales<\/h2>\n<ul>\n<li>T\u00e9rmica y anticondensaciones en m\u00e1quinas<\/li>\n<li>aislamiento ac\u00fastico<\/li>\n<li>reducci\u00f3n de golpes y vibraciones<\/li>\n<li>Uso de propiedades mec\u00e1nicas<\/li>\n<\/ul>\n<h2>Beneficios generales al usar los productos Trocellen<\/h2>\n<ul>\n<li>Se pueden satisfacer las expectativas particulares de los clientes<\/li>\n<li>Soluciones a medida<\/li>\n<li>Ahorro y reducci\u00f3n de tiempo de instalaci\u00f3n<\/li>\n<li>F\u00e1cil de manejar y<\/li>\n<li>Se pueden usar tecnolog\u00edas simples de transformaci\u00f3n<\/li>\n<li>F\u00e1cil de instalar<\/li>\n<li>Larga duraci\u00f3n<\/li>\n<li>\u00d3ptima relaci\u00f3n calidad\/precio<\/li>\n<\/ul>\n<h2>Material<\/h2>\n<ul>\n<li>Material: Espumas de polietileno qu\u00edmicamente reticuladas<\/li>\n<li>Estructura celular cerrada<\/li>\n<li>Tipos: desde blando a r\u00edgido<\/li>\n<li>Densidad: 30 \u2013 180 kg\/m\u00b3<\/li>\n<li>Espesor: desde 3 hasta 60 mm<\/li>\n<li>En rollos o en planchas<\/li>\n<li>Diferentes colores<\/li>\n<li>Distintos y diferentes tipos de materiales laminados<\/li>\n<li>Sin o con adhesivo<\/li>\n<\/ul>\n<h2>Propiedades<\/h2>\n<ul>\n<li>Seguro \u2013 no t\u00f3xico, no al\u00e9rgeno, resistente al moho y reciclable<\/li>\n<li>Material inodoro: sin olores, sin empa\u00f1amiento<\/li>\n<li>Rendimiento t\u00e9rmico y ac\u00fastico constante y duradero<\/li>\n<li>Puede usarse en condiciones de temperatura extremadamente bajas<\/li>\n<li>Alto aislamiento t\u00e9rmico<\/li>\n<li>Impermeable<\/li>\n<li>Resistencia mec\u00e1nica \u2013 alta resistencia al desgarro y rotura<\/li>\n<li>Ligero<\/li>\n<li>Sin CFC<\/li>\n<li>Trocellen comprob\u00f3 que despu\u00e9s de 23 a\u00f1os, exist\u00eda el mismo valor de aislamiento t\u00e9rmico.<\/li>\n<li>Datos de la prueba disponibles bajo petici\u00f3n.<\/li>\n<li>Estructura estable con rendimiento de larga duraci\u00f3n.<\/li>\n<li>F\u00e1cil de limpiar<\/li>\n<\/ul>\n","protected":false},"excerpt":{"rendered":"<p>Se ofrece una gran gama de productos Trocellen para aplicaciones OEM (Fabricantes de Equipos Originales, por sus siglas en ingl\u00e9s). Los materiales de aislamiento Trocellen pueden aplicarse f\u00e1cilmente a varias soluciones a trav\u00e9s de procesos que utilizan tecnolog\u00edas locales para clientes OEM. Nuestros materiales ofrecen un rendimiento muy alto en t\u00e9rminos de durabilidad y aislamiento [&hellip;]<\/p>\n","protected":false},"author":1,"featured_media":8910,"parent":4291,"menu_order":100,"comment_status":"open","ping_status":"closed","template":"templates\/applications.php","meta":{"_acf_changed":false,"footnotes":""},"class_list":["post-4315","page","type-page","status-publish","has-post-thumbnail","hentry"],"acf":[],"yoast_head":"<!-- This site is optimized with the Yoast SEO plugin v23.5 - https:\/\/yoast.com\/wordpress\/plugins\/seo\/ -->\n<title>Muchos productos Trocellen se ofrecen para aplicaciones OEM.<\/title>\n<meta name=\"description\" content=\"Las soluciones OEM de Trocellen ofrecen un alto rendimiento en t\u00e9rminos de durabilidad y aislamiento t\u00e9rmico constante, as\u00ed como de estabilidad mec\u00e1nica.\" \/>\n<meta name=\"robots\" content=\"index, follow, max-snippet:-1, max-image-preview:large, max-video-preview:-1\" \/>\n<link rel=\"canonical\" href=\"https:\/\/insulation.trocellen.com\/es\/applications\/soluciones-oem\/soluciones-oem-2\/\" \/>\n<meta property=\"og:locale\" content=\"es_ES\" \/>\n<meta property=\"og:type\" content=\"article\" \/>\n<meta property=\"og:title\" content=\"Muchos productos Trocellen se ofrecen para aplicaciones OEM.\" \/>\n<meta property=\"og:description\" content=\"Las soluciones OEM de Trocellen ofrecen un alto rendimiento en t\u00e9rminos de durabilidad y aislamiento t\u00e9rmico constante, as\u00ed como de estabilidad mec\u00e1nica.\" \/>\n<meta property=\"og:url\" content=\"https:\/\/insulation.trocellen.com\/es\/applications\/soluciones-oem\/soluciones-oem-2\/\" \/>\n<meta property=\"og:site_name\" content=\"Trocellen Insulation\" \/>\n<meta property=\"article:modified_time\" content=\"2023-07-10T10:06:48+00:00\" \/>\n<meta property=\"og:image\" content=\"https:\/\/insulation.trocellen.com\/wp-content\/uploads\/sites\/6\/2023\/05\/OEM-fejlec1.jpg\" \/>\n\t<meta property=\"og:image:width\" content=\"1920\" \/>\n\t<meta property=\"og:image:height\" content=\"300\" \/>\n\t<meta property=\"og:image:type\" content=\"image\/jpeg\" \/>\n<meta name=\"twitter:card\" content=\"summary_large_image\" \/>\n<meta name=\"twitter:label1\" content=\"Tiempo de lectura\" \/>\n\t<meta name=\"twitter:data1\" content=\"2 minutos\" \/>\n<script type=\"application\/ld+json\" class=\"yoast-schema-graph\">{\"@context\":\"https:\/\/schema.org\",\"@graph\":[{\"@type\":\"WebPage\",\"@id\":\"https:\/\/insulation.trocellen.com\/es\/applications\/soluciones-oem\/soluciones-oem-2\/\",\"url\":\"https:\/\/insulation.trocellen.com\/es\/applications\/soluciones-oem\/soluciones-oem-2\/\",\"name\":\"Muchos productos Trocellen se ofrecen para aplicaciones OEM.\",\"isPartOf\":{\"@id\":\"https:\/\/insulation.trocellen.com\/es\/#website\"},\"primaryImageOfPage\":{\"@id\":\"https:\/\/insulation.trocellen.com\/es\/applications\/soluciones-oem\/soluciones-oem-2\/#primaryimage\"},\"image\":{\"@id\":\"https:\/\/insulation.trocellen.com\/es\/applications\/soluciones-oem\/soluciones-oem-2\/#primaryimage\"},\"thumbnailUrl\":\"https:\/\/insulation.trocellen.com\/wp-content\/uploads\/sites\/6\/2023\/05\/OEM-fejlec1.jpg\",\"datePublished\":\"2015-09-30T07:43:00+00:00\",\"dateModified\":\"2023-07-10T10:06:48+00:00\",\"description\":\"Las soluciones OEM de Trocellen ofrecen un alto rendimiento en t\u00e9rminos de durabilidad y aislamiento t\u00e9rmico constante, as\u00ed como de estabilidad mec\u00e1nica.\",\"breadcrumb\":{\"@id\":\"https:\/\/insulation.trocellen.com\/es\/applications\/soluciones-oem\/soluciones-oem-2\/#breadcrumb\"},\"inLanguage\":\"es\",\"potentialAction\":[{\"@type\":\"ReadAction\",\"target\":[\"https:\/\/insulation.trocellen.com\/es\/applications\/soluciones-oem\/soluciones-oem-2\/\"]}]},{\"@type\":\"ImageObject\",\"inLanguage\":\"es\",\"@id\":\"https:\/\/insulation.trocellen.com\/es\/applications\/soluciones-oem\/soluciones-oem-2\/#primaryimage\",\"url\":\"https:\/\/insulation.trocellen.com\/wp-content\/uploads\/sites\/6\/2023\/05\/OEM-fejlec1.jpg\",\"contentUrl\":\"https:\/\/insulation.trocellen.com\/wp-content\/uploads\/sites\/6\/2023\/05\/OEM-fejlec1.jpg\",\"width\":1920,\"height\":300},{\"@type\":\"BreadcrumbList\",\"@id\":\"https:\/\/insulation.trocellen.com\/es\/applications\/soluciones-oem\/soluciones-oem-2\/#breadcrumb\",\"itemListElement\":[{\"@type\":\"ListItem\",\"position\":1,\"name\":\"Home\",\"item\":\"https:\/\/insulation.trocellen.com\/es\/\"},{\"@type\":\"ListItem\",\"position\":2,\"name\":\"Aplicaciones\",\"item\":\"https:\/\/insulation.trocellen.com\/es\/applications\/\"},{\"@type\":\"ListItem\",\"position\":3,\"name\":\"Soluciones OEM\",\"item\":\"https:\/\/insulation.trocellen.com\/es\/applications\/soluciones-oem\/\"},{\"@type\":\"ListItem\",\"position\":4,\"name\":\"Soluciones OEM\"}]},{\"@type\":\"WebSite\",\"@id\":\"https:\/\/insulation.trocellen.com\/es\/#website\",\"url\":\"https:\/\/insulation.trocellen.com\/es\/\",\"name\":\"Trocellen Insulation\",\"description\":\"\",\"potentialAction\":[{\"@type\":\"SearchAction\",\"target\":{\"@type\":\"EntryPoint\",\"urlTemplate\":\"https:\/\/insulation.trocellen.com\/es\/?s={search_term_string}\"},\"query-input\":{\"@type\":\"PropertyValueSpecification\",\"valueRequired\":true,\"valueName\":\"search_term_string\"}}],\"inLanguage\":\"es\"}]}<\/script>\n<!-- \/ Yoast SEO plugin. -->","yoast_head_json":{"title":"Muchos productos Trocellen se ofrecen para aplicaciones OEM.","description":"Las soluciones OEM de Trocellen ofrecen un alto rendimiento en t\u00e9rminos de durabilidad y aislamiento t\u00e9rmico constante, as\u00ed como de estabilidad mec\u00e1nica.","robots":{"index":"index","follow":"follow","max-snippet":"max-snippet:-1","max-image-preview":"max-image-preview:large","max-video-preview":"max-video-preview:-1"},"canonical":"https:\/\/insulation.trocellen.com\/es\/applications\/soluciones-oem\/soluciones-oem-2\/","og_locale":"es_ES","og_type":"article","og_title":"Muchos productos Trocellen se ofrecen para aplicaciones OEM.","og_description":"Las soluciones OEM de Trocellen ofrecen un alto rendimiento en t\u00e9rminos de durabilidad y aislamiento t\u00e9rmico constante, as\u00ed como de estabilidad mec\u00e1nica.","og_url":"https:\/\/insulation.trocellen.com\/es\/applications\/soluciones-oem\/soluciones-oem-2\/","og_site_name":"Trocellen Insulation","article_modified_time":"2023-07-10T10:06:48+00:00","og_image":[{"width":1920,"height":300,"url":"https:\/\/insulation.trocellen.com\/wp-content\/uploads\/sites\/6\/2023\/05\/OEM-fejlec1.jpg","type":"image\/jpeg"}],"twitter_card":"summary_large_image","twitter_misc":{"Tiempo de lectura":"2 minutos"},"schema":{"@context":"https:\/\/schema.org","@graph":[{"@type":"WebPage","@id":"https:\/\/insulation.trocellen.com\/es\/applications\/soluciones-oem\/soluciones-oem-2\/","url":"https:\/\/insulation.trocellen.com\/es\/applications\/soluciones-oem\/soluciones-oem-2\/","name":"Muchos productos Trocellen se ofrecen para aplicaciones OEM.","isPartOf":{"@id":"https:\/\/insulation.trocellen.com\/es\/#website"},"primaryImageOfPage":{"@id":"https:\/\/insulation.trocellen.com\/es\/applications\/soluciones-oem\/soluciones-oem-2\/#primaryimage"},"image":{"@id":"https:\/\/insulation.trocellen.com\/es\/applications\/soluciones-oem\/soluciones-oem-2\/#primaryimage"},"thumbnailUrl":"https:\/\/insulation.trocellen.com\/wp-content\/uploads\/sites\/6\/2023\/05\/OEM-fejlec1.jpg","datePublished":"2015-09-30T07:43:00+00:00","dateModified":"2023-07-10T10:06:48+00:00","description":"Las soluciones OEM de Trocellen ofrecen un alto rendimiento en t\u00e9rminos de durabilidad y aislamiento t\u00e9rmico constante, as\u00ed como de estabilidad mec\u00e1nica.","breadcrumb":{"@id":"https:\/\/insulation.trocellen.com\/es\/applications\/soluciones-oem\/soluciones-oem-2\/#breadcrumb"},"inLanguage":"es","potentialAction":[{"@type":"ReadAction","target":["https:\/\/insulation.trocellen.com\/es\/applications\/soluciones-oem\/soluciones-oem-2\/"]}]},{"@type":"ImageObject","inLanguage":"es","@id":"https:\/\/insulation.trocellen.com\/es\/applications\/soluciones-oem\/soluciones-oem-2\/#primaryimage","url":"https:\/\/insulation.trocellen.com\/wp-content\/uploads\/sites\/6\/2023\/05\/OEM-fejlec1.jpg","contentUrl":"https:\/\/insulation.trocellen.com\/wp-content\/uploads\/sites\/6\/2023\/05\/OEM-fejlec1.jpg","width":1920,"height":300},{"@type":"BreadcrumbList","@id":"https:\/\/insulation.trocellen.com\/es\/applications\/soluciones-oem\/soluciones-oem-2\/#breadcrumb","itemListElement":[{"@type":"ListItem","position":1,"name":"Home","item":"https:\/\/insulation.trocellen.com\/es\/"},{"@type":"ListItem","position":2,"name":"Aplicaciones","item":"https:\/\/insulation.trocellen.com\/es\/applications\/"},{"@type":"ListItem","position":3,"name":"Soluciones OEM","item":"https:\/\/insulation.trocellen.com\/es\/applications\/soluciones-oem\/"},{"@type":"ListItem","position":4,"name":"Soluciones OEM"}]},{"@type":"WebSite","@id":"https:\/\/insulation.trocellen.com\/es\/#website","url":"https:\/\/insulation.trocellen.com\/es\/","name":"Trocellen Insulation","description":"","potentialAction":[{"@type":"SearchAction","target":{"@type":"EntryPoint","urlTemplate":"https:\/\/insulation.trocellen.com\/es\/?s={search_term_string}"},"query-input":{"@type":"PropertyValueSpecification","valueRequired":true,"valueName":"search_term_string"}}],"inLanguage":"es"}]}},"_links":{"self":[{"href":"https:\/\/insulation.trocellen.com\/es\/wp-json\/wp\/v2\/pages\/4315","targetHints":{"allow":["GET"]}}],"collection":[{"href":"https:\/\/insulation.trocellen.com\/es\/wp-json\/wp\/v2\/pages"}],"about":[{"href":"https:\/\/insulation.trocellen.com\/es\/wp-json\/wp\/v2\/types\/page"}],"author":[{"embeddable":true,"href":"https:\/\/insulation.trocellen.com\/es\/wp-json\/wp\/v2\/users\/1"}],"replies":[{"embeddable":true,"href":"https:\/\/insulation.trocellen.com\/es\/wp-json\/wp\/v2\/comments?post=4315"}],"version-history":[{"count":1,"href":"https:\/\/insulation.trocellen.com\/es\/wp-json\/wp\/v2\/pages\/4315\/revisions"}],"predecessor-version":[{"id":9761,"href":"https:\/\/insulation.trocellen.com\/es\/wp-json\/wp\/v2\/pages\/4315\/revisions\/9761"}],"up":[{"embeddable":true,"href":"https:\/\/insulation.trocellen.com\/es\/wp-json\/wp\/v2\/pages\/4291"}],"wp:featuredmedia":[{"embeddable":true,"href":"https:\/\/insulation.trocellen.com\/es\/wp-json\/wp\/v2\/media\/8910"}],"wp:attachment":[{"href":"https:\/\/insulation.trocellen.com\/es\/wp-json\/wp\/v2\/media?parent=4315"}],"curies":[{"name":"wp","href":"https:\/\/api.w.org\/{rel}","templated":true}]}}