{"id":4309,"date":"2015-09-30T07:41:21","date_gmt":"2015-09-30T07:41:21","guid":{"rendered":"https:\/\/insulation-new.trocellen.com\/aislamiento-de-conductos-de-aire-acondicionado\/"},"modified":"2026-04-07T09:01:12","modified_gmt":"2026-04-07T09:01:12","slug":"aislamiento-de-conductos-de-aire-acondicionado","status":"publish","type":"page","link":"https:\/\/insulation.trocellen.com\/es\/applications\/hvac-insulation\/aislamiento-de-conductos-de-aire-acondicionado\/","title":{"rendered":"AISLAMIENTO DE CONDUCTOS DE AIRE ACONDICIONADO"},"content":{"rendered":"<h2>TROCELLEN DUCT \u00a0= Aislamiento Eficiente de Conductos de Aire<\/h2>\n<p>Espuma de polietileno qu\u00edmicamente reticulado, de estructura celular cerrada, con eficacia duradera de su aislamiento t\u00e9rmico conforme a los reglamentos de protecci\u00f3n\u00a0 al fuego y de ahorro energ\u00e9tico con prestaciones mejoradas.<\/p>\n<p><a href=\"https:\/\/insulation.trocellen.com\/wp-content\/uploads\/sites\/6\/2015\/09\/trocellen_class.jpg\" rel=\"attachment wp-att-1344\"><img loading=\"lazy\" decoding=\"async\" class=\"size-full wp-image-1344 alignright\" src=\"https:\/\/insulation.trocellen.com\/wp-content\/uploads\/sites\/6\/2015\/09\/trocellen_class.jpg\" alt=\"OLYMPUS DIGITAL CAMERA\" width=\"320\" height=\"443\" \/><\/a><\/p>\n<p>Usado para aislamiento ac\u00fastico y t\u00e9rmico de conductos de aire climatizado; disminuye las p\u00e9rdidas t\u00e9rmicas y su estructura celular cerrada previene los efectos de condensaciones.<\/p>\n<h2>Ventajas:<\/h2>\n<ul>\n<li>Aislamiento t\u00e9rmico eficiente, valor de l = 0,035W\/m\u00baK<\/li>\n<li>Buena capacidad como barrera contra la humedad<\/li>\n<li>Aplicado en interior de conductos<\/li>\n<li>Clasificaci\u00f3n de reacci\u00f3n al al fuego <strong>B s1 d0<\/strong> de acuerdo a Euroclases EN 13501-1 (espesores de 3 a 10mm)<\/li>\n<li>Libre de cloro \u2013 sin posibilidad de corrosi\u00f3n por contacto<\/li>\n<li>Libre de folmaldehido<\/li>\n<li>Seguro \u2013 no t\u00f3xico, no al\u00e9rgeno, resistente a hongos, reutilizable<\/li>\n<li>Rango de espesor, 3 a 10mm con clasificaci\u00f3n fuego <strong>B s1 d0<\/strong><\/li>\n<\/ul>\n<h3>Propiedades<\/h3>\n<table class=\"green-table\" border=\"0\">\n<thead>\n<tr>\n<th class=\"green-table-first-cell\" scope=\"col\"><\/th>\n<th><strong>Norma<\/strong><\/th>\n<th><strong>Unidad<\/strong><\/th>\n<th><strong>TROCELLEN DUCT<\/strong><\/th>\n<\/tr>\n<\/thead>\n<tbody>\n<tr>\n<th style=\"text-align: center\"><strong>Espesor<\/strong><\/th>\n<td style=\"text-align: center\">EN ISO 1923<\/td>\n<td style=\"text-align: center\">mm<\/td>\n<td style=\"text-align: center\">3-10<\/td>\n<\/tr>\n<tr>\n<th style=\"text-align: center\"><strong>Densidad<\/strong><\/th>\n<td style=\"text-align: center\">EN ISO 845<\/td>\n<td style=\"text-align: center\">Kg\/m<sup>3<\/sup><\/td>\n<td style=\"text-align: center\">25<\/td>\n<\/tr>\n<tr>\n<th style=\"text-align: center\"><strong>Conductividad t\u00e9rmica a 10\u00b0C (\u03bb)<\/strong><\/th>\n<td style=\"text-align: center\">EN 12667<\/td>\n<td style=\"text-align: center\">W\/m\u00baK<\/td>\n<td style=\"text-align: center\">0,035<\/td>\n<\/tr>\n<tr>\n<th style=\"text-align: center\"><strong>Resistencia a Compresi\u00f3n al 25%<\/strong><\/th>\n<td style=\"text-align: center\">EN ISO 3386\/1<\/td>\n<td style=\"text-align: center\">KPa<\/td>\n<td style=\"text-align: center\">32<\/td>\n<\/tr>\n<tr>\n<th style=\"text-align: center\"><strong>Clasificaci\u00f3n de reacci\u00f3n al fuego<\/strong><\/th>\n<td style=\"text-align: center\">EN 13501-1<\/td>\n<td style=\"text-align: center\">&#8211;<\/td>\n<td style=\"text-align: center\">B s1 d0<\/td>\n<\/tr>\n<\/tbody>\n<\/table>\n<h2>Class BIO<\/h2>\n<p class=\"p1\">Trocellen Insulation ampl\u00eda su gama de productos CLASS \u2013 CLASS Adhesive, CLASS Alu Adhesive y CLASS Alu.s Adhesive \u2013 con nuevas soluciones de base biol\u00f3gica, desarrolladas para cumplir con los crecientes requisitos de sostenibilidad del sector HVAC, manteniendo al mismo tiempo los mismos altos est\u00e1ndares de calidad, seguridad y rendimiento.<\/p>\n<h2>Tipologias:<\/h2>\n<h2>Trocellen Class\/Class Bio autoadhesiva<\/h2>\n<p class=\"p1\">Espuma XLPE con marcado CE, autoadhesiva (Euroclass B-s2,d0; 3-12 mm)<\/p>\n<ul class=\"ul1\">\n<li class=\"li2\">Euroclass B-s2,d0 \u2013 BL-s1,d0 espesores von 3-12 mm<\/li>\n<li class=\"li2\">EN 14313<\/li>\n<\/ul>\n<h2>Trocellen Class ALU\/ALU Bio autoadhesiva<\/h2>\n<p class=\"p1\">Clase de protecci\u00f3n contra incendios Euroclass B-s2,d0 con baja emisi\u00f3n de humos hasta 14 mm<\/p>\n<p class=\"p1\">Polietileno qu\u00edmicamente reticulado, de celda cerrada, de color verde, laminado con pel\u00edcula ALU<\/p>\n<ul class=\"ul1\">\n<li class=\"li2\">\u03bc = 15.000<\/li>\n<li class=\"li2\">Euroclass C-s2,d0 \u2013 BL-s1,d0<\/li>\n<li class=\"li2\">Espesores: 3-24 mm<\/li>\n<li class=\"li2\">EN 14313<\/li>\n<\/ul>\n<h2>Trocellen Class ALU.S\/ALU.S Bio autoadhesiva<\/h2>\n<p class=\"p1\">Clase de protecci\u00f3n contra incendios Euroclass B-s2,d0 con baja emisi\u00f3n de humos hasta 16 mm y con un rendimiento superior<\/p>\n<p class=\"p1\">Polietileno qu\u00edmicamente reticulado, de celda cerrada, de color verde, laminado con pel\u00edcula ALU mejorada<\/p>\n<ul class=\"ul1\">\n<li class=\"li2\">resistente al clima<\/li>\n<li class=\"li2\">tambi\u00e9n se puede utilizar al aire libre<\/li>\n<li class=\"li2\">\u00b5 = 15.000<\/li>\n<li class=\"li2\">Euroclass B-s2,d0 \u2013 BL-s1,d0<\/li>\n<li class=\"li2\">rango de espesor: 3-16 mm<\/li>\n<li class=\"li2\">ES 14313<\/li>\n<\/ul>\n<h2>Trocellen Class G-PRO autoadhesiva<\/h2>\n<p class=\"p1\">La mejor clase de protecci\u00f3n contra incendios Euroclass B-s1,d0 con la m\u00e1s baja emisi\u00f3n de humos, incluso en caso de espesores mayores (hasta 40 mm)<\/p>\n<p class=\"p1\">Polietileno qu\u00edmicamente reticulado, de celda cerrada, de color gris plateado, revestido con tecnolog\u00eda G-PRO<\/p>\n<ul class=\"ul1\">\n<li class=\"li2\">\u03bc &gt; 12.500<\/li>\n<li class=\"li2\">Euroclass B-s1, d0 \u2013 BL-s1, d0 espesores 3-40 mm<\/li>\n<li class=\"li2\">EN 14313<\/li>\n<\/ul>\n","protected":false},"excerpt":{"rendered":"<p>TROCELLEN DUCT \u00a0= Aislamiento Eficiente de Conductos de Aire Espuma de polietileno qu\u00edmicamente reticulado, de estructura celular cerrada, con eficacia duradera de su aislamiento t\u00e9rmico conforme a los reglamentos de protecci\u00f3n\u00a0 al fuego y de ahorro energ\u00e9tico con prestaciones mejoradas. Usado para aislamiento ac\u00fastico y t\u00e9rmico de conductos de aire climatizado; disminuye las p\u00e9rdidas t\u00e9rmicas [&hellip;]<\/p>\n","protected":false},"author":1,"featured_media":8799,"parent":4285,"menu_order":0,"comment_status":"open","ping_status":"closed","template":"templates\/applications.php","meta":{"_acf_changed":false,"footnotes":""},"class_list":["post-4309","page","type-page","status-publish","has-post-thumbnail","hentry"],"acf":[],"yoast_head":"<!-- This site is optimized with the Yoast SEO plugin v23.5 - https:\/\/yoast.com\/wordpress\/plugins\/seo\/ -->\n<title>Trocellen Class = Aislamiento eficiente de conductos de aire<\/title>\n<meta name=\"description\" content=\"Trocellen Class es el aislamiento de PE certificado, ign\u00edfugo y eficaz; fabricado con espuma de polietileno de c\u00e9lula cerrada reticulada qu\u00edmicamente.\" \/>\n<meta name=\"robots\" content=\"index, follow, max-snippet:-1, max-image-preview:large, max-video-preview:-1\" \/>\n<link rel=\"canonical\" href=\"https:\/\/insulation.trocellen.com\/es\/applications\/hvac-insulation\/aislamiento-de-conductos-de-aire-acondicionado\/\" \/>\n<meta property=\"og:locale\" content=\"es_ES\" \/>\n<meta property=\"og:type\" content=\"article\" \/>\n<meta property=\"og:title\" content=\"Trocellen Class = Aislamiento eficiente de conductos de aire\" \/>\n<meta property=\"og:description\" content=\"Trocellen Class es el aislamiento de PE certificado, ign\u00edfugo y eficaz; fabricado con espuma de polietileno de c\u00e9lula cerrada reticulada qu\u00edmicamente.\" \/>\n<meta property=\"og:url\" content=\"https:\/\/insulation.trocellen.com\/es\/applications\/hvac-insulation\/aislamiento-de-conductos-de-aire-acondicionado\/\" \/>\n<meta property=\"og:site_name\" content=\"Trocellen Insulation\" \/>\n<meta property=\"article:modified_time\" content=\"2026-04-07T09:01:12+00:00\" \/>\n<meta property=\"og:image\" content=\"https:\/\/insulation.trocellen.com\/wp-content\/uploads\/sites\/6\/2023\/05\/TC-Class.jpg\" \/>\n\t<meta property=\"og:image:width\" content=\"1920\" \/>\n\t<meta property=\"og:image:height\" content=\"300\" \/>\n\t<meta property=\"og:image:type\" content=\"image\/jpeg\" \/>\n<meta name=\"twitter:card\" content=\"summary_large_image\" \/>\n<meta name=\"twitter:label1\" content=\"Tiempo de lectura\" \/>\n\t<meta name=\"twitter:data1\" content=\"3 minutos\" \/>\n<script type=\"application\/ld+json\" class=\"yoast-schema-graph\">{\"@context\":\"https:\/\/schema.org\",\"@graph\":[{\"@type\":\"WebPage\",\"@id\":\"https:\/\/insulation.trocellen.com\/es\/applications\/hvac-insulation\/aislamiento-de-conductos-de-aire-acondicionado\/\",\"url\":\"https:\/\/insulation.trocellen.com\/es\/applications\/hvac-insulation\/aislamiento-de-conductos-de-aire-acondicionado\/\",\"name\":\"Trocellen Class = Aislamiento eficiente de conductos de aire\",\"isPartOf\":{\"@id\":\"https:\/\/insulation.trocellen.com\/es\/#website\"},\"primaryImageOfPage\":{\"@id\":\"https:\/\/insulation.trocellen.com\/es\/applications\/hvac-insulation\/aislamiento-de-conductos-de-aire-acondicionado\/#primaryimage\"},\"image\":{\"@id\":\"https:\/\/insulation.trocellen.com\/es\/applications\/hvac-insulation\/aislamiento-de-conductos-de-aire-acondicionado\/#primaryimage\"},\"thumbnailUrl\":\"https:\/\/insulation.trocellen.com\/wp-content\/uploads\/sites\/6\/2023\/05\/TC-Class.jpg\",\"datePublished\":\"2015-09-30T07:41:21+00:00\",\"dateModified\":\"2026-04-07T09:01:12+00:00\",\"description\":\"Trocellen Class es el aislamiento de PE certificado, ign\u00edfugo y eficaz; fabricado con espuma de polietileno de c\u00e9lula cerrada reticulada qu\u00edmicamente.\",\"breadcrumb\":{\"@id\":\"https:\/\/insulation.trocellen.com\/es\/applications\/hvac-insulation\/aislamiento-de-conductos-de-aire-acondicionado\/#breadcrumb\"},\"inLanguage\":\"es\",\"potentialAction\":[{\"@type\":\"ReadAction\",\"target\":[\"https:\/\/insulation.trocellen.com\/es\/applications\/hvac-insulation\/aislamiento-de-conductos-de-aire-acondicionado\/\"]}]},{\"@type\":\"ImageObject\",\"inLanguage\":\"es\",\"@id\":\"https:\/\/insulation.trocellen.com\/es\/applications\/hvac-insulation\/aislamiento-de-conductos-de-aire-acondicionado\/#primaryimage\",\"url\":\"https:\/\/insulation.trocellen.com\/wp-content\/uploads\/sites\/6\/2023\/05\/TC-Class.jpg\",\"contentUrl\":\"https:\/\/insulation.trocellen.com\/wp-content\/uploads\/sites\/6\/2023\/05\/TC-Class.jpg\",\"width\":1920,\"height\":300},{\"@type\":\"BreadcrumbList\",\"@id\":\"https:\/\/insulation.trocellen.com\/es\/applications\/hvac-insulation\/aislamiento-de-conductos-de-aire-acondicionado\/#breadcrumb\",\"itemListElement\":[{\"@type\":\"ListItem\",\"position\":1,\"name\":\"Home\",\"item\":\"https:\/\/insulation.trocellen.com\/es\/\"},{\"@type\":\"ListItem\",\"position\":2,\"name\":\"Aplicaciones\",\"item\":\"https:\/\/insulation.trocellen.com\/es\/applications\/\"},{\"@type\":\"ListItem\",\"position\":3,\"name\":\"HVAC insulation\",\"item\":\"https:\/\/insulation.trocellen.com\/es\/applications\/hvac-insulation\/\"},{\"@type\":\"ListItem\",\"position\":4,\"name\":\"AISLAMIENTO DE CONDUCTOS DE AIRE ACONDICIONADO\"}]},{\"@type\":\"WebSite\",\"@id\":\"https:\/\/insulation.trocellen.com\/es\/#website\",\"url\":\"https:\/\/insulation.trocellen.com\/es\/\",\"name\":\"Trocellen Insulation\",\"description\":\"\",\"potentialAction\":[{\"@type\":\"SearchAction\",\"target\":{\"@type\":\"EntryPoint\",\"urlTemplate\":\"https:\/\/insulation.trocellen.com\/es\/?s={search_term_string}\"},\"query-input\":{\"@type\":\"PropertyValueSpecification\",\"valueRequired\":true,\"valueName\":\"search_term_string\"}}],\"inLanguage\":\"es\"}]}<\/script>\n<!-- \/ Yoast SEO plugin. -->","yoast_head_json":{"title":"Trocellen Class = Aislamiento eficiente de conductos de aire","description":"Trocellen Class es el aislamiento de PE certificado, ign\u00edfugo y eficaz; fabricado con espuma de polietileno de c\u00e9lula cerrada reticulada qu\u00edmicamente.","robots":{"index":"index","follow":"follow","max-snippet":"max-snippet:-1","max-image-preview":"max-image-preview:large","max-video-preview":"max-video-preview:-1"},"canonical":"https:\/\/insulation.trocellen.com\/es\/applications\/hvac-insulation\/aislamiento-de-conductos-de-aire-acondicionado\/","og_locale":"es_ES","og_type":"article","og_title":"Trocellen Class = Aislamiento eficiente de conductos de aire","og_description":"Trocellen Class es el aislamiento de PE certificado, ign\u00edfugo y eficaz; fabricado con espuma de polietileno de c\u00e9lula cerrada reticulada qu\u00edmicamente.","og_url":"https:\/\/insulation.trocellen.com\/es\/applications\/hvac-insulation\/aislamiento-de-conductos-de-aire-acondicionado\/","og_site_name":"Trocellen Insulation","article_modified_time":"2026-04-07T09:01:12+00:00","og_image":[{"width":1920,"height":300,"url":"https:\/\/insulation.trocellen.com\/wp-content\/uploads\/sites\/6\/2023\/05\/TC-Class.jpg","type":"image\/jpeg"}],"twitter_card":"summary_large_image","twitter_misc":{"Tiempo de lectura":"3 minutos"},"schema":{"@context":"https:\/\/schema.org","@graph":[{"@type":"WebPage","@id":"https:\/\/insulation.trocellen.com\/es\/applications\/hvac-insulation\/aislamiento-de-conductos-de-aire-acondicionado\/","url":"https:\/\/insulation.trocellen.com\/es\/applications\/hvac-insulation\/aislamiento-de-conductos-de-aire-acondicionado\/","name":"Trocellen Class = Aislamiento eficiente de conductos de aire","isPartOf":{"@id":"https:\/\/insulation.trocellen.com\/es\/#website"},"primaryImageOfPage":{"@id":"https:\/\/insulation.trocellen.com\/es\/applications\/hvac-insulation\/aislamiento-de-conductos-de-aire-acondicionado\/#primaryimage"},"image":{"@id":"https:\/\/insulation.trocellen.com\/es\/applications\/hvac-insulation\/aislamiento-de-conductos-de-aire-acondicionado\/#primaryimage"},"thumbnailUrl":"https:\/\/insulation.trocellen.com\/wp-content\/uploads\/sites\/6\/2023\/05\/TC-Class.jpg","datePublished":"2015-09-30T07:41:21+00:00","dateModified":"2026-04-07T09:01:12+00:00","description":"Trocellen Class es el aislamiento de PE certificado, ign\u00edfugo y eficaz; fabricado con espuma de polietileno de c\u00e9lula cerrada reticulada qu\u00edmicamente.","breadcrumb":{"@id":"https:\/\/insulation.trocellen.com\/es\/applications\/hvac-insulation\/aislamiento-de-conductos-de-aire-acondicionado\/#breadcrumb"},"inLanguage":"es","potentialAction":[{"@type":"ReadAction","target":["https:\/\/insulation.trocellen.com\/es\/applications\/hvac-insulation\/aislamiento-de-conductos-de-aire-acondicionado\/"]}]},{"@type":"ImageObject","inLanguage":"es","@id":"https:\/\/insulation.trocellen.com\/es\/applications\/hvac-insulation\/aislamiento-de-conductos-de-aire-acondicionado\/#primaryimage","url":"https:\/\/insulation.trocellen.com\/wp-content\/uploads\/sites\/6\/2023\/05\/TC-Class.jpg","contentUrl":"https:\/\/insulation.trocellen.com\/wp-content\/uploads\/sites\/6\/2023\/05\/TC-Class.jpg","width":1920,"height":300},{"@type":"BreadcrumbList","@id":"https:\/\/insulation.trocellen.com\/es\/applications\/hvac-insulation\/aislamiento-de-conductos-de-aire-acondicionado\/#breadcrumb","itemListElement":[{"@type":"ListItem","position":1,"name":"Home","item":"https:\/\/insulation.trocellen.com\/es\/"},{"@type":"ListItem","position":2,"name":"Aplicaciones","item":"https:\/\/insulation.trocellen.com\/es\/applications\/"},{"@type":"ListItem","position":3,"name":"HVAC insulation","item":"https:\/\/insulation.trocellen.com\/es\/applications\/hvac-insulation\/"},{"@type":"ListItem","position":4,"name":"AISLAMIENTO DE CONDUCTOS DE AIRE ACONDICIONADO"}]},{"@type":"WebSite","@id":"https:\/\/insulation.trocellen.com\/es\/#website","url":"https:\/\/insulation.trocellen.com\/es\/","name":"Trocellen Insulation","description":"","potentialAction":[{"@type":"SearchAction","target":{"@type":"EntryPoint","urlTemplate":"https:\/\/insulation.trocellen.com\/es\/?s={search_term_string}"},"query-input":{"@type":"PropertyValueSpecification","valueRequired":true,"valueName":"search_term_string"}}],"inLanguage":"es"}]}},"_links":{"self":[{"href":"https:\/\/insulation.trocellen.com\/es\/wp-json\/wp\/v2\/pages\/4309","targetHints":{"allow":["GET"]}}],"collection":[{"href":"https:\/\/insulation.trocellen.com\/es\/wp-json\/wp\/v2\/pages"}],"about":[{"href":"https:\/\/insulation.trocellen.com\/es\/wp-json\/wp\/v2\/types\/page"}],"author":[{"embeddable":true,"href":"https:\/\/insulation.trocellen.com\/es\/wp-json\/wp\/v2\/users\/1"}],"replies":[{"embeddable":true,"href":"https:\/\/insulation.trocellen.com\/es\/wp-json\/wp\/v2\/comments?post=4309"}],"version-history":[{"count":8,"href":"https:\/\/insulation.trocellen.com\/es\/wp-json\/wp\/v2\/pages\/4309\/revisions"}],"predecessor-version":[{"id":11335,"href":"https:\/\/insulation.trocellen.com\/es\/wp-json\/wp\/v2\/pages\/4309\/revisions\/11335"}],"up":[{"embeddable":true,"href":"https:\/\/insulation.trocellen.com\/es\/wp-json\/wp\/v2\/pages\/4285"}],"wp:featuredmedia":[{"embeddable":true,"href":"https:\/\/insulation.trocellen.com\/es\/wp-json\/wp\/v2\/media\/8799"}],"wp:attachment":[{"href":"https:\/\/insulation.trocellen.com\/es\/wp-json\/wp\/v2\/media?parent=4309"}],"curies":[{"name":"wp","href":"https:\/\/api.w.org\/{rel}","templated":true}]}}