{"id":4251,"date":"2013-12-12T17:28:49","date_gmt":"2013-12-12T17:28:49","guid":{"rendered":"https:\/\/insulation-new.trocellen.com\/espejo-termico\/"},"modified":"2024-04-08T12:11:38","modified_gmt":"2024-04-08T12:11:38","slug":"espejo-termico","status":"publish","type":"page","link":"https:\/\/insulation.trocellen.com\/es\/applications\/diseno-e-interior\/espejo-termico\/","title":{"rendered":"Espejo t\u00e9rmico"},"content":{"rendered":"<p><img loading=\"lazy\" decoding=\"async\" class=\"size-medium wp-image-104 alignright\" src=\"https:\/\/insulation.trocellen.com\/wp-content\/uploads\/sites\/6\/2013\/12\/heatmirror-201x300.png\" alt=\"heatmirror\" width=\"201\" height=\"300\"><\/p>\n<ul>\n<li>para la reducci\u00f3n de la p\u00e9rdida de calor detr\u00e1s de radiadores de calefacci\u00f3n en edificios<\/li>\n<li>alta eficiencia para reflejar el calor con aislamiento t\u00e9rmico<\/li>\n<li>ahorro econ\u00f3mico,<\/li>\n<li>duradero<\/li>\n<li>soluci\u00f3n sencilla, pr\u00e1cticamente invisible<\/li>\n<\/ul>\n<h2>Beneficios<\/h2>\n<ul>\n<li>retardante de llama<\/li>\n<li>Ahorro econ\u00f3mico sobre los en costes de calefacci\u00f3n<\/li>\n<li>Soluci\u00f3n a medida en el lugar<\/li>\n<li>Relaci\u00f3n \u00f3ptima calidad\/precio<\/li>\n<li>Puede ser utilizado en aplicaciones industriales y en el hogar,<\/li>\n<li>Seguro \u2013 no t\u00f3xico, no al\u00e9rgeno, resistente al moho<\/li>\n<li>F\u00e1cil de instalar \u2013 material flexible y ligero<\/li>\n<li>Uso y almacenamiento sencillo<\/li>\n<\/ul>\n<p><strong>Observaci\u00f3n importante<\/strong><\/p>\n<p>Nunca lo utilice detr\u00e1s de cualquier equipo de calefacci\u00f3n a gas El espejo de calentamiento podr\u00eda da\u00f1arse con el fuego.<\/p>\n<h2>Materials, especificaciones<\/h2>\n<ul>\n<li>Material de base: espuma de PE qu\u00edmicamente reticulada de estructura celular &nbsp;cerrada , con retardantes de llama<\/li>\n<li>Revestimiento: laminado con l\u00e1mina met\u00e1lica reflectante<\/li>\n<li>Densidad de la espuma: 30 kg\/m\u00b3<\/li>\n<li>Espesor: 4 mm<\/li>\n<li>Tama\u00f1o del rollo 550 mm x 5 m<\/li>\n<\/ul>\n<h2>Propiedades<\/h2>\n<ul>\n<li>Formato presentaci\u00f3n en rollos<\/li>\n<li>F\u00e1cil de instalar y transformar<\/li>\n<li>Resistente a moho, hongos y bacterias<\/li>\n<li>Rendimiento t\u00e9rmico constante y duradero<\/li>\n<li>Ligero<\/li>\n<li>Libre de CFC y cloro<\/li>\n<li>No contiene fibras; no es t\u00f3xico, sin formaldeh\u00eddo y sin olor<\/li>\n<\/ul>\n<h2>Como usar<\/h2>\n<p>Paso no. 1 \u2013 Mida el tama\u00f1o de su radiador de calefacci\u00f3n. Corte la plancha espejo t\u00e9rmico &nbsp;Trocellen, el tama\u00f1o de corte real debe ser menor de 10 mm en ambos lados, en relaci\u00f3n con el tama\u00f1o medido del radiador. Marque los lugares de fijaci\u00f3n.<\/p>\n<p><img loading=\"lazy\" decoding=\"async\" class=\"alignnone size-full wp-image-106 aligncenter\" src=\"https:\/\/insulation.trocellen.com\/wp-content\/uploads\/sites\/6\/2013\/12\/heatmirror1.png\" alt=\"heatmirror1\" width=\"144\" height=\"113\"><\/p>\n<p>Paso no. 2: coloque el pegamento en ambas superficies, en la pared limpia y en el lado de espuma del espejo t\u00e9rmico. Espere unos minutos para que se seque<\/p>\n<p><img loading=\"lazy\" decoding=\"async\" class=\"alignnone size-full wp-image-101 aligncenter\" src=\"https:\/\/insulation.trocellen.com\/wp-content\/uploads\/sites\/6\/2013\/12\/heatmirror2.png\" alt=\"heatmirror2\" width=\"144\" height=\"113\"><\/p>\n<p>Paso no. 3 \u2013 despu\u00e9s del tiempo de secado empuje la superficie entera suavemente sobre la pared<\/p>\n<p><img loading=\"lazy\" decoding=\"async\" class=\"size-thumbnail wp-image-102 aligncenter\" src=\"https:\/\/insulation.trocellen.com\/wp-content\/uploads\/sites\/6\/2013\/12\/heatmirror3-144x150.png\" alt=\"heatmirror3\" width=\"144\" height=\"150\"><\/p>\n<p>Paso no. 4: corte los orificios de fijaci\u00f3n<\/p>\n<p><img loading=\"lazy\" decoding=\"async\" class=\"alignnone size-thumbnail wp-image-103 aligncenter\" src=\"https:\/\/insulation.trocellen.com\/wp-content\/uploads\/sites\/6\/2013\/12\/heatmirror4-150x150.png\" alt=\"heatmirror4\" width=\"150\" height=\"150\"><\/p>\n","protected":false},"excerpt":{"rendered":"<p>para la reducci\u00f3n de la p\u00e9rdida de calor detr\u00e1s de radiadores de calefacci\u00f3n en edificios alta eficiencia para reflejar el calor con aislamiento t\u00e9rmico ahorro econ\u00f3mico, duradero soluci\u00f3n sencilla, pr\u00e1cticamente invisible Beneficios retardante de llama Ahorro econ\u00f3mico sobre los en costes de calefacci\u00f3n Soluci\u00f3n a medida en el lugar Relaci\u00f3n \u00f3ptima calidad\/precio Puede ser utilizado [&hellip;]<\/p>\n","protected":false},"author":1,"featured_media":8897,"parent":4137,"menu_order":300,"comment_status":"open","ping_status":"closed","template":"templates\/applications.php","meta":{"_acf_changed":false,"footnotes":""},"class_list":["post-4251","page","type-page","status-publish","has-post-thumbnail","hentry"],"acf":[],"yoast_head":"<!-- This site is optimized with the Yoast SEO plugin v23.5 - https:\/\/yoast.com\/wordpress\/plugins\/seo\/ -->\n<title>Espejo t\u00e9rmico Trocellen: mejor eficacia de la calefacci\u00f3n<\/title>\n<meta name=\"description\" content=\"Espejo t\u00e9rmico: deje de calentar las paredes, \u00a1mantenga el aire caliente dentro! Mejor eficiencia de la calefacci\u00f3n al reflejar el calor a la habitaci\u00f3n.\" \/>\n<meta name=\"robots\" content=\"index, follow, max-snippet:-1, max-image-preview:large, max-video-preview:-1\" \/>\n<link rel=\"canonical\" href=\"https:\/\/insulation.trocellen.com\/es\/applications\/diseno-e-interior\/espejo-termico\/\" \/>\n<meta property=\"og:locale\" content=\"es_ES\" \/>\n<meta property=\"og:type\" content=\"article\" \/>\n<meta property=\"og:title\" content=\"Espejo t\u00e9rmico Trocellen: mejor eficacia de la calefacci\u00f3n\" \/>\n<meta property=\"og:description\" content=\"Espejo t\u00e9rmico: deje de calentar las paredes, \u00a1mantenga el aire caliente dentro! Mejor eficiencia de la calefacci\u00f3n al reflejar el calor a la habitaci\u00f3n.\" \/>\n<meta property=\"og:url\" content=\"https:\/\/insulation.trocellen.com\/es\/applications\/diseno-e-interior\/espejo-termico\/\" \/>\n<meta property=\"og:site_name\" content=\"Trocellen Insulation\" \/>\n<meta property=\"article:modified_time\" content=\"2024-04-08T12:11:38+00:00\" \/>\n<meta property=\"og:image\" content=\"https:\/\/insulation.trocellen.com\/wp-content\/uploads\/sites\/6\/2023\/05\/heat-mirror1.jpg\" \/>\n\t<meta property=\"og:image:width\" content=\"1920\" \/>\n\t<meta property=\"og:image:height\" content=\"300\" \/>\n\t<meta property=\"og:image:type\" content=\"image\/jpeg\" \/>\n<meta name=\"twitter:card\" content=\"summary_large_image\" \/>\n<meta name=\"twitter:label1\" content=\"Tiempo de lectura\" \/>\n\t<meta name=\"twitter:data1\" content=\"3 minutos\" \/>\n<script type=\"application\/ld+json\" class=\"yoast-schema-graph\">{\"@context\":\"https:\/\/schema.org\",\"@graph\":[{\"@type\":\"WebPage\",\"@id\":\"https:\/\/insulation.trocellen.com\/es\/applications\/diseno-e-interior\/espejo-termico\/\",\"url\":\"https:\/\/insulation.trocellen.com\/es\/applications\/diseno-e-interior\/espejo-termico\/\",\"name\":\"Espejo t\u00e9rmico Trocellen: mejor eficacia de la calefacci\u00f3n\",\"isPartOf\":{\"@id\":\"https:\/\/insulation.trocellen.com\/es\/#website\"},\"primaryImageOfPage\":{\"@id\":\"https:\/\/insulation.trocellen.com\/es\/applications\/diseno-e-interior\/espejo-termico\/#primaryimage\"},\"image\":{\"@id\":\"https:\/\/insulation.trocellen.com\/es\/applications\/diseno-e-interior\/espejo-termico\/#primaryimage\"},\"thumbnailUrl\":\"https:\/\/insulation.trocellen.com\/wp-content\/uploads\/sites\/6\/2023\/05\/heat-mirror1.jpg\",\"datePublished\":\"2013-12-12T17:28:49+00:00\",\"dateModified\":\"2024-04-08T12:11:38+00:00\",\"description\":\"Espejo t\u00e9rmico: deje de calentar las paredes, \u00a1mantenga el aire caliente dentro! Mejor eficiencia de la calefacci\u00f3n al reflejar el calor a la habitaci\u00f3n.\",\"breadcrumb\":{\"@id\":\"https:\/\/insulation.trocellen.com\/es\/applications\/diseno-e-interior\/espejo-termico\/#breadcrumb\"},\"inLanguage\":\"es\",\"potentialAction\":[{\"@type\":\"ReadAction\",\"target\":[\"https:\/\/insulation.trocellen.com\/es\/applications\/diseno-e-interior\/espejo-termico\/\"]}]},{\"@type\":\"ImageObject\",\"inLanguage\":\"es\",\"@id\":\"https:\/\/insulation.trocellen.com\/es\/applications\/diseno-e-interior\/espejo-termico\/#primaryimage\",\"url\":\"https:\/\/insulation.trocellen.com\/wp-content\/uploads\/sites\/6\/2023\/05\/heat-mirror1.jpg\",\"contentUrl\":\"https:\/\/insulation.trocellen.com\/wp-content\/uploads\/sites\/6\/2023\/05\/heat-mirror1.jpg\",\"width\":1920,\"height\":300},{\"@type\":\"BreadcrumbList\",\"@id\":\"https:\/\/insulation.trocellen.com\/es\/applications\/diseno-e-interior\/espejo-termico\/#breadcrumb\",\"itemListElement\":[{\"@type\":\"ListItem\",\"position\":1,\"name\":\"Home\",\"item\":\"https:\/\/insulation.trocellen.com\/es\/\"},{\"@type\":\"ListItem\",\"position\":2,\"name\":\"Aplicaciones\",\"item\":\"https:\/\/insulation.trocellen.com\/es\/applications\/\"},{\"@type\":\"ListItem\",\"position\":3,\"name\":\"Dise\u00f1o e interior\",\"item\":\"https:\/\/insulation.trocellen.com\/es\/applications\/diseno-e-interior\/\"},{\"@type\":\"ListItem\",\"position\":4,\"name\":\"Espejo t\u00e9rmico\"}]},{\"@type\":\"WebSite\",\"@id\":\"https:\/\/insulation.trocellen.com\/es\/#website\",\"url\":\"https:\/\/insulation.trocellen.com\/es\/\",\"name\":\"Trocellen Insulation\",\"description\":\"\",\"potentialAction\":[{\"@type\":\"SearchAction\",\"target\":{\"@type\":\"EntryPoint\",\"urlTemplate\":\"https:\/\/insulation.trocellen.com\/es\/?s={search_term_string}\"},\"query-input\":{\"@type\":\"PropertyValueSpecification\",\"valueRequired\":true,\"valueName\":\"search_term_string\"}}],\"inLanguage\":\"es\"}]}<\/script>\n<!-- \/ Yoast SEO plugin. -->","yoast_head_json":{"title":"Espejo t\u00e9rmico Trocellen: mejor eficacia de la calefacci\u00f3n","description":"Espejo t\u00e9rmico: deje de calentar las paredes, \u00a1mantenga el aire caliente dentro! Mejor eficiencia de la calefacci\u00f3n al reflejar el calor a la habitaci\u00f3n.","robots":{"index":"index","follow":"follow","max-snippet":"max-snippet:-1","max-image-preview":"max-image-preview:large","max-video-preview":"max-video-preview:-1"},"canonical":"https:\/\/insulation.trocellen.com\/es\/applications\/diseno-e-interior\/espejo-termico\/","og_locale":"es_ES","og_type":"article","og_title":"Espejo t\u00e9rmico Trocellen: mejor eficacia de la calefacci\u00f3n","og_description":"Espejo t\u00e9rmico: deje de calentar las paredes, \u00a1mantenga el aire caliente dentro! Mejor eficiencia de la calefacci\u00f3n al reflejar el calor a la habitaci\u00f3n.","og_url":"https:\/\/insulation.trocellen.com\/es\/applications\/diseno-e-interior\/espejo-termico\/","og_site_name":"Trocellen Insulation","article_modified_time":"2024-04-08T12:11:38+00:00","og_image":[{"width":1920,"height":300,"url":"https:\/\/insulation.trocellen.com\/wp-content\/uploads\/sites\/6\/2023\/05\/heat-mirror1.jpg","type":"image\/jpeg"}],"twitter_card":"summary_large_image","twitter_misc":{"Tiempo de lectura":"3 minutos"},"schema":{"@context":"https:\/\/schema.org","@graph":[{"@type":"WebPage","@id":"https:\/\/insulation.trocellen.com\/es\/applications\/diseno-e-interior\/espejo-termico\/","url":"https:\/\/insulation.trocellen.com\/es\/applications\/diseno-e-interior\/espejo-termico\/","name":"Espejo t\u00e9rmico Trocellen: mejor eficacia de la calefacci\u00f3n","isPartOf":{"@id":"https:\/\/insulation.trocellen.com\/es\/#website"},"primaryImageOfPage":{"@id":"https:\/\/insulation.trocellen.com\/es\/applications\/diseno-e-interior\/espejo-termico\/#primaryimage"},"image":{"@id":"https:\/\/insulation.trocellen.com\/es\/applications\/diseno-e-interior\/espejo-termico\/#primaryimage"},"thumbnailUrl":"https:\/\/insulation.trocellen.com\/wp-content\/uploads\/sites\/6\/2023\/05\/heat-mirror1.jpg","datePublished":"2013-12-12T17:28:49+00:00","dateModified":"2024-04-08T12:11:38+00:00","description":"Espejo t\u00e9rmico: deje de calentar las paredes, \u00a1mantenga el aire caliente dentro! Mejor eficiencia de la calefacci\u00f3n al reflejar el calor a la habitaci\u00f3n.","breadcrumb":{"@id":"https:\/\/insulation.trocellen.com\/es\/applications\/diseno-e-interior\/espejo-termico\/#breadcrumb"},"inLanguage":"es","potentialAction":[{"@type":"ReadAction","target":["https:\/\/insulation.trocellen.com\/es\/applications\/diseno-e-interior\/espejo-termico\/"]}]},{"@type":"ImageObject","inLanguage":"es","@id":"https:\/\/insulation.trocellen.com\/es\/applications\/diseno-e-interior\/espejo-termico\/#primaryimage","url":"https:\/\/insulation.trocellen.com\/wp-content\/uploads\/sites\/6\/2023\/05\/heat-mirror1.jpg","contentUrl":"https:\/\/insulation.trocellen.com\/wp-content\/uploads\/sites\/6\/2023\/05\/heat-mirror1.jpg","width":1920,"height":300},{"@type":"BreadcrumbList","@id":"https:\/\/insulation.trocellen.com\/es\/applications\/diseno-e-interior\/espejo-termico\/#breadcrumb","itemListElement":[{"@type":"ListItem","position":1,"name":"Home","item":"https:\/\/insulation.trocellen.com\/es\/"},{"@type":"ListItem","position":2,"name":"Aplicaciones","item":"https:\/\/insulation.trocellen.com\/es\/applications\/"},{"@type":"ListItem","position":3,"name":"Dise\u00f1o e interior","item":"https:\/\/insulation.trocellen.com\/es\/applications\/diseno-e-interior\/"},{"@type":"ListItem","position":4,"name":"Espejo t\u00e9rmico"}]},{"@type":"WebSite","@id":"https:\/\/insulation.trocellen.com\/es\/#website","url":"https:\/\/insulation.trocellen.com\/es\/","name":"Trocellen Insulation","description":"","potentialAction":[{"@type":"SearchAction","target":{"@type":"EntryPoint","urlTemplate":"https:\/\/insulation.trocellen.com\/es\/?s={search_term_string}"},"query-input":{"@type":"PropertyValueSpecification","valueRequired":true,"valueName":"search_term_string"}}],"inLanguage":"es"}]}},"_links":{"self":[{"href":"https:\/\/insulation.trocellen.com\/es\/wp-json\/wp\/v2\/pages\/4251","targetHints":{"allow":["GET"]}}],"collection":[{"href":"https:\/\/insulation.trocellen.com\/es\/wp-json\/wp\/v2\/pages"}],"about":[{"href":"https:\/\/insulation.trocellen.com\/es\/wp-json\/wp\/v2\/types\/page"}],"author":[{"embeddable":true,"href":"https:\/\/insulation.trocellen.com\/es\/wp-json\/wp\/v2\/users\/1"}],"replies":[{"embeddable":true,"href":"https:\/\/insulation.trocellen.com\/es\/wp-json\/wp\/v2\/comments?post=4251"}],"version-history":[{"count":3,"href":"https:\/\/insulation.trocellen.com\/es\/wp-json\/wp\/v2\/pages\/4251\/revisions"}],"predecessor-version":[{"id":10744,"href":"https:\/\/insulation.trocellen.com\/es\/wp-json\/wp\/v2\/pages\/4251\/revisions\/10744"}],"up":[{"embeddable":true,"href":"https:\/\/insulation.trocellen.com\/es\/wp-json\/wp\/v2\/pages\/4137"}],"wp:featuredmedia":[{"embeddable":true,"href":"https:\/\/insulation.trocellen.com\/es\/wp-json\/wp\/v2\/media\/8897"}],"wp:attachment":[{"href":"https:\/\/insulation.trocellen.com\/es\/wp-json\/wp\/v2\/media?parent=4251"}],"curies":[{"name":"wp","href":"https:\/\/api.w.org\/{rel}","templated":true}]}}