{"id":4245,"date":"2013-12-12T17:28:35","date_gmt":"2013-12-12T17:28:35","guid":{"rendered":"https:\/\/insulation-new.trocellen.com\/proteccion-personal-contra-golpes-2\/"},"modified":"2023-07-10T10:04:06","modified_gmt":"2023-07-10T10:04:06","slug":"proteccion-personal-contra-golpes-2","status":"publish","type":"page","link":"https:\/\/insulation.trocellen.com\/es\/applications\/diseno-e-interior\/proteccion-personal-contra-golpes-2\/","title":{"rendered":"Protecci\u00f3n personal contra golpes"},"content":{"rendered":"<p><a href=\"https:\/\/insulation.trocellen.com\/wp-content\/uploads\/sites\/6\/2013\/12\/carepad-mind-your-head.jpg\" rel=\"attachment wp-att-1321\"><img loading=\"lazy\" decoding=\"async\" class=\"wp-image-1321 size-medium alignright\" src=\"https:\/\/insulation.trocellen.com\/wp-content\/uploads\/sites\/6\/2013\/12\/carepad-mind-your-head-300x190.jpg\" alt=\"carepad-mind-your-head\" width=\"300\" height=\"190\"><\/a><\/p>\n<p>&nbsp;<\/p>\n<p>El ser humano es el valor m\u00e1s importante. Somos responsables de cada miembro de nuestra familia, en la oficina, en la empresa y tambi\u00e9n en nuestro entorno.<\/p>\n<p>Las accidentes y lesiones de las personas pueden evitarse o minimizarse con los eficaces productos de protecci\u00f3n personal de Trocellen.<\/p>\n<h2>CarePad&nbsp;<\/h2>\n<ul>\n<li>Protecci\u00f3n de las personas contra accidentes y lesiones<\/li>\n<li>Alta protecci\u00f3n contra bordes afilados de las esquinas y escaleras<\/li>\n<li>absorci\u00f3n de golpes al usar materiales blandos<\/li>\n<li>M\u00e9todo de montaje f\u00e1cil con adhesivo<\/li>\n<\/ul>\n<h2>CarePad &#8211; Beneficios del producto<\/h2>\n<ul>\n<li>Multifunci\u00f3n: Se puede usar en columnas y superficies de gran \u00e1ngulo<\/li>\n<li>Reducci\u00f3n de golpes, protecci\u00f3n excelente<\/li>\n<li>F\u00e1cil de instalar &#8211; material flexible y de bajo peso<\/li>\n<li>Soluciones a medida in situ<\/li>\n<li>Larga duraci\u00f3n<\/li>\n<li>\u00d3ptima relaci\u00f3n calidad\/ precio<\/li>\n<li>Posibilidad de uso en aplicaciones industriales y dom\u00e9sticas.<\/li>\n<\/ul>\n<h2>CarePad &#8211; Materiales, especificaciones<\/h2>\n<ul>\n<li>Material: Espumas de polietileno qu\u00edmicamente reticuladas, de estructura celular cerrada<\/li>\n<li>Densidad:&nbsp;30 kg\/m\u00b3<\/li>\n<li>Espesor: 10 mm<\/li>\n<li>Tama\u00f1o: 300 x 390 cm<\/li>\n<li>Colores: B\u00e1sicamente amarillo o cualquier otro a petici\u00f3n (ej: negro-rayas amarillas)<\/li>\n<li>Embalado: 2 unidades en una caja,<\/li>\n<\/ul>\n<p>&nbsp;<\/p>\n<p>&nbsp;<\/p>\n<p>&nbsp;<\/p>\n<p>&nbsp;<\/p>\n","protected":false},"excerpt":{"rendered":"<p>&nbsp; El ser humano es el valor m\u00e1s importante. Somos responsables de cada miembro de nuestra familia, en la oficina, en la empresa y tambi\u00e9n en nuestro entorno. Las accidentes y lesiones de las personas pueden evitarse o minimizarse con los eficaces productos de protecci\u00f3n personal de Trocellen. CarePad&nbsp; Protecci\u00f3n de las personas contra accidentes [&hellip;]<\/p>\n","protected":false},"author":1,"featured_media":0,"parent":4137,"menu_order":200,"comment_status":"open","ping_status":"closed","template":"templates\/applications.php","meta":{"_acf_changed":false,"footnotes":""},"class_list":["post-4245","page","type-page","status-publish","hentry"],"acf":[],"yoast_head":"<!-- This site is optimized with the Yoast SEO plugin v23.5 - https:\/\/yoast.com\/wordpress\/plugins\/seo\/ -->\n<title>Protecci\u00f3n contra golpes: la espuma de PE est\u00e1 a bordo<\/title>\n<meta name=\"description\" content=\"Protecci\u00f3n contra golpes Trocellen: los accidentes y lesiones humanas pueden evitarse o minimizarse con los productos de protecci\u00f3n personal Trocellen.\" \/>\n<meta name=\"robots\" content=\"index, follow, max-snippet:-1, max-image-preview:large, max-video-preview:-1\" \/>\n<link rel=\"canonical\" href=\"https:\/\/insulation.trocellen.com\/es\/applications\/diseno-e-interior\/proteccion-personal-contra-golpes-2\/\" \/>\n<meta property=\"og:locale\" content=\"es_ES\" \/>\n<meta property=\"og:type\" content=\"article\" \/>\n<meta property=\"og:title\" content=\"Protecci\u00f3n contra golpes: la espuma de PE est\u00e1 a bordo\" \/>\n<meta property=\"og:description\" content=\"Protecci\u00f3n contra golpes Trocellen: los accidentes y lesiones humanas pueden evitarse o minimizarse con los productos de protecci\u00f3n personal Trocellen.\" \/>\n<meta property=\"og:url\" content=\"https:\/\/insulation.trocellen.com\/es\/applications\/diseno-e-interior\/proteccion-personal-contra-golpes-2\/\" \/>\n<meta property=\"og:site_name\" content=\"Trocellen Insulation\" \/>\n<meta property=\"article:modified_time\" content=\"2023-07-10T10:04:06+00:00\" \/>\n<meta property=\"og:image\" content=\"https:\/\/insulation.trocellen.com\/wp-content\/uploads\/sites\/6\/2013\/12\/carepad-mind-your-head-300x190.jpg\" \/>\n<meta name=\"twitter:card\" content=\"summary_large_image\" \/>\n<meta name=\"twitter:label1\" content=\"Tiempo de lectura\" \/>\n\t<meta name=\"twitter:data1\" content=\"1 minuto\" \/>\n<script type=\"application\/ld+json\" class=\"yoast-schema-graph\">{\"@context\":\"https:\/\/schema.org\",\"@graph\":[{\"@type\":\"WebPage\",\"@id\":\"https:\/\/insulation.trocellen.com\/es\/applications\/diseno-e-interior\/proteccion-personal-contra-golpes-2\/\",\"url\":\"https:\/\/insulation.trocellen.com\/es\/applications\/diseno-e-interior\/proteccion-personal-contra-golpes-2\/\",\"name\":\"Protecci\u00f3n contra golpes: la espuma de PE est\u00e1 a bordo\",\"isPartOf\":{\"@id\":\"https:\/\/insulation.trocellen.com\/es\/#website\"},\"primaryImageOfPage\":{\"@id\":\"https:\/\/insulation.trocellen.com\/es\/applications\/diseno-e-interior\/proteccion-personal-contra-golpes-2\/#primaryimage\"},\"image\":{\"@id\":\"https:\/\/insulation.trocellen.com\/es\/applications\/diseno-e-interior\/proteccion-personal-contra-golpes-2\/#primaryimage\"},\"thumbnailUrl\":\"https:\/\/insulation.trocellen.com\/wp-content\/uploads\/sites\/6\/2013\/12\/carepad-mind-your-head-300x190.jpg\",\"datePublished\":\"2013-12-12T17:28:35+00:00\",\"dateModified\":\"2023-07-10T10:04:06+00:00\",\"description\":\"Protecci\u00f3n contra golpes Trocellen: los accidentes y lesiones humanas pueden evitarse o minimizarse con los productos de protecci\u00f3n personal Trocellen.\",\"breadcrumb\":{\"@id\":\"https:\/\/insulation.trocellen.com\/es\/applications\/diseno-e-interior\/proteccion-personal-contra-golpes-2\/#breadcrumb\"},\"inLanguage\":\"es\",\"potentialAction\":[{\"@type\":\"ReadAction\",\"target\":[\"https:\/\/insulation.trocellen.com\/es\/applications\/diseno-e-interior\/proteccion-personal-contra-golpes-2\/\"]}]},{\"@type\":\"ImageObject\",\"inLanguage\":\"es\",\"@id\":\"https:\/\/insulation.trocellen.com\/es\/applications\/diseno-e-interior\/proteccion-personal-contra-golpes-2\/#primaryimage\",\"url\":\"https:\/\/insulation.trocellen.com\/wp-content\/uploads\/sites\/6\/2013\/12\/carepad-mind-your-head-300x190.jpg\",\"contentUrl\":\"https:\/\/insulation.trocellen.com\/wp-content\/uploads\/sites\/6\/2013\/12\/carepad-mind-your-head-300x190.jpg\"},{\"@type\":\"BreadcrumbList\",\"@id\":\"https:\/\/insulation.trocellen.com\/es\/applications\/diseno-e-interior\/proteccion-personal-contra-golpes-2\/#breadcrumb\",\"itemListElement\":[{\"@type\":\"ListItem\",\"position\":1,\"name\":\"Home\",\"item\":\"https:\/\/insulation.trocellen.com\/es\/\"},{\"@type\":\"ListItem\",\"position\":2,\"name\":\"Aplicaciones\",\"item\":\"https:\/\/insulation.trocellen.com\/es\/applications\/\"},{\"@type\":\"ListItem\",\"position\":3,\"name\":\"Dise\u00f1o e interior\",\"item\":\"https:\/\/insulation.trocellen.com\/es\/applications\/diseno-e-interior\/\"},{\"@type\":\"ListItem\",\"position\":4,\"name\":\"Protecci\u00f3n personal contra golpes\"}]},{\"@type\":\"WebSite\",\"@id\":\"https:\/\/insulation.trocellen.com\/es\/#website\",\"url\":\"https:\/\/insulation.trocellen.com\/es\/\",\"name\":\"Trocellen Insulation\",\"description\":\"\",\"potentialAction\":[{\"@type\":\"SearchAction\",\"target\":{\"@type\":\"EntryPoint\",\"urlTemplate\":\"https:\/\/insulation.trocellen.com\/es\/?s={search_term_string}\"},\"query-input\":{\"@type\":\"PropertyValueSpecification\",\"valueRequired\":true,\"valueName\":\"search_term_string\"}}],\"inLanguage\":\"es\"}]}<\/script>\n<!-- \/ Yoast SEO plugin. -->","yoast_head_json":{"title":"Protecci\u00f3n contra golpes: la espuma de PE est\u00e1 a bordo","description":"Protecci\u00f3n contra golpes Trocellen: los accidentes y lesiones humanas pueden evitarse o minimizarse con los productos de protecci\u00f3n personal Trocellen.","robots":{"index":"index","follow":"follow","max-snippet":"max-snippet:-1","max-image-preview":"max-image-preview:large","max-video-preview":"max-video-preview:-1"},"canonical":"https:\/\/insulation.trocellen.com\/es\/applications\/diseno-e-interior\/proteccion-personal-contra-golpes-2\/","og_locale":"es_ES","og_type":"article","og_title":"Protecci\u00f3n contra golpes: la espuma de PE est\u00e1 a bordo","og_description":"Protecci\u00f3n contra golpes Trocellen: los accidentes y lesiones humanas pueden evitarse o minimizarse con los productos de protecci\u00f3n personal Trocellen.","og_url":"https:\/\/insulation.trocellen.com\/es\/applications\/diseno-e-interior\/proteccion-personal-contra-golpes-2\/","og_site_name":"Trocellen Insulation","article_modified_time":"2023-07-10T10:04:06+00:00","og_image":[{"url":"https:\/\/insulation.trocellen.com\/wp-content\/uploads\/sites\/6\/2013\/12\/carepad-mind-your-head-300x190.jpg"}],"twitter_card":"summary_large_image","twitter_misc":{"Tiempo de lectura":"1 minuto"},"schema":{"@context":"https:\/\/schema.org","@graph":[{"@type":"WebPage","@id":"https:\/\/insulation.trocellen.com\/es\/applications\/diseno-e-interior\/proteccion-personal-contra-golpes-2\/","url":"https:\/\/insulation.trocellen.com\/es\/applications\/diseno-e-interior\/proteccion-personal-contra-golpes-2\/","name":"Protecci\u00f3n contra golpes: la espuma de PE est\u00e1 a bordo","isPartOf":{"@id":"https:\/\/insulation.trocellen.com\/es\/#website"},"primaryImageOfPage":{"@id":"https:\/\/insulation.trocellen.com\/es\/applications\/diseno-e-interior\/proteccion-personal-contra-golpes-2\/#primaryimage"},"image":{"@id":"https:\/\/insulation.trocellen.com\/es\/applications\/diseno-e-interior\/proteccion-personal-contra-golpes-2\/#primaryimage"},"thumbnailUrl":"https:\/\/insulation.trocellen.com\/wp-content\/uploads\/sites\/6\/2013\/12\/carepad-mind-your-head-300x190.jpg","datePublished":"2013-12-12T17:28:35+00:00","dateModified":"2023-07-10T10:04:06+00:00","description":"Protecci\u00f3n contra golpes Trocellen: los accidentes y lesiones humanas pueden evitarse o minimizarse con los productos de protecci\u00f3n personal Trocellen.","breadcrumb":{"@id":"https:\/\/insulation.trocellen.com\/es\/applications\/diseno-e-interior\/proteccion-personal-contra-golpes-2\/#breadcrumb"},"inLanguage":"es","potentialAction":[{"@type":"ReadAction","target":["https:\/\/insulation.trocellen.com\/es\/applications\/diseno-e-interior\/proteccion-personal-contra-golpes-2\/"]}]},{"@type":"ImageObject","inLanguage":"es","@id":"https:\/\/insulation.trocellen.com\/es\/applications\/diseno-e-interior\/proteccion-personal-contra-golpes-2\/#primaryimage","url":"https:\/\/insulation.trocellen.com\/wp-content\/uploads\/sites\/6\/2013\/12\/carepad-mind-your-head-300x190.jpg","contentUrl":"https:\/\/insulation.trocellen.com\/wp-content\/uploads\/sites\/6\/2013\/12\/carepad-mind-your-head-300x190.jpg"},{"@type":"BreadcrumbList","@id":"https:\/\/insulation.trocellen.com\/es\/applications\/diseno-e-interior\/proteccion-personal-contra-golpes-2\/#breadcrumb","itemListElement":[{"@type":"ListItem","position":1,"name":"Home","item":"https:\/\/insulation.trocellen.com\/es\/"},{"@type":"ListItem","position":2,"name":"Aplicaciones","item":"https:\/\/insulation.trocellen.com\/es\/applications\/"},{"@type":"ListItem","position":3,"name":"Dise\u00f1o e interior","item":"https:\/\/insulation.trocellen.com\/es\/applications\/diseno-e-interior\/"},{"@type":"ListItem","position":4,"name":"Protecci\u00f3n personal contra golpes"}]},{"@type":"WebSite","@id":"https:\/\/insulation.trocellen.com\/es\/#website","url":"https:\/\/insulation.trocellen.com\/es\/","name":"Trocellen Insulation","description":"","potentialAction":[{"@type":"SearchAction","target":{"@type":"EntryPoint","urlTemplate":"https:\/\/insulation.trocellen.com\/es\/?s={search_term_string}"},"query-input":{"@type":"PropertyValueSpecification","valueRequired":true,"valueName":"search_term_string"}}],"inLanguage":"es"}]}},"_links":{"self":[{"href":"https:\/\/insulation.trocellen.com\/es\/wp-json\/wp\/v2\/pages\/4245","targetHints":{"allow":["GET"]}}],"collection":[{"href":"https:\/\/insulation.trocellen.com\/es\/wp-json\/wp\/v2\/pages"}],"about":[{"href":"https:\/\/insulation.trocellen.com\/es\/wp-json\/wp\/v2\/types\/page"}],"author":[{"embeddable":true,"href":"https:\/\/insulation.trocellen.com\/es\/wp-json\/wp\/v2\/users\/1"}],"replies":[{"embeddable":true,"href":"https:\/\/insulation.trocellen.com\/es\/wp-json\/wp\/v2\/comments?post=4245"}],"version-history":[{"count":1,"href":"https:\/\/insulation.trocellen.com\/es\/wp-json\/wp\/v2\/pages\/4245\/revisions"}],"predecessor-version":[{"id":9757,"href":"https:\/\/insulation.trocellen.com\/es\/wp-json\/wp\/v2\/pages\/4245\/revisions\/9757"}],"up":[{"embeddable":true,"href":"https:\/\/insulation.trocellen.com\/es\/wp-json\/wp\/v2\/pages\/4137"}],"wp:attachment":[{"href":"https:\/\/insulation.trocellen.com\/es\/wp-json\/wp\/v2\/media?parent=4245"}],"curies":[{"name":"wp","href":"https:\/\/api.w.org\/{rel}","templated":true}]}}