{"id":4239,"date":"2013-12-12T17:28:18","date_gmt":"2013-12-12T17:28:18","guid":{"rendered":"https:\/\/insulation-new.trocellen.com\/carepad-2\/"},"modified":"2023-07-10T10:02:12","modified_gmt":"2023-07-10T10:02:12","slug":"carepad-2","status":"publish","type":"page","link":"https:\/\/insulation.trocellen.com\/es\/applications\/diseno-e-interior\/carepad-2\/","title":{"rendered":"CarePad"},"content":{"rendered":"\n<figure class=\"wp-block-image\"><a href=\"https:\/\/insulation.trocellen.com\/wp-content\/uploads\/sites\/6\/2013\/12\/carepad-photo-1.jpg\" rel=\"attachment wp-att-1306\"><img decoding=\"async\" src=\"https:\/\/insulation.trocellen.com\/wp-content\/uploads\/sites\/6\/2013\/12\/carepad-photo-1-1024x490.jpg\" alt=\"carepad-photo\" class=\"wp-image-1306\"\/><\/a><\/figure>\n\n\n\n<p>Tener objetos de valor es una cuesti\u00f3n com\u00fan. Cuando tenemos un coche, una moto, una bicicleta o cualquier otro aparato es una gran responsabilidad mantener estos objetos de valor en la mejor condici\u00f3n posible.<\/p>\n\n\n\n<p>Cualquier rasgu\u00f1o en el color de la pintura, cualquier peque\u00f1a deformaci\u00f3n en las estructuras pueden ocasionar una gran p\u00e9rdida de valor de mercado. M\u00e1s a\u00fan esto puede suponer altos costes de reparaci\u00f3n y probablemente la p\u00e9rdida de la bonificaci\u00f3n de la p\u00f3liza del seguro. Por tanto tenemos que proteger nuestros objetos y mantenerlos en la mejor condici\u00f3n posible.<\/p>\n\n\n\n<figure class=\"wp-block-image\"><a href=\"https:\/\/insulation.trocellen.com\/wp-content\/uploads\/sites\/6\/2013\/12\/Carepad-fokep.jpg\" rel=\"attachment wp-att-1308\"><img decoding=\"async\" src=\"https:\/\/insulation.trocellen.com\/wp-content\/uploads\/sites\/6\/2013\/12\/Carepad-fokep.jpg\" alt=\"Carepad-fokep\" class=\"wp-image-1308\"\/><\/a><\/figure>\n\n\n\n<p>En caso de cualquier golpe en el garaje la pared del edificio tambi\u00e9n puede da\u00f1arse, por lo que debemos evitarlo y protegemos al mismo tiempo.<\/p>\n\n\n\n<p>Por \u00faltimo, y no menos importante, cualquier accidente o lesi\u00f3n personal se deben evitar con una efectiva protecci\u00f3n.<\/p>\n\n\n\n<h2 class=\"wp-block-heading\">Propiedades<\/h2>\n\n\n\n<ul class=\"wp-block-list\">\n<li>Espuma de polietileno reticulado<\/li>\n\n\n\n<li>espesor:10-15 mm<\/li>\n\n\n\n<li>disponible en diferentes tama\u00f1os<\/li>\n\n\n\n<li>Bajo demanda, tambi\u00e9n disponible en diferentes densidades, incluso en rollo.<\/li>\n\n\n\n<li>Se puede usar en paredes, pilares, puertas, p\u00e1rkings comunitarios, centros comerciales, garajes, etc.<\/li>\n<\/ul>\n\n\n\n<figure class=\"wp-block-table\"><table><tbody><tr><td><a href=\"https:\/\/insulation.trocellen.com\/wp-content\/uploads\/sites\/6\/2013\/12\/carepad2-1.jpg\" rel=\"attachment wp-att-1310\"><img loading=\"lazy\" decoding=\"async\" class=\"alignnone size-medium wp-image-1310\" src=\"https:\/\/insulation.trocellen.com\/wp-content\/uploads\/sites\/6\/2013\/12\/carepad2-1-300x201.jpg\" alt=\"carepad2\" width=\"300\" height=\"201\"><\/a><\/td><td><a href=\"https:\/\/insulation.trocellen.com\/wp-content\/uploads\/sites\/6\/2013\/12\/carepad-motor.jpg\" rel=\"attachment wp-att-1313\"><img loading=\"lazy\" decoding=\"async\" class=\"alignnone size-medium wp-image-1313\" src=\"https:\/\/insulation.trocellen.com\/wp-content\/uploads\/sites\/6\/2013\/12\/carepad-motor-300x200.jpg\" alt=\"carepad motor\" width=\"300\" height=\"200\"><\/a><\/td><\/tr><\/tbody><\/table><\/figure>\n\n\n\n<h2 class=\"wp-block-heading\">Aplicaciones<\/h2>\n\n\n\n<ul class=\"wp-block-list\">\n<li>Simplemente quite el protector de la cinta autoadhesiva y pegue la protecci\u00f3n de espuma en una pared limpia del garaje.<\/li>\n\n\n\n<li>Temperaturas de la aplicaci\u00f3n: entre -40 y +70 \u00baC, en una superficie limpia<\/li>\n<\/ul>\n\n\n\n<h2 class=\"wp-block-heading\">Propiedades<\/h2>\n\n\n\n<ul class=\"wp-block-list\">\n<li>Autoadhesivo y f\u00e1cil de instalar<\/li>\n\n\n\n<li>De bajo peso\/ f\u00e1cil de transportar<\/li>\n\n\n\n<li>Flexible<\/li>\n\n\n\n<li>Muy buena adhesi\u00f3n<\/li>\n\n\n\n<li>Muy buena capacidad de resistencia mec\u00e1nica<\/li>\n\n\n\n<li>Estable dimensionalmente<\/li>\n\n\n\n<li>Hidr\u00f3fuga<\/li>\n\n\n\n<li>No t\u00f3xico<\/li>\n\n\n\n<li>Compatible con el medio ambiente<\/li>\n\n\n\n<li>Atractivo est\u00e9ticamente<\/li>\n\n\n\n<li>Disponible en diferentes colores, bajo demanda<\/li>\n\n\n\n<li>Puede ser personalizado con su logotipo<\/li>\n<\/ul>\n\n\n\n<p><a href=\"https:\/\/go.insulation.trocellen.com\/OTHERUSES_2017_web_pdf\" rel=\"\">OTHER USES<\/a><\/p>\n\n\n\n<figure class=\"wp-block-table\"><table><tbody><tr><td><a href=\"https:\/\/insulation.trocellen.com\/wp-content\/uploads\/sites\/6\/2013\/12\/carepad3-1.jpg\" rel=\"attachment wp-att-1317\"><img loading=\"lazy\" decoding=\"async\" class=\"alignnone size-medium wp-image-1317\" src=\"https:\/\/insulation.trocellen.com\/wp-content\/uploads\/sites\/6\/2013\/12\/carepad3-1-300x199.jpg\" alt=\"carepad3\" width=\"300\" height=\"199\"><\/a><\/td><td><a href=\"https:\/\/insulation.trocellen.com\/wp-content\/uploads\/sites\/6\/2013\/12\/carepad4-1.jpg\" rel=\"attachment wp-att-1318\"><img loading=\"lazy\" decoding=\"async\" class=\"alignnone size-medium wp-image-1318\" src=\"https:\/\/insulation.trocellen.com\/wp-content\/uploads\/sites\/6\/2013\/12\/carepad4-1-300x200.jpg\" alt=\"carepad4\" width=\"300\" height=\"200\"><\/a><\/td><\/tr><\/tbody><\/table><\/figure>\n","protected":false},"excerpt":{"rendered":"<p>Tener objetos de valor es una cuesti\u00f3n com\u00fan. Cuando tenemos un coche, una moto, una bicicleta o cualquier otro aparato es una gran responsabilidad mantener estos objetos de valor en la mejor condici\u00f3n posible. Cualquier rasgu\u00f1o en el color de la pintura, cualquier peque\u00f1a deformaci\u00f3n en las estructuras pueden ocasionar una gran p\u00e9rdida de valor [&hellip;]<\/p>\n","protected":false},"author":1,"featured_media":8884,"parent":4137,"menu_order":100,"comment_status":"open","ping_status":"closed","template":"templates\/applications.php","meta":{"_acf_changed":false,"footnotes":""},"class_list":["post-4239","page","type-page","status-publish","has-post-thumbnail","hentry"],"acf":[],"yoast_head":"<!-- This site is optimized with the Yoast SEO plugin v23.5 - https:\/\/yoast.com\/wordpress\/plugins\/seo\/ -->\n<title>Carepad de Aislamiento Trocellen: protecci\u00f3n contra ara\u00f1azos<\/title>\n<meta name=\"description\" content=\"Trocellen Carepad: la protecci\u00f3n perfecta contra ara\u00f1azos y golpes en paredes y columnas; protege su coche o moto, y ayuda a evitar tambi\u00e9n cualquier da\u00f1o.\" \/>\n<meta name=\"robots\" content=\"index, follow, max-snippet:-1, max-image-preview:large, max-video-preview:-1\" \/>\n<link rel=\"canonical\" href=\"https:\/\/insulation.trocellen.com\/es\/applications\/diseno-e-interior\/carepad-2\/\" \/>\n<meta property=\"og:locale\" content=\"es_ES\" \/>\n<meta property=\"og:type\" content=\"article\" \/>\n<meta property=\"og:title\" content=\"Carepad de Aislamiento Trocellen: protecci\u00f3n contra ara\u00f1azos\" \/>\n<meta property=\"og:description\" content=\"Trocellen Carepad: la protecci\u00f3n perfecta contra ara\u00f1azos y golpes en paredes y columnas; protege su coche o moto, y ayuda a evitar tambi\u00e9n cualquier da\u00f1o.\" \/>\n<meta property=\"og:url\" content=\"https:\/\/insulation.trocellen.com\/es\/applications\/diseno-e-interior\/carepad-2\/\" \/>\n<meta property=\"og:site_name\" content=\"Trocellen Insulation\" \/>\n<meta property=\"article:modified_time\" content=\"2023-07-10T10:02:12+00:00\" \/>\n<meta property=\"og:image\" content=\"https:\/\/insulation.trocellen.com\/wp-content\/uploads\/sites\/6\/2023\/05\/carepad-fejlec.jpg\" \/>\n\t<meta property=\"og:image:width\" content=\"1920\" \/>\n\t<meta property=\"og:image:height\" content=\"300\" \/>\n\t<meta property=\"og:image:type\" content=\"image\/jpeg\" \/>\n<meta name=\"twitter:card\" content=\"summary_large_image\" \/>\n<meta name=\"twitter:label1\" content=\"Tiempo de lectura\" \/>\n\t<meta name=\"twitter:data1\" content=\"3 minutos\" \/>\n<script type=\"application\/ld+json\" class=\"yoast-schema-graph\">{\"@context\":\"https:\/\/schema.org\",\"@graph\":[{\"@type\":\"WebPage\",\"@id\":\"https:\/\/insulation.trocellen.com\/es\/applications\/diseno-e-interior\/carepad-2\/\",\"url\":\"https:\/\/insulation.trocellen.com\/es\/applications\/diseno-e-interior\/carepad-2\/\",\"name\":\"Carepad de Aislamiento Trocellen: protecci\u00f3n contra ara\u00f1azos\",\"isPartOf\":{\"@id\":\"https:\/\/insulation.trocellen.com\/es\/#website\"},\"primaryImageOfPage\":{\"@id\":\"https:\/\/insulation.trocellen.com\/es\/applications\/diseno-e-interior\/carepad-2\/#primaryimage\"},\"image\":{\"@id\":\"https:\/\/insulation.trocellen.com\/es\/applications\/diseno-e-interior\/carepad-2\/#primaryimage\"},\"thumbnailUrl\":\"https:\/\/insulation.trocellen.com\/wp-content\/uploads\/sites\/6\/2023\/05\/carepad-fejlec.jpg\",\"datePublished\":\"2013-12-12T17:28:18+00:00\",\"dateModified\":\"2023-07-10T10:02:12+00:00\",\"description\":\"Trocellen Carepad: la protecci\u00f3n perfecta contra ara\u00f1azos y golpes en paredes y columnas; protege su coche o moto, y ayuda a evitar tambi\u00e9n cualquier da\u00f1o.\",\"breadcrumb\":{\"@id\":\"https:\/\/insulation.trocellen.com\/es\/applications\/diseno-e-interior\/carepad-2\/#breadcrumb\"},\"inLanguage\":\"es\",\"potentialAction\":[{\"@type\":\"ReadAction\",\"target\":[\"https:\/\/insulation.trocellen.com\/es\/applications\/diseno-e-interior\/carepad-2\/\"]}]},{\"@type\":\"ImageObject\",\"inLanguage\":\"es\",\"@id\":\"https:\/\/insulation.trocellen.com\/es\/applications\/diseno-e-interior\/carepad-2\/#primaryimage\",\"url\":\"https:\/\/insulation.trocellen.com\/wp-content\/uploads\/sites\/6\/2023\/05\/carepad-fejlec.jpg\",\"contentUrl\":\"https:\/\/insulation.trocellen.com\/wp-content\/uploads\/sites\/6\/2023\/05\/carepad-fejlec.jpg\",\"width\":1920,\"height\":300},{\"@type\":\"BreadcrumbList\",\"@id\":\"https:\/\/insulation.trocellen.com\/es\/applications\/diseno-e-interior\/carepad-2\/#breadcrumb\",\"itemListElement\":[{\"@type\":\"ListItem\",\"position\":1,\"name\":\"Home\",\"item\":\"https:\/\/insulation.trocellen.com\/es\/\"},{\"@type\":\"ListItem\",\"position\":2,\"name\":\"Aplicaciones\",\"item\":\"https:\/\/insulation.trocellen.com\/es\/applications\/\"},{\"@type\":\"ListItem\",\"position\":3,\"name\":\"Dise\u00f1o e interior\",\"item\":\"https:\/\/insulation.trocellen.com\/es\/applications\/diseno-e-interior\/\"},{\"@type\":\"ListItem\",\"position\":4,\"name\":\"CarePad\"}]},{\"@type\":\"WebSite\",\"@id\":\"https:\/\/insulation.trocellen.com\/es\/#website\",\"url\":\"https:\/\/insulation.trocellen.com\/es\/\",\"name\":\"Trocellen Insulation\",\"description\":\"\",\"potentialAction\":[{\"@type\":\"SearchAction\",\"target\":{\"@type\":\"EntryPoint\",\"urlTemplate\":\"https:\/\/insulation.trocellen.com\/es\/?s={search_term_string}\"},\"query-input\":{\"@type\":\"PropertyValueSpecification\",\"valueRequired\":true,\"valueName\":\"search_term_string\"}}],\"inLanguage\":\"es\"}]}<\/script>\n<!-- \/ Yoast SEO plugin. -->","yoast_head_json":{"title":"Carepad de Aislamiento Trocellen: protecci\u00f3n contra ara\u00f1azos","description":"Trocellen Carepad: la protecci\u00f3n perfecta contra ara\u00f1azos y golpes en paredes y columnas; protege su coche o moto, y ayuda a evitar tambi\u00e9n cualquier da\u00f1o.","robots":{"index":"index","follow":"follow","max-snippet":"max-snippet:-1","max-image-preview":"max-image-preview:large","max-video-preview":"max-video-preview:-1"},"canonical":"https:\/\/insulation.trocellen.com\/es\/applications\/diseno-e-interior\/carepad-2\/","og_locale":"es_ES","og_type":"article","og_title":"Carepad de Aislamiento Trocellen: protecci\u00f3n contra ara\u00f1azos","og_description":"Trocellen Carepad: la protecci\u00f3n perfecta contra ara\u00f1azos y golpes en paredes y columnas; protege su coche o moto, y ayuda a evitar tambi\u00e9n cualquier da\u00f1o.","og_url":"https:\/\/insulation.trocellen.com\/es\/applications\/diseno-e-interior\/carepad-2\/","og_site_name":"Trocellen Insulation","article_modified_time":"2023-07-10T10:02:12+00:00","og_image":[{"width":1920,"height":300,"url":"https:\/\/insulation.trocellen.com\/wp-content\/uploads\/sites\/6\/2023\/05\/carepad-fejlec.jpg","type":"image\/jpeg"}],"twitter_card":"summary_large_image","twitter_misc":{"Tiempo de lectura":"3 minutos"},"schema":{"@context":"https:\/\/schema.org","@graph":[{"@type":"WebPage","@id":"https:\/\/insulation.trocellen.com\/es\/applications\/diseno-e-interior\/carepad-2\/","url":"https:\/\/insulation.trocellen.com\/es\/applications\/diseno-e-interior\/carepad-2\/","name":"Carepad de Aislamiento Trocellen: protecci\u00f3n contra ara\u00f1azos","isPartOf":{"@id":"https:\/\/insulation.trocellen.com\/es\/#website"},"primaryImageOfPage":{"@id":"https:\/\/insulation.trocellen.com\/es\/applications\/diseno-e-interior\/carepad-2\/#primaryimage"},"image":{"@id":"https:\/\/insulation.trocellen.com\/es\/applications\/diseno-e-interior\/carepad-2\/#primaryimage"},"thumbnailUrl":"https:\/\/insulation.trocellen.com\/wp-content\/uploads\/sites\/6\/2023\/05\/carepad-fejlec.jpg","datePublished":"2013-12-12T17:28:18+00:00","dateModified":"2023-07-10T10:02:12+00:00","description":"Trocellen Carepad: la protecci\u00f3n perfecta contra ara\u00f1azos y golpes en paredes y columnas; protege su coche o moto, y ayuda a evitar tambi\u00e9n cualquier da\u00f1o.","breadcrumb":{"@id":"https:\/\/insulation.trocellen.com\/es\/applications\/diseno-e-interior\/carepad-2\/#breadcrumb"},"inLanguage":"es","potentialAction":[{"@type":"ReadAction","target":["https:\/\/insulation.trocellen.com\/es\/applications\/diseno-e-interior\/carepad-2\/"]}]},{"@type":"ImageObject","inLanguage":"es","@id":"https:\/\/insulation.trocellen.com\/es\/applications\/diseno-e-interior\/carepad-2\/#primaryimage","url":"https:\/\/insulation.trocellen.com\/wp-content\/uploads\/sites\/6\/2023\/05\/carepad-fejlec.jpg","contentUrl":"https:\/\/insulation.trocellen.com\/wp-content\/uploads\/sites\/6\/2023\/05\/carepad-fejlec.jpg","width":1920,"height":300},{"@type":"BreadcrumbList","@id":"https:\/\/insulation.trocellen.com\/es\/applications\/diseno-e-interior\/carepad-2\/#breadcrumb","itemListElement":[{"@type":"ListItem","position":1,"name":"Home","item":"https:\/\/insulation.trocellen.com\/es\/"},{"@type":"ListItem","position":2,"name":"Aplicaciones","item":"https:\/\/insulation.trocellen.com\/es\/applications\/"},{"@type":"ListItem","position":3,"name":"Dise\u00f1o e interior","item":"https:\/\/insulation.trocellen.com\/es\/applications\/diseno-e-interior\/"},{"@type":"ListItem","position":4,"name":"CarePad"}]},{"@type":"WebSite","@id":"https:\/\/insulation.trocellen.com\/es\/#website","url":"https:\/\/insulation.trocellen.com\/es\/","name":"Trocellen Insulation","description":"","potentialAction":[{"@type":"SearchAction","target":{"@type":"EntryPoint","urlTemplate":"https:\/\/insulation.trocellen.com\/es\/?s={search_term_string}"},"query-input":{"@type":"PropertyValueSpecification","valueRequired":true,"valueName":"search_term_string"}}],"inLanguage":"es"}]}},"_links":{"self":[{"href":"https:\/\/insulation.trocellen.com\/es\/wp-json\/wp\/v2\/pages\/4239","targetHints":{"allow":["GET"]}}],"collection":[{"href":"https:\/\/insulation.trocellen.com\/es\/wp-json\/wp\/v2\/pages"}],"about":[{"href":"https:\/\/insulation.trocellen.com\/es\/wp-json\/wp\/v2\/types\/page"}],"author":[{"embeddable":true,"href":"https:\/\/insulation.trocellen.com\/es\/wp-json\/wp\/v2\/users\/1"}],"replies":[{"embeddable":true,"href":"https:\/\/insulation.trocellen.com\/es\/wp-json\/wp\/v2\/comments?post=4239"}],"version-history":[{"count":4,"href":"https:\/\/insulation.trocellen.com\/es\/wp-json\/wp\/v2\/pages\/4239\/revisions"}],"predecessor-version":[{"id":9755,"href":"https:\/\/insulation.trocellen.com\/es\/wp-json\/wp\/v2\/pages\/4239\/revisions\/9755"}],"up":[{"embeddable":true,"href":"https:\/\/insulation.trocellen.com\/es\/wp-json\/wp\/v2\/pages\/4137"}],"wp:featuredmedia":[{"embeddable":true,"href":"https:\/\/insulation.trocellen.com\/es\/wp-json\/wp\/v2\/media\/8884"}],"wp:attachment":[{"href":"https:\/\/insulation.trocellen.com\/es\/wp-json\/wp\/v2\/media?parent=4239"}],"curies":[{"name":"wp","href":"https:\/\/api.w.org\/{rel}","templated":true}]}}