{"id":4233,"date":"2013-12-12T17:27:37","date_gmt":"2013-12-12T17:27:37","guid":{"rendered":"https:\/\/insulation-new.trocellen.com\/proteccion-personal-contra-golpes\/"},"modified":"2023-07-10T11:10:11","modified_gmt":"2023-07-10T11:10:11","slug":"proteccion-personal-contra-golpes","status":"publish","type":"page","link":"https:\/\/insulation.trocellen.com\/es\/applications\/proteccion-de-paredes-y-muros\/proteccion-personal-contra-golpes\/","title":{"rendered":"Protecci\u00f3n personal contra golpes"},"content":{"rendered":"<p>El ser humano es el valor m\u00e1s importante. Somos responsables de cada miembro de nuestra familia, en la oficina, en la empresa y tambi\u00e9n de en nuestro entorno.<\/p>\n<p>Las accidentes y lesiones de las personas pueden evitarse o minimizarse con los eficaces productos de protecci\u00f3n personal de Trocellen.<\/p>\n<h2><img loading=\"lazy\" decoding=\"async\" class=\"size-medium wp-image-96 alignright\" src=\"https:\/\/insulation.trocellen.com\/wp-content\/uploads\/sites\/6\/2013\/12\/sarok-kivagas-300x225.jpg\" alt=\"sarok kivagas\" width=\"300\" height=\"225\"><\/h2>\n<h2>Moqueta para escaleras<\/h2>\n<ul>\n<li>Protecci\u00f3n de las personas contra accidentes y lesiones<\/li>\n<li>Alta protecci\u00f3n contra bordes afilados de las esquinas y escaleras<\/li>\n<li>absorci\u00f3n de golpes al usar materiales blandos<\/li>\n<li>M\u00e9todo de montaje f\u00e1cil con adhesivo<\/li>\n<\/ul>\n<h2>Moqueta para escaleras<\/h2>\n<h2>Beneficios del producto<\/h2>\n<ul>\n<li>Multifunci\u00f3n: Se puede usar en columnas y superficies de gran \u00e1ngulo<\/li>\n<li>Reducci\u00f3n de golpes, protecci\u00f3n excelente<\/li>\n<li>F\u00e1cil de instalar &#8211; material flexible y de bajo peso<\/li>\n<li>Soluciones a medida in situ<\/li>\n<li>Larga duraci\u00f3n<\/li>\n<li>\u00d3ptima relaci\u00f3n calidad\/ precio<\/li>\n<li>Posibilidad de uso en aplicaciones industriales y dom\u00e9sticas.<\/li>\n<\/ul>\n<h2>Propiedades<\/h2>\n<ul>\n<li>Forma flexible, gracias a su material moldeable<\/li>\n<li>Resistente a impactos<\/li>\n<li>Material inodoro: sin olores, sin emisi\u00f3n de gases<\/li>\n<li>No t\u00f3xico, libre de fluorocarburos<\/li>\n<li>Resistente a hongos, moho y bacterias<\/li>\n<li>Alta resistencia y estabilidad mec\u00e1nica<\/li>\n<li>F\u00e1cil de limpiar<\/li>\n<li>Autoadhesivo y f\u00e1cil de instalar<\/li>\n<li>Entregado y listo para montar<\/li>\n<\/ul>\n<h2>Materiales, especificaciones<\/h2>\n<ul>\n<li>Material: Espumas de polietileno qu\u00edmicamente reticuladas, de estructura celular cerrada<\/li>\n<li>Densidad:&nbsp;30 kg\/m\u00b3<\/li>\n<li>Espesor Grosor: 10 mm<\/li>\n<li>Tama\u00f1o: 300 x 390 cm<\/li>\n<li>Colores: B\u00e1sicamente amarillo o cualquier otro a petici\u00f3n (ej: negro-rayas amarillas)<\/li>\n<li>Embalado: 2 unidades en una caja,<\/li>\n<\/ul>\n","protected":false},"excerpt":{"rendered":"<p>El ser humano es el valor m\u00e1s importante. Somos responsables de cada miembro de nuestra familia, en la oficina, en la empresa y tambi\u00e9n de en nuestro entorno. Las accidentes y lesiones de las personas pueden evitarse o minimizarse con los eficaces productos de protecci\u00f3n personal de Trocellen. Moqueta para escaleras Protecci\u00f3n de las personas [&hellip;]<\/p>\n","protected":false},"author":1,"featured_media":8890,"parent":4131,"menu_order":300,"comment_status":"open","ping_status":"closed","template":"templates\/applications.php","meta":{"_acf_changed":false,"footnotes":""},"class_list":["post-4233","page","type-page","status-publish","has-post-thumbnail","hentry"],"acf":[],"yoast_head":"<!-- This site is optimized with the Yoast SEO plugin v23.5 - https:\/\/yoast.com\/wordpress\/plugins\/seo\/ -->\n<title>Carepad puede usarse para proteger la cabeza de las personas<\/title>\n<meta name=\"description\" content=\"Los accidentes y lesiones humanas pueden evitarse o minimizarse con los productos de protecci\u00f3n personal Trocellen.\" \/>\n<meta name=\"robots\" content=\"index, follow, max-snippet:-1, max-image-preview:large, max-video-preview:-1\" \/>\n<link rel=\"canonical\" href=\"https:\/\/insulation.trocellen.com\/es\/applications\/proteccion-de-paredes-y-muros\/proteccion-personal-contra-golpes\/\" \/>\n<meta property=\"og:locale\" content=\"es_ES\" \/>\n<meta property=\"og:type\" content=\"article\" \/>\n<meta property=\"og:title\" content=\"Carepad puede usarse para proteger la cabeza de las personas\" \/>\n<meta property=\"og:description\" content=\"Los accidentes y lesiones humanas pueden evitarse o minimizarse con los productos de protecci\u00f3n personal Trocellen.\" \/>\n<meta property=\"og:url\" content=\"https:\/\/insulation.trocellen.com\/es\/applications\/proteccion-de-paredes-y-muros\/proteccion-personal-contra-golpes\/\" \/>\n<meta property=\"og:site_name\" content=\"Trocellen Insulation\" \/>\n<meta property=\"article:modified_time\" content=\"2023-07-10T11:10:11+00:00\" \/>\n<meta property=\"og:image\" content=\"https:\/\/insulation.trocellen.com\/wp-content\/uploads\/sites\/6\/2023\/05\/hit-protection.jpg\" \/>\n\t<meta property=\"og:image:width\" content=\"1920\" \/>\n\t<meta property=\"og:image:height\" content=\"300\" \/>\n\t<meta property=\"og:image:type\" content=\"image\/jpeg\" \/>\n<meta name=\"twitter:card\" content=\"summary_large_image\" \/>\n<meta name=\"twitter:label1\" content=\"Tiempo de lectura\" \/>\n\t<meta name=\"twitter:data1\" content=\"2 minutos\" \/>\n<script type=\"application\/ld+json\" class=\"yoast-schema-graph\">{\"@context\":\"https:\/\/schema.org\",\"@graph\":[{\"@type\":\"WebPage\",\"@id\":\"https:\/\/insulation.trocellen.com\/es\/applications\/proteccion-de-paredes-y-muros\/proteccion-personal-contra-golpes\/\",\"url\":\"https:\/\/insulation.trocellen.com\/es\/applications\/proteccion-de-paredes-y-muros\/proteccion-personal-contra-golpes\/\",\"name\":\"Carepad puede usarse para proteger la cabeza de las personas\",\"isPartOf\":{\"@id\":\"https:\/\/insulation.trocellen.com\/es\/#website\"},\"primaryImageOfPage\":{\"@id\":\"https:\/\/insulation.trocellen.com\/es\/applications\/proteccion-de-paredes-y-muros\/proteccion-personal-contra-golpes\/#primaryimage\"},\"image\":{\"@id\":\"https:\/\/insulation.trocellen.com\/es\/applications\/proteccion-de-paredes-y-muros\/proteccion-personal-contra-golpes\/#primaryimage\"},\"thumbnailUrl\":\"https:\/\/insulation.trocellen.com\/wp-content\/uploads\/sites\/6\/2023\/05\/hit-protection.jpg\",\"datePublished\":\"2013-12-12T17:27:37+00:00\",\"dateModified\":\"2023-07-10T11:10:11+00:00\",\"description\":\"Los accidentes y lesiones humanas pueden evitarse o minimizarse con los productos de protecci\u00f3n personal Trocellen.\",\"breadcrumb\":{\"@id\":\"https:\/\/insulation.trocellen.com\/es\/applications\/proteccion-de-paredes-y-muros\/proteccion-personal-contra-golpes\/#breadcrumb\"},\"inLanguage\":\"es\",\"potentialAction\":[{\"@type\":\"ReadAction\",\"target\":[\"https:\/\/insulation.trocellen.com\/es\/applications\/proteccion-de-paredes-y-muros\/proteccion-personal-contra-golpes\/\"]}]},{\"@type\":\"ImageObject\",\"inLanguage\":\"es\",\"@id\":\"https:\/\/insulation.trocellen.com\/es\/applications\/proteccion-de-paredes-y-muros\/proteccion-personal-contra-golpes\/#primaryimage\",\"url\":\"https:\/\/insulation.trocellen.com\/wp-content\/uploads\/sites\/6\/2023\/05\/hit-protection.jpg\",\"contentUrl\":\"https:\/\/insulation.trocellen.com\/wp-content\/uploads\/sites\/6\/2023\/05\/hit-protection.jpg\",\"width\":1920,\"height\":300},{\"@type\":\"BreadcrumbList\",\"@id\":\"https:\/\/insulation.trocellen.com\/es\/applications\/proteccion-de-paredes-y-muros\/proteccion-personal-contra-golpes\/#breadcrumb\",\"itemListElement\":[{\"@type\":\"ListItem\",\"position\":1,\"name\":\"Home\",\"item\":\"https:\/\/insulation.trocellen.com\/es\/\"},{\"@type\":\"ListItem\",\"position\":2,\"name\":\"Aplicaciones\",\"item\":\"https:\/\/insulation.trocellen.com\/es\/applications\/\"},{\"@type\":\"ListItem\",\"position\":3,\"name\":\"PROTECCION DE PAREDES Y MUROS\",\"item\":\"https:\/\/insulation.trocellen.com\/es\/applications\/proteccion-de-paredes-y-muros\/\"},{\"@type\":\"ListItem\",\"position\":4,\"name\":\"Protecci\u00f3n personal contra golpes\"}]},{\"@type\":\"WebSite\",\"@id\":\"https:\/\/insulation.trocellen.com\/es\/#website\",\"url\":\"https:\/\/insulation.trocellen.com\/es\/\",\"name\":\"Trocellen Insulation\",\"description\":\"\",\"potentialAction\":[{\"@type\":\"SearchAction\",\"target\":{\"@type\":\"EntryPoint\",\"urlTemplate\":\"https:\/\/insulation.trocellen.com\/es\/?s={search_term_string}\"},\"query-input\":{\"@type\":\"PropertyValueSpecification\",\"valueRequired\":true,\"valueName\":\"search_term_string\"}}],\"inLanguage\":\"es\"}]}<\/script>\n<!-- \/ Yoast SEO plugin. -->","yoast_head_json":{"title":"Carepad puede usarse para proteger la cabeza de las personas","description":"Los accidentes y lesiones humanas pueden evitarse o minimizarse con los productos de protecci\u00f3n personal Trocellen.","robots":{"index":"index","follow":"follow","max-snippet":"max-snippet:-1","max-image-preview":"max-image-preview:large","max-video-preview":"max-video-preview:-1"},"canonical":"https:\/\/insulation.trocellen.com\/es\/applications\/proteccion-de-paredes-y-muros\/proteccion-personal-contra-golpes\/","og_locale":"es_ES","og_type":"article","og_title":"Carepad puede usarse para proteger la cabeza de las personas","og_description":"Los accidentes y lesiones humanas pueden evitarse o minimizarse con los productos de protecci\u00f3n personal Trocellen.","og_url":"https:\/\/insulation.trocellen.com\/es\/applications\/proteccion-de-paredes-y-muros\/proteccion-personal-contra-golpes\/","og_site_name":"Trocellen Insulation","article_modified_time":"2023-07-10T11:10:11+00:00","og_image":[{"width":1920,"height":300,"url":"https:\/\/insulation.trocellen.com\/wp-content\/uploads\/sites\/6\/2023\/05\/hit-protection.jpg","type":"image\/jpeg"}],"twitter_card":"summary_large_image","twitter_misc":{"Tiempo de lectura":"2 minutos"},"schema":{"@context":"https:\/\/schema.org","@graph":[{"@type":"WebPage","@id":"https:\/\/insulation.trocellen.com\/es\/applications\/proteccion-de-paredes-y-muros\/proteccion-personal-contra-golpes\/","url":"https:\/\/insulation.trocellen.com\/es\/applications\/proteccion-de-paredes-y-muros\/proteccion-personal-contra-golpes\/","name":"Carepad puede usarse para proteger la cabeza de las personas","isPartOf":{"@id":"https:\/\/insulation.trocellen.com\/es\/#website"},"primaryImageOfPage":{"@id":"https:\/\/insulation.trocellen.com\/es\/applications\/proteccion-de-paredes-y-muros\/proteccion-personal-contra-golpes\/#primaryimage"},"image":{"@id":"https:\/\/insulation.trocellen.com\/es\/applications\/proteccion-de-paredes-y-muros\/proteccion-personal-contra-golpes\/#primaryimage"},"thumbnailUrl":"https:\/\/insulation.trocellen.com\/wp-content\/uploads\/sites\/6\/2023\/05\/hit-protection.jpg","datePublished":"2013-12-12T17:27:37+00:00","dateModified":"2023-07-10T11:10:11+00:00","description":"Los accidentes y lesiones humanas pueden evitarse o minimizarse con los productos de protecci\u00f3n personal Trocellen.","breadcrumb":{"@id":"https:\/\/insulation.trocellen.com\/es\/applications\/proteccion-de-paredes-y-muros\/proteccion-personal-contra-golpes\/#breadcrumb"},"inLanguage":"es","potentialAction":[{"@type":"ReadAction","target":["https:\/\/insulation.trocellen.com\/es\/applications\/proteccion-de-paredes-y-muros\/proteccion-personal-contra-golpes\/"]}]},{"@type":"ImageObject","inLanguage":"es","@id":"https:\/\/insulation.trocellen.com\/es\/applications\/proteccion-de-paredes-y-muros\/proteccion-personal-contra-golpes\/#primaryimage","url":"https:\/\/insulation.trocellen.com\/wp-content\/uploads\/sites\/6\/2023\/05\/hit-protection.jpg","contentUrl":"https:\/\/insulation.trocellen.com\/wp-content\/uploads\/sites\/6\/2023\/05\/hit-protection.jpg","width":1920,"height":300},{"@type":"BreadcrumbList","@id":"https:\/\/insulation.trocellen.com\/es\/applications\/proteccion-de-paredes-y-muros\/proteccion-personal-contra-golpes\/#breadcrumb","itemListElement":[{"@type":"ListItem","position":1,"name":"Home","item":"https:\/\/insulation.trocellen.com\/es\/"},{"@type":"ListItem","position":2,"name":"Aplicaciones","item":"https:\/\/insulation.trocellen.com\/es\/applications\/"},{"@type":"ListItem","position":3,"name":"PROTECCION DE PAREDES Y MUROS","item":"https:\/\/insulation.trocellen.com\/es\/applications\/proteccion-de-paredes-y-muros\/"},{"@type":"ListItem","position":4,"name":"Protecci\u00f3n personal contra golpes"}]},{"@type":"WebSite","@id":"https:\/\/insulation.trocellen.com\/es\/#website","url":"https:\/\/insulation.trocellen.com\/es\/","name":"Trocellen Insulation","description":"","potentialAction":[{"@type":"SearchAction","target":{"@type":"EntryPoint","urlTemplate":"https:\/\/insulation.trocellen.com\/es\/?s={search_term_string}"},"query-input":{"@type":"PropertyValueSpecification","valueRequired":true,"valueName":"search_term_string"}}],"inLanguage":"es"}]}},"_links":{"self":[{"href":"https:\/\/insulation.trocellen.com\/es\/wp-json\/wp\/v2\/pages\/4233","targetHints":{"allow":["GET"]}}],"collection":[{"href":"https:\/\/insulation.trocellen.com\/es\/wp-json\/wp\/v2\/pages"}],"about":[{"href":"https:\/\/insulation.trocellen.com\/es\/wp-json\/wp\/v2\/types\/page"}],"author":[{"embeddable":true,"href":"https:\/\/insulation.trocellen.com\/es\/wp-json\/wp\/v2\/users\/1"}],"replies":[{"embeddable":true,"href":"https:\/\/insulation.trocellen.com\/es\/wp-json\/wp\/v2\/comments?post=4233"}],"version-history":[{"count":3,"href":"https:\/\/insulation.trocellen.com\/es\/wp-json\/wp\/v2\/pages\/4233\/revisions"}],"predecessor-version":[{"id":9778,"href":"https:\/\/insulation.trocellen.com\/es\/wp-json\/wp\/v2\/pages\/4233\/revisions\/9778"}],"up":[{"embeddable":true,"href":"https:\/\/insulation.trocellen.com\/es\/wp-json\/wp\/v2\/pages\/4131"}],"wp:featuredmedia":[{"embeddable":true,"href":"https:\/\/insulation.trocellen.com\/es\/wp-json\/wp\/v2\/media\/8890"}],"wp:attachment":[{"href":"https:\/\/insulation.trocellen.com\/es\/wp-json\/wp\/v2\/media?parent=4233"}],"curies":[{"name":"wp","href":"https:\/\/api.w.org\/{rel}","templated":true}]}}