{"id":4227,"date":"2013-12-12T17:27:17","date_gmt":"2013-12-12T17:27:17","guid":{"rendered":"https:\/\/insulation-new.trocellen.com\/carepad-industrial-para-muros-columnas-y-bordes\/"},"modified":"2023-07-10T11:09:34","modified_gmt":"2023-07-10T11:09:34","slug":"carepad-industrial-para-muros-columnas-y-bordes","status":"publish","type":"page","link":"https:\/\/insulation.trocellen.com\/es\/applications\/proteccion-de-paredes-y-muros\/carepad-industrial-para-muros-columnas-y-bordes\/","title":{"rendered":"Carepad, Industrial para muros, columnas y bordes"},"content":{"rendered":"\n<p>Este flexible CarePad es una versi\u00f3n desarrollada, ya que puede ser montada f\u00e1cilmente tanto en columnas como en superficies de alto radio.<\/p>\n\n\n\n<p>Tener objetos de valor es una cuesti\u00f3n com\u00fan. Cuando tenemos un coche, una moto, una bicicleta o cualquier otro aparato es una gran responsabilidad mantener estos objetos de valor en la mejor condici\u00f3n posible.<\/p>\n\n\n\n<p>Cualquier rasgu\u00f1o en el color de la pintura, cualquier peque\u00f1a deformaci\u00f3n en las estructuras puede ocasionar una gran p\u00e9rdida de valor en el mercado actual. M\u00e1s adelante esto puede suponer altos costos de reparaci\u00f3n y probablemente la p\u00e9rdida de la bonificaci\u00f3n de la p\u00f3liza del seguro. Por lo tanto tenemos que proteger nuestros objetos y mantenerlos en la mejor condici\u00f3n.<\/p>\n\n\n\n<p>En caso de cualquier golpe en el garaje la pared del edificio tambi\u00e9n puede da\u00f1arse, lo cual deber\u00edamos evitar y protegemos al mismo tiempo.<\/p>\n\n\n\n<p>Por \u00faltimo, y no menos importante, cualquier accidente o lesi\u00f3n a las personas se deben evitar con una efectiva protecci\u00f3n.<\/p>\n\n\n\n<h2 class=\"wp-block-heading\">CarePad<\/h2>\n\n\n\n<ul class=\"wp-block-list\">\n<li>Protecci\u00f3n de las personas contra accidentes y lesiones<\/li>\n\n\n\n<li>Alta protecci\u00f3n contra bordes afilados, esquinas y escaleras<\/li>\n\n\n\n<li>absorci\u00f3n de golpes al usar materiales flexibles suaves<\/li>\n\n\n\n<li>M\u00e9todo de reparaci\u00f3n f\u00e1cil con adhesivo<\/li>\n<\/ul>\n\n\n\n<div class=\"wp-block-columns is-layout-flex wp-container-core-columns-is-layout-9d6595d7 wp-block-columns-is-layout-flex\">\n<div class=\"wp-block-column is-layout-flow wp-block-column-is-layout-flow\">\n<figure class=\"wp-block-image\"><img decoding=\"async\" src=\"https:\/\/insulation.trocellen.com\/wp-content\/uploads\/sites\/6\/2013\/12\/sarok-kivagas-300x225.jpg\" alt=\"sarok kivagas\" class=\"wp-image-96\"\/><\/figure>\n<\/div>\n\n\n\n<div class=\"wp-block-column is-layout-flow wp-block-column-is-layout-flow\">\n<figure class=\"wp-block-image\"><img decoding=\"async\" src=\"https:\/\/insulation.trocellen.com\/wp-content\/uploads\/sites\/6\/2013\/12\/FCS9354-300x199.jpg\" alt=\"_FCS9354\" class=\"wp-image-185\"\/><\/figure>\n<\/div>\n\n\n\n<div class=\"wp-block-column is-layout-flow wp-block-column-is-layout-flow\">\n<figure class=\"wp-block-image\"><img decoding=\"async\" src=\"https:\/\/insulation.trocellen.com\/wp-content\/uploads\/sites\/6\/2013\/12\/P1040772-copy_2-300x225.jpg\" alt=\"P1040772 copy_2\" class=\"wp-image-186\"\/><\/figure>\n<\/div>\n<\/div>\n\n\n\n<h3 class=\"wp-block-heading\">Beneficios<\/h3>\n\n\n\n<ul class=\"wp-block-list\">\n<li>Multifunci\u00f3n: Se puede usar en columnas y superficies de gran \u00e1ngulo o esquinas<\/li>\n\n\n\n<li>Reducci\u00f3n de golpes, protecci\u00f3n excelente<\/li>\n\n\n\n<li>F\u00e1cil de instalar &#8211; material flexible y de bajo peso<\/li>\n\n\n\n<li>Soluciones a la medida in situ<\/li>\n\n\n\n<li>\u00d3ptima relaci\u00f3n calidad\/precio<\/li>\n\n\n\n<li>Posibilidad de uso en aplicaciones industriales y dom\u00e9sticas.<\/li>\n<\/ul>\n\n\n\n<h3 class=\"wp-block-heading\">Propiedades<\/h3>\n\n\n\n<ul class=\"wp-block-list\">\n<li>Forma flexible, gracias a su material moldeable<\/li>\n\n\n\n<li>Resistente al impacto<\/li>\n\n\n\n<li>Material inodoro: sin olores, no nebulizaci\u00f3n<\/li>\n\n\n\n<li>No t\u00f3xico, libre de CFC<\/li>\n\n\n\n<li>Resistente a hongos, moho y bacterias<\/li>\n\n\n\n<li>Alta resistencia y estabilidad mec\u00e1nica<\/li>\n\n\n\n<li>F\u00e1cil de limpiar<\/li>\n\n\n\n<li>Autoadhesivo para f\u00e1cil instalaci\u00f3n<\/li>\n\n\n\n<li>Entregado \u00ablisto para montar\u00bb<\/li>\n<\/ul>\n\n\n\n<h3 class=\"wp-block-heading\">Materiales, Especificaci\u00f3n<\/h3>\n\n\n\n<ul class=\"wp-block-list\">\n<li>Material: Espumas de polietileno qu\u00edmicamente reticuladas, celdas cerradas<\/li>\n\n\n\n<li>Espesor: 10 mm<\/li>\n\n\n\n<li>Tama\u00f1o: 300 x 390 mm<\/li>\n\n\n\n<li>Colores: B\u00e1sicamente amarillo o cualquier otro a petici\u00f3n (ej: negro-rayas amarillas)<\/li>\n\n\n\n<li>Embalaje: 2 unidades en una caja<\/li>\n<\/ul>\n","protected":false},"excerpt":{"rendered":"<p>Este flexible CarePad es una versi\u00f3n desarrollada, ya que puede ser montada f\u00e1cilmente tanto en columnas como en superficies de alto radio. Tener objetos de valor es una cuesti\u00f3n com\u00fan. Cuando tenemos un coche, una moto, una bicicleta o cualquier otro aparato es una gran responsabilidad mantener estos objetos de valor en la mejor condici\u00f3n [&hellip;]<\/p>\n","protected":false},"author":1,"featured_media":8884,"parent":4131,"menu_order":200,"comment_status":"open","ping_status":"closed","template":"templates\/applications.php","meta":{"_acf_changed":false,"footnotes":""},"class_list":["post-4227","page","type-page","status-publish","has-post-thumbnail","hentry"],"acf":[],"yoast_head":"<!-- This site is optimized with the Yoast SEO plugin v23.5 - https:\/\/yoast.com\/wordpress\/plugins\/seo\/ -->\n<title>Su versi\u00f3n industrial es para paredes, columnas, bordes<\/title>\n<meta name=\"description\" content=\"Este CarePad flexible es una versi\u00f3n desarrollada, ya que se puede instalar f\u00e1cilmente en columnas y en superficies con un radio elevado.\" \/>\n<meta name=\"robots\" content=\"index, follow, max-snippet:-1, max-image-preview:large, max-video-preview:-1\" \/>\n<link rel=\"canonical\" href=\"https:\/\/insulation.trocellen.com\/es\/applications\/proteccion-de-paredes-y-muros\/carepad-industrial-para-muros-columnas-y-bordes\/\" \/>\n<meta property=\"og:locale\" content=\"es_ES\" \/>\n<meta property=\"og:type\" content=\"article\" \/>\n<meta property=\"og:title\" content=\"Su versi\u00f3n industrial es para paredes, columnas, bordes\" \/>\n<meta property=\"og:description\" content=\"Este CarePad flexible es una versi\u00f3n desarrollada, ya que se puede instalar f\u00e1cilmente en columnas y en superficies con un radio elevado.\" \/>\n<meta property=\"og:url\" content=\"https:\/\/insulation.trocellen.com\/es\/applications\/proteccion-de-paredes-y-muros\/carepad-industrial-para-muros-columnas-y-bordes\/\" \/>\n<meta property=\"og:site_name\" content=\"Trocellen Insulation\" \/>\n<meta property=\"article:modified_time\" content=\"2023-07-10T11:09:34+00:00\" \/>\n<meta property=\"og:image\" content=\"https:\/\/insulation.trocellen.com\/wp-content\/uploads\/sites\/6\/2023\/05\/carepad-fejlec.jpg\" \/>\n\t<meta property=\"og:image:width\" content=\"1920\" \/>\n\t<meta property=\"og:image:height\" content=\"300\" \/>\n\t<meta property=\"og:image:type\" content=\"image\/jpeg\" \/>\n<meta name=\"twitter:card\" content=\"summary_large_image\" \/>\n<meta name=\"twitter:label1\" content=\"Tiempo de lectura\" \/>\n\t<meta name=\"twitter:data1\" content=\"2 minutos\" \/>\n<script type=\"application\/ld+json\" class=\"yoast-schema-graph\">{\"@context\":\"https:\/\/schema.org\",\"@graph\":[{\"@type\":\"WebPage\",\"@id\":\"https:\/\/insulation.trocellen.com\/es\/applications\/proteccion-de-paredes-y-muros\/carepad-industrial-para-muros-columnas-y-bordes\/\",\"url\":\"https:\/\/insulation.trocellen.com\/es\/applications\/proteccion-de-paredes-y-muros\/carepad-industrial-para-muros-columnas-y-bordes\/\",\"name\":\"Su versi\u00f3n industrial es para paredes, columnas, bordes\",\"isPartOf\":{\"@id\":\"https:\/\/insulation.trocellen.com\/es\/#website\"},\"primaryImageOfPage\":{\"@id\":\"https:\/\/insulation.trocellen.com\/es\/applications\/proteccion-de-paredes-y-muros\/carepad-industrial-para-muros-columnas-y-bordes\/#primaryimage\"},\"image\":{\"@id\":\"https:\/\/insulation.trocellen.com\/es\/applications\/proteccion-de-paredes-y-muros\/carepad-industrial-para-muros-columnas-y-bordes\/#primaryimage\"},\"thumbnailUrl\":\"https:\/\/insulation.trocellen.com\/wp-content\/uploads\/sites\/6\/2023\/05\/carepad-fejlec.jpg\",\"datePublished\":\"2013-12-12T17:27:17+00:00\",\"dateModified\":\"2023-07-10T11:09:34+00:00\",\"description\":\"Este CarePad flexible es una versi\u00f3n desarrollada, ya que se puede instalar f\u00e1cilmente en columnas y en superficies con un radio elevado.\",\"breadcrumb\":{\"@id\":\"https:\/\/insulation.trocellen.com\/es\/applications\/proteccion-de-paredes-y-muros\/carepad-industrial-para-muros-columnas-y-bordes\/#breadcrumb\"},\"inLanguage\":\"es\",\"potentialAction\":[{\"@type\":\"ReadAction\",\"target\":[\"https:\/\/insulation.trocellen.com\/es\/applications\/proteccion-de-paredes-y-muros\/carepad-industrial-para-muros-columnas-y-bordes\/\"]}]},{\"@type\":\"ImageObject\",\"inLanguage\":\"es\",\"@id\":\"https:\/\/insulation.trocellen.com\/es\/applications\/proteccion-de-paredes-y-muros\/carepad-industrial-para-muros-columnas-y-bordes\/#primaryimage\",\"url\":\"https:\/\/insulation.trocellen.com\/wp-content\/uploads\/sites\/6\/2023\/05\/carepad-fejlec.jpg\",\"contentUrl\":\"https:\/\/insulation.trocellen.com\/wp-content\/uploads\/sites\/6\/2023\/05\/carepad-fejlec.jpg\",\"width\":1920,\"height\":300},{\"@type\":\"BreadcrumbList\",\"@id\":\"https:\/\/insulation.trocellen.com\/es\/applications\/proteccion-de-paredes-y-muros\/carepad-industrial-para-muros-columnas-y-bordes\/#breadcrumb\",\"itemListElement\":[{\"@type\":\"ListItem\",\"position\":1,\"name\":\"Home\",\"item\":\"https:\/\/insulation.trocellen.com\/es\/\"},{\"@type\":\"ListItem\",\"position\":2,\"name\":\"Aplicaciones\",\"item\":\"https:\/\/insulation.trocellen.com\/es\/applications\/\"},{\"@type\":\"ListItem\",\"position\":3,\"name\":\"PROTECCION DE PAREDES Y MUROS\",\"item\":\"https:\/\/insulation.trocellen.com\/es\/applications\/proteccion-de-paredes-y-muros\/\"},{\"@type\":\"ListItem\",\"position\":4,\"name\":\"Carepad, Industrial para muros, columnas y bordes\"}]},{\"@type\":\"WebSite\",\"@id\":\"https:\/\/insulation.trocellen.com\/es\/#website\",\"url\":\"https:\/\/insulation.trocellen.com\/es\/\",\"name\":\"Trocellen Insulation\",\"description\":\"\",\"potentialAction\":[{\"@type\":\"SearchAction\",\"target\":{\"@type\":\"EntryPoint\",\"urlTemplate\":\"https:\/\/insulation.trocellen.com\/es\/?s={search_term_string}\"},\"query-input\":{\"@type\":\"PropertyValueSpecification\",\"valueRequired\":true,\"valueName\":\"search_term_string\"}}],\"inLanguage\":\"es\"}]}<\/script>\n<!-- \/ Yoast SEO plugin. -->","yoast_head_json":{"title":"Su versi\u00f3n industrial es para paredes, columnas, bordes","description":"Este CarePad flexible es una versi\u00f3n desarrollada, ya que se puede instalar f\u00e1cilmente en columnas y en superficies con un radio elevado.","robots":{"index":"index","follow":"follow","max-snippet":"max-snippet:-1","max-image-preview":"max-image-preview:large","max-video-preview":"max-video-preview:-1"},"canonical":"https:\/\/insulation.trocellen.com\/es\/applications\/proteccion-de-paredes-y-muros\/carepad-industrial-para-muros-columnas-y-bordes\/","og_locale":"es_ES","og_type":"article","og_title":"Su versi\u00f3n industrial es para paredes, columnas, bordes","og_description":"Este CarePad flexible es una versi\u00f3n desarrollada, ya que se puede instalar f\u00e1cilmente en columnas y en superficies con un radio elevado.","og_url":"https:\/\/insulation.trocellen.com\/es\/applications\/proteccion-de-paredes-y-muros\/carepad-industrial-para-muros-columnas-y-bordes\/","og_site_name":"Trocellen Insulation","article_modified_time":"2023-07-10T11:09:34+00:00","og_image":[{"width":1920,"height":300,"url":"https:\/\/insulation.trocellen.com\/wp-content\/uploads\/sites\/6\/2023\/05\/carepad-fejlec.jpg","type":"image\/jpeg"}],"twitter_card":"summary_large_image","twitter_misc":{"Tiempo de lectura":"2 minutos"},"schema":{"@context":"https:\/\/schema.org","@graph":[{"@type":"WebPage","@id":"https:\/\/insulation.trocellen.com\/es\/applications\/proteccion-de-paredes-y-muros\/carepad-industrial-para-muros-columnas-y-bordes\/","url":"https:\/\/insulation.trocellen.com\/es\/applications\/proteccion-de-paredes-y-muros\/carepad-industrial-para-muros-columnas-y-bordes\/","name":"Su versi\u00f3n industrial es para paredes, columnas, bordes","isPartOf":{"@id":"https:\/\/insulation.trocellen.com\/es\/#website"},"primaryImageOfPage":{"@id":"https:\/\/insulation.trocellen.com\/es\/applications\/proteccion-de-paredes-y-muros\/carepad-industrial-para-muros-columnas-y-bordes\/#primaryimage"},"image":{"@id":"https:\/\/insulation.trocellen.com\/es\/applications\/proteccion-de-paredes-y-muros\/carepad-industrial-para-muros-columnas-y-bordes\/#primaryimage"},"thumbnailUrl":"https:\/\/insulation.trocellen.com\/wp-content\/uploads\/sites\/6\/2023\/05\/carepad-fejlec.jpg","datePublished":"2013-12-12T17:27:17+00:00","dateModified":"2023-07-10T11:09:34+00:00","description":"Este CarePad flexible es una versi\u00f3n desarrollada, ya que se puede instalar f\u00e1cilmente en columnas y en superficies con un radio elevado.","breadcrumb":{"@id":"https:\/\/insulation.trocellen.com\/es\/applications\/proteccion-de-paredes-y-muros\/carepad-industrial-para-muros-columnas-y-bordes\/#breadcrumb"},"inLanguage":"es","potentialAction":[{"@type":"ReadAction","target":["https:\/\/insulation.trocellen.com\/es\/applications\/proteccion-de-paredes-y-muros\/carepad-industrial-para-muros-columnas-y-bordes\/"]}]},{"@type":"ImageObject","inLanguage":"es","@id":"https:\/\/insulation.trocellen.com\/es\/applications\/proteccion-de-paredes-y-muros\/carepad-industrial-para-muros-columnas-y-bordes\/#primaryimage","url":"https:\/\/insulation.trocellen.com\/wp-content\/uploads\/sites\/6\/2023\/05\/carepad-fejlec.jpg","contentUrl":"https:\/\/insulation.trocellen.com\/wp-content\/uploads\/sites\/6\/2023\/05\/carepad-fejlec.jpg","width":1920,"height":300},{"@type":"BreadcrumbList","@id":"https:\/\/insulation.trocellen.com\/es\/applications\/proteccion-de-paredes-y-muros\/carepad-industrial-para-muros-columnas-y-bordes\/#breadcrumb","itemListElement":[{"@type":"ListItem","position":1,"name":"Home","item":"https:\/\/insulation.trocellen.com\/es\/"},{"@type":"ListItem","position":2,"name":"Aplicaciones","item":"https:\/\/insulation.trocellen.com\/es\/applications\/"},{"@type":"ListItem","position":3,"name":"PROTECCION DE PAREDES Y MUROS","item":"https:\/\/insulation.trocellen.com\/es\/applications\/proteccion-de-paredes-y-muros\/"},{"@type":"ListItem","position":4,"name":"Carepad, Industrial para muros, columnas y bordes"}]},{"@type":"WebSite","@id":"https:\/\/insulation.trocellen.com\/es\/#website","url":"https:\/\/insulation.trocellen.com\/es\/","name":"Trocellen Insulation","description":"","potentialAction":[{"@type":"SearchAction","target":{"@type":"EntryPoint","urlTemplate":"https:\/\/insulation.trocellen.com\/es\/?s={search_term_string}"},"query-input":{"@type":"PropertyValueSpecification","valueRequired":true,"valueName":"search_term_string"}}],"inLanguage":"es"}]}},"_links":{"self":[{"href":"https:\/\/insulation.trocellen.com\/es\/wp-json\/wp\/v2\/pages\/4227","targetHints":{"allow":["GET"]}}],"collection":[{"href":"https:\/\/insulation.trocellen.com\/es\/wp-json\/wp\/v2\/pages"}],"about":[{"href":"https:\/\/insulation.trocellen.com\/es\/wp-json\/wp\/v2\/types\/page"}],"author":[{"embeddable":true,"href":"https:\/\/insulation.trocellen.com\/es\/wp-json\/wp\/v2\/users\/1"}],"replies":[{"embeddable":true,"href":"https:\/\/insulation.trocellen.com\/es\/wp-json\/wp\/v2\/comments?post=4227"}],"version-history":[{"count":2,"href":"https:\/\/insulation.trocellen.com\/es\/wp-json\/wp\/v2\/pages\/4227\/revisions"}],"predecessor-version":[{"id":9777,"href":"https:\/\/insulation.trocellen.com\/es\/wp-json\/wp\/v2\/pages\/4227\/revisions\/9777"}],"up":[{"embeddable":true,"href":"https:\/\/insulation.trocellen.com\/es\/wp-json\/wp\/v2\/pages\/4131"}],"wp:featuredmedia":[{"embeddable":true,"href":"https:\/\/insulation.trocellen.com\/es\/wp-json\/wp\/v2\/media\/8884"}],"wp:attachment":[{"href":"https:\/\/insulation.trocellen.com\/es\/wp-json\/wp\/v2\/media?parent=4227"}],"curies":[{"name":"wp","href":"https:\/\/api.w.org\/{rel}","templated":true}]}}