{"id":4221,"date":"2013-12-12T17:27:07","date_gmt":"2013-12-12T17:27:07","guid":{"rendered":"https:\/\/insulation-new.trocellen.com\/carepad\/"},"modified":"2023-07-10T11:09:01","modified_gmt":"2023-07-10T11:09:01","slug":"carepad","status":"publish","type":"page","link":"https:\/\/insulation.trocellen.com\/es\/applications\/proteccion-de-paredes-y-muros\/carepad\/","title":{"rendered":"CarePad"},"content":{"rendered":"\n<figure class=\"wp-block-image\"><a href=\"https:\/\/insulation.trocellen.com\/wp-content\/uploads\/sites\/6\/2013\/12\/carepad-photo-1.jpg\" rel=\"attachment wp-att-1306\"><img decoding=\"async\" src=\"https:\/\/insulation.trocellen.com\/wp-content\/uploads\/sites\/6\/2013\/12\/carepad-photo-1-1024x490.jpg\" alt=\"carepad-photo\" class=\"wp-image-1306\"\/><\/a><\/figure>\n\n\n\n<p>Tener objetos de valor es una cuesti\u00f3n com\u00fan. Cuando tenemos un coche, una moto, una bicicleta o cualquier otro aparato es una gran responsabilidad mantener estos objetos de valor en la mejor condici\u00f3n posible.<\/p>\n\n\n\n<p>Cualquier rasgu\u00f1o en el color de la pintura, cualquier peque\u00f1a deformaci\u00f3n en las estructuras pueden ocasionar una gran p\u00e9rdida de valor de mercado. M\u00e1s a\u00fan esto puede suponer altos costes de reparaci\u00f3n y probablemente la p\u00e9rdida de la bonificaci\u00f3n de la p\u00f3liza del seguro. Por tanto tenemos que proteger nuestros objetos y mantenerlos en la mejor condici\u00f3n posible.<\/p>\n\n\n\n<p>En caso de cualquier golpe en el garaje la pared del edificio tambi\u00e9n puede da\u00f1arse, por lo que debemos evitarlo y protegemos al mismo tiempo.Por \u00faltimo, y no menos importante, cualquier accidente o lesi\u00f3n personal se deben evitar con una efectiva protecci\u00f3n.<\/p>\n\n\n\n<article id=\"post-73\" class=\"post-73 page type-page status-publish hentry\">\n<h2>Densidades<\/h2>\n<ul>\n<li>Espuma de polietileno reticulado<\/li>\n<li>espesor:10-15 mm<\/li>\n<li>disponible en diferentes tama\u00f1os<\/li>\n<li>Bajo demanda, tambi\u00e9n disponible en diferentes densidades, incluso en rollo.<\/li>\n<li>Se puede usar en paredes, pilares, puertas, p\u00e1rkings comunitarios, centros comerciales, garajes, etc.<\/li>\n<\/ul>\n<table>\n<tbody>\n<tr>\n<td><a href=\"https:\/\/insulation.trocellen.com\/wp-content\/uploads\/sites\/6\/2013\/12\/carepad2-1.jpg\" rel=\"attachment wp-att-1310\"><img loading=\"lazy\" decoding=\"async\" class=\"alignnone size-medium wp-image-1310\" src=\"https:\/\/insulation.trocellen.com\/wp-content\/uploads\/sites\/6\/2013\/12\/carepad2-1-300x201.jpg\" alt=\"carepad2\" width=\"300\" height=\"201\"><\/a><\/td>\n<td><a href=\"https:\/\/insulation.trocellen.com\/wp-content\/uploads\/sites\/6\/2013\/12\/carepad-motor.jpg\" rel=\"attachment wp-att-1313\"><img loading=\"lazy\" decoding=\"async\" class=\"alignnone size-medium wp-image-1313\" src=\"https:\/\/insulation.trocellen.com\/wp-content\/uploads\/sites\/6\/2013\/12\/carepad-motor-300x200.jpg\" alt=\"carepad motor\" width=\"300\" height=\"200\"><\/a><\/td>\n<\/tr>\n<\/tbody>\n<\/table>\n<h2>Aplicaciones<\/h2>\n<ul>\n<li>Simplemente quite el protector de la cinta autoadhesiva y pegue la protecci\u00f3n de espuma en una pared limpia del garaje.<\/li>\n<li>Temperaturas de la aplicaci\u00f3n: entre -40 y +70 \u00baC, en una superficie limpia<\/li>\n<\/ul>\n<h2>Propiedades<\/h2>\n<ul>\n<li>Autoadhesivo y f\u00e1cil de instalar<\/li>\n<li>De bajo peso\/ f\u00e1cil de transportar<\/li>\n<li>Flexible<\/li>\n<li>Muy buena adhesi\u00f3n<\/li>\n<li>Muy buena capacidad de resistencia mec\u00e1nica<\/li>\n<li>Estable dimensionalmente<\/li>\n<li>Hidr\u00f3fuga<\/li>\n<li>No t\u00f3xico<\/li>\n<li>Compatible con el medio ambiente<\/li>\n<li>Atractivo est\u00e9ticamente<\/li>\n<li>Disponible en diferentes colores, bajo demanda<\/li>\n<li>Puede ser personalizado con su logotipo<\/li>\n<\/ul>\n<table>\n<tbody>\n<tr>\n<td><a href=\"https:\/\/insulation.trocellen.com\/wp-content\/uploads\/sites\/6\/2013\/12\/carepad3-1.jpg\" rel=\"attachment wp-att-1317\"><img loading=\"lazy\" decoding=\"async\" class=\"alignnone size-medium wp-image-1317\" src=\"https:\/\/insulation.trocellen.com\/wp-content\/uploads\/sites\/6\/2013\/12\/carepad3-1-300x199.jpg\" alt=\"carepad3\" width=\"300\" height=\"199\"><\/a><\/td>\n<td><a href=\"https:\/\/insulation.trocellen.com\/wp-content\/uploads\/sites\/6\/2013\/12\/carepad4-1.jpg\" rel=\"attachment wp-att-1318\"><img loading=\"lazy\" decoding=\"async\" class=\"alignnone size-medium wp-image-1318\" src=\"https:\/\/insulation.trocellen.com\/wp-content\/uploads\/sites\/6\/2013\/12\/carepad4-1-300x200.jpg\" alt=\"carepad4\" width=\"300\" height=\"200\"><\/a><\/td>\n<\/tr>\n<\/tbody>\n<\/table>\n<\/article>\n","protected":false},"excerpt":{"rendered":"<p>Tener objetos de valor es una cuesti\u00f3n com\u00fan. Cuando tenemos un coche, una moto, una bicicleta o cualquier otro aparato es una gran responsabilidad mantener estos objetos de valor en la mejor condici\u00f3n posible. Cualquier rasgu\u00f1o en el color de la pintura, cualquier peque\u00f1a deformaci\u00f3n en las estructuras pueden ocasionar una gran p\u00e9rdida de valor [&hellip;]<\/p>\n","protected":false},"author":1,"featured_media":8884,"parent":4131,"menu_order":100,"comment_status":"open","ping_status":"closed","template":"templates\/applications.php","meta":{"_acf_changed":false,"footnotes":""},"class_list":["post-4221","page","type-page","status-publish","has-post-thumbnail","hentry"],"acf":[],"yoast_head":"<!-- This site is optimized with the Yoast SEO plugin v23.5 - https:\/\/yoast.com\/wordpress\/plugins\/seo\/ -->\n<title>\u00a1Proteja su coche y su garaje con Carepad!<\/title>\n<meta name=\"description\" content=\"Para paredes, pilares, puertas, garajes comunes, garajes de centros comerciales, etc. S\u00f3lo retire la l\u00e1mina autoadhesiva y p\u00e9guela en la pared limpia.\" \/>\n<meta name=\"robots\" content=\"index, follow, max-snippet:-1, max-image-preview:large, max-video-preview:-1\" \/>\n<link rel=\"canonical\" href=\"https:\/\/insulation.trocellen.com\/es\/applications\/proteccion-de-paredes-y-muros\/carepad\/\" \/>\n<meta property=\"og:locale\" content=\"es_ES\" \/>\n<meta property=\"og:type\" content=\"article\" \/>\n<meta property=\"og:title\" content=\"\u00a1Proteja su coche y su garaje con Carepad!\" \/>\n<meta property=\"og:description\" content=\"Para paredes, pilares, puertas, garajes comunes, garajes de centros comerciales, etc. S\u00f3lo retire la l\u00e1mina autoadhesiva y p\u00e9guela en la pared limpia.\" \/>\n<meta property=\"og:url\" content=\"https:\/\/insulation.trocellen.com\/es\/applications\/proteccion-de-paredes-y-muros\/carepad\/\" \/>\n<meta property=\"og:site_name\" content=\"Trocellen Insulation\" \/>\n<meta property=\"article:modified_time\" content=\"2023-07-10T11:09:01+00:00\" \/>\n<meta property=\"og:image\" content=\"https:\/\/insulation.trocellen.com\/wp-content\/uploads\/sites\/6\/2023\/05\/carepad-fejlec.jpg\" \/>\n\t<meta property=\"og:image:width\" content=\"1920\" \/>\n\t<meta property=\"og:image:height\" content=\"300\" \/>\n\t<meta property=\"og:image:type\" content=\"image\/jpeg\" \/>\n<meta name=\"twitter:card\" content=\"summary_large_image\" \/>\n<meta name=\"twitter:label1\" content=\"Tiempo de lectura\" \/>\n\t<meta name=\"twitter:data1\" content=\"3 minutos\" \/>\n<script type=\"application\/ld+json\" class=\"yoast-schema-graph\">{\"@context\":\"https:\/\/schema.org\",\"@graph\":[{\"@type\":\"WebPage\",\"@id\":\"https:\/\/insulation.trocellen.com\/es\/applications\/proteccion-de-paredes-y-muros\/carepad\/\",\"url\":\"https:\/\/insulation.trocellen.com\/es\/applications\/proteccion-de-paredes-y-muros\/carepad\/\",\"name\":\"\u00a1Proteja su coche y su garaje con Carepad!\",\"isPartOf\":{\"@id\":\"https:\/\/insulation.trocellen.com\/es\/#website\"},\"primaryImageOfPage\":{\"@id\":\"https:\/\/insulation.trocellen.com\/es\/applications\/proteccion-de-paredes-y-muros\/carepad\/#primaryimage\"},\"image\":{\"@id\":\"https:\/\/insulation.trocellen.com\/es\/applications\/proteccion-de-paredes-y-muros\/carepad\/#primaryimage\"},\"thumbnailUrl\":\"https:\/\/insulation.trocellen.com\/wp-content\/uploads\/sites\/6\/2023\/05\/carepad-fejlec.jpg\",\"datePublished\":\"2013-12-12T17:27:07+00:00\",\"dateModified\":\"2023-07-10T11:09:01+00:00\",\"description\":\"Para paredes, pilares, puertas, garajes comunes, garajes de centros comerciales, etc. S\u00f3lo retire la l\u00e1mina autoadhesiva y p\u00e9guela en la pared limpia.\",\"breadcrumb\":{\"@id\":\"https:\/\/insulation.trocellen.com\/es\/applications\/proteccion-de-paredes-y-muros\/carepad\/#breadcrumb\"},\"inLanguage\":\"es\",\"potentialAction\":[{\"@type\":\"ReadAction\",\"target\":[\"https:\/\/insulation.trocellen.com\/es\/applications\/proteccion-de-paredes-y-muros\/carepad\/\"]}]},{\"@type\":\"ImageObject\",\"inLanguage\":\"es\",\"@id\":\"https:\/\/insulation.trocellen.com\/es\/applications\/proteccion-de-paredes-y-muros\/carepad\/#primaryimage\",\"url\":\"https:\/\/insulation.trocellen.com\/wp-content\/uploads\/sites\/6\/2023\/05\/carepad-fejlec.jpg\",\"contentUrl\":\"https:\/\/insulation.trocellen.com\/wp-content\/uploads\/sites\/6\/2023\/05\/carepad-fejlec.jpg\",\"width\":1920,\"height\":300},{\"@type\":\"BreadcrumbList\",\"@id\":\"https:\/\/insulation.trocellen.com\/es\/applications\/proteccion-de-paredes-y-muros\/carepad\/#breadcrumb\",\"itemListElement\":[{\"@type\":\"ListItem\",\"position\":1,\"name\":\"Home\",\"item\":\"https:\/\/insulation.trocellen.com\/es\/\"},{\"@type\":\"ListItem\",\"position\":2,\"name\":\"Aplicaciones\",\"item\":\"https:\/\/insulation.trocellen.com\/es\/applications\/\"},{\"@type\":\"ListItem\",\"position\":3,\"name\":\"PROTECCION DE PAREDES Y MUROS\",\"item\":\"https:\/\/insulation.trocellen.com\/es\/applications\/proteccion-de-paredes-y-muros\/\"},{\"@type\":\"ListItem\",\"position\":4,\"name\":\"CarePad\"}]},{\"@type\":\"WebSite\",\"@id\":\"https:\/\/insulation.trocellen.com\/es\/#website\",\"url\":\"https:\/\/insulation.trocellen.com\/es\/\",\"name\":\"Trocellen Insulation\",\"description\":\"\",\"potentialAction\":[{\"@type\":\"SearchAction\",\"target\":{\"@type\":\"EntryPoint\",\"urlTemplate\":\"https:\/\/insulation.trocellen.com\/es\/?s={search_term_string}\"},\"query-input\":{\"@type\":\"PropertyValueSpecification\",\"valueRequired\":true,\"valueName\":\"search_term_string\"}}],\"inLanguage\":\"es\"}]}<\/script>\n<!-- \/ Yoast SEO plugin. -->","yoast_head_json":{"title":"\u00a1Proteja su coche y su garaje con Carepad!","description":"Para paredes, pilares, puertas, garajes comunes, garajes de centros comerciales, etc. S\u00f3lo retire la l\u00e1mina autoadhesiva y p\u00e9guela en la pared limpia.","robots":{"index":"index","follow":"follow","max-snippet":"max-snippet:-1","max-image-preview":"max-image-preview:large","max-video-preview":"max-video-preview:-1"},"canonical":"https:\/\/insulation.trocellen.com\/es\/applications\/proteccion-de-paredes-y-muros\/carepad\/","og_locale":"es_ES","og_type":"article","og_title":"\u00a1Proteja su coche y su garaje con Carepad!","og_description":"Para paredes, pilares, puertas, garajes comunes, garajes de centros comerciales, etc. S\u00f3lo retire la l\u00e1mina autoadhesiva y p\u00e9guela en la pared limpia.","og_url":"https:\/\/insulation.trocellen.com\/es\/applications\/proteccion-de-paredes-y-muros\/carepad\/","og_site_name":"Trocellen Insulation","article_modified_time":"2023-07-10T11:09:01+00:00","og_image":[{"width":1920,"height":300,"url":"https:\/\/insulation.trocellen.com\/wp-content\/uploads\/sites\/6\/2023\/05\/carepad-fejlec.jpg","type":"image\/jpeg"}],"twitter_card":"summary_large_image","twitter_misc":{"Tiempo de lectura":"3 minutos"},"schema":{"@context":"https:\/\/schema.org","@graph":[{"@type":"WebPage","@id":"https:\/\/insulation.trocellen.com\/es\/applications\/proteccion-de-paredes-y-muros\/carepad\/","url":"https:\/\/insulation.trocellen.com\/es\/applications\/proteccion-de-paredes-y-muros\/carepad\/","name":"\u00a1Proteja su coche y su garaje con Carepad!","isPartOf":{"@id":"https:\/\/insulation.trocellen.com\/es\/#website"},"primaryImageOfPage":{"@id":"https:\/\/insulation.trocellen.com\/es\/applications\/proteccion-de-paredes-y-muros\/carepad\/#primaryimage"},"image":{"@id":"https:\/\/insulation.trocellen.com\/es\/applications\/proteccion-de-paredes-y-muros\/carepad\/#primaryimage"},"thumbnailUrl":"https:\/\/insulation.trocellen.com\/wp-content\/uploads\/sites\/6\/2023\/05\/carepad-fejlec.jpg","datePublished":"2013-12-12T17:27:07+00:00","dateModified":"2023-07-10T11:09:01+00:00","description":"Para paredes, pilares, puertas, garajes comunes, garajes de centros comerciales, etc. S\u00f3lo retire la l\u00e1mina autoadhesiva y p\u00e9guela en la pared limpia.","breadcrumb":{"@id":"https:\/\/insulation.trocellen.com\/es\/applications\/proteccion-de-paredes-y-muros\/carepad\/#breadcrumb"},"inLanguage":"es","potentialAction":[{"@type":"ReadAction","target":["https:\/\/insulation.trocellen.com\/es\/applications\/proteccion-de-paredes-y-muros\/carepad\/"]}]},{"@type":"ImageObject","inLanguage":"es","@id":"https:\/\/insulation.trocellen.com\/es\/applications\/proteccion-de-paredes-y-muros\/carepad\/#primaryimage","url":"https:\/\/insulation.trocellen.com\/wp-content\/uploads\/sites\/6\/2023\/05\/carepad-fejlec.jpg","contentUrl":"https:\/\/insulation.trocellen.com\/wp-content\/uploads\/sites\/6\/2023\/05\/carepad-fejlec.jpg","width":1920,"height":300},{"@type":"BreadcrumbList","@id":"https:\/\/insulation.trocellen.com\/es\/applications\/proteccion-de-paredes-y-muros\/carepad\/#breadcrumb","itemListElement":[{"@type":"ListItem","position":1,"name":"Home","item":"https:\/\/insulation.trocellen.com\/es\/"},{"@type":"ListItem","position":2,"name":"Aplicaciones","item":"https:\/\/insulation.trocellen.com\/es\/applications\/"},{"@type":"ListItem","position":3,"name":"PROTECCION DE PAREDES Y MUROS","item":"https:\/\/insulation.trocellen.com\/es\/applications\/proteccion-de-paredes-y-muros\/"},{"@type":"ListItem","position":4,"name":"CarePad"}]},{"@type":"WebSite","@id":"https:\/\/insulation.trocellen.com\/es\/#website","url":"https:\/\/insulation.trocellen.com\/es\/","name":"Trocellen Insulation","description":"","potentialAction":[{"@type":"SearchAction","target":{"@type":"EntryPoint","urlTemplate":"https:\/\/insulation.trocellen.com\/es\/?s={search_term_string}"},"query-input":{"@type":"PropertyValueSpecification","valueRequired":true,"valueName":"search_term_string"}}],"inLanguage":"es"}]}},"_links":{"self":[{"href":"https:\/\/insulation.trocellen.com\/es\/wp-json\/wp\/v2\/pages\/4221","targetHints":{"allow":["GET"]}}],"collection":[{"href":"https:\/\/insulation.trocellen.com\/es\/wp-json\/wp\/v2\/pages"}],"about":[{"href":"https:\/\/insulation.trocellen.com\/es\/wp-json\/wp\/v2\/types\/page"}],"author":[{"embeddable":true,"href":"https:\/\/insulation.trocellen.com\/es\/wp-json\/wp\/v2\/users\/1"}],"replies":[{"embeddable":true,"href":"https:\/\/insulation.trocellen.com\/es\/wp-json\/wp\/v2\/comments?post=4221"}],"version-history":[{"count":1,"href":"https:\/\/insulation.trocellen.com\/es\/wp-json\/wp\/v2\/pages\/4221\/revisions"}],"predecessor-version":[{"id":5904,"href":"https:\/\/insulation.trocellen.com\/es\/wp-json\/wp\/v2\/pages\/4221\/revisions\/5904"}],"up":[{"embeddable":true,"href":"https:\/\/insulation.trocellen.com\/es\/wp-json\/wp\/v2\/pages\/4131"}],"wp:featuredmedia":[{"embeddable":true,"href":"https:\/\/insulation.trocellen.com\/es\/wp-json\/wp\/v2\/media\/8884"}],"wp:attachment":[{"href":"https:\/\/insulation.trocellen.com\/es\/wp-json\/wp\/v2\/media?parent=4221"}],"curies":[{"name":"wp","href":"https:\/\/api.w.org\/{rel}","templated":true}]}}