{"id":4215,"date":"2013-12-12T17:26:32","date_gmt":"2013-12-12T17:26:32","guid":{"rendered":"https:\/\/insulation-new.trocellen.com\/airsilent\/"},"modified":"2023-07-10T10:59:44","modified_gmt":"2023-07-10T10:59:44","slug":"airsilent","status":"publish","type":"page","link":"https:\/\/insulation.trocellen.com\/es\/applications\/aislamiento-acustico-de-bajantes\/airsilent\/","title":{"rendered":"Airsilent"},"content":{"rendered":"<p>Muchos tipos de ruidos diferentes est\u00e1n presentes en nuestras casas y generalmente en nuestras vidas. Trocellen contin\u00faa desarrollando soluciones en espuma para proporcionar los mejores aislantes t\u00e9rmicos y ac\u00fasticos para mejorar tu comodidad.<\/p>\n<h2>El producto<\/h2>\n<p>Flexible, espumas de estrucutura celulaa abierta de Poliuretano base poli\u00e9ster usadas para acondicionamiento y aislamiento ac\u00fastico. Airsilent puede ser cortado forma de pir\u00e1mide haciendo el producto est\u00e9ticamente m\u00e1s atractivo para usos externos.<\/p>\n<h3>Caracter\u00edsticas Termof\u00edsicas<\/h3>\n<p><a href=\"https:\/\/insulation.trocellen.com\/wp-content\/uploads\/sites\/6\/2013\/12\/Airsilent_gamma-completa_small.jpg\" rel=\"attachment wp-att-978\"><img loading=\"lazy\" decoding=\"async\" class=\"size-full wp-image-978 alignnone\" src=\"https:\/\/insulation.trocellen.com\/wp-content\/uploads\/sites\/6\/2013\/12\/Airsilent_gamma-completa_small.jpg\" alt=\"Airsilent_gamma-completa_small\" width=\"150\" height=\"100\"><\/a><\/p>\n<ul>\n<li>Densidad: 25-30 kg\/m\u00b3<\/li>\n<li>Colores: Antracita<\/li>\n<li>Estructura de celular uniforme<\/li>\n<li>Resistente a la corriente de aire mejorando la absorci\u00f3n del sonido<\/li>\n<li>hist\u00e9resis incrementada l elasticidad reducidad para una absorci\u00f3n mejorada a los golpes.<\/li>\n<li>Resistente a disolventes org\u00e1nicos<\/li>\n<li>Resistente al desgarro<\/li>\n<li>Duradero<\/li>\n<li>Resistente a temperaturas entre -20 y +120 \u00baC<\/li>\n<\/ul>\n<h3>Gamas de producto<\/h3>\n<h4>Airsilent &nbsp;Plano<\/h4>\n<ul>\n<li>K type \u2013 antracita colores<\/li>\n<li>KP Type &#8211; en un lado recubiertos con film de Polietileno negro<\/li>\n<li>AL Type &#8211; en un lado recubiertos con film de Polietileno met\u00e1lizado<\/li>\n<li>K-ALU Type &#8211; en un lado con pel\u00edcula aluminio perforado<\/li>\n<li>Disponible en rollos de diferentes espesores y longitudes<\/li>\n<li>El film de recubrimiento negro o metalizado es aplicado para protecci\u00f3n, haciendo que las espumas resistan a la suciedad y humedad, prolongando su larga vida.<\/li>\n<\/ul>\n<p><img loading=\"lazy\" decoding=\"async\" class=\"size-thumbnail wp-image-144 alignright\" src=\"https:\/\/insulation.trocellen.com\/wp-content\/uploads\/sites\/6\/2013\/12\/airsilent2-150x150.jpg\" alt=\"airsilent2\" width=\"150\" height=\"150\"><\/p>\n<h4>Con forma de huevera Airsilent<\/h4>\n<ul>\n<li>K type \u2013 colores antracita<\/li>\n<li>Disponible en rollos de diferentes espesoree y longitudes<\/li>\n<li>Disponible en 40 mm de espesor en l\u00e1minas de 1.00 x 2.00 m<\/li>\n<\/ul>\n","protected":false},"excerpt":{"rendered":"<p>Muchos tipos de ruidos diferentes est\u00e1n presentes en nuestras casas y generalmente en nuestras vidas. Trocellen contin\u00faa desarrollando soluciones en espuma para proporcionar los mejores aislantes t\u00e9rmicos y ac\u00fasticos para mejorar tu comodidad. El producto Flexible, espumas de estrucutura celulaa abierta de Poliuretano base poli\u00e9ster usadas para acondicionamiento y aislamiento ac\u00fastico. Airsilent puede ser cortado [&hellip;]<\/p>\n","protected":false},"author":1,"featured_media":8851,"parent":4125,"menu_order":400,"comment_status":"open","ping_status":"closed","template":"templates\/applications.php","meta":{"_acf_changed":false,"footnotes":""},"class_list":["post-4215","page","type-page","status-publish","has-post-thumbnail","hentry"],"acf":[],"yoast_head":"<!-- This site is optimized with the Yoast SEO plugin v23.5 - https:\/\/yoast.com\/wordpress\/plugins\/seo\/ -->\n<title>Trocellen airsilent es un aislamiento ac\u00fastico profesional<\/title>\n<meta name=\"description\" content=\"Airsilent es una espuma de insonorizaci\u00f3n de poliuretano flexible de c\u00e9lula abierta a base de poli\u00e9ster. Es est\u00e9tico, gracias a las formas piramidales.\" \/>\n<meta name=\"robots\" content=\"index, follow, max-snippet:-1, max-image-preview:large, max-video-preview:-1\" \/>\n<link rel=\"canonical\" href=\"https:\/\/insulation.trocellen.com\/es\/applications\/aislamiento-acustico-de-bajantes\/airsilent\/\" \/>\n<meta property=\"og:locale\" content=\"es_ES\" \/>\n<meta property=\"og:type\" content=\"article\" \/>\n<meta property=\"og:title\" content=\"Trocellen airsilent es un aislamiento ac\u00fastico profesional\" \/>\n<meta property=\"og:description\" content=\"Airsilent es una espuma de insonorizaci\u00f3n de poliuretano flexible de c\u00e9lula abierta a base de poli\u00e9ster. Es est\u00e9tico, gracias a las formas piramidales.\" \/>\n<meta property=\"og:url\" content=\"https:\/\/insulation.trocellen.com\/es\/applications\/aislamiento-acustico-de-bajantes\/airsilent\/\" \/>\n<meta property=\"og:site_name\" content=\"Trocellen Insulation\" \/>\n<meta property=\"article:modified_time\" content=\"2023-07-10T10:59:44+00:00\" \/>\n<meta property=\"og:image\" content=\"https:\/\/insulation.trocellen.com\/wp-content\/uploads\/sites\/6\/2023\/05\/drain-pipe-fejlec.jpg\" \/>\n\t<meta property=\"og:image:width\" content=\"1920\" \/>\n\t<meta property=\"og:image:height\" content=\"300\" \/>\n\t<meta property=\"og:image:type\" content=\"image\/jpeg\" \/>\n<meta name=\"twitter:card\" content=\"summary_large_image\" \/>\n<meta name=\"twitter:label1\" content=\"Tiempo de lectura\" \/>\n\t<meta name=\"twitter:data1\" content=\"2 minutos\" \/>\n<script type=\"application\/ld+json\" class=\"yoast-schema-graph\">{\"@context\":\"https:\/\/schema.org\",\"@graph\":[{\"@type\":\"WebPage\",\"@id\":\"https:\/\/insulation.trocellen.com\/es\/applications\/aislamiento-acustico-de-bajantes\/airsilent\/\",\"url\":\"https:\/\/insulation.trocellen.com\/es\/applications\/aislamiento-acustico-de-bajantes\/airsilent\/\",\"name\":\"Trocellen airsilent es un aislamiento ac\u00fastico profesional\",\"isPartOf\":{\"@id\":\"https:\/\/insulation.trocellen.com\/es\/#website\"},\"primaryImageOfPage\":{\"@id\":\"https:\/\/insulation.trocellen.com\/es\/applications\/aislamiento-acustico-de-bajantes\/airsilent\/#primaryimage\"},\"image\":{\"@id\":\"https:\/\/insulation.trocellen.com\/es\/applications\/aislamiento-acustico-de-bajantes\/airsilent\/#primaryimage\"},\"thumbnailUrl\":\"https:\/\/insulation.trocellen.com\/wp-content\/uploads\/sites\/6\/2023\/05\/drain-pipe-fejlec.jpg\",\"datePublished\":\"2013-12-12T17:26:32+00:00\",\"dateModified\":\"2023-07-10T10:59:44+00:00\",\"description\":\"Airsilent es una espuma de insonorizaci\u00f3n de poliuretano flexible de c\u00e9lula abierta a base de poli\u00e9ster. Es est\u00e9tico, gracias a las formas piramidales.\",\"breadcrumb\":{\"@id\":\"https:\/\/insulation.trocellen.com\/es\/applications\/aislamiento-acustico-de-bajantes\/airsilent\/#breadcrumb\"},\"inLanguage\":\"es\",\"potentialAction\":[{\"@type\":\"ReadAction\",\"target\":[\"https:\/\/insulation.trocellen.com\/es\/applications\/aislamiento-acustico-de-bajantes\/airsilent\/\"]}]},{\"@type\":\"ImageObject\",\"inLanguage\":\"es\",\"@id\":\"https:\/\/insulation.trocellen.com\/es\/applications\/aislamiento-acustico-de-bajantes\/airsilent\/#primaryimage\",\"url\":\"https:\/\/insulation.trocellen.com\/wp-content\/uploads\/sites\/6\/2023\/05\/drain-pipe-fejlec.jpg\",\"contentUrl\":\"https:\/\/insulation.trocellen.com\/wp-content\/uploads\/sites\/6\/2023\/05\/drain-pipe-fejlec.jpg\",\"width\":1920,\"height\":300},{\"@type\":\"BreadcrumbList\",\"@id\":\"https:\/\/insulation.trocellen.com\/es\/applications\/aislamiento-acustico-de-bajantes\/airsilent\/#breadcrumb\",\"itemListElement\":[{\"@type\":\"ListItem\",\"position\":1,\"name\":\"Home\",\"item\":\"https:\/\/insulation.trocellen.com\/es\/\"},{\"@type\":\"ListItem\",\"position\":2,\"name\":\"Aplicaciones\",\"item\":\"https:\/\/insulation.trocellen.com\/es\/applications\/\"},{\"@type\":\"ListItem\",\"position\":3,\"name\":\"Aislamiento ac\u00fastico de bajantes\",\"item\":\"https:\/\/insulation.trocellen.com\/es\/applications\/aislamiento-acustico-de-bajantes\/\"},{\"@type\":\"ListItem\",\"position\":4,\"name\":\"Airsilent\"}]},{\"@type\":\"WebSite\",\"@id\":\"https:\/\/insulation.trocellen.com\/es\/#website\",\"url\":\"https:\/\/insulation.trocellen.com\/es\/\",\"name\":\"Trocellen Insulation\",\"description\":\"\",\"potentialAction\":[{\"@type\":\"SearchAction\",\"target\":{\"@type\":\"EntryPoint\",\"urlTemplate\":\"https:\/\/insulation.trocellen.com\/es\/?s={search_term_string}\"},\"query-input\":{\"@type\":\"PropertyValueSpecification\",\"valueRequired\":true,\"valueName\":\"search_term_string\"}}],\"inLanguage\":\"es\"}]}<\/script>\n<!-- \/ Yoast SEO plugin. -->","yoast_head_json":{"title":"Trocellen airsilent es un aislamiento ac\u00fastico profesional","description":"Airsilent es una espuma de insonorizaci\u00f3n de poliuretano flexible de c\u00e9lula abierta a base de poli\u00e9ster. Es est\u00e9tico, gracias a las formas piramidales.","robots":{"index":"index","follow":"follow","max-snippet":"max-snippet:-1","max-image-preview":"max-image-preview:large","max-video-preview":"max-video-preview:-1"},"canonical":"https:\/\/insulation.trocellen.com\/es\/applications\/aislamiento-acustico-de-bajantes\/airsilent\/","og_locale":"es_ES","og_type":"article","og_title":"Trocellen airsilent es un aislamiento ac\u00fastico profesional","og_description":"Airsilent es una espuma de insonorizaci\u00f3n de poliuretano flexible de c\u00e9lula abierta a base de poli\u00e9ster. Es est\u00e9tico, gracias a las formas piramidales.","og_url":"https:\/\/insulation.trocellen.com\/es\/applications\/aislamiento-acustico-de-bajantes\/airsilent\/","og_site_name":"Trocellen Insulation","article_modified_time":"2023-07-10T10:59:44+00:00","og_image":[{"width":1920,"height":300,"url":"https:\/\/insulation.trocellen.com\/wp-content\/uploads\/sites\/6\/2023\/05\/drain-pipe-fejlec.jpg","type":"image\/jpeg"}],"twitter_card":"summary_large_image","twitter_misc":{"Tiempo de lectura":"2 minutos"},"schema":{"@context":"https:\/\/schema.org","@graph":[{"@type":"WebPage","@id":"https:\/\/insulation.trocellen.com\/es\/applications\/aislamiento-acustico-de-bajantes\/airsilent\/","url":"https:\/\/insulation.trocellen.com\/es\/applications\/aislamiento-acustico-de-bajantes\/airsilent\/","name":"Trocellen airsilent es un aislamiento ac\u00fastico profesional","isPartOf":{"@id":"https:\/\/insulation.trocellen.com\/es\/#website"},"primaryImageOfPage":{"@id":"https:\/\/insulation.trocellen.com\/es\/applications\/aislamiento-acustico-de-bajantes\/airsilent\/#primaryimage"},"image":{"@id":"https:\/\/insulation.trocellen.com\/es\/applications\/aislamiento-acustico-de-bajantes\/airsilent\/#primaryimage"},"thumbnailUrl":"https:\/\/insulation.trocellen.com\/wp-content\/uploads\/sites\/6\/2023\/05\/drain-pipe-fejlec.jpg","datePublished":"2013-12-12T17:26:32+00:00","dateModified":"2023-07-10T10:59:44+00:00","description":"Airsilent es una espuma de insonorizaci\u00f3n de poliuretano flexible de c\u00e9lula abierta a base de poli\u00e9ster. Es est\u00e9tico, gracias a las formas piramidales.","breadcrumb":{"@id":"https:\/\/insulation.trocellen.com\/es\/applications\/aislamiento-acustico-de-bajantes\/airsilent\/#breadcrumb"},"inLanguage":"es","potentialAction":[{"@type":"ReadAction","target":["https:\/\/insulation.trocellen.com\/es\/applications\/aislamiento-acustico-de-bajantes\/airsilent\/"]}]},{"@type":"ImageObject","inLanguage":"es","@id":"https:\/\/insulation.trocellen.com\/es\/applications\/aislamiento-acustico-de-bajantes\/airsilent\/#primaryimage","url":"https:\/\/insulation.trocellen.com\/wp-content\/uploads\/sites\/6\/2023\/05\/drain-pipe-fejlec.jpg","contentUrl":"https:\/\/insulation.trocellen.com\/wp-content\/uploads\/sites\/6\/2023\/05\/drain-pipe-fejlec.jpg","width":1920,"height":300},{"@type":"BreadcrumbList","@id":"https:\/\/insulation.trocellen.com\/es\/applications\/aislamiento-acustico-de-bajantes\/airsilent\/#breadcrumb","itemListElement":[{"@type":"ListItem","position":1,"name":"Home","item":"https:\/\/insulation.trocellen.com\/es\/"},{"@type":"ListItem","position":2,"name":"Aplicaciones","item":"https:\/\/insulation.trocellen.com\/es\/applications\/"},{"@type":"ListItem","position":3,"name":"Aislamiento ac\u00fastico de bajantes","item":"https:\/\/insulation.trocellen.com\/es\/applications\/aislamiento-acustico-de-bajantes\/"},{"@type":"ListItem","position":4,"name":"Airsilent"}]},{"@type":"WebSite","@id":"https:\/\/insulation.trocellen.com\/es\/#website","url":"https:\/\/insulation.trocellen.com\/es\/","name":"Trocellen Insulation","description":"","potentialAction":[{"@type":"SearchAction","target":{"@type":"EntryPoint","urlTemplate":"https:\/\/insulation.trocellen.com\/es\/?s={search_term_string}"},"query-input":{"@type":"PropertyValueSpecification","valueRequired":true,"valueName":"search_term_string"}}],"inLanguage":"es"}]}},"_links":{"self":[{"href":"https:\/\/insulation.trocellen.com\/es\/wp-json\/wp\/v2\/pages\/4215","targetHints":{"allow":["GET"]}}],"collection":[{"href":"https:\/\/insulation.trocellen.com\/es\/wp-json\/wp\/v2\/pages"}],"about":[{"href":"https:\/\/insulation.trocellen.com\/es\/wp-json\/wp\/v2\/types\/page"}],"author":[{"embeddable":true,"href":"https:\/\/insulation.trocellen.com\/es\/wp-json\/wp\/v2\/users\/1"}],"replies":[{"embeddable":true,"href":"https:\/\/insulation.trocellen.com\/es\/wp-json\/wp\/v2\/comments?post=4215"}],"version-history":[{"count":6,"href":"https:\/\/insulation.trocellen.com\/es\/wp-json\/wp\/v2\/pages\/4215\/revisions"}],"predecessor-version":[{"id":9766,"href":"https:\/\/insulation.trocellen.com\/es\/wp-json\/wp\/v2\/pages\/4215\/revisions\/9766"}],"up":[{"embeddable":true,"href":"https:\/\/insulation.trocellen.com\/es\/wp-json\/wp\/v2\/pages\/4125"}],"wp:featuredmedia":[{"embeddable":true,"href":"https:\/\/insulation.trocellen.com\/es\/wp-json\/wp\/v2\/media\/8851"}],"wp:attachment":[{"href":"https:\/\/insulation.trocellen.com\/es\/wp-json\/wp\/v2\/media?parent=4215"}],"curies":[{"name":"wp","href":"https:\/\/api.w.org\/{rel}","templated":true}]}}