{"id":4209,"date":"2013-12-12T17:26:20","date_gmt":"2013-12-12T17:26:20","guid":{"rendered":"https:\/\/insulation-new.trocellen.com\/trocellen-isolmass-2\/"},"modified":"2023-07-10T11:01:00","modified_gmt":"2023-07-10T11:01:00","slug":"trocellen-isolmass-2","status":"publish","type":"page","link":"https:\/\/insulation.trocellen.com\/es\/applications\/aislamiento-acustico-de-bajantes\/trocellen-isolmass-2\/","title":{"rendered":"Trocellen Isolmass"},"content":{"rendered":"<p>Isolmass es la soluci\u00f3n alternativa de aislamiento ac\u00fastico. Trocellen desarroll\u00f3 Isolmass para satisfacer a aquellos clientes quienes prefer\u00edan no usar plomo en sus soluciones de aislamiento ac\u00fastico.<\/p>\n<p>Los productos Isolmass son espumas Trocellen multicapa combinadas con una lamina pesada de Poliolefina, laminada con materiales flexibles, resilientes, y absorbentes ac\u00fasticos.<\/p>\n<h3>Las ventajas de las masas pesadas de Poliolefina comparadas con el plomo<\/h3>\n<ul>\n<li>No t\u00f3xico<\/li>\n<li>Combina con facilidad con espumas Trocellen, obteniendo un producto completamente reutilizable.<\/li>\n<li>Rollo anchura &gt;&nbsp;1 m<\/li>\n<\/ul>\n<h2>Isolmass 11<\/h2>\n<h4>Composici\u00f3n:<\/h4>\n<ul>\n<li>Lamina de espuma de polietileno (antivibraci\u00f3n) 3 mm de espesro<\/li>\n<li>Lamina pesada de 4kg\/m\u00b2<\/li>\n<li>Espuma de PU con estructura celular abierta de PU, espesor inicial 12 mm (Absorci\u00f3n al sonido)<\/li>\n<\/ul>\n<h4>Usos:<\/h4>\n<ul>\n<li>Absorci\u00f3n ruido aerero en tuberias de saneamiento<\/li>\n<li>Aislamiento ac\u00fastico para paredes<\/li>\n<\/ul>\n","protected":false},"excerpt":{"rendered":"<p>Isolmass es la soluci\u00f3n alternativa de aislamiento ac\u00fastico. Trocellen desarroll\u00f3 Isolmass para satisfacer a aquellos clientes quienes prefer\u00edan no usar plomo en sus soluciones de aislamiento ac\u00fastico. Los productos Isolmass son espumas Trocellen multicapa combinadas con una lamina pesada de Poliolefina, laminada con materiales flexibles, resilientes, y absorbentes ac\u00fasticos. Las ventajas de las masas pesadas [&hellip;]<\/p>\n","protected":false},"author":1,"featured_media":0,"parent":4125,"menu_order":300,"comment_status":"open","ping_status":"closed","template":"templates\/applications.php","meta":{"_acf_changed":false,"footnotes":""},"class_list":["post-4209","page","type-page","status-publish","hentry"],"acf":[],"yoast_head":"<!-- This site is optimized with the Yoast SEO plugin v23.5 - https:\/\/yoast.com\/wordpress\/plugins\/seo\/ -->\n<title>Isolmass 11 es una soluci\u00f3n insonorizante libre de plomo<\/title>\n<meta name=\"description\" content=\"Los productos Isolmass son espumas Trocellen multicapa combinadas con una capa pesada de poliolefina y materiales flexibles, resilientes y fonoabsorbentes.\" \/>\n<meta name=\"robots\" content=\"index, follow, max-snippet:-1, max-image-preview:large, max-video-preview:-1\" \/>\n<link rel=\"canonical\" href=\"https:\/\/insulation.trocellen.com\/es\/applications\/aislamiento-acustico-de-bajantes\/trocellen-isolmass-2\/\" \/>\n<meta property=\"og:locale\" content=\"es_ES\" \/>\n<meta property=\"og:type\" content=\"article\" \/>\n<meta property=\"og:title\" content=\"Isolmass 11 es una soluci\u00f3n insonorizante libre de plomo\" \/>\n<meta property=\"og:description\" content=\"Los productos Isolmass son espumas Trocellen multicapa combinadas con una capa pesada de poliolefina y materiales flexibles, resilientes y fonoabsorbentes.\" \/>\n<meta property=\"og:url\" content=\"https:\/\/insulation.trocellen.com\/es\/applications\/aislamiento-acustico-de-bajantes\/trocellen-isolmass-2\/\" \/>\n<meta property=\"og:site_name\" content=\"Trocellen Insulation\" \/>\n<meta property=\"article:modified_time\" content=\"2023-07-10T11:01:00+00:00\" \/>\n<meta name=\"twitter:card\" content=\"summary_large_image\" \/>\n<meta name=\"twitter:label1\" content=\"Tiempo de lectura\" \/>\n\t<meta name=\"twitter:data1\" content=\"1 minuto\" \/>\n<script type=\"application\/ld+json\" class=\"yoast-schema-graph\">{\"@context\":\"https:\/\/schema.org\",\"@graph\":[{\"@type\":\"WebPage\",\"@id\":\"https:\/\/insulation.trocellen.com\/es\/applications\/aislamiento-acustico-de-bajantes\/trocellen-isolmass-2\/\",\"url\":\"https:\/\/insulation.trocellen.com\/es\/applications\/aislamiento-acustico-de-bajantes\/trocellen-isolmass-2\/\",\"name\":\"Isolmass 11 es una soluci\u00f3n insonorizante libre de plomo\",\"isPartOf\":{\"@id\":\"https:\/\/insulation.trocellen.com\/es\/#website\"},\"datePublished\":\"2013-12-12T17:26:20+00:00\",\"dateModified\":\"2023-07-10T11:01:00+00:00\",\"description\":\"Los productos Isolmass son espumas Trocellen multicapa combinadas con una capa pesada de poliolefina y materiales flexibles, resilientes y fonoabsorbentes.\",\"breadcrumb\":{\"@id\":\"https:\/\/insulation.trocellen.com\/es\/applications\/aislamiento-acustico-de-bajantes\/trocellen-isolmass-2\/#breadcrumb\"},\"inLanguage\":\"es\",\"potentialAction\":[{\"@type\":\"ReadAction\",\"target\":[\"https:\/\/insulation.trocellen.com\/es\/applications\/aislamiento-acustico-de-bajantes\/trocellen-isolmass-2\/\"]}]},{\"@type\":\"BreadcrumbList\",\"@id\":\"https:\/\/insulation.trocellen.com\/es\/applications\/aislamiento-acustico-de-bajantes\/trocellen-isolmass-2\/#breadcrumb\",\"itemListElement\":[{\"@type\":\"ListItem\",\"position\":1,\"name\":\"Home\",\"item\":\"https:\/\/insulation.trocellen.com\/es\/\"},{\"@type\":\"ListItem\",\"position\":2,\"name\":\"Aplicaciones\",\"item\":\"https:\/\/insulation.trocellen.com\/es\/applications\/\"},{\"@type\":\"ListItem\",\"position\":3,\"name\":\"Aislamiento ac\u00fastico de bajantes\",\"item\":\"https:\/\/insulation.trocellen.com\/es\/applications\/aislamiento-acustico-de-bajantes\/\"},{\"@type\":\"ListItem\",\"position\":4,\"name\":\"Trocellen Isolmass\"}]},{\"@type\":\"WebSite\",\"@id\":\"https:\/\/insulation.trocellen.com\/es\/#website\",\"url\":\"https:\/\/insulation.trocellen.com\/es\/\",\"name\":\"Trocellen Insulation\",\"description\":\"\",\"potentialAction\":[{\"@type\":\"SearchAction\",\"target\":{\"@type\":\"EntryPoint\",\"urlTemplate\":\"https:\/\/insulation.trocellen.com\/es\/?s={search_term_string}\"},\"query-input\":{\"@type\":\"PropertyValueSpecification\",\"valueRequired\":true,\"valueName\":\"search_term_string\"}}],\"inLanguage\":\"es\"}]}<\/script>\n<!-- \/ Yoast SEO plugin. -->","yoast_head_json":{"title":"Isolmass 11 es una soluci\u00f3n insonorizante libre de plomo","description":"Los productos Isolmass son espumas Trocellen multicapa combinadas con una capa pesada de poliolefina y materiales flexibles, resilientes y fonoabsorbentes.","robots":{"index":"index","follow":"follow","max-snippet":"max-snippet:-1","max-image-preview":"max-image-preview:large","max-video-preview":"max-video-preview:-1"},"canonical":"https:\/\/insulation.trocellen.com\/es\/applications\/aislamiento-acustico-de-bajantes\/trocellen-isolmass-2\/","og_locale":"es_ES","og_type":"article","og_title":"Isolmass 11 es una soluci\u00f3n insonorizante libre de plomo","og_description":"Los productos Isolmass son espumas Trocellen multicapa combinadas con una capa pesada de poliolefina y materiales flexibles, resilientes y fonoabsorbentes.","og_url":"https:\/\/insulation.trocellen.com\/es\/applications\/aislamiento-acustico-de-bajantes\/trocellen-isolmass-2\/","og_site_name":"Trocellen Insulation","article_modified_time":"2023-07-10T11:01:00+00:00","twitter_card":"summary_large_image","twitter_misc":{"Tiempo de lectura":"1 minuto"},"schema":{"@context":"https:\/\/schema.org","@graph":[{"@type":"WebPage","@id":"https:\/\/insulation.trocellen.com\/es\/applications\/aislamiento-acustico-de-bajantes\/trocellen-isolmass-2\/","url":"https:\/\/insulation.trocellen.com\/es\/applications\/aislamiento-acustico-de-bajantes\/trocellen-isolmass-2\/","name":"Isolmass 11 es una soluci\u00f3n insonorizante libre de plomo","isPartOf":{"@id":"https:\/\/insulation.trocellen.com\/es\/#website"},"datePublished":"2013-12-12T17:26:20+00:00","dateModified":"2023-07-10T11:01:00+00:00","description":"Los productos Isolmass son espumas Trocellen multicapa combinadas con una capa pesada de poliolefina y materiales flexibles, resilientes y fonoabsorbentes.","breadcrumb":{"@id":"https:\/\/insulation.trocellen.com\/es\/applications\/aislamiento-acustico-de-bajantes\/trocellen-isolmass-2\/#breadcrumb"},"inLanguage":"es","potentialAction":[{"@type":"ReadAction","target":["https:\/\/insulation.trocellen.com\/es\/applications\/aislamiento-acustico-de-bajantes\/trocellen-isolmass-2\/"]}]},{"@type":"BreadcrumbList","@id":"https:\/\/insulation.trocellen.com\/es\/applications\/aislamiento-acustico-de-bajantes\/trocellen-isolmass-2\/#breadcrumb","itemListElement":[{"@type":"ListItem","position":1,"name":"Home","item":"https:\/\/insulation.trocellen.com\/es\/"},{"@type":"ListItem","position":2,"name":"Aplicaciones","item":"https:\/\/insulation.trocellen.com\/es\/applications\/"},{"@type":"ListItem","position":3,"name":"Aislamiento ac\u00fastico de bajantes","item":"https:\/\/insulation.trocellen.com\/es\/applications\/aislamiento-acustico-de-bajantes\/"},{"@type":"ListItem","position":4,"name":"Trocellen Isolmass"}]},{"@type":"WebSite","@id":"https:\/\/insulation.trocellen.com\/es\/#website","url":"https:\/\/insulation.trocellen.com\/es\/","name":"Trocellen Insulation","description":"","potentialAction":[{"@type":"SearchAction","target":{"@type":"EntryPoint","urlTemplate":"https:\/\/insulation.trocellen.com\/es\/?s={search_term_string}"},"query-input":{"@type":"PropertyValueSpecification","valueRequired":true,"valueName":"search_term_string"}}],"inLanguage":"es"}]}},"_links":{"self":[{"href":"https:\/\/insulation.trocellen.com\/es\/wp-json\/wp\/v2\/pages\/4209","targetHints":{"allow":["GET"]}}],"collection":[{"href":"https:\/\/insulation.trocellen.com\/es\/wp-json\/wp\/v2\/pages"}],"about":[{"href":"https:\/\/insulation.trocellen.com\/es\/wp-json\/wp\/v2\/types\/page"}],"author":[{"embeddable":true,"href":"https:\/\/insulation.trocellen.com\/es\/wp-json\/wp\/v2\/users\/1"}],"replies":[{"embeddable":true,"href":"https:\/\/insulation.trocellen.com\/es\/wp-json\/wp\/v2\/comments?post=4209"}],"version-history":[{"count":5,"href":"https:\/\/insulation.trocellen.com\/es\/wp-json\/wp\/v2\/pages\/4209\/revisions"}],"predecessor-version":[{"id":9767,"href":"https:\/\/insulation.trocellen.com\/es\/wp-json\/wp\/v2\/pages\/4209\/revisions\/9767"}],"up":[{"embeddable":true,"href":"https:\/\/insulation.trocellen.com\/es\/wp-json\/wp\/v2\/pages\/4125"}],"wp:attachment":[{"href":"https:\/\/insulation.trocellen.com\/es\/wp-json\/wp\/v2\/media?parent=4209"}],"curies":[{"name":"wp","href":"https:\/\/api.w.org\/{rel}","templated":true}]}}