{"id":4203,"date":"2013-12-12T17:26:10","date_gmt":"2013-12-12T17:26:10","guid":{"rendered":"https:\/\/insulation-new.trocellen.com\/trocellen-aplomb\/"},"modified":"2023-07-10T11:00:27","modified_gmt":"2023-07-10T11:00:27","slug":"trocellen-aplomb","status":"publish","type":"page","link":"https:\/\/insulation.trocellen.com\/es\/applications\/aislamiento-acustico-de-bajantes\/trocellen-aplomb\/","title":{"rendered":"Trocellen Aplomb"},"content":{"rendered":"<p>Muchos tipos de ruidos diferentes est\u00e1n presentes en nuestras casas y generalmente en nuestras vidas. Trocellen contin\u00faa desarrollando soluciones en espuma para proporcionar los mejores aislantes t\u00e9rmicos y ac\u00fasticos.<\/p>\n<p>La familia de productos Trocellen Aplomb est\u00e1 formada de productos m\u00falticapa con una o m\u00e1s capas de plomo unidos con materiales flexibles, que proporcionar amortiguaci\u00f3n y absorci\u00f3n de ruidos.<\/p>\n<h2>Aplomb 11<\/h2>\n<p><img loading=\"lazy\" decoding=\"async\" class=\"alignnone size-full wp-image-148\" src=\"https:\/\/insulation.trocellen.com\/wp-content\/uploads\/sites\/6\/2013\/12\/aplomb.png\" alt=\"aplomb\" width=\"280\" height=\"81\"><\/p>\n<h3>Composici\u00f3n:<\/h3>\n<ul>\n<li>Lamina Capa de espuma PE (anti-vibraci\u00f3n) laminada film grabado negro, espesor de 3 mm<\/li>\n<li>0,35 mm l\u00e1mina de plomo de peso de 4 kg\/m\u00b2<\/li>\n<li>L\u00e1mina Capa de espuma de poliuretano (absorbente de sonido) de 12 mm de espesor<\/li>\n<\/ul>\n<h3>Usos:<\/h3>\n<ul>\n<li>Aislamiento ac\u00fastico para tuber\u00edas de aguas de saneamiento en polietileno o PVC.<\/li>\n<li>Aislamiento ac\u00fastico para paredes.<\/li>\n<li>El producto puede suministrarse en versi\u00f3n autoadhesiva para la aplicaci\u00f3n temporal, con el fin de facilitar la instalaci\u00f3n.&nbsp;A continuaci\u00f3n debe reforzarse con fijaci\u00f3n mec\u00e1nica<\/li>\n<\/ul>\n","protected":false},"excerpt":{"rendered":"<p>Muchos tipos de ruidos diferentes est\u00e1n presentes en nuestras casas y generalmente en nuestras vidas. Trocellen contin\u00faa desarrollando soluciones en espuma para proporcionar los mejores aislantes t\u00e9rmicos y ac\u00fasticos. La familia de productos Trocellen Aplomb est\u00e1 formada de productos m\u00falticapa con una o m\u00e1s capas de plomo unidos con materiales flexibles, que proporcionar amortiguaci\u00f3n y [&hellip;]<\/p>\n","protected":false},"author":1,"featured_media":0,"parent":4125,"menu_order":200,"comment_status":"open","ping_status":"closed","template":"templates\/applications.php","meta":{"_acf_changed":false,"footnotes":""},"class_list":["post-4203","page","type-page","status-publish","hentry"],"acf":[],"yoast_head":"<!-- This site is optimized with the Yoast SEO plugin v23.5 - https:\/\/yoast.com\/wordpress\/plugins\/seo\/ -->\n<title>Aplomb 11 es una soluci\u00f3n para insonorizar ca\u00f1os de desag\u00fce<\/title>\n<meta name=\"description\" content=\"La familia de productos Aplomb consiste en productos multicapa con capas de plomo unidas con materiales flexibles, amortiguadores y absorbentes del sonido.\" \/>\n<meta name=\"robots\" content=\"index, follow, max-snippet:-1, max-image-preview:large, max-video-preview:-1\" \/>\n<link rel=\"canonical\" href=\"https:\/\/insulation.trocellen.com\/es\/applications\/aislamiento-acustico-de-bajantes\/trocellen-aplomb\/\" \/>\n<meta property=\"og:locale\" content=\"es_ES\" \/>\n<meta property=\"og:type\" content=\"article\" \/>\n<meta property=\"og:title\" content=\"Aplomb 11 es una soluci\u00f3n para insonorizar ca\u00f1os de desag\u00fce\" \/>\n<meta property=\"og:description\" content=\"La familia de productos Aplomb consiste en productos multicapa con capas de plomo unidas con materiales flexibles, amortiguadores y absorbentes del sonido.\" \/>\n<meta property=\"og:url\" content=\"https:\/\/insulation.trocellen.com\/es\/applications\/aislamiento-acustico-de-bajantes\/trocellen-aplomb\/\" \/>\n<meta property=\"og:site_name\" content=\"Trocellen Insulation\" \/>\n<meta property=\"article:modified_time\" content=\"2023-07-10T11:00:27+00:00\" \/>\n<meta property=\"og:image\" content=\"https:\/\/insulation.trocellen.com\/wp-content\/uploads\/sites\/6\/2013\/12\/aplomb.png\" \/>\n<meta name=\"twitter:card\" content=\"summary_large_image\" \/>\n<meta name=\"twitter:label1\" content=\"Tiempo de lectura\" \/>\n\t<meta name=\"twitter:data1\" content=\"1 minuto\" \/>\n<script type=\"application\/ld+json\" class=\"yoast-schema-graph\">{\"@context\":\"https:\/\/schema.org\",\"@graph\":[{\"@type\":\"WebPage\",\"@id\":\"https:\/\/insulation.trocellen.com\/es\/applications\/aislamiento-acustico-de-bajantes\/trocellen-aplomb\/\",\"url\":\"https:\/\/insulation.trocellen.com\/es\/applications\/aislamiento-acustico-de-bajantes\/trocellen-aplomb\/\",\"name\":\"Aplomb 11 es una soluci\u00f3n para insonorizar ca\u00f1os de desag\u00fce\",\"isPartOf\":{\"@id\":\"https:\/\/insulation.trocellen.com\/es\/#website\"},\"primaryImageOfPage\":{\"@id\":\"https:\/\/insulation.trocellen.com\/es\/applications\/aislamiento-acustico-de-bajantes\/trocellen-aplomb\/#primaryimage\"},\"image\":{\"@id\":\"https:\/\/insulation.trocellen.com\/es\/applications\/aislamiento-acustico-de-bajantes\/trocellen-aplomb\/#primaryimage\"},\"thumbnailUrl\":\"https:\/\/insulation.trocellen.com\/wp-content\/uploads\/sites\/6\/2013\/12\/aplomb.png\",\"datePublished\":\"2013-12-12T17:26:10+00:00\",\"dateModified\":\"2023-07-10T11:00:27+00:00\",\"description\":\"La familia de productos Aplomb consiste en productos multicapa con capas de plomo unidas con materiales flexibles, amortiguadores y absorbentes del sonido.\",\"breadcrumb\":{\"@id\":\"https:\/\/insulation.trocellen.com\/es\/applications\/aislamiento-acustico-de-bajantes\/trocellen-aplomb\/#breadcrumb\"},\"inLanguage\":\"es\",\"potentialAction\":[{\"@type\":\"ReadAction\",\"target\":[\"https:\/\/insulation.trocellen.com\/es\/applications\/aislamiento-acustico-de-bajantes\/trocellen-aplomb\/\"]}]},{\"@type\":\"ImageObject\",\"inLanguage\":\"es\",\"@id\":\"https:\/\/insulation.trocellen.com\/es\/applications\/aislamiento-acustico-de-bajantes\/trocellen-aplomb\/#primaryimage\",\"url\":\"https:\/\/insulation.trocellen.com\/wp-content\/uploads\/sites\/6\/2013\/12\/aplomb.png\",\"contentUrl\":\"https:\/\/insulation.trocellen.com\/wp-content\/uploads\/sites\/6\/2013\/12\/aplomb.png\"},{\"@type\":\"BreadcrumbList\",\"@id\":\"https:\/\/insulation.trocellen.com\/es\/applications\/aislamiento-acustico-de-bajantes\/trocellen-aplomb\/#breadcrumb\",\"itemListElement\":[{\"@type\":\"ListItem\",\"position\":1,\"name\":\"Home\",\"item\":\"https:\/\/insulation.trocellen.com\/es\/\"},{\"@type\":\"ListItem\",\"position\":2,\"name\":\"Aplicaciones\",\"item\":\"https:\/\/insulation.trocellen.com\/es\/applications\/\"},{\"@type\":\"ListItem\",\"position\":3,\"name\":\"Aislamiento ac\u00fastico de bajantes\",\"item\":\"https:\/\/insulation.trocellen.com\/es\/applications\/aislamiento-acustico-de-bajantes\/\"},{\"@type\":\"ListItem\",\"position\":4,\"name\":\"Trocellen Aplomb\"}]},{\"@type\":\"WebSite\",\"@id\":\"https:\/\/insulation.trocellen.com\/es\/#website\",\"url\":\"https:\/\/insulation.trocellen.com\/es\/\",\"name\":\"Trocellen Insulation\",\"description\":\"\",\"potentialAction\":[{\"@type\":\"SearchAction\",\"target\":{\"@type\":\"EntryPoint\",\"urlTemplate\":\"https:\/\/insulation.trocellen.com\/es\/?s={search_term_string}\"},\"query-input\":{\"@type\":\"PropertyValueSpecification\",\"valueRequired\":true,\"valueName\":\"search_term_string\"}}],\"inLanguage\":\"es\"}]}<\/script>\n<!-- \/ Yoast SEO plugin. -->","yoast_head_json":{"title":"Aplomb 11 es una soluci\u00f3n para insonorizar ca\u00f1os de desag\u00fce","description":"La familia de productos Aplomb consiste en productos multicapa con capas de plomo unidas con materiales flexibles, amortiguadores y absorbentes del sonido.","robots":{"index":"index","follow":"follow","max-snippet":"max-snippet:-1","max-image-preview":"max-image-preview:large","max-video-preview":"max-video-preview:-1"},"canonical":"https:\/\/insulation.trocellen.com\/es\/applications\/aislamiento-acustico-de-bajantes\/trocellen-aplomb\/","og_locale":"es_ES","og_type":"article","og_title":"Aplomb 11 es una soluci\u00f3n para insonorizar ca\u00f1os de desag\u00fce","og_description":"La familia de productos Aplomb consiste en productos multicapa con capas de plomo unidas con materiales flexibles, amortiguadores y absorbentes del sonido.","og_url":"https:\/\/insulation.trocellen.com\/es\/applications\/aislamiento-acustico-de-bajantes\/trocellen-aplomb\/","og_site_name":"Trocellen Insulation","article_modified_time":"2023-07-10T11:00:27+00:00","og_image":[{"url":"https:\/\/insulation.trocellen.com\/wp-content\/uploads\/sites\/6\/2013\/12\/aplomb.png"}],"twitter_card":"summary_large_image","twitter_misc":{"Tiempo de lectura":"1 minuto"},"schema":{"@context":"https:\/\/schema.org","@graph":[{"@type":"WebPage","@id":"https:\/\/insulation.trocellen.com\/es\/applications\/aislamiento-acustico-de-bajantes\/trocellen-aplomb\/","url":"https:\/\/insulation.trocellen.com\/es\/applications\/aislamiento-acustico-de-bajantes\/trocellen-aplomb\/","name":"Aplomb 11 es una soluci\u00f3n para insonorizar ca\u00f1os de desag\u00fce","isPartOf":{"@id":"https:\/\/insulation.trocellen.com\/es\/#website"},"primaryImageOfPage":{"@id":"https:\/\/insulation.trocellen.com\/es\/applications\/aislamiento-acustico-de-bajantes\/trocellen-aplomb\/#primaryimage"},"image":{"@id":"https:\/\/insulation.trocellen.com\/es\/applications\/aislamiento-acustico-de-bajantes\/trocellen-aplomb\/#primaryimage"},"thumbnailUrl":"https:\/\/insulation.trocellen.com\/wp-content\/uploads\/sites\/6\/2013\/12\/aplomb.png","datePublished":"2013-12-12T17:26:10+00:00","dateModified":"2023-07-10T11:00:27+00:00","description":"La familia de productos Aplomb consiste en productos multicapa con capas de plomo unidas con materiales flexibles, amortiguadores y absorbentes del sonido.","breadcrumb":{"@id":"https:\/\/insulation.trocellen.com\/es\/applications\/aislamiento-acustico-de-bajantes\/trocellen-aplomb\/#breadcrumb"},"inLanguage":"es","potentialAction":[{"@type":"ReadAction","target":["https:\/\/insulation.trocellen.com\/es\/applications\/aislamiento-acustico-de-bajantes\/trocellen-aplomb\/"]}]},{"@type":"ImageObject","inLanguage":"es","@id":"https:\/\/insulation.trocellen.com\/es\/applications\/aislamiento-acustico-de-bajantes\/trocellen-aplomb\/#primaryimage","url":"https:\/\/insulation.trocellen.com\/wp-content\/uploads\/sites\/6\/2013\/12\/aplomb.png","contentUrl":"https:\/\/insulation.trocellen.com\/wp-content\/uploads\/sites\/6\/2013\/12\/aplomb.png"},{"@type":"BreadcrumbList","@id":"https:\/\/insulation.trocellen.com\/es\/applications\/aislamiento-acustico-de-bajantes\/trocellen-aplomb\/#breadcrumb","itemListElement":[{"@type":"ListItem","position":1,"name":"Home","item":"https:\/\/insulation.trocellen.com\/es\/"},{"@type":"ListItem","position":2,"name":"Aplicaciones","item":"https:\/\/insulation.trocellen.com\/es\/applications\/"},{"@type":"ListItem","position":3,"name":"Aislamiento ac\u00fastico de bajantes","item":"https:\/\/insulation.trocellen.com\/es\/applications\/aislamiento-acustico-de-bajantes\/"},{"@type":"ListItem","position":4,"name":"Trocellen Aplomb"}]},{"@type":"WebSite","@id":"https:\/\/insulation.trocellen.com\/es\/#website","url":"https:\/\/insulation.trocellen.com\/es\/","name":"Trocellen Insulation","description":"","potentialAction":[{"@type":"SearchAction","target":{"@type":"EntryPoint","urlTemplate":"https:\/\/insulation.trocellen.com\/es\/?s={search_term_string}"},"query-input":{"@type":"PropertyValueSpecification","valueRequired":true,"valueName":"search_term_string"}}],"inLanguage":"es"}]}},"_links":{"self":[{"href":"https:\/\/insulation.trocellen.com\/es\/wp-json\/wp\/v2\/pages\/4203","targetHints":{"allow":["GET"]}}],"collection":[{"href":"https:\/\/insulation.trocellen.com\/es\/wp-json\/wp\/v2\/pages"}],"about":[{"href":"https:\/\/insulation.trocellen.com\/es\/wp-json\/wp\/v2\/types\/page"}],"author":[{"embeddable":true,"href":"https:\/\/insulation.trocellen.com\/es\/wp-json\/wp\/v2\/users\/1"}],"replies":[{"embeddable":true,"href":"https:\/\/insulation.trocellen.com\/es\/wp-json\/wp\/v2\/comments?post=4203"}],"version-history":[{"count":2,"href":"https:\/\/insulation.trocellen.com\/es\/wp-json\/wp\/v2\/pages\/4203\/revisions"}],"predecessor-version":[{"id":4724,"href":"https:\/\/insulation.trocellen.com\/es\/wp-json\/wp\/v2\/pages\/4203\/revisions\/4724"}],"up":[{"embeddable":true,"href":"https:\/\/insulation.trocellen.com\/es\/wp-json\/wp\/v2\/pages\/4125"}],"wp:attachment":[{"href":"https:\/\/insulation.trocellen.com\/es\/wp-json\/wp\/v2\/media?parent=4203"}],"curies":[{"name":"wp","href":"https:\/\/api.w.org\/{rel}","templated":true}]}}