{"id":4197,"date":"2013-12-12T17:21:35","date_gmt":"2013-12-12T17:21:35","guid":{"rendered":"https:\/\/insulation-new.trocellen.com\/isolmass-para-suelos-y-paredes-ligeras\/"},"modified":"2023-07-10T11:05:08","modified_gmt":"2023-07-10T11:05:08","slug":"isolmass-para-suelos-y-paredes-ligeras","status":"publish","type":"page","link":"https:\/\/insulation.trocellen.com\/es\/applications\/aislamiento-acustico-de-paredes-y-techos\/isolmass-para-suelos-y-paredes-ligeras\/","title":{"rendered":"Isolmass para suelos y paredes ligeras"},"content":{"rendered":"<p>Isolmass es la soluci\u00f3n alternativa de aislamiento ac\u00fastico. Trocellen desarroll\u00f3 Isolmass para satisfacer a aquellos clientes quienes prefer\u00edan no usar plomo en sus soluciones de aislamiento ac\u00fastico.<\/p>\n<p>Los productos Isolmass son espumas Trocellen multicapa combinadas con una lamina pesada de Poliolefina, laminada con materiales flexibles, resilientes, y absorbentes ac\u00fasticos.<\/p>\n<h3>Las ventajas de las masas pesadas de Poliolefina comparadas con el plomo<\/h3>\n<ul>\n<li>No t\u00f3xico<\/li>\n<li>Combina f\u00e1cilmente con espumas Trocellen, obteniendo un producto completamente reutilizable.<\/li>\n<li>Ancho Rollo &gt;&nbsp;1 m<\/li>\n<\/ul>\n<h2>Isolmass para muros ligeros y suelos<\/h2>\n<p>Ofrecemos diferentes soluciones combinadas para usos diarios en el sector de la construcci\u00f3n: Masas pesadas + materiales resilientes de Trocellen.<\/p>\n<h4>Isolmass 5 PE 3<img loading=\"lazy\" decoding=\"async\" class=\"alignright\" src=\"https:\/\/insulation.trocellen.com\/wp-content\/uploads\/sites\/6\/2013\/12\/lightwalls1.jpg\" alt=\"lightwalls1\" width=\"221\" height=\"97\"><\/h4>\n<ul>\n<li>Dos l\u00e1minas componen el producto para un aislamiento ac\u00fastico al impacto y al ruido a\u00e9reo en suelos y muros ligeros.<\/li>\n<li>Lamina Pesada, de poliolefina, laminada en un lado con 3mm de espuma de PE reticulado Trocellen<\/li>\n<\/ul>\n<h4>Isolmass 3 \u2013 5 PE 4 P<img loading=\"lazy\" decoding=\"async\" class=\"wp-image-169 alignright\" src=\"https:\/\/insulation.trocellen.com\/wp-content\/uploads\/sites\/6\/2013\/12\/lightwalls2.jpg\" alt=\"lightwalls2\" width=\"221\" height=\"96\"><\/h4>\n<ul>\n<li>Dos l\u00e1minas que componen el producto para un aislamiento al ruido de impacto y al ruido a\u00e9reo en suelos y muros ligeros<\/li>\n<li>L\u00e1mina Pesada de poliolefina, laminado a un lado con 4mm de espesor de espuma<br \/>\nEn la otra cara espuma de PE reticulada Trocellen con t\u00e9xtil protector de Polipropileno<\/li>\n<\/ul>\n<h4>Isolmass 2PE2<img decoding=\"async\" class=\" wp-image-170 alignright\" src=\"https:\/\/insulation.trocellen.com\/wp-content\/uploads\/sites\/6\/2013\/12\/lightwalls3.jpg\" alt=\"lightwalls3\" width=\"221\"><\/h4>\n<ul>\n<li>Dos l\u00e1minas componen el producto para aislamiento al ruido de impacto y ruido a\u00e9reo en suelos y muros ligeros.<\/li>\n<li>L\u00e1mina Pesada de poliolefina, , laminado en un lado con 2mm de de espesor de espuma reticulada Trocellen<\/li>\n<\/ul>\n","protected":false},"excerpt":{"rendered":"<p>Isolmass es la soluci\u00f3n alternativa de aislamiento ac\u00fastico. Trocellen desarroll\u00f3 Isolmass para satisfacer a aquellos clientes quienes prefer\u00edan no usar plomo en sus soluciones de aislamiento ac\u00fastico. Los productos Isolmass son espumas Trocellen multicapa combinadas con una lamina pesada de Poliolefina, laminada con materiales flexibles, resilientes, y absorbentes ac\u00fasticos. Las ventajas de las masas pesadas [&hellip;]<\/p>\n","protected":false},"author":1,"featured_media":0,"parent":4119,"menu_order":500,"comment_status":"open","ping_status":"closed","template":"templates\/applications.php","meta":{"_acf_changed":false,"footnotes":""},"class_list":["post-4197","page","type-page","status-publish","hentry"],"acf":[],"yoast_head":"<!-- This site is optimized with the Yoast SEO plugin v23.5 - https:\/\/yoast.com\/wordpress\/plugins\/seo\/ -->\n<title>Isolmass es un aislante ac\u00fastico de paredes de construcci\u00f3n<\/title>\n<meta name=\"description\" content=\"La portafolio de Isolmass ofrece diferentes soluciones ac\u00fasticas profesionales para el sector de la construcci\u00f3n: masa pesada + colchonetas resilientes\" \/>\n<meta name=\"robots\" content=\"index, follow, max-snippet:-1, max-image-preview:large, max-video-preview:-1\" \/>\n<link rel=\"canonical\" href=\"https:\/\/insulation.trocellen.com\/es\/applications\/aislamiento-acustico-de-paredes-y-techos\/isolmass-para-suelos-y-paredes-ligeras\/\" \/>\n<meta property=\"og:locale\" content=\"es_ES\" \/>\n<meta property=\"og:type\" content=\"article\" \/>\n<meta property=\"og:title\" content=\"Isolmass es un aislante ac\u00fastico de paredes de construcci\u00f3n\" \/>\n<meta property=\"og:description\" content=\"La portafolio de Isolmass ofrece diferentes soluciones ac\u00fasticas profesionales para el sector de la construcci\u00f3n: masa pesada + colchonetas resilientes\" \/>\n<meta property=\"og:url\" content=\"https:\/\/insulation.trocellen.com\/es\/applications\/aislamiento-acustico-de-paredes-y-techos\/isolmass-para-suelos-y-paredes-ligeras\/\" \/>\n<meta property=\"og:site_name\" content=\"Trocellen Insulation\" \/>\n<meta property=\"article:modified_time\" content=\"2023-07-10T11:05:08+00:00\" \/>\n<meta property=\"og:image\" content=\"https:\/\/insulation.trocellen.com\/wp-content\/uploads\/sites\/6\/2013\/12\/lightwalls1.jpg\" \/>\n<meta name=\"twitter:card\" content=\"summary_large_image\" \/>\n<meta name=\"twitter:label1\" content=\"Tiempo de lectura\" \/>\n\t<meta name=\"twitter:data1\" content=\"2 minutos\" \/>\n<script type=\"application\/ld+json\" class=\"yoast-schema-graph\">{\"@context\":\"https:\/\/schema.org\",\"@graph\":[{\"@type\":\"WebPage\",\"@id\":\"https:\/\/insulation.trocellen.com\/es\/applications\/aislamiento-acustico-de-paredes-y-techos\/isolmass-para-suelos-y-paredes-ligeras\/\",\"url\":\"https:\/\/insulation.trocellen.com\/es\/applications\/aislamiento-acustico-de-paredes-y-techos\/isolmass-para-suelos-y-paredes-ligeras\/\",\"name\":\"Isolmass es un aislante ac\u00fastico de paredes de construcci\u00f3n\",\"isPartOf\":{\"@id\":\"https:\/\/insulation.trocellen.com\/es\/#website\"},\"primaryImageOfPage\":{\"@id\":\"https:\/\/insulation.trocellen.com\/es\/applications\/aislamiento-acustico-de-paredes-y-techos\/isolmass-para-suelos-y-paredes-ligeras\/#primaryimage\"},\"image\":{\"@id\":\"https:\/\/insulation.trocellen.com\/es\/applications\/aislamiento-acustico-de-paredes-y-techos\/isolmass-para-suelos-y-paredes-ligeras\/#primaryimage\"},\"thumbnailUrl\":\"https:\/\/insulation.trocellen.com\/wp-content\/uploads\/sites\/6\/2013\/12\/lightwalls1.jpg\",\"datePublished\":\"2013-12-12T17:21:35+00:00\",\"dateModified\":\"2023-07-10T11:05:08+00:00\",\"description\":\"La portafolio de Isolmass ofrece diferentes soluciones ac\u00fasticas profesionales para el sector de la construcci\u00f3n: masa pesada + colchonetas resilientes\",\"breadcrumb\":{\"@id\":\"https:\/\/insulation.trocellen.com\/es\/applications\/aislamiento-acustico-de-paredes-y-techos\/isolmass-para-suelos-y-paredes-ligeras\/#breadcrumb\"},\"inLanguage\":\"es\",\"potentialAction\":[{\"@type\":\"ReadAction\",\"target\":[\"https:\/\/insulation.trocellen.com\/es\/applications\/aislamiento-acustico-de-paredes-y-techos\/isolmass-para-suelos-y-paredes-ligeras\/\"]}]},{\"@type\":\"ImageObject\",\"inLanguage\":\"es\",\"@id\":\"https:\/\/insulation.trocellen.com\/es\/applications\/aislamiento-acustico-de-paredes-y-techos\/isolmass-para-suelos-y-paredes-ligeras\/#primaryimage\",\"url\":\"https:\/\/insulation.trocellen.com\/wp-content\/uploads\/sites\/6\/2013\/12\/lightwalls1.jpg\",\"contentUrl\":\"https:\/\/insulation.trocellen.com\/wp-content\/uploads\/sites\/6\/2013\/12\/lightwalls1.jpg\"},{\"@type\":\"BreadcrumbList\",\"@id\":\"https:\/\/insulation.trocellen.com\/es\/applications\/aislamiento-acustico-de-paredes-y-techos\/isolmass-para-suelos-y-paredes-ligeras\/#breadcrumb\",\"itemListElement\":[{\"@type\":\"ListItem\",\"position\":1,\"name\":\"Home\",\"item\":\"https:\/\/insulation.trocellen.com\/es\/\"},{\"@type\":\"ListItem\",\"position\":2,\"name\":\"Aplicaciones\",\"item\":\"https:\/\/insulation.trocellen.com\/es\/applications\/\"},{\"@type\":\"ListItem\",\"position\":3,\"name\":\"Aislamiento ac\u00fastico de paredes y techos\",\"item\":\"https:\/\/insulation.trocellen.com\/es\/applications\/aislamiento-acustico-de-paredes-y-techos\/\"},{\"@type\":\"ListItem\",\"position\":4,\"name\":\"Isolmass para suelos y paredes ligeras\"}]},{\"@type\":\"WebSite\",\"@id\":\"https:\/\/insulation.trocellen.com\/es\/#website\",\"url\":\"https:\/\/insulation.trocellen.com\/es\/\",\"name\":\"Trocellen Insulation\",\"description\":\"\",\"potentialAction\":[{\"@type\":\"SearchAction\",\"target\":{\"@type\":\"EntryPoint\",\"urlTemplate\":\"https:\/\/insulation.trocellen.com\/es\/?s={search_term_string}\"},\"query-input\":{\"@type\":\"PropertyValueSpecification\",\"valueRequired\":true,\"valueName\":\"search_term_string\"}}],\"inLanguage\":\"es\"}]}<\/script>\n<!-- \/ Yoast SEO plugin. -->","yoast_head_json":{"title":"Isolmass es un aislante ac\u00fastico de paredes de construcci\u00f3n","description":"La portafolio de Isolmass ofrece diferentes soluciones ac\u00fasticas profesionales para el sector de la construcci\u00f3n: masa pesada + colchonetas resilientes","robots":{"index":"index","follow":"follow","max-snippet":"max-snippet:-1","max-image-preview":"max-image-preview:large","max-video-preview":"max-video-preview:-1"},"canonical":"https:\/\/insulation.trocellen.com\/es\/applications\/aislamiento-acustico-de-paredes-y-techos\/isolmass-para-suelos-y-paredes-ligeras\/","og_locale":"es_ES","og_type":"article","og_title":"Isolmass es un aislante ac\u00fastico de paredes de construcci\u00f3n","og_description":"La portafolio de Isolmass ofrece diferentes soluciones ac\u00fasticas profesionales para el sector de la construcci\u00f3n: masa pesada + colchonetas resilientes","og_url":"https:\/\/insulation.trocellen.com\/es\/applications\/aislamiento-acustico-de-paredes-y-techos\/isolmass-para-suelos-y-paredes-ligeras\/","og_site_name":"Trocellen Insulation","article_modified_time":"2023-07-10T11:05:08+00:00","og_image":[{"url":"https:\/\/insulation.trocellen.com\/wp-content\/uploads\/sites\/6\/2013\/12\/lightwalls1.jpg"}],"twitter_card":"summary_large_image","twitter_misc":{"Tiempo de lectura":"2 minutos"},"schema":{"@context":"https:\/\/schema.org","@graph":[{"@type":"WebPage","@id":"https:\/\/insulation.trocellen.com\/es\/applications\/aislamiento-acustico-de-paredes-y-techos\/isolmass-para-suelos-y-paredes-ligeras\/","url":"https:\/\/insulation.trocellen.com\/es\/applications\/aislamiento-acustico-de-paredes-y-techos\/isolmass-para-suelos-y-paredes-ligeras\/","name":"Isolmass es un aislante ac\u00fastico de paredes de construcci\u00f3n","isPartOf":{"@id":"https:\/\/insulation.trocellen.com\/es\/#website"},"primaryImageOfPage":{"@id":"https:\/\/insulation.trocellen.com\/es\/applications\/aislamiento-acustico-de-paredes-y-techos\/isolmass-para-suelos-y-paredes-ligeras\/#primaryimage"},"image":{"@id":"https:\/\/insulation.trocellen.com\/es\/applications\/aislamiento-acustico-de-paredes-y-techos\/isolmass-para-suelos-y-paredes-ligeras\/#primaryimage"},"thumbnailUrl":"https:\/\/insulation.trocellen.com\/wp-content\/uploads\/sites\/6\/2013\/12\/lightwalls1.jpg","datePublished":"2013-12-12T17:21:35+00:00","dateModified":"2023-07-10T11:05:08+00:00","description":"La portafolio de Isolmass ofrece diferentes soluciones ac\u00fasticas profesionales para el sector de la construcci\u00f3n: masa pesada + colchonetas resilientes","breadcrumb":{"@id":"https:\/\/insulation.trocellen.com\/es\/applications\/aislamiento-acustico-de-paredes-y-techos\/isolmass-para-suelos-y-paredes-ligeras\/#breadcrumb"},"inLanguage":"es","potentialAction":[{"@type":"ReadAction","target":["https:\/\/insulation.trocellen.com\/es\/applications\/aislamiento-acustico-de-paredes-y-techos\/isolmass-para-suelos-y-paredes-ligeras\/"]}]},{"@type":"ImageObject","inLanguage":"es","@id":"https:\/\/insulation.trocellen.com\/es\/applications\/aislamiento-acustico-de-paredes-y-techos\/isolmass-para-suelos-y-paredes-ligeras\/#primaryimage","url":"https:\/\/insulation.trocellen.com\/wp-content\/uploads\/sites\/6\/2013\/12\/lightwalls1.jpg","contentUrl":"https:\/\/insulation.trocellen.com\/wp-content\/uploads\/sites\/6\/2013\/12\/lightwalls1.jpg"},{"@type":"BreadcrumbList","@id":"https:\/\/insulation.trocellen.com\/es\/applications\/aislamiento-acustico-de-paredes-y-techos\/isolmass-para-suelos-y-paredes-ligeras\/#breadcrumb","itemListElement":[{"@type":"ListItem","position":1,"name":"Home","item":"https:\/\/insulation.trocellen.com\/es\/"},{"@type":"ListItem","position":2,"name":"Aplicaciones","item":"https:\/\/insulation.trocellen.com\/es\/applications\/"},{"@type":"ListItem","position":3,"name":"Aislamiento ac\u00fastico de paredes y techos","item":"https:\/\/insulation.trocellen.com\/es\/applications\/aislamiento-acustico-de-paredes-y-techos\/"},{"@type":"ListItem","position":4,"name":"Isolmass para suelos y paredes ligeras"}]},{"@type":"WebSite","@id":"https:\/\/insulation.trocellen.com\/es\/#website","url":"https:\/\/insulation.trocellen.com\/es\/","name":"Trocellen Insulation","description":"","potentialAction":[{"@type":"SearchAction","target":{"@type":"EntryPoint","urlTemplate":"https:\/\/insulation.trocellen.com\/es\/?s={search_term_string}"},"query-input":{"@type":"PropertyValueSpecification","valueRequired":true,"valueName":"search_term_string"}}],"inLanguage":"es"}]}},"_links":{"self":[{"href":"https:\/\/insulation.trocellen.com\/es\/wp-json\/wp\/v2\/pages\/4197","targetHints":{"allow":["GET"]}}],"collection":[{"href":"https:\/\/insulation.trocellen.com\/es\/wp-json\/wp\/v2\/pages"}],"about":[{"href":"https:\/\/insulation.trocellen.com\/es\/wp-json\/wp\/v2\/types\/page"}],"author":[{"embeddable":true,"href":"https:\/\/insulation.trocellen.com\/es\/wp-json\/wp\/v2\/users\/1"}],"replies":[{"embeddable":true,"href":"https:\/\/insulation.trocellen.com\/es\/wp-json\/wp\/v2\/comments?post=4197"}],"version-history":[{"count":2,"href":"https:\/\/insulation.trocellen.com\/es\/wp-json\/wp\/v2\/pages\/4197\/revisions"}],"predecessor-version":[{"id":4710,"href":"https:\/\/insulation.trocellen.com\/es\/wp-json\/wp\/v2\/pages\/4197\/revisions\/4710"}],"up":[{"embeddable":true,"href":"https:\/\/insulation.trocellen.com\/es\/wp-json\/wp\/v2\/pages\/4119"}],"wp:attachment":[{"href":"https:\/\/insulation.trocellen.com\/es\/wp-json\/wp\/v2\/media?parent=4197"}],"curies":[{"name":"wp","href":"https:\/\/api.w.org\/{rel}","templated":true}]}}