{"id":4191,"date":"2013-12-12T17:21:23","date_gmt":"2013-12-12T17:21:23","guid":{"rendered":"https:\/\/insulation-new.trocellen.com\/isolmass-11\/"},"modified":"2023-07-10T11:03:57","modified_gmt":"2023-07-10T11:03:57","slug":"isolmass-11","status":"publish","type":"page","link":"https:\/\/insulation.trocellen.com\/es\/applications\/aislamiento-acustico-de-paredes-y-techos\/isolmass-11\/","title":{"rendered":"Isolmass 11"},"content":{"rendered":"\n<p>Isolmass es la soluci\u00f3n alternativa de aislamiento ac\u00fastico. Trocellen desarroll\u00f3 Isolmass con el fin de satisfacer los clientes que prefieren no usar plomo en sus soluciones de aislamiento ac\u00fastico. Los productos Isolmass son espumas Trocellen de varias capas combinadas con una l\u00e1mina pesada de poliolefina, laminadas con materiales flexibles, resilientes y absorbentes ac\u00fasticos.<\/p>\n\n\n\n<figure class=\"wp-block-image\"><a href=\"https:\/\/insulation.trocellen.com\/wp-content\/uploads\/sites\/6\/2013\/12\/Isolmass-11.jpg\" rel=\"attachment wp-att-1339\"><img decoding=\"async\" src=\"https:\/\/insulation.trocellen.com\/wp-content\/uploads\/sites\/6\/2013\/12\/Isolmass-11-1024x498.jpg\" alt=\"Isolmass-11\" class=\"wp-image-1339\"\/><\/a><\/figure>\n\n\n\n<h3 class=\"wp-block-heading\">Ventajas de la l\u00e1mina de masa pesada de Poliolefina en comparaci\u00f3n con el plomo<\/h3>\n\n\n\n<ul class=\"wp-block-list\">\n<li>M\u00e1s amigable con el medio ambiente<\/li>\n\n\n\n<li>Combina f\u00e1cilmente con espumas Trocellen, obteniendo un producto completamente reutilizable<\/li>\n\n\n\n<li>Ancho del rollo &gt; 1m<\/li>\n<\/ul>\n\n\n\n<h2 class=\"wp-block-heading\">Isolmass 11<\/h2>\n\n\n\n<h4 class=\"wp-block-heading\">Composici\u00f3n:<\/h4>\n\n\n\n<ul class=\"wp-block-list\">\n<li>L\u00e1mina de espuma PE (anti-vibraci\u00f3n) de 3 mm de espesor<\/li>\n\n\n\n<li>L\u00e1mina pesada de 4 kg\/m\u00b2<\/li>\n\n\n\n<li>L\u00e1mina de espuma de poliuretano (absorbente de sonido) de 12 mm de espesor<\/li>\n<\/ul>\n\n\n\n<h4 class=\"wp-block-heading\">Usos:<\/h4>\n\n\n\n<ul class=\"wp-block-list\">\n<li>Aislamiento ac\u00fastico para tuber\u00edas de aguas de saneamiento en polietileno o PVC<\/li>\n\n\n\n<li>Aislamiento ac\u00fastico para paredes<\/li>\n<\/ul>\n","protected":false},"excerpt":{"rendered":"<p>Isolmass es la soluci\u00f3n alternativa de aislamiento ac\u00fastico. Trocellen desarroll\u00f3 Isolmass con el fin de satisfacer los clientes que prefieren no usar plomo en sus soluciones de aislamiento ac\u00fastico. Los productos Isolmass son espumas Trocellen de varias capas combinadas con una l\u00e1mina pesada de poliolefina, laminadas con materiales flexibles, resilientes y absorbentes ac\u00fasticos. Ventajas de [&hellip;]<\/p>\n","protected":false},"author":1,"featured_media":8830,"parent":4119,"menu_order":400,"comment_status":"open","ping_status":"closed","template":"templates\/applications.php","meta":{"_acf_changed":false,"footnotes":""},"class_list":["post-4191","page","type-page","status-publish","has-post-thumbnail","hentry"],"acf":[],"yoast_head":"<!-- This site is optimized with the Yoast SEO plugin v23.5 - https:\/\/yoast.com\/wordpress\/plugins\/seo\/ -->\n<title>Isolmass 11 es un aislante ac\u00fastico para desag\u00fces y paredes<\/title>\n<meta name=\"description\" content=\"Isolmass 11 es un aislamiento ac\u00fastico sin plomo, con espuma de PE, una capa pesada y una de PU de c\u00e9lula abierta. Para sonidos a\u00e9reos, desag\u00fces y paredes\" \/>\n<meta name=\"robots\" content=\"index, follow, max-snippet:-1, max-image-preview:large, max-video-preview:-1\" \/>\n<link rel=\"canonical\" href=\"https:\/\/insulation.trocellen.com\/es\/applications\/aislamiento-acustico-de-paredes-y-techos\/isolmass-11\/\" \/>\n<meta property=\"og:locale\" content=\"es_ES\" \/>\n<meta property=\"og:type\" content=\"article\" \/>\n<meta property=\"og:title\" content=\"Isolmass 11 es un aislante ac\u00fastico para desag\u00fces y paredes\" \/>\n<meta property=\"og:description\" content=\"Isolmass 11 es un aislamiento ac\u00fastico sin plomo, con espuma de PE, una capa pesada y una de PU de c\u00e9lula abierta. Para sonidos a\u00e9reos, desag\u00fces y paredes\" \/>\n<meta property=\"og:url\" content=\"https:\/\/insulation.trocellen.com\/es\/applications\/aislamiento-acustico-de-paredes-y-techos\/isolmass-11\/\" \/>\n<meta property=\"og:site_name\" content=\"Trocellen Insulation\" \/>\n<meta property=\"article:modified_time\" content=\"2023-07-10T11:03:57+00:00\" \/>\n<meta property=\"og:image\" content=\"https:\/\/insulation.trocellen.com\/wp-content\/uploads\/sites\/6\/2023\/05\/Pipes-2.jpg\" \/>\n\t<meta property=\"og:image:width\" content=\"1920\" \/>\n\t<meta property=\"og:image:height\" content=\"300\" \/>\n\t<meta property=\"og:image:type\" content=\"image\/jpeg\" \/>\n<meta name=\"twitter:card\" content=\"summary_large_image\" \/>\n<meta name=\"twitter:label1\" content=\"Tiempo de lectura\" \/>\n\t<meta name=\"twitter:data1\" content=\"1 minuto\" \/>\n<script type=\"application\/ld+json\" class=\"yoast-schema-graph\">{\"@context\":\"https:\/\/schema.org\",\"@graph\":[{\"@type\":\"WebPage\",\"@id\":\"https:\/\/insulation.trocellen.com\/es\/applications\/aislamiento-acustico-de-paredes-y-techos\/isolmass-11\/\",\"url\":\"https:\/\/insulation.trocellen.com\/es\/applications\/aislamiento-acustico-de-paredes-y-techos\/isolmass-11\/\",\"name\":\"Isolmass 11 es un aislante ac\u00fastico para desag\u00fces y paredes\",\"isPartOf\":{\"@id\":\"https:\/\/insulation.trocellen.com\/es\/#website\"},\"primaryImageOfPage\":{\"@id\":\"https:\/\/insulation.trocellen.com\/es\/applications\/aislamiento-acustico-de-paredes-y-techos\/isolmass-11\/#primaryimage\"},\"image\":{\"@id\":\"https:\/\/insulation.trocellen.com\/es\/applications\/aislamiento-acustico-de-paredes-y-techos\/isolmass-11\/#primaryimage\"},\"thumbnailUrl\":\"https:\/\/insulation.trocellen.com\/wp-content\/uploads\/sites\/6\/2023\/05\/Pipes-2.jpg\",\"datePublished\":\"2013-12-12T17:21:23+00:00\",\"dateModified\":\"2023-07-10T11:03:57+00:00\",\"description\":\"Isolmass 11 es un aislamiento ac\u00fastico sin plomo, con espuma de PE, una capa pesada y una de PU de c\u00e9lula abierta. Para sonidos a\u00e9reos, desag\u00fces y paredes\",\"breadcrumb\":{\"@id\":\"https:\/\/insulation.trocellen.com\/es\/applications\/aislamiento-acustico-de-paredes-y-techos\/isolmass-11\/#breadcrumb\"},\"inLanguage\":\"es\",\"potentialAction\":[{\"@type\":\"ReadAction\",\"target\":[\"https:\/\/insulation.trocellen.com\/es\/applications\/aislamiento-acustico-de-paredes-y-techos\/isolmass-11\/\"]}]},{\"@type\":\"ImageObject\",\"inLanguage\":\"es\",\"@id\":\"https:\/\/insulation.trocellen.com\/es\/applications\/aislamiento-acustico-de-paredes-y-techos\/isolmass-11\/#primaryimage\",\"url\":\"https:\/\/insulation.trocellen.com\/wp-content\/uploads\/sites\/6\/2023\/05\/Pipes-2.jpg\",\"contentUrl\":\"https:\/\/insulation.trocellen.com\/wp-content\/uploads\/sites\/6\/2023\/05\/Pipes-2.jpg\",\"width\":1920,\"height\":300},{\"@type\":\"BreadcrumbList\",\"@id\":\"https:\/\/insulation.trocellen.com\/es\/applications\/aislamiento-acustico-de-paredes-y-techos\/isolmass-11\/#breadcrumb\",\"itemListElement\":[{\"@type\":\"ListItem\",\"position\":1,\"name\":\"Home\",\"item\":\"https:\/\/insulation.trocellen.com\/es\/\"},{\"@type\":\"ListItem\",\"position\":2,\"name\":\"Aplicaciones\",\"item\":\"https:\/\/insulation.trocellen.com\/es\/applications\/\"},{\"@type\":\"ListItem\",\"position\":3,\"name\":\"Aislamiento ac\u00fastico de paredes y techos\",\"item\":\"https:\/\/insulation.trocellen.com\/es\/applications\/aislamiento-acustico-de-paredes-y-techos\/\"},{\"@type\":\"ListItem\",\"position\":4,\"name\":\"Isolmass 11\"}]},{\"@type\":\"WebSite\",\"@id\":\"https:\/\/insulation.trocellen.com\/es\/#website\",\"url\":\"https:\/\/insulation.trocellen.com\/es\/\",\"name\":\"Trocellen Insulation\",\"description\":\"\",\"potentialAction\":[{\"@type\":\"SearchAction\",\"target\":{\"@type\":\"EntryPoint\",\"urlTemplate\":\"https:\/\/insulation.trocellen.com\/es\/?s={search_term_string}\"},\"query-input\":{\"@type\":\"PropertyValueSpecification\",\"valueRequired\":true,\"valueName\":\"search_term_string\"}}],\"inLanguage\":\"es\"}]}<\/script>\n<!-- \/ Yoast SEO plugin. -->","yoast_head_json":{"title":"Isolmass 11 es un aislante ac\u00fastico para desag\u00fces y paredes","description":"Isolmass 11 es un aislamiento ac\u00fastico sin plomo, con espuma de PE, una capa pesada y una de PU de c\u00e9lula abierta. Para sonidos a\u00e9reos, desag\u00fces y paredes","robots":{"index":"index","follow":"follow","max-snippet":"max-snippet:-1","max-image-preview":"max-image-preview:large","max-video-preview":"max-video-preview:-1"},"canonical":"https:\/\/insulation.trocellen.com\/es\/applications\/aislamiento-acustico-de-paredes-y-techos\/isolmass-11\/","og_locale":"es_ES","og_type":"article","og_title":"Isolmass 11 es un aislante ac\u00fastico para desag\u00fces y paredes","og_description":"Isolmass 11 es un aislamiento ac\u00fastico sin plomo, con espuma de PE, una capa pesada y una de PU de c\u00e9lula abierta. Para sonidos a\u00e9reos, desag\u00fces y paredes","og_url":"https:\/\/insulation.trocellen.com\/es\/applications\/aislamiento-acustico-de-paredes-y-techos\/isolmass-11\/","og_site_name":"Trocellen Insulation","article_modified_time":"2023-07-10T11:03:57+00:00","og_image":[{"width":1920,"height":300,"url":"https:\/\/insulation.trocellen.com\/wp-content\/uploads\/sites\/6\/2023\/05\/Pipes-2.jpg","type":"image\/jpeg"}],"twitter_card":"summary_large_image","twitter_misc":{"Tiempo de lectura":"1 minuto"},"schema":{"@context":"https:\/\/schema.org","@graph":[{"@type":"WebPage","@id":"https:\/\/insulation.trocellen.com\/es\/applications\/aislamiento-acustico-de-paredes-y-techos\/isolmass-11\/","url":"https:\/\/insulation.trocellen.com\/es\/applications\/aislamiento-acustico-de-paredes-y-techos\/isolmass-11\/","name":"Isolmass 11 es un aislante ac\u00fastico para desag\u00fces y paredes","isPartOf":{"@id":"https:\/\/insulation.trocellen.com\/es\/#website"},"primaryImageOfPage":{"@id":"https:\/\/insulation.trocellen.com\/es\/applications\/aislamiento-acustico-de-paredes-y-techos\/isolmass-11\/#primaryimage"},"image":{"@id":"https:\/\/insulation.trocellen.com\/es\/applications\/aislamiento-acustico-de-paredes-y-techos\/isolmass-11\/#primaryimage"},"thumbnailUrl":"https:\/\/insulation.trocellen.com\/wp-content\/uploads\/sites\/6\/2023\/05\/Pipes-2.jpg","datePublished":"2013-12-12T17:21:23+00:00","dateModified":"2023-07-10T11:03:57+00:00","description":"Isolmass 11 es un aislamiento ac\u00fastico sin plomo, con espuma de PE, una capa pesada y una de PU de c\u00e9lula abierta. Para sonidos a\u00e9reos, desag\u00fces y paredes","breadcrumb":{"@id":"https:\/\/insulation.trocellen.com\/es\/applications\/aislamiento-acustico-de-paredes-y-techos\/isolmass-11\/#breadcrumb"},"inLanguage":"es","potentialAction":[{"@type":"ReadAction","target":["https:\/\/insulation.trocellen.com\/es\/applications\/aislamiento-acustico-de-paredes-y-techos\/isolmass-11\/"]}]},{"@type":"ImageObject","inLanguage":"es","@id":"https:\/\/insulation.trocellen.com\/es\/applications\/aislamiento-acustico-de-paredes-y-techos\/isolmass-11\/#primaryimage","url":"https:\/\/insulation.trocellen.com\/wp-content\/uploads\/sites\/6\/2023\/05\/Pipes-2.jpg","contentUrl":"https:\/\/insulation.trocellen.com\/wp-content\/uploads\/sites\/6\/2023\/05\/Pipes-2.jpg","width":1920,"height":300},{"@type":"BreadcrumbList","@id":"https:\/\/insulation.trocellen.com\/es\/applications\/aislamiento-acustico-de-paredes-y-techos\/isolmass-11\/#breadcrumb","itemListElement":[{"@type":"ListItem","position":1,"name":"Home","item":"https:\/\/insulation.trocellen.com\/es\/"},{"@type":"ListItem","position":2,"name":"Aplicaciones","item":"https:\/\/insulation.trocellen.com\/es\/applications\/"},{"@type":"ListItem","position":3,"name":"Aislamiento ac\u00fastico de paredes y techos","item":"https:\/\/insulation.trocellen.com\/es\/applications\/aislamiento-acustico-de-paredes-y-techos\/"},{"@type":"ListItem","position":4,"name":"Isolmass 11"}]},{"@type":"WebSite","@id":"https:\/\/insulation.trocellen.com\/es\/#website","url":"https:\/\/insulation.trocellen.com\/es\/","name":"Trocellen Insulation","description":"","potentialAction":[{"@type":"SearchAction","target":{"@type":"EntryPoint","urlTemplate":"https:\/\/insulation.trocellen.com\/es\/?s={search_term_string}"},"query-input":{"@type":"PropertyValueSpecification","valueRequired":true,"valueName":"search_term_string"}}],"inLanguage":"es"}]}},"_links":{"self":[{"href":"https:\/\/insulation.trocellen.com\/es\/wp-json\/wp\/v2\/pages\/4191","targetHints":{"allow":["GET"]}}],"collection":[{"href":"https:\/\/insulation.trocellen.com\/es\/wp-json\/wp\/v2\/pages"}],"about":[{"href":"https:\/\/insulation.trocellen.com\/es\/wp-json\/wp\/v2\/types\/page"}],"author":[{"embeddable":true,"href":"https:\/\/insulation.trocellen.com\/es\/wp-json\/wp\/v2\/users\/1"}],"replies":[{"embeddable":true,"href":"https:\/\/insulation.trocellen.com\/es\/wp-json\/wp\/v2\/comments?post=4191"}],"version-history":[{"count":5,"href":"https:\/\/insulation.trocellen.com\/es\/wp-json\/wp\/v2\/pages\/4191\/revisions"}],"predecessor-version":[{"id":9771,"href":"https:\/\/insulation.trocellen.com\/es\/wp-json\/wp\/v2\/pages\/4191\/revisions\/9771"}],"up":[{"embeddable":true,"href":"https:\/\/insulation.trocellen.com\/es\/wp-json\/wp\/v2\/pages\/4119"}],"wp:featuredmedia":[{"embeddable":true,"href":"https:\/\/insulation.trocellen.com\/es\/wp-json\/wp\/v2\/media\/8830"}],"wp:attachment":[{"href":"https:\/\/insulation.trocellen.com\/es\/wp-json\/wp\/v2\/media?parent=4191"}],"curies":[{"name":"wp","href":"https:\/\/api.w.org\/{rel}","templated":true}]}}