{"id":4185,"date":"2013-12-12T17:21:07","date_gmt":"2013-12-12T17:21:07","guid":{"rendered":"https:\/\/insulation-new.trocellen.com\/aplomb-11\/"},"modified":"2023-07-10T11:02:40","modified_gmt":"2023-07-10T11:02:40","slug":"aplomb-11","status":"publish","type":"page","link":"https:\/\/insulation.trocellen.com\/es\/applications\/aislamiento-acustico-de-paredes-y-techos\/aplomb-11\/","title":{"rendered":"Aplomb 11"},"content":{"rendered":"<p>Muchas fuentes de ruido diferentes est\u00e1n presentes en nuestras casas y generalmente en nuestras vidas. Trocellen sigue desarrollando soluciones de espuma para proporcionar el mejor aislamiento t\u00e9rmico y ac\u00fastico. La familia de productos Trocellen Aplomb consiste en productos multicapa con una o m\u00e1s capas de plomo unidas con materiales flexibles, amortiguadores y absorbentes de sonido.<\/p>\n<p><a href=\"https:\/\/insulation.trocellen.com\/wp-content\/uploads\/sites\/6\/2013\/12\/aplomb11.jpg\" rel=\"attachment wp-att-1336\"><img loading=\"lazy\" decoding=\"async\" class=\"alignnone size-large wp-image-1336\" src=\"https:\/\/insulation.trocellen.com\/wp-content\/uploads\/sites\/6\/2013\/12\/aplomb11-1024x600.jpg\" alt=\"aplomb11\" width=\"1024\" height=\"600\" \/><\/a><\/p>\n<p><img loading=\"lazy\" decoding=\"async\" class=\"alignnone size-full wp-image-159\" src=\"https:\/\/insulation.trocellen.com\/wp-content\/uploads\/sites\/6\/2013\/12\/aplomb11.png\" alt=\"aplomb11\" width=\"280\" height=\"81\" \/><\/p>\n<h3>Composici\u00f3n:<\/h3>\n<ul>\n<li>Lamina Capa de espuma PE (anti-vibraci\u00f3n) laminada film grabado negro, espesor de 3 mm<\/li>\n<li>0,35 mm l\u00e1mina de plomo de peso de 4 kg\/m\u00b2<\/li>\n<li>L\u00e1mina Capa de espuma de poliuretano (absorbente de sonido) de 12 mm de espesor<\/li>\n<\/ul>\n<h3>Usos:<\/h3>\n<ul>\n<li>Aislamiento ac\u00fastico para tuber\u00edas de aguas de saneamiento en polietileno o PVC.<\/li>\n<li>Aislamiento ac\u00fastico para paredes<\/li>\n<li>El producto puede suministrarse en versi\u00f3n autoadhesiva para la aplicaci\u00f3n temporal, con el fin de facilitar la instalaci\u00f3n.\u00a0A continuaci\u00f3n debe reforzarse con fijaci\u00f3n mec\u00e1nica<\/li>\n<\/ul>\n","protected":false},"excerpt":{"rendered":"<p>Muchas fuentes de ruido diferentes est\u00e1n presentes en nuestras casas y generalmente en nuestras vidas. Trocellen sigue desarrollando soluciones de espuma para proporcionar el mejor aislamiento t\u00e9rmico y ac\u00fastico. La familia de productos Trocellen Aplomb consiste en productos multicapa con una o m\u00e1s capas de plomo unidas con materiales flexibles, amortiguadores y absorbentes de sonido. [&hellip;]<\/p>\n","protected":false},"author":1,"featured_media":8830,"parent":4119,"menu_order":300,"comment_status":"open","ping_status":"closed","template":"templates\/applications.php","meta":{"_acf_changed":false,"footnotes":""},"class_list":["post-4185","page","type-page","status-publish","has-post-thumbnail","hentry"],"acf":[],"yoast_head":"<!-- This site is optimized with the Yoast SEO plugin v23.5 - https:\/\/yoast.com\/wordpress\/plugins\/seo\/ -->\n<title>Aplomb 11 es un absorbente ac\u00fastico para paredes y tejados<\/title>\n<meta name=\"description\" content=\"Trocellen Aplomb 11 es un producto multicapa laminado con una capa de plomo y materiales flexibles que absorben el sonido.\" \/>\n<meta name=\"robots\" content=\"index, follow, max-snippet:-1, max-image-preview:large, max-video-preview:-1\" \/>\n<link rel=\"canonical\" href=\"https:\/\/insulation.trocellen.com\/es\/applications\/aislamiento-acustico-de-paredes-y-techos\/aplomb-11\/\" \/>\n<meta property=\"og:locale\" content=\"es_ES\" \/>\n<meta property=\"og:type\" content=\"article\" \/>\n<meta property=\"og:title\" content=\"Aplomb 11 es un absorbente ac\u00fastico para paredes y tejados\" \/>\n<meta property=\"og:description\" content=\"Trocellen Aplomb 11 es un producto multicapa laminado con una capa de plomo y materiales flexibles que absorben el sonido.\" \/>\n<meta property=\"og:url\" content=\"https:\/\/insulation.trocellen.com\/es\/applications\/aislamiento-acustico-de-paredes-y-techos\/aplomb-11\/\" \/>\n<meta property=\"og:site_name\" content=\"Trocellen Insulation\" \/>\n<meta property=\"article:modified_time\" content=\"2023-07-10T11:02:40+00:00\" \/>\n<meta property=\"og:image\" content=\"https:\/\/insulation.trocellen.com\/wp-content\/uploads\/sites\/6\/2023\/05\/Pipes-2.jpg\" \/>\n\t<meta property=\"og:image:width\" content=\"1920\" \/>\n\t<meta property=\"og:image:height\" content=\"300\" \/>\n\t<meta property=\"og:image:type\" content=\"image\/jpeg\" \/>\n<meta name=\"twitter:card\" content=\"summary_large_image\" \/>\n<meta name=\"twitter:label1\" content=\"Tiempo de lectura\" \/>\n\t<meta name=\"twitter:data1\" content=\"1 minuto\" \/>\n<script type=\"application\/ld+json\" class=\"yoast-schema-graph\">{\"@context\":\"https:\/\/schema.org\",\"@graph\":[{\"@type\":\"WebPage\",\"@id\":\"https:\/\/insulation.trocellen.com\/es\/applications\/aislamiento-acustico-de-paredes-y-techos\/aplomb-11\/\",\"url\":\"https:\/\/insulation.trocellen.com\/es\/applications\/aislamiento-acustico-de-paredes-y-techos\/aplomb-11\/\",\"name\":\"Aplomb 11 es un absorbente ac\u00fastico para paredes y tejados\",\"isPartOf\":{\"@id\":\"https:\/\/insulation.trocellen.com\/es\/#website\"},\"primaryImageOfPage\":{\"@id\":\"https:\/\/insulation.trocellen.com\/es\/applications\/aislamiento-acustico-de-paredes-y-techos\/aplomb-11\/#primaryimage\"},\"image\":{\"@id\":\"https:\/\/insulation.trocellen.com\/es\/applications\/aislamiento-acustico-de-paredes-y-techos\/aplomb-11\/#primaryimage\"},\"thumbnailUrl\":\"https:\/\/insulation.trocellen.com\/wp-content\/uploads\/sites\/6\/2023\/05\/Pipes-2.jpg\",\"datePublished\":\"2013-12-12T17:21:07+00:00\",\"dateModified\":\"2023-07-10T11:02:40+00:00\",\"description\":\"Trocellen Aplomb 11 es un producto multicapa laminado con una capa de plomo y materiales flexibles que absorben el sonido.\",\"breadcrumb\":{\"@id\":\"https:\/\/insulation.trocellen.com\/es\/applications\/aislamiento-acustico-de-paredes-y-techos\/aplomb-11\/#breadcrumb\"},\"inLanguage\":\"es\",\"potentialAction\":[{\"@type\":\"ReadAction\",\"target\":[\"https:\/\/insulation.trocellen.com\/es\/applications\/aislamiento-acustico-de-paredes-y-techos\/aplomb-11\/\"]}]},{\"@type\":\"ImageObject\",\"inLanguage\":\"es\",\"@id\":\"https:\/\/insulation.trocellen.com\/es\/applications\/aislamiento-acustico-de-paredes-y-techos\/aplomb-11\/#primaryimage\",\"url\":\"https:\/\/insulation.trocellen.com\/wp-content\/uploads\/sites\/6\/2023\/05\/Pipes-2.jpg\",\"contentUrl\":\"https:\/\/insulation.trocellen.com\/wp-content\/uploads\/sites\/6\/2023\/05\/Pipes-2.jpg\",\"width\":1920,\"height\":300},{\"@type\":\"BreadcrumbList\",\"@id\":\"https:\/\/insulation.trocellen.com\/es\/applications\/aislamiento-acustico-de-paredes-y-techos\/aplomb-11\/#breadcrumb\",\"itemListElement\":[{\"@type\":\"ListItem\",\"position\":1,\"name\":\"Home\",\"item\":\"https:\/\/insulation.trocellen.com\/es\/\"},{\"@type\":\"ListItem\",\"position\":2,\"name\":\"Aplicaciones\",\"item\":\"https:\/\/insulation.trocellen.com\/es\/applications\/\"},{\"@type\":\"ListItem\",\"position\":3,\"name\":\"Aislamiento ac\u00fastico de paredes y techos\",\"item\":\"https:\/\/insulation.trocellen.com\/es\/applications\/aislamiento-acustico-de-paredes-y-techos\/\"},{\"@type\":\"ListItem\",\"position\":4,\"name\":\"Aplomb 11\"}]},{\"@type\":\"WebSite\",\"@id\":\"https:\/\/insulation.trocellen.com\/es\/#website\",\"url\":\"https:\/\/insulation.trocellen.com\/es\/\",\"name\":\"Trocellen Insulation\",\"description\":\"\",\"potentialAction\":[{\"@type\":\"SearchAction\",\"target\":{\"@type\":\"EntryPoint\",\"urlTemplate\":\"https:\/\/insulation.trocellen.com\/es\/?s={search_term_string}\"},\"query-input\":{\"@type\":\"PropertyValueSpecification\",\"valueRequired\":true,\"valueName\":\"search_term_string\"}}],\"inLanguage\":\"es\"}]}<\/script>\n<!-- \/ Yoast SEO plugin. -->","yoast_head_json":{"title":"Aplomb 11 es un absorbente ac\u00fastico para paredes y tejados","description":"Trocellen Aplomb 11 es un producto multicapa laminado con una capa de plomo y materiales flexibles que absorben el sonido.","robots":{"index":"index","follow":"follow","max-snippet":"max-snippet:-1","max-image-preview":"max-image-preview:large","max-video-preview":"max-video-preview:-1"},"canonical":"https:\/\/insulation.trocellen.com\/es\/applications\/aislamiento-acustico-de-paredes-y-techos\/aplomb-11\/","og_locale":"es_ES","og_type":"article","og_title":"Aplomb 11 es un absorbente ac\u00fastico para paredes y tejados","og_description":"Trocellen Aplomb 11 es un producto multicapa laminado con una capa de plomo y materiales flexibles que absorben el sonido.","og_url":"https:\/\/insulation.trocellen.com\/es\/applications\/aislamiento-acustico-de-paredes-y-techos\/aplomb-11\/","og_site_name":"Trocellen Insulation","article_modified_time":"2023-07-10T11:02:40+00:00","og_image":[{"width":1920,"height":300,"url":"https:\/\/insulation.trocellen.com\/wp-content\/uploads\/sites\/6\/2023\/05\/Pipes-2.jpg","type":"image\/jpeg"}],"twitter_card":"summary_large_image","twitter_misc":{"Tiempo de lectura":"1 minuto"},"schema":{"@context":"https:\/\/schema.org","@graph":[{"@type":"WebPage","@id":"https:\/\/insulation.trocellen.com\/es\/applications\/aislamiento-acustico-de-paredes-y-techos\/aplomb-11\/","url":"https:\/\/insulation.trocellen.com\/es\/applications\/aislamiento-acustico-de-paredes-y-techos\/aplomb-11\/","name":"Aplomb 11 es un absorbente ac\u00fastico para paredes y tejados","isPartOf":{"@id":"https:\/\/insulation.trocellen.com\/es\/#website"},"primaryImageOfPage":{"@id":"https:\/\/insulation.trocellen.com\/es\/applications\/aislamiento-acustico-de-paredes-y-techos\/aplomb-11\/#primaryimage"},"image":{"@id":"https:\/\/insulation.trocellen.com\/es\/applications\/aislamiento-acustico-de-paredes-y-techos\/aplomb-11\/#primaryimage"},"thumbnailUrl":"https:\/\/insulation.trocellen.com\/wp-content\/uploads\/sites\/6\/2023\/05\/Pipes-2.jpg","datePublished":"2013-12-12T17:21:07+00:00","dateModified":"2023-07-10T11:02:40+00:00","description":"Trocellen Aplomb 11 es un producto multicapa laminado con una capa de plomo y materiales flexibles que absorben el sonido.","breadcrumb":{"@id":"https:\/\/insulation.trocellen.com\/es\/applications\/aislamiento-acustico-de-paredes-y-techos\/aplomb-11\/#breadcrumb"},"inLanguage":"es","potentialAction":[{"@type":"ReadAction","target":["https:\/\/insulation.trocellen.com\/es\/applications\/aislamiento-acustico-de-paredes-y-techos\/aplomb-11\/"]}]},{"@type":"ImageObject","inLanguage":"es","@id":"https:\/\/insulation.trocellen.com\/es\/applications\/aislamiento-acustico-de-paredes-y-techos\/aplomb-11\/#primaryimage","url":"https:\/\/insulation.trocellen.com\/wp-content\/uploads\/sites\/6\/2023\/05\/Pipes-2.jpg","contentUrl":"https:\/\/insulation.trocellen.com\/wp-content\/uploads\/sites\/6\/2023\/05\/Pipes-2.jpg","width":1920,"height":300},{"@type":"BreadcrumbList","@id":"https:\/\/insulation.trocellen.com\/es\/applications\/aislamiento-acustico-de-paredes-y-techos\/aplomb-11\/#breadcrumb","itemListElement":[{"@type":"ListItem","position":1,"name":"Home","item":"https:\/\/insulation.trocellen.com\/es\/"},{"@type":"ListItem","position":2,"name":"Aplicaciones","item":"https:\/\/insulation.trocellen.com\/es\/applications\/"},{"@type":"ListItem","position":3,"name":"Aislamiento ac\u00fastico de paredes y techos","item":"https:\/\/insulation.trocellen.com\/es\/applications\/aislamiento-acustico-de-paredes-y-techos\/"},{"@type":"ListItem","position":4,"name":"Aplomb 11"}]},{"@type":"WebSite","@id":"https:\/\/insulation.trocellen.com\/es\/#website","url":"https:\/\/insulation.trocellen.com\/es\/","name":"Trocellen Insulation","description":"","potentialAction":[{"@type":"SearchAction","target":{"@type":"EntryPoint","urlTemplate":"https:\/\/insulation.trocellen.com\/es\/?s={search_term_string}"},"query-input":{"@type":"PropertyValueSpecification","valueRequired":true,"valueName":"search_term_string"}}],"inLanguage":"es"}]}},"_links":{"self":[{"href":"https:\/\/insulation.trocellen.com\/es\/wp-json\/wp\/v2\/pages\/4185","targetHints":{"allow":["GET"]}}],"collection":[{"href":"https:\/\/insulation.trocellen.com\/es\/wp-json\/wp\/v2\/pages"}],"about":[{"href":"https:\/\/insulation.trocellen.com\/es\/wp-json\/wp\/v2\/types\/page"}],"author":[{"embeddable":true,"href":"https:\/\/insulation.trocellen.com\/es\/wp-json\/wp\/v2\/users\/1"}],"replies":[{"embeddable":true,"href":"https:\/\/insulation.trocellen.com\/es\/wp-json\/wp\/v2\/comments?post=4185"}],"version-history":[{"count":4,"href":"https:\/\/insulation.trocellen.com\/es\/wp-json\/wp\/v2\/pages\/4185\/revisions"}],"predecessor-version":[{"id":9769,"href":"https:\/\/insulation.trocellen.com\/es\/wp-json\/wp\/v2\/pages\/4185\/revisions\/9769"}],"up":[{"embeddable":true,"href":"https:\/\/insulation.trocellen.com\/es\/wp-json\/wp\/v2\/pages\/4119"}],"wp:featuredmedia":[{"embeddable":true,"href":"https:\/\/insulation.trocellen.com\/es\/wp-json\/wp\/v2\/media\/8830"}],"wp:attachment":[{"href":"https:\/\/insulation.trocellen.com\/es\/wp-json\/wp\/v2\/media?parent=4185"}],"curies":[{"name":"wp","href":"https:\/\/api.w.org\/{rel}","templated":true}]}}