{"id":4179,"date":"2013-12-12T17:20:59","date_gmt":"2013-12-12T17:20:59","guid":{"rendered":"https:\/\/insulation-new.trocellen.com\/isolmass-22-2\/"},"modified":"2023-07-10T11:04:31","modified_gmt":"2023-07-10T11:04:31","slug":"isolmass-22","status":"publish","type":"page","link":"https:\/\/insulation.trocellen.com\/es\/applications\/aislamiento-acustico-de-paredes-y-techos\/isolmass-22\/","title":{"rendered":"Isolmass 22"},"content":{"rendered":"<p>Isolmass es la soluci\u00f3n alternativa de aislamiento ac\u00fastico. Trocellen desarroll\u00f3 Isolmass con el fin de satisfacer los clientes que prefieren no usar plomo en sus soluciones de aislamiento ac\u00fastico.<br \/>\nLos productos Isolmass son espumas Trocellen de varias capas combinadas con una capa de l\u00e1mina pesada de poliolefina, laminadas con materiales flexibles, resilientes y absorbentes ac\u00fasticos.<\/p>\n<h3>Ventajas de la capa pesada PO en comparaci\u00f3n con el plomo<\/h3>\n<ul>\n<li>M\u00e1s amigable con el medio ambiente<\/li>\n<li>Combina f\u00e1cilmente con espumas Trocellen, obteniendo un producto completamente reutilizable<\/li>\n<li>Ancho del rollo &gt; 1m<\/li>\n<\/ul>\n<div id=\"attachment_1876\" style=\"width: 310px\" class=\"wp-caption alignnone\"><a href=\"https:\/\/insulation.trocellen.com\/wp-content\/uploads\/sites\/6\/2013\/12\/Optimized-Trocellen_Isolmass-22.jpg\"><img loading=\"lazy\" decoding=\"async\" aria-describedby=\"caption-attachment-1876\" class=\"size-medium wp-image-1876\" src=\"https:\/\/insulation.trocellen.com\/wp-content\/uploads\/sites\/6\/2013\/12\/Optimized-Trocellen_Isolmass-22-300x200.jpg\" alt=\"\" width=\"300\" height=\"200\"><\/a><p id=\"caption-attachment-1876\" class=\"wp-caption-text\">Isolmass 22<\/p><\/div>\n<h2>Isolmass 22<\/h2>\n<h4>Composici\u00f3n:<\/h4>\n<ul>\n<li>L\u00e1mina de espuma PE reticulado (anti-vibraci\u00f3n) de 3 mm de espesor<\/li>\n<li>L\u00e1mina pesada de 4 kg\/m\u00b2<\/li>\n<li>L\u00e1mina de espuma PE (anti-vibraci\u00f3n) de 3 mm de espesor<\/li>\n<\/ul>\n<h4>Usos:<\/h4>\n<ul>\n<li>Aislamiento ac\u00fastico para paredes<\/li>\n<li>Para el revestimiento del suelo y en las paredes, reduciendo las ondas sonoras de baja frecuencia y suministrando masa a las particiones.<\/li>\n<\/ul>\n","protected":false},"excerpt":{"rendered":"<p>Isolmass es la soluci\u00f3n alternativa de aislamiento ac\u00fastico. Trocellen desarroll\u00f3 Isolmass con el fin de satisfacer los clientes que prefieren no usar plomo en sus soluciones de aislamiento ac\u00fastico. Los productos Isolmass son espumas Trocellen de varias capas combinadas con una capa de l\u00e1mina pesada de poliolefina, laminadas con materiales flexibles, resilientes y absorbentes ac\u00fasticos. [&hellip;]<\/p>\n","protected":false},"author":1,"featured_media":8830,"parent":4119,"menu_order":200,"comment_status":"open","ping_status":"closed","template":"templates\/applications.php","meta":{"_acf_changed":false,"footnotes":""},"class_list":["post-4179","page","type-page","status-publish","has-post-thumbnail","hentry"],"acf":[],"yoast_head":"<!-- This site is optimized with the Yoast SEO plugin v23.5 - https:\/\/yoast.com\/wordpress\/plugins\/seo\/ -->\n<title>Isolmass 22 es un absorbente ac\u00fastico para paredes y suelos<\/title>\n<meta name=\"description\" content=\"Isolmass 22 es un aislante ac\u00fastico sin plomo para paredes y suelos. Reduce el sonido de baja frecuencia y suministra masa a la partici\u00f3n.\" \/>\n<meta name=\"robots\" content=\"index, follow, max-snippet:-1, max-image-preview:large, max-video-preview:-1\" \/>\n<link rel=\"canonical\" href=\"https:\/\/insulation.trocellen.com\/es\/applications\/aislamiento-acustico-de-paredes-y-techos\/isolmass-22\/\" \/>\n<meta property=\"og:locale\" content=\"es_ES\" \/>\n<meta property=\"og:type\" content=\"article\" \/>\n<meta property=\"og:title\" content=\"Isolmass 22 es un absorbente ac\u00fastico para paredes y suelos\" \/>\n<meta property=\"og:description\" content=\"Isolmass 22 es un aislante ac\u00fastico sin plomo para paredes y suelos. Reduce el sonido de baja frecuencia y suministra masa a la partici\u00f3n.\" \/>\n<meta property=\"og:url\" content=\"https:\/\/insulation.trocellen.com\/es\/applications\/aislamiento-acustico-de-paredes-y-techos\/isolmass-22\/\" \/>\n<meta property=\"og:site_name\" content=\"Trocellen Insulation\" \/>\n<meta property=\"article:modified_time\" content=\"2023-07-10T11:04:31+00:00\" \/>\n<meta property=\"og:image\" content=\"https:\/\/insulation.trocellen.com\/wp-content\/uploads\/sites\/6\/2023\/05\/Pipes-2.jpg\" \/>\n\t<meta property=\"og:image:width\" content=\"1920\" \/>\n\t<meta property=\"og:image:height\" content=\"300\" \/>\n\t<meta property=\"og:image:type\" content=\"image\/jpeg\" \/>\n<meta name=\"twitter:card\" content=\"summary_large_image\" \/>\n<meta name=\"twitter:label1\" content=\"Tiempo de lectura\" \/>\n\t<meta name=\"twitter:data1\" content=\"1 minuto\" \/>\n<script type=\"application\/ld+json\" class=\"yoast-schema-graph\">{\"@context\":\"https:\/\/schema.org\",\"@graph\":[{\"@type\":\"WebPage\",\"@id\":\"https:\/\/insulation.trocellen.com\/es\/applications\/aislamiento-acustico-de-paredes-y-techos\/isolmass-22\/\",\"url\":\"https:\/\/insulation.trocellen.com\/es\/applications\/aislamiento-acustico-de-paredes-y-techos\/isolmass-22\/\",\"name\":\"Isolmass 22 es un absorbente ac\u00fastico para paredes y suelos\",\"isPartOf\":{\"@id\":\"https:\/\/insulation.trocellen.com\/es\/#website\"},\"primaryImageOfPage\":{\"@id\":\"https:\/\/insulation.trocellen.com\/es\/applications\/aislamiento-acustico-de-paredes-y-techos\/isolmass-22\/#primaryimage\"},\"image\":{\"@id\":\"https:\/\/insulation.trocellen.com\/es\/applications\/aislamiento-acustico-de-paredes-y-techos\/isolmass-22\/#primaryimage\"},\"thumbnailUrl\":\"https:\/\/insulation.trocellen.com\/wp-content\/uploads\/sites\/6\/2023\/05\/Pipes-2.jpg\",\"datePublished\":\"2013-12-12T17:20:59+00:00\",\"dateModified\":\"2023-07-10T11:04:31+00:00\",\"description\":\"Isolmass 22 es un aislante ac\u00fastico sin plomo para paredes y suelos. Reduce el sonido de baja frecuencia y suministra masa a la partici\u00f3n.\",\"breadcrumb\":{\"@id\":\"https:\/\/insulation.trocellen.com\/es\/applications\/aislamiento-acustico-de-paredes-y-techos\/isolmass-22\/#breadcrumb\"},\"inLanguage\":\"es\",\"potentialAction\":[{\"@type\":\"ReadAction\",\"target\":[\"https:\/\/insulation.trocellen.com\/es\/applications\/aislamiento-acustico-de-paredes-y-techos\/isolmass-22\/\"]}]},{\"@type\":\"ImageObject\",\"inLanguage\":\"es\",\"@id\":\"https:\/\/insulation.trocellen.com\/es\/applications\/aislamiento-acustico-de-paredes-y-techos\/isolmass-22\/#primaryimage\",\"url\":\"https:\/\/insulation.trocellen.com\/wp-content\/uploads\/sites\/6\/2023\/05\/Pipes-2.jpg\",\"contentUrl\":\"https:\/\/insulation.trocellen.com\/wp-content\/uploads\/sites\/6\/2023\/05\/Pipes-2.jpg\",\"width\":1920,\"height\":300},{\"@type\":\"BreadcrumbList\",\"@id\":\"https:\/\/insulation.trocellen.com\/es\/applications\/aislamiento-acustico-de-paredes-y-techos\/isolmass-22\/#breadcrumb\",\"itemListElement\":[{\"@type\":\"ListItem\",\"position\":1,\"name\":\"Home\",\"item\":\"https:\/\/insulation.trocellen.com\/es\/\"},{\"@type\":\"ListItem\",\"position\":2,\"name\":\"Aplicaciones\",\"item\":\"https:\/\/insulation.trocellen.com\/es\/applications\/\"},{\"@type\":\"ListItem\",\"position\":3,\"name\":\"Aislamiento ac\u00fastico de paredes y techos\",\"item\":\"https:\/\/insulation.trocellen.com\/es\/applications\/aislamiento-acustico-de-paredes-y-techos\/\"},{\"@type\":\"ListItem\",\"position\":4,\"name\":\"Isolmass 22\"}]},{\"@type\":\"WebSite\",\"@id\":\"https:\/\/insulation.trocellen.com\/es\/#website\",\"url\":\"https:\/\/insulation.trocellen.com\/es\/\",\"name\":\"Trocellen Insulation\",\"description\":\"\",\"potentialAction\":[{\"@type\":\"SearchAction\",\"target\":{\"@type\":\"EntryPoint\",\"urlTemplate\":\"https:\/\/insulation.trocellen.com\/es\/?s={search_term_string}\"},\"query-input\":{\"@type\":\"PropertyValueSpecification\",\"valueRequired\":true,\"valueName\":\"search_term_string\"}}],\"inLanguage\":\"es\"}]}<\/script>\n<!-- \/ Yoast SEO plugin. -->","yoast_head_json":{"title":"Isolmass 22 es un absorbente ac\u00fastico para paredes y suelos","description":"Isolmass 22 es un aislante ac\u00fastico sin plomo para paredes y suelos. Reduce el sonido de baja frecuencia y suministra masa a la partici\u00f3n.","robots":{"index":"index","follow":"follow","max-snippet":"max-snippet:-1","max-image-preview":"max-image-preview:large","max-video-preview":"max-video-preview:-1"},"canonical":"https:\/\/insulation.trocellen.com\/es\/applications\/aislamiento-acustico-de-paredes-y-techos\/isolmass-22\/","og_locale":"es_ES","og_type":"article","og_title":"Isolmass 22 es un absorbente ac\u00fastico para paredes y suelos","og_description":"Isolmass 22 es un aislante ac\u00fastico sin plomo para paredes y suelos. Reduce el sonido de baja frecuencia y suministra masa a la partici\u00f3n.","og_url":"https:\/\/insulation.trocellen.com\/es\/applications\/aislamiento-acustico-de-paredes-y-techos\/isolmass-22\/","og_site_name":"Trocellen Insulation","article_modified_time":"2023-07-10T11:04:31+00:00","og_image":[{"width":1920,"height":300,"url":"https:\/\/insulation.trocellen.com\/wp-content\/uploads\/sites\/6\/2023\/05\/Pipes-2.jpg","type":"image\/jpeg"}],"twitter_card":"summary_large_image","twitter_misc":{"Tiempo de lectura":"1 minuto"},"schema":{"@context":"https:\/\/schema.org","@graph":[{"@type":"WebPage","@id":"https:\/\/insulation.trocellen.com\/es\/applications\/aislamiento-acustico-de-paredes-y-techos\/isolmass-22\/","url":"https:\/\/insulation.trocellen.com\/es\/applications\/aislamiento-acustico-de-paredes-y-techos\/isolmass-22\/","name":"Isolmass 22 es un absorbente ac\u00fastico para paredes y suelos","isPartOf":{"@id":"https:\/\/insulation.trocellen.com\/es\/#website"},"primaryImageOfPage":{"@id":"https:\/\/insulation.trocellen.com\/es\/applications\/aislamiento-acustico-de-paredes-y-techos\/isolmass-22\/#primaryimage"},"image":{"@id":"https:\/\/insulation.trocellen.com\/es\/applications\/aislamiento-acustico-de-paredes-y-techos\/isolmass-22\/#primaryimage"},"thumbnailUrl":"https:\/\/insulation.trocellen.com\/wp-content\/uploads\/sites\/6\/2023\/05\/Pipes-2.jpg","datePublished":"2013-12-12T17:20:59+00:00","dateModified":"2023-07-10T11:04:31+00:00","description":"Isolmass 22 es un aislante ac\u00fastico sin plomo para paredes y suelos. Reduce el sonido de baja frecuencia y suministra masa a la partici\u00f3n.","breadcrumb":{"@id":"https:\/\/insulation.trocellen.com\/es\/applications\/aislamiento-acustico-de-paredes-y-techos\/isolmass-22\/#breadcrumb"},"inLanguage":"es","potentialAction":[{"@type":"ReadAction","target":["https:\/\/insulation.trocellen.com\/es\/applications\/aislamiento-acustico-de-paredes-y-techos\/isolmass-22\/"]}]},{"@type":"ImageObject","inLanguage":"es","@id":"https:\/\/insulation.trocellen.com\/es\/applications\/aislamiento-acustico-de-paredes-y-techos\/isolmass-22\/#primaryimage","url":"https:\/\/insulation.trocellen.com\/wp-content\/uploads\/sites\/6\/2023\/05\/Pipes-2.jpg","contentUrl":"https:\/\/insulation.trocellen.com\/wp-content\/uploads\/sites\/6\/2023\/05\/Pipes-2.jpg","width":1920,"height":300},{"@type":"BreadcrumbList","@id":"https:\/\/insulation.trocellen.com\/es\/applications\/aislamiento-acustico-de-paredes-y-techos\/isolmass-22\/#breadcrumb","itemListElement":[{"@type":"ListItem","position":1,"name":"Home","item":"https:\/\/insulation.trocellen.com\/es\/"},{"@type":"ListItem","position":2,"name":"Aplicaciones","item":"https:\/\/insulation.trocellen.com\/es\/applications\/"},{"@type":"ListItem","position":3,"name":"Aislamiento ac\u00fastico de paredes y techos","item":"https:\/\/insulation.trocellen.com\/es\/applications\/aislamiento-acustico-de-paredes-y-techos\/"},{"@type":"ListItem","position":4,"name":"Isolmass 22"}]},{"@type":"WebSite","@id":"https:\/\/insulation.trocellen.com\/es\/#website","url":"https:\/\/insulation.trocellen.com\/es\/","name":"Trocellen Insulation","description":"","potentialAction":[{"@type":"SearchAction","target":{"@type":"EntryPoint","urlTemplate":"https:\/\/insulation.trocellen.com\/es\/?s={search_term_string}"},"query-input":{"@type":"PropertyValueSpecification","valueRequired":true,"valueName":"search_term_string"}}],"inLanguage":"es"}]}},"_links":{"self":[{"href":"https:\/\/insulation.trocellen.com\/es\/wp-json\/wp\/v2\/pages\/4179","targetHints":{"allow":["GET"]}}],"collection":[{"href":"https:\/\/insulation.trocellen.com\/es\/wp-json\/wp\/v2\/pages"}],"about":[{"href":"https:\/\/insulation.trocellen.com\/es\/wp-json\/wp\/v2\/types\/page"}],"author":[{"embeddable":true,"href":"https:\/\/insulation.trocellen.com\/es\/wp-json\/wp\/v2\/users\/1"}],"replies":[{"embeddable":true,"href":"https:\/\/insulation.trocellen.com\/es\/wp-json\/wp\/v2\/comments?post=4179"}],"version-history":[{"count":2,"href":"https:\/\/insulation.trocellen.com\/es\/wp-json\/wp\/v2\/pages\/4179\/revisions"}],"predecessor-version":[{"id":4688,"href":"https:\/\/insulation.trocellen.com\/es\/wp-json\/wp\/v2\/pages\/4179\/revisions\/4688"}],"up":[{"embeddable":true,"href":"https:\/\/insulation.trocellen.com\/es\/wp-json\/wp\/v2\/pages\/4119"}],"wp:featuredmedia":[{"embeddable":true,"href":"https:\/\/insulation.trocellen.com\/es\/wp-json\/wp\/v2\/media\/8830"}],"wp:attachment":[{"href":"https:\/\/insulation.trocellen.com\/es\/wp-json\/wp\/v2\/media?parent=4179"}],"curies":[{"name":"wp","href":"https:\/\/api.w.org\/{rel}","templated":true}]}}