{"id":4173,"date":"2013-12-12T17:20:42","date_gmt":"2013-12-12T17:20:42","guid":{"rendered":"https:\/\/insulation-new.trocellen.com\/aplomb-22-2\/"},"modified":"2023-07-10T11:03:24","modified_gmt":"2023-07-10T11:03:24","slug":"aplomb-22","status":"publish","type":"page","link":"https:\/\/insulation.trocellen.com\/es\/applications\/aislamiento-acustico-de-paredes-y-techos\/aplomb-22\/","title":{"rendered":"Aplomb 22"},"content":{"rendered":"\n<p>Muchas fuentes de ruido diferentes est\u00e1n presentes en nuestras casas y generalmente en nuestras vidas. Trocellen sigue desarrollando soluciones de espuma para proporcionar el mejor aislamiento t\u00e9rmico y ac\u00fastico.<\/p>\n\n\n\n<p>La familia de productos Trocellen Aplomb consiste en productos multicapa con una o m\u00e1s capas de plomo unidas con materiales flexibles, amortiguadores y absorbentes de sonido.<\/p>\n\n\n\n<figure class=\"wp-block-image\"><a href=\"https:\/\/insulation.trocellen.com\/wp-content\/uploads\/sites\/6\/2013\/12\/aplomb-22.jpg\" rel=\"attachment wp-att-1334\"><img decoding=\"async\" src=\"https:\/\/insulation.trocellen.com\/wp-content\/uploads\/sites\/6\/2013\/12\/aplomb-22.jpg\" alt=\"aplomb-22\" class=\"wp-image-1334\"\/><\/a><\/figure>\n\n\n\n<h2 class=\"wp-block-heading\">Aplomb 22 \u2013 para aislamiento de paredes y suelos<\/h2>\n\n\n\n<p>Compuesto:<\/p>\n\n\n\n<ul class=\"wp-block-list\">\n<li>capa de plomo de 0,35 mm, 4kg\/m\u00b2, laminada en ambos lados con:<\/li>\n\n\n\n<li>una capa de 3 mm de espesor de espuma de PE anti-vibraci\u00f3n recubierta con film grabado de color negro<\/li>\n<\/ul>\n\n\n\n<h3 class=\"wp-block-heading\">Usos:<\/h3>\n\n\n\n<ul class=\"wp-block-list\">\n<li>Aislamiento al ruido e impacto y a\u00e9reo en divisiones horizontales<\/li>\n\n\n\n<li>Aplomb 22 puede ser usado para prevenir el ruido que entra o sale de un recinto particular (especialmente el ruido de baja frecuencia)<\/li>\n\n\n\n<li>El producto puede suministrarse en versi\u00f3n autoadhesiva para la aplicaci\u00f3n temporal, con el fin de facilitar la instalaci\u00f3n.&nbsp;A continuaci\u00f3n debe reforzarse con fijaci\u00f3n mec\u00e1nica<\/li>\n<\/ul>\n","protected":false},"excerpt":{"rendered":"<p>Muchas fuentes de ruido diferentes est\u00e1n presentes en nuestras casas y generalmente en nuestras vidas. Trocellen sigue desarrollando soluciones de espuma para proporcionar el mejor aislamiento t\u00e9rmico y ac\u00fastico. La familia de productos Trocellen Aplomb consiste en productos multicapa con una o m\u00e1s capas de plomo unidas con materiales flexibles, amortiguadores y absorbentes de sonido. [&hellip;]<\/p>\n","protected":false},"author":1,"featured_media":8830,"parent":4119,"menu_order":100,"comment_status":"open","ping_status":"closed","template":"templates\/applications.php","meta":{"_acf_changed":false,"footnotes":""},"class_list":["post-4173","page","type-page","status-publish","has-post-thumbnail","hentry"],"acf":[],"yoast_head":"<!-- This site is optimized with the Yoast SEO plugin v23.5 - https:\/\/yoast.com\/wordpress\/plugins\/seo\/ -->\n<title>Aplomb 22 es un aislamiento del ruido de impacto y a\u00e9reo.<\/title>\n<meta name=\"description\" content=\"Aplomb 22 consta de una capa de plomo de 0,35 mm laminada por ambos lados con espuma de PE antivibraci\u00f3n, con una pel\u00edcula negra. Autoadhesivo disponible\" \/>\n<meta name=\"robots\" content=\"index, follow, max-snippet:-1, max-image-preview:large, max-video-preview:-1\" \/>\n<link rel=\"canonical\" href=\"https:\/\/insulation.trocellen.com\/es\/applications\/aislamiento-acustico-de-paredes-y-techos\/aplomb-22\/\" \/>\n<meta property=\"og:locale\" content=\"es_ES\" \/>\n<meta property=\"og:type\" content=\"article\" \/>\n<meta property=\"og:title\" content=\"Aplomb 22 es un aislamiento del ruido de impacto y a\u00e9reo.\" \/>\n<meta property=\"og:description\" content=\"Aplomb 22 consta de una capa de plomo de 0,35 mm laminada por ambos lados con espuma de PE antivibraci\u00f3n, con una pel\u00edcula negra. Autoadhesivo disponible\" \/>\n<meta property=\"og:url\" content=\"https:\/\/insulation.trocellen.com\/es\/applications\/aislamiento-acustico-de-paredes-y-techos\/aplomb-22\/\" \/>\n<meta property=\"og:site_name\" content=\"Trocellen Insulation\" \/>\n<meta property=\"article:modified_time\" content=\"2023-07-10T11:03:24+00:00\" \/>\n<meta property=\"og:image\" content=\"https:\/\/insulation.trocellen.com\/wp-content\/uploads\/sites\/6\/2023\/05\/Pipes-2.jpg\" \/>\n\t<meta property=\"og:image:width\" content=\"1920\" \/>\n\t<meta property=\"og:image:height\" content=\"300\" \/>\n\t<meta property=\"og:image:type\" content=\"image\/jpeg\" \/>\n<meta name=\"twitter:card\" content=\"summary_large_image\" \/>\n<meta name=\"twitter:label1\" content=\"Tiempo de lectura\" \/>\n\t<meta name=\"twitter:data1\" content=\"1 minuto\" \/>\n<script type=\"application\/ld+json\" class=\"yoast-schema-graph\">{\"@context\":\"https:\/\/schema.org\",\"@graph\":[{\"@type\":\"WebPage\",\"@id\":\"https:\/\/insulation.trocellen.com\/es\/applications\/aislamiento-acustico-de-paredes-y-techos\/aplomb-22\/\",\"url\":\"https:\/\/insulation.trocellen.com\/es\/applications\/aislamiento-acustico-de-paredes-y-techos\/aplomb-22\/\",\"name\":\"Aplomb 22 es un aislamiento del ruido de impacto y a\u00e9reo.\",\"isPartOf\":{\"@id\":\"https:\/\/insulation.trocellen.com\/es\/#website\"},\"primaryImageOfPage\":{\"@id\":\"https:\/\/insulation.trocellen.com\/es\/applications\/aislamiento-acustico-de-paredes-y-techos\/aplomb-22\/#primaryimage\"},\"image\":{\"@id\":\"https:\/\/insulation.trocellen.com\/es\/applications\/aislamiento-acustico-de-paredes-y-techos\/aplomb-22\/#primaryimage\"},\"thumbnailUrl\":\"https:\/\/insulation.trocellen.com\/wp-content\/uploads\/sites\/6\/2023\/05\/Pipes-2.jpg\",\"datePublished\":\"2013-12-12T17:20:42+00:00\",\"dateModified\":\"2023-07-10T11:03:24+00:00\",\"description\":\"Aplomb 22 consta de una capa de plomo de 0,35 mm laminada por ambos lados con espuma de PE antivibraci\u00f3n, con una pel\u00edcula negra. Autoadhesivo disponible\",\"breadcrumb\":{\"@id\":\"https:\/\/insulation.trocellen.com\/es\/applications\/aislamiento-acustico-de-paredes-y-techos\/aplomb-22\/#breadcrumb\"},\"inLanguage\":\"es\",\"potentialAction\":[{\"@type\":\"ReadAction\",\"target\":[\"https:\/\/insulation.trocellen.com\/es\/applications\/aislamiento-acustico-de-paredes-y-techos\/aplomb-22\/\"]}]},{\"@type\":\"ImageObject\",\"inLanguage\":\"es\",\"@id\":\"https:\/\/insulation.trocellen.com\/es\/applications\/aislamiento-acustico-de-paredes-y-techos\/aplomb-22\/#primaryimage\",\"url\":\"https:\/\/insulation.trocellen.com\/wp-content\/uploads\/sites\/6\/2023\/05\/Pipes-2.jpg\",\"contentUrl\":\"https:\/\/insulation.trocellen.com\/wp-content\/uploads\/sites\/6\/2023\/05\/Pipes-2.jpg\",\"width\":1920,\"height\":300},{\"@type\":\"BreadcrumbList\",\"@id\":\"https:\/\/insulation.trocellen.com\/es\/applications\/aislamiento-acustico-de-paredes-y-techos\/aplomb-22\/#breadcrumb\",\"itemListElement\":[{\"@type\":\"ListItem\",\"position\":1,\"name\":\"Home\",\"item\":\"https:\/\/insulation.trocellen.com\/es\/\"},{\"@type\":\"ListItem\",\"position\":2,\"name\":\"Aplicaciones\",\"item\":\"https:\/\/insulation.trocellen.com\/es\/applications\/\"},{\"@type\":\"ListItem\",\"position\":3,\"name\":\"Aislamiento ac\u00fastico de paredes y techos\",\"item\":\"https:\/\/insulation.trocellen.com\/es\/applications\/aislamiento-acustico-de-paredes-y-techos\/\"},{\"@type\":\"ListItem\",\"position\":4,\"name\":\"Aplomb 22\"}]},{\"@type\":\"WebSite\",\"@id\":\"https:\/\/insulation.trocellen.com\/es\/#website\",\"url\":\"https:\/\/insulation.trocellen.com\/es\/\",\"name\":\"Trocellen Insulation\",\"description\":\"\",\"potentialAction\":[{\"@type\":\"SearchAction\",\"target\":{\"@type\":\"EntryPoint\",\"urlTemplate\":\"https:\/\/insulation.trocellen.com\/es\/?s={search_term_string}\"},\"query-input\":{\"@type\":\"PropertyValueSpecification\",\"valueRequired\":true,\"valueName\":\"search_term_string\"}}],\"inLanguage\":\"es\"}]}<\/script>\n<!-- \/ Yoast SEO plugin. -->","yoast_head_json":{"title":"Aplomb 22 es un aislamiento del ruido de impacto y a\u00e9reo.","description":"Aplomb 22 consta de una capa de plomo de 0,35 mm laminada por ambos lados con espuma de PE antivibraci\u00f3n, con una pel\u00edcula negra. Autoadhesivo disponible","robots":{"index":"index","follow":"follow","max-snippet":"max-snippet:-1","max-image-preview":"max-image-preview:large","max-video-preview":"max-video-preview:-1"},"canonical":"https:\/\/insulation.trocellen.com\/es\/applications\/aislamiento-acustico-de-paredes-y-techos\/aplomb-22\/","og_locale":"es_ES","og_type":"article","og_title":"Aplomb 22 es un aislamiento del ruido de impacto y a\u00e9reo.","og_description":"Aplomb 22 consta de una capa de plomo de 0,35 mm laminada por ambos lados con espuma de PE antivibraci\u00f3n, con una pel\u00edcula negra. Autoadhesivo disponible","og_url":"https:\/\/insulation.trocellen.com\/es\/applications\/aislamiento-acustico-de-paredes-y-techos\/aplomb-22\/","og_site_name":"Trocellen Insulation","article_modified_time":"2023-07-10T11:03:24+00:00","og_image":[{"width":1920,"height":300,"url":"https:\/\/insulation.trocellen.com\/wp-content\/uploads\/sites\/6\/2023\/05\/Pipes-2.jpg","type":"image\/jpeg"}],"twitter_card":"summary_large_image","twitter_misc":{"Tiempo de lectura":"1 minuto"},"schema":{"@context":"https:\/\/schema.org","@graph":[{"@type":"WebPage","@id":"https:\/\/insulation.trocellen.com\/es\/applications\/aislamiento-acustico-de-paredes-y-techos\/aplomb-22\/","url":"https:\/\/insulation.trocellen.com\/es\/applications\/aislamiento-acustico-de-paredes-y-techos\/aplomb-22\/","name":"Aplomb 22 es un aislamiento del ruido de impacto y a\u00e9reo.","isPartOf":{"@id":"https:\/\/insulation.trocellen.com\/es\/#website"},"primaryImageOfPage":{"@id":"https:\/\/insulation.trocellen.com\/es\/applications\/aislamiento-acustico-de-paredes-y-techos\/aplomb-22\/#primaryimage"},"image":{"@id":"https:\/\/insulation.trocellen.com\/es\/applications\/aislamiento-acustico-de-paredes-y-techos\/aplomb-22\/#primaryimage"},"thumbnailUrl":"https:\/\/insulation.trocellen.com\/wp-content\/uploads\/sites\/6\/2023\/05\/Pipes-2.jpg","datePublished":"2013-12-12T17:20:42+00:00","dateModified":"2023-07-10T11:03:24+00:00","description":"Aplomb 22 consta de una capa de plomo de 0,35 mm laminada por ambos lados con espuma de PE antivibraci\u00f3n, con una pel\u00edcula negra. Autoadhesivo disponible","breadcrumb":{"@id":"https:\/\/insulation.trocellen.com\/es\/applications\/aislamiento-acustico-de-paredes-y-techos\/aplomb-22\/#breadcrumb"},"inLanguage":"es","potentialAction":[{"@type":"ReadAction","target":["https:\/\/insulation.trocellen.com\/es\/applications\/aislamiento-acustico-de-paredes-y-techos\/aplomb-22\/"]}]},{"@type":"ImageObject","inLanguage":"es","@id":"https:\/\/insulation.trocellen.com\/es\/applications\/aislamiento-acustico-de-paredes-y-techos\/aplomb-22\/#primaryimage","url":"https:\/\/insulation.trocellen.com\/wp-content\/uploads\/sites\/6\/2023\/05\/Pipes-2.jpg","contentUrl":"https:\/\/insulation.trocellen.com\/wp-content\/uploads\/sites\/6\/2023\/05\/Pipes-2.jpg","width":1920,"height":300},{"@type":"BreadcrumbList","@id":"https:\/\/insulation.trocellen.com\/es\/applications\/aislamiento-acustico-de-paredes-y-techos\/aplomb-22\/#breadcrumb","itemListElement":[{"@type":"ListItem","position":1,"name":"Home","item":"https:\/\/insulation.trocellen.com\/es\/"},{"@type":"ListItem","position":2,"name":"Aplicaciones","item":"https:\/\/insulation.trocellen.com\/es\/applications\/"},{"@type":"ListItem","position":3,"name":"Aislamiento ac\u00fastico de paredes y techos","item":"https:\/\/insulation.trocellen.com\/es\/applications\/aislamiento-acustico-de-paredes-y-techos\/"},{"@type":"ListItem","position":4,"name":"Aplomb 22"}]},{"@type":"WebSite","@id":"https:\/\/insulation.trocellen.com\/es\/#website","url":"https:\/\/insulation.trocellen.com\/es\/","name":"Trocellen Insulation","description":"","potentialAction":[{"@type":"SearchAction","target":{"@type":"EntryPoint","urlTemplate":"https:\/\/insulation.trocellen.com\/es\/?s={search_term_string}"},"query-input":{"@type":"PropertyValueSpecification","valueRequired":true,"valueName":"search_term_string"}}],"inLanguage":"es"}]}},"_links":{"self":[{"href":"https:\/\/insulation.trocellen.com\/es\/wp-json\/wp\/v2\/pages\/4173","targetHints":{"allow":["GET"]}}],"collection":[{"href":"https:\/\/insulation.trocellen.com\/es\/wp-json\/wp\/v2\/pages"}],"about":[{"href":"https:\/\/insulation.trocellen.com\/es\/wp-json\/wp\/v2\/types\/page"}],"author":[{"embeddable":true,"href":"https:\/\/insulation.trocellen.com\/es\/wp-json\/wp\/v2\/users\/1"}],"replies":[{"embeddable":true,"href":"https:\/\/insulation.trocellen.com\/es\/wp-json\/wp\/v2\/comments?post=4173"}],"version-history":[{"count":4,"href":"https:\/\/insulation.trocellen.com\/es\/wp-json\/wp\/v2\/pages\/4173\/revisions"}],"predecessor-version":[{"id":9770,"href":"https:\/\/insulation.trocellen.com\/es\/wp-json\/wp\/v2\/pages\/4173\/revisions\/9770"}],"up":[{"embeddable":true,"href":"https:\/\/insulation.trocellen.com\/es\/wp-json\/wp\/v2\/pages\/4119"}],"wp:featuredmedia":[{"embeddable":true,"href":"https:\/\/insulation.trocellen.com\/es\/wp-json\/wp\/v2\/media\/8830"}],"wp:attachment":[{"href":"https:\/\/insulation.trocellen.com\/es\/wp-json\/wp\/v2\/media?parent=4173"}],"curies":[{"name":"wp","href":"https:\/\/api.w.org\/{rel}","templated":true}]}}