{"id":4167,"date":"2013-12-12T17:20:13","date_gmt":"2013-12-12T17:20:13","guid":{"rendered":"https:\/\/insulation-new.trocellen.com\/trocellen-isolmass\/"},"modified":"2023-07-10T10:08:36","modified_gmt":"2023-07-10T10:08:36","slug":"trocellen-isolmass","status":"publish","type":"page","link":"https:\/\/insulation.trocellen.com\/es\/applications\/laminas-bajo-tarima\/trocellen-isolmass\/","title":{"rendered":"Trocellen Isolmass"},"content":{"rendered":"<p>Isolmass es la soluci\u00f3n alternativa de aislamiento ac\u00fastico. Trocellen desarroll\u00f3 Isolmass para satisfacer a aquellos clientes que prefieren no usar plomo en sus soluciones de aislamiento ac\u00fastico.<\/p>\n<p>Los productos Isolmass son espumas Trocellen multicapa combinadas con una capa de l\u00e1mina pesada de Poliolefina, laminada con materiales flexibles, resilientes, y absorbentes ac\u00fasticos.<\/p>\n<h3>Las ventajas de las masas pesadas de Poliolefina comparadas con el plomo<\/h3>\n<ul>\n<li>No t\u00f3xico<\/li>\n<li>Combina f\u00e1cilmente con espumas Trocellen, obteniendo un producto completamente reutilizable.<\/li>\n<li>Ancho Rollo &gt;&nbsp;1 m<\/li>\n<\/ul>\n<h2>Isolmass para paredes ligeras y suelos<\/h2>\n<p>Ofrecemos diferentes soluciones combinadas para diferentes usos en el sector constructivo: masa pesada y material resiliente (efecto masa-muelle)<\/p>\n<p>&nbsp;<\/p>\n","protected":false},"excerpt":{"rendered":"<p>Isolmass es la soluci\u00f3n alternativa de aislamiento ac\u00fastico. Trocellen desarroll\u00f3 Isolmass para satisfacer a aquellos clientes que prefieren no usar plomo en sus soluciones de aislamiento ac\u00fastico. Los productos Isolmass son espumas Trocellen multicapa combinadas con una capa de l\u00e1mina pesada de Poliolefina, laminada con materiales flexibles, resilientes, y absorbentes ac\u00fasticos. Las ventajas de las [&hellip;]<\/p>\n","protected":false},"author":1,"featured_media":8864,"parent":4113,"menu_order":400,"comment_status":"open","ping_status":"closed","template":"templates\/applications.php","meta":{"_acf_changed":false,"footnotes":""},"class_list":["post-4167","page","type-page","status-publish","has-post-thumbnail","hentry"],"acf":[],"yoast_head":"<!-- This site is optimized with the Yoast SEO plugin v23.5 - https:\/\/yoast.com\/wordpress\/plugins\/seo\/ -->\n<title>Isolmass es un aislante de absorci\u00f3n ac\u00fastica sin plomo<\/title>\n<meta name=\"description\" content=\"Trocellen Isolmass ofrece diferentes soluciones combinadas para el uso diario en el sector de la construcci\u00f3n: colchonetas de masa pesada + resilientes\" \/>\n<meta name=\"robots\" content=\"index, follow, max-snippet:-1, max-image-preview:large, max-video-preview:-1\" \/>\n<link rel=\"canonical\" href=\"https:\/\/insulation.trocellen.com\/es\/applications\/laminas-bajo-tarima\/trocellen-isolmass\/\" \/>\n<meta property=\"og:locale\" content=\"es_ES\" \/>\n<meta property=\"og:type\" content=\"article\" \/>\n<meta property=\"og:title\" content=\"Isolmass es un aislante de absorci\u00f3n ac\u00fastica sin plomo\" \/>\n<meta property=\"og:description\" content=\"Trocellen Isolmass ofrece diferentes soluciones combinadas para el uso diario en el sector de la construcci\u00f3n: colchonetas de masa pesada + resilientes\" \/>\n<meta property=\"og:url\" content=\"https:\/\/insulation.trocellen.com\/es\/applications\/laminas-bajo-tarima\/trocellen-isolmass\/\" \/>\n<meta property=\"og:site_name\" content=\"Trocellen Insulation\" \/>\n<meta property=\"article:modified_time\" content=\"2023-07-10T10:08:36+00:00\" \/>\n<meta property=\"og:image\" content=\"https:\/\/insulation.trocellen.com\/wp-content\/uploads\/sites\/6\/2023\/05\/parquet-underlay-fejlec.jpg\" \/>\n\t<meta property=\"og:image:width\" content=\"1920\" \/>\n\t<meta property=\"og:image:height\" content=\"300\" \/>\n\t<meta property=\"og:image:type\" content=\"image\/jpeg\" \/>\n<meta name=\"twitter:card\" content=\"summary_large_image\" \/>\n<meta name=\"twitter:label1\" content=\"Tiempo de lectura\" \/>\n\t<meta name=\"twitter:data1\" content=\"1 minuto\" \/>\n<script type=\"application\/ld+json\" class=\"yoast-schema-graph\">{\"@context\":\"https:\/\/schema.org\",\"@graph\":[{\"@type\":\"WebPage\",\"@id\":\"https:\/\/insulation.trocellen.com\/es\/applications\/laminas-bajo-tarima\/trocellen-isolmass\/\",\"url\":\"https:\/\/insulation.trocellen.com\/es\/applications\/laminas-bajo-tarima\/trocellen-isolmass\/\",\"name\":\"Isolmass es un aislante de absorci\u00f3n ac\u00fastica sin plomo\",\"isPartOf\":{\"@id\":\"https:\/\/insulation.trocellen.com\/es\/#website\"},\"primaryImageOfPage\":{\"@id\":\"https:\/\/insulation.trocellen.com\/es\/applications\/laminas-bajo-tarima\/trocellen-isolmass\/#primaryimage\"},\"image\":{\"@id\":\"https:\/\/insulation.trocellen.com\/es\/applications\/laminas-bajo-tarima\/trocellen-isolmass\/#primaryimage\"},\"thumbnailUrl\":\"https:\/\/insulation.trocellen.com\/wp-content\/uploads\/sites\/6\/2023\/05\/parquet-underlay-fejlec.jpg\",\"datePublished\":\"2013-12-12T17:20:13+00:00\",\"dateModified\":\"2023-07-10T10:08:36+00:00\",\"description\":\"Trocellen Isolmass ofrece diferentes soluciones combinadas para el uso diario en el sector de la construcci\u00f3n: colchonetas de masa pesada + resilientes\",\"breadcrumb\":{\"@id\":\"https:\/\/insulation.trocellen.com\/es\/applications\/laminas-bajo-tarima\/trocellen-isolmass\/#breadcrumb\"},\"inLanguage\":\"es\",\"potentialAction\":[{\"@type\":\"ReadAction\",\"target\":[\"https:\/\/insulation.trocellen.com\/es\/applications\/laminas-bajo-tarima\/trocellen-isolmass\/\"]}]},{\"@type\":\"ImageObject\",\"inLanguage\":\"es\",\"@id\":\"https:\/\/insulation.trocellen.com\/es\/applications\/laminas-bajo-tarima\/trocellen-isolmass\/#primaryimage\",\"url\":\"https:\/\/insulation.trocellen.com\/wp-content\/uploads\/sites\/6\/2023\/05\/parquet-underlay-fejlec.jpg\",\"contentUrl\":\"https:\/\/insulation.trocellen.com\/wp-content\/uploads\/sites\/6\/2023\/05\/parquet-underlay-fejlec.jpg\",\"width\":1920,\"height\":300},{\"@type\":\"BreadcrumbList\",\"@id\":\"https:\/\/insulation.trocellen.com\/es\/applications\/laminas-bajo-tarima\/trocellen-isolmass\/#breadcrumb\",\"itemListElement\":[{\"@type\":\"ListItem\",\"position\":1,\"name\":\"Home\",\"item\":\"https:\/\/insulation.trocellen.com\/es\/\"},{\"@type\":\"ListItem\",\"position\":2,\"name\":\"Aplicaciones\",\"item\":\"https:\/\/insulation.trocellen.com\/es\/applications\/\"},{\"@type\":\"ListItem\",\"position\":3,\"name\":\"Laminas bajo tarima\",\"item\":\"https:\/\/insulation.trocellen.com\/es\/applications\/laminas-bajo-tarima\/\"},{\"@type\":\"ListItem\",\"position\":4,\"name\":\"Trocellen Isolmass\"}]},{\"@type\":\"WebSite\",\"@id\":\"https:\/\/insulation.trocellen.com\/es\/#website\",\"url\":\"https:\/\/insulation.trocellen.com\/es\/\",\"name\":\"Trocellen Insulation\",\"description\":\"\",\"potentialAction\":[{\"@type\":\"SearchAction\",\"target\":{\"@type\":\"EntryPoint\",\"urlTemplate\":\"https:\/\/insulation.trocellen.com\/es\/?s={search_term_string}\"},\"query-input\":{\"@type\":\"PropertyValueSpecification\",\"valueRequired\":true,\"valueName\":\"search_term_string\"}}],\"inLanguage\":\"es\"}]}<\/script>\n<!-- \/ Yoast SEO plugin. -->","yoast_head_json":{"title":"Isolmass es un aislante de absorci\u00f3n ac\u00fastica sin plomo","description":"Trocellen Isolmass ofrece diferentes soluciones combinadas para el uso diario en el sector de la construcci\u00f3n: colchonetas de masa pesada + resilientes","robots":{"index":"index","follow":"follow","max-snippet":"max-snippet:-1","max-image-preview":"max-image-preview:large","max-video-preview":"max-video-preview:-1"},"canonical":"https:\/\/insulation.trocellen.com\/es\/applications\/laminas-bajo-tarima\/trocellen-isolmass\/","og_locale":"es_ES","og_type":"article","og_title":"Isolmass es un aislante de absorci\u00f3n ac\u00fastica sin plomo","og_description":"Trocellen Isolmass ofrece diferentes soluciones combinadas para el uso diario en el sector de la construcci\u00f3n: colchonetas de masa pesada + resilientes","og_url":"https:\/\/insulation.trocellen.com\/es\/applications\/laminas-bajo-tarima\/trocellen-isolmass\/","og_site_name":"Trocellen Insulation","article_modified_time":"2023-07-10T10:08:36+00:00","og_image":[{"width":1920,"height":300,"url":"https:\/\/insulation.trocellen.com\/wp-content\/uploads\/sites\/6\/2023\/05\/parquet-underlay-fejlec.jpg","type":"image\/jpeg"}],"twitter_card":"summary_large_image","twitter_misc":{"Tiempo de lectura":"1 minuto"},"schema":{"@context":"https:\/\/schema.org","@graph":[{"@type":"WebPage","@id":"https:\/\/insulation.trocellen.com\/es\/applications\/laminas-bajo-tarima\/trocellen-isolmass\/","url":"https:\/\/insulation.trocellen.com\/es\/applications\/laminas-bajo-tarima\/trocellen-isolmass\/","name":"Isolmass es un aislante de absorci\u00f3n ac\u00fastica sin plomo","isPartOf":{"@id":"https:\/\/insulation.trocellen.com\/es\/#website"},"primaryImageOfPage":{"@id":"https:\/\/insulation.trocellen.com\/es\/applications\/laminas-bajo-tarima\/trocellen-isolmass\/#primaryimage"},"image":{"@id":"https:\/\/insulation.trocellen.com\/es\/applications\/laminas-bajo-tarima\/trocellen-isolmass\/#primaryimage"},"thumbnailUrl":"https:\/\/insulation.trocellen.com\/wp-content\/uploads\/sites\/6\/2023\/05\/parquet-underlay-fejlec.jpg","datePublished":"2013-12-12T17:20:13+00:00","dateModified":"2023-07-10T10:08:36+00:00","description":"Trocellen Isolmass ofrece diferentes soluciones combinadas para el uso diario en el sector de la construcci\u00f3n: colchonetas de masa pesada + resilientes","breadcrumb":{"@id":"https:\/\/insulation.trocellen.com\/es\/applications\/laminas-bajo-tarima\/trocellen-isolmass\/#breadcrumb"},"inLanguage":"es","potentialAction":[{"@type":"ReadAction","target":["https:\/\/insulation.trocellen.com\/es\/applications\/laminas-bajo-tarima\/trocellen-isolmass\/"]}]},{"@type":"ImageObject","inLanguage":"es","@id":"https:\/\/insulation.trocellen.com\/es\/applications\/laminas-bajo-tarima\/trocellen-isolmass\/#primaryimage","url":"https:\/\/insulation.trocellen.com\/wp-content\/uploads\/sites\/6\/2023\/05\/parquet-underlay-fejlec.jpg","contentUrl":"https:\/\/insulation.trocellen.com\/wp-content\/uploads\/sites\/6\/2023\/05\/parquet-underlay-fejlec.jpg","width":1920,"height":300},{"@type":"BreadcrumbList","@id":"https:\/\/insulation.trocellen.com\/es\/applications\/laminas-bajo-tarima\/trocellen-isolmass\/#breadcrumb","itemListElement":[{"@type":"ListItem","position":1,"name":"Home","item":"https:\/\/insulation.trocellen.com\/es\/"},{"@type":"ListItem","position":2,"name":"Aplicaciones","item":"https:\/\/insulation.trocellen.com\/es\/applications\/"},{"@type":"ListItem","position":3,"name":"Laminas bajo tarima","item":"https:\/\/insulation.trocellen.com\/es\/applications\/laminas-bajo-tarima\/"},{"@type":"ListItem","position":4,"name":"Trocellen Isolmass"}]},{"@type":"WebSite","@id":"https:\/\/insulation.trocellen.com\/es\/#website","url":"https:\/\/insulation.trocellen.com\/es\/","name":"Trocellen Insulation","description":"","potentialAction":[{"@type":"SearchAction","target":{"@type":"EntryPoint","urlTemplate":"https:\/\/insulation.trocellen.com\/es\/?s={search_term_string}"},"query-input":{"@type":"PropertyValueSpecification","valueRequired":true,"valueName":"search_term_string"}}],"inLanguage":"es"}]}},"_links":{"self":[{"href":"https:\/\/insulation.trocellen.com\/es\/wp-json\/wp\/v2\/pages\/4167","targetHints":{"allow":["GET"]}}],"collection":[{"href":"https:\/\/insulation.trocellen.com\/es\/wp-json\/wp\/v2\/pages"}],"about":[{"href":"https:\/\/insulation.trocellen.com\/es\/wp-json\/wp\/v2\/types\/page"}],"author":[{"embeddable":true,"href":"https:\/\/insulation.trocellen.com\/es\/wp-json\/wp\/v2\/users\/1"}],"replies":[{"embeddable":true,"href":"https:\/\/insulation.trocellen.com\/es\/wp-json\/wp\/v2\/comments?post=4167"}],"version-history":[{"count":1,"href":"https:\/\/insulation.trocellen.com\/es\/wp-json\/wp\/v2\/pages\/4167\/revisions"}],"predecessor-version":[{"id":9764,"href":"https:\/\/insulation.trocellen.com\/es\/wp-json\/wp\/v2\/pages\/4167\/revisions\/9764"}],"up":[{"embeddable":true,"href":"https:\/\/insulation.trocellen.com\/es\/wp-json\/wp\/v2\/pages\/4113"}],"wp:featuredmedia":[{"embeddable":true,"href":"https:\/\/insulation.trocellen.com\/es\/wp-json\/wp\/v2\/media\/8864"}],"wp:attachment":[{"href":"https:\/\/insulation.trocellen.com\/es\/wp-json\/wp\/v2\/media?parent=4167"}],"curies":[{"name":"wp","href":"https:\/\/api.w.org\/{rel}","templated":true}]}}