{"id":4161,"date":"2013-12-12T17:20:05","date_gmt":"2013-12-12T17:20:05","guid":{"rendered":"https:\/\/insulation-new.trocellen.com\/isolmass-22\/"},"modified":"2023-07-10T10:08:02","modified_gmt":"2023-07-10T10:08:02","slug":"isolmass-22","status":"publish","type":"page","link":"https:\/\/insulation.trocellen.com\/es\/applications\/laminas-bajo-tarima\/isolmass-22\/","title":{"rendered":"Isolmass 22"},"content":{"rendered":"<p>Isolmass es la soluci\u00f3n alternativa de aislamiento ac\u00fastico. Trocellen desarroll\u00f3 Isolmass para satisfacer a aquellos clientes quienes prefer\u00edan no usar plomo en sus soluciones de aislamiento ac\u00fastico.<\/p>\n<p>Los productos Isolmass son espumas Trocellen multicapa combinadas con una lamina pesada de Poliolefina, laminada con materiales flexibles, resilientes, y absorbentes ac\u00fasticos.<\/p>\n<h3>Las ventajas de las masas pesadas de Poliolefina comparadas con el plomo<\/h3>\n<ul>\n<li>No t\u00f3xico<\/li>\n<li>Combina f\u00e1cilmente con espumas de PE reticulado Trocellen, obteniendo un producto completamente reutilizable.<\/li>\n<li>Rollo anchura &gt;&nbsp;1 m<\/li>\n<\/ul>\n<h2>Isolmass 22<\/h2>\n<div id=\"attachment_1876\" style=\"width: 310px\" class=\"wp-caption alignnone\"><a href=\"https:\/\/insulation.trocellen.com\/wp-content\/uploads\/sites\/6\/2013\/12\/Optimized-Trocellen_Isolmass-22.jpg\"><img loading=\"lazy\" decoding=\"async\" aria-describedby=\"caption-attachment-1876\" class=\"size-medium wp-image-1876\" src=\"https:\/\/insulation.trocellen.com\/wp-content\/uploads\/sites\/6\/2013\/12\/Optimized-Trocellen_Isolmass-22-300x200.jpg\" alt=\"\" width=\"300\" height=\"200\"><\/a><p id=\"caption-attachment-1876\" class=\"wp-caption-text\">Isolmass 22<\/p><\/div>\n<h4>Composici\u00f3n:<\/h4>\n<ul>\n<li>L\u00e1mina de espuma PE reticulado (antivibraci\u00f3n) 3 mm de espesor<\/li>\n<li>L\u00e1mina pesada de 4kg\/m\u00b2<\/li>\n<li>L\u00e1mina de espuma PE reticulado (antivibraci\u00f3n) 3 mm de espesor<\/li>\n<\/ul>\n<h4>Usos:<\/h4>\n<ul>\n<li>Aislamiento ac\u00fastico para paredes<\/li>\n<li>Para aislamiento ac\u00fasticon en y en paredes, reduciendo las ondas de sonido de baja frecuencia y proporcionando masa a las particiones.<\/li>\n<\/ul>\n","protected":false},"excerpt":{"rendered":"<p>Isolmass es la soluci\u00f3n alternativa de aislamiento ac\u00fastico. Trocellen desarroll\u00f3 Isolmass para satisfacer a aquellos clientes quienes prefer\u00edan no usar plomo en sus soluciones de aislamiento ac\u00fastico. Los productos Isolmass son espumas Trocellen multicapa combinadas con una lamina pesada de Poliolefina, laminada con materiales flexibles, resilientes, y absorbentes ac\u00fasticos. Las ventajas de las masas pesadas [&hellip;]<\/p>\n","protected":false},"author":1,"featured_media":0,"parent":4113,"menu_order":300,"comment_status":"open","ping_status":"closed","template":"templates\/applications.php","meta":{"_acf_changed":false,"footnotes":""},"class_list":["post-4161","page","type-page","status-publish","hentry"],"acf":[],"yoast_head":"<!-- This site is optimized with the Yoast SEO plugin v23.5 - https:\/\/yoast.com\/wordpress\/plugins\/seo\/ -->\n<title>Isolmass es una espuma multicapa (capa pesada + ac\u00fastica)<\/title>\n<meta name=\"description\" content=\"Trocellen Isolmass es la soluci\u00f3n alternativa para aquellos clientes que prefieren no utilizar plomo en sus soluciones de aislamiento ac\u00fastico.\" \/>\n<meta name=\"robots\" content=\"index, follow, max-snippet:-1, max-image-preview:large, max-video-preview:-1\" \/>\n<link rel=\"canonical\" href=\"https:\/\/insulation.trocellen.com\/es\/applications\/laminas-bajo-tarima\/isolmass-22\/\" \/>\n<meta property=\"og:locale\" content=\"es_ES\" \/>\n<meta property=\"og:type\" content=\"article\" \/>\n<meta property=\"og:title\" content=\"Isolmass es una espuma multicapa (capa pesada + ac\u00fastica)\" \/>\n<meta property=\"og:description\" content=\"Trocellen Isolmass es la soluci\u00f3n alternativa para aquellos clientes que prefieren no utilizar plomo en sus soluciones de aislamiento ac\u00fastico.\" \/>\n<meta property=\"og:url\" content=\"https:\/\/insulation.trocellen.com\/es\/applications\/laminas-bajo-tarima\/isolmass-22\/\" \/>\n<meta property=\"og:site_name\" content=\"Trocellen Insulation\" \/>\n<meta property=\"article:modified_time\" content=\"2023-07-10T10:08:02+00:00\" \/>\n<meta property=\"og:image\" content=\"https:\/\/insulation.trocellen.com\/wp-content\/uploads\/sites\/6\/2013\/12\/Optimized-Trocellen_Isolmass-22-300x200.jpg\" \/>\n<meta name=\"twitter:card\" content=\"summary_large_image\" \/>\n<meta name=\"twitter:label1\" content=\"Tiempo de lectura\" \/>\n\t<meta name=\"twitter:data1\" content=\"1 minuto\" \/>\n<script type=\"application\/ld+json\" class=\"yoast-schema-graph\">{\"@context\":\"https:\/\/schema.org\",\"@graph\":[{\"@type\":\"WebPage\",\"@id\":\"https:\/\/insulation.trocellen.com\/es\/applications\/laminas-bajo-tarima\/isolmass-22\/\",\"url\":\"https:\/\/insulation.trocellen.com\/es\/applications\/laminas-bajo-tarima\/isolmass-22\/\",\"name\":\"Isolmass es una espuma multicapa (capa pesada + ac\u00fastica)\",\"isPartOf\":{\"@id\":\"https:\/\/insulation.trocellen.com\/es\/#website\"},\"primaryImageOfPage\":{\"@id\":\"https:\/\/insulation.trocellen.com\/es\/applications\/laminas-bajo-tarima\/isolmass-22\/#primaryimage\"},\"image\":{\"@id\":\"https:\/\/insulation.trocellen.com\/es\/applications\/laminas-bajo-tarima\/isolmass-22\/#primaryimage\"},\"thumbnailUrl\":\"https:\/\/insulation.trocellen.com\/wp-content\/uploads\/sites\/6\/2013\/12\/Optimized-Trocellen_Isolmass-22-300x200.jpg\",\"datePublished\":\"2013-12-12T17:20:05+00:00\",\"dateModified\":\"2023-07-10T10:08:02+00:00\",\"description\":\"Trocellen Isolmass es la soluci\u00f3n alternativa para aquellos clientes que prefieren no utilizar plomo en sus soluciones de aislamiento ac\u00fastico.\",\"breadcrumb\":{\"@id\":\"https:\/\/insulation.trocellen.com\/es\/applications\/laminas-bajo-tarima\/isolmass-22\/#breadcrumb\"},\"inLanguage\":\"es\",\"potentialAction\":[{\"@type\":\"ReadAction\",\"target\":[\"https:\/\/insulation.trocellen.com\/es\/applications\/laminas-bajo-tarima\/isolmass-22\/\"]}]},{\"@type\":\"ImageObject\",\"inLanguage\":\"es\",\"@id\":\"https:\/\/insulation.trocellen.com\/es\/applications\/laminas-bajo-tarima\/isolmass-22\/#primaryimage\",\"url\":\"https:\/\/insulation.trocellen.com\/wp-content\/uploads\/sites\/6\/2013\/12\/Optimized-Trocellen_Isolmass-22-300x200.jpg\",\"contentUrl\":\"https:\/\/insulation.trocellen.com\/wp-content\/uploads\/sites\/6\/2013\/12\/Optimized-Trocellen_Isolmass-22-300x200.jpg\"},{\"@type\":\"BreadcrumbList\",\"@id\":\"https:\/\/insulation.trocellen.com\/es\/applications\/laminas-bajo-tarima\/isolmass-22\/#breadcrumb\",\"itemListElement\":[{\"@type\":\"ListItem\",\"position\":1,\"name\":\"Home\",\"item\":\"https:\/\/insulation.trocellen.com\/es\/\"},{\"@type\":\"ListItem\",\"position\":2,\"name\":\"Aplicaciones\",\"item\":\"https:\/\/insulation.trocellen.com\/es\/applications\/\"},{\"@type\":\"ListItem\",\"position\":3,\"name\":\"Laminas bajo tarima\",\"item\":\"https:\/\/insulation.trocellen.com\/es\/applications\/laminas-bajo-tarima\/\"},{\"@type\":\"ListItem\",\"position\":4,\"name\":\"Isolmass 22\"}]},{\"@type\":\"WebSite\",\"@id\":\"https:\/\/insulation.trocellen.com\/es\/#website\",\"url\":\"https:\/\/insulation.trocellen.com\/es\/\",\"name\":\"Trocellen Insulation\",\"description\":\"\",\"potentialAction\":[{\"@type\":\"SearchAction\",\"target\":{\"@type\":\"EntryPoint\",\"urlTemplate\":\"https:\/\/insulation.trocellen.com\/es\/?s={search_term_string}\"},\"query-input\":{\"@type\":\"PropertyValueSpecification\",\"valueRequired\":true,\"valueName\":\"search_term_string\"}}],\"inLanguage\":\"es\"}]}<\/script>\n<!-- \/ Yoast SEO plugin. -->","yoast_head_json":{"title":"Isolmass es una espuma multicapa (capa pesada + ac\u00fastica)","description":"Trocellen Isolmass es la soluci\u00f3n alternativa para aquellos clientes que prefieren no utilizar plomo en sus soluciones de aislamiento ac\u00fastico.","robots":{"index":"index","follow":"follow","max-snippet":"max-snippet:-1","max-image-preview":"max-image-preview:large","max-video-preview":"max-video-preview:-1"},"canonical":"https:\/\/insulation.trocellen.com\/es\/applications\/laminas-bajo-tarima\/isolmass-22\/","og_locale":"es_ES","og_type":"article","og_title":"Isolmass es una espuma multicapa (capa pesada + ac\u00fastica)","og_description":"Trocellen Isolmass es la soluci\u00f3n alternativa para aquellos clientes que prefieren no utilizar plomo en sus soluciones de aislamiento ac\u00fastico.","og_url":"https:\/\/insulation.trocellen.com\/es\/applications\/laminas-bajo-tarima\/isolmass-22\/","og_site_name":"Trocellen Insulation","article_modified_time":"2023-07-10T10:08:02+00:00","og_image":[{"url":"https:\/\/insulation.trocellen.com\/wp-content\/uploads\/sites\/6\/2013\/12\/Optimized-Trocellen_Isolmass-22-300x200.jpg"}],"twitter_card":"summary_large_image","twitter_misc":{"Tiempo de lectura":"1 minuto"},"schema":{"@context":"https:\/\/schema.org","@graph":[{"@type":"WebPage","@id":"https:\/\/insulation.trocellen.com\/es\/applications\/laminas-bajo-tarima\/isolmass-22\/","url":"https:\/\/insulation.trocellen.com\/es\/applications\/laminas-bajo-tarima\/isolmass-22\/","name":"Isolmass es una espuma multicapa (capa pesada + ac\u00fastica)","isPartOf":{"@id":"https:\/\/insulation.trocellen.com\/es\/#website"},"primaryImageOfPage":{"@id":"https:\/\/insulation.trocellen.com\/es\/applications\/laminas-bajo-tarima\/isolmass-22\/#primaryimage"},"image":{"@id":"https:\/\/insulation.trocellen.com\/es\/applications\/laminas-bajo-tarima\/isolmass-22\/#primaryimage"},"thumbnailUrl":"https:\/\/insulation.trocellen.com\/wp-content\/uploads\/sites\/6\/2013\/12\/Optimized-Trocellen_Isolmass-22-300x200.jpg","datePublished":"2013-12-12T17:20:05+00:00","dateModified":"2023-07-10T10:08:02+00:00","description":"Trocellen Isolmass es la soluci\u00f3n alternativa para aquellos clientes que prefieren no utilizar plomo en sus soluciones de aislamiento ac\u00fastico.","breadcrumb":{"@id":"https:\/\/insulation.trocellen.com\/es\/applications\/laminas-bajo-tarima\/isolmass-22\/#breadcrumb"},"inLanguage":"es","potentialAction":[{"@type":"ReadAction","target":["https:\/\/insulation.trocellen.com\/es\/applications\/laminas-bajo-tarima\/isolmass-22\/"]}]},{"@type":"ImageObject","inLanguage":"es","@id":"https:\/\/insulation.trocellen.com\/es\/applications\/laminas-bajo-tarima\/isolmass-22\/#primaryimage","url":"https:\/\/insulation.trocellen.com\/wp-content\/uploads\/sites\/6\/2013\/12\/Optimized-Trocellen_Isolmass-22-300x200.jpg","contentUrl":"https:\/\/insulation.trocellen.com\/wp-content\/uploads\/sites\/6\/2013\/12\/Optimized-Trocellen_Isolmass-22-300x200.jpg"},{"@type":"BreadcrumbList","@id":"https:\/\/insulation.trocellen.com\/es\/applications\/laminas-bajo-tarima\/isolmass-22\/#breadcrumb","itemListElement":[{"@type":"ListItem","position":1,"name":"Home","item":"https:\/\/insulation.trocellen.com\/es\/"},{"@type":"ListItem","position":2,"name":"Aplicaciones","item":"https:\/\/insulation.trocellen.com\/es\/applications\/"},{"@type":"ListItem","position":3,"name":"Laminas bajo tarima","item":"https:\/\/insulation.trocellen.com\/es\/applications\/laminas-bajo-tarima\/"},{"@type":"ListItem","position":4,"name":"Isolmass 22"}]},{"@type":"WebSite","@id":"https:\/\/insulation.trocellen.com\/es\/#website","url":"https:\/\/insulation.trocellen.com\/es\/","name":"Trocellen Insulation","description":"","potentialAction":[{"@type":"SearchAction","target":{"@type":"EntryPoint","urlTemplate":"https:\/\/insulation.trocellen.com\/es\/?s={search_term_string}"},"query-input":{"@type":"PropertyValueSpecification","valueRequired":true,"valueName":"search_term_string"}}],"inLanguage":"es"}]}},"_links":{"self":[{"href":"https:\/\/insulation.trocellen.com\/es\/wp-json\/wp\/v2\/pages\/4161","targetHints":{"allow":["GET"]}}],"collection":[{"href":"https:\/\/insulation.trocellen.com\/es\/wp-json\/wp\/v2\/pages"}],"about":[{"href":"https:\/\/insulation.trocellen.com\/es\/wp-json\/wp\/v2\/types\/page"}],"author":[{"embeddable":true,"href":"https:\/\/insulation.trocellen.com\/es\/wp-json\/wp\/v2\/users\/1"}],"replies":[{"embeddable":true,"href":"https:\/\/insulation.trocellen.com\/es\/wp-json\/wp\/v2\/comments?post=4161"}],"version-history":[{"count":1,"href":"https:\/\/insulation.trocellen.com\/es\/wp-json\/wp\/v2\/pages\/4161\/revisions"}],"predecessor-version":[{"id":9763,"href":"https:\/\/insulation.trocellen.com\/es\/wp-json\/wp\/v2\/pages\/4161\/revisions\/9763"}],"up":[{"embeddable":true,"href":"https:\/\/insulation.trocellen.com\/es\/wp-json\/wp\/v2\/pages\/4113"}],"wp:attachment":[{"href":"https:\/\/insulation.trocellen.com\/es\/wp-json\/wp\/v2\/media?parent=4161"}],"curies":[{"name":"wp","href":"https:\/\/api.w.org\/{rel}","templated":true}]}}