{"id":4155,"date":"2013-12-12T17:19:53","date_gmt":"2013-12-12T17:19:53","guid":{"rendered":"https:\/\/insulation-new.trocellen.com\/aplomb-22\/"},"modified":"2023-07-10T10:07:29","modified_gmt":"2023-07-10T10:07:29","slug":"aplomb-22","status":"publish","type":"page","link":"https:\/\/insulation.trocellen.com\/es\/applications\/laminas-bajo-tarima\/aplomb-22\/","title":{"rendered":"Aplomb 22"},"content":{"rendered":"<p>Muchos tipos de ruidos diferentes est\u00e1n presentes en nuestras casas y generalmente en nuestras vidas. Trocellen contin\u00faa desarrollando soluciones en espuma para proporcionar los mejores aislantes t\u00e9rmicos y ac\u00fasticos.<\/p>\n<p>La familia de productos Trocellen Aplomb est\u00e1 formada de productos m\u00falti capas con una o m\u00e1s capas de plomo unidos con materiales flexibles, que proporcionar amortiguaci\u00f3n y absorci\u00f3n de ruidos.<\/p>\n<p><a href=\"https:\/\/insulation.trocellen.com\/wp-content\/uploads\/sites\/6\/2013\/12\/aplomb-22.jpg\" rel=\"attachment wp-att-1334\"><img loading=\"lazy\" decoding=\"async\" class=\"alignnone size-full wp-image-1334\" src=\"https:\/\/insulation.trocellen.com\/wp-content\/uploads\/sites\/6\/2013\/12\/aplomb-22.jpg\" alt=\"aplomb-22\" width=\"800\" height=\"525\"><\/a><\/p>\n<h2>Aplomb 22 &#8211; para aislamiento de paredes y suelos<\/h2>\n<h3>Composici\u00f3n:<\/h3>\n<ul>\n<li>capa de plomo de 0,35 mm, 4kg\/m\u00b2, laminada en ambos lados con:<\/li>\n<li>una capa de 3 mm de espesor de espuma de PE anti-vibraci\u00f3n recubierta con film grabado de color negro<\/li>\n<\/ul>\n<h3>Usos:<\/h3>\n<ul>\n<li>Aislamiento al ruido e impacto y a\u00e9reo en divisiones horizontales<\/li>\n<li>Aplomb 22 puede ser usado para prevenir el ruido que entra o sale de un recinto particular (especialmente el ruido de baja frecuencia)<\/li>\n<li>El producto puede suministrarse en versi\u00f3n autoadhesiva para la aplicaci\u00f3n temporal, con el fin de facilitar la instalaci\u00f3n.&nbsp;A continuaci\u00f3n debe reforzarse con fijaci\u00f3n mec\u00e1nica<\/li>\n<\/ul>\n","protected":false},"excerpt":{"rendered":"<p>Muchos tipos de ruidos diferentes est\u00e1n presentes en nuestras casas y generalmente en nuestras vidas. Trocellen contin\u00faa desarrollando soluciones en espuma para proporcionar los mejores aislantes t\u00e9rmicos y ac\u00fasticos. La familia de productos Trocellen Aplomb est\u00e1 formada de productos m\u00falti capas con una o m\u00e1s capas de plomo unidos con materiales flexibles, que proporcionar amortiguaci\u00f3n [&hellip;]<\/p>\n","protected":false},"author":1,"featured_media":0,"parent":4113,"menu_order":200,"comment_status":"open","ping_status":"closed","template":"templates\/applications.php","meta":{"_acf_changed":false,"footnotes":""},"class_list":["post-4155","page","type-page","status-publish","hentry"],"acf":[],"yoast_head":"<!-- This site is optimized with the Yoast SEO plugin v23.5 - https:\/\/yoast.com\/wordpress\/plugins\/seo\/ -->\n<title>Aplomb 22 es un aislamiento ac\u00fastico de paredes y suelos<\/title>\n<meta name=\"description\" content=\"Los productos Aplomb consisten capas m\u00faltiples con una capa de plomo que se adhiere con materiales flexibles, amortiguadores y absorbentes del sonido.\" \/>\n<meta name=\"robots\" content=\"index, follow, max-snippet:-1, max-image-preview:large, max-video-preview:-1\" \/>\n<link rel=\"canonical\" href=\"https:\/\/insulation.trocellen.com\/es\/applications\/laminas-bajo-tarima\/aplomb-22\/\" \/>\n<meta property=\"og:locale\" content=\"es_ES\" \/>\n<meta property=\"og:type\" content=\"article\" \/>\n<meta property=\"og:title\" content=\"Aplomb 22 es un aislamiento ac\u00fastico de paredes y suelos\" \/>\n<meta property=\"og:description\" content=\"Los productos Aplomb consisten capas m\u00faltiples con una capa de plomo que se adhiere con materiales flexibles, amortiguadores y absorbentes del sonido.\" \/>\n<meta property=\"og:url\" content=\"https:\/\/insulation.trocellen.com\/es\/applications\/laminas-bajo-tarima\/aplomb-22\/\" \/>\n<meta property=\"og:site_name\" content=\"Trocellen Insulation\" \/>\n<meta property=\"article:modified_time\" content=\"2023-07-10T10:07:29+00:00\" \/>\n<meta property=\"og:image\" content=\"https:\/\/insulation.trocellen.com\/wp-content\/uploads\/sites\/6\/2013\/12\/aplomb-22.jpg\" \/>\n<meta name=\"twitter:card\" content=\"summary_large_image\" \/>\n<meta name=\"twitter:label1\" content=\"Tiempo de lectura\" \/>\n\t<meta name=\"twitter:data1\" content=\"1 minuto\" \/>\n<script type=\"application\/ld+json\" class=\"yoast-schema-graph\">{\"@context\":\"https:\/\/schema.org\",\"@graph\":[{\"@type\":\"WebPage\",\"@id\":\"https:\/\/insulation.trocellen.com\/es\/applications\/laminas-bajo-tarima\/aplomb-22\/\",\"url\":\"https:\/\/insulation.trocellen.com\/es\/applications\/laminas-bajo-tarima\/aplomb-22\/\",\"name\":\"Aplomb 22 es un aislamiento ac\u00fastico de paredes y suelos\",\"isPartOf\":{\"@id\":\"https:\/\/insulation.trocellen.com\/es\/#website\"},\"primaryImageOfPage\":{\"@id\":\"https:\/\/insulation.trocellen.com\/es\/applications\/laminas-bajo-tarima\/aplomb-22\/#primaryimage\"},\"image\":{\"@id\":\"https:\/\/insulation.trocellen.com\/es\/applications\/laminas-bajo-tarima\/aplomb-22\/#primaryimage\"},\"thumbnailUrl\":\"https:\/\/insulation.trocellen.com\/wp-content\/uploads\/sites\/6\/2013\/12\/aplomb-22.jpg\",\"datePublished\":\"2013-12-12T17:19:53+00:00\",\"dateModified\":\"2023-07-10T10:07:29+00:00\",\"description\":\"Los productos Aplomb consisten capas m\u00faltiples con una capa de plomo que se adhiere con materiales flexibles, amortiguadores y absorbentes del sonido.\",\"breadcrumb\":{\"@id\":\"https:\/\/insulation.trocellen.com\/es\/applications\/laminas-bajo-tarima\/aplomb-22\/#breadcrumb\"},\"inLanguage\":\"es\",\"potentialAction\":[{\"@type\":\"ReadAction\",\"target\":[\"https:\/\/insulation.trocellen.com\/es\/applications\/laminas-bajo-tarima\/aplomb-22\/\"]}]},{\"@type\":\"ImageObject\",\"inLanguage\":\"es\",\"@id\":\"https:\/\/insulation.trocellen.com\/es\/applications\/laminas-bajo-tarima\/aplomb-22\/#primaryimage\",\"url\":\"https:\/\/insulation.trocellen.com\/wp-content\/uploads\/sites\/6\/2013\/12\/aplomb-22.jpg\",\"contentUrl\":\"https:\/\/insulation.trocellen.com\/wp-content\/uploads\/sites\/6\/2013\/12\/aplomb-22.jpg\"},{\"@type\":\"BreadcrumbList\",\"@id\":\"https:\/\/insulation.trocellen.com\/es\/applications\/laminas-bajo-tarima\/aplomb-22\/#breadcrumb\",\"itemListElement\":[{\"@type\":\"ListItem\",\"position\":1,\"name\":\"Home\",\"item\":\"https:\/\/insulation.trocellen.com\/es\/\"},{\"@type\":\"ListItem\",\"position\":2,\"name\":\"Aplicaciones\",\"item\":\"https:\/\/insulation.trocellen.com\/es\/applications\/\"},{\"@type\":\"ListItem\",\"position\":3,\"name\":\"Laminas bajo tarima\",\"item\":\"https:\/\/insulation.trocellen.com\/es\/applications\/laminas-bajo-tarima\/\"},{\"@type\":\"ListItem\",\"position\":4,\"name\":\"Aplomb 22\"}]},{\"@type\":\"WebSite\",\"@id\":\"https:\/\/insulation.trocellen.com\/es\/#website\",\"url\":\"https:\/\/insulation.trocellen.com\/es\/\",\"name\":\"Trocellen Insulation\",\"description\":\"\",\"potentialAction\":[{\"@type\":\"SearchAction\",\"target\":{\"@type\":\"EntryPoint\",\"urlTemplate\":\"https:\/\/insulation.trocellen.com\/es\/?s={search_term_string}\"},\"query-input\":{\"@type\":\"PropertyValueSpecification\",\"valueRequired\":true,\"valueName\":\"search_term_string\"}}],\"inLanguage\":\"es\"}]}<\/script>\n<!-- \/ Yoast SEO plugin. -->","yoast_head_json":{"title":"Aplomb 22 es un aislamiento ac\u00fastico de paredes y suelos","description":"Los productos Aplomb consisten capas m\u00faltiples con una capa de plomo que se adhiere con materiales flexibles, amortiguadores y absorbentes del sonido.","robots":{"index":"index","follow":"follow","max-snippet":"max-snippet:-1","max-image-preview":"max-image-preview:large","max-video-preview":"max-video-preview:-1"},"canonical":"https:\/\/insulation.trocellen.com\/es\/applications\/laminas-bajo-tarima\/aplomb-22\/","og_locale":"es_ES","og_type":"article","og_title":"Aplomb 22 es un aislamiento ac\u00fastico de paredes y suelos","og_description":"Los productos Aplomb consisten capas m\u00faltiples con una capa de plomo que se adhiere con materiales flexibles, amortiguadores y absorbentes del sonido.","og_url":"https:\/\/insulation.trocellen.com\/es\/applications\/laminas-bajo-tarima\/aplomb-22\/","og_site_name":"Trocellen Insulation","article_modified_time":"2023-07-10T10:07:29+00:00","og_image":[{"url":"https:\/\/insulation.trocellen.com\/wp-content\/uploads\/sites\/6\/2013\/12\/aplomb-22.jpg"}],"twitter_card":"summary_large_image","twitter_misc":{"Tiempo de lectura":"1 minuto"},"schema":{"@context":"https:\/\/schema.org","@graph":[{"@type":"WebPage","@id":"https:\/\/insulation.trocellen.com\/es\/applications\/laminas-bajo-tarima\/aplomb-22\/","url":"https:\/\/insulation.trocellen.com\/es\/applications\/laminas-bajo-tarima\/aplomb-22\/","name":"Aplomb 22 es un aislamiento ac\u00fastico de paredes y suelos","isPartOf":{"@id":"https:\/\/insulation.trocellen.com\/es\/#website"},"primaryImageOfPage":{"@id":"https:\/\/insulation.trocellen.com\/es\/applications\/laminas-bajo-tarima\/aplomb-22\/#primaryimage"},"image":{"@id":"https:\/\/insulation.trocellen.com\/es\/applications\/laminas-bajo-tarima\/aplomb-22\/#primaryimage"},"thumbnailUrl":"https:\/\/insulation.trocellen.com\/wp-content\/uploads\/sites\/6\/2013\/12\/aplomb-22.jpg","datePublished":"2013-12-12T17:19:53+00:00","dateModified":"2023-07-10T10:07:29+00:00","description":"Los productos Aplomb consisten capas m\u00faltiples con una capa de plomo que se adhiere con materiales flexibles, amortiguadores y absorbentes del sonido.","breadcrumb":{"@id":"https:\/\/insulation.trocellen.com\/es\/applications\/laminas-bajo-tarima\/aplomb-22\/#breadcrumb"},"inLanguage":"es","potentialAction":[{"@type":"ReadAction","target":["https:\/\/insulation.trocellen.com\/es\/applications\/laminas-bajo-tarima\/aplomb-22\/"]}]},{"@type":"ImageObject","inLanguage":"es","@id":"https:\/\/insulation.trocellen.com\/es\/applications\/laminas-bajo-tarima\/aplomb-22\/#primaryimage","url":"https:\/\/insulation.trocellen.com\/wp-content\/uploads\/sites\/6\/2013\/12\/aplomb-22.jpg","contentUrl":"https:\/\/insulation.trocellen.com\/wp-content\/uploads\/sites\/6\/2013\/12\/aplomb-22.jpg"},{"@type":"BreadcrumbList","@id":"https:\/\/insulation.trocellen.com\/es\/applications\/laminas-bajo-tarima\/aplomb-22\/#breadcrumb","itemListElement":[{"@type":"ListItem","position":1,"name":"Home","item":"https:\/\/insulation.trocellen.com\/es\/"},{"@type":"ListItem","position":2,"name":"Aplicaciones","item":"https:\/\/insulation.trocellen.com\/es\/applications\/"},{"@type":"ListItem","position":3,"name":"Laminas bajo tarima","item":"https:\/\/insulation.trocellen.com\/es\/applications\/laminas-bajo-tarima\/"},{"@type":"ListItem","position":4,"name":"Aplomb 22"}]},{"@type":"WebSite","@id":"https:\/\/insulation.trocellen.com\/es\/#website","url":"https:\/\/insulation.trocellen.com\/es\/","name":"Trocellen Insulation","description":"","potentialAction":[{"@type":"SearchAction","target":{"@type":"EntryPoint","urlTemplate":"https:\/\/insulation.trocellen.com\/es\/?s={search_term_string}"},"query-input":{"@type":"PropertyValueSpecification","valueRequired":true,"valueName":"search_term_string"}}],"inLanguage":"es"}]}},"_links":{"self":[{"href":"https:\/\/insulation.trocellen.com\/es\/wp-json\/wp\/v2\/pages\/4155","targetHints":{"allow":["GET"]}}],"collection":[{"href":"https:\/\/insulation.trocellen.com\/es\/wp-json\/wp\/v2\/pages"}],"about":[{"href":"https:\/\/insulation.trocellen.com\/es\/wp-json\/wp\/v2\/types\/page"}],"author":[{"embeddable":true,"href":"https:\/\/insulation.trocellen.com\/es\/wp-json\/wp\/v2\/users\/1"}],"replies":[{"embeddable":true,"href":"https:\/\/insulation.trocellen.com\/es\/wp-json\/wp\/v2\/comments?post=4155"}],"version-history":[{"count":1,"href":"https:\/\/insulation.trocellen.com\/es\/wp-json\/wp\/v2\/pages\/4155\/revisions"}],"predecessor-version":[{"id":9762,"href":"https:\/\/insulation.trocellen.com\/es\/wp-json\/wp\/v2\/pages\/4155\/revisions\/9762"}],"up":[{"embeddable":true,"href":"https:\/\/insulation.trocellen.com\/es\/wp-json\/wp\/v2\/pages\/4113"}],"wp:attachment":[{"href":"https:\/\/insulation.trocellen.com\/es\/wp-json\/wp\/v2\/media?parent=4155"}],"curies":[{"name":"wp","href":"https:\/\/api.w.org\/{rel}","templated":true}]}}