{"id":4149,"date":"2013-12-12T17:19:36","date_gmt":"2013-12-12T17:19:36","guid":{"rendered":"https:\/\/insulation-new.trocellen.com\/trocellen-parquet-suelos-laminados\/"},"modified":"2023-07-10T10:09:15","modified_gmt":"2023-07-10T10:09:15","slug":"trocellen-parquet-suelos-laminados","status":"publish","type":"page","link":"https:\/\/insulation.trocellen.com\/es\/applications\/laminas-bajo-tarima\/trocellen-parquet-suelos-laminados\/","title":{"rendered":"Trocellen Parquet-Suelos Laminados"},"content":{"rendered":"<p>Trocellen ofrece una amplia gama de soluciones para el aislamiento ac\u00fastico para muchos y diferentes campos de aplicaci\u00f3n, siempre proporcionando un ambiente m\u00e1s confortable. Nuestras soluciones bajo parquet y suelos laminados se deber\u00edan colocar utilizando la t\u00e9cnica del \u00absuelo flotante\u00bb y son ideales para el aislamiento ac\u00fastico del ruido de pisadas o efecto tambor (drum-sound).<\/p>\n<h2>Gamas de producto<\/h2>\n<h3><a href=\"https:\/\/insulation.trocellen.com\/wp-content\/uploads\/sites\/6\/2013\/12\/FOTO-APLICACION-PARQUET.jpg\"><img loading=\"lazy\" decoding=\"async\" class=\"alignright wp-image-1614 size-thumbnail\" src=\"https:\/\/insulation.trocellen.com\/wp-content\/uploads\/sites\/6\/2013\/12\/FOTO-APLICACION-PARQUET-150x150.jpg\" alt=\"\" width=\"150\" height=\"150\"><\/a>Trocellen HIS PLUS 3MM:<\/h3>\n<ul>\n<li>Espuma de polietileno reticulado con film de PE de color negro<\/li>\n<li>Densidad: 40 kg\/m\u00b3<\/li>\n<\/ul>\n<h3>Trocellen IS PLUS PARQUET 3MM:<\/h3>\n<ul>\n<li>Espuma de polietileno reticulado con film de PE de color blanco barrera de vapor<\/li>\n<li>Densidad: 90 kg\/m\u00b3<\/li>\n<\/ul>\n<h2>Propiedades<\/h2>\n<table class=\"green-table\">\n<thead>\n<tr>\n<th class=\"green-table-first-cell\"><\/th>\n<th>&nbsp;Norma<\/th>\n<th>Unidad<\/th>\n<th>Trocellen HIS PLUS 3MM<\/th>\n<th>Trocellen IS PLUS PARQUET 3MM<\/th>\n<\/tr>\n<\/thead>\n<tbody>\n<tr>\n<th>Espesor<\/th>\n<td>EN ISO 1923<\/td>\n<td>&nbsp;mm<\/td>\n<td>&nbsp;3<\/td>\n<td>&nbsp;3<\/td>\n<\/tr>\n<tr>\n<th>Aislamiento a ruido de impactos<\/th>\n<td>ISO 2796<\/td>\n<td>\u00b0C<\/td>\n<td>23<\/td>\n<td>21<\/td>\n<\/tr>\n<tr>\n<th>Resistencia t\u00e9rmica a 10\u00baC<\/th>\n<td>EN 12667<\/td>\n<td>m2K\/W<\/td>\n<td>0,089<\/td>\n<td>0,068<\/td>\n<\/tr>\n<tr>\n<th>Aislamiento al ruido de pisadas (drum-sound)<\/th>\n<td>EPLF 01029-5<\/td>\n<td>&#8211;<\/td>\n<td>&nbsp;SL10<\/td>\n<td>SL20<\/td>\n<\/tr>\n<\/tbody>\n<\/table>\n<h2>Beneficios<\/h2>\n<ul>\n<li>Protege su salud &#8211; no t\u00f3xico, no al\u00e9rgeno, resistente al moho y reutilizable<\/li>\n<li>Ahorra recursos &#8211; de bajo peso &#8211; f\u00e1cil de transportar y manejar<\/li>\n<li>Ahorra tiempo &#8211; flexible &#8211; f\u00e1cil de instalar<\/li>\n<li>Si\u00e9ntase c\u00f3modo &#8211; reducci\u00f3n perfecta del sonido ruido de pisadas (drum-sound) y del ruido de impactos<\/li>\n<li>Buen soporte y adecuado y apto para calefacci\u00f3n por suelo radiante.<\/li>\n<li>Protege el suelo &#8211; posibilidad de barrera de vapor de agua<\/li>\n<li>Ahorra dinero &#8211; muy duradero<\/li>\n<\/ul>\n","protected":false},"excerpt":{"rendered":"<p>Trocellen ofrece una amplia gama de soluciones para el aislamiento ac\u00fastico para muchos y diferentes campos de aplicaci\u00f3n, siempre proporcionando un ambiente m\u00e1s confortable. Nuestras soluciones bajo parquet y suelos laminados se deber\u00edan colocar utilizando la t\u00e9cnica del \u00absuelo flotante\u00bb y son ideales para el aislamiento ac\u00fastico del ruido de pisadas o efecto tambor (drum-sound). [&hellip;]<\/p>\n","protected":false},"author":1,"featured_media":8864,"parent":4113,"menu_order":100,"comment_status":"open","ping_status":"closed","template":"templates\/applications.php","meta":{"_acf_changed":false,"footnotes":""},"class_list":["post-4149","page","type-page","status-publish","has-post-thumbnail","hentry"],"acf":[],"yoast_head":"<!-- This site is optimized with the Yoast SEO plugin v23.5 - https:\/\/yoast.com\/wordpress\/plugins\/seo\/ -->\n<title>La soluci\u00f3n profesional de Trocellen para bases de parquet<\/title>\n<meta name=\"description\" content=\"Las soluciones de Trocellen bajo parquet deben colocarse con la t\u00e9cnica del \u00absuelo flotante\u00bb y son ideales para el aislamiento ac\u00fastico del efecto tambor.\" \/>\n<meta name=\"robots\" content=\"index, follow, max-snippet:-1, max-image-preview:large, max-video-preview:-1\" \/>\n<link rel=\"canonical\" href=\"https:\/\/insulation.trocellen.com\/es\/applications\/laminas-bajo-tarima\/trocellen-parquet-suelos-laminados\/\" \/>\n<meta property=\"og:locale\" content=\"es_ES\" \/>\n<meta property=\"og:type\" content=\"article\" \/>\n<meta property=\"og:title\" content=\"La soluci\u00f3n profesional de Trocellen para bases de parquet\" \/>\n<meta property=\"og:description\" content=\"Las soluciones de Trocellen bajo parquet deben colocarse con la t\u00e9cnica del \u00absuelo flotante\u00bb y son ideales para el aislamiento ac\u00fastico del efecto tambor.\" \/>\n<meta property=\"og:url\" content=\"https:\/\/insulation.trocellen.com\/es\/applications\/laminas-bajo-tarima\/trocellen-parquet-suelos-laminados\/\" \/>\n<meta property=\"og:site_name\" content=\"Trocellen Insulation\" \/>\n<meta property=\"article:modified_time\" content=\"2023-07-10T10:09:15+00:00\" \/>\n<meta property=\"og:image\" content=\"https:\/\/insulation.trocellen.com\/wp-content\/uploads\/sites\/6\/2023\/05\/parquet-underlay-fejlec.jpg\" \/>\n\t<meta property=\"og:image:width\" content=\"1920\" \/>\n\t<meta property=\"og:image:height\" content=\"300\" \/>\n\t<meta property=\"og:image:type\" content=\"image\/jpeg\" \/>\n<meta name=\"twitter:card\" content=\"summary_large_image\" \/>\n<meta name=\"twitter:label1\" content=\"Tiempo de lectura\" \/>\n\t<meta name=\"twitter:data1\" content=\"2 minutos\" \/>\n<script type=\"application\/ld+json\" class=\"yoast-schema-graph\">{\"@context\":\"https:\/\/schema.org\",\"@graph\":[{\"@type\":\"WebPage\",\"@id\":\"https:\/\/insulation.trocellen.com\/es\/applications\/laminas-bajo-tarima\/trocellen-parquet-suelos-laminados\/\",\"url\":\"https:\/\/insulation.trocellen.com\/es\/applications\/laminas-bajo-tarima\/trocellen-parquet-suelos-laminados\/\",\"name\":\"La soluci\u00f3n profesional de Trocellen para bases de parquet\",\"isPartOf\":{\"@id\":\"https:\/\/insulation.trocellen.com\/es\/#website\"},\"primaryImageOfPage\":{\"@id\":\"https:\/\/insulation.trocellen.com\/es\/applications\/laminas-bajo-tarima\/trocellen-parquet-suelos-laminados\/#primaryimage\"},\"image\":{\"@id\":\"https:\/\/insulation.trocellen.com\/es\/applications\/laminas-bajo-tarima\/trocellen-parquet-suelos-laminados\/#primaryimage\"},\"thumbnailUrl\":\"https:\/\/insulation.trocellen.com\/wp-content\/uploads\/sites\/6\/2023\/05\/parquet-underlay-fejlec.jpg\",\"datePublished\":\"2013-12-12T17:19:36+00:00\",\"dateModified\":\"2023-07-10T10:09:15+00:00\",\"description\":\"Las soluciones de Trocellen bajo parquet deben colocarse con la t\u00e9cnica del \u00absuelo flotante\u00bb y son ideales para el aislamiento ac\u00fastico del efecto tambor.\",\"breadcrumb\":{\"@id\":\"https:\/\/insulation.trocellen.com\/es\/applications\/laminas-bajo-tarima\/trocellen-parquet-suelos-laminados\/#breadcrumb\"},\"inLanguage\":\"es\",\"potentialAction\":[{\"@type\":\"ReadAction\",\"target\":[\"https:\/\/insulation.trocellen.com\/es\/applications\/laminas-bajo-tarima\/trocellen-parquet-suelos-laminados\/\"]}]},{\"@type\":\"ImageObject\",\"inLanguage\":\"es\",\"@id\":\"https:\/\/insulation.trocellen.com\/es\/applications\/laminas-bajo-tarima\/trocellen-parquet-suelos-laminados\/#primaryimage\",\"url\":\"https:\/\/insulation.trocellen.com\/wp-content\/uploads\/sites\/6\/2023\/05\/parquet-underlay-fejlec.jpg\",\"contentUrl\":\"https:\/\/insulation.trocellen.com\/wp-content\/uploads\/sites\/6\/2023\/05\/parquet-underlay-fejlec.jpg\",\"width\":1920,\"height\":300},{\"@type\":\"BreadcrumbList\",\"@id\":\"https:\/\/insulation.trocellen.com\/es\/applications\/laminas-bajo-tarima\/trocellen-parquet-suelos-laminados\/#breadcrumb\",\"itemListElement\":[{\"@type\":\"ListItem\",\"position\":1,\"name\":\"Home\",\"item\":\"https:\/\/insulation.trocellen.com\/es\/\"},{\"@type\":\"ListItem\",\"position\":2,\"name\":\"Aplicaciones\",\"item\":\"https:\/\/insulation.trocellen.com\/es\/applications\/\"},{\"@type\":\"ListItem\",\"position\":3,\"name\":\"Laminas bajo tarima\",\"item\":\"https:\/\/insulation.trocellen.com\/es\/applications\/laminas-bajo-tarima\/\"},{\"@type\":\"ListItem\",\"position\":4,\"name\":\"Trocellen Parquet-Suelos Laminados\"}]},{\"@type\":\"WebSite\",\"@id\":\"https:\/\/insulation.trocellen.com\/es\/#website\",\"url\":\"https:\/\/insulation.trocellen.com\/es\/\",\"name\":\"Trocellen Insulation\",\"description\":\"\",\"potentialAction\":[{\"@type\":\"SearchAction\",\"target\":{\"@type\":\"EntryPoint\",\"urlTemplate\":\"https:\/\/insulation.trocellen.com\/es\/?s={search_term_string}\"},\"query-input\":{\"@type\":\"PropertyValueSpecification\",\"valueRequired\":true,\"valueName\":\"search_term_string\"}}],\"inLanguage\":\"es\"}]}<\/script>\n<!-- \/ Yoast SEO plugin. -->","yoast_head_json":{"title":"La soluci\u00f3n profesional de Trocellen para bases de parquet","description":"Las soluciones de Trocellen bajo parquet deben colocarse con la t\u00e9cnica del \u00absuelo flotante\u00bb y son ideales para el aislamiento ac\u00fastico del efecto tambor.","robots":{"index":"index","follow":"follow","max-snippet":"max-snippet:-1","max-image-preview":"max-image-preview:large","max-video-preview":"max-video-preview:-1"},"canonical":"https:\/\/insulation.trocellen.com\/es\/applications\/laminas-bajo-tarima\/trocellen-parquet-suelos-laminados\/","og_locale":"es_ES","og_type":"article","og_title":"La soluci\u00f3n profesional de Trocellen para bases de parquet","og_description":"Las soluciones de Trocellen bajo parquet deben colocarse con la t\u00e9cnica del \u00absuelo flotante\u00bb y son ideales para el aislamiento ac\u00fastico del efecto tambor.","og_url":"https:\/\/insulation.trocellen.com\/es\/applications\/laminas-bajo-tarima\/trocellen-parquet-suelos-laminados\/","og_site_name":"Trocellen Insulation","article_modified_time":"2023-07-10T10:09:15+00:00","og_image":[{"width":1920,"height":300,"url":"https:\/\/insulation.trocellen.com\/wp-content\/uploads\/sites\/6\/2023\/05\/parquet-underlay-fejlec.jpg","type":"image\/jpeg"}],"twitter_card":"summary_large_image","twitter_misc":{"Tiempo de lectura":"2 minutos"},"schema":{"@context":"https:\/\/schema.org","@graph":[{"@type":"WebPage","@id":"https:\/\/insulation.trocellen.com\/es\/applications\/laminas-bajo-tarima\/trocellen-parquet-suelos-laminados\/","url":"https:\/\/insulation.trocellen.com\/es\/applications\/laminas-bajo-tarima\/trocellen-parquet-suelos-laminados\/","name":"La soluci\u00f3n profesional de Trocellen para bases de parquet","isPartOf":{"@id":"https:\/\/insulation.trocellen.com\/es\/#website"},"primaryImageOfPage":{"@id":"https:\/\/insulation.trocellen.com\/es\/applications\/laminas-bajo-tarima\/trocellen-parquet-suelos-laminados\/#primaryimage"},"image":{"@id":"https:\/\/insulation.trocellen.com\/es\/applications\/laminas-bajo-tarima\/trocellen-parquet-suelos-laminados\/#primaryimage"},"thumbnailUrl":"https:\/\/insulation.trocellen.com\/wp-content\/uploads\/sites\/6\/2023\/05\/parquet-underlay-fejlec.jpg","datePublished":"2013-12-12T17:19:36+00:00","dateModified":"2023-07-10T10:09:15+00:00","description":"Las soluciones de Trocellen bajo parquet deben colocarse con la t\u00e9cnica del \u00absuelo flotante\u00bb y son ideales para el aislamiento ac\u00fastico del efecto tambor.","breadcrumb":{"@id":"https:\/\/insulation.trocellen.com\/es\/applications\/laminas-bajo-tarima\/trocellen-parquet-suelos-laminados\/#breadcrumb"},"inLanguage":"es","potentialAction":[{"@type":"ReadAction","target":["https:\/\/insulation.trocellen.com\/es\/applications\/laminas-bajo-tarima\/trocellen-parquet-suelos-laminados\/"]}]},{"@type":"ImageObject","inLanguage":"es","@id":"https:\/\/insulation.trocellen.com\/es\/applications\/laminas-bajo-tarima\/trocellen-parquet-suelos-laminados\/#primaryimage","url":"https:\/\/insulation.trocellen.com\/wp-content\/uploads\/sites\/6\/2023\/05\/parquet-underlay-fejlec.jpg","contentUrl":"https:\/\/insulation.trocellen.com\/wp-content\/uploads\/sites\/6\/2023\/05\/parquet-underlay-fejlec.jpg","width":1920,"height":300},{"@type":"BreadcrumbList","@id":"https:\/\/insulation.trocellen.com\/es\/applications\/laminas-bajo-tarima\/trocellen-parquet-suelos-laminados\/#breadcrumb","itemListElement":[{"@type":"ListItem","position":1,"name":"Home","item":"https:\/\/insulation.trocellen.com\/es\/"},{"@type":"ListItem","position":2,"name":"Aplicaciones","item":"https:\/\/insulation.trocellen.com\/es\/applications\/"},{"@type":"ListItem","position":3,"name":"Laminas bajo tarima","item":"https:\/\/insulation.trocellen.com\/es\/applications\/laminas-bajo-tarima\/"},{"@type":"ListItem","position":4,"name":"Trocellen Parquet-Suelos Laminados"}]},{"@type":"WebSite","@id":"https:\/\/insulation.trocellen.com\/es\/#website","url":"https:\/\/insulation.trocellen.com\/es\/","name":"Trocellen Insulation","description":"","potentialAction":[{"@type":"SearchAction","target":{"@type":"EntryPoint","urlTemplate":"https:\/\/insulation.trocellen.com\/es\/?s={search_term_string}"},"query-input":{"@type":"PropertyValueSpecification","valueRequired":true,"valueName":"search_term_string"}}],"inLanguage":"es"}]}},"_links":{"self":[{"href":"https:\/\/insulation.trocellen.com\/es\/wp-json\/wp\/v2\/pages\/4149","targetHints":{"allow":["GET"]}}],"collection":[{"href":"https:\/\/insulation.trocellen.com\/es\/wp-json\/wp\/v2\/pages"}],"about":[{"href":"https:\/\/insulation.trocellen.com\/es\/wp-json\/wp\/v2\/types\/page"}],"author":[{"embeddable":true,"href":"https:\/\/insulation.trocellen.com\/es\/wp-json\/wp\/v2\/users\/1"}],"replies":[{"embeddable":true,"href":"https:\/\/insulation.trocellen.com\/es\/wp-json\/wp\/v2\/comments?post=4149"}],"version-history":[{"count":5,"href":"https:\/\/insulation.trocellen.com\/es\/wp-json\/wp\/v2\/pages\/4149\/revisions"}],"predecessor-version":[{"id":9765,"href":"https:\/\/insulation.trocellen.com\/es\/wp-json\/wp\/v2\/pages\/4149\/revisions\/9765"}],"up":[{"embeddable":true,"href":"https:\/\/insulation.trocellen.com\/es\/wp-json\/wp\/v2\/pages\/4113"}],"wp:featuredmedia":[{"embeddable":true,"href":"https:\/\/insulation.trocellen.com\/es\/wp-json\/wp\/v2\/media\/8864"}],"wp:attachment":[{"href":"https:\/\/insulation.trocellen.com\/es\/wp-json\/wp\/v2\/media?parent=4149"}],"curies":[{"name":"wp","href":"https:\/\/api.w.org\/{rel}","templated":true}]}}