{"id":4143,"date":"2013-12-12T17:18:57","date_gmt":"2013-12-12T17:18:57","guid":{"rendered":"https:\/\/insulation-new.trocellen.com\/trocellen-is-trocellen-his\/"},"modified":"2023-07-10T10:59:11","modified_gmt":"2023-07-10T10:59:11","slug":"trocellen-is-trocellen-his","status":"publish","type":"page","link":"https:\/\/insulation.trocellen.com\/es\/applications\/laminas-antiimpacto\/trocellen-is-trocellen-his\/","title":{"rendered":"TROCELLEN IS, TROCELLEN HIS"},"content":{"rendered":"<p><a href=\"https:\/\/insulation.trocellen.com\/wp-content\/uploads\/sites\/6\/2013\/12\/FOTO-APLICACION-ANTIIMPACTO.jpg\"><img loading=\"lazy\" decoding=\"async\" class=\"alignnone size-medium wp-image-1559\" src=\"https:\/\/insulation.trocellen.com\/wp-content\/uploads\/sites\/6\/2013\/12\/FOTO-APLICACION-ANTIIMPACTO-297x300.jpg\" alt=\"\" width=\"297\" height=\"300\" \/><\/a><\/p>\n<p>Trocellen ofrece una amplia gama de soluciones de aislamiento ac\u00fastico para muchas \u00e1reas diferentes de aplicaci\u00f3n, proporcionando siempre un ambiente m\u00e1s c\u00f3modo.<\/p>\n<h2>Gama de productos<\/h2>\n<p><a href=\"https:\/\/insulation.trocellen.com\/wp-content\/uploads\/sites\/6\/2013\/12\/image001.png\"><img loading=\"lazy\" decoding=\"async\" class=\"alignright size-medium wp-image-1560\" src=\"https:\/\/insulation.trocellen.com\/wp-content\/uploads\/sites\/6\/2013\/12\/image001-300x232.png\" alt=\"\" width=\"300\" height=\"232\" \/><\/a><\/p>\n<h3>TROCELLEN IS:<\/h3>\n<ul>\n<li>Espuma de polietileno qu\u00edmicamente reticulada<\/li>\n<li>Densidad: 25 kg\/m\u00b3<\/li>\n<\/ul>\n<h3>TROCELLEN HIS:<\/h3>\n<ul>\n<li>Espuma de polietileno qu\u00edmicamente reticulada mejorada con mejor comportamiento ac\u00fastico<\/li>\n<li>Densidad: 25 kg\/m\u00b3<\/li>\n<\/ul>\n<h2>Propiedades<\/h2>\n<table class=\"green-table\" border=\"0\">\n<thead>\n<tr>\n<th class=\"green-table-first-cell\"><\/th>\n<th scope=\"col\">Norma<\/th>\n<th scope=\"col\">Unidad<\/th>\n<th scope=\"col\"><strong>Trocellen IS<\/strong><\/th>\n<th scope=\"col\"><strong>Trocellen HIS<\/strong><\/th>\n<\/tr>\n<\/thead>\n<tbody>\n<tr>\n<th scope=\"row\">Espesor<\/th>\n<td>EN ISO 1923<\/td>\n<td style=\"text-align: center;\">mm<\/td>\n<td style=\"text-align: center;\">5-10<\/td>\n<td style=\"text-align: center;\">3-13<\/td>\n<\/tr>\n<tr>\n<th scope=\"row\">Estabilidad dimensional (&lt;5%)<\/th>\n<td>ISO 2796<\/td>\n<td style=\"text-align: center;\"><sup>\u00b0<\/sup>C<\/td>\n<td style=\"text-align: center;\">105<\/td>\n<td style=\"text-align: center;\">100<\/td>\n<\/tr>\n<tr>\n<th scope=\"row\">Conductividad t\u00e9rmica a 10\u00b0C (\u03bb)<\/th>\n<td>EN 12667<\/td>\n<td style=\"text-align: center;\">W\/mK<\/td>\n<td style=\"text-align: center;\">0,040<\/td>\n<td style=\"text-align: center;\">0,035<\/td>\n<\/tr>\n<tr>\n<th scope=\"row\">Aislamiento ac\u00fastico de impacto\u00a0\u0394Lw<\/th>\n<td>EN ISO 140\/6-8 EN ISO 717\/2<\/td>\n<td style=\"text-align: center;\">dB<\/td>\n<td style=\"text-align: center;\">21-24<\/td>\n<td style=\"text-align: center;\">22-28<\/td>\n<\/tr>\n<tr>\n<th scope=\"row\">Rigidez din\u00e1mica s\u2019t<\/th>\n<td>EN 29052-1<\/td>\n<td style=\"text-align: center;\">MN\/m<sup>3<\/sup><\/td>\n<td style=\"text-align: center;\">5 mm: 87<\/td>\n<td style=\"text-align: center;\">5 mm: 19<\/td>\n<\/tr>\n<\/tbody>\n<\/table>\n<p style=\"text-align: center;\">\n<h2>Beneficios<\/h2>\n<ul>\n<li>Proteger la salud: no t\u00f3xico, no al\u00e9rgeno, resistente al moho y reciclable<\/li>\n<li>Ahorra\u00a0recursos \u2013 ligero \u2013 f\u00e1cil de transportar y f\u00e1cil de manejar<\/li>\n<li>Ahorra\u00a0tiempo \u2013 flexible \u2013 f\u00e1cil de instalar<\/li>\n<li>Ahorra\u00a0dinero \u2013 muy duradero<\/li>\n<\/ul>\n","protected":false},"excerpt":{"rendered":"<p>Trocellen ofrece una amplia gama de soluciones de aislamiento ac\u00fastico para muchas \u00e1reas diferentes de aplicaci\u00f3n, proporcionando siempre un ambiente m\u00e1s c\u00f3modo. Gama de productos TROCELLEN IS: Espuma de polietileno qu\u00edmicamente reticulada Densidad: 25 kg\/m\u00b3 TROCELLEN HIS: Espuma de polietileno qu\u00edmicamente reticulada mejorada con mejor comportamiento ac\u00fastico Densidad: 25 kg\/m\u00b3 Propiedades Norma Unidad Trocellen IS [&hellip;]<\/p>\n","protected":false},"author":1,"featured_media":8858,"parent":4107,"menu_order":100,"comment_status":"open","ping_status":"closed","template":"templates\/applications.php","meta":{"_acf_changed":false,"footnotes":""},"class_list":["post-4143","page","type-page","status-publish","has-post-thumbnail","hentry"],"acf":[],"yoast_head":"<!-- This site is optimized with the Yoast SEO plugin v23.5 - https:\/\/yoast.com\/wordpress\/plugins\/seo\/ -->\n<title>Trosil y Trosil-Tech son ideales bajo los suelos flotantes<\/title>\n<meta name=\"description\" content=\"Las soluciones de bajo solado de Trocellen son ideales para el aislamiento ac\u00fastico del efecto tambor. Se fabrican con espuma de PE qu\u00edmicamente reticulada\" \/>\n<meta name=\"robots\" content=\"index, follow, max-snippet:-1, max-image-preview:large, max-video-preview:-1\" \/>\n<link rel=\"canonical\" href=\"https:\/\/insulation.trocellen.com\/es\/applications\/laminas-antiimpacto\/trocellen-is-trocellen-his\/\" \/>\n<meta property=\"og:locale\" content=\"es_ES\" \/>\n<meta property=\"og:type\" content=\"article\" \/>\n<meta property=\"og:title\" content=\"Trosil y Trosil-Tech son ideales bajo los suelos flotantes\" \/>\n<meta property=\"og:description\" content=\"Las soluciones de bajo solado de Trocellen son ideales para el aislamiento ac\u00fastico del efecto tambor. Se fabrican con espuma de PE qu\u00edmicamente reticulada\" \/>\n<meta property=\"og:url\" content=\"https:\/\/insulation.trocellen.com\/es\/applications\/laminas-antiimpacto\/trocellen-is-trocellen-his\/\" \/>\n<meta property=\"og:site_name\" content=\"Trocellen Insulation\" \/>\n<meta property=\"article:modified_time\" content=\"2023-07-10T10:59:11+00:00\" \/>\n<meta property=\"og:image\" content=\"https:\/\/insulation.trocellen.com\/wp-content\/uploads\/sites\/6\/2023\/05\/Trosil-install.jpg\" \/>\n\t<meta property=\"og:image:width\" content=\"1920\" \/>\n\t<meta property=\"og:image:height\" content=\"300\" \/>\n\t<meta property=\"og:image:type\" content=\"image\/jpeg\" \/>\n<meta name=\"twitter:card\" content=\"summary_large_image\" \/>\n<meta name=\"twitter:label1\" content=\"Tiempo de lectura\" \/>\n\t<meta name=\"twitter:data1\" content=\"2 minutos\" \/>\n<script type=\"application\/ld+json\" class=\"yoast-schema-graph\">{\"@context\":\"https:\/\/schema.org\",\"@graph\":[{\"@type\":\"WebPage\",\"@id\":\"https:\/\/insulation.trocellen.com\/es\/applications\/laminas-antiimpacto\/trocellen-is-trocellen-his\/\",\"url\":\"https:\/\/insulation.trocellen.com\/es\/applications\/laminas-antiimpacto\/trocellen-is-trocellen-his\/\",\"name\":\"Trosil y Trosil-Tech son ideales bajo los suelos flotantes\",\"isPartOf\":{\"@id\":\"https:\/\/insulation.trocellen.com\/es\/#website\"},\"primaryImageOfPage\":{\"@id\":\"https:\/\/insulation.trocellen.com\/es\/applications\/laminas-antiimpacto\/trocellen-is-trocellen-his\/#primaryimage\"},\"image\":{\"@id\":\"https:\/\/insulation.trocellen.com\/es\/applications\/laminas-antiimpacto\/trocellen-is-trocellen-his\/#primaryimage\"},\"thumbnailUrl\":\"https:\/\/insulation.trocellen.com\/wp-content\/uploads\/sites\/6\/2023\/05\/Trosil-install.jpg\",\"datePublished\":\"2013-12-12T17:18:57+00:00\",\"dateModified\":\"2023-07-10T10:59:11+00:00\",\"description\":\"Las soluciones de bajo solado de Trocellen son ideales para el aislamiento ac\u00fastico del efecto tambor. Se fabrican con espuma de PE qu\u00edmicamente reticulada\",\"breadcrumb\":{\"@id\":\"https:\/\/insulation.trocellen.com\/es\/applications\/laminas-antiimpacto\/trocellen-is-trocellen-his\/#breadcrumb\"},\"inLanguage\":\"es\",\"potentialAction\":[{\"@type\":\"ReadAction\",\"target\":[\"https:\/\/insulation.trocellen.com\/es\/applications\/laminas-antiimpacto\/trocellen-is-trocellen-his\/\"]}]},{\"@type\":\"ImageObject\",\"inLanguage\":\"es\",\"@id\":\"https:\/\/insulation.trocellen.com\/es\/applications\/laminas-antiimpacto\/trocellen-is-trocellen-his\/#primaryimage\",\"url\":\"https:\/\/insulation.trocellen.com\/wp-content\/uploads\/sites\/6\/2023\/05\/Trosil-install.jpg\",\"contentUrl\":\"https:\/\/insulation.trocellen.com\/wp-content\/uploads\/sites\/6\/2023\/05\/Trosil-install.jpg\",\"width\":1920,\"height\":300},{\"@type\":\"BreadcrumbList\",\"@id\":\"https:\/\/insulation.trocellen.com\/es\/applications\/laminas-antiimpacto\/trocellen-is-trocellen-his\/#breadcrumb\",\"itemListElement\":[{\"@type\":\"ListItem\",\"position\":1,\"name\":\"Home\",\"item\":\"https:\/\/insulation.trocellen.com\/es\/\"},{\"@type\":\"ListItem\",\"position\":2,\"name\":\"Aplicaciones\",\"item\":\"https:\/\/insulation.trocellen.com\/es\/applications\/\"},{\"@type\":\"ListItem\",\"position\":3,\"name\":\"Laminas antiimpacto\",\"item\":\"https:\/\/insulation.trocellen.com\/es\/applications\/laminas-antiimpacto\/\"},{\"@type\":\"ListItem\",\"position\":4,\"name\":\"TROCELLEN IS, TROCELLEN HIS\"}]},{\"@type\":\"WebSite\",\"@id\":\"https:\/\/insulation.trocellen.com\/es\/#website\",\"url\":\"https:\/\/insulation.trocellen.com\/es\/\",\"name\":\"Trocellen Insulation\",\"description\":\"\",\"potentialAction\":[{\"@type\":\"SearchAction\",\"target\":{\"@type\":\"EntryPoint\",\"urlTemplate\":\"https:\/\/insulation.trocellen.com\/es\/?s={search_term_string}\"},\"query-input\":{\"@type\":\"PropertyValueSpecification\",\"valueRequired\":true,\"valueName\":\"search_term_string\"}}],\"inLanguage\":\"es\"}]}<\/script>\n<!-- \/ Yoast SEO plugin. -->","yoast_head_json":{"title":"Trosil y Trosil-Tech son ideales bajo los suelos flotantes","description":"Las soluciones de bajo solado de Trocellen son ideales para el aislamiento ac\u00fastico del efecto tambor. Se fabrican con espuma de PE qu\u00edmicamente reticulada","robots":{"index":"index","follow":"follow","max-snippet":"max-snippet:-1","max-image-preview":"max-image-preview:large","max-video-preview":"max-video-preview:-1"},"canonical":"https:\/\/insulation.trocellen.com\/es\/applications\/laminas-antiimpacto\/trocellen-is-trocellen-his\/","og_locale":"es_ES","og_type":"article","og_title":"Trosil y Trosil-Tech son ideales bajo los suelos flotantes","og_description":"Las soluciones de bajo solado de Trocellen son ideales para el aislamiento ac\u00fastico del efecto tambor. Se fabrican con espuma de PE qu\u00edmicamente reticulada","og_url":"https:\/\/insulation.trocellen.com\/es\/applications\/laminas-antiimpacto\/trocellen-is-trocellen-his\/","og_site_name":"Trocellen Insulation","article_modified_time":"2023-07-10T10:59:11+00:00","og_image":[{"width":1920,"height":300,"url":"https:\/\/insulation.trocellen.com\/wp-content\/uploads\/sites\/6\/2023\/05\/Trosil-install.jpg","type":"image\/jpeg"}],"twitter_card":"summary_large_image","twitter_misc":{"Tiempo de lectura":"2 minutos"},"schema":{"@context":"https:\/\/schema.org","@graph":[{"@type":"WebPage","@id":"https:\/\/insulation.trocellen.com\/es\/applications\/laminas-antiimpacto\/trocellen-is-trocellen-his\/","url":"https:\/\/insulation.trocellen.com\/es\/applications\/laminas-antiimpacto\/trocellen-is-trocellen-his\/","name":"Trosil y Trosil-Tech son ideales bajo los suelos flotantes","isPartOf":{"@id":"https:\/\/insulation.trocellen.com\/es\/#website"},"primaryImageOfPage":{"@id":"https:\/\/insulation.trocellen.com\/es\/applications\/laminas-antiimpacto\/trocellen-is-trocellen-his\/#primaryimage"},"image":{"@id":"https:\/\/insulation.trocellen.com\/es\/applications\/laminas-antiimpacto\/trocellen-is-trocellen-his\/#primaryimage"},"thumbnailUrl":"https:\/\/insulation.trocellen.com\/wp-content\/uploads\/sites\/6\/2023\/05\/Trosil-install.jpg","datePublished":"2013-12-12T17:18:57+00:00","dateModified":"2023-07-10T10:59:11+00:00","description":"Las soluciones de bajo solado de Trocellen son ideales para el aislamiento ac\u00fastico del efecto tambor. Se fabrican con espuma de PE qu\u00edmicamente reticulada","breadcrumb":{"@id":"https:\/\/insulation.trocellen.com\/es\/applications\/laminas-antiimpacto\/trocellen-is-trocellen-his\/#breadcrumb"},"inLanguage":"es","potentialAction":[{"@type":"ReadAction","target":["https:\/\/insulation.trocellen.com\/es\/applications\/laminas-antiimpacto\/trocellen-is-trocellen-his\/"]}]},{"@type":"ImageObject","inLanguage":"es","@id":"https:\/\/insulation.trocellen.com\/es\/applications\/laminas-antiimpacto\/trocellen-is-trocellen-his\/#primaryimage","url":"https:\/\/insulation.trocellen.com\/wp-content\/uploads\/sites\/6\/2023\/05\/Trosil-install.jpg","contentUrl":"https:\/\/insulation.trocellen.com\/wp-content\/uploads\/sites\/6\/2023\/05\/Trosil-install.jpg","width":1920,"height":300},{"@type":"BreadcrumbList","@id":"https:\/\/insulation.trocellen.com\/es\/applications\/laminas-antiimpacto\/trocellen-is-trocellen-his\/#breadcrumb","itemListElement":[{"@type":"ListItem","position":1,"name":"Home","item":"https:\/\/insulation.trocellen.com\/es\/"},{"@type":"ListItem","position":2,"name":"Aplicaciones","item":"https:\/\/insulation.trocellen.com\/es\/applications\/"},{"@type":"ListItem","position":3,"name":"Laminas antiimpacto","item":"https:\/\/insulation.trocellen.com\/es\/applications\/laminas-antiimpacto\/"},{"@type":"ListItem","position":4,"name":"TROCELLEN IS, TROCELLEN HIS"}]},{"@type":"WebSite","@id":"https:\/\/insulation.trocellen.com\/es\/#website","url":"https:\/\/insulation.trocellen.com\/es\/","name":"Trocellen Insulation","description":"","potentialAction":[{"@type":"SearchAction","target":{"@type":"EntryPoint","urlTemplate":"https:\/\/insulation.trocellen.com\/es\/?s={search_term_string}"},"query-input":{"@type":"PropertyValueSpecification","valueRequired":true,"valueName":"search_term_string"}}],"inLanguage":"es"}]}},"_links":{"self":[{"href":"https:\/\/insulation.trocellen.com\/es\/wp-json\/wp\/v2\/pages\/4143","targetHints":{"allow":["GET"]}}],"collection":[{"href":"https:\/\/insulation.trocellen.com\/es\/wp-json\/wp\/v2\/pages"}],"about":[{"href":"https:\/\/insulation.trocellen.com\/es\/wp-json\/wp\/v2\/types\/page"}],"author":[{"embeddable":true,"href":"https:\/\/insulation.trocellen.com\/es\/wp-json\/wp\/v2\/users\/1"}],"replies":[{"embeddable":true,"href":"https:\/\/insulation.trocellen.com\/es\/wp-json\/wp\/v2\/comments?post=4143"}],"version-history":[{"count":3,"href":"https:\/\/insulation.trocellen.com\/es\/wp-json\/wp\/v2\/pages\/4143\/revisions"}],"predecessor-version":[{"id":5833,"href":"https:\/\/insulation.trocellen.com\/es\/wp-json\/wp\/v2\/pages\/4143\/revisions\/5833"}],"up":[{"embeddable":true,"href":"https:\/\/insulation.trocellen.com\/es\/wp-json\/wp\/v2\/pages\/4107"}],"wp:featuredmedia":[{"embeddable":true,"href":"https:\/\/insulation.trocellen.com\/es\/wp-json\/wp\/v2\/media\/8858"}],"wp:attachment":[{"href":"https:\/\/insulation.trocellen.com\/es\/wp-json\/wp\/v2\/media?parent=4143"}],"curies":[{"name":"wp","href":"https:\/\/api.w.org\/{rel}","templated":true}]}}