{"id":4089,"date":"2013-12-12T17:09:09","date_gmt":"2013-12-12T17:09:09","guid":{"rendered":"https:\/\/insulation-new.trocellen.com\/tecnologias\/"},"modified":"2023-07-10T11:20:57","modified_gmt":"2023-07-10T11:20:57","slug":"tecnologias","status":"publish","type":"page","link":"https:\/\/insulation.trocellen.com\/es\/tecnologias\/","title":{"rendered":"Tecnolog\u00edas"},"content":{"rendered":"<p>Trocellen es el fabricante l\u00edder europeo de espumas de poliolefina qu\u00edmica y f\u00edsicamente reticuladas. Ofrecemos una amplia variedad de productos de espuma para construcci\u00f3n e ingenier\u00eda, por ello la compa\u00f1\u00eda es uno de los socios m\u00e1s importantes para proveer a la esta industria con soluciones fiables de aislamiento.<\/p>\n<p>Trocellen ha estado desarrollando y produciendo productos para el sector de la construcci\u00f3n y la ingenier\u00eda durante 40 a\u00f1os. Los atributos claves comunes a todas nuestras espumas XLPO, son su ligereza, la baja no absorci\u00f3n de agua, resiliencia, propiedades de aislamiento t\u00e9rmico y ac\u00fastico, resistencia qu\u00edmica, facilidad de uso en la instalaci\u00f3n y termoconformabilidad.<\/p>\n<p>Teniendo en la tecnolog\u00eda una s\u00f3lida base y creando sinergias entre nuestra intensa experiencia y nuestra ambici\u00f3n de futuro y creando soluciones innovadoras, Trocellen es su socio de desarrollo.<\/p>\n<h2>Espumas Trocellen<\/h2>\n<p><strong>Espumas est\u00e1ndar de polietileno <\/strong><strong>reticulado<\/strong><strong>&nbsp;<\/strong>\u2013 Gran variedad de densidades y espesores para soluciones t\u00e9cnicas y aplicaciones de sellado.<\/p>\n<p><strong>Espumas r\u00edgidas de polietileno <\/strong><strong>reticulado<\/strong> \u2013 Adecuada soluci\u00f3n para densidades altas, excelente para procesos de termoconformado.<\/p>\n<p><strong>Espumas blandas de polietileno <\/strong><strong>reticulado<\/strong> \u2013 Amplia gama de usos, con grandes propiedades de comodidad.<\/p>\n<p><strong>Las espumas extra blandas de polietileno <\/strong><strong>reticulado<\/strong><strong>&nbsp;<\/strong>\u2013 Aseguran una extra flexibilidad para usos especiales, avanzada resiliencia.<\/p>\n<p><strong>Espumas de PP<\/strong> &#8211; Variedad de densidades, espesores y propiedades materiales, perfectamente adaptadas a los requisitos y usos de los clientes<\/p>\n<p><strong>Espumas con aditivos especiales<\/strong>&nbsp;&#8211; Espumas con Retardantes de llama y auto extinguibles para una perfecta adaptaci\u00f3n a exigentes est\u00e1ndares de seguridad.<\/p>\n<h2>Conviertiendo espumas en soluciones<\/h2>\n<p>Adicionalmente al suministro de espumas, Trocellen ha desarrollado e invertido en m\u00faltiples posibilidades de transformaci\u00f3n, que a\u00f1aden valor a nuestros productos de espuma.<\/p>\n<ul>\n<li>Laminaci\u00f3n (usando aire caliente, laminaci\u00f3n de llama o infrarrojos) permitiendo una combinaci\u00f3n con otras espumas, filmes met\u00e1lizados, filmes o t\u00e9xtiles de acuerdo a las necesidades de la industria.<\/li>\n<li>Laminaci\u00f3n de masas pesadas con espuma<\/li>\n<li>Recubrimientos adhesivos incluyendo hotmelts y adhesivos transfer\/PSA.<\/li>\n<li>Moldeado por compresi\u00f3n<\/li>\n<li>Perforados y grabados<\/li>\n<\/ul>\n<p>&nbsp;<\/p>\n","protected":false},"excerpt":{"rendered":"<p>Trocellen es el fabricante l\u00edder europeo de espumas de poliolefina qu\u00edmica y f\u00edsicamente reticuladas. Ofrecemos una amplia variedad de productos de espuma para construcci\u00f3n e ingenier\u00eda, por ello la compa\u00f1\u00eda es uno de los socios m\u00e1s importantes para proveer a la esta industria con soluciones fiables de aislamiento. Trocellen ha estado desarrollando y produciendo productos [&hellip;]<\/p>\n","protected":false},"author":1,"featured_media":9394,"parent":0,"menu_order":400,"comment_status":"open","ping_status":"closed","template":"","meta":{"_acf_changed":false,"footnotes":""},"class_list":["post-4089","page","type-page","status-publish","has-post-thumbnail","hentry"],"acf":[],"yoast_head":"<!-- This site is optimized with the Yoast SEO plugin v23.5 - https:\/\/yoast.com\/wordpress\/plugins\/seo\/ -->\n<title>Tecnolog\u00eda Trocellen para la producci\u00f3n de espumas<\/title>\n<meta name=\"description\" content=\"Trocellen es el mayor fabricante europeo de espumas PO reticuladas con una amplia gama de productos de espuma tambi\u00e9n para la construcci\u00f3n y la ingenier\u00eda,\" \/>\n<meta name=\"robots\" content=\"index, follow, max-snippet:-1, max-image-preview:large, max-video-preview:-1\" \/>\n<link rel=\"canonical\" href=\"https:\/\/insulation.trocellen.com\/es\/tecnologias\/\" \/>\n<meta property=\"og:locale\" content=\"es_ES\" \/>\n<meta property=\"og:type\" content=\"article\" \/>\n<meta property=\"og:title\" content=\"Tecnolog\u00eda Trocellen para la producci\u00f3n de espumas\" \/>\n<meta property=\"og:description\" content=\"Trocellen es el mayor fabricante europeo de espumas PO reticuladas con una amplia gama de productos de espuma tambi\u00e9n para la construcci\u00f3n y la ingenier\u00eda,\" \/>\n<meta property=\"og:url\" content=\"https:\/\/insulation.trocellen.com\/es\/tecnologias\/\" \/>\n<meta property=\"og:site_name\" content=\"Trocellen Insulation\" \/>\n<meta property=\"article:modified_time\" content=\"2023-07-10T11:20:57+00:00\" \/>\n<meta property=\"og:image\" content=\"https:\/\/insulation.trocellen.com\/wp-content\/uploads\/sites\/6\/2023\/06\/fejlec-Technology.jpg\" \/>\n\t<meta property=\"og:image:width\" content=\"1920\" \/>\n\t<meta property=\"og:image:height\" content=\"300\" \/>\n\t<meta property=\"og:image:type\" content=\"image\/jpeg\" \/>\n<meta name=\"twitter:card\" content=\"summary_large_image\" \/>\n<meta name=\"twitter:label1\" content=\"Tiempo de lectura\" \/>\n\t<meta name=\"twitter:data1\" content=\"2 minutos\" \/>\n<script type=\"application\/ld+json\" class=\"yoast-schema-graph\">{\"@context\":\"https:\/\/schema.org\",\"@graph\":[{\"@type\":\"WebPage\",\"@id\":\"https:\/\/insulation.trocellen.com\/es\/tecnologias\/\",\"url\":\"https:\/\/insulation.trocellen.com\/es\/tecnologias\/\",\"name\":\"Tecnolog\u00eda Trocellen para la producci\u00f3n de espumas\",\"isPartOf\":{\"@id\":\"https:\/\/insulation.trocellen.com\/es\/#website\"},\"primaryImageOfPage\":{\"@id\":\"https:\/\/insulation.trocellen.com\/es\/tecnologias\/#primaryimage\"},\"image\":{\"@id\":\"https:\/\/insulation.trocellen.com\/es\/tecnologias\/#primaryimage\"},\"thumbnailUrl\":\"https:\/\/insulation.trocellen.com\/wp-content\/uploads\/sites\/6\/2023\/06\/fejlec-Technology.jpg\",\"datePublished\":\"2013-12-12T17:09:09+00:00\",\"dateModified\":\"2023-07-10T11:20:57+00:00\",\"description\":\"Trocellen es el mayor fabricante europeo de espumas PO reticuladas con una amplia gama de productos de espuma tambi\u00e9n para la construcci\u00f3n y la ingenier\u00eda,\",\"breadcrumb\":{\"@id\":\"https:\/\/insulation.trocellen.com\/es\/tecnologias\/#breadcrumb\"},\"inLanguage\":\"es\",\"potentialAction\":[{\"@type\":\"ReadAction\",\"target\":[\"https:\/\/insulation.trocellen.com\/es\/tecnologias\/\"]}]},{\"@type\":\"ImageObject\",\"inLanguage\":\"es\",\"@id\":\"https:\/\/insulation.trocellen.com\/es\/tecnologias\/#primaryimage\",\"url\":\"https:\/\/insulation.trocellen.com\/wp-content\/uploads\/sites\/6\/2023\/06\/fejlec-Technology.jpg\",\"contentUrl\":\"https:\/\/insulation.trocellen.com\/wp-content\/uploads\/sites\/6\/2023\/06\/fejlec-Technology.jpg\",\"width\":1920,\"height\":300},{\"@type\":\"BreadcrumbList\",\"@id\":\"https:\/\/insulation.trocellen.com\/es\/tecnologias\/#breadcrumb\",\"itemListElement\":[{\"@type\":\"ListItem\",\"position\":1,\"name\":\"Home\",\"item\":\"https:\/\/insulation.trocellen.com\/es\/\"},{\"@type\":\"ListItem\",\"position\":2,\"name\":\"Tecnolog\u00edas\"}]},{\"@type\":\"WebSite\",\"@id\":\"https:\/\/insulation.trocellen.com\/es\/#website\",\"url\":\"https:\/\/insulation.trocellen.com\/es\/\",\"name\":\"Trocellen Insulation\",\"description\":\"\",\"potentialAction\":[{\"@type\":\"SearchAction\",\"target\":{\"@type\":\"EntryPoint\",\"urlTemplate\":\"https:\/\/insulation.trocellen.com\/es\/?s={search_term_string}\"},\"query-input\":{\"@type\":\"PropertyValueSpecification\",\"valueRequired\":true,\"valueName\":\"search_term_string\"}}],\"inLanguage\":\"es\"}]}<\/script>\n<!-- \/ Yoast SEO plugin. -->","yoast_head_json":{"title":"Tecnolog\u00eda Trocellen para la producci\u00f3n de espumas","description":"Trocellen es el mayor fabricante europeo de espumas PO reticuladas con una amplia gama de productos de espuma tambi\u00e9n para la construcci\u00f3n y la ingenier\u00eda,","robots":{"index":"index","follow":"follow","max-snippet":"max-snippet:-1","max-image-preview":"max-image-preview:large","max-video-preview":"max-video-preview:-1"},"canonical":"https:\/\/insulation.trocellen.com\/es\/tecnologias\/","og_locale":"es_ES","og_type":"article","og_title":"Tecnolog\u00eda Trocellen para la producci\u00f3n de espumas","og_description":"Trocellen es el mayor fabricante europeo de espumas PO reticuladas con una amplia gama de productos de espuma tambi\u00e9n para la construcci\u00f3n y la ingenier\u00eda,","og_url":"https:\/\/insulation.trocellen.com\/es\/tecnologias\/","og_site_name":"Trocellen Insulation","article_modified_time":"2023-07-10T11:20:57+00:00","og_image":[{"width":1920,"height":300,"url":"https:\/\/insulation.trocellen.com\/wp-content\/uploads\/sites\/6\/2023\/06\/fejlec-Technology.jpg","type":"image\/jpeg"}],"twitter_card":"summary_large_image","twitter_misc":{"Tiempo de lectura":"2 minutos"},"schema":{"@context":"https:\/\/schema.org","@graph":[{"@type":"WebPage","@id":"https:\/\/insulation.trocellen.com\/es\/tecnologias\/","url":"https:\/\/insulation.trocellen.com\/es\/tecnologias\/","name":"Tecnolog\u00eda Trocellen para la producci\u00f3n de espumas","isPartOf":{"@id":"https:\/\/insulation.trocellen.com\/es\/#website"},"primaryImageOfPage":{"@id":"https:\/\/insulation.trocellen.com\/es\/tecnologias\/#primaryimage"},"image":{"@id":"https:\/\/insulation.trocellen.com\/es\/tecnologias\/#primaryimage"},"thumbnailUrl":"https:\/\/insulation.trocellen.com\/wp-content\/uploads\/sites\/6\/2023\/06\/fejlec-Technology.jpg","datePublished":"2013-12-12T17:09:09+00:00","dateModified":"2023-07-10T11:20:57+00:00","description":"Trocellen es el mayor fabricante europeo de espumas PO reticuladas con una amplia gama de productos de espuma tambi\u00e9n para la construcci\u00f3n y la ingenier\u00eda,","breadcrumb":{"@id":"https:\/\/insulation.trocellen.com\/es\/tecnologias\/#breadcrumb"},"inLanguage":"es","potentialAction":[{"@type":"ReadAction","target":["https:\/\/insulation.trocellen.com\/es\/tecnologias\/"]}]},{"@type":"ImageObject","inLanguage":"es","@id":"https:\/\/insulation.trocellen.com\/es\/tecnologias\/#primaryimage","url":"https:\/\/insulation.trocellen.com\/wp-content\/uploads\/sites\/6\/2023\/06\/fejlec-Technology.jpg","contentUrl":"https:\/\/insulation.trocellen.com\/wp-content\/uploads\/sites\/6\/2023\/06\/fejlec-Technology.jpg","width":1920,"height":300},{"@type":"BreadcrumbList","@id":"https:\/\/insulation.trocellen.com\/es\/tecnologias\/#breadcrumb","itemListElement":[{"@type":"ListItem","position":1,"name":"Home","item":"https:\/\/insulation.trocellen.com\/es\/"},{"@type":"ListItem","position":2,"name":"Tecnolog\u00edas"}]},{"@type":"WebSite","@id":"https:\/\/insulation.trocellen.com\/es\/#website","url":"https:\/\/insulation.trocellen.com\/es\/","name":"Trocellen Insulation","description":"","potentialAction":[{"@type":"SearchAction","target":{"@type":"EntryPoint","urlTemplate":"https:\/\/insulation.trocellen.com\/es\/?s={search_term_string}"},"query-input":{"@type":"PropertyValueSpecification","valueRequired":true,"valueName":"search_term_string"}}],"inLanguage":"es"}]}},"_links":{"self":[{"href":"https:\/\/insulation.trocellen.com\/es\/wp-json\/wp\/v2\/pages\/4089","targetHints":{"allow":["GET"]}}],"collection":[{"href":"https:\/\/insulation.trocellen.com\/es\/wp-json\/wp\/v2\/pages"}],"about":[{"href":"https:\/\/insulation.trocellen.com\/es\/wp-json\/wp\/v2\/types\/page"}],"author":[{"embeddable":true,"href":"https:\/\/insulation.trocellen.com\/es\/wp-json\/wp\/v2\/users\/1"}],"replies":[{"embeddable":true,"href":"https:\/\/insulation.trocellen.com\/es\/wp-json\/wp\/v2\/comments?post=4089"}],"version-history":[{"count":1,"href":"https:\/\/insulation.trocellen.com\/es\/wp-json\/wp\/v2\/pages\/4089\/revisions"}],"predecessor-version":[{"id":9788,"href":"https:\/\/insulation.trocellen.com\/es\/wp-json\/wp\/v2\/pages\/4089\/revisions\/9788"}],"wp:featuredmedia":[{"embeddable":true,"href":"https:\/\/insulation.trocellen.com\/es\/wp-json\/wp\/v2\/media\/9394"}],"wp:attachment":[{"href":"https:\/\/insulation.trocellen.com\/es\/wp-json\/wp\/v2\/media?parent=4089"}],"curies":[{"name":"wp","href":"https:\/\/api.w.org\/{rel}","templated":true}]}}