{"id":9970,"date":"2023-10-11T13:08:12","date_gmt":"2023-10-11T13:08:12","guid":{"rendered":"https:\/\/insulation.trocellen.com\/nachhaltigkeit\/trocellens-lca-epd-certification\/"},"modified":"2024-05-10T06:55:27","modified_gmt":"2024-05-10T06:55:27","slug":"trocellens-lca-epd-certification","status":"publish","type":"page","link":"https:\/\/insulation.trocellen.com\/de\/nachhaltigkeit\/trocellens-lca-epd-certification\/","title":{"rendered":"Trocellen&#8217;s LCA\/EPD-zertifizierung"},"content":{"rendered":"\n<p><em>Die EPD-Zertifizierung (Environmental Product Declaration) ist eine freiwillige Erkl\u00e4rung, die die Umweltauswirkungen eines Produkts oder Prozesses auf der Grundlage einer <strong>Lebenszyklusanalyse (LCA) <\/strong>beschreibt und von einer dritten Partei zertifiziert wird. Die LCA-Studie ist die <strong>Grundlage f\u00fcr viele <\/strong>Umwelt- und <strong>Nachhaltigkeitserkl\u00e4rungen<\/strong>, die in der Bauindustrie verwendet werden. (F\u00fcr einen vollst\u00e4ndigen \u00dcberblick \u00fcber das System lesen Sie bitte weiter).<\/em><\/p>\n\n\n\n<div class=\"wp-block-columns is-layout-flex wp-container-core-columns-is-layout-9d6595d7 wp-block-columns-is-layout-flex\">\n<div class=\"wp-block-column is-layout-flow wp-block-column-is-layout-flow\" style=\"flex-basis:66.66%\">\n<p><strong>Trocellen ist der erste PE-Schaumstoffhersteller<sup>(*)<\/sup> , der die EPD-Zertifizierung f\u00fcr seine Produkte erh\u00e4lt<\/strong>, was beweist, wie viel Wert das Unternehmen auf Umweltaspekte legt. Das Zertifikat macht nicht nur den \u00f6kologischen Fu\u00dfabdruck des Unternehmens auf dem Markt deutlich, sondern erm\u00f6glicht auch die Verwendung der Produkte von Trocellen in den <strong>Protokollen f\u00fcr gr\u00fcnes Bauen in ganz Europa.<\/strong><\/p>\n\n\n\n<p style=\"font-size:12px\"><sup>(*)<\/sup> Herstellung von geschlossenzelligem, expandiertem und vernetztem Polyethylenschaum<\/p>\n<\/div>\n\n\n\n<div class=\"wp-block-column is-layout-flow wp-block-column-is-layout-flow\" style=\"flex-basis:33.33%\"><div class=\"wp-block-image\">\n<figure class=\"aligncenter size-full\"><img loading=\"lazy\" decoding=\"async\" width=\"245\" height=\"59\" src=\"https:\/\/insulation.trocellen.com\/wp-content\/uploads\/sites\/6\/2023\/10\/EPD-logo.png\" alt=\"\" class=\"wp-image-9895\"\/><\/figure>\n<\/div><\/div>\n<\/div>\n\n\n\n<p><strong>Trocellen <\/strong>hat sich die Verringerung seines \u00f6kologischen Fu\u00dfabdrucks als eines seiner strategischen Ziele f\u00fcr die kommenden Jahre gesetzt. Der erste Schritt in diese Richtung war die Erlangung der <strong>EPD-Zertifizierung <\/strong>f\u00fcr die folgenden Produktkategorien:<\/p>\n\n\n\n<div class=\"wp-block-columns are-vertically-aligned-center is-layout-flex wp-container-core-columns-is-layout-9d6595d7 wp-block-columns-is-layout-flex\">\n<div class=\"wp-block-column is-vertically-aligned-center is-layout-flow wp-block-column-is-layout-flow\">\n<p class=\"nomargin\"><strong>Trocellen N <\/strong>(PE-Fossilschaum)<\/p>\n<\/div>\n\n\n\n<div class=\"wp-block-column is-vertically-aligned-center is-layout-flow wp-block-column-is-layout-flow\">\n<div class=\"wp-block-buttons large is-layout-flex wp-block-buttons-is-layout-flex\">\n<div class=\"wp-block-button large\"><a class=\"wp-block-button__link wp-element-button\" href=\"https:\/\/www.environdec.com\/library\/epd4713\" target=\"_blank\" rel=\"noreferrer noopener\"><strong>Bericht herunterladen<\/strong><\/a><\/div>\n<\/div>\n<\/div>\n<\/div>\n\n\n\n<div class=\"wp-block-columns are-vertically-aligned-center is-layout-flex wp-container-core-columns-is-layout-9d6595d7 wp-block-columns-is-layout-flex\">\n<div class=\"wp-block-column is-vertically-aligned-center is-layout-flow wp-block-column-is-layout-flow\">\n<p class=\"nomargin\"><strong>Trocellen Tr-EECell <\/strong>(Bio-foam)<\/p>\n<\/div>\n\n\n\n<div class=\"wp-block-column is-vertically-aligned-center is-layout-flow wp-block-column-is-layout-flow\">\n<div class=\"wp-block-buttons large is-layout-flex wp-block-buttons-is-layout-flex\">\n<div class=\"wp-block-button large\"><a class=\"wp-block-button__link wp-element-button\" href=\"https:\/\/www.environdec.com\/library\/epd4715\" target=\"_blank\" rel=\"noreferrer noopener\"><strong>Bericht herunterladen<\/strong><\/a><\/div>\n<\/div>\n<\/div>\n<\/div>\n\n\n\n<div class=\"wp-block-columns are-vertically-aligned-center is-layout-flex wp-container-core-columns-is-layout-9d6595d7 wp-block-columns-is-layout-flex\">\n<div class=\"wp-block-column is-vertically-aligned-center is-layout-flow wp-block-column-is-layout-flow\">\n<p class=\"nomargin\"><strong>Trocellen Trosil <\/strong>(Schaumstoff f\u00fcr die akustische Isolierung von Fu\u00dfb\u00f6den und Estrichunterlagen)<\/p>\n<\/div>\n\n\n\n<div class=\"wp-block-column is-vertically-aligned-center is-layout-flow wp-block-column-is-layout-flow\">\n<div class=\"wp-block-buttons large is-layout-flex wp-block-buttons-is-layout-flex\">\n<div class=\"wp-block-button large\"><a class=\"wp-block-button__link wp-element-button\" href=\"https:\/\/www.environdec.com\/library\/epd4714\" target=\"_blank\" rel=\"noreferrer noopener\"><strong>Bericht herunterladen<\/strong><\/a><\/div>\n<\/div>\n<\/div>\n<\/div>\n\n\n\n<div class=\"wp-block-columns are-vertically-aligned-center is-layout-flex wp-container-core-columns-is-layout-9d6595d7 wp-block-columns-is-layout-flex\">\n<div class=\"wp-block-column is-vertically-aligned-center is-layout-flow wp-block-column-is-layout-flow\">\n<p class=\"nomargin\"><strong>Trocellen Class <\/strong>(Schaumstoff f\u00fcr die W\u00e4rmed\u00e4mmung von HVAC-Systemen)<\/p>\n<\/div>\n\n\n\n<div class=\"wp-block-column is-vertically-aligned-center is-layout-flow wp-block-column-is-layout-flow\">\n<div class=\"wp-block-buttons large is-layout-flex wp-container-core-buttons-is-layout-c07eda73 wp-block-buttons-is-layout-flex\">\n<div class=\"wp-block-button large\"><a class=\"wp-block-button__link wp-element-button\" href=\"https:\/\/www.environdec.com\/library\/epd4708\" target=\"_blank\" rel=\"noreferrer noopener\"><strong>Bericht herunterladen<\/strong><\/a><\/div>\n<\/div>\n<\/div>\n<\/div>\n\n\n\n<p>EPDs werden auch auf dem internationalen Environdec-Portal (<a href=\"https:\/\/www.environdec.com\/library\" target=\"_blank\" rel=\"noreferrer noopener\">https:\/\/www.environdec.com\/library<\/a>) ver\u00f6ffentlicht.<\/p>\n\n\n\n<p><em>Bitte beachten Sie, dass die Daten in der EPD <strong>pro m<sup>2<\/sup> <\/strong>des Produkts angegeben sind.<\/em><\/p>\n\n\n\n<h2 class=\"wp-block-heading\"><strong>Was genau sind LCT, LCA, PCR?<\/strong><\/h2>\n\n\n\n<p>Die Bauindustrie ist f\u00fcr mehr als 30 % der weltweiten CO<sub>2<\/sub> Emissionen verantwortlich. Es ist daher v\u00f6llig verst\u00e4ndlich, dass die Aspekte der Nachhaltigkeit auch in diesem Bereich zunehmend Anwendung finden m\u00fcssen. Eine Methode hierf\u00fcr ist das so genannte <strong>Life Cycle Thinking (LCT), <\/strong>d. h. der Ansatz, den wir zur Bewertung der \u00f6kologischen, wirtschaftlichen und sozialen Nachhaltigkeit eines Produkts (und\/oder einer Dienstleistung) verwenden und in dessen Rahmen das Konzept der <strong>Lebenszyklusbewertung (LCA) <\/strong>geboren wurde.<\/p>\n\n\n\n<div class=\"wp-block-columns is-layout-flex wp-container-core-columns-is-layout-9d6595d7 wp-block-columns-is-layout-flex\">\n<div class=\"wp-block-column is-layout-flow wp-block-column-is-layout-flow\" style=\"flex-basis:66.66%\">\n<p><span lang=\"EN-US\" style=\"font-family:&quot;Roboto Light&quot;;\nmso-fareast-font-family:&quot;Times New Roman&quot;;mso-bidi-font-family:&quot;Times New Roman&quot;;\nmso-ansi-language:EN-US\"><\/span>Die \u00d6kobilanz ist eine analytische und systematische Methode, die spezifische Indikatoren verwendet, um den \u00f6kologischen Fu\u00dfabdruck eines Prozesses (und\/oder einer Dienstleistung) w\u00e4hrend seines gesamten Lebenszyklus zu bewerten. Diese Indikatoren erm\u00f6glichen eine 360\u00b0-Bewertung der Umweltauswirkungen.<\/p>\n\n\n\n<p>Diese Indikatoren sind in 3 Hauptgruppen unterteilt:<\/p>\n\n\n\n<ul class=\"wp-block-list\">\n<li><strong>Atmosph\u00e4re<\/strong>, einschlie\u00dflich des Beitrags zur Bildung des Ozonlochs oder der CO<sub>2<\/sub> -Emissionen.<\/li>\n\n\n\n<li><strong>Terrestrisch<\/strong>, Ermittlung der Auswirkungen auf die Nutzung fossiler und nicht-fossiler Rohstoffe.<\/li>\n\n\n\n<li><strong>Aquatisch<\/strong>, in Bezug auf den Verbrauch oder die Verschmutzung von Wasserumgebungen.<\/li>\n<\/ul>\n<\/div>\n\n\n\n<div class=\"wp-block-column is-layout-flow wp-block-column-is-layout-flow\" style=\"flex-basis:33.33%\">\n<figure class=\"wp-block-image size-full without-mask\"><img loading=\"lazy\" decoding=\"async\" width=\"250\" height=\"228\" src=\"https:\/\/insulation.trocellen.com\/wp-content\/uploads\/sites\/6\/2023\/10\/life-cycle-assessment.jpg\" alt=\"\" class=\"wp-image-9917\"\/><\/figure>\n<\/div>\n<\/div>\n\n\n\n<p>Die in der LCA-Studie bewerteten Phasen werden im Folgenden n\u00e4her erl\u00e4utert:<\/p>\n\n\n\n<figure class=\"wp-block-image size-full without-mask\"><img loading=\"lazy\" decoding=\"async\" width=\"770\" height=\"186\" src=\"https:\/\/insulation.trocellen.com\/wp-content\/uploads\/sites\/6\/2023\/10\/lca-study.jpg\" alt=\"\" class=\"wp-image-9909\" srcset=\"https:\/\/insulation.trocellen.com\/wp-content\/uploads\/sites\/6\/2023\/10\/lca-study.jpg 770w, https:\/\/insulation.trocellen.com\/wp-content\/uploads\/sites\/6\/2023\/10\/lca-study-300x72.jpg 300w, https:\/\/insulation.trocellen.com\/wp-content\/uploads\/sites\/6\/2023\/10\/lca-study-768x186.jpg 768w, https:\/\/insulation.trocellen.com\/wp-content\/uploads\/sites\/6\/2023\/10\/lca-study-570x138.jpg 570w, https:\/\/insulation.trocellen.com\/wp-content\/uploads\/sites\/6\/2023\/10\/lca-study-270x65.jpg 270w\" sizes=\"auto, (max-width: 770px) 100vw, 770px\" \/><\/figure>\n\n\n\n<p>Einige (oder alle) dieser Phasen werden nach den <strong>PCR <\/strong>(Product Category Rules) bewertet, zu denen das Objekt der LCA-Analyse geh\u00f6rt. Im Fall der Trocellen-Produkte wurden die Phasen <em>A1-A2-A3-C2-C4 <\/em>untersucht.<\/p>\n","protected":false},"excerpt":{"rendered":"<p>Die EPD-Zertifizierung (Environmental Product Declaration) ist eine freiwillige Erkl\u00e4rung, die die Umweltauswirkungen eines Produkts oder Prozesses auf der Grundlage einer Lebenszyklusanalyse (LCA) beschreibt und von einer dritten Partei zertifiziert wird. Die LCA-Studie ist die Grundlage f\u00fcr viele Umwelt- und Nachhaltigkeitserkl\u00e4rungen, die in der Bauindustrie verwendet werden. (F\u00fcr einen vollst\u00e4ndigen \u00dcberblick \u00fcber das System lesen Sie [&hellip;]<\/p>\n","protected":false},"author":1,"featured_media":0,"parent":5717,"menu_order":150,"comment_status":"closed","ping_status":"closed","template":"","meta":{"_acf_changed":false,"footnotes":""},"class_list":["post-9970","page","type-page","status-publish","hentry"],"acf":[],"yoast_head":"<!-- This site is optimized with the Yoast SEO plugin v23.5 - https:\/\/yoast.com\/wordpress\/plugins\/seo\/ -->\n<title>Trocellen&#039;s LCA\/EPD-zertifizierung - Trocellen Insulation<\/title>\n<meta name=\"robots\" content=\"index, follow, max-snippet:-1, max-image-preview:large, max-video-preview:-1\" \/>\n<link rel=\"canonical\" href=\"https:\/\/insulation.trocellen.com\/de\/nachhaltigkeit\/trocellens-lca-epd-certification\/\" \/>\n<meta property=\"og:locale\" content=\"de_DE\" \/>\n<meta property=\"og:type\" content=\"article\" \/>\n<meta property=\"og:title\" content=\"Trocellen&#039;s LCA\/EPD-zertifizierung - Trocellen Insulation\" \/>\n<meta property=\"og:description\" content=\"Die EPD-Zertifizierung (Environmental Product Declaration) ist eine freiwillige Erkl\u00e4rung, die die Umweltauswirkungen eines Produkts oder Prozesses auf der Grundlage einer Lebenszyklusanalyse (LCA) beschreibt und von einer dritten Partei zertifiziert wird. Die LCA-Studie ist die Grundlage f\u00fcr viele Umwelt- und Nachhaltigkeitserkl\u00e4rungen, die in der Bauindustrie verwendet werden. (F\u00fcr einen vollst\u00e4ndigen \u00dcberblick \u00fcber das System lesen Sie [&hellip;]\" \/>\n<meta property=\"og:url\" content=\"https:\/\/insulation.trocellen.com\/de\/nachhaltigkeit\/trocellens-lca-epd-certification\/\" \/>\n<meta property=\"og:site_name\" content=\"Trocellen Insulation\" \/>\n<meta property=\"article:modified_time\" content=\"2024-05-10T06:55:27+00:00\" \/>\n<meta property=\"og:image\" content=\"https:\/\/insulation.trocellen.com\/wp-content\/uploads\/sites\/6\/2023\/10\/EPD-logo.png\" \/>\n<meta name=\"twitter:card\" content=\"summary_large_image\" \/>\n<meta name=\"twitter:label1\" content=\"Gesch\u00e4tzte Lesezeit\" \/>\n\t<meta name=\"twitter:data1\" content=\"3\u00a0Minuten\" \/>\n<script type=\"application\/ld+json\" class=\"yoast-schema-graph\">{\"@context\":\"https:\/\/schema.org\",\"@graph\":[{\"@type\":\"WebPage\",\"@id\":\"https:\/\/insulation.trocellen.com\/de\/nachhaltigkeit\/trocellens-lca-epd-certification\/\",\"url\":\"https:\/\/insulation.trocellen.com\/de\/nachhaltigkeit\/trocellens-lca-epd-certification\/\",\"name\":\"Trocellen's LCA\/EPD-zertifizierung - Trocellen Insulation\",\"isPartOf\":{\"@id\":\"https:\/\/insulation.trocellen.com\/de\/#website\"},\"primaryImageOfPage\":{\"@id\":\"https:\/\/insulation.trocellen.com\/de\/nachhaltigkeit\/trocellens-lca-epd-certification\/#primaryimage\"},\"image\":{\"@id\":\"https:\/\/insulation.trocellen.com\/de\/nachhaltigkeit\/trocellens-lca-epd-certification\/#primaryimage\"},\"thumbnailUrl\":\"https:\/\/insulation.trocellen.com\/wp-content\/uploads\/sites\/6\/2023\/10\/EPD-logo.png\",\"datePublished\":\"2023-10-11T13:08:12+00:00\",\"dateModified\":\"2024-05-10T06:55:27+00:00\",\"breadcrumb\":{\"@id\":\"https:\/\/insulation.trocellen.com\/de\/nachhaltigkeit\/trocellens-lca-epd-certification\/#breadcrumb\"},\"inLanguage\":\"de\",\"potentialAction\":[{\"@type\":\"ReadAction\",\"target\":[\"https:\/\/insulation.trocellen.com\/de\/nachhaltigkeit\/trocellens-lca-epd-certification\/\"]}]},{\"@type\":\"ImageObject\",\"inLanguage\":\"de\",\"@id\":\"https:\/\/insulation.trocellen.com\/de\/nachhaltigkeit\/trocellens-lca-epd-certification\/#primaryimage\",\"url\":\"https:\/\/insulation.trocellen.com\/wp-content\/uploads\/sites\/6\/2023\/10\/EPD-logo.png\",\"contentUrl\":\"https:\/\/insulation.trocellen.com\/wp-content\/uploads\/sites\/6\/2023\/10\/EPD-logo.png\"},{\"@type\":\"BreadcrumbList\",\"@id\":\"https:\/\/insulation.trocellen.com\/de\/nachhaltigkeit\/trocellens-lca-epd-certification\/#breadcrumb\",\"itemListElement\":[{\"@type\":\"ListItem\",\"position\":1,\"name\":\"Home\",\"item\":\"https:\/\/insulation.trocellen.com\/de\/\"},{\"@type\":\"ListItem\",\"position\":2,\"name\":\"Nachhaltigkeit\",\"item\":\"https:\/\/insulation.trocellen.com\/de\/nachhaltigkeit\/\"},{\"@type\":\"ListItem\",\"position\":3,\"name\":\"Trocellen&#8217;s LCA\/EPD-zertifizierung\"}]},{\"@type\":\"WebSite\",\"@id\":\"https:\/\/insulation.trocellen.com\/de\/#website\",\"url\":\"https:\/\/insulation.trocellen.com\/de\/\",\"name\":\"Trocellen Insulation\",\"description\":\"\",\"potentialAction\":[{\"@type\":\"SearchAction\",\"target\":{\"@type\":\"EntryPoint\",\"urlTemplate\":\"https:\/\/insulation.trocellen.com\/de\/?s={search_term_string}\"},\"query-input\":{\"@type\":\"PropertyValueSpecification\",\"valueRequired\":true,\"valueName\":\"search_term_string\"}}],\"inLanguage\":\"de\"}]}<\/script>\n<!-- \/ Yoast SEO plugin. -->","yoast_head_json":{"title":"Trocellen's LCA\/EPD-zertifizierung - Trocellen Insulation","robots":{"index":"index","follow":"follow","max-snippet":"max-snippet:-1","max-image-preview":"max-image-preview:large","max-video-preview":"max-video-preview:-1"},"canonical":"https:\/\/insulation.trocellen.com\/de\/nachhaltigkeit\/trocellens-lca-epd-certification\/","og_locale":"de_DE","og_type":"article","og_title":"Trocellen's LCA\/EPD-zertifizierung - Trocellen Insulation","og_description":"Die EPD-Zertifizierung (Environmental Product Declaration) ist eine freiwillige Erkl\u00e4rung, die die Umweltauswirkungen eines Produkts oder Prozesses auf der Grundlage einer Lebenszyklusanalyse (LCA) beschreibt und von einer dritten Partei zertifiziert wird. Die LCA-Studie ist die Grundlage f\u00fcr viele Umwelt- und Nachhaltigkeitserkl\u00e4rungen, die in der Bauindustrie verwendet werden. (F\u00fcr einen vollst\u00e4ndigen \u00dcberblick \u00fcber das System lesen Sie [&hellip;]","og_url":"https:\/\/insulation.trocellen.com\/de\/nachhaltigkeit\/trocellens-lca-epd-certification\/","og_site_name":"Trocellen Insulation","article_modified_time":"2024-05-10T06:55:27+00:00","og_image":[{"url":"https:\/\/insulation.trocellen.com\/wp-content\/uploads\/sites\/6\/2023\/10\/EPD-logo.png"}],"twitter_card":"summary_large_image","twitter_misc":{"Gesch\u00e4tzte Lesezeit":"3\u00a0Minuten"},"schema":{"@context":"https:\/\/schema.org","@graph":[{"@type":"WebPage","@id":"https:\/\/insulation.trocellen.com\/de\/nachhaltigkeit\/trocellens-lca-epd-certification\/","url":"https:\/\/insulation.trocellen.com\/de\/nachhaltigkeit\/trocellens-lca-epd-certification\/","name":"Trocellen's LCA\/EPD-zertifizierung - Trocellen Insulation","isPartOf":{"@id":"https:\/\/insulation.trocellen.com\/de\/#website"},"primaryImageOfPage":{"@id":"https:\/\/insulation.trocellen.com\/de\/nachhaltigkeit\/trocellens-lca-epd-certification\/#primaryimage"},"image":{"@id":"https:\/\/insulation.trocellen.com\/de\/nachhaltigkeit\/trocellens-lca-epd-certification\/#primaryimage"},"thumbnailUrl":"https:\/\/insulation.trocellen.com\/wp-content\/uploads\/sites\/6\/2023\/10\/EPD-logo.png","datePublished":"2023-10-11T13:08:12+00:00","dateModified":"2024-05-10T06:55:27+00:00","breadcrumb":{"@id":"https:\/\/insulation.trocellen.com\/de\/nachhaltigkeit\/trocellens-lca-epd-certification\/#breadcrumb"},"inLanguage":"de","potentialAction":[{"@type":"ReadAction","target":["https:\/\/insulation.trocellen.com\/de\/nachhaltigkeit\/trocellens-lca-epd-certification\/"]}]},{"@type":"ImageObject","inLanguage":"de","@id":"https:\/\/insulation.trocellen.com\/de\/nachhaltigkeit\/trocellens-lca-epd-certification\/#primaryimage","url":"https:\/\/insulation.trocellen.com\/wp-content\/uploads\/sites\/6\/2023\/10\/EPD-logo.png","contentUrl":"https:\/\/insulation.trocellen.com\/wp-content\/uploads\/sites\/6\/2023\/10\/EPD-logo.png"},{"@type":"BreadcrumbList","@id":"https:\/\/insulation.trocellen.com\/de\/nachhaltigkeit\/trocellens-lca-epd-certification\/#breadcrumb","itemListElement":[{"@type":"ListItem","position":1,"name":"Home","item":"https:\/\/insulation.trocellen.com\/de\/"},{"@type":"ListItem","position":2,"name":"Nachhaltigkeit","item":"https:\/\/insulation.trocellen.com\/de\/nachhaltigkeit\/"},{"@type":"ListItem","position":3,"name":"Trocellen&#8217;s LCA\/EPD-zertifizierung"}]},{"@type":"WebSite","@id":"https:\/\/insulation.trocellen.com\/de\/#website","url":"https:\/\/insulation.trocellen.com\/de\/","name":"Trocellen Insulation","description":"","potentialAction":[{"@type":"SearchAction","target":{"@type":"EntryPoint","urlTemplate":"https:\/\/insulation.trocellen.com\/de\/?s={search_term_string}"},"query-input":{"@type":"PropertyValueSpecification","valueRequired":true,"valueName":"search_term_string"}}],"inLanguage":"de"}]}},"_links":{"self":[{"href":"https:\/\/insulation.trocellen.com\/de\/wp-json\/wp\/v2\/pages\/9970","targetHints":{"allow":["GET"]}}],"collection":[{"href":"https:\/\/insulation.trocellen.com\/de\/wp-json\/wp\/v2\/pages"}],"about":[{"href":"https:\/\/insulation.trocellen.com\/de\/wp-json\/wp\/v2\/types\/page"}],"author":[{"embeddable":true,"href":"https:\/\/insulation.trocellen.com\/de\/wp-json\/wp\/v2\/users\/1"}],"replies":[{"embeddable":true,"href":"https:\/\/insulation.trocellen.com\/de\/wp-json\/wp\/v2\/comments?post=9970"}],"version-history":[{"count":4,"href":"https:\/\/insulation.trocellen.com\/de\/wp-json\/wp\/v2\/pages\/9970\/revisions"}],"predecessor-version":[{"id":10831,"href":"https:\/\/insulation.trocellen.com\/de\/wp-json\/wp\/v2\/pages\/9970\/revisions\/10831"}],"up":[{"embeddable":true,"href":"https:\/\/insulation.trocellen.com\/de\/wp-json\/wp\/v2\/pages\/5717"}],"wp:attachment":[{"href":"https:\/\/insulation.trocellen.com\/de\/wp-json\/wp\/v2\/media?parent=9970"}],"curies":[{"name":"wp","href":"https:\/\/api.w.org\/{rel}","templated":true}]}}