{"id":5717,"date":"2023-01-30T14:57:00","date_gmt":"2023-01-30T14:57:00","guid":{"rendered":"https:\/\/insulation-new.trocellen.com\/sustainability\/"},"modified":"2023-11-20T12:53:43","modified_gmt":"2023-11-20T12:53:43","slug":"nachhaltigkeit","status":"publish","type":"page","link":"https:\/\/insulation.trocellen.com\/de\/nachhaltigkeit\/","title":{"rendered":"Nachhaltigkeit"},"content":{"rendered":"\n<h2 class=\"wp-block-heading\">Was bedeutet Nachhaltigkeit f\u00fcr die Trocellen Insulation Business Unit?<\/h2>\n\n\n\n<p>Im Einklang mit aktuellen Branchen- und Governance-Trends optimiert Trocellen seine Umweltleistung und seine CO<sub>2<\/sub>-Bilanz unter Ber\u00fccksichtigung des gesamten Lebenszyklus und der spezifischen Herausforderungen von Kunststoffprodukten. Wir arbeiten nicht nur st\u00e4ndig daran, den Anteil an recyceltem Material und die Wiederverwertbarkeit zu erh\u00f6hen, sondern gehen noch einen Schritt weiter und definieren zus\u00e4tzliche \u00d6kodesign-Prinzipien, um unsere Produkte mit der bestm\u00f6glichen Umweltqualit\u00e4t zu entwickeln.<\/p>\n\n\n\n<p>Unsere Verantwortung besteht darin, ein tiefgreifendes Verst\u00e4ndnis f\u00fcr die Nachhaltigkeit von Produkten zu erlangen: Nur wenn wir uns der vollen Umweltauswirkungen bewusst sind, k\u00f6nnen wir die besten Optionen zur Verkleinerung unseres \u00f6kologischen Fu\u00dfabdrucks ermitteln, ohne die Umweltbelastungen zwischen den Lebenszyklusphasen und Umweltkompartimenten zu verschieben.<\/p>\n\n\n\n<p>Der Lebenszyklus des Produkts wird von der Wiege bis zum Werkstor optimiert, angefangen beim Design \u00fcber die Rohstoffauswahl bis hin zu Herstellung, Verpackung und oft sogar Transport.<\/p>\n\n\n\n<p>Die Trocellen Insulation BU zeigt ihr Engagement f\u00fcr Nachhaltigkeit auf vielf\u00e4ltige Weise. Systeme, Produkte und Rohstoffe werden durch dieKonformit\u00e4t mit externen \u00f6kologischen Bewertungssystemen unterst\u00fctzt, mit umfangreicher langfristiger Energieeinsparung f\u00fcr den Bau- und Konstruktionssektor.<\/p>\n\n\n\n<h2 class=\"wp-block-heading\">Produkte von Trocellen: <\/h2>\n\n\n\n<ul class=\"wp-block-list\">\n<li>sind geschlossenzellig und verhindern daher Kondensation<\/li>\n\n\n\n<li>unterst\u00fctzen die Reduzierung von CO<sub>2<\/sub>-Emissionen durch ihre lange Lebensdauer, und zudem spart Isolierung auch w\u00e4hrend der Nutzungsphase Energie<\/li>\n\n\n\n<li>unterst\u00fctzen die menschliche Gesundheit, denn sie sind faserfrei sowie widerstandsf\u00e4hig gegen\u00fcber Pilzen und Bakterien, weisen eine geringe Rauchtoxizit\u00e4t auf und verursachen keine VOC-Emissionen<\/li>\n<\/ul>\n\n\n\n<h2 class=\"wp-block-heading\">Besondere nachhaltige L\u00f6sungen:<\/h2>\n\n\n\n<p><\/p>\n\n\n\n<div class=\"wp-block-columns is-layout-flex wp-container-core-columns-is-layout-9d6595d7 wp-block-columns-is-layout-flex\">\n<div class=\"wp-block-column is-layout-flow wp-block-column-is-layout-flow\">\n<p class=\"has-text-align-center\"><img loading=\"lazy\" decoding=\"async\" width=\"78\" height=\"86\" class=\"wp-image-9110\" style=\"width: 78px;\" src=\"https:\/\/insulation.trocellen.com\/wp-content\/uploads\/sites\/6\/2023\/06\/treecell.jpg\" alt=\"\"><\/p>\n<\/div>\n\n\n\n<div class=\"wp-block-column is-layout-flow wp-block-column-is-layout-flow\">\n<p><a href=\"https:\/\/trocellen.com\/de\/material-technologie\/nachhaltige-loesungen-von-trocellen\/tr-eecell-biobasierter-xl-pe\/\" target=\"_blank\" rel=\"noreferrer noopener\">TR-EECELL BIO-BASIERTER XL-PE-Schaumstoff<\/a><\/p>\n<\/div>\n\n\n\n<div class=\"wp-block-column is-layout-flow wp-block-column-is-layout-flow\">\n<p>Biobasierter vernetzter Polyethylen-Schaumstoff mit DIN&nbsp;CERTCO-Zertifizierung<\/p>\n<\/div>\n<\/div>\n\n\n\n<div class=\"wp-block-columns is-layout-flex wp-container-core-columns-is-layout-9d6595d7 wp-block-columns-is-layout-flex\">\n<div class=\"wp-block-column is-layout-flow wp-block-column-is-layout-flow\">\n<p class=\"has-text-align-center\"><img loading=\"lazy\" decoding=\"async\" width=\"136\" height=\"80\" class=\"wp-image-9116\" style=\"width: 136px;\" src=\"https:\/\/insulation.trocellen.com\/wp-content\/uploads\/sites\/6\/2023\/06\/trochips.jpg\" alt=\"\"><\/p>\n<\/div>\n\n\n\n<div class=\"wp-block-column is-layout-flow wp-block-column-is-layout-flow\">\n<p><a href=\"https:\/\/trocellen.com\/de\/material-technologie\/nachhaltige-loesungen-von-trocellen\/tro-chips\/\" target=\"_blank\" rel=\"noreferrer noopener\">WIEDERVERWENDETER SCHAUMSTOFF: TRO-CHIPS<\/a><\/p>\n<\/div>\n\n\n\n<div class=\"wp-block-column is-layout-flow wp-block-column-is-layout-flow\">\n<p>Bei den multifunktionalen PE-Schaumstoff-Schnittmischungen von Trocellen handelt es sich um hochwertige, saubere Schaumstoffst\u00fcckmischungen, die f\u00fcr verschiedene Anwendungen vorbereitet sind.<\/p>\n<\/div>\n<\/div>\n\n\n\n<div class=\"wp-block-columns is-layout-flex wp-container-core-columns-is-layout-9d6595d7 wp-block-columns-is-layout-flex\">\n<div class=\"wp-block-column is-layout-flow wp-block-column-is-layout-flow\">\n<p class=\"has-text-align-center\"><img loading=\"lazy\" decoding=\"async\" width=\"143\" height=\"84\" class=\"wp-image-9104\" style=\"width: 143px;\" src=\"https:\/\/insulation.trocellen.com\/wp-content\/uploads\/sites\/6\/2023\/06\/recycled.jpg\" alt=\"\"><\/p>\n<\/div>\n\n\n\n<div class=\"wp-block-column is-layout-flow wp-block-column-is-layout-flow\">\n<p>Recyceltes Polyethylen<\/p>\n<\/div>\n\n\n\n<div class=\"wp-block-column is-layout-flow wp-block-column-is-layout-flow\">\n<p>Recycelte PE-Inhaltsstoffe aus zugelassenen Quellen<\/p>\n<\/div>\n<\/div>\n\n\n\n<div class=\"wp-block-columns is-layout-flex wp-container-core-columns-is-layout-9d6595d7 wp-block-columns-is-layout-flex\">\n<div class=\"wp-block-column is-layout-flow wp-block-column-is-layout-flow\">\n<p class=\"has-text-align-center\"><img loading=\"lazy\" decoding=\"async\" width=\"141\" height=\"82\" class=\"wp-image-9098\" style=\"width: 141px;\" src=\"https:\/\/insulation.trocellen.com\/wp-content\/uploads\/sites\/6\/2023\/06\/mass-balance.jpg\" alt=\"\"><\/p>\n<\/div>\n\n\n\n<div class=\"wp-block-column is-layout-flow wp-block-column-is-layout-flow\">\n<p>Biobasierter Anteil nach Massenbilanzsystem<\/p>\n<\/div>\n\n\n\n<div class=\"wp-block-column is-layout-flow wp-block-column-is-layout-flow\">\n<p>Die biobasierten PE-Inhaltsstoffe sind nach dem Massenbilanzsystem der ISCC zertifiziert.<\/p>\n<\/div>\n<\/div>\n\n\n\n<h2 class=\"wp-block-heading\"><strong>Trocellen bietet Konformit\u00e4t mit gr\u00fcnen Systemen<\/strong><\/h2>\n\n\n\n<div style=\"height:50px\" aria-hidden=\"true\" class=\"wp-block-spacer\"><\/div>\n\n\n\n<div class=\"wp-block-columns is-layout-flex wp-container-core-columns-is-layout-9d6595d7 wp-block-columns-is-layout-flex\">\n<div class=\"wp-block-column is-layout-flow wp-block-column-is-layout-flow\">\n<p class=\"has-text-align-center\"><img loading=\"lazy\" decoding=\"async\" width=\"84\" height=\"84\" class=\"wp-image-9180\" style=\"width: 84px;\" src=\"https:\/\/insulation.trocellen.com\/wp-content\/uploads\/sites\/6\/2023\/06\/leed-and-well.jpg\" alt=\"\"><\/p>\n<\/div>\n\n\n\n<div class=\"wp-block-column is-layout-flow wp-block-column-is-layout-flow\">\n<p><a href=\"\/de\/nachhaltigkeit\/leed-well\/\">LEED &amp; WELL<\/a><\/p>\n<\/div>\n\n\n\n<div class=\"wp-block-column is-layout-flow wp-block-column-is-layout-flow\">\n<p>Die Produkte von Trocellen Insulation k\u00f6nnen im Rahmen der LEED- und WELL-Zertifizierung zu mehr Credits\/Punkten verhelfen.<\/p>\n<\/div>\n<\/div>\n\n\n\n<div class=\"wp-block-columns is-layout-flex wp-container-core-columns-is-layout-9d6595d7 wp-block-columns-is-layout-flex\">\n<div class=\"wp-block-column is-layout-flow wp-block-column-is-layout-flow\">\n<p class=\"has-text-align-center\"><img loading=\"lazy\" decoding=\"async\" width=\"150\" height=\"37\" class=\"wp-image-9168\" style=\"width: 150px;\" src=\"https:\/\/insulation.trocellen.com\/wp-content\/uploads\/sites\/6\/2023\/06\/epd.jpg\" alt=\"\"><\/p>\n<\/div>\n\n\n\n<div class=\"wp-block-column is-layout-flow wp-block-column-is-layout-flow\">\n<p>LCA \/ EPD<\/p>\n<\/div>\n\n\n\n<div class=\"wp-block-column is-layout-flow wp-block-column-is-layout-flow\">\n<p>Die W\u00e4rme- und Schalld\u00e4mmprodukte von Trocellen verf\u00fcgen \u00fcber eine EPD-Zertifizierung, die auf einer LCA-Studie gem\u00e4\u00df ISO:14025 basiert.<\/p>\n<\/div>\n<\/div>\n\n\n\n<div class=\"wp-block-columns is-layout-flex wp-container-core-columns-is-layout-9d6595d7 wp-block-columns-is-layout-flex\">\n<div class=\"wp-block-column is-layout-flow wp-block-column-is-layout-flow\">\n<p class=\"has-text-align-center\"><img loading=\"lazy\" decoding=\"async\" width=\"131\" height=\"77\" class=\"wp-image-9156\" style=\"width: 131px;\" src=\"https:\/\/insulation.trocellen.com\/wp-content\/uploads\/sites\/6\/2023\/06\/cam.jpg\" alt=\"\"><\/p>\n<\/div>\n\n\n\n<div class=\"wp-block-column is-layout-flow wp-block-column-is-layout-flow\">\n<p><a href=\"\/de\/nachhaltigkeit\/cam\/\">CAM<\/a><\/p>\n<\/div>\n\n\n\n<div class=\"wp-block-column is-layout-flow wp-block-column-is-layout-flow\">\n<p>Die W\u00e4rme- und Schalld\u00e4mmprodukte von Trocellen erf\u00fcllen und unterst\u00fctzen die italienischen Mindestumweltkriterien (CAM) f\u00fcr \u00f6ffentliche und private Geb\u00e4ude.<\/p>\n<\/div>\n<\/div>\n\n\n\n<div class=\"wp-block-columns is-layout-flex wp-container-core-columns-is-layout-9d6595d7 wp-block-columns-is-layout-flex\">\n<div class=\"wp-block-column is-layout-flow wp-block-column-is-layout-flow\">\n<p class=\"has-text-align-center\"><img loading=\"lazy\" decoding=\"async\" width=\"99\" height=\"111\" class=\"wp-image-9162\" style=\"width: 99px;\" src=\"https:\/\/insulation.trocellen.com\/wp-content\/uploads\/sites\/6\/2023\/06\/din.jpg\" alt=\"\"><\/p>\n<\/div>\n\n\n\n<div class=\"wp-block-column is-layout-flow wp-block-column-is-layout-flow\">\n<p>DIN CERTCO<\/p>\n<\/div>\n\n\n\n<div class=\"wp-block-column is-layout-flow wp-block-column-is-layout-flow\">\n<p>PE mit Kohlenstoffgehalt aus nicht fossilen Quellen der Produktreihe TR-EECell.<\/p>\n<\/div>\n<\/div>\n\n\n\n<div class=\"wp-block-columns is-layout-flex wp-container-core-columns-is-layout-9d6595d7 wp-block-columns-is-layout-flex\">\n<div class=\"wp-block-column is-layout-flow wp-block-column-is-layout-flow\">\n<p class=\"has-text-align-center\"><img loading=\"lazy\" decoding=\"async\" width=\"107\" height=\"107\" class=\"wp-image-9174\" style=\"width: 107px;\" src=\"https:\/\/insulation.trocellen.com\/wp-content\/uploads\/sites\/6\/2023\/06\/iscc.jpg\" alt=\"\"><\/p>\n<\/div>\n\n\n\n<div class=\"wp-block-column is-layout-flow wp-block-column-is-layout-flow\">\n<p>ISCC<\/p>\n<\/div>\n\n\n\n<div class=\"wp-block-column is-layout-flow wp-block-column-is-layout-flow\">\n<p>Massenbilanz-Zertifizierung der biobasierten PE-Inhaltsstoffe \u2013 Werke von Trocellen Italia SPA in Caponago.<\/p>\n<\/div>\n<\/div>\n\n\n\n<div class=\"wp-block-buttons is-content-justification-center is-layout-flex wp-container-core-buttons-is-layout-16018d1d wp-block-buttons-is-layout-flex\">\n<div class=\"wp-block-button large\"><a class=\"wp-block-button__link wp-element-button\" href=\"https:\/\/insulation.trocellen.com\/de\/kontaktformular\/\">Kontaktieren Sie uns f\u00fcr weitere Informationen<\/a><\/div>\n<\/div>\n\n\n\n<h2 class=\"wp-block-heading\">Trocellen \u2013 Eine gro\u00dfe Unternehmensgruppe mit einer starken Strategie<\/h2>\n\n\n\n<p>Gesellschaftliche Unternehmensverantwortung, Dekarbonisierung und umweltbewusste Produktentwicklung sind Schl\u00fcsselelemente der Strategie der Trocellen-Gruppe. Trocellen ist ein Gro\u00dfunternehmen, das polymere Schaumstoffe f\u00fcr verschiedene Industriezweige herstellt, unter anderem f\u00fcr die Bereiche Isolierung, Automobile, Sport, Schuhe und Elastikschichten f\u00fcr Kunstrasensysteme. Die Entwicklung und das \u00f6kologische Design der Business Unit Insulation erfolgen daher im st\u00e4ndigen Austausch mit anderen Experten und Business Units der Gruppe. Dieses internationale, kompetente und kreative Unternehmensumfeld schafft ein solides und engagiertes Fundament, da sich die gesamte Gruppe leidenschaftlich f\u00fcr die Bereitstellung nachhaltiger L\u00f6sungen einsetzt. Trocellen hat sich unter anderem folgende Ziele gesetzt:<\/p>\n\n\n\n<ul class=\"wp-block-list\">\n<li>100&nbsp;% Strom aus erneuerbaren Energien bis 2025<\/li>\n\n\n\n<li>100&nbsp;% auf \u00d6ko-Design basierende Produktentwicklung f\u00fcr alle neuen Produkte bis 2030<\/li>\n\n\n\n<li>Reduzierung der Produktionsabf\u00e4lle auf Null bis 2030<\/li>\n\n\n\n<li>Kohlenstoffneutralit\u00e4t in 2050<\/li>\n<\/ul>\n\n\n\n<p><a href=\"https:\/\/trocellen.com\/de\/nachhaltigkeit\/ansprache-des-ceo\/\" target=\"_blank\" rel=\"noreferrer noopener\">Mehr \u00fcber die gesamte Nachhaltigkeitsstrategie von Trocellen<\/a><\/p>\n","protected":false},"excerpt":{"rendered":"<p>Was bedeutet Nachhaltigkeit f\u00fcr die Trocellen Insulation Business Unit? Im Einklang mit aktuellen Branchen- und Governance-Trends optimiert Trocellen seine Umweltleistung und seine CO2-Bilanz unter Ber\u00fccksichtigung des gesamten Lebenszyklus und der spezifischen Herausforderungen von Kunststoffprodukten. Wir arbeiten nicht nur st\u00e4ndig daran, den Anteil an recyceltem Material und die Wiederverwertbarkeit zu erh\u00f6hen, sondern gehen noch einen Schritt [&hellip;]<\/p>\n","protected":false},"author":1,"featured_media":0,"parent":0,"menu_order":500,"comment_status":"closed","ping_status":"closed","template":"","meta":{"_acf_changed":false,"footnotes":""},"class_list":["post-5717","page","type-page","status-publish","hentry"],"acf":[],"yoast_head":"<!-- This site is optimized with the Yoast SEO plugin v23.5 - https:\/\/yoast.com\/wordpress\/plugins\/seo\/ -->\n<title>Trocellen Insulations Engagement f\u00fcr Nachhaltigkeit.<\/title>\n<meta name=\"description\" content=\"Unsere Produkte erf\u00fcllen die Anforderungen an die Konformit\u00e4t gr\u00fcner Bewertungssysteme, um an Geb\u00e4uden und beim Bau dauerhaft Energie einzusparen.\" \/>\n<meta name=\"robots\" content=\"index, follow, max-snippet:-1, max-image-preview:large, max-video-preview:-1\" \/>\n<link rel=\"canonical\" href=\"https:\/\/insulation.trocellen.com\/de\/nachhaltigkeit\/\" \/>\n<meta property=\"og:locale\" content=\"de_DE\" \/>\n<meta property=\"og:type\" content=\"article\" \/>\n<meta property=\"og:title\" content=\"Trocellen Insulations Engagement f\u00fcr Nachhaltigkeit.\" \/>\n<meta property=\"og:description\" content=\"Unsere Produkte erf\u00fcllen die Anforderungen an die Konformit\u00e4t gr\u00fcner Bewertungssysteme, um an Geb\u00e4uden und beim Bau dauerhaft Energie einzusparen.\" \/>\n<meta property=\"og:url\" content=\"https:\/\/insulation.trocellen.com\/de\/nachhaltigkeit\/\" \/>\n<meta property=\"og:site_name\" content=\"Trocellen Insulation\" \/>\n<meta property=\"article:modified_time\" content=\"2023-11-20T12:53:43+00:00\" \/>\n<meta property=\"og:image\" content=\"https:\/\/insulation.trocellen.com\/wp-content\/uploads\/sites\/6\/2023\/06\/treecell.jpg\" \/>\n<meta name=\"twitter:card\" content=\"summary_large_image\" \/>\n<meta name=\"twitter:label1\" content=\"Gesch\u00e4tzte Lesezeit\" \/>\n\t<meta name=\"twitter:data1\" content=\"5\u00a0Minuten\" \/>\n<script type=\"application\/ld+json\" class=\"yoast-schema-graph\">{\"@context\":\"https:\/\/schema.org\",\"@graph\":[{\"@type\":\"WebPage\",\"@id\":\"https:\/\/insulation.trocellen.com\/de\/nachhaltigkeit\/\",\"url\":\"https:\/\/insulation.trocellen.com\/de\/nachhaltigkeit\/\",\"name\":\"Trocellen Insulations Engagement f\u00fcr Nachhaltigkeit.\",\"isPartOf\":{\"@id\":\"https:\/\/insulation.trocellen.com\/de\/#website\"},\"primaryImageOfPage\":{\"@id\":\"https:\/\/insulation.trocellen.com\/de\/nachhaltigkeit\/#primaryimage\"},\"image\":{\"@id\":\"https:\/\/insulation.trocellen.com\/de\/nachhaltigkeit\/#primaryimage\"},\"thumbnailUrl\":\"https:\/\/insulation.trocellen.com\/wp-content\/uploads\/sites\/6\/2023\/06\/treecell.jpg\",\"datePublished\":\"2023-01-30T14:57:00+00:00\",\"dateModified\":\"2023-11-20T12:53:43+00:00\",\"description\":\"Unsere Produkte erf\u00fcllen die Anforderungen an die Konformit\u00e4t gr\u00fcner Bewertungssysteme, um an Geb\u00e4uden und beim Bau dauerhaft Energie einzusparen.\",\"breadcrumb\":{\"@id\":\"https:\/\/insulation.trocellen.com\/de\/nachhaltigkeit\/#breadcrumb\"},\"inLanguage\":\"de\",\"potentialAction\":[{\"@type\":\"ReadAction\",\"target\":[\"https:\/\/insulation.trocellen.com\/de\/nachhaltigkeit\/\"]}]},{\"@type\":\"ImageObject\",\"inLanguage\":\"de\",\"@id\":\"https:\/\/insulation.trocellen.com\/de\/nachhaltigkeit\/#primaryimage\",\"url\":\"https:\/\/insulation.trocellen.com\/wp-content\/uploads\/sites\/6\/2023\/06\/treecell.jpg\",\"contentUrl\":\"https:\/\/insulation.trocellen.com\/wp-content\/uploads\/sites\/6\/2023\/06\/treecell.jpg\"},{\"@type\":\"BreadcrumbList\",\"@id\":\"https:\/\/insulation.trocellen.com\/de\/nachhaltigkeit\/#breadcrumb\",\"itemListElement\":[{\"@type\":\"ListItem\",\"position\":1,\"name\":\"Home\",\"item\":\"https:\/\/insulation.trocellen.com\/de\/\"},{\"@type\":\"ListItem\",\"position\":2,\"name\":\"Nachhaltigkeit\"}]},{\"@type\":\"WebSite\",\"@id\":\"https:\/\/insulation.trocellen.com\/de\/#website\",\"url\":\"https:\/\/insulation.trocellen.com\/de\/\",\"name\":\"Trocellen Insulation\",\"description\":\"\",\"potentialAction\":[{\"@type\":\"SearchAction\",\"target\":{\"@type\":\"EntryPoint\",\"urlTemplate\":\"https:\/\/insulation.trocellen.com\/de\/?s={search_term_string}\"},\"query-input\":{\"@type\":\"PropertyValueSpecification\",\"valueRequired\":true,\"valueName\":\"search_term_string\"}}],\"inLanguage\":\"de\"}]}<\/script>\n<!-- \/ Yoast SEO plugin. -->","yoast_head_json":{"title":"Trocellen Insulations Engagement f\u00fcr Nachhaltigkeit.","description":"Unsere Produkte erf\u00fcllen die Anforderungen an die Konformit\u00e4t gr\u00fcner Bewertungssysteme, um an Geb\u00e4uden und beim Bau dauerhaft Energie einzusparen.","robots":{"index":"index","follow":"follow","max-snippet":"max-snippet:-1","max-image-preview":"max-image-preview:large","max-video-preview":"max-video-preview:-1"},"canonical":"https:\/\/insulation.trocellen.com\/de\/nachhaltigkeit\/","og_locale":"de_DE","og_type":"article","og_title":"Trocellen Insulations Engagement f\u00fcr Nachhaltigkeit.","og_description":"Unsere Produkte erf\u00fcllen die Anforderungen an die Konformit\u00e4t gr\u00fcner Bewertungssysteme, um an Geb\u00e4uden und beim Bau dauerhaft Energie einzusparen.","og_url":"https:\/\/insulation.trocellen.com\/de\/nachhaltigkeit\/","og_site_name":"Trocellen Insulation","article_modified_time":"2023-11-20T12:53:43+00:00","og_image":[{"url":"https:\/\/insulation.trocellen.com\/wp-content\/uploads\/sites\/6\/2023\/06\/treecell.jpg"}],"twitter_card":"summary_large_image","twitter_misc":{"Gesch\u00e4tzte Lesezeit":"5\u00a0Minuten"},"schema":{"@context":"https:\/\/schema.org","@graph":[{"@type":"WebPage","@id":"https:\/\/insulation.trocellen.com\/de\/nachhaltigkeit\/","url":"https:\/\/insulation.trocellen.com\/de\/nachhaltigkeit\/","name":"Trocellen Insulations Engagement f\u00fcr Nachhaltigkeit.","isPartOf":{"@id":"https:\/\/insulation.trocellen.com\/de\/#website"},"primaryImageOfPage":{"@id":"https:\/\/insulation.trocellen.com\/de\/nachhaltigkeit\/#primaryimage"},"image":{"@id":"https:\/\/insulation.trocellen.com\/de\/nachhaltigkeit\/#primaryimage"},"thumbnailUrl":"https:\/\/insulation.trocellen.com\/wp-content\/uploads\/sites\/6\/2023\/06\/treecell.jpg","datePublished":"2023-01-30T14:57:00+00:00","dateModified":"2023-11-20T12:53:43+00:00","description":"Unsere Produkte erf\u00fcllen die Anforderungen an die Konformit\u00e4t gr\u00fcner Bewertungssysteme, um an Geb\u00e4uden und beim Bau dauerhaft Energie einzusparen.","breadcrumb":{"@id":"https:\/\/insulation.trocellen.com\/de\/nachhaltigkeit\/#breadcrumb"},"inLanguage":"de","potentialAction":[{"@type":"ReadAction","target":["https:\/\/insulation.trocellen.com\/de\/nachhaltigkeit\/"]}]},{"@type":"ImageObject","inLanguage":"de","@id":"https:\/\/insulation.trocellen.com\/de\/nachhaltigkeit\/#primaryimage","url":"https:\/\/insulation.trocellen.com\/wp-content\/uploads\/sites\/6\/2023\/06\/treecell.jpg","contentUrl":"https:\/\/insulation.trocellen.com\/wp-content\/uploads\/sites\/6\/2023\/06\/treecell.jpg"},{"@type":"BreadcrumbList","@id":"https:\/\/insulation.trocellen.com\/de\/nachhaltigkeit\/#breadcrumb","itemListElement":[{"@type":"ListItem","position":1,"name":"Home","item":"https:\/\/insulation.trocellen.com\/de\/"},{"@type":"ListItem","position":2,"name":"Nachhaltigkeit"}]},{"@type":"WebSite","@id":"https:\/\/insulation.trocellen.com\/de\/#website","url":"https:\/\/insulation.trocellen.com\/de\/","name":"Trocellen Insulation","description":"","potentialAction":[{"@type":"SearchAction","target":{"@type":"EntryPoint","urlTemplate":"https:\/\/insulation.trocellen.com\/de\/?s={search_term_string}"},"query-input":{"@type":"PropertyValueSpecification","valueRequired":true,"valueName":"search_term_string"}}],"inLanguage":"de"}]}},"_links":{"self":[{"href":"https:\/\/insulation.trocellen.com\/de\/wp-json\/wp\/v2\/pages\/5717","targetHints":{"allow":["GET"]}}],"collection":[{"href":"https:\/\/insulation.trocellen.com\/de\/wp-json\/wp\/v2\/pages"}],"about":[{"href":"https:\/\/insulation.trocellen.com\/de\/wp-json\/wp\/v2\/types\/page"}],"author":[{"embeddable":true,"href":"https:\/\/insulation.trocellen.com\/de\/wp-json\/wp\/v2\/users\/1"}],"replies":[{"embeddable":true,"href":"https:\/\/insulation.trocellen.com\/de\/wp-json\/wp\/v2\/comments?post=5717"}],"version-history":[{"count":10,"href":"https:\/\/insulation.trocellen.com\/de\/wp-json\/wp\/v2\/pages\/5717\/revisions"}],"predecessor-version":[{"id":10185,"href":"https:\/\/insulation.trocellen.com\/de\/wp-json\/wp\/v2\/pages\/5717\/revisions\/10185"}],"wp:attachment":[{"href":"https:\/\/insulation.trocellen.com\/de\/wp-json\/wp\/v2\/media?parent=5717"}],"curies":[{"name":"wp","href":"https:\/\/api.w.org\/{rel}","templated":true}]}}