{"id":5193,"date":"2021-04-23T11:30:49","date_gmt":"2021-04-23T11:30:49","guid":{"rendered":"https:\/\/insulation-new.trocellen.com\/cam\/"},"modified":"2025-03-13T14:16:48","modified_gmt":"2025-03-13T14:16:48","slug":"cam","status":"publish","type":"page","link":"https:\/\/insulation.trocellen.com\/de\/nachhaltigkeit\/cam\/","title":{"rendered":"CAM"},"content":{"rendered":"\n<h1 class=\"wp-block-heading has-text-align-center has-text-color\" style=\"color:#4ea346\">CAM<\/h1>\n\n\n\n<h3 class=\"wp-block-heading has-text-align-center has-text-color\" style=\"color:#216c83\"><strong>Mindestumweltkriterien (Italien)<\/strong><\/h3>\n\n\n\n<ul class=\"wp-block-list\">\n<li>Die <strong>CAM<\/strong> im Bauwesen umfassen eine Reihe von Kriterien zur Verbesserung der Umweltvertr\u00e4glichkeit gem\u00e4\u00df dem (ital.) Ministerialerlass vom 11.&nbsp;Oktober&nbsp;2017.<\/li>\n\n\n\n<li>Die <strong>CAM<\/strong> sind Teil des europ\u00e4ischen Plans zur umweltorientierten Auftragsvergabe (Green Public Procurement, GPP), der den Ressourcenverbrauch der \u00f6ffentlichen Verwaltungen verringern soll. Sie gelten daher in erster Linie f\u00fcr \u00f6ffentliche Auftr\u00e4ge.<\/li>\n\n\n\n<li>Die <strong>CAM<\/strong> finden jedoch gem\u00e4\u00df dem gesetzesvertretenden Dekret 34\/2020 (\u201eDecreto Rilancio\u201c), in dem der \u201eSuperbonus 110&nbsp;%\u201c geregelt ist, auch im privaten Bauwesen Anwendung.<\/li>\n<\/ul>\n\n\n\n<p>Die Produkte von Trocellen erf\u00fcllen die <strong>CAM<\/strong> und k\u00f6nnen daher im Rahmen \u00f6ffentlicher und privater Bauprojekte, die den Superbonus 110&nbsp;% beantragen, verbaut werden.<\/p>\n\n\n\n<div class=\"wp-block-buttons is-content-justification-center is-layout-flex wp-container-core-buttons-is-layout-16018d1d wp-block-buttons-is-layout-flex\">\n<div class=\"wp-block-button large scroll-item\"><a class=\"wp-block-button__link wp-element-button\" href=\"#news\">Mehr erfahren<\/a><\/div>\n<\/div>\n\n\n\n<div style=\"height:60px\" aria-hidden=\"true\" class=\"wp-block-spacer\"><\/div>\n\n\n\n<h2 class=\"wp-block-heading\">DIE MINDESTUMWELTKRITERIEN F\u00dcR DAS BAUWESEN: CAM<\/h2>\n\n\n\n<h3 class=\"wp-block-heading\">CAM&nbsp;\u2013 \u00d6FFENTLICHE AUFTRAGGEBER<\/h3>\n\n\n\n<p>Die Mindestumweltkriterien f\u00fcr das Bauwesen (Ministerialerlass vom 11.&nbsp;Oktober&nbsp;2017) sind ein Bestandteil des europ\u00e4ischen Plans zur umweltorientierten Auftragsvergabe (Green Public Procurement, GPP), der die Umweltvertr\u00e4glichkeit verbessern und den Ressourcenverbrauch der \u00f6ffentlichen Verwaltungen verringern soll.<\/p>\n\n\n\n<p>\u00d6ffentliche Auftraggeber m\u00fcssen die CAM als zus\u00e4tzliche Kriterien zur Verringerung der Umweltauswirkungen der Geb\u00e4ude in die Ausschreibungsbedingungen aufnehmen.<\/p>\n\n\n\n<p>Bei jedem \u00f6ffentlichen Bauprojekt wird die Einhaltung dieser Kriterien \u00fcberpr\u00fcft.<\/p>\n\n\n\n<h3 class=\"wp-block-heading\">CAM \u2013 SUPERBONUS 110%<\/h3>\n\n\n\n<p>Mit dem \u201eDecreto Rilancio 2020\u201c wurden die Mindestumweltkriterien auch auf das private Bauwesen ausgeweitet. Das gesetzesvertretende Dekret DL&nbsp;34\/2020 (\u201eDecreto Rilancio\u201c), das anschlie\u00dfend in das Gesetz 77\/2020 \u00fcberf\u00fchrt wurde, enth\u00e4lt n\u00e4mlich in Artikel&nbsp;119 eine spezielle Vorschrift zur Einhaltung der CAM bei den D\u00e4mmstoffen.<\/p>\n\n\n\n<p>Und zwar gelten die Mindestumweltkriterien f\u00fcr den Einsatz von D\u00e4mmstoffen zur W\u00e4rmed\u00e4mmung opaker Fl\u00e4chen (Teil der sogenannten \u201eprim\u00e4ren Ma\u00dfnahmen\u201c). Bei anderen Ma\u00dfnahmen im Rahmen des Superbonus 110&nbsp;%, wie prim\u00e4ren Ma\u00dfnahmen zur Effizienzsteigerung von Heizungsanlagen und sekund\u00e4ren Ma\u00dfnahmen zur Steigerung der Energieeffizienz, m\u00fcssen die CAM in Bezug auf die D\u00e4mmstoffe nicht beachtet werden.<\/p>\n\n\n\n<h3 class=\"wp-block-heading\"><strong>KONFORMIT\u00c4T DER PRODUKTE VON TROCELLEN MIT DEN CAM<\/strong><\/h3>\n\n\n\n<p>F\u00fcr die Konformit\u00e4t mit den CAM gelten je nach Produktkategorie unterschiedliche Kriterien. Trocellen Insulation bietet L\u00f6sungen und Produkte zur W\u00e4rme- und Schalld\u00e4mmung an. F\u00fcr diesen Materialtyp gelten neben den allgemeinen Kriterien f\u00fcr alle eingesetzten Materialien (z.&nbsp;B. f\u00fcr \u201eGefahrstoffe\u201c) zus\u00e4tzlich einige Sonderkriterien (die in Absatz 2.4.2.9 angegeben sind). Die von Trocellen durchgef\u00fchrte Analyse, die unten heruntergeladen werden kann, belegt die Konformit\u00e4t der genannten Produktreihe.<\/p>\n\n\n\n<p>Wir weisen darauf hin, dass von \u201eKonformit\u00e4t\u201c mit den Mindestumweltkriterien die Rede ist, nicht von einer Bescheinigung oder einer Zertifizierung f\u00fcr die CAM. Es gibt n\u00e4mlich keine eindeutige Bescheinigung, welche die Konformit\u00e4t der Produkte mit den CAM belegt.<\/p>\n\n\n\n<p>Denn jede Produktkategorie muss spezifische Kriterien erf\u00fcllen und daf\u00fcr muss eine genaue Bewertung durchgef\u00fchrt werden.<\/p>\n\n\n\n<p><strong>Das CAM-Dokument von Trocellen folgt diesem integrierten Ansatz. Die Produkte von Trocellen, welche die CAM erf\u00fcllen, k\u00f6nnen daher im Rahmen \u00f6ffentlicher und privater Bauprojekte, f\u00fcr die diese Kriterien gelten, verbaut werden. <\/strong><strong><\/strong><\/p>\n\n\n\n<div class=\"wp-block-columns is-layout-flex wp-container-core-columns-is-layout-9d6595d7 wp-block-columns-is-layout-flex\">\n<div class=\"wp-block-column is-layout-flow wp-block-column-is-layout-flow\" style=\"flex-basis:66.66%\">\n<div class=\"wp-block-buttons is-content-justification-center is-layout-flex wp-container-core-buttons-is-layout-16018d1d wp-block-buttons-is-layout-flex\">\n<div class=\"wp-block-button full\"><a class=\"wp-block-button__link wp-element-button\" href=\"https:\/\/insulation.trocellen.com\/wp-content\/uploads\/sites\/6\/2025\/03\/Dichiarazione-CAM_TC-I_2023.pdf\" target=\"_blank\" rel=\"noreferrer noopener\">CAM-Dokument von Trocellen herunterladen<\/a><\/div>\n<\/div>\n<\/div>\n\n\n\n<div class=\"wp-block-column is-layout-flow wp-block-column-is-layout-flow\" style=\"flex-basis:33.33%\">\n<div class=\"wp-block-buttons is-content-justification-center is-layout-flex wp-container-core-buttons-is-layout-16018d1d wp-block-buttons-is-layout-flex\">\n<div class=\"wp-block-button full scroll-item\"><a class=\"wp-block-button__link wp-element-button\" href=\"#contact-form-container\">Kontakt<\/a><\/div>\n<\/div>\n<\/div>\n<\/div>\n","protected":false},"excerpt":{"rendered":"<p>CAM Mindestumweltkriterien (Italien) Die Produkte von Trocellen erf\u00fcllen die CAM und k\u00f6nnen daher im Rahmen \u00f6ffentlicher und privater Bauprojekte, die den Superbonus 110&nbsp;% beantragen, verbaut werden. DIE MINDESTUMWELTKRITERIEN F\u00dcR DAS BAUWESEN: CAM CAM&nbsp;\u2013 \u00d6FFENTLICHE AUFTRAGGEBER Die Mindestumweltkriterien f\u00fcr das Bauwesen (Ministerialerlass vom 11.&nbsp;Oktober&nbsp;2017) sind ein Bestandteil des europ\u00e4ischen Plans zur umweltorientierten Auftragsvergabe (Green Public Procurement, [&hellip;]<\/p>\n","protected":false},"author":1,"featured_media":8778,"parent":5717,"menu_order":200,"comment_status":"closed","ping_status":"closed","template":"templates\/cam.php","meta":{"_acf_changed":false,"footnotes":""},"class_list":["post-5193","page","type-page","status-publish","has-post-thumbnail","hentry"],"acf":[],"yoast_head":"<!-- This site is optimized with the Yoast SEO plugin v23.5 - https:\/\/yoast.com\/wordpress\/plugins\/seo\/ -->\n<title>CAM f\u00fcr Geb\u00e4ude und eine Reihe an Kriterien in Italien<\/title>\n<meta name=\"description\" content=\"Mit den f\u00fcr die CAM-Nutzung geeigneten Produkten von Trocellen kann man bei \u00f6ffentlichen und privaten Bauprojekten in Italien Superbonus 110\u00a0% beantragen.\" \/>\n<meta name=\"robots\" content=\"index, follow, max-snippet:-1, max-image-preview:large, max-video-preview:-1\" \/>\n<link rel=\"canonical\" href=\"https:\/\/insulation.trocellen.com\/de\/nachhaltigkeit\/cam\/\" \/>\n<meta property=\"og:locale\" content=\"de_DE\" \/>\n<meta property=\"og:type\" content=\"article\" \/>\n<meta property=\"og:title\" content=\"CAM f\u00fcr Geb\u00e4ude und eine Reihe an Kriterien in Italien\" \/>\n<meta property=\"og:description\" content=\"Mit den f\u00fcr die CAM-Nutzung geeigneten Produkten von Trocellen kann man bei \u00f6ffentlichen und privaten Bauprojekten in Italien Superbonus 110\u00a0% beantragen.\" \/>\n<meta property=\"og:url\" content=\"https:\/\/insulation.trocellen.com\/de\/nachhaltigkeit\/cam\/\" \/>\n<meta property=\"og:site_name\" content=\"Trocellen Insulation\" \/>\n<meta property=\"article:modified_time\" content=\"2025-03-13T14:16:48+00:00\" \/>\n<meta property=\"og:image\" content=\"https:\/\/insulation.trocellen.com\/wp-content\/uploads\/sites\/6\/2023\/05\/CAM-fejlec.jpg\" \/>\n\t<meta property=\"og:image:width\" content=\"1920\" \/>\n\t<meta property=\"og:image:height\" content=\"300\" \/>\n\t<meta property=\"og:image:type\" content=\"image\/jpeg\" \/>\n<meta name=\"twitter:card\" content=\"summary_large_image\" \/>\n<meta name=\"twitter:label1\" content=\"Gesch\u00e4tzte Lesezeit\" \/>\n\t<meta name=\"twitter:data1\" content=\"3\u00a0Minuten\" \/>\n<script type=\"application\/ld+json\" class=\"yoast-schema-graph\">{\"@context\":\"https:\/\/schema.org\",\"@graph\":[{\"@type\":\"WebPage\",\"@id\":\"https:\/\/insulation.trocellen.com\/de\/nachhaltigkeit\/cam\/\",\"url\":\"https:\/\/insulation.trocellen.com\/de\/nachhaltigkeit\/cam\/\",\"name\":\"CAM f\u00fcr Geb\u00e4ude und eine Reihe an Kriterien in Italien\",\"isPartOf\":{\"@id\":\"https:\/\/insulation.trocellen.com\/de\/#website\"},\"primaryImageOfPage\":{\"@id\":\"https:\/\/insulation.trocellen.com\/de\/nachhaltigkeit\/cam\/#primaryimage\"},\"image\":{\"@id\":\"https:\/\/insulation.trocellen.com\/de\/nachhaltigkeit\/cam\/#primaryimage\"},\"thumbnailUrl\":\"https:\/\/insulation.trocellen.com\/wp-content\/uploads\/sites\/6\/2023\/05\/CAM-fejlec.jpg\",\"datePublished\":\"2021-04-23T11:30:49+00:00\",\"dateModified\":\"2025-03-13T14:16:48+00:00\",\"description\":\"Mit den f\u00fcr die CAM-Nutzung geeigneten Produkten von Trocellen kann man bei \u00f6ffentlichen und privaten Bauprojekten in Italien Superbonus 110\u00a0% beantragen.\",\"breadcrumb\":{\"@id\":\"https:\/\/insulation.trocellen.com\/de\/nachhaltigkeit\/cam\/#breadcrumb\"},\"inLanguage\":\"de\",\"potentialAction\":[{\"@type\":\"ReadAction\",\"target\":[\"https:\/\/insulation.trocellen.com\/de\/nachhaltigkeit\/cam\/\"]}]},{\"@type\":\"ImageObject\",\"inLanguage\":\"de\",\"@id\":\"https:\/\/insulation.trocellen.com\/de\/nachhaltigkeit\/cam\/#primaryimage\",\"url\":\"https:\/\/insulation.trocellen.com\/wp-content\/uploads\/sites\/6\/2023\/05\/CAM-fejlec.jpg\",\"contentUrl\":\"https:\/\/insulation.trocellen.com\/wp-content\/uploads\/sites\/6\/2023\/05\/CAM-fejlec.jpg\",\"width\":1920,\"height\":300},{\"@type\":\"BreadcrumbList\",\"@id\":\"https:\/\/insulation.trocellen.com\/de\/nachhaltigkeit\/cam\/#breadcrumb\",\"itemListElement\":[{\"@type\":\"ListItem\",\"position\":1,\"name\":\"Home\",\"item\":\"https:\/\/insulation.trocellen.com\/de\/\"},{\"@type\":\"ListItem\",\"position\":2,\"name\":\"Nachhaltigkeit\",\"item\":\"https:\/\/insulation.trocellen.com\/de\/nachhaltigkeit\/\"},{\"@type\":\"ListItem\",\"position\":3,\"name\":\"CAM\"}]},{\"@type\":\"WebSite\",\"@id\":\"https:\/\/insulation.trocellen.com\/de\/#website\",\"url\":\"https:\/\/insulation.trocellen.com\/de\/\",\"name\":\"Trocellen Insulation\",\"description\":\"\",\"potentialAction\":[{\"@type\":\"SearchAction\",\"target\":{\"@type\":\"EntryPoint\",\"urlTemplate\":\"https:\/\/insulation.trocellen.com\/de\/?s={search_term_string}\"},\"query-input\":{\"@type\":\"PropertyValueSpecification\",\"valueRequired\":true,\"valueName\":\"search_term_string\"}}],\"inLanguage\":\"de\"}]}<\/script>\n<!-- \/ Yoast SEO plugin. -->","yoast_head_json":{"title":"CAM f\u00fcr Geb\u00e4ude und eine Reihe an Kriterien in Italien","description":"Mit den f\u00fcr die CAM-Nutzung geeigneten Produkten von Trocellen kann man bei \u00f6ffentlichen und privaten Bauprojekten in Italien Superbonus 110\u00a0% beantragen.","robots":{"index":"index","follow":"follow","max-snippet":"max-snippet:-1","max-image-preview":"max-image-preview:large","max-video-preview":"max-video-preview:-1"},"canonical":"https:\/\/insulation.trocellen.com\/de\/nachhaltigkeit\/cam\/","og_locale":"de_DE","og_type":"article","og_title":"CAM f\u00fcr Geb\u00e4ude und eine Reihe an Kriterien in Italien","og_description":"Mit den f\u00fcr die CAM-Nutzung geeigneten Produkten von Trocellen kann man bei \u00f6ffentlichen und privaten Bauprojekten in Italien Superbonus 110\u00a0% beantragen.","og_url":"https:\/\/insulation.trocellen.com\/de\/nachhaltigkeit\/cam\/","og_site_name":"Trocellen Insulation","article_modified_time":"2025-03-13T14:16:48+00:00","og_image":[{"width":1920,"height":300,"url":"https:\/\/insulation.trocellen.com\/wp-content\/uploads\/sites\/6\/2023\/05\/CAM-fejlec.jpg","type":"image\/jpeg"}],"twitter_card":"summary_large_image","twitter_misc":{"Gesch\u00e4tzte Lesezeit":"3\u00a0Minuten"},"schema":{"@context":"https:\/\/schema.org","@graph":[{"@type":"WebPage","@id":"https:\/\/insulation.trocellen.com\/de\/nachhaltigkeit\/cam\/","url":"https:\/\/insulation.trocellen.com\/de\/nachhaltigkeit\/cam\/","name":"CAM f\u00fcr Geb\u00e4ude und eine Reihe an Kriterien in Italien","isPartOf":{"@id":"https:\/\/insulation.trocellen.com\/de\/#website"},"primaryImageOfPage":{"@id":"https:\/\/insulation.trocellen.com\/de\/nachhaltigkeit\/cam\/#primaryimage"},"image":{"@id":"https:\/\/insulation.trocellen.com\/de\/nachhaltigkeit\/cam\/#primaryimage"},"thumbnailUrl":"https:\/\/insulation.trocellen.com\/wp-content\/uploads\/sites\/6\/2023\/05\/CAM-fejlec.jpg","datePublished":"2021-04-23T11:30:49+00:00","dateModified":"2025-03-13T14:16:48+00:00","description":"Mit den f\u00fcr die CAM-Nutzung geeigneten Produkten von Trocellen kann man bei \u00f6ffentlichen und privaten Bauprojekten in Italien Superbonus 110\u00a0% beantragen.","breadcrumb":{"@id":"https:\/\/insulation.trocellen.com\/de\/nachhaltigkeit\/cam\/#breadcrumb"},"inLanguage":"de","potentialAction":[{"@type":"ReadAction","target":["https:\/\/insulation.trocellen.com\/de\/nachhaltigkeit\/cam\/"]}]},{"@type":"ImageObject","inLanguage":"de","@id":"https:\/\/insulation.trocellen.com\/de\/nachhaltigkeit\/cam\/#primaryimage","url":"https:\/\/insulation.trocellen.com\/wp-content\/uploads\/sites\/6\/2023\/05\/CAM-fejlec.jpg","contentUrl":"https:\/\/insulation.trocellen.com\/wp-content\/uploads\/sites\/6\/2023\/05\/CAM-fejlec.jpg","width":1920,"height":300},{"@type":"BreadcrumbList","@id":"https:\/\/insulation.trocellen.com\/de\/nachhaltigkeit\/cam\/#breadcrumb","itemListElement":[{"@type":"ListItem","position":1,"name":"Home","item":"https:\/\/insulation.trocellen.com\/de\/"},{"@type":"ListItem","position":2,"name":"Nachhaltigkeit","item":"https:\/\/insulation.trocellen.com\/de\/nachhaltigkeit\/"},{"@type":"ListItem","position":3,"name":"CAM"}]},{"@type":"WebSite","@id":"https:\/\/insulation.trocellen.com\/de\/#website","url":"https:\/\/insulation.trocellen.com\/de\/","name":"Trocellen Insulation","description":"","potentialAction":[{"@type":"SearchAction","target":{"@type":"EntryPoint","urlTemplate":"https:\/\/insulation.trocellen.com\/de\/?s={search_term_string}"},"query-input":{"@type":"PropertyValueSpecification","valueRequired":true,"valueName":"search_term_string"}}],"inLanguage":"de"}]}},"_links":{"self":[{"href":"https:\/\/insulation.trocellen.com\/de\/wp-json\/wp\/v2\/pages\/5193","targetHints":{"allow":["GET"]}}],"collection":[{"href":"https:\/\/insulation.trocellen.com\/de\/wp-json\/wp\/v2\/pages"}],"about":[{"href":"https:\/\/insulation.trocellen.com\/de\/wp-json\/wp\/v2\/types\/page"}],"author":[{"embeddable":true,"href":"https:\/\/insulation.trocellen.com\/de\/wp-json\/wp\/v2\/users\/1"}],"replies":[{"embeddable":true,"href":"https:\/\/insulation.trocellen.com\/de\/wp-json\/wp\/v2\/comments?post=5193"}],"version-history":[{"count":8,"href":"https:\/\/insulation.trocellen.com\/de\/wp-json\/wp\/v2\/pages\/5193\/revisions"}],"predecessor-version":[{"id":11126,"href":"https:\/\/insulation.trocellen.com\/de\/wp-json\/wp\/v2\/pages\/5193\/revisions\/11126"}],"up":[{"embeddable":true,"href":"https:\/\/insulation.trocellen.com\/de\/wp-json\/wp\/v2\/pages\/5717"}],"wp:featuredmedia":[{"embeddable":true,"href":"https:\/\/insulation.trocellen.com\/de\/wp-json\/wp\/v2\/media\/8778"}],"wp:attachment":[{"href":"https:\/\/insulation.trocellen.com\/de\/wp-json\/wp\/v2\/media?parent=5193"}],"curies":[{"name":"wp","href":"https:\/\/api.w.org\/{rel}","templated":true}]}}