{"id":4941,"date":"2023-01-27T10:07:50","date_gmt":"2023-01-27T10:07:50","guid":{"rendered":"https:\/\/insulation-new.trocellen.com\/anwendungen\/trocellen-class-train\/"},"modified":"2024-04-09T12:08:51","modified_gmt":"2024-04-09T12:08:51","slug":"eisenbahn","status":"publish","type":"page","link":"https:\/\/insulation.trocellen.com\/de\/anwendungen\/eisenbahn\/","title":{"rendered":"Eisenbahn"},"content":{"rendered":"\n<p>TROCELLEN CLASS TRAIN ist die zertifizierte Produktserie f\u00fcr die Eisenbahnindustrie. Die Produkte bestehen aus geschlossenzelligem, chemisch vernetztem Polyethylenschaumstoff mit einseitig aufkaschierter Aluminiumfolie.<\/p>\n\n\n\n<p>Das Produkt ist als selbstklebende Rolle mit Dicken zwischen 3 und 40&nbsp;mm erh\u00e4ltlich.<\/p>\n\n\n\n<p>TROCELLEN CLASS TRAIN entspricht dem Anforderungsansatz R1 f\u00fcr HL3 gem\u00e4\u00df der Norm EN 45545-2 \u201eBrandschutz in Schienenfahrzeugen. Teil 2: Anforderungen an das Brandverhalten von Materialien und Komponenten\u201c.<\/p>\n\n\n\n<p>EN 45545 Normen geben die Anforderungen an die in Schienenfahrzeugen zu installierenden Materialien und Komponenten an und sollen den Schutz der Fahrg\u00e4ste und Mitarbeiter im Falle eines Feuers im Zug sicherstellen.<\/p>\n\n\n\n<p>Die oben genannten Normen beschreiben die Gef\u00e4hrdungsstufen eines Fahrzeuges (HL1, HL2, HL3 je nach erh\u00f6htem Risiko), als eine Kombination zweier Elemente: die Betriebsklasse (OC) und die Bauartklasse, die sich auf die Art des Schienenfahrzeugs bezieht.<\/p>\n\n\n\n<h3 class=\"wp-block-heading\">GEF\u00c4HRDUNGSSTUFEN<\/h3>\n\n\n<table class=\"green-table\" cellspacing=\"0\" cellpadding=\"0\" border=\"0\">\n<tbody>\n<tr>\n<th>&nbsp;<\/th>\n<th style=\"text-align: center\" colspan=\"4\"><strong> BAUARTKLASSEN<\/strong><\/th>\n<\/tr>\n<tr>\n<th style=\"text-align: center\">BETRIEBSKLASSEN (OC)<\/th>\n<th style=\"text-align: center\" valign=\"top\">N<br \/>Standardfahrzeuge<\/th>\n<th style=\"text-align: center\" valign=\"top\">A<br \/>Fahrzeuge, die teil eines automatischen zuges sind und kein f\u00fcr notf\u00e4lle geschultes personal an bord haben<\/th>\n<th style=\"text-align: center\" valign=\"top\"><strong>D<\/strong><br \/>Doppelstockfahrzeuge<\/th>\n<th style=\"text-align: center\" valign=\"top\"><strong>S<\/strong><br \/>Schlaf- und liegewagen<\/th>\n<\/tr>\n<tr>\n<td><strong>OC 1<\/strong> <br \/>Fahrzeuge f\u00fcr den Betrieb auf Strecken, auf denen Schienenfahrzeuge mit minimaler Verz\u00f6gerung angehalten werden k\u00f6nnen und wo stets sofort ein sicherer Bereich erreicht werden kann.<\/td>\n<td style=\"text-align: center\">HL1<\/td>\n<td style=\"text-align: center\">HL1<\/td>\n<td style=\"text-align: center\">HL1<\/td>\n<td style=\"text-align: center\">HL2<\/td>\n<\/tr>\n<tr>\n<td><strong>OC 2<\/strong> <br \/>Fahrzeuge f\u00fcr den Betrieb in Untergrundabschnitten, Tunneln und\/oder auf Hochlagen mit seitlich zug\u00e4nglichen Notausg\u00e4ngen und sicheren Bahnh\u00f6fen, welche die Fahrg\u00e4ste zu Fu\u00df in kurzer Zeit erreichen k\u00f6nnen.<\/td>\n<td style=\"text-align: center\">HL2<\/td>\n<td style=\"text-align: center\">HL2<\/td>\n<td style=\"text-align: center\">HL2<\/td>\n<td style=\"text-align: center\">HL2<\/td>\n<\/tr>\n<tr>\n<td><strong>OC 3<\/strong> <br \/>Fahrzeuge f\u00fcr den Betrieb in Untergrundabschnitten, Tunneln und\/oder auf Hochlagen mit seitlich zug\u00e4nglichen Notausg\u00e4ngen und sicheren Bahnh\u00f6fen, welche die Fahrg\u00e4ste zu Fu\u00df nach l\u00e4ngerer Zeit erreichen k\u00f6nnen.<\/td>\n<td style=\"text-align: center\">HL2<\/td>\n<td style=\"text-align: center\">HL2<\/td>\n<td style=\"text-align: center\">HL2<\/td>\n<td style=\"text-align: center\">HL3<\/td>\n<\/tr>\n<tr>\n<td><strong>OC 4<\/strong> <br \/>Fahrzeuge f\u00fcr den Betrieb in Untergrundabschnitten, Tunneln und\/oder auf Hochlagen ohne seitlich zug\u00e4ngliche Notausg\u00e4nge, mit sicheren Bahnh\u00f6fen, welche die Fahrg\u00e4ste zu Fu\u00df in kurzer Zeit erreichen k\u00f6nnen.<\/td>\n<td style=\"text-align: center\">HL3<\/td>\n<td style=\"text-align: center\">HL3<\/td>\n<td style=\"text-align: center\">HL3<\/td>\n<td style=\"text-align: center\">HL3<\/td>\n<\/tr>\n<\/tbody>\n<\/table>\n\n\n<p>Klassifizierung der Gef\u00e4hrdungsstufen gem\u00e4\u00df EN 45545-2<br>HL3 &gt; HL2 &gt; HL1<\/p>\n\n\n\n<p>Die Norm EN 45545-2 spezifiziert die 26 Anforderungen, die je nach Art des zu installierenden Produkts und seiner Lage innerhalb des Schienenfahrzeugs erf\u00fcllt werden m\u00fcssen: R1 ist die spezifische Anforderung f\u00fcr D\u00e4mmmaterialien.<\/p>\n\n\n\n<p>Die durchzuf\u00fchrenden Tests, die auszuwertenden Parameter und die zu erf\u00fcllenden Werte werden f\u00fcr jede Anforderung entsprechend den jeweiligen Gef\u00e4hrdungsstufen (von HL1 bis HL3) festgelegt.<\/p>\n\n\n\n<h3 class=\"wp-block-heading\">MATERIALANFORDERUNGEN F\u00dcR R1<\/h3>\n\n\n<table class=\"green-table\" cellspacing=\"0\" cellpadding=\"0\" border=\"0\">\n<tbody>\n<tr style=\"height: 48px\">\n<th style=\"height: 48px;text-align: center\"><strong>R1: <\/strong><\/th>\n<th style=\"height: 48px;text-align: center\">Test methode referenz<\/th>\n<th style=\"height: 48px;text-align: center\">Parameter und einheit<\/th>\n<th style=\"height: 48px;text-align: center\">Maximum oder minimum<\/th>\n<th style=\"height: 48px;text-align: center\"><strong>HL1<\/strong><\/th>\n<th style=\"height: 48px;text-align: center\"><strong>HL2<\/strong><\/th>\n<th style=\"height: 48px;text-align: center\"><strong>HL3<\/strong><\/th>\n<\/tr>\n<tr style=\"height: 58.4063px\">\n<td style=\"height: 401.406px\" rowspan=\"5\"><strong>IN11<\/strong> \u2013 Vertikale Innenfl\u00e4chen (W\u00e4nde, Trennw\u00e4nde, T\u00fcren, Fenster, D\u00e4mmmaterialien, K\u00fccheninnenfl\u00e4chen\u2026)<br \/><strong>IN1B<\/strong> \u2013 Horizontale, nach unten gerichtete Innenfl\u00e4chen (Deckenverkleidung, D\u00e4mmmaterialien\u2026)<br \/><strong>IN1D<\/strong> \u2013 Innenfl\u00e4chen innerhalb von Hohlr\u00e4umen (horizontal oder vertikal)<br \/><strong>IN1E<\/strong> \u2013 Au\u00dfenfl\u00e4chen von Geh\u00e4usen mit technischen Anlagen (im Inneren der Karosserie)<br \/><strong>IN4<\/strong> \u2013&nbsp;Bereiche zur Gep\u00e4ckaufbewahrung <br \/><strong>IN5<\/strong> \u2013 F\u00fchrerstand (Verkleidung und Oberfl\u00e4chen des F\u00fchrerstands)<br \/><strong>IN6A<\/strong> \u2013 Innenfl\u00e4chen von Wagen\u00fcberg\u00e4ngen (Innenseite der \u00dcbergangsmembran, Innenauskleidung des Wagen\u00fcbergangs)<br \/><strong>IN7 <\/strong>\u2013 Fensterrahmen (einschlie\u00dflich Dichtungen und Dichtmittel)<br \/><strong>IN8 <\/strong>\u2013 Vorh\u00e4nge und Sonnenblenden im Fahrgast- und Personalbereich und den Personalabteilen<br \/><strong>IN9B<\/strong> \u2013 Tische, nach unten gerichtete Fl\u00e4chen von Klapptischen<br \/><strong>IN11<\/strong> \u2013 M\u00fclleimer und Aschenbecher<br \/><strong>IN12A<\/strong> \u2013&nbsp;L\u00fcftungskan\u00e4le \u2013 Innenfl\u00e4chen <br \/><strong>IN12B<\/strong> \u2013 L\u00fcftungskan\u00e4le \u2013 Au\u00dfenfl\u00e4chen<br \/><strong>IN14 <\/strong>\u2013 Ger\u00e4te f\u00fcr Fahrgastinformationen (Informationsbildschirme im Fahrgastbereich)<br \/><strong>F5 <\/strong>\u2013 Fl\u00e4chen der Unterseite von Liegen und Betten<\/td>\n<td style=\"height: 58.4063px;text-align: center\">T02 <br \/>ISO 5658-2<\/td>\n<td style=\"height: 58.4063px;text-align: center\">CFE <br \/>kW\/m\u00b2<\/td>\n<td style=\"height: 58.4063px;text-align: center\">Minimum<\/td>\n<td style=\"height: 58.4063px;text-align: center\">20*<\/td>\n<td style=\"height: 58.4063px;text-align: center\">20*<\/td>\n<td style=\"height: 58.4063px;text-align: center\">20*<\/td>\n<\/tr>\n<tr style=\"height: 85px\">\n<td style=\"height: 85px;text-align: center\">T03.01 <br \/>ISO 5660-1: 50 kW\/m\u00b2<\/td>\n<td style=\"height: 85px;text-align: center\">MARHE <br \/>kW\/m\u00b2<\/td>\n<td style=\"height: 85px;text-align: center\">Maximum<\/td>\n<td style=\"height: 85px;text-align: center\">\u2013 *<\/td>\n<td style=\"height: 85px;text-align: center\">90<\/td>\n<td style=\"height: 85px;text-align: center\">60<\/td>\n<\/tr>\n<tr style=\"height: 86px\">\n<td style=\"height: 86px;text-align: center\">T10.01 <br \/>EN ISO 5659-2: <br \/>50 kW\/m\u00b2<\/td>\n<td style=\"height: 86px;text-align: center\">Ds(4) <br \/>adimensional<\/td>\n<td style=\"height: 86px;text-align: center\">Maximum<\/td>\n<td style=\"height: 86px;text-align: center\">600<\/td>\n<td style=\"height: 86px;text-align: center\">300<\/td>\n<td style=\"height: 86px;text-align: center\">150<\/td>\n<\/tr>\n<tr style=\"height: 86px\">\n<td style=\"height: 86px;text-align: center\">T10.02 <br \/>EN ISO 5659-2: <br \/>50 kW\/m\u00b2<\/td>\n<td style=\"height: 86px;text-align: center\">VOF4 min<\/td>\n<td style=\"height: 86px;text-align: center\">Maximum<\/td>\n<td style=\"height: 86px;text-align: center\">1.200<\/td>\n<td style=\"height: 86px;text-align: center\">600<\/td>\n<td style=\"height: 86px;text-align: center\">300<\/td>\n<\/tr>\n<tr style=\"height: 86px\">\n<td style=\"height: 86px;text-align: center\">T11.01 <br \/>EN ISO 5659-2: <br \/>50 kW\/m\u00b2<\/td>\n<td style=\"height: 86px;text-align: center\">CITG <br \/>adimensional<\/td>\n<td style=\"height: 86px;text-align: center\">Maximum<\/td>\n<td style=\"height: 86px;text-align: center\">1,2<\/td>\n<td style=\"height: 86px;text-align: center\">0,9<\/td>\n<td style=\"height: 86px;text-align: center\">0,75<\/td>\n<\/tr>\n<\/tbody>\n<\/table>\n\n\n<p>* Werden w\u00e4hrend der Pr\u00fcfung gem\u00e4\u00df ISO 5658-2 oder f\u00fcr den Sonderfall von nicht entz\u00fcndlichen Materialien, die dar\u00fcber hinaus als nicht klassifizierbar angegeben werden, flammende Tropfen\/Partikel gemeldet, sind folgende Anforderungen hinzuzuf\u00fcgen: Pr\u00fcfung gem\u00e4\u00df Anforderungen der EN ISO 11925-2 mit 30&nbsp;s Beflammung<\/p>\n\n\n\n<p>Die Abnahmeanforderungen sind:<\/p>\n\n\n\n<p>\u2013 Flammenausbreitung &lt;150 mm innerhalb von 60&nbsp;s<br>\u2013 keine brennenden Tropfen\/Partikel<\/p>\n\n\n\n<h3 class=\"wp-block-heading\">EIGENSCHAFTEN<\/h3>\n\n\n\n<p>TROCELLEN CLASS TRAIN ist die ideale L\u00f6sung f\u00fcr die W\u00e4rmed\u00e4mmung von Schienenfahrzeugen.<\/p>\n\n\n\n<p>Eigenschaften und Vorteile:<\/p>\n\n\n\n<ul class=\"wp-block-list\">\n<li>aus langlebigem, geschlossenzelligem Polyethylenschaumstoff;<\/li>\n\n\n\n<li>sehr gutes Brandverhalten;<\/li>\n\n\n\n<li>klassifiziert nach R1 f\u00fcr HL3 gem\u00e4\u00df EN 45545-2 und erf\u00fcllt damit die h\u00f6chsten Anforderungen<\/li>\n\n\n\n<li>geeignet f\u00fcr die Installation in jeder Schienenfahrzeugkategorie, selbst in Schlaf- und Liegewagen;<\/li>\n\n\n\n<li>gute W\u00e4rmeleitf\u00e4higkeit (\u03bb bei 0 C\u00b0: 0,038 W\/mK)<\/li>\n\n\n\n<li>konstanter D\u00e4mmwert*;<\/li>\n\n\n\n<li>geschlossenzellig zur Hemmung der Wasseraufnahme;<\/li>\n\n\n\n<li>sauber, nicht toxisch, resistent gegen\u00fcber Schimmel und Bakterien, geruchlos<\/li>\n\n\n\n<li>hohe Flexibilit\u00e4t zur Anpassung an spitze Winkel, hohe Robustheit.<\/li>\n\n\n\n<li>wirtschaftlich.<\/li>\n<\/ul>\n\n\n\n<p><code>*TROCELLEN<\/code>-Produkte weisen bei Tests nach 23 Jahren immer noch denselben D\u00e4mmwert auf. Pr\u00fcfberichte sind auf Anfrage erh\u00e4ltlich.<\/p>\n\n\n<table class=\"green-table\" cellspacing=\"0\" cellpadding=\"0\" border=\"0\">\n<tbody>\n<tr>\n<th style=\"text-align: center\" colspan=\"4\">TECHNISCHE DATEN<\/th>\n<\/tr>\n<tr>\n<th style=\"text-align: center\">Technische eigenschaften<\/th>\n<th style=\"text-align: center\"><strong>Norm<\/strong><\/th>\n<th style=\"text-align: center\">Einheit<\/th>\n<th style=\"text-align: center\">Trocellen class train alu selbstklebend<\/th>\n<\/tr>\n<tr>\n<td>Brandverhalten<\/td>\n<td style=\"text-align: center\">EN 45545-2<\/td>\n<td style=\"text-align: center\">\u2013<\/td>\n<td style=\"text-align: center\">R1 HL3<\/td>\n<\/tr>\n<tr>\n<td>W\u00e4rmeleitkoeffizient bei 0\u00b0C(l-Werte)<\/td>\n<td style=\"text-align: center\">EN 12667<\/td>\n<td style=\"text-align: center\">W\/mK <br \/>kcal\/mh\u00b0C<\/td>\n<td style=\"text-align: center\">0,038<br \/>0,032<\/td>\n<\/tr>\n<tr>\n<td>W\u00e4rmeleitkoeffizient bei 23 \u00b0C (l-Werte)<\/td>\n<td style=\"text-align: center\">EN 12667<\/td>\n<td style=\"text-align: center\">W\/mK <br \/>kcal\/mh\u00b0C<\/td>\n<td style=\"text-align: center\">0,040 <br \/>0,034<\/td>\n<\/tr>\n<tr>\n<td>W\u00e4rmeleitkoeffizient bei 40 \u00b0C (l-Werte)<\/td>\n<td style=\"text-align: center\">EN 12667<\/td>\n<td style=\"text-align: center\">W\/mK <br \/>kcal\/mh\u00b0C<\/td>\n<td style=\"text-align: center\">0,042 <br \/>0,036<\/td>\n<\/tr>\n<tr>\n<td>Wasser dampf diffusions wider standszahl (\u00b5)<\/td>\n<td style=\"text-align: center\">EN 10456<\/td>\n<td style=\"text-align: center\">\u2013<\/td>\n<td style=\"text-align: center\">\u2265 15000<\/td>\n<\/tr>\n<tr>\n<td>Dichte(PE)<\/td>\n<td style=\"text-align: center\">EN ISO 845<\/td>\n<td style=\"text-align: center\">kg\/m\u00b3<\/td>\n<td style=\"text-align: center\">30<\/td>\n<\/tr>\n<tr>\n<td>Dicke<\/td>\n<td style=\"text-align: center\">EN ISO 1923<\/td>\n<td style=\"text-align: center\">mm<\/td>\n<td style=\"text-align: center\">von 3 bis 40 (siehe Basisspezifikationen)<\/td>\n<\/tr>\n<tr>\n<td>Farbe<\/td>\n<td style=\"text-align: center\">Spez. BASIS<\/td>\n<td style=\"text-align: center\">\u2013<\/td>\n<td style=\"text-align: center\">hellblau + Aluminiumfolie<\/td>\n<\/tr>\n<tr>\n<td>Druckspannung bei 25%<\/td>\n<td style=\"text-align: center\">EN ISO 3386\/1<\/td>\n<td style=\"text-align: center\">kPa<\/td>\n<td style=\"text-align: center\">35<\/td>\n<\/tr>\n<tr>\n<td>Druckspannung bei 50%<\/td>\n<td style=\"text-align: center\">EN ISO 3386\/1<\/td>\n<td style=\"text-align: center\">kPa<\/td>\n<td style=\"text-align: center\">95<\/td>\n<\/tr>\n<tr>\n<td>Wasseraufnahme nach 28 Tagen<\/td>\n<td style=\"text-align: center\">ISO 2896<\/td>\n<td style=\"text-align: center\">Vol.%<\/td>\n<td style=\"text-align: center\">&lt;3<\/td>\n<\/tr>\n<tr>\n<td>Dimensionsstabilit\u00e4t (&lt; 5 %)<\/td>\n<td style=\"text-align: center\">ISO 2796<\/td>\n<td style=\"text-align: center\">\u00b0C<\/td>\n<td style=\"text-align: center\">100<\/td>\n<\/tr>\n<tr>\n<td>Maximaler Betriebstemperaturbereich<\/td>\n<td style=\"text-align: center\">&nbsp;<\/td>\n<td style=\"text-align: center\">\u00b0C<\/td>\n<td style=\"text-align: center\">-80\u00f7 +100<\/td>\n<\/tr>\n<tr>\n<td>Maximaler Betriebstemperaturbereich unter mechanischer Belastung<\/td>\n<td style=\"text-align: center\">&nbsp;<\/td>\n<td style=\"text-align: center\">\u00b0C<\/td>\n<td style=\"text-align: center\">-40\u00f7 +100<\/td>\n<\/tr>\n<\/tbody>\n<\/table>\n\n\n<h2 class=\"wp-block-heading\">SPEZIFIKATIONEN<\/h2>\n\n\n\n<h3 class=\"wp-block-heading has-text-color\" style=\"color:#4ea346;font-size:26px\"><strong>TROCELLEN CLASS TRAIN ALU SELBSTKLEBEND<\/strong><\/h3>\n\n\n\n<p>Chemisch vernetzter, geschlossenzelliger Polyethylenschaumstoff, Dichte 30 kg\/m<sup>3<\/sup>, hellblau, auf einer Seite mit einer Klebeschicht versehen, auf der anderen Seite mit aufkaschierter glatter Aluminiumfolie.<\/p>\n\n\n\n<p>F\u00fcr die W\u00e4rmed\u00e4mmung von Schienenfahrzeugen mit hervorragender Brandschutzklassifizierung.<\/p>\n\n\n\n<ul class=\"wp-block-list\">\n<li>Brandverhalten: klassifiziert nach R1 f\u00fcr HL3 gem\u00e4\u00df EN 45545-2<\/li>\n\n\n\n<li>W\u00e4rmeleitkoeffizient bei 0 \u00b0C (\u03bb) = 0,038 W\/mK<\/li>\n\n\n\n<li>Wasserdampfdiffusionswiderstandszahl (\u03bc) \u2265 15000<\/li>\n<\/ul>\n","protected":false},"excerpt":{"rendered":"<p>TROCELLEN CLASS TRAIN ist die zertifizierte Produktserie f\u00fcr die Eisenbahnindustrie. Die Produkte bestehen aus geschlossenzelligem, chemisch vernetztem Polyethylenschaumstoff mit einseitig aufkaschierter Aluminiumfolie. Das Produkt ist als selbstklebende Rolle mit Dicken zwischen 3 und 40&nbsp;mm erh\u00e4ltlich. TROCELLEN CLASS TRAIN entspricht dem Anforderungsansatz R1 f\u00fcr HL3 gem\u00e4\u00df der Norm EN 45545-2 \u201eBrandschutz in Schienenfahrzeugen. Teil 2: Anforderungen [&hellip;]<\/p>\n","protected":false},"author":1,"featured_media":8875,"parent":4853,"menu_order":670,"comment_status":"closed","ping_status":"closed","template":"templates\/marine-train-application.php","meta":{"_acf_changed":false,"footnotes":""},"class_list":["post-4941","page","type-page","status-publish","has-post-thumbnail","hentry"],"acf":[],"yoast_head":"<!-- This site is optimized with the Yoast SEO plugin v23.5 - https:\/\/yoast.com\/wordpress\/plugins\/seo\/ -->\n<title>TROCELLEN CLASS TRAIN \u2013 zertifizierte Produkte f\u00fcr Z\u00fcge.<\/title>\n<meta name=\"description\" content=\"TROCELLEN CLASS TRAIN ist die ideale L\u00f6sung f\u00fcr die W\u00e4rmed\u00e4mmung von Schienenfahrzeugen. Hervorragende Brandschutzeigenschaften, zertifiziert f\u00fcr R1 HL3.\" \/>\n<meta name=\"robots\" content=\"index, follow, max-snippet:-1, max-image-preview:large, max-video-preview:-1\" \/>\n<link rel=\"canonical\" href=\"https:\/\/insulation.trocellen.com\/de\/anwendungen\/eisenbahn\/\" \/>\n<meta property=\"og:locale\" content=\"de_DE\" \/>\n<meta property=\"og:type\" content=\"article\" \/>\n<meta property=\"og:title\" content=\"TROCELLEN CLASS TRAIN \u2013 zertifizierte Produkte f\u00fcr Z\u00fcge.\" \/>\n<meta property=\"og:description\" content=\"TROCELLEN CLASS TRAIN ist die ideale L\u00f6sung f\u00fcr die W\u00e4rmed\u00e4mmung von Schienenfahrzeugen. Hervorragende Brandschutzeigenschaften, zertifiziert f\u00fcr R1 HL3.\" \/>\n<meta property=\"og:url\" content=\"https:\/\/insulation.trocellen.com\/de\/anwendungen\/eisenbahn\/\" \/>\n<meta property=\"og:site_name\" content=\"Trocellen Insulation\" \/>\n<meta property=\"article:modified_time\" content=\"2024-04-09T12:08:51+00:00\" \/>\n<meta property=\"og:image\" content=\"https:\/\/insulation.trocellen.com\/wp-content\/uploads\/sites\/6\/2023\/05\/train-fejlec.jpg\" \/>\n\t<meta property=\"og:image:width\" content=\"1920\" \/>\n\t<meta property=\"og:image:height\" content=\"300\" \/>\n\t<meta property=\"og:image:type\" content=\"image\/jpeg\" \/>\n<meta name=\"twitter:card\" content=\"summary_large_image\" \/>\n<meta name=\"twitter:label1\" content=\"Gesch\u00e4tzte Lesezeit\" \/>\n\t<meta name=\"twitter:data1\" content=\"4\u00a0Minuten\" \/>\n<script type=\"application\/ld+json\" class=\"yoast-schema-graph\">{\"@context\":\"https:\/\/schema.org\",\"@graph\":[{\"@type\":\"WebPage\",\"@id\":\"https:\/\/insulation.trocellen.com\/de\/anwendungen\/eisenbahn\/\",\"url\":\"https:\/\/insulation.trocellen.com\/de\/anwendungen\/eisenbahn\/\",\"name\":\"TROCELLEN CLASS TRAIN \u2013 zertifizierte Produkte f\u00fcr Z\u00fcge.\",\"isPartOf\":{\"@id\":\"https:\/\/insulation.trocellen.com\/de\/#website\"},\"primaryImageOfPage\":{\"@id\":\"https:\/\/insulation.trocellen.com\/de\/anwendungen\/eisenbahn\/#primaryimage\"},\"image\":{\"@id\":\"https:\/\/insulation.trocellen.com\/de\/anwendungen\/eisenbahn\/#primaryimage\"},\"thumbnailUrl\":\"https:\/\/insulation.trocellen.com\/wp-content\/uploads\/sites\/6\/2023\/05\/train-fejlec.jpg\",\"datePublished\":\"2023-01-27T10:07:50+00:00\",\"dateModified\":\"2024-04-09T12:08:51+00:00\",\"description\":\"TROCELLEN CLASS TRAIN ist die ideale L\u00f6sung f\u00fcr die W\u00e4rmed\u00e4mmung von Schienenfahrzeugen. Hervorragende Brandschutzeigenschaften, zertifiziert f\u00fcr R1 HL3.\",\"breadcrumb\":{\"@id\":\"https:\/\/insulation.trocellen.com\/de\/anwendungen\/eisenbahn\/#breadcrumb\"},\"inLanguage\":\"de\",\"potentialAction\":[{\"@type\":\"ReadAction\",\"target\":[\"https:\/\/insulation.trocellen.com\/de\/anwendungen\/eisenbahn\/\"]}]},{\"@type\":\"ImageObject\",\"inLanguage\":\"de\",\"@id\":\"https:\/\/insulation.trocellen.com\/de\/anwendungen\/eisenbahn\/#primaryimage\",\"url\":\"https:\/\/insulation.trocellen.com\/wp-content\/uploads\/sites\/6\/2023\/05\/train-fejlec.jpg\",\"contentUrl\":\"https:\/\/insulation.trocellen.com\/wp-content\/uploads\/sites\/6\/2023\/05\/train-fejlec.jpg\",\"width\":1920,\"height\":300},{\"@type\":\"BreadcrumbList\",\"@id\":\"https:\/\/insulation.trocellen.com\/de\/anwendungen\/eisenbahn\/#breadcrumb\",\"itemListElement\":[{\"@type\":\"ListItem\",\"position\":1,\"name\":\"Home\",\"item\":\"https:\/\/insulation.trocellen.com\/de\/\"},{\"@type\":\"ListItem\",\"position\":2,\"name\":\"Anwendungen\",\"item\":\"https:\/\/insulation.trocellen.com\/de\/anwendungen\/\"},{\"@type\":\"ListItem\",\"position\":3,\"name\":\"Eisenbahn\"}]},{\"@type\":\"WebSite\",\"@id\":\"https:\/\/insulation.trocellen.com\/de\/#website\",\"url\":\"https:\/\/insulation.trocellen.com\/de\/\",\"name\":\"Trocellen Insulation\",\"description\":\"\",\"potentialAction\":[{\"@type\":\"SearchAction\",\"target\":{\"@type\":\"EntryPoint\",\"urlTemplate\":\"https:\/\/insulation.trocellen.com\/de\/?s={search_term_string}\"},\"query-input\":{\"@type\":\"PropertyValueSpecification\",\"valueRequired\":true,\"valueName\":\"search_term_string\"}}],\"inLanguage\":\"de\"}]}<\/script>\n<!-- \/ Yoast SEO plugin. -->","yoast_head_json":{"title":"TROCELLEN CLASS TRAIN \u2013 zertifizierte Produkte f\u00fcr Z\u00fcge.","description":"TROCELLEN CLASS TRAIN ist die ideale L\u00f6sung f\u00fcr die W\u00e4rmed\u00e4mmung von Schienenfahrzeugen. Hervorragende Brandschutzeigenschaften, zertifiziert f\u00fcr R1 HL3.","robots":{"index":"index","follow":"follow","max-snippet":"max-snippet:-1","max-image-preview":"max-image-preview:large","max-video-preview":"max-video-preview:-1"},"canonical":"https:\/\/insulation.trocellen.com\/de\/anwendungen\/eisenbahn\/","og_locale":"de_DE","og_type":"article","og_title":"TROCELLEN CLASS TRAIN \u2013 zertifizierte Produkte f\u00fcr Z\u00fcge.","og_description":"TROCELLEN CLASS TRAIN ist die ideale L\u00f6sung f\u00fcr die W\u00e4rmed\u00e4mmung von Schienenfahrzeugen. Hervorragende Brandschutzeigenschaften, zertifiziert f\u00fcr R1 HL3.","og_url":"https:\/\/insulation.trocellen.com\/de\/anwendungen\/eisenbahn\/","og_site_name":"Trocellen Insulation","article_modified_time":"2024-04-09T12:08:51+00:00","og_image":[{"width":1920,"height":300,"url":"https:\/\/insulation.trocellen.com\/wp-content\/uploads\/sites\/6\/2023\/05\/train-fejlec.jpg","type":"image\/jpeg"}],"twitter_card":"summary_large_image","twitter_misc":{"Gesch\u00e4tzte Lesezeit":"4\u00a0Minuten"},"schema":{"@context":"https:\/\/schema.org","@graph":[{"@type":"WebPage","@id":"https:\/\/insulation.trocellen.com\/de\/anwendungen\/eisenbahn\/","url":"https:\/\/insulation.trocellen.com\/de\/anwendungen\/eisenbahn\/","name":"TROCELLEN CLASS TRAIN \u2013 zertifizierte Produkte f\u00fcr Z\u00fcge.","isPartOf":{"@id":"https:\/\/insulation.trocellen.com\/de\/#website"},"primaryImageOfPage":{"@id":"https:\/\/insulation.trocellen.com\/de\/anwendungen\/eisenbahn\/#primaryimage"},"image":{"@id":"https:\/\/insulation.trocellen.com\/de\/anwendungen\/eisenbahn\/#primaryimage"},"thumbnailUrl":"https:\/\/insulation.trocellen.com\/wp-content\/uploads\/sites\/6\/2023\/05\/train-fejlec.jpg","datePublished":"2023-01-27T10:07:50+00:00","dateModified":"2024-04-09T12:08:51+00:00","description":"TROCELLEN CLASS TRAIN ist die ideale L\u00f6sung f\u00fcr die W\u00e4rmed\u00e4mmung von Schienenfahrzeugen. Hervorragende Brandschutzeigenschaften, zertifiziert f\u00fcr R1 HL3.","breadcrumb":{"@id":"https:\/\/insulation.trocellen.com\/de\/anwendungen\/eisenbahn\/#breadcrumb"},"inLanguage":"de","potentialAction":[{"@type":"ReadAction","target":["https:\/\/insulation.trocellen.com\/de\/anwendungen\/eisenbahn\/"]}]},{"@type":"ImageObject","inLanguage":"de","@id":"https:\/\/insulation.trocellen.com\/de\/anwendungen\/eisenbahn\/#primaryimage","url":"https:\/\/insulation.trocellen.com\/wp-content\/uploads\/sites\/6\/2023\/05\/train-fejlec.jpg","contentUrl":"https:\/\/insulation.trocellen.com\/wp-content\/uploads\/sites\/6\/2023\/05\/train-fejlec.jpg","width":1920,"height":300},{"@type":"BreadcrumbList","@id":"https:\/\/insulation.trocellen.com\/de\/anwendungen\/eisenbahn\/#breadcrumb","itemListElement":[{"@type":"ListItem","position":1,"name":"Home","item":"https:\/\/insulation.trocellen.com\/de\/"},{"@type":"ListItem","position":2,"name":"Anwendungen","item":"https:\/\/insulation.trocellen.com\/de\/anwendungen\/"},{"@type":"ListItem","position":3,"name":"Eisenbahn"}]},{"@type":"WebSite","@id":"https:\/\/insulation.trocellen.com\/de\/#website","url":"https:\/\/insulation.trocellen.com\/de\/","name":"Trocellen Insulation","description":"","potentialAction":[{"@type":"SearchAction","target":{"@type":"EntryPoint","urlTemplate":"https:\/\/insulation.trocellen.com\/de\/?s={search_term_string}"},"query-input":{"@type":"PropertyValueSpecification","valueRequired":true,"valueName":"search_term_string"}}],"inLanguage":"de"}]}},"_links":{"self":[{"href":"https:\/\/insulation.trocellen.com\/de\/wp-json\/wp\/v2\/pages\/4941","targetHints":{"allow":["GET"]}}],"collection":[{"href":"https:\/\/insulation.trocellen.com\/de\/wp-json\/wp\/v2\/pages"}],"about":[{"href":"https:\/\/insulation.trocellen.com\/de\/wp-json\/wp\/v2\/types\/page"}],"author":[{"embeddable":true,"href":"https:\/\/insulation.trocellen.com\/de\/wp-json\/wp\/v2\/users\/1"}],"replies":[{"embeddable":true,"href":"https:\/\/insulation.trocellen.com\/de\/wp-json\/wp\/v2\/comments?post=4941"}],"version-history":[{"count":5,"href":"https:\/\/insulation.trocellen.com\/de\/wp-json\/wp\/v2\/pages\/4941\/revisions"}],"predecessor-version":[{"id":10785,"href":"https:\/\/insulation.trocellen.com\/de\/wp-json\/wp\/v2\/pages\/4941\/revisions\/10785"}],"up":[{"embeddable":true,"href":"https:\/\/insulation.trocellen.com\/de\/wp-json\/wp\/v2\/pages\/4853"}],"wp:featuredmedia":[{"embeddable":true,"href":"https:\/\/insulation.trocellen.com\/de\/wp-json\/wp\/v2\/media\/8875"}],"wp:attachment":[{"href":"https:\/\/insulation.trocellen.com\/de\/wp-json\/wp\/v2\/media?parent=4941"}],"curies":[{"name":"wp","href":"https:\/\/api.w.org\/{rel}","templated":true}]}}