{"id":4915,"date":"2023-01-27T10:01:24","date_gmt":"2023-01-27T10:01:24","guid":{"rendered":"https:\/\/insulation-new.trocellen.com\/anwendungen\/marine\/"},"modified":"2024-04-08T11:59:37","modified_gmt":"2024-04-08T11:59:37","slug":"marine","status":"publish","type":"page","link":"https:\/\/insulation.trocellen.com\/de\/anwendungen\/marine\/","title":{"rendered":"Marine"},"content":{"rendered":"\n<h3 class=\"wp-block-heading has-text-align-center has-text-color\" style=\"color:#216c83\">Navycell\u00ae<\/h3>\n\n\n\n<p>Navycell\u00ae ist ein hellblaues Isolierungsprodukt aus geschlossenzelligem, chemisch vernetztem Polyethylenschaumstoff. Es ist auf einer Seite mit einer 20&nbsp;\u03bcm-d\u00fcnnen, glatten Aluminiumfolie laminiert und auf der anderen Seite mit einer selbstklebenden Folie beschichtet.<\/p>\n\n\n\n<p>Da es eigens f\u00fcr den Einsatz in Anwendungsbereichen, mit besonderen Sicherheitsanforderungen, wie z.&nbsp;B. im Schifffahrtssektor, entwickelt wurde, erf\u00fcllt navycell\u00ae alle Anforderungen der neuesten europ\u00e4ischen Richtlinie \u00fcber Schiffsausr\u00fcstung \u2013 \u201eRichtlinie 2014\/90\/EU des Rates\u201c (Marine Equipment Directive \u2013 MED) \u2013 und der EU-Verordnung 2018\/773. Daher ist das Material auch mit einer 0987\/MED-B\/836-Bescheinigung zertifiziert und mit dem symbolisierten Steuerrad (\u201ewheelmark\u201c) gekennzeichnet.<\/p>\n\n\n\n<p>Durch die MED-Kennzeichnung wird best\u00e4tigt, dass Qualit\u00e4t und Sicherheit des Produkts in zweifacher Hinsicht sichergestellt sind:<\/p>\n\n\n\n<ul class=\"wp-block-list\">\n<li>das Produkt ist gem\u00e4\u00df den Brandschutzverordnungen zertifiziert (Modul B \u2013 EG-Baumusterpr\u00fcfbescheinigungen).<\/li>\n\n\n\n<li>die Produktionsqualit\u00e4t des Herstellers wird durch ein externes von der IMO akkreditiertes Labor gepr\u00fcft und freigegeben (Modul D \u2013 Produktionsqualit\u00e4tssicherung)<\/li>\n<\/ul>\n\n\n<table class=\"green-table\" cellspacing=\"0\" cellpadding=\"0\" border=\"0\">\n<tbody>\n<tr>\n<th style=\"text-align: center\" colspan=\"4\">TECHNISCHE DATEN<\/th>\n<\/tr>\n<tr>\n<th style=\"text-align: center\">TECHNISCHE EIGENSCHAFTEN<\/th>\n<th style=\"text-align: center\"><strong>NORM<\/strong><\/th>\n<th style=\"text-align: center\">EINHEIT<\/th>\n<th style=\"text-align: center\"><strong>NAVYCELL\u00ae<\/strong><\/th>\n<\/tr>\n<tr>\n<td>MED-Kennzeichnung<\/td>\n<td>Richtl. 2014\/90\/EU<\/td>\n<td>\u2013<\/td>\n<td>MED\/3.18d<\/td>\n<\/tr>\n<tr>\n<td>W\u00e4rmeleitf\u00e4higkeit bei 0\u00b0C (\u03bb-Wert)<\/td>\n<td>EN 12667<\/td>\n<td>W\/mK<br \/>Kcal\/mh\u00b0C<\/td>\n<td>0,037<br \/>0,032<\/td>\n<\/tr>\n<tr>\n<td>W\u00e4rmeleitf\u00e4higkeit bei 23\u00b0C (\u03bb-Wert)<\/td>\n<td>EN 12667<\/td>\n<td>W\/mK<br \/>Kcal\/mh\u00b0C<\/td>\n<td>0,040<br \/>0,034<\/td>\n<\/tr>\n<tr>\n<td>W\u00e4rmeleitf\u00e4higkeit bei 40\u00b0C (\u03bb-Wert)<\/td>\n<td>EN 12667<\/td>\n<td>W\/mK<br \/>Kcal\/mh\u00b0C<\/td>\n<td>0,042<br \/>0,036<\/td>\n<\/tr>\n<tr>\n<td>Wasser dampf diffusions wider stands koeffizient<\/td>\n<td>EN 10546<\/td>\n<td>\u2013<\/td>\n<td>\u226515000<\/td>\n<\/tr>\n<tr>\n<td>Dichte<\/td>\n<td>EN ISO 845<\/td>\n<td>Kg\/m3<\/td>\n<td>30<\/td>\n<\/tr>\n<tr>\n<td>Dicke<\/td>\n<td>EN ISO 1923<\/td>\n<td>mm<\/td>\n<td>von 3 bis 32 (siehe Basisspezifikationen)<\/td>\n<\/tr>\n<tr>\n<td>Farbe<\/td>\n<td>Spez. BASE<\/td>\n<td>\u2013<\/td>\n<td>hellblau + Aluminiumfolie<\/td>\n<\/tr>\n<tr>\n<td>Druckspannung bei 25 %<\/td>\n<td>EN ISO 3386\/1<\/td>\n<td>kPa<\/td>\n<td>35<\/td>\n<\/tr>\n<tr>\n<td>Druckspannung bei 50%<\/td>\n<td>EN ISO 3386\/1<\/td>\n<td>kPa<\/td>\n<td>95<\/td>\n<\/tr>\n<tr>\n<td>Wasseraufnahme nach 28 Tagen<\/td>\n<td>ISO 2896<\/td>\n<td>Vol%<\/td>\n<td>&lt;3<\/td>\n<\/tr>\n<tr>\n<td>Thermische Stabilit\u00e4t (&lt; 5 %)<\/td>\n<td>ISO 2796<\/td>\n<td>\u00b0C<\/td>\n<td>95<\/td>\n<\/tr>\n<tr>\n<td>Maximaler Betriebstemperaturbereich<\/td>\n<td>&nbsp;<\/td>\n<td>\u00b0C<\/td>\n<td>-80 \u00f7 +95<\/td>\n<\/tr>\n<tr>\n<td>Maximaler Betriebstemperaturbereich unter mechanischer Belastung<\/td>\n<td>&nbsp;<\/td>\n<td>\u00b0C<\/td>\n<td>-40 \u00f7 +95<\/td>\n<\/tr>\n<\/tbody>\n<\/table>\n\n\n<h3 class=\"wp-block-heading\">NUTZUNG AN BORD<\/h3>\n\n\n\n<ul class=\"wp-block-list\">\n<li>Isolierung von Luftkan\u00e4len<\/li>\n\n\n\n<li>Kaltwasserleitungen<\/li>\n\n\n\n<li>K\u00fchlsysteme auf dem Schiff<\/li>\n\n\n\n<li>K\u00fchlr\u00e4ume<\/li>\n<\/ul>\n","protected":false},"excerpt":{"rendered":"<p>Navycell\u00ae Navycell\u00ae ist ein hellblaues Isolierungsprodukt aus geschlossenzelligem, chemisch vernetztem Polyethylenschaumstoff. Es ist auf einer Seite mit einer 20&nbsp;\u03bcm-d\u00fcnnen, glatten Aluminiumfolie laminiert und auf der anderen Seite mit einer selbstklebenden Folie beschichtet. Da es eigens f\u00fcr den Einsatz in Anwendungsbereichen, mit besonderen Sicherheitsanforderungen, wie z.&nbsp;B. im Schifffahrtssektor, entwickelt wurde, erf\u00fcllt navycell\u00ae alle Anforderungen der neuesten [&hellip;]<\/p>\n","protected":false},"author":1,"featured_media":8869,"parent":4853,"menu_order":650,"comment_status":"closed","ping_status":"closed","template":"templates\/marine-train-application.php","meta":{"_acf_changed":false,"footnotes":""},"class_list":["post-4915","page","type-page","status-publish","has-post-thumbnail","hentry"],"acf":[],"yoast_head":"<!-- This site is optimized with the Yoast SEO plugin v23.5 - https:\/\/yoast.com\/wordpress\/plugins\/seo\/ -->\n<title>Navycell\u00ae ist eine hellblaue Isolierung f\u00fcr die Schifffahrt.<\/title>\n<meta name=\"description\" content=\"Navycell wurde gem\u00e4\u00df den speziellen Sicherheitsstandards in der Schifffahrt entwickelt. Die 3-lagige Isolierung entspricht in allem der EU-Richtlinie.\" \/>\n<meta name=\"robots\" content=\"index, follow, max-snippet:-1, max-image-preview:large, max-video-preview:-1\" \/>\n<link rel=\"canonical\" href=\"https:\/\/insulation.trocellen.com\/de\/anwendungen\/marine\/\" \/>\n<meta property=\"og:locale\" content=\"de_DE\" \/>\n<meta property=\"og:type\" content=\"article\" \/>\n<meta property=\"og:title\" content=\"Navycell\u00ae ist eine hellblaue Isolierung f\u00fcr die Schifffahrt.\" \/>\n<meta property=\"og:description\" content=\"Navycell wurde gem\u00e4\u00df den speziellen Sicherheitsstandards in der Schifffahrt entwickelt. Die 3-lagige Isolierung entspricht in allem der EU-Richtlinie.\" \/>\n<meta property=\"og:url\" content=\"https:\/\/insulation.trocellen.com\/de\/anwendungen\/marine\/\" \/>\n<meta property=\"og:site_name\" content=\"Trocellen Insulation\" \/>\n<meta property=\"article:modified_time\" content=\"2024-04-08T11:59:37+00:00\" \/>\n<meta property=\"og:image\" content=\"https:\/\/insulation.trocellen.com\/wp-content\/uploads\/sites\/6\/2023\/05\/Marine-fejlec.jpg\" \/>\n\t<meta property=\"og:image:width\" content=\"1920\" \/>\n\t<meta property=\"og:image:height\" content=\"300\" \/>\n\t<meta property=\"og:image:type\" content=\"image\/jpeg\" \/>\n<meta name=\"twitter:card\" content=\"summary_large_image\" \/>\n<meta name=\"twitter:label1\" content=\"Gesch\u00e4tzte Lesezeit\" \/>\n\t<meta name=\"twitter:data1\" content=\"2\u00a0Minuten\" \/>\n<script type=\"application\/ld+json\" class=\"yoast-schema-graph\">{\"@context\":\"https:\/\/schema.org\",\"@graph\":[{\"@type\":\"WebPage\",\"@id\":\"https:\/\/insulation.trocellen.com\/de\/anwendungen\/marine\/\",\"url\":\"https:\/\/insulation.trocellen.com\/de\/anwendungen\/marine\/\",\"name\":\"Navycell\u00ae ist eine hellblaue Isolierung f\u00fcr die Schifffahrt.\",\"isPartOf\":{\"@id\":\"https:\/\/insulation.trocellen.com\/de\/#website\"},\"primaryImageOfPage\":{\"@id\":\"https:\/\/insulation.trocellen.com\/de\/anwendungen\/marine\/#primaryimage\"},\"image\":{\"@id\":\"https:\/\/insulation.trocellen.com\/de\/anwendungen\/marine\/#primaryimage\"},\"thumbnailUrl\":\"https:\/\/insulation.trocellen.com\/wp-content\/uploads\/sites\/6\/2023\/05\/Marine-fejlec.jpg\",\"datePublished\":\"2023-01-27T10:01:24+00:00\",\"dateModified\":\"2024-04-08T11:59:37+00:00\",\"description\":\"Navycell wurde gem\u00e4\u00df den speziellen Sicherheitsstandards in der Schifffahrt entwickelt. Die 3-lagige Isolierung entspricht in allem der EU-Richtlinie.\",\"breadcrumb\":{\"@id\":\"https:\/\/insulation.trocellen.com\/de\/anwendungen\/marine\/#breadcrumb\"},\"inLanguage\":\"de\",\"potentialAction\":[{\"@type\":\"ReadAction\",\"target\":[\"https:\/\/insulation.trocellen.com\/de\/anwendungen\/marine\/\"]}]},{\"@type\":\"ImageObject\",\"inLanguage\":\"de\",\"@id\":\"https:\/\/insulation.trocellen.com\/de\/anwendungen\/marine\/#primaryimage\",\"url\":\"https:\/\/insulation.trocellen.com\/wp-content\/uploads\/sites\/6\/2023\/05\/Marine-fejlec.jpg\",\"contentUrl\":\"https:\/\/insulation.trocellen.com\/wp-content\/uploads\/sites\/6\/2023\/05\/Marine-fejlec.jpg\",\"width\":1920,\"height\":300},{\"@type\":\"BreadcrumbList\",\"@id\":\"https:\/\/insulation.trocellen.com\/de\/anwendungen\/marine\/#breadcrumb\",\"itemListElement\":[{\"@type\":\"ListItem\",\"position\":1,\"name\":\"Home\",\"item\":\"https:\/\/insulation.trocellen.com\/de\/\"},{\"@type\":\"ListItem\",\"position\":2,\"name\":\"Anwendungen\",\"item\":\"https:\/\/insulation.trocellen.com\/de\/anwendungen\/\"},{\"@type\":\"ListItem\",\"position\":3,\"name\":\"Marine\"}]},{\"@type\":\"WebSite\",\"@id\":\"https:\/\/insulation.trocellen.com\/de\/#website\",\"url\":\"https:\/\/insulation.trocellen.com\/de\/\",\"name\":\"Trocellen Insulation\",\"description\":\"\",\"potentialAction\":[{\"@type\":\"SearchAction\",\"target\":{\"@type\":\"EntryPoint\",\"urlTemplate\":\"https:\/\/insulation.trocellen.com\/de\/?s={search_term_string}\"},\"query-input\":{\"@type\":\"PropertyValueSpecification\",\"valueRequired\":true,\"valueName\":\"search_term_string\"}}],\"inLanguage\":\"de\"}]}<\/script>\n<!-- \/ Yoast SEO plugin. -->","yoast_head_json":{"title":"Navycell\u00ae ist eine hellblaue Isolierung f\u00fcr die Schifffahrt.","description":"Navycell wurde gem\u00e4\u00df den speziellen Sicherheitsstandards in der Schifffahrt entwickelt. Die 3-lagige Isolierung entspricht in allem der EU-Richtlinie.","robots":{"index":"index","follow":"follow","max-snippet":"max-snippet:-1","max-image-preview":"max-image-preview:large","max-video-preview":"max-video-preview:-1"},"canonical":"https:\/\/insulation.trocellen.com\/de\/anwendungen\/marine\/","og_locale":"de_DE","og_type":"article","og_title":"Navycell\u00ae ist eine hellblaue Isolierung f\u00fcr die Schifffahrt.","og_description":"Navycell wurde gem\u00e4\u00df den speziellen Sicherheitsstandards in der Schifffahrt entwickelt. Die 3-lagige Isolierung entspricht in allem der EU-Richtlinie.","og_url":"https:\/\/insulation.trocellen.com\/de\/anwendungen\/marine\/","og_site_name":"Trocellen Insulation","article_modified_time":"2024-04-08T11:59:37+00:00","og_image":[{"width":1920,"height":300,"url":"https:\/\/insulation.trocellen.com\/wp-content\/uploads\/sites\/6\/2023\/05\/Marine-fejlec.jpg","type":"image\/jpeg"}],"twitter_card":"summary_large_image","twitter_misc":{"Gesch\u00e4tzte Lesezeit":"2\u00a0Minuten"},"schema":{"@context":"https:\/\/schema.org","@graph":[{"@type":"WebPage","@id":"https:\/\/insulation.trocellen.com\/de\/anwendungen\/marine\/","url":"https:\/\/insulation.trocellen.com\/de\/anwendungen\/marine\/","name":"Navycell\u00ae ist eine hellblaue Isolierung f\u00fcr die Schifffahrt.","isPartOf":{"@id":"https:\/\/insulation.trocellen.com\/de\/#website"},"primaryImageOfPage":{"@id":"https:\/\/insulation.trocellen.com\/de\/anwendungen\/marine\/#primaryimage"},"image":{"@id":"https:\/\/insulation.trocellen.com\/de\/anwendungen\/marine\/#primaryimage"},"thumbnailUrl":"https:\/\/insulation.trocellen.com\/wp-content\/uploads\/sites\/6\/2023\/05\/Marine-fejlec.jpg","datePublished":"2023-01-27T10:01:24+00:00","dateModified":"2024-04-08T11:59:37+00:00","description":"Navycell wurde gem\u00e4\u00df den speziellen Sicherheitsstandards in der Schifffahrt entwickelt. Die 3-lagige Isolierung entspricht in allem der EU-Richtlinie.","breadcrumb":{"@id":"https:\/\/insulation.trocellen.com\/de\/anwendungen\/marine\/#breadcrumb"},"inLanguage":"de","potentialAction":[{"@type":"ReadAction","target":["https:\/\/insulation.trocellen.com\/de\/anwendungen\/marine\/"]}]},{"@type":"ImageObject","inLanguage":"de","@id":"https:\/\/insulation.trocellen.com\/de\/anwendungen\/marine\/#primaryimage","url":"https:\/\/insulation.trocellen.com\/wp-content\/uploads\/sites\/6\/2023\/05\/Marine-fejlec.jpg","contentUrl":"https:\/\/insulation.trocellen.com\/wp-content\/uploads\/sites\/6\/2023\/05\/Marine-fejlec.jpg","width":1920,"height":300},{"@type":"BreadcrumbList","@id":"https:\/\/insulation.trocellen.com\/de\/anwendungen\/marine\/#breadcrumb","itemListElement":[{"@type":"ListItem","position":1,"name":"Home","item":"https:\/\/insulation.trocellen.com\/de\/"},{"@type":"ListItem","position":2,"name":"Anwendungen","item":"https:\/\/insulation.trocellen.com\/de\/anwendungen\/"},{"@type":"ListItem","position":3,"name":"Marine"}]},{"@type":"WebSite","@id":"https:\/\/insulation.trocellen.com\/de\/#website","url":"https:\/\/insulation.trocellen.com\/de\/","name":"Trocellen Insulation","description":"","potentialAction":[{"@type":"SearchAction","target":{"@type":"EntryPoint","urlTemplate":"https:\/\/insulation.trocellen.com\/de\/?s={search_term_string}"},"query-input":{"@type":"PropertyValueSpecification","valueRequired":true,"valueName":"search_term_string"}}],"inLanguage":"de"}]}},"_links":{"self":[{"href":"https:\/\/insulation.trocellen.com\/de\/wp-json\/wp\/v2\/pages\/4915","targetHints":{"allow":["GET"]}}],"collection":[{"href":"https:\/\/insulation.trocellen.com\/de\/wp-json\/wp\/v2\/pages"}],"about":[{"href":"https:\/\/insulation.trocellen.com\/de\/wp-json\/wp\/v2\/types\/page"}],"author":[{"embeddable":true,"href":"https:\/\/insulation.trocellen.com\/de\/wp-json\/wp\/v2\/users\/1"}],"replies":[{"embeddable":true,"href":"https:\/\/insulation.trocellen.com\/de\/wp-json\/wp\/v2\/comments?post=4915"}],"version-history":[{"count":5,"href":"https:\/\/insulation.trocellen.com\/de\/wp-json\/wp\/v2\/pages\/4915\/revisions"}],"predecessor-version":[{"id":10738,"href":"https:\/\/insulation.trocellen.com\/de\/wp-json\/wp\/v2\/pages\/4915\/revisions\/10738"}],"up":[{"embeddable":true,"href":"https:\/\/insulation.trocellen.com\/de\/wp-json\/wp\/v2\/pages\/4853"}],"wp:featuredmedia":[{"embeddable":true,"href":"https:\/\/insulation.trocellen.com\/de\/wp-json\/wp\/v2\/media\/8869"}],"wp:attachment":[{"href":"https:\/\/insulation.trocellen.com\/de\/wp-json\/wp\/v2\/media?parent=4915"}],"curies":[{"name":"wp","href":"https:\/\/api.w.org\/{rel}","templated":true}]}}