{"id":4528,"date":"2022-02-03T08:05:43","date_gmt":"2022-02-03T08:05:43","guid":{"rendered":"https:\/\/insulation-new.trocellen.com\/trocellen-fernwarmeisolation\/"},"modified":"2023-07-10T12:17:23","modified_gmt":"2023-07-10T12:17:23","slug":"trocellen-fernwarmeisolation","status":"publish","type":"page","link":"https:\/\/insulation.trocellen.com\/de\/anwendungen\/fernwarme\/trocellen-fernwarmeisolation\/","title":{"rendered":"TROCELLEN Fernw\u00e4rmeisolation"},"content":{"rendered":"\n<figure class=\"wp-block-image\"><img decoding=\"async\" src=\"https:\/\/insulation.trocellen.com\/wp-content\/uploads\/sites\/6\/2022\/02\/DHP-pipes.jpg\" alt=\"\" class=\"wp-image-3174\"\/><\/figure>\n\n\n\n<p>Dehnungspolster sind die richtige L\u00f6sung, um Verschiebungen an Fernw\u00e4rmerohrleitungen aufgrund von thermischen Ausdehnungen auszugleichen, insbesondere bei B\u00f6gen, Abzweigen oder \u00e4hnlichen Komponenten.<\/p>\n\n\n\n<h2 class=\"wp-block-heading\">Anwendung: <\/h2>\n\n\n\n<p>Das Dehnungspolster wird an den Au\u00dfen- und Innenb\u00f6gen der Rohrbiegungen angebracht. Zum Abschluss der Anwendung sch\u00fctzen Sie das Dehnungspolster mit 5 mm starken Kaschierstreifen.<\/p>\n\n\n<div class=\"wp-block-image\">\n<figure class=\"alignright\"><a href=\"https:\/\/insulation.trocellen.com\/wp-content\/uploads\/sites\/6\/2022\/02\/characteristics-large.jpg\"><img decoding=\"async\" src=\"https:\/\/insulation.trocellen.com\/wp-content\/uploads\/sites\/6\/2022\/02\/characteristics.jpg\" alt=\"\" class=\"wp-image-3158\"\/><\/a><\/figure>\n<\/div>\n\n\n<h2 class=\"wp-block-heading\">Eigenschaften und Vorteile:<\/h2>\n\n\n\n<ul class=\"wp-block-list\">\n<li>hergestellt aus chemisch vernetztem PE-Schaumstoff<\/li>\n\n\n\n<li>hohe W\u00e4rmetoleranz im Bereich von -40 \u00b0C \/ +95 \u00b0C<\/li>\n\n\n\n<li>umweltfreundlich: halogenfrei, enth\u00e4lt keine wasserl\u00f6slichen Schadstoffe wie Freone, Chloride oder Schwermetalle (Pb,Cd,Cr)<\/li>\n\n\n\n<li>AGFW-Verband: mittelsteife Unterlage nach AGFW-Norm, 10%-0,01 Nmm2 und 50% 0,062 Nmm2<\/li>\n\n\n\n<li>Zertifizierung nach der neuen EN 13941-1:2019, Klassifizierung Typ 2 mittlere Ausf\u00fchrung.<\/li>\n\n\n\n<li>Gekennzeichnete R\u00fcckseite des Produktes nach EN 13941.<\/li>\n<\/ul>\n\n\n\n<p>EN 13941 \/ AGFW-FW401 \/ XLPE Schaumstoff \/ umweltfreundlich \/ Unempfindlich gegen Druck<\/p>\n\n\n\n<figure class=\"wp-block-table\"><table><tbody><tr><td><img loading=\"lazy\" decoding=\"async\" class=\"size-full wp-image-3182 alignleft\" src=\"https:\/\/insulation.trocellen.com\/wp-content\/uploads\/sites\/6\/2022\/02\/DSC06666_ok.jpg\" alt=\"\" width=\"285\" height=\"231\"><\/td><td><img loading=\"lazy\" decoding=\"async\" class=\"size-full wp-image-3181 alignleft\" src=\"https:\/\/insulation.trocellen.com\/wp-content\/uploads\/sites\/6\/2022\/02\/DSC06662_ok.jpg\" alt=\"\" width=\"282\" height=\"265\"><\/td><\/tr><\/tbody><\/table><\/figure>\n","protected":false},"excerpt":{"rendered":"<p>Dehnungspolster sind die richtige L\u00f6sung, um Verschiebungen an Fernw\u00e4rmerohrleitungen aufgrund von thermischen Ausdehnungen auszugleichen, insbesondere bei B\u00f6gen, Abzweigen oder \u00e4hnlichen Komponenten. Anwendung: Das Dehnungspolster wird an den Au\u00dfen- und Innenb\u00f6gen der Rohrbiegungen angebracht. Zum Abschluss der Anwendung sch\u00fctzen Sie das Dehnungspolster mit 5 mm starken Kaschierstreifen. Eigenschaften und Vorteile: EN 13941 \/ AGFW-FW401 \/ XLPE [&hellip;]<\/p>\n","protected":false},"author":1,"featured_media":8921,"parent":4534,"menu_order":100,"comment_status":"closed","ping_status":"closed","template":"templates\/applications.php","meta":{"_acf_changed":false,"footnotes":""},"class_list":["post-4528","page","type-page","status-publish","has-post-thumbnail","hentry"],"acf":[],"yoast_head":"<!-- This site is optimized with the Yoast SEO plugin v23.5 - https:\/\/yoast.com\/wordpress\/plugins\/seo\/ -->\n<title>Trocellen-L\u00f6sung f\u00fcr Probleme bei Fernw\u00e4rmeinstallationen<\/title>\n<meta name=\"description\" content=\"Trocellen-Dehnungspolster dienen dazu, Verschiebungen an Fernw\u00e4rmerohrleitungen durch thermische Ausdehnungen auszugleichen, z. B. an B\u00f6gen, Abzweigen o.\u00e4.\" \/>\n<meta name=\"robots\" content=\"index, follow, max-snippet:-1, max-image-preview:large, max-video-preview:-1\" \/>\n<link rel=\"canonical\" href=\"https:\/\/insulation.trocellen.com\/de\/anwendungen\/fernwarme\/trocellen-fernwarmeisolation\/\" \/>\n<meta property=\"og:locale\" content=\"de_DE\" \/>\n<meta property=\"og:type\" content=\"article\" \/>\n<meta property=\"og:title\" content=\"Trocellen-L\u00f6sung f\u00fcr Probleme bei Fernw\u00e4rmeinstallationen\" \/>\n<meta property=\"og:description\" content=\"Trocellen-Dehnungspolster dienen dazu, Verschiebungen an Fernw\u00e4rmerohrleitungen durch thermische Ausdehnungen auszugleichen, z. B. an B\u00f6gen, Abzweigen o.\u00e4.\" \/>\n<meta property=\"og:url\" content=\"https:\/\/insulation.trocellen.com\/de\/anwendungen\/fernwarme\/trocellen-fernwarmeisolation\/\" \/>\n<meta property=\"og:site_name\" content=\"Trocellen Insulation\" \/>\n<meta property=\"article:modified_time\" content=\"2023-07-10T12:17:23+00:00\" \/>\n<meta property=\"og:image\" content=\"https:\/\/insulation.trocellen.com\/wp-content\/uploads\/sites\/6\/2023\/05\/DHP-fejlec.jpg\" \/>\n\t<meta property=\"og:image:width\" content=\"1920\" \/>\n\t<meta property=\"og:image:height\" content=\"300\" \/>\n\t<meta property=\"og:image:type\" content=\"image\/jpeg\" \/>\n<meta name=\"twitter:card\" content=\"summary_large_image\" \/>\n<meta name=\"twitter:label1\" content=\"Gesch\u00e4tzte Lesezeit\" \/>\n\t<meta name=\"twitter:data1\" content=\"2\u00a0Minuten\" \/>\n<script type=\"application\/ld+json\" class=\"yoast-schema-graph\">{\"@context\":\"https:\/\/schema.org\",\"@graph\":[{\"@type\":\"WebPage\",\"@id\":\"https:\/\/insulation.trocellen.com\/de\/anwendungen\/fernwarme\/trocellen-fernwarmeisolation\/\",\"url\":\"https:\/\/insulation.trocellen.com\/de\/anwendungen\/fernwarme\/trocellen-fernwarmeisolation\/\",\"name\":\"Trocellen-L\u00f6sung f\u00fcr Probleme bei Fernw\u00e4rmeinstallationen\",\"isPartOf\":{\"@id\":\"https:\/\/insulation.trocellen.com\/de\/#website\"},\"primaryImageOfPage\":{\"@id\":\"https:\/\/insulation.trocellen.com\/de\/anwendungen\/fernwarme\/trocellen-fernwarmeisolation\/#primaryimage\"},\"image\":{\"@id\":\"https:\/\/insulation.trocellen.com\/de\/anwendungen\/fernwarme\/trocellen-fernwarmeisolation\/#primaryimage\"},\"thumbnailUrl\":\"https:\/\/insulation.trocellen.com\/wp-content\/uploads\/sites\/6\/2023\/05\/DHP-fejlec.jpg\",\"datePublished\":\"2022-02-03T08:05:43+00:00\",\"dateModified\":\"2023-07-10T12:17:23+00:00\",\"description\":\"Trocellen-Dehnungspolster dienen dazu, Verschiebungen an Fernw\u00e4rmerohrleitungen durch thermische Ausdehnungen auszugleichen, z. B. an B\u00f6gen, Abzweigen o.\u00e4.\",\"breadcrumb\":{\"@id\":\"https:\/\/insulation.trocellen.com\/de\/anwendungen\/fernwarme\/trocellen-fernwarmeisolation\/#breadcrumb\"},\"inLanguage\":\"de\",\"potentialAction\":[{\"@type\":\"ReadAction\",\"target\":[\"https:\/\/insulation.trocellen.com\/de\/anwendungen\/fernwarme\/trocellen-fernwarmeisolation\/\"]}]},{\"@type\":\"ImageObject\",\"inLanguage\":\"de\",\"@id\":\"https:\/\/insulation.trocellen.com\/de\/anwendungen\/fernwarme\/trocellen-fernwarmeisolation\/#primaryimage\",\"url\":\"https:\/\/insulation.trocellen.com\/wp-content\/uploads\/sites\/6\/2023\/05\/DHP-fejlec.jpg\",\"contentUrl\":\"https:\/\/insulation.trocellen.com\/wp-content\/uploads\/sites\/6\/2023\/05\/DHP-fejlec.jpg\",\"width\":1920,\"height\":300},{\"@type\":\"BreadcrumbList\",\"@id\":\"https:\/\/insulation.trocellen.com\/de\/anwendungen\/fernwarme\/trocellen-fernwarmeisolation\/#breadcrumb\",\"itemListElement\":[{\"@type\":\"ListItem\",\"position\":1,\"name\":\"Home\",\"item\":\"https:\/\/insulation.trocellen.com\/de\/\"},{\"@type\":\"ListItem\",\"position\":2,\"name\":\"Anwendungen\",\"item\":\"https:\/\/insulation.trocellen.com\/de\/anwendungen\/\"},{\"@type\":\"ListItem\",\"position\":3,\"name\":\"Fernw\u00e4rme\",\"item\":\"https:\/\/insulation.trocellen.com\/de\/anwendungen\/fernwarme\/\"},{\"@type\":\"ListItem\",\"position\":4,\"name\":\"TROCELLEN Fernw\u00e4rmeisolation\"}]},{\"@type\":\"WebSite\",\"@id\":\"https:\/\/insulation.trocellen.com\/de\/#website\",\"url\":\"https:\/\/insulation.trocellen.com\/de\/\",\"name\":\"Trocellen Insulation\",\"description\":\"\",\"potentialAction\":[{\"@type\":\"SearchAction\",\"target\":{\"@type\":\"EntryPoint\",\"urlTemplate\":\"https:\/\/insulation.trocellen.com\/de\/?s={search_term_string}\"},\"query-input\":{\"@type\":\"PropertyValueSpecification\",\"valueRequired\":true,\"valueName\":\"search_term_string\"}}],\"inLanguage\":\"de\"}]}<\/script>\n<!-- \/ Yoast SEO plugin. -->","yoast_head_json":{"title":"Trocellen-L\u00f6sung f\u00fcr Probleme bei Fernw\u00e4rmeinstallationen","description":"Trocellen-Dehnungspolster dienen dazu, Verschiebungen an Fernw\u00e4rmerohrleitungen durch thermische Ausdehnungen auszugleichen, z. B. an B\u00f6gen, Abzweigen o.\u00e4.","robots":{"index":"index","follow":"follow","max-snippet":"max-snippet:-1","max-image-preview":"max-image-preview:large","max-video-preview":"max-video-preview:-1"},"canonical":"https:\/\/insulation.trocellen.com\/de\/anwendungen\/fernwarme\/trocellen-fernwarmeisolation\/","og_locale":"de_DE","og_type":"article","og_title":"Trocellen-L\u00f6sung f\u00fcr Probleme bei Fernw\u00e4rmeinstallationen","og_description":"Trocellen-Dehnungspolster dienen dazu, Verschiebungen an Fernw\u00e4rmerohrleitungen durch thermische Ausdehnungen auszugleichen, z. B. an B\u00f6gen, Abzweigen o.\u00e4.","og_url":"https:\/\/insulation.trocellen.com\/de\/anwendungen\/fernwarme\/trocellen-fernwarmeisolation\/","og_site_name":"Trocellen Insulation","article_modified_time":"2023-07-10T12:17:23+00:00","og_image":[{"width":1920,"height":300,"url":"https:\/\/insulation.trocellen.com\/wp-content\/uploads\/sites\/6\/2023\/05\/DHP-fejlec.jpg","type":"image\/jpeg"}],"twitter_card":"summary_large_image","twitter_misc":{"Gesch\u00e4tzte Lesezeit":"2\u00a0Minuten"},"schema":{"@context":"https:\/\/schema.org","@graph":[{"@type":"WebPage","@id":"https:\/\/insulation.trocellen.com\/de\/anwendungen\/fernwarme\/trocellen-fernwarmeisolation\/","url":"https:\/\/insulation.trocellen.com\/de\/anwendungen\/fernwarme\/trocellen-fernwarmeisolation\/","name":"Trocellen-L\u00f6sung f\u00fcr Probleme bei Fernw\u00e4rmeinstallationen","isPartOf":{"@id":"https:\/\/insulation.trocellen.com\/de\/#website"},"primaryImageOfPage":{"@id":"https:\/\/insulation.trocellen.com\/de\/anwendungen\/fernwarme\/trocellen-fernwarmeisolation\/#primaryimage"},"image":{"@id":"https:\/\/insulation.trocellen.com\/de\/anwendungen\/fernwarme\/trocellen-fernwarmeisolation\/#primaryimage"},"thumbnailUrl":"https:\/\/insulation.trocellen.com\/wp-content\/uploads\/sites\/6\/2023\/05\/DHP-fejlec.jpg","datePublished":"2022-02-03T08:05:43+00:00","dateModified":"2023-07-10T12:17:23+00:00","description":"Trocellen-Dehnungspolster dienen dazu, Verschiebungen an Fernw\u00e4rmerohrleitungen durch thermische Ausdehnungen auszugleichen, z. B. an B\u00f6gen, Abzweigen o.\u00e4.","breadcrumb":{"@id":"https:\/\/insulation.trocellen.com\/de\/anwendungen\/fernwarme\/trocellen-fernwarmeisolation\/#breadcrumb"},"inLanguage":"de","potentialAction":[{"@type":"ReadAction","target":["https:\/\/insulation.trocellen.com\/de\/anwendungen\/fernwarme\/trocellen-fernwarmeisolation\/"]}]},{"@type":"ImageObject","inLanguage":"de","@id":"https:\/\/insulation.trocellen.com\/de\/anwendungen\/fernwarme\/trocellen-fernwarmeisolation\/#primaryimage","url":"https:\/\/insulation.trocellen.com\/wp-content\/uploads\/sites\/6\/2023\/05\/DHP-fejlec.jpg","contentUrl":"https:\/\/insulation.trocellen.com\/wp-content\/uploads\/sites\/6\/2023\/05\/DHP-fejlec.jpg","width":1920,"height":300},{"@type":"BreadcrumbList","@id":"https:\/\/insulation.trocellen.com\/de\/anwendungen\/fernwarme\/trocellen-fernwarmeisolation\/#breadcrumb","itemListElement":[{"@type":"ListItem","position":1,"name":"Home","item":"https:\/\/insulation.trocellen.com\/de\/"},{"@type":"ListItem","position":2,"name":"Anwendungen","item":"https:\/\/insulation.trocellen.com\/de\/anwendungen\/"},{"@type":"ListItem","position":3,"name":"Fernw\u00e4rme","item":"https:\/\/insulation.trocellen.com\/de\/anwendungen\/fernwarme\/"},{"@type":"ListItem","position":4,"name":"TROCELLEN Fernw\u00e4rmeisolation"}]},{"@type":"WebSite","@id":"https:\/\/insulation.trocellen.com\/de\/#website","url":"https:\/\/insulation.trocellen.com\/de\/","name":"Trocellen Insulation","description":"","potentialAction":[{"@type":"SearchAction","target":{"@type":"EntryPoint","urlTemplate":"https:\/\/insulation.trocellen.com\/de\/?s={search_term_string}"},"query-input":{"@type":"PropertyValueSpecification","valueRequired":true,"valueName":"search_term_string"}}],"inLanguage":"de"}]}},"_links":{"self":[{"href":"https:\/\/insulation.trocellen.com\/de\/wp-json\/wp\/v2\/pages\/4528","targetHints":{"allow":["GET"]}}],"collection":[{"href":"https:\/\/insulation.trocellen.com\/de\/wp-json\/wp\/v2\/pages"}],"about":[{"href":"https:\/\/insulation.trocellen.com\/de\/wp-json\/wp\/v2\/types\/page"}],"author":[{"embeddable":true,"href":"https:\/\/insulation.trocellen.com\/de\/wp-json\/wp\/v2\/users\/1"}],"replies":[{"embeddable":true,"href":"https:\/\/insulation.trocellen.com\/de\/wp-json\/wp\/v2\/comments?post=4528"}],"version-history":[{"count":3,"href":"https:\/\/insulation.trocellen.com\/de\/wp-json\/wp\/v2\/pages\/4528\/revisions"}],"predecessor-version":[{"id":9831,"href":"https:\/\/insulation.trocellen.com\/de\/wp-json\/wp\/v2\/pages\/4528\/revisions\/9831"}],"up":[{"embeddable":true,"href":"https:\/\/insulation.trocellen.com\/de\/wp-json\/wp\/v2\/pages\/4534"}],"wp:featuredmedia":[{"embeddable":true,"href":"https:\/\/insulation.trocellen.com\/de\/wp-json\/wp\/v2\/media\/8921"}],"wp:attachment":[{"href":"https:\/\/insulation.trocellen.com\/de\/wp-json\/wp\/v2\/media?parent=4528"}],"curies":[{"name":"wp","href":"https:\/\/api.w.org\/{rel}","templated":true}]}}