{"id":4522,"date":"2021-10-29T08:41:06","date_gmt":"2021-10-29T08:41:06","guid":{"rendered":"https:\/\/insulation-new.trocellen.com\/trocellen-berechnungssoftware-2\/"},"modified":"2023-12-13T08:26:10","modified_gmt":"2023-12-13T08:26:10","slug":"trocellen-berechnungssoftware","status":"publish","type":"page","link":"https:\/\/insulation.trocellen.com\/de\/werkzeuge\/trocellen-berechnungssoftware\/","title":{"rendered":"Trocellen Berechnungssoftware"},"content":{"rendered":"\n<h2 class=\"wp-block-heading\">Trocellen Software zur Berechnung der W\u00e4rmed\u00e4mmung.<\/h2>\n\n\n\n<p>Das ist die wahrscheinlich einfachste und zuverl\u00e4ssigste Methode zur Berechnung der Isolationsanforderungen Ihrer Projekte. Mit dem professionellen und anwenderfreundlichen Tool k\u00f6nnen Sie Folgendes berechnen:<\/p>\n\n\n\n<ul class=\"wp-block-list\">\n<li>Thermische Verlustleistung<\/li>\n\n\n\n<li>Temperaturabnahme<\/li>\n\n\n\n<li>M\u00f6gliche Kondensation und M\u00f6glichkeiten zur Vermeidung<\/li>\n\n\n\n<li>Notwendige Dicke der thermischen Isolation<\/li>\n<\/ul>\n\n\n\n<div class=\"wp-block-buttons is-content-justification-center is-layout-flex wp-container-core-buttons-is-layout-16018d1d wp-block-buttons-is-layout-flex\">\n<div class=\"wp-block-button large\"><a class=\"wp-block-button__link wp-element-button\" href=\"https:\/\/go.insulation.trocellen.com\/trocellen-calculation-software\/\">Klicken Sie hier, um die Berechnung zu starten!<\/a><\/div>\n<\/div>\n","protected":false},"excerpt":{"rendered":"<p>Trocellen Software zur Berechnung der W\u00e4rmed\u00e4mmung. Das ist die wahrscheinlich einfachste und zuverl\u00e4ssigste Methode zur Berechnung der Isolationsanforderungen Ihrer Projekte. Mit dem professionellen und anwenderfreundlichen Tool k\u00f6nnen Sie Folgendes berechnen:<\/p>\n","protected":false},"author":1,"featured_media":9398,"parent":4426,"menu_order":100,"comment_status":"closed","ping_status":"closed","template":"","meta":{"_acf_changed":false,"footnotes":""},"class_list":["post-4522","page","type-page","status-publish","has-post-thumbnail","hentry"],"acf":[],"yoast_head":"<!-- This site is optimized with the Yoast SEO plugin v23.5 - https:\/\/yoast.com\/wordpress\/plugins\/seo\/ -->\n<title>Trocellen-Thermal-Rechner kostenlos nutzen!<\/title>\n<meta name=\"description\" content=\"Die wahrscheinlich einfachste und zuverl\u00e4ssigste Methode zur Berechnung des D\u00e4mmungsbedarfs f\u00fcr Ihr Projekt.\" \/>\n<meta name=\"robots\" content=\"index, follow, max-snippet:-1, max-image-preview:large, max-video-preview:-1\" \/>\n<link rel=\"canonical\" href=\"https:\/\/insulation.trocellen.com\/de\/werkzeuge\/trocellen-berechnungssoftware\/\" \/>\n<meta property=\"og:locale\" content=\"de_DE\" \/>\n<meta property=\"og:type\" content=\"article\" \/>\n<meta property=\"og:title\" content=\"Trocellen-Thermal-Rechner kostenlos nutzen!\" \/>\n<meta property=\"og:description\" content=\"Die wahrscheinlich einfachste und zuverl\u00e4ssigste Methode zur Berechnung des D\u00e4mmungsbedarfs f\u00fcr Ihr Projekt.\" \/>\n<meta property=\"og:url\" content=\"https:\/\/insulation.trocellen.com\/de\/werkzeuge\/trocellen-berechnungssoftware\/\" \/>\n<meta property=\"og:site_name\" content=\"Trocellen Insulation\" \/>\n<meta property=\"article:modified_time\" content=\"2023-12-13T08:26:10+00:00\" \/>\n<meta property=\"og:image\" content=\"https:\/\/insulation.trocellen.com\/wp-content\/uploads\/sites\/6\/2023\/06\/fejlec-calc-softwr.jpg\" \/>\n\t<meta property=\"og:image:width\" content=\"1920\" \/>\n\t<meta property=\"og:image:height\" content=\"300\" \/>\n\t<meta property=\"og:image:type\" content=\"image\/jpeg\" \/>\n<meta name=\"twitter:card\" content=\"summary_large_image\" \/>\n<meta name=\"twitter:label1\" content=\"Gesch\u00e4tzte Lesezeit\" \/>\n\t<meta name=\"twitter:data1\" content=\"1\u00a0Minute\" \/>\n<script type=\"application\/ld+json\" class=\"yoast-schema-graph\">{\"@context\":\"https:\/\/schema.org\",\"@graph\":[{\"@type\":\"WebPage\",\"@id\":\"https:\/\/insulation.trocellen.com\/de\/werkzeuge\/trocellen-berechnungssoftware\/\",\"url\":\"https:\/\/insulation.trocellen.com\/de\/werkzeuge\/trocellen-berechnungssoftware\/\",\"name\":\"Trocellen-Thermal-Rechner kostenlos nutzen!\",\"isPartOf\":{\"@id\":\"https:\/\/insulation.trocellen.com\/de\/#website\"},\"primaryImageOfPage\":{\"@id\":\"https:\/\/insulation.trocellen.com\/de\/werkzeuge\/trocellen-berechnungssoftware\/#primaryimage\"},\"image\":{\"@id\":\"https:\/\/insulation.trocellen.com\/de\/werkzeuge\/trocellen-berechnungssoftware\/#primaryimage\"},\"thumbnailUrl\":\"https:\/\/insulation.trocellen.com\/wp-content\/uploads\/sites\/6\/2023\/06\/fejlec-calc-softwr.jpg\",\"datePublished\":\"2021-10-29T08:41:06+00:00\",\"dateModified\":\"2023-12-13T08:26:10+00:00\",\"description\":\"Die wahrscheinlich einfachste und zuverl\u00e4ssigste Methode zur Berechnung des D\u00e4mmungsbedarfs f\u00fcr Ihr Projekt.\",\"breadcrumb\":{\"@id\":\"https:\/\/insulation.trocellen.com\/de\/werkzeuge\/trocellen-berechnungssoftware\/#breadcrumb\"},\"inLanguage\":\"de\",\"potentialAction\":[{\"@type\":\"ReadAction\",\"target\":[\"https:\/\/insulation.trocellen.com\/de\/werkzeuge\/trocellen-berechnungssoftware\/\"]}]},{\"@type\":\"ImageObject\",\"inLanguage\":\"de\",\"@id\":\"https:\/\/insulation.trocellen.com\/de\/werkzeuge\/trocellen-berechnungssoftware\/#primaryimage\",\"url\":\"https:\/\/insulation.trocellen.com\/wp-content\/uploads\/sites\/6\/2023\/06\/fejlec-calc-softwr.jpg\",\"contentUrl\":\"https:\/\/insulation.trocellen.com\/wp-content\/uploads\/sites\/6\/2023\/06\/fejlec-calc-softwr.jpg\",\"width\":1920,\"height\":300},{\"@type\":\"BreadcrumbList\",\"@id\":\"https:\/\/insulation.trocellen.com\/de\/werkzeuge\/trocellen-berechnungssoftware\/#breadcrumb\",\"itemListElement\":[{\"@type\":\"ListItem\",\"position\":1,\"name\":\"Home\",\"item\":\"https:\/\/insulation.trocellen.com\/de\/\"},{\"@type\":\"ListItem\",\"position\":2,\"name\":\"Werkzeuge\",\"item\":\"https:\/\/insulation.trocellen.com\/de\/werkzeuge\/\"},{\"@type\":\"ListItem\",\"position\":3,\"name\":\"Trocellen Berechnungssoftware\"}]},{\"@type\":\"WebSite\",\"@id\":\"https:\/\/insulation.trocellen.com\/de\/#website\",\"url\":\"https:\/\/insulation.trocellen.com\/de\/\",\"name\":\"Trocellen Insulation\",\"description\":\"\",\"potentialAction\":[{\"@type\":\"SearchAction\",\"target\":{\"@type\":\"EntryPoint\",\"urlTemplate\":\"https:\/\/insulation.trocellen.com\/de\/?s={search_term_string}\"},\"query-input\":{\"@type\":\"PropertyValueSpecification\",\"valueRequired\":true,\"valueName\":\"search_term_string\"}}],\"inLanguage\":\"de\"}]}<\/script>\n<!-- \/ Yoast SEO plugin. -->","yoast_head_json":{"title":"Trocellen-Thermal-Rechner kostenlos nutzen!","description":"Die wahrscheinlich einfachste und zuverl\u00e4ssigste Methode zur Berechnung des D\u00e4mmungsbedarfs f\u00fcr Ihr Projekt.","robots":{"index":"index","follow":"follow","max-snippet":"max-snippet:-1","max-image-preview":"max-image-preview:large","max-video-preview":"max-video-preview:-1"},"canonical":"https:\/\/insulation.trocellen.com\/de\/werkzeuge\/trocellen-berechnungssoftware\/","og_locale":"de_DE","og_type":"article","og_title":"Trocellen-Thermal-Rechner kostenlos nutzen!","og_description":"Die wahrscheinlich einfachste und zuverl\u00e4ssigste Methode zur Berechnung des D\u00e4mmungsbedarfs f\u00fcr Ihr Projekt.","og_url":"https:\/\/insulation.trocellen.com\/de\/werkzeuge\/trocellen-berechnungssoftware\/","og_site_name":"Trocellen Insulation","article_modified_time":"2023-12-13T08:26:10+00:00","og_image":[{"width":1920,"height":300,"url":"https:\/\/insulation.trocellen.com\/wp-content\/uploads\/sites\/6\/2023\/06\/fejlec-calc-softwr.jpg","type":"image\/jpeg"}],"twitter_card":"summary_large_image","twitter_misc":{"Gesch\u00e4tzte Lesezeit":"1\u00a0Minute"},"schema":{"@context":"https:\/\/schema.org","@graph":[{"@type":"WebPage","@id":"https:\/\/insulation.trocellen.com\/de\/werkzeuge\/trocellen-berechnungssoftware\/","url":"https:\/\/insulation.trocellen.com\/de\/werkzeuge\/trocellen-berechnungssoftware\/","name":"Trocellen-Thermal-Rechner kostenlos nutzen!","isPartOf":{"@id":"https:\/\/insulation.trocellen.com\/de\/#website"},"primaryImageOfPage":{"@id":"https:\/\/insulation.trocellen.com\/de\/werkzeuge\/trocellen-berechnungssoftware\/#primaryimage"},"image":{"@id":"https:\/\/insulation.trocellen.com\/de\/werkzeuge\/trocellen-berechnungssoftware\/#primaryimage"},"thumbnailUrl":"https:\/\/insulation.trocellen.com\/wp-content\/uploads\/sites\/6\/2023\/06\/fejlec-calc-softwr.jpg","datePublished":"2021-10-29T08:41:06+00:00","dateModified":"2023-12-13T08:26:10+00:00","description":"Die wahrscheinlich einfachste und zuverl\u00e4ssigste Methode zur Berechnung des D\u00e4mmungsbedarfs f\u00fcr Ihr Projekt.","breadcrumb":{"@id":"https:\/\/insulation.trocellen.com\/de\/werkzeuge\/trocellen-berechnungssoftware\/#breadcrumb"},"inLanguage":"de","potentialAction":[{"@type":"ReadAction","target":["https:\/\/insulation.trocellen.com\/de\/werkzeuge\/trocellen-berechnungssoftware\/"]}]},{"@type":"ImageObject","inLanguage":"de","@id":"https:\/\/insulation.trocellen.com\/de\/werkzeuge\/trocellen-berechnungssoftware\/#primaryimage","url":"https:\/\/insulation.trocellen.com\/wp-content\/uploads\/sites\/6\/2023\/06\/fejlec-calc-softwr.jpg","contentUrl":"https:\/\/insulation.trocellen.com\/wp-content\/uploads\/sites\/6\/2023\/06\/fejlec-calc-softwr.jpg","width":1920,"height":300},{"@type":"BreadcrumbList","@id":"https:\/\/insulation.trocellen.com\/de\/werkzeuge\/trocellen-berechnungssoftware\/#breadcrumb","itemListElement":[{"@type":"ListItem","position":1,"name":"Home","item":"https:\/\/insulation.trocellen.com\/de\/"},{"@type":"ListItem","position":2,"name":"Werkzeuge","item":"https:\/\/insulation.trocellen.com\/de\/werkzeuge\/"},{"@type":"ListItem","position":3,"name":"Trocellen Berechnungssoftware"}]},{"@type":"WebSite","@id":"https:\/\/insulation.trocellen.com\/de\/#website","url":"https:\/\/insulation.trocellen.com\/de\/","name":"Trocellen Insulation","description":"","potentialAction":[{"@type":"SearchAction","target":{"@type":"EntryPoint","urlTemplate":"https:\/\/insulation.trocellen.com\/de\/?s={search_term_string}"},"query-input":{"@type":"PropertyValueSpecification","valueRequired":true,"valueName":"search_term_string"}}],"inLanguage":"de"}]}},"_links":{"self":[{"href":"https:\/\/insulation.trocellen.com\/de\/wp-json\/wp\/v2\/pages\/4522","targetHints":{"allow":["GET"]}}],"collection":[{"href":"https:\/\/insulation.trocellen.com\/de\/wp-json\/wp\/v2\/pages"}],"about":[{"href":"https:\/\/insulation.trocellen.com\/de\/wp-json\/wp\/v2\/types\/page"}],"author":[{"embeddable":true,"href":"https:\/\/insulation.trocellen.com\/de\/wp-json\/wp\/v2\/users\/1"}],"replies":[{"embeddable":true,"href":"https:\/\/insulation.trocellen.com\/de\/wp-json\/wp\/v2\/comments?post=4522"}],"version-history":[{"count":4,"href":"https:\/\/insulation.trocellen.com\/de\/wp-json\/wp\/v2\/pages\/4522\/revisions"}],"predecessor-version":[{"id":10302,"href":"https:\/\/insulation.trocellen.com\/de\/wp-json\/wp\/v2\/pages\/4522\/revisions\/10302"}],"up":[{"embeddable":true,"href":"https:\/\/insulation.trocellen.com\/de\/wp-json\/wp\/v2\/pages\/4426"}],"wp:featuredmedia":[{"embeddable":true,"href":"https:\/\/insulation.trocellen.com\/de\/wp-json\/wp\/v2\/media\/9398"}],"wp:attachment":[{"href":"https:\/\/insulation.trocellen.com\/de\/wp-json\/wp\/v2\/media?parent=4522"}],"curies":[{"name":"wp","href":"https:\/\/api.w.org\/{rel}","templated":true}]}}