{"id":4468,"date":"2020-07-09T13:22:39","date_gmt":"2020-07-09T13:22:39","guid":{"rendered":"https:\/\/insulation-new.trocellen.com\/isolmass-3-tech-fr\/"},"modified":"2023-12-15T13:00:40","modified_gmt":"2023-12-15T13:00:40","slug":"isolmass-3-tech-fr","status":"publish","type":"page","link":"https:\/\/insulation.trocellen.com\/de\/anwendungen\/schalldammung-fur-abflussleitungen\/isolmass-3-tech-fr\/","title":{"rendered":"ISOLMASS 3 TECH FR"},"content":{"rendered":"<h3>SCHWERSCHICHTPRODUKT: DIE ALTERNATIVE ZU BLEI<\/h3>\n<p>Unter der Marke APLOMB vertreibt TROCELLEN seit vielen Jahren ein mehrschichtiges Produkt, bestehend aus einer oder mehreren Schichten Blei, die mit flexiblen D\u00e4mmmaterialien aufkaschiert sind. Blei wird jedoch nicht von allen Installateuren oder Geb\u00e4udeplanern akzeptiert. Aus diesem Grund haben wir eine Alternative mit einer Polyolefin-Schwerschicht entwickelt.<\/p>\n<h3>VORTEILE<\/h3>\n<table class=\"with-border\">\n<tbody>\n<tr>\n<td>VERARBEITUNG<\/td>\n<td>Polyolefin-Mehrschicht-Produkte<\/td>\n<\/tr>\n<tr>\n<td>KOMFORT<\/td>\n<td>Schalld\u00e4mmung<\/td>\n<\/tr>\n<tr>\n<td>SICHERHEIT<\/td>\n<td>Bleifrei<\/td>\n<\/tr>\n<tr>\n<td>PREIS-LEISTUNGSVERH\u00c4LTNIS<\/td>\n<td>Hohe Leistung bei geringer Dicke<\/td>\n<\/tr>\n<tr>\n<td>ANWENDUNGSBEREICHE<\/td>\n<td>Geeignet f\u00fcr W\u00e4nde, Rohrleitungen und technische Anlagen<\/td>\n<\/tr>\n<\/tbody>\n<\/table>\n<h3>ISOLMASS<\/h3>\n<p>Produktreihe mehrschichtiger L\u00f6sungen mit schwerer Zwischenschicht, aufkaschiert mit flexiblen, robusten und schallabsorbieredenen Materialien.<\/p>\n<h2>Isolmass 3 Tech FR<\/h2>\n<p><strong>Zusammensetzung:<\/strong><\/p>\n<ul>\n<li>(optional) ALUNET\u00ae: aluminiumverst\u00e4rkte Folie<\/li>\n<li>Schwerschicht 3&nbsp;kg\/m\u00b2 schwer, 1,5&nbsp;mm dick<\/li>\n<li>Schicht aus Polyesterfasern (PET), 12 mm dick,&nbsp;mit 85% Recyclinganteil gem\u00e4\u00df ISO 14021<\/li>\n<li>Gr\u00f6\u00dfe: Bahnen von 1,00 x 2,00&nbsp;m<\/li>\n<\/ul>\n<p><strong>Anwendungsbereiche:<\/strong><\/p>\n<p>Schalld\u00e4mmung an Ablaufrohren. Das Produkt muss so installiert werden, dass das Polyester mit dem Rohr Kontakt hat.<\/p>\n<p>Das Produkt um das Rohr wickeln, Klebeb\u00e4nder an den Verbindungsst\u00fccken anbringen und schlie\u00dflich mechanisch mit Halteb\u00e4ndern oder Kunststoff-\/Metalldr\u00e4hten sichern.<\/p>\n<p><strong>Akustische Eigenschaften:<\/strong><\/p>\n<p>Luftschall- und K\u00f6rperschalld\u00e4mmung an Abflussleitungen. Reduktion des normalisierten Luftschallpegels Lan&nbsp; (EN 14366) je nach Flie\u00dfgeschwindigkeit des Wassers:<\/p>\n<table class=\"with-border\">\n<tbody>\n<tr>\n<td rowspan=\"2\" width=\"321\">ISOLMASS 3 TECH FR &#8211; INSTALLATION AN ROHRLEITUNGEN<\/td>\n<td colspan=\"4\" width=\"321\">FLIESSGESCHWINDIGKEIT<\/td>\n<\/tr>\n<tr>\n<td width=\"76\">0,5 l\/s<\/td>\n<td width=\"85\">1 l\/s<\/td>\n<td width=\"76\">2 l\/s<\/td>\n<td width=\"85\">4 l\/s<\/td>\n<\/tr>\n<tr>\n<td width=\"321\">\u2206Lan &#8211; Luftschall-Einf\u00fcgungsd\u00e4mmung [[dB(A)]]<\/td>\n<td width=\"76\">12,8<\/td>\n<td width=\"85\">11,3<\/td>\n<td width=\"76\">10,6<\/td>\n<td width=\"85\">10,2<\/td>\n<\/tr>\n<\/tbody>\n<\/table>\n<p><strong>Feuerwiderstand:<\/strong><\/p>\n<ul>\n<li>EN 13501-1 Euroklasse: B-s2,d0 \/ BL-s1,d0<\/li>\n<li>ISO 3575 100mm\/min: Bestanden<\/li>\n<li>DIN 4102 Klasse B2: Bestanden<\/li>\n<\/ul>\n","protected":false},"excerpt":{"rendered":"<p>SCHWERSCHICHTPRODUKT: DIE ALTERNATIVE ZU BLEI Unter der Marke APLOMB vertreibt TROCELLEN seit vielen Jahren ein mehrschichtiges Produkt, bestehend aus einer oder mehreren Schichten Blei, die mit flexiblen D\u00e4mmmaterialien aufkaschiert sind. Blei wird jedoch nicht von allen Installateuren oder Geb\u00e4udeplanern akzeptiert. Aus diesem Grund haben wir eine Alternative mit einer Polyolefin-Schwerschicht entwickelt. VORTEILE VERARBEITUNG Polyolefin-Mehrschicht-Produkte KOMFORT [&hellip;]<\/p>\n","protected":false},"author":1,"featured_media":8841,"parent":4122,"menu_order":100,"comment_status":"closed","ping_status":"closed","template":"templates\/applications.php","meta":{"_acf_changed":false,"footnotes":""},"class_list":["post-4468","page","type-page","status-publish","has-post-thumbnail","hentry"],"acf":[],"yoast_head":"<!-- This site is optimized with the Yoast SEO plugin v23.5 - https:\/\/yoast.com\/wordpress\/plugins\/seo\/ -->\n<title>Isolmass 3Tech FR \u2013 flammhemmende, schalld\u00e4mmende Isolierung<\/title>\n<meta name=\"description\" content=\"Isolmass 3Tech FR ist ein Material zur Luftschall- und K\u00f6rperschalld\u00e4mmung f\u00fcr Abflussleitungen. Euroklasse: B-s2,d0 \/ BL-s1,d0\" \/>\n<meta name=\"robots\" content=\"index, follow, max-snippet:-1, max-image-preview:large, max-video-preview:-1\" \/>\n<link rel=\"canonical\" href=\"https:\/\/insulation.trocellen.com\/de\/anwendungen\/schalldammung-fur-abflussleitungen\/isolmass-3-tech-fr\/\" \/>\n<meta property=\"og:locale\" content=\"de_DE\" \/>\n<meta property=\"og:type\" content=\"article\" \/>\n<meta property=\"og:title\" content=\"Isolmass 3Tech FR \u2013 flammhemmende, schalld\u00e4mmende Isolierung\" \/>\n<meta property=\"og:description\" content=\"Isolmass 3Tech FR ist ein Material zur Luftschall- und K\u00f6rperschalld\u00e4mmung f\u00fcr Abflussleitungen. Euroklasse: B-s2,d0 \/ BL-s1,d0\" \/>\n<meta property=\"og:url\" content=\"https:\/\/insulation.trocellen.com\/de\/anwendungen\/schalldammung-fur-abflussleitungen\/isolmass-3-tech-fr\/\" \/>\n<meta property=\"og:site_name\" content=\"Trocellen Insulation\" \/>\n<meta property=\"article:modified_time\" content=\"2023-12-15T13:00:40+00:00\" \/>\n<meta property=\"og:image\" content=\"https:\/\/insulation.trocellen.com\/wp-content\/uploads\/sites\/6\/2023\/05\/Pipes-1.jpg\" \/>\n\t<meta property=\"og:image:width\" content=\"1920\" \/>\n\t<meta property=\"og:image:height\" content=\"300\" \/>\n\t<meta property=\"og:image:type\" content=\"image\/jpeg\" \/>\n<meta name=\"twitter:card\" content=\"summary_large_image\" \/>\n<meta name=\"twitter:label1\" content=\"Gesch\u00e4tzte Lesezeit\" \/>\n\t<meta name=\"twitter:data1\" content=\"1\u00a0Minute\" \/>\n<script type=\"application\/ld+json\" class=\"yoast-schema-graph\">{\"@context\":\"https:\/\/schema.org\",\"@graph\":[{\"@type\":\"WebPage\",\"@id\":\"https:\/\/insulation.trocellen.com\/de\/anwendungen\/schalldammung-fur-abflussleitungen\/isolmass-3-tech-fr\/\",\"url\":\"https:\/\/insulation.trocellen.com\/de\/anwendungen\/schalldammung-fur-abflussleitungen\/isolmass-3-tech-fr\/\",\"name\":\"Isolmass 3Tech FR \u2013 flammhemmende, schalld\u00e4mmende Isolierung\",\"isPartOf\":{\"@id\":\"https:\/\/insulation.trocellen.com\/de\/#website\"},\"primaryImageOfPage\":{\"@id\":\"https:\/\/insulation.trocellen.com\/de\/anwendungen\/schalldammung-fur-abflussleitungen\/isolmass-3-tech-fr\/#primaryimage\"},\"image\":{\"@id\":\"https:\/\/insulation.trocellen.com\/de\/anwendungen\/schalldammung-fur-abflussleitungen\/isolmass-3-tech-fr\/#primaryimage\"},\"thumbnailUrl\":\"https:\/\/insulation.trocellen.com\/wp-content\/uploads\/sites\/6\/2023\/05\/Pipes-1.jpg\",\"datePublished\":\"2020-07-09T13:22:39+00:00\",\"dateModified\":\"2023-12-15T13:00:40+00:00\",\"description\":\"Isolmass 3Tech FR ist ein Material zur Luftschall- und K\u00f6rperschalld\u00e4mmung f\u00fcr Abflussleitungen. Euroklasse: B-s2,d0 \/ BL-s1,d0\",\"breadcrumb\":{\"@id\":\"https:\/\/insulation.trocellen.com\/de\/anwendungen\/schalldammung-fur-abflussleitungen\/isolmass-3-tech-fr\/#breadcrumb\"},\"inLanguage\":\"de\",\"potentialAction\":[{\"@type\":\"ReadAction\",\"target\":[\"https:\/\/insulation.trocellen.com\/de\/anwendungen\/schalldammung-fur-abflussleitungen\/isolmass-3-tech-fr\/\"]}]},{\"@type\":\"ImageObject\",\"inLanguage\":\"de\",\"@id\":\"https:\/\/insulation.trocellen.com\/de\/anwendungen\/schalldammung-fur-abflussleitungen\/isolmass-3-tech-fr\/#primaryimage\",\"url\":\"https:\/\/insulation.trocellen.com\/wp-content\/uploads\/sites\/6\/2023\/05\/Pipes-1.jpg\",\"contentUrl\":\"https:\/\/insulation.trocellen.com\/wp-content\/uploads\/sites\/6\/2023\/05\/Pipes-1.jpg\",\"width\":1920,\"height\":300},{\"@type\":\"BreadcrumbList\",\"@id\":\"https:\/\/insulation.trocellen.com\/de\/anwendungen\/schalldammung-fur-abflussleitungen\/isolmass-3-tech-fr\/#breadcrumb\",\"itemListElement\":[{\"@type\":\"ListItem\",\"position\":1,\"name\":\"Home\",\"item\":\"https:\/\/insulation.trocellen.com\/de\/\"},{\"@type\":\"ListItem\",\"position\":2,\"name\":\"Anwendungen\",\"item\":\"https:\/\/insulation.trocellen.com\/de\/anwendungen\/\"},{\"@type\":\"ListItem\",\"position\":3,\"name\":\"Schalld\u00e4mmung f\u00fcr Abflussleitungen\",\"item\":\"https:\/\/insulation.trocellen.com\/de\/anwendungen\/schalldammung-fur-abflussleitungen\/\"},{\"@type\":\"ListItem\",\"position\":4,\"name\":\"ISOLMASS 3 TECH FR\"}]},{\"@type\":\"WebSite\",\"@id\":\"https:\/\/insulation.trocellen.com\/de\/#website\",\"url\":\"https:\/\/insulation.trocellen.com\/de\/\",\"name\":\"Trocellen Insulation\",\"description\":\"\",\"potentialAction\":[{\"@type\":\"SearchAction\",\"target\":{\"@type\":\"EntryPoint\",\"urlTemplate\":\"https:\/\/insulation.trocellen.com\/de\/?s={search_term_string}\"},\"query-input\":{\"@type\":\"PropertyValueSpecification\",\"valueRequired\":true,\"valueName\":\"search_term_string\"}}],\"inLanguage\":\"de\"}]}<\/script>\n<!-- \/ Yoast SEO plugin. -->","yoast_head_json":{"title":"Isolmass 3Tech FR \u2013 flammhemmende, schalld\u00e4mmende Isolierung","description":"Isolmass 3Tech FR ist ein Material zur Luftschall- und K\u00f6rperschalld\u00e4mmung f\u00fcr Abflussleitungen. Euroklasse: B-s2,d0 \/ BL-s1,d0","robots":{"index":"index","follow":"follow","max-snippet":"max-snippet:-1","max-image-preview":"max-image-preview:large","max-video-preview":"max-video-preview:-1"},"canonical":"https:\/\/insulation.trocellen.com\/de\/anwendungen\/schalldammung-fur-abflussleitungen\/isolmass-3-tech-fr\/","og_locale":"de_DE","og_type":"article","og_title":"Isolmass 3Tech FR \u2013 flammhemmende, schalld\u00e4mmende Isolierung","og_description":"Isolmass 3Tech FR ist ein Material zur Luftschall- und K\u00f6rperschalld\u00e4mmung f\u00fcr Abflussleitungen. Euroklasse: B-s2,d0 \/ BL-s1,d0","og_url":"https:\/\/insulation.trocellen.com\/de\/anwendungen\/schalldammung-fur-abflussleitungen\/isolmass-3-tech-fr\/","og_site_name":"Trocellen Insulation","article_modified_time":"2023-12-15T13:00:40+00:00","og_image":[{"width":1920,"height":300,"url":"https:\/\/insulation.trocellen.com\/wp-content\/uploads\/sites\/6\/2023\/05\/Pipes-1.jpg","type":"image\/jpeg"}],"twitter_card":"summary_large_image","twitter_misc":{"Gesch\u00e4tzte Lesezeit":"1\u00a0Minute"},"schema":{"@context":"https:\/\/schema.org","@graph":[{"@type":"WebPage","@id":"https:\/\/insulation.trocellen.com\/de\/anwendungen\/schalldammung-fur-abflussleitungen\/isolmass-3-tech-fr\/","url":"https:\/\/insulation.trocellen.com\/de\/anwendungen\/schalldammung-fur-abflussleitungen\/isolmass-3-tech-fr\/","name":"Isolmass 3Tech FR \u2013 flammhemmende, schalld\u00e4mmende Isolierung","isPartOf":{"@id":"https:\/\/insulation.trocellen.com\/de\/#website"},"primaryImageOfPage":{"@id":"https:\/\/insulation.trocellen.com\/de\/anwendungen\/schalldammung-fur-abflussleitungen\/isolmass-3-tech-fr\/#primaryimage"},"image":{"@id":"https:\/\/insulation.trocellen.com\/de\/anwendungen\/schalldammung-fur-abflussleitungen\/isolmass-3-tech-fr\/#primaryimage"},"thumbnailUrl":"https:\/\/insulation.trocellen.com\/wp-content\/uploads\/sites\/6\/2023\/05\/Pipes-1.jpg","datePublished":"2020-07-09T13:22:39+00:00","dateModified":"2023-12-15T13:00:40+00:00","description":"Isolmass 3Tech FR ist ein Material zur Luftschall- und K\u00f6rperschalld\u00e4mmung f\u00fcr Abflussleitungen. Euroklasse: B-s2,d0 \/ BL-s1,d0","breadcrumb":{"@id":"https:\/\/insulation.trocellen.com\/de\/anwendungen\/schalldammung-fur-abflussleitungen\/isolmass-3-tech-fr\/#breadcrumb"},"inLanguage":"de","potentialAction":[{"@type":"ReadAction","target":["https:\/\/insulation.trocellen.com\/de\/anwendungen\/schalldammung-fur-abflussleitungen\/isolmass-3-tech-fr\/"]}]},{"@type":"ImageObject","inLanguage":"de","@id":"https:\/\/insulation.trocellen.com\/de\/anwendungen\/schalldammung-fur-abflussleitungen\/isolmass-3-tech-fr\/#primaryimage","url":"https:\/\/insulation.trocellen.com\/wp-content\/uploads\/sites\/6\/2023\/05\/Pipes-1.jpg","contentUrl":"https:\/\/insulation.trocellen.com\/wp-content\/uploads\/sites\/6\/2023\/05\/Pipes-1.jpg","width":1920,"height":300},{"@type":"BreadcrumbList","@id":"https:\/\/insulation.trocellen.com\/de\/anwendungen\/schalldammung-fur-abflussleitungen\/isolmass-3-tech-fr\/#breadcrumb","itemListElement":[{"@type":"ListItem","position":1,"name":"Home","item":"https:\/\/insulation.trocellen.com\/de\/"},{"@type":"ListItem","position":2,"name":"Anwendungen","item":"https:\/\/insulation.trocellen.com\/de\/anwendungen\/"},{"@type":"ListItem","position":3,"name":"Schalld\u00e4mmung f\u00fcr Abflussleitungen","item":"https:\/\/insulation.trocellen.com\/de\/anwendungen\/schalldammung-fur-abflussleitungen\/"},{"@type":"ListItem","position":4,"name":"ISOLMASS 3 TECH FR"}]},{"@type":"WebSite","@id":"https:\/\/insulation.trocellen.com\/de\/#website","url":"https:\/\/insulation.trocellen.com\/de\/","name":"Trocellen Insulation","description":"","potentialAction":[{"@type":"SearchAction","target":{"@type":"EntryPoint","urlTemplate":"https:\/\/insulation.trocellen.com\/de\/?s={search_term_string}"},"query-input":{"@type":"PropertyValueSpecification","valueRequired":true,"valueName":"search_term_string"}}],"inLanguage":"de"}]}},"_links":{"self":[{"href":"https:\/\/insulation.trocellen.com\/de\/wp-json\/wp\/v2\/pages\/4468","targetHints":{"allow":["GET"]}}],"collection":[{"href":"https:\/\/insulation.trocellen.com\/de\/wp-json\/wp\/v2\/pages"}],"about":[{"href":"https:\/\/insulation.trocellen.com\/de\/wp-json\/wp\/v2\/types\/page"}],"author":[{"embeddable":true,"href":"https:\/\/insulation.trocellen.com\/de\/wp-json\/wp\/v2\/users\/1"}],"replies":[{"embeddable":true,"href":"https:\/\/insulation.trocellen.com\/de\/wp-json\/wp\/v2\/comments?post=4468"}],"version-history":[{"count":5,"href":"https:\/\/insulation.trocellen.com\/de\/wp-json\/wp\/v2\/pages\/4468\/revisions"}],"predecessor-version":[{"id":10332,"href":"https:\/\/insulation.trocellen.com\/de\/wp-json\/wp\/v2\/pages\/4468\/revisions\/10332"}],"up":[{"embeddable":true,"href":"https:\/\/insulation.trocellen.com\/de\/wp-json\/wp\/v2\/pages\/4122"}],"wp:featuredmedia":[{"embeddable":true,"href":"https:\/\/insulation.trocellen.com\/de\/wp-json\/wp\/v2\/media\/8841"}],"wp:attachment":[{"href":"https:\/\/insulation.trocellen.com\/de\/wp-json\/wp\/v2\/media?parent=4468"}],"curies":[{"name":"wp","href":"https:\/\/api.w.org\/{rel}","templated":true}]}}