{"id":4450,"date":"2018-08-01T12:41:10","date_gmt":"2018-08-01T12:41:10","guid":{"rendered":"https:\/\/insulation-new.trocellen.com\/bim-objekts\/"},"modified":"2023-07-10T12:48:26","modified_gmt":"2023-07-10T12:48:26","slug":"bim-objekts","status":"publish","type":"page","link":"https:\/\/insulation.trocellen.com\/de\/werkzeuge\/bim-objekts\/","title":{"rendered":"BIM Objekts"},"content":{"rendered":"<p>BIM (Abk\u00fcrzung f\u00fcr Building Information Modeling, deutsch: Bauwerksdatenmodellierung) steht f\u00fcr eine Methode zur Optimierung des Planungsprozesses, der Erstellung, Entwicklung und Verwaltung der Konstruktion w\u00e4hrend des gesamten Projektlebenszyklus. Der BIM-Prozess kann Ihre Projekte einfacher und schneller gestalten und Trocellen ist nun bereit, Sie zu unterst\u00fctzen.<\/p>\n<p>Trocellen entwickelte n\u00e4mlich eigene BIM-Objekte ihrer Projekte, um die Applikation in der spezifischen Software (sowie Revit und ArchiCAD) innerhalb der Realisierung des Projektes zu erm\u00f6glichen. Dank den digitalisierten BIM-Objekte, welche gleichzeitig CAD-Zeichnungen und technische Eigenschaften zur Verf\u00fcgung stellen, k\u00f6nnen Sie unsere D\u00e4mmstoffe innerhalb des Projektes verwenden.<\/p>\n<p>Starten Sie den Download der Trocellen BIM-Objekte und haben Sie Spa\u00df an Ihren Projekten!<\/p>\n\n\n<p><\/p>\n","protected":false},"excerpt":{"rendered":"<p>BIM (Abk\u00fcrzung f\u00fcr Building Information Modeling, deutsch: Bauwerksdatenmodellierung) steht f\u00fcr eine Methode zur Optimierung des Planungsprozesses, der Erstellung, Entwicklung und Verwaltung der Konstruktion w\u00e4hrend des gesamten Projektlebenszyklus. Der BIM-Prozess kann Ihre Projekte einfacher und schneller gestalten und Trocellen ist nun bereit, Sie zu unterst\u00fctzen. Trocellen entwickelte n\u00e4mlich eigene BIM-Objekte ihrer Projekte, um die Applikation in [&hellip;]<\/p>\n","protected":false},"author":1,"featured_media":0,"parent":4426,"menu_order":400,"comment_status":"closed","ping_status":"closed","template":"templates\/bim.php","meta":{"_acf_changed":false,"footnotes":""},"class_list":["post-4450","page","type-page","status-publish","hentry"],"acf":[],"yoast_head":"<!-- This site is optimized with the Yoast SEO plugin v23.5 - https:\/\/yoast.com\/wordpress\/plugins\/seo\/ -->\n<title>BIM-Objekte von Trocellen herunterladen und selbst nutzen<\/title>\n<meta name=\"description\" content=\"Trocellen hat BIM-Objekte seiner Produkte entwickelt, um die Anwendung in Revit und ArchiCAD zu erleichtern. Jetzt herunterladen!\" \/>\n<meta name=\"robots\" content=\"index, follow, max-snippet:-1, max-image-preview:large, max-video-preview:-1\" \/>\n<link rel=\"canonical\" href=\"https:\/\/insulation.trocellen.com\/de\/werkzeuge\/bim-objekts\/\" \/>\n<meta property=\"og:locale\" content=\"de_DE\" \/>\n<meta property=\"og:type\" content=\"article\" \/>\n<meta property=\"og:title\" content=\"BIM-Objekte von Trocellen herunterladen und selbst nutzen\" \/>\n<meta property=\"og:description\" content=\"Trocellen hat BIM-Objekte seiner Produkte entwickelt, um die Anwendung in Revit und ArchiCAD zu erleichtern. Jetzt herunterladen!\" \/>\n<meta property=\"og:url\" content=\"https:\/\/insulation.trocellen.com\/de\/werkzeuge\/bim-objekts\/\" \/>\n<meta property=\"og:site_name\" content=\"Trocellen Insulation\" \/>\n<meta property=\"article:modified_time\" content=\"2023-07-10T12:48:26+00:00\" \/>\n<meta name=\"twitter:card\" content=\"summary_large_image\" \/>\n<meta name=\"twitter:label1\" content=\"Gesch\u00e4tzte Lesezeit\" \/>\n\t<meta name=\"twitter:data1\" content=\"1\u00a0Minute\" \/>\n<script type=\"application\/ld+json\" class=\"yoast-schema-graph\">{\"@context\":\"https:\/\/schema.org\",\"@graph\":[{\"@type\":\"WebPage\",\"@id\":\"https:\/\/insulation.trocellen.com\/de\/werkzeuge\/bim-objekts\/\",\"url\":\"https:\/\/insulation.trocellen.com\/de\/werkzeuge\/bim-objekts\/\",\"name\":\"BIM-Objekte von Trocellen herunterladen und selbst nutzen\",\"isPartOf\":{\"@id\":\"https:\/\/insulation.trocellen.com\/de\/#website\"},\"datePublished\":\"2018-08-01T12:41:10+00:00\",\"dateModified\":\"2023-07-10T12:48:26+00:00\",\"description\":\"Trocellen hat BIM-Objekte seiner Produkte entwickelt, um die Anwendung in Revit und ArchiCAD zu erleichtern. Jetzt herunterladen!\",\"breadcrumb\":{\"@id\":\"https:\/\/insulation.trocellen.com\/de\/werkzeuge\/bim-objekts\/#breadcrumb\"},\"inLanguage\":\"de\",\"potentialAction\":[{\"@type\":\"ReadAction\",\"target\":[\"https:\/\/insulation.trocellen.com\/de\/werkzeuge\/bim-objekts\/\"]}]},{\"@type\":\"BreadcrumbList\",\"@id\":\"https:\/\/insulation.trocellen.com\/de\/werkzeuge\/bim-objekts\/#breadcrumb\",\"itemListElement\":[{\"@type\":\"ListItem\",\"position\":1,\"name\":\"Home\",\"item\":\"https:\/\/insulation.trocellen.com\/de\/\"},{\"@type\":\"ListItem\",\"position\":2,\"name\":\"Werkzeuge\",\"item\":\"https:\/\/insulation.trocellen.com\/de\/werkzeuge\/\"},{\"@type\":\"ListItem\",\"position\":3,\"name\":\"BIM Objekts\"}]},{\"@type\":\"WebSite\",\"@id\":\"https:\/\/insulation.trocellen.com\/de\/#website\",\"url\":\"https:\/\/insulation.trocellen.com\/de\/\",\"name\":\"Trocellen Insulation\",\"description\":\"\",\"potentialAction\":[{\"@type\":\"SearchAction\",\"target\":{\"@type\":\"EntryPoint\",\"urlTemplate\":\"https:\/\/insulation.trocellen.com\/de\/?s={search_term_string}\"},\"query-input\":{\"@type\":\"PropertyValueSpecification\",\"valueRequired\":true,\"valueName\":\"search_term_string\"}}],\"inLanguage\":\"de\"}]}<\/script>\n<!-- \/ Yoast SEO plugin. -->","yoast_head_json":{"title":"BIM-Objekte von Trocellen herunterladen und selbst nutzen","description":"Trocellen hat BIM-Objekte seiner Produkte entwickelt, um die Anwendung in Revit und ArchiCAD zu erleichtern. Jetzt herunterladen!","robots":{"index":"index","follow":"follow","max-snippet":"max-snippet:-1","max-image-preview":"max-image-preview:large","max-video-preview":"max-video-preview:-1"},"canonical":"https:\/\/insulation.trocellen.com\/de\/werkzeuge\/bim-objekts\/","og_locale":"de_DE","og_type":"article","og_title":"BIM-Objekte von Trocellen herunterladen und selbst nutzen","og_description":"Trocellen hat BIM-Objekte seiner Produkte entwickelt, um die Anwendung in Revit und ArchiCAD zu erleichtern. Jetzt herunterladen!","og_url":"https:\/\/insulation.trocellen.com\/de\/werkzeuge\/bim-objekts\/","og_site_name":"Trocellen Insulation","article_modified_time":"2023-07-10T12:48:26+00:00","twitter_card":"summary_large_image","twitter_misc":{"Gesch\u00e4tzte Lesezeit":"1\u00a0Minute"},"schema":{"@context":"https:\/\/schema.org","@graph":[{"@type":"WebPage","@id":"https:\/\/insulation.trocellen.com\/de\/werkzeuge\/bim-objekts\/","url":"https:\/\/insulation.trocellen.com\/de\/werkzeuge\/bim-objekts\/","name":"BIM-Objekte von Trocellen herunterladen und selbst nutzen","isPartOf":{"@id":"https:\/\/insulation.trocellen.com\/de\/#website"},"datePublished":"2018-08-01T12:41:10+00:00","dateModified":"2023-07-10T12:48:26+00:00","description":"Trocellen hat BIM-Objekte seiner Produkte entwickelt, um die Anwendung in Revit und ArchiCAD zu erleichtern. Jetzt herunterladen!","breadcrumb":{"@id":"https:\/\/insulation.trocellen.com\/de\/werkzeuge\/bim-objekts\/#breadcrumb"},"inLanguage":"de","potentialAction":[{"@type":"ReadAction","target":["https:\/\/insulation.trocellen.com\/de\/werkzeuge\/bim-objekts\/"]}]},{"@type":"BreadcrumbList","@id":"https:\/\/insulation.trocellen.com\/de\/werkzeuge\/bim-objekts\/#breadcrumb","itemListElement":[{"@type":"ListItem","position":1,"name":"Home","item":"https:\/\/insulation.trocellen.com\/de\/"},{"@type":"ListItem","position":2,"name":"Werkzeuge","item":"https:\/\/insulation.trocellen.com\/de\/werkzeuge\/"},{"@type":"ListItem","position":3,"name":"BIM Objekts"}]},{"@type":"WebSite","@id":"https:\/\/insulation.trocellen.com\/de\/#website","url":"https:\/\/insulation.trocellen.com\/de\/","name":"Trocellen Insulation","description":"","potentialAction":[{"@type":"SearchAction","target":{"@type":"EntryPoint","urlTemplate":"https:\/\/insulation.trocellen.com\/de\/?s={search_term_string}"},"query-input":{"@type":"PropertyValueSpecification","valueRequired":true,"valueName":"search_term_string"}}],"inLanguage":"de"}]}},"_links":{"self":[{"href":"https:\/\/insulation.trocellen.com\/de\/wp-json\/wp\/v2\/pages\/4450","targetHints":{"allow":["GET"]}}],"collection":[{"href":"https:\/\/insulation.trocellen.com\/de\/wp-json\/wp\/v2\/pages"}],"about":[{"href":"https:\/\/insulation.trocellen.com\/de\/wp-json\/wp\/v2\/types\/page"}],"author":[{"embeddable":true,"href":"https:\/\/insulation.trocellen.com\/de\/wp-json\/wp\/v2\/users\/1"}],"replies":[{"embeddable":true,"href":"https:\/\/insulation.trocellen.com\/de\/wp-json\/wp\/v2\/comments?post=4450"}],"version-history":[{"count":1,"href":"https:\/\/insulation.trocellen.com\/de\/wp-json\/wp\/v2\/pages\/4450\/revisions"}],"predecessor-version":[{"id":9861,"href":"https:\/\/insulation.trocellen.com\/de\/wp-json\/wp\/v2\/pages\/4450\/revisions\/9861"}],"up":[{"embeddable":true,"href":"https:\/\/insulation.trocellen.com\/de\/wp-json\/wp\/v2\/pages\/4426"}],"wp:attachment":[{"href":"https:\/\/insulation.trocellen.com\/de\/wp-json\/wp\/v2\/media?parent=4450"}],"curies":[{"name":"wp","href":"https:\/\/api.w.org\/{rel}","templated":true}]}}