{"id":4444,"date":"2018-05-03T10:56:01","date_gmt":"2018-05-03T10:56:01","guid":{"rendered":"https:\/\/insulation-new.trocellen.com\/anmeldungs\/"},"modified":"2026-02-09T13:59:07","modified_gmt":"2026-02-09T13:59:07","slug":"anmeldungs","status":"publish","type":"page","link":"https:\/\/insulation.trocellen.com\/de\/werkzeuge\/anmeldungs\/","title":{"rendered":"Anmeldungs"},"content":{"rendered":"\n<p>Gem\u00e4\u00df der Bauprodukte-Verordnung (EU) Nr. 305\/2011 muss eine Leistungserkl\u00e4rung (Declaration of Performance, DoP) jedes Produkt erg\u00e4nzen, das von einer harmonisierten europ\u00e4ischen Norm, einer europ\u00e4ischen technischen Bewertung (European Technical Assessment, ETA) oder einer nationalen technischen Bewertung (National Technical Assessment, NTA) abgedeckt wird. Die Leistungserkl\u00e4rung wird vom Hersteller erstellt und gibt Auskunft \u00fcber die wesentlichen Merkmale des Produkts sowie \u00fcber das Verfahren und die Methoden zur Bewertung der erkl\u00e4rten Leistung in \u00dcbereinstimmung mit den einschl\u00e4gigen technischen Spezifikationen.<\/p>\n\n\n\n<p>Um eine bessere Transparenz und \u00dcbersichtlichkeit zu gew\u00e4hrleisten, haben wir an dieser Stelle die Leistungserkl\u00e4rungen der Trocellen-Produkte ver\u00f6ffentlicht.<\/p>\n\n\n\n<ul class=\"wp-block-list\">\n<li><a href=\"https:\/\/go.insulation.trocellen.com\/MOD-DOP-50710-1-Rev-1.1-TROCELLEN-CLASS-ALU-adhesive-14\u00f725-mm-EN_DE-1_pdf\">MOD-DOP 50710-1 Rev 1.1 &#8211; TROCELLEN CLASS ALU adhesive 14\u00f725 mm EN_DE<\/a><\/li>\n\n\n\n<li><a href=\"https:\/\/go.insulation.trocellen.com\/MOD-DOP-50710-3-Rev-1.1-TROCELLEN-CLASS-ALU.S-adhesive-3\u00f716-mm-EN_DE_pdf\">MOD-DOP 50710-3 Rev 1.1 &#8211; TROCELLEN CLASS ALU.S adhesive 3\u00f716 mm EN_DE<\/a><\/li>\n\n\n\n<li><a href=\"https:\/\/go.insulation.trocellen.com\/MOD-DOP-50710-4-Rev-1.1-TROCELLEN-CLASS-adhesive-3\u00f712-mm-EN_DE_pdf\">MOD-DOP 50710-4 Rev 1.1 &#8211; TROCELLEN CLASS adhesive 3\u00f712 mm EN_DE<\/a><\/li>\n\n\n\n<li><a href=\"https:\/\/go.insulation.trocellen.com\/MOD-DOP-50710-6-Rev-1.1-TROCELLEN-CLASS-ALU-adhesive-3\u00f714-mm-EN_DE_pdf\">MOD-DOP 50710-6 Rev 1.1 &#8211; TROCELLEN CLASS ALU adhesive 3\u00f714 mm EN_DE<\/a><\/li>\n\n\n\n<li><a href=\"https:\/\/go.insulation.trocellen.com\/MOD-DOP-50710-7-Rev-1.1-TROCELLEN-CLASS-AL-SLEEVE-6\u00f720-mm-EN_DE_pdf\">MOD-DOP 50710-7 Rev 1.1 &#8211; TROCELLEN CLASS AL SLEEVE 6\u00f720 mm EN_DE<\/a><\/li>\n\n\n\n<li><a href=\"https:\/\/go.insulation.trocellen.com\/MOD-DOP-50710-8-Rev-1.1-TROCELLEN-CLASS-AL-6\u00f720-mm-EN_DE_pdf\">MOD-DOP 50710-8 Rev 1.1 &#8211; TROCELLEN CLASS AL 6\u00f720 mm EN_DE<\/a><\/li>\n\n\n\n<li><a href=\"https:\/\/go.insulation.trocellen.com\/MOD-DOP-50710-9-Rev-1.1-TROCELLEN-CLASS-AL-AL-ISOCOMPACT-20\u00f760-mm-EN_DE_pdf\">MOD-DOP 50710-9 Rev 1.1 &#8211; TROCELLEN CLASS AL &amp; AL ISOCOMPACT 20\u00f760 mm EN_DE<\/a><\/li>\n\n\n\n<li><a href=\"https:\/\/go.insulation.trocellen.com\/l\/922423\/2025-08-26\/2z9xdv\">MOD-DOP-50710-10-TROCELLEN-CLASS-G-PRO-adhesive-3_40-mm-2<\/a><\/li>\n\n\n\n<li><a href=\"https:\/\/go.insulation.trocellen.com\/l\/922423\/2026-02-09\/2zrhyx\">noDOP-EN<\/a><\/li>\n\n\n\n<li><a href=\"https:\/\/go.insulation.trocellen.com\/l\/922423\/2026-02-09\/2zrhz1\">noDOP-IT<\/a><\/li>\n\n\n\n<li><a href=\"https:\/\/insulation.trocellen.com\/wp-content\/uploads\/sites\/6\/2022\/11\/MOD-DOP-Rev-1.1-Polifoam-Insul-01-EN_HU-20221011.pdf\">MOD-DOP Rev 1.1 \u2013 POLIFOAM INSUL 01 EN HU<\/a><\/li>\n<\/ul>\n","protected":false},"excerpt":{"rendered":"<p>Gem\u00e4\u00df der Bauprodukte-Verordnung (EU) Nr. 305\/2011 muss eine Leistungserkl\u00e4rung (Declaration of Performance, DoP) jedes Produkt erg\u00e4nzen, das von einer harmonisierten europ\u00e4ischen Norm, einer europ\u00e4ischen technischen Bewertung (European Technical Assessment, ETA) oder einer nationalen technischen Bewertung (National Technical Assessment, NTA) abgedeckt wird. Die Leistungserkl\u00e4rung wird vom Hersteller erstellt und gibt Auskunft \u00fcber die wesentlichen Merkmale des [&hellip;]<\/p>\n","protected":false},"author":1,"featured_media":8772,"parent":4426,"menu_order":500,"comment_status":"closed","ping_status":"closed","template":"","meta":{"_acf_changed":false,"footnotes":""},"class_list":["post-4444","page","type-page","status-publish","has-post-thumbnail","hentry"],"acf":[],"yoast_head":"<!-- This site is optimized with the Yoast SEO plugin v23.5 - https:\/\/yoast.com\/wordpress\/plugins\/seo\/ -->\n<title>Leistungserkl\u00e4rung von Trocellen herunterladen<\/title>\n<meta name=\"description\" content=\"Die Leistungserkl\u00e4rung wird vom Hersteller erstellt und enth\u00e4lt Informationen \u00fcber wichtige Produktmerkmale sowie \u00fcber angewandte Verfahren\/Methoden\" \/>\n<meta name=\"robots\" content=\"index, follow, max-snippet:-1, max-image-preview:large, max-video-preview:-1\" \/>\n<link rel=\"canonical\" href=\"https:\/\/insulation.trocellen.com\/de\/werkzeuge\/anmeldungs\/\" \/>\n<meta property=\"og:locale\" content=\"de_DE\" \/>\n<meta property=\"og:type\" content=\"article\" \/>\n<meta property=\"og:title\" content=\"Leistungserkl\u00e4rung von Trocellen herunterladen\" \/>\n<meta property=\"og:description\" content=\"Die Leistungserkl\u00e4rung wird vom Hersteller erstellt und enth\u00e4lt Informationen \u00fcber wichtige Produktmerkmale sowie \u00fcber angewandte Verfahren\/Methoden\" \/>\n<meta property=\"og:url\" content=\"https:\/\/insulation.trocellen.com\/de\/werkzeuge\/anmeldungs\/\" \/>\n<meta property=\"og:site_name\" content=\"Trocellen Insulation\" \/>\n<meta property=\"article:modified_time\" content=\"2026-02-09T13:59:07+00:00\" \/>\n<meta property=\"og:image\" content=\"https:\/\/insulation.trocellen.com\/wp-content\/uploads\/sites\/6\/2023\/05\/Declarations-fejlec.jpg\" \/>\n\t<meta property=\"og:image:width\" content=\"1920\" \/>\n\t<meta property=\"og:image:height\" content=\"300\" \/>\n\t<meta property=\"og:image:type\" content=\"image\/jpeg\" \/>\n<meta name=\"twitter:card\" content=\"summary_large_image\" \/>\n<meta name=\"twitter:label1\" content=\"Gesch\u00e4tzte Lesezeit\" \/>\n\t<meta name=\"twitter:data1\" content=\"1\u00a0Minute\" \/>\n<script type=\"application\/ld+json\" class=\"yoast-schema-graph\">{\"@context\":\"https:\/\/schema.org\",\"@graph\":[{\"@type\":\"WebPage\",\"@id\":\"https:\/\/insulation.trocellen.com\/de\/werkzeuge\/anmeldungs\/\",\"url\":\"https:\/\/insulation.trocellen.com\/de\/werkzeuge\/anmeldungs\/\",\"name\":\"Leistungserkl\u00e4rung von Trocellen herunterladen\",\"isPartOf\":{\"@id\":\"https:\/\/insulation.trocellen.com\/de\/#website\"},\"primaryImageOfPage\":{\"@id\":\"https:\/\/insulation.trocellen.com\/de\/werkzeuge\/anmeldungs\/#primaryimage\"},\"image\":{\"@id\":\"https:\/\/insulation.trocellen.com\/de\/werkzeuge\/anmeldungs\/#primaryimage\"},\"thumbnailUrl\":\"https:\/\/insulation.trocellen.com\/wp-content\/uploads\/sites\/6\/2023\/05\/Declarations-fejlec.jpg\",\"datePublished\":\"2018-05-03T10:56:01+00:00\",\"dateModified\":\"2026-02-09T13:59:07+00:00\",\"description\":\"Die Leistungserkl\u00e4rung wird vom Hersteller erstellt und enth\u00e4lt Informationen \u00fcber wichtige Produktmerkmale sowie \u00fcber angewandte Verfahren\/Methoden\",\"breadcrumb\":{\"@id\":\"https:\/\/insulation.trocellen.com\/de\/werkzeuge\/anmeldungs\/#breadcrumb\"},\"inLanguage\":\"de\",\"potentialAction\":[{\"@type\":\"ReadAction\",\"target\":[\"https:\/\/insulation.trocellen.com\/de\/werkzeuge\/anmeldungs\/\"]}]},{\"@type\":\"ImageObject\",\"inLanguage\":\"de\",\"@id\":\"https:\/\/insulation.trocellen.com\/de\/werkzeuge\/anmeldungs\/#primaryimage\",\"url\":\"https:\/\/insulation.trocellen.com\/wp-content\/uploads\/sites\/6\/2023\/05\/Declarations-fejlec.jpg\",\"contentUrl\":\"https:\/\/insulation.trocellen.com\/wp-content\/uploads\/sites\/6\/2023\/05\/Declarations-fejlec.jpg\",\"width\":1920,\"height\":300},{\"@type\":\"BreadcrumbList\",\"@id\":\"https:\/\/insulation.trocellen.com\/de\/werkzeuge\/anmeldungs\/#breadcrumb\",\"itemListElement\":[{\"@type\":\"ListItem\",\"position\":1,\"name\":\"Home\",\"item\":\"https:\/\/insulation.trocellen.com\/de\/\"},{\"@type\":\"ListItem\",\"position\":2,\"name\":\"Werkzeuge\",\"item\":\"https:\/\/insulation.trocellen.com\/de\/werkzeuge\/\"},{\"@type\":\"ListItem\",\"position\":3,\"name\":\"Anmeldungs\"}]},{\"@type\":\"WebSite\",\"@id\":\"https:\/\/insulation.trocellen.com\/de\/#website\",\"url\":\"https:\/\/insulation.trocellen.com\/de\/\",\"name\":\"Trocellen Insulation\",\"description\":\"\",\"potentialAction\":[{\"@type\":\"SearchAction\",\"target\":{\"@type\":\"EntryPoint\",\"urlTemplate\":\"https:\/\/insulation.trocellen.com\/de\/?s={search_term_string}\"},\"query-input\":{\"@type\":\"PropertyValueSpecification\",\"valueRequired\":true,\"valueName\":\"search_term_string\"}}],\"inLanguage\":\"de\"}]}<\/script>\n<!-- \/ Yoast SEO plugin. -->","yoast_head_json":{"title":"Leistungserkl\u00e4rung von Trocellen herunterladen","description":"Die Leistungserkl\u00e4rung wird vom Hersteller erstellt und enth\u00e4lt Informationen \u00fcber wichtige Produktmerkmale sowie \u00fcber angewandte Verfahren\/Methoden","robots":{"index":"index","follow":"follow","max-snippet":"max-snippet:-1","max-image-preview":"max-image-preview:large","max-video-preview":"max-video-preview:-1"},"canonical":"https:\/\/insulation.trocellen.com\/de\/werkzeuge\/anmeldungs\/","og_locale":"de_DE","og_type":"article","og_title":"Leistungserkl\u00e4rung von Trocellen herunterladen","og_description":"Die Leistungserkl\u00e4rung wird vom Hersteller erstellt und enth\u00e4lt Informationen \u00fcber wichtige Produktmerkmale sowie \u00fcber angewandte Verfahren\/Methoden","og_url":"https:\/\/insulation.trocellen.com\/de\/werkzeuge\/anmeldungs\/","og_site_name":"Trocellen Insulation","article_modified_time":"2026-02-09T13:59:07+00:00","og_image":[{"width":1920,"height":300,"url":"https:\/\/insulation.trocellen.com\/wp-content\/uploads\/sites\/6\/2023\/05\/Declarations-fejlec.jpg","type":"image\/jpeg"}],"twitter_card":"summary_large_image","twitter_misc":{"Gesch\u00e4tzte Lesezeit":"1\u00a0Minute"},"schema":{"@context":"https:\/\/schema.org","@graph":[{"@type":"WebPage","@id":"https:\/\/insulation.trocellen.com\/de\/werkzeuge\/anmeldungs\/","url":"https:\/\/insulation.trocellen.com\/de\/werkzeuge\/anmeldungs\/","name":"Leistungserkl\u00e4rung von Trocellen herunterladen","isPartOf":{"@id":"https:\/\/insulation.trocellen.com\/de\/#website"},"primaryImageOfPage":{"@id":"https:\/\/insulation.trocellen.com\/de\/werkzeuge\/anmeldungs\/#primaryimage"},"image":{"@id":"https:\/\/insulation.trocellen.com\/de\/werkzeuge\/anmeldungs\/#primaryimage"},"thumbnailUrl":"https:\/\/insulation.trocellen.com\/wp-content\/uploads\/sites\/6\/2023\/05\/Declarations-fejlec.jpg","datePublished":"2018-05-03T10:56:01+00:00","dateModified":"2026-02-09T13:59:07+00:00","description":"Die Leistungserkl\u00e4rung wird vom Hersteller erstellt und enth\u00e4lt Informationen \u00fcber wichtige Produktmerkmale sowie \u00fcber angewandte Verfahren\/Methoden","breadcrumb":{"@id":"https:\/\/insulation.trocellen.com\/de\/werkzeuge\/anmeldungs\/#breadcrumb"},"inLanguage":"de","potentialAction":[{"@type":"ReadAction","target":["https:\/\/insulation.trocellen.com\/de\/werkzeuge\/anmeldungs\/"]}]},{"@type":"ImageObject","inLanguage":"de","@id":"https:\/\/insulation.trocellen.com\/de\/werkzeuge\/anmeldungs\/#primaryimage","url":"https:\/\/insulation.trocellen.com\/wp-content\/uploads\/sites\/6\/2023\/05\/Declarations-fejlec.jpg","contentUrl":"https:\/\/insulation.trocellen.com\/wp-content\/uploads\/sites\/6\/2023\/05\/Declarations-fejlec.jpg","width":1920,"height":300},{"@type":"BreadcrumbList","@id":"https:\/\/insulation.trocellen.com\/de\/werkzeuge\/anmeldungs\/#breadcrumb","itemListElement":[{"@type":"ListItem","position":1,"name":"Home","item":"https:\/\/insulation.trocellen.com\/de\/"},{"@type":"ListItem","position":2,"name":"Werkzeuge","item":"https:\/\/insulation.trocellen.com\/de\/werkzeuge\/"},{"@type":"ListItem","position":3,"name":"Anmeldungs"}]},{"@type":"WebSite","@id":"https:\/\/insulation.trocellen.com\/de\/#website","url":"https:\/\/insulation.trocellen.com\/de\/","name":"Trocellen Insulation","description":"","potentialAction":[{"@type":"SearchAction","target":{"@type":"EntryPoint","urlTemplate":"https:\/\/insulation.trocellen.com\/de\/?s={search_term_string}"},"query-input":{"@type":"PropertyValueSpecification","valueRequired":true,"valueName":"search_term_string"}}],"inLanguage":"de"}]}},"_links":{"self":[{"href":"https:\/\/insulation.trocellen.com\/de\/wp-json\/wp\/v2\/pages\/4444","targetHints":{"allow":["GET"]}}],"collection":[{"href":"https:\/\/insulation.trocellen.com\/de\/wp-json\/wp\/v2\/pages"}],"about":[{"href":"https:\/\/insulation.trocellen.com\/de\/wp-json\/wp\/v2\/types\/page"}],"author":[{"embeddable":true,"href":"https:\/\/insulation.trocellen.com\/de\/wp-json\/wp\/v2\/users\/1"}],"replies":[{"embeddable":true,"href":"https:\/\/insulation.trocellen.com\/de\/wp-json\/wp\/v2\/comments?post=4444"}],"version-history":[{"count":6,"href":"https:\/\/insulation.trocellen.com\/de\/wp-json\/wp\/v2\/pages\/4444\/revisions"}],"predecessor-version":[{"id":11279,"href":"https:\/\/insulation.trocellen.com\/de\/wp-json\/wp\/v2\/pages\/4444\/revisions\/11279"}],"up":[{"embeddable":true,"href":"https:\/\/insulation.trocellen.com\/de\/wp-json\/wp\/v2\/pages\/4426"}],"wp:featuredmedia":[{"embeddable":true,"href":"https:\/\/insulation.trocellen.com\/de\/wp-json\/wp\/v2\/media\/8772"}],"wp:attachment":[{"href":"https:\/\/insulation.trocellen.com\/de\/wp-json\/wp\/v2\/media?parent=4444"}],"curies":[{"name":"wp","href":"https:\/\/api.w.org\/{rel}","templated":true}]}}