{"id":4396,"date":"2017-11-22T09:21:39","date_gmt":"2017-11-22T09:21:39","guid":{"rendered":"https:\/\/insulation-new.trocellen.com\/tunnelabdichtung\/"},"modified":"2023-07-10T12:38:06","modified_gmt":"2023-07-10T12:38:06","slug":"tunnelabdichtung","status":"publish","type":"page","link":"https:\/\/insulation.trocellen.com\/de\/anwendungen\/wasserdichtung-von-tunneln\/tunnelabdichtung\/","title":{"rendered":"Tunnelabdichtung"},"content":{"rendered":"<p>In der Tunnelwasserabdichtung, welche die Au\u00dfenseite des Tunnels abdeckt, sind Materialien erforderlich, die eine hohe Klassifizierung gegen die Brandreaktion haben und hochqualifizierte mechanische Eigenschaften sowie die richtigen Funktionen zur Abf\u00fchrung des Tunnelwassers vom Gew\u00f6lbe zur Giebelwand haben. TROCELLEN TUNEL CLASIFICADO FUEGO ist ein Verbundwerkstoff und leichtes Kunststoffblech, das solche Funktionalit\u00e4ten bietet.<\/p>\n<p><a href=\"https:\/\/insulation.trocellen.com\/wp-content\/uploads\/sites\/6\/2015\/09\/trocellen_duct_1.jpg\"><img loading=\"lazy\" decoding=\"async\" class=\"size-full wp-image-1555 alignnone\" src=\"https:\/\/insulation.trocellen.com\/wp-content\/uploads\/sites\/6\/2015\/09\/trocellen_duct_1.jpg\" alt=\"\" width=\"266\" height=\"193\"><\/a><a href=\"https:\/\/insulation.trocellen.com\/wp-content\/uploads\/sites\/6\/2015\/09\/trocellen_duct_2.jpg\"><img loading=\"lazy\" decoding=\"async\" class=\"alignnone size-full wp-image-1556\" src=\"https:\/\/insulation.trocellen.com\/wp-content\/uploads\/sites\/6\/2015\/09\/trocellen_duct_2.jpg\" alt=\"\" width=\"269\" height=\"194\"><\/a><\/p>\n<h3>Wasserabdichtung bestehend aus:<\/h3>\n<ul>\n<li><span lang=\"DE\">Verst\u00e4rkungsgewebe, das der Bahn eine hohe Rei\u00dffestigkeit und einen hohen Weiterrei\u00dfwiderstand verleiht.<\/span><\/li>\n<li><span lang=\"DE\">Vernetztem Polyethylenschaumstoff mit geringer Wasseraufnahme und geringer W\u00e4rmeleitf\u00e4higkeit f\u00fcr hervorragende W\u00e4rmed\u00e4mmung ohne Undichtigkeiten<\/span><\/li>\n<li>Polyethylen-Folie zur einfacheren Installation, da \u00dcberst\u00e4nde zwischen den Bahnen verkleb\/verschwei\u00dft werden k\u00f6nnen.<\/li>\n<\/ul>\n<h3>Eigenschaften und Werte (*)<\/h3>\n<table class=\"green-table\" border=\"0\">\n<thead>\n<tr>\n<th class=\"green-table-first-cell\" scope=\"col\"><\/th>\n<th><strong>Norm<\/strong><\/th>\n<th>Einheit<\/th>\n<th><strong>TROCELLEN CLASIFICADO FUEGO<\/strong><\/th>\n<\/tr>\n<\/thead>\n<tbody>\n<tr>\n<th>Dicke<\/th>\n<td>EN ISO 1923<\/td>\n<td>mm<\/td>\n<td>5,5<\/td>\n<\/tr>\n<tr>\n<th>Gewicht\/Oberfl\u00e4che<\/th>\n<td>EN ISO 845<\/td>\n<td>gr\/m<sup>2<\/sup><\/td>\n<td>440<\/td>\n<\/tr>\n<tr>\n<th>Weiterrei\u00dfwiderstand (l\u00e4ngs\/quer)<\/th>\n<td>EN 12310-1<\/td>\n<td>N<\/td>\n<td><span lang=\"EN-US\">314\/246<\/span><\/td>\n<\/tr>\n<tr>\n<th>Brandschutzklasse<\/th>\n<td>EN 13501-1<\/td>\n<td>\u2013<\/td>\n<td>B, s1 \u2013 d0<\/td>\n<\/tr>\n<\/tbody>\n<\/table>\n<p>(*) Die angegebenen Eigenschaften und Werte k\u00f6nnen nicht als Produktspezifikation betrachtet werden. Die angegebenen Werte stammen aus einer einzigen Stichprobe, die in einem externen und unabh\u00e4ngigen Labor ausgew\u00e4hlt und gemessen wurde, und garantieren nicht das Verhalten des restlichen Materials, das danach produziert oder installiert wird.<\/p>\n<h3><span lang=\"EN-US\">Vorteile<\/span><\/h3>\n<ul>\n<li>Geringes Gewicht<\/li>\n<li>Hoher Weiterrei\u00dfwiderstand<\/li>\n<li>Wasserfestes Material<\/li>\n<li>FCKW- und chlorfrei<\/li>\n<li>Hervorragende Feuerwiderstandsf\u00e4higkeit<\/li>\n<\/ul>\n","protected":false},"excerpt":{"rendered":"<p>In der Tunnelwasserabdichtung, welche die Au\u00dfenseite des Tunnels abdeckt, sind Materialien erforderlich, die eine hohe Klassifizierung gegen die Brandreaktion haben und hochqualifizierte mechanische Eigenschaften sowie die richtigen Funktionen zur Abf\u00fchrung des Tunnelwassers vom Gew\u00f6lbe zur Giebelwand haben. TROCELLEN TUNEL CLASIFICADO FUEGO ist ein Verbundwerkstoff und leichtes Kunststoffblech, das solche Funktionalit\u00e4ten bietet. Wasserabdichtung bestehend aus: Verst\u00e4rkungsgewebe, [&hellip;]<\/p>\n","protected":false},"author":1,"featured_media":8914,"parent":4390,"menu_order":100,"comment_status":"closed","ping_status":"closed","template":"templates\/applications.php","meta":{"_acf_changed":false,"footnotes":""},"class_list":["post-4396","page","type-page","status-publish","has-post-thumbnail","hentry"],"acf":[],"yoast_head":"<!-- This site is optimized with the Yoast SEO plugin v23.5 - https:\/\/yoast.com\/wordpress\/plugins\/seo\/ -->\n<title>Trocellen Tunnel ist eine wasserfeste, leichte Bahn<\/title>\n<meta name=\"description\" content=\"Ein Verbundwerkstoff, der eine hohe Klassifizierung bei Brandverhalten bietet und das austretende Tunnelwasser vom Gew\u00f6lbe zur Giebelwand laufen l\u00e4sst.\" \/>\n<meta name=\"robots\" content=\"index, follow, max-snippet:-1, max-image-preview:large, max-video-preview:-1\" \/>\n<link rel=\"canonical\" href=\"https:\/\/insulation.trocellen.com\/de\/anwendungen\/wasserdichtung-von-tunneln\/tunnelabdichtung\/\" \/>\n<meta property=\"og:locale\" content=\"de_DE\" \/>\n<meta property=\"og:type\" content=\"article\" \/>\n<meta property=\"og:title\" content=\"Trocellen Tunnel ist eine wasserfeste, leichte Bahn\" \/>\n<meta property=\"og:description\" content=\"Ein Verbundwerkstoff, der eine hohe Klassifizierung bei Brandverhalten bietet und das austretende Tunnelwasser vom Gew\u00f6lbe zur Giebelwand laufen l\u00e4sst.\" \/>\n<meta property=\"og:url\" content=\"https:\/\/insulation.trocellen.com\/de\/anwendungen\/wasserdichtung-von-tunneln\/tunnelabdichtung\/\" \/>\n<meta property=\"og:site_name\" content=\"Trocellen Insulation\" \/>\n<meta property=\"article:modified_time\" content=\"2023-07-10T12:38:06+00:00\" \/>\n<meta property=\"og:image\" content=\"https:\/\/insulation.trocellen.com\/wp-content\/uploads\/sites\/6\/2023\/05\/tunnel-fejlec.jpg\" \/>\n\t<meta property=\"og:image:width\" content=\"1920\" \/>\n\t<meta property=\"og:image:height\" content=\"300\" \/>\n\t<meta property=\"og:image:type\" content=\"image\/jpeg\" \/>\n<meta name=\"twitter:card\" content=\"summary_large_image\" \/>\n<meta name=\"twitter:label1\" content=\"Gesch\u00e4tzte Lesezeit\" \/>\n\t<meta name=\"twitter:data1\" content=\"2\u00a0Minuten\" \/>\n<script type=\"application\/ld+json\" class=\"yoast-schema-graph\">{\"@context\":\"https:\/\/schema.org\",\"@graph\":[{\"@type\":\"WebPage\",\"@id\":\"https:\/\/insulation.trocellen.com\/de\/anwendungen\/wasserdichtung-von-tunneln\/tunnelabdichtung\/\",\"url\":\"https:\/\/insulation.trocellen.com\/de\/anwendungen\/wasserdichtung-von-tunneln\/tunnelabdichtung\/\",\"name\":\"Trocellen Tunnel ist eine wasserfeste, leichte Bahn\",\"isPartOf\":{\"@id\":\"https:\/\/insulation.trocellen.com\/de\/#website\"},\"primaryImageOfPage\":{\"@id\":\"https:\/\/insulation.trocellen.com\/de\/anwendungen\/wasserdichtung-von-tunneln\/tunnelabdichtung\/#primaryimage\"},\"image\":{\"@id\":\"https:\/\/insulation.trocellen.com\/de\/anwendungen\/wasserdichtung-von-tunneln\/tunnelabdichtung\/#primaryimage\"},\"thumbnailUrl\":\"https:\/\/insulation.trocellen.com\/wp-content\/uploads\/sites\/6\/2023\/05\/tunnel-fejlec.jpg\",\"datePublished\":\"2017-11-22T09:21:39+00:00\",\"dateModified\":\"2023-07-10T12:38:06+00:00\",\"description\":\"Ein Verbundwerkstoff, der eine hohe Klassifizierung bei Brandverhalten bietet und das austretende Tunnelwasser vom Gew\u00f6lbe zur Giebelwand laufen l\u00e4sst.\",\"breadcrumb\":{\"@id\":\"https:\/\/insulation.trocellen.com\/de\/anwendungen\/wasserdichtung-von-tunneln\/tunnelabdichtung\/#breadcrumb\"},\"inLanguage\":\"de\",\"potentialAction\":[{\"@type\":\"ReadAction\",\"target\":[\"https:\/\/insulation.trocellen.com\/de\/anwendungen\/wasserdichtung-von-tunneln\/tunnelabdichtung\/\"]}]},{\"@type\":\"ImageObject\",\"inLanguage\":\"de\",\"@id\":\"https:\/\/insulation.trocellen.com\/de\/anwendungen\/wasserdichtung-von-tunneln\/tunnelabdichtung\/#primaryimage\",\"url\":\"https:\/\/insulation.trocellen.com\/wp-content\/uploads\/sites\/6\/2023\/05\/tunnel-fejlec.jpg\",\"contentUrl\":\"https:\/\/insulation.trocellen.com\/wp-content\/uploads\/sites\/6\/2023\/05\/tunnel-fejlec.jpg\",\"width\":1920,\"height\":300},{\"@type\":\"BreadcrumbList\",\"@id\":\"https:\/\/insulation.trocellen.com\/de\/anwendungen\/wasserdichtung-von-tunneln\/tunnelabdichtung\/#breadcrumb\",\"itemListElement\":[{\"@type\":\"ListItem\",\"position\":1,\"name\":\"Home\",\"item\":\"https:\/\/insulation.trocellen.com\/de\/\"},{\"@type\":\"ListItem\",\"position\":2,\"name\":\"Anwendungen\",\"item\":\"https:\/\/insulation.trocellen.com\/de\/anwendungen\/\"},{\"@type\":\"ListItem\",\"position\":3,\"name\":\"Wasserdichtung von tunneln\",\"item\":\"https:\/\/insulation.trocellen.com\/de\/anwendungen\/wasserdichtung-von-tunneln\/\"},{\"@type\":\"ListItem\",\"position\":4,\"name\":\"Tunnelabdichtung\"}]},{\"@type\":\"WebSite\",\"@id\":\"https:\/\/insulation.trocellen.com\/de\/#website\",\"url\":\"https:\/\/insulation.trocellen.com\/de\/\",\"name\":\"Trocellen Insulation\",\"description\":\"\",\"potentialAction\":[{\"@type\":\"SearchAction\",\"target\":{\"@type\":\"EntryPoint\",\"urlTemplate\":\"https:\/\/insulation.trocellen.com\/de\/?s={search_term_string}\"},\"query-input\":{\"@type\":\"PropertyValueSpecification\",\"valueRequired\":true,\"valueName\":\"search_term_string\"}}],\"inLanguage\":\"de\"}]}<\/script>\n<!-- \/ Yoast SEO plugin. -->","yoast_head_json":{"title":"Trocellen Tunnel ist eine wasserfeste, leichte Bahn","description":"Ein Verbundwerkstoff, der eine hohe Klassifizierung bei Brandverhalten bietet und das austretende Tunnelwasser vom Gew\u00f6lbe zur Giebelwand laufen l\u00e4sst.","robots":{"index":"index","follow":"follow","max-snippet":"max-snippet:-1","max-image-preview":"max-image-preview:large","max-video-preview":"max-video-preview:-1"},"canonical":"https:\/\/insulation.trocellen.com\/de\/anwendungen\/wasserdichtung-von-tunneln\/tunnelabdichtung\/","og_locale":"de_DE","og_type":"article","og_title":"Trocellen Tunnel ist eine wasserfeste, leichte Bahn","og_description":"Ein Verbundwerkstoff, der eine hohe Klassifizierung bei Brandverhalten bietet und das austretende Tunnelwasser vom Gew\u00f6lbe zur Giebelwand laufen l\u00e4sst.","og_url":"https:\/\/insulation.trocellen.com\/de\/anwendungen\/wasserdichtung-von-tunneln\/tunnelabdichtung\/","og_site_name":"Trocellen Insulation","article_modified_time":"2023-07-10T12:38:06+00:00","og_image":[{"width":1920,"height":300,"url":"https:\/\/insulation.trocellen.com\/wp-content\/uploads\/sites\/6\/2023\/05\/tunnel-fejlec.jpg","type":"image\/jpeg"}],"twitter_card":"summary_large_image","twitter_misc":{"Gesch\u00e4tzte Lesezeit":"2\u00a0Minuten"},"schema":{"@context":"https:\/\/schema.org","@graph":[{"@type":"WebPage","@id":"https:\/\/insulation.trocellen.com\/de\/anwendungen\/wasserdichtung-von-tunneln\/tunnelabdichtung\/","url":"https:\/\/insulation.trocellen.com\/de\/anwendungen\/wasserdichtung-von-tunneln\/tunnelabdichtung\/","name":"Trocellen Tunnel ist eine wasserfeste, leichte Bahn","isPartOf":{"@id":"https:\/\/insulation.trocellen.com\/de\/#website"},"primaryImageOfPage":{"@id":"https:\/\/insulation.trocellen.com\/de\/anwendungen\/wasserdichtung-von-tunneln\/tunnelabdichtung\/#primaryimage"},"image":{"@id":"https:\/\/insulation.trocellen.com\/de\/anwendungen\/wasserdichtung-von-tunneln\/tunnelabdichtung\/#primaryimage"},"thumbnailUrl":"https:\/\/insulation.trocellen.com\/wp-content\/uploads\/sites\/6\/2023\/05\/tunnel-fejlec.jpg","datePublished":"2017-11-22T09:21:39+00:00","dateModified":"2023-07-10T12:38:06+00:00","description":"Ein Verbundwerkstoff, der eine hohe Klassifizierung bei Brandverhalten bietet und das austretende Tunnelwasser vom Gew\u00f6lbe zur Giebelwand laufen l\u00e4sst.","breadcrumb":{"@id":"https:\/\/insulation.trocellen.com\/de\/anwendungen\/wasserdichtung-von-tunneln\/tunnelabdichtung\/#breadcrumb"},"inLanguage":"de","potentialAction":[{"@type":"ReadAction","target":["https:\/\/insulation.trocellen.com\/de\/anwendungen\/wasserdichtung-von-tunneln\/tunnelabdichtung\/"]}]},{"@type":"ImageObject","inLanguage":"de","@id":"https:\/\/insulation.trocellen.com\/de\/anwendungen\/wasserdichtung-von-tunneln\/tunnelabdichtung\/#primaryimage","url":"https:\/\/insulation.trocellen.com\/wp-content\/uploads\/sites\/6\/2023\/05\/tunnel-fejlec.jpg","contentUrl":"https:\/\/insulation.trocellen.com\/wp-content\/uploads\/sites\/6\/2023\/05\/tunnel-fejlec.jpg","width":1920,"height":300},{"@type":"BreadcrumbList","@id":"https:\/\/insulation.trocellen.com\/de\/anwendungen\/wasserdichtung-von-tunneln\/tunnelabdichtung\/#breadcrumb","itemListElement":[{"@type":"ListItem","position":1,"name":"Home","item":"https:\/\/insulation.trocellen.com\/de\/"},{"@type":"ListItem","position":2,"name":"Anwendungen","item":"https:\/\/insulation.trocellen.com\/de\/anwendungen\/"},{"@type":"ListItem","position":3,"name":"Wasserdichtung von tunneln","item":"https:\/\/insulation.trocellen.com\/de\/anwendungen\/wasserdichtung-von-tunneln\/"},{"@type":"ListItem","position":4,"name":"Tunnelabdichtung"}]},{"@type":"WebSite","@id":"https:\/\/insulation.trocellen.com\/de\/#website","url":"https:\/\/insulation.trocellen.com\/de\/","name":"Trocellen Insulation","description":"","potentialAction":[{"@type":"SearchAction","target":{"@type":"EntryPoint","urlTemplate":"https:\/\/insulation.trocellen.com\/de\/?s={search_term_string}"},"query-input":{"@type":"PropertyValueSpecification","valueRequired":true,"valueName":"search_term_string"}}],"inLanguage":"de"}]}},"_links":{"self":[{"href":"https:\/\/insulation.trocellen.com\/de\/wp-json\/wp\/v2\/pages\/4396","targetHints":{"allow":["GET"]}}],"collection":[{"href":"https:\/\/insulation.trocellen.com\/de\/wp-json\/wp\/v2\/pages"}],"about":[{"href":"https:\/\/insulation.trocellen.com\/de\/wp-json\/wp\/v2\/types\/page"}],"author":[{"embeddable":true,"href":"https:\/\/insulation.trocellen.com\/de\/wp-json\/wp\/v2\/users\/1"}],"replies":[{"embeddable":true,"href":"https:\/\/insulation.trocellen.com\/de\/wp-json\/wp\/v2\/comments?post=4396"}],"version-history":[{"count":2,"href":"https:\/\/insulation.trocellen.com\/de\/wp-json\/wp\/v2\/pages\/4396\/revisions"}],"predecessor-version":[{"id":9853,"href":"https:\/\/insulation.trocellen.com\/de\/wp-json\/wp\/v2\/pages\/4396\/revisions\/9853"}],"up":[{"embeddable":true,"href":"https:\/\/insulation.trocellen.com\/de\/wp-json\/wp\/v2\/pages\/4390"}],"wp:featuredmedia":[{"embeddable":true,"href":"https:\/\/insulation.trocellen.com\/de\/wp-json\/wp\/v2\/media\/8914"}],"wp:attachment":[{"href":"https:\/\/insulation.trocellen.com\/de\/wp-json\/wp\/v2\/media?parent=4396"}],"curies":[{"name":"wp","href":"https:\/\/api.w.org\/{rel}","templated":true}]}}