{"id":4354,"date":"2015-09-30T07:58:14","date_gmt":"2015-09-30T07:58:14","guid":{"rendered":"https:\/\/insulation-new.trocellen.com\/trocellen-reflektierende-dampfsperre\/"},"modified":"2023-07-10T12:37:35","modified_gmt":"2023-07-10T12:37:35","slug":"trocellen-reflektierende-dampfsperre","status":"publish","type":"page","link":"https:\/\/insulation.trocellen.com\/de\/anwendungen\/wand-und-dachisolation\/trocellen-reflektierende-dampfsperre\/","title":{"rendered":"Trocellen Reflektierende Dampfsperre"},"content":{"rendered":"\n<h2 class=\"wp-block-heading\">Dachd\u00e4mmung &#8211; <mark style=\"background-color:rgba(0, 0, 0, 0);color:#4ea346\" class=\"has-inline-color\">Trocellen AL<\/mark><\/h2>\n\n\n\n<p>Ein chemisch vernetzter Polyethylenschaumstoff, aufkaschiert mit Aluminiumfolie f\u00fcr stabile mechanische und thermische Eigenschaften, kann als Dampfsperre sowie zur W\u00e4rmereflexion verwendet werden.<\/p>\n\n\n\n<h2 class=\"wp-block-heading\">Dachbahn &#8211; <mark style=\"background-color:rgba(0, 0, 0, 0);color:#4ea346\" class=\"has-inline-color\">Trocellen ALU<\/mark><\/h2>\n\n\n\n<p>Eignet sich dank der ausgezeichneten Barriereeigenschaften gegen\u00fcber Wasserdampf und des hohen W\u00e4rmeabstrahlverm\u00f6gens f\u00fcr den Einsatz als Dachbahn. Die Aluminiumoberfl\u00e4che bietet Schutz vor Schimmelpilzbildung sowie Parasitenbefall.<\/p>\n\n\n\n<h2 class=\"wp-block-heading\">Dachbodend\u00e4mmung &#8211; <mark style=\"background-color:rgba(0, 0, 0, 0);color:#4ea346\" class=\"has-inline-color\">Trocellen N<\/mark><\/h2>\n\n\n\n<p>Ein chemisch vernetzter Polyethylenschaumstoff, ist unverrottbar und beh\u00e4lt seine mechanischen und akustischen Eigenschaften bei. Aufgrund seiner Eigenschaften bietet unser Schaumstoff eine hervorragende W\u00e4rmed\u00e4mmung.<\/p>\n\n\n\n<h3 class=\"wp-block-heading\">Technisches Datenblatt<\/h3>\n\n\n\n<figure class=\"wp-block-table\"><table><thead><tr><th scope=\"col\">&nbsp;<\/th><th scope=\"col\">Norm<\/th><th scope=\"col\">Einheit<\/th><th scope=\"col\">Trocellen AL<\/th><th scope=\"col\">Trocellen ALU<\/th><th scope=\"col\">Trocellen N<\/th><\/tr><\/thead><tbody><tr><th scope=\"row\">Dichte<\/th><td>EN ISO 845<\/td><td>kg\/m<sup>3<\/sup><\/td><td>30<\/td><td>30<\/td><td>30<\/td><\/tr><tr><th scope=\"row\">Dicke<\/th><td>EN ISO 1923<\/td><td>mm<\/td><td>3-5-10<\/td><td>3-5-10<\/td><td>3-5-10<\/td><\/tr><tr><th scope=\"row\">Wasserdampfdiffusionskoeffizient<\/th><td>EN 12086 EN ISO 12572<\/td><td>\u03bc<\/td><td>12.918<\/td><td>&gt;65.000<\/td><td>2.192<\/td><\/tr><tr><th scope=\"row\">Abmessungsstabilit\u00e4t(&lt;5%)<\/th><td>ISO 2976<\/td><td>\u00b0C<\/td><td>100<\/td><td>100<\/td><td>100<\/td><\/tr><tr><th scope=\"row\">W\u00e4rmeleitf\u00e4higkeit bei 10 \u00b0C (\u03bb)<\/th><td>EN 12667<\/td><td>W\/mK<br>kcal\/mh\u00b0C<\/td><td>0,0367<br>0,0317<\/td><td>0,0367<br>0,0317<\/td><td>0,0367<br>0,0317<\/td><\/tr><\/tbody><\/table><\/figure>\n\n\n\n<p>Unsere D\u00e4mmstoffe sind FCKW-frei<\/p>\n","protected":false},"excerpt":{"rendered":"<p>Dachd\u00e4mmung &#8211; Trocellen AL Ein chemisch vernetzter Polyethylenschaumstoff, aufkaschiert mit Aluminiumfolie f\u00fcr stabile mechanische und thermische Eigenschaften, kann als Dampfsperre sowie zur W\u00e4rmereflexion verwendet werden. Dachbahn &#8211; Trocellen ALU Eignet sich dank der ausgezeichneten Barriereeigenschaften gegen\u00fcber Wasserdampf und des hohen W\u00e4rmeabstrahlverm\u00f6gens f\u00fcr den Einsatz als Dachbahn. Die Aluminiumoberfl\u00e4che bietet Schutz vor Schimmelpilzbildung sowie Parasitenbefall. Dachbodend\u00e4mmung [&hellip;]<\/p>\n","protected":false},"author":1,"featured_media":8901,"parent":4300,"menu_order":200,"comment_status":"open","ping_status":"closed","template":"templates\/applications.php","meta":{"_acf_changed":false,"footnotes":""},"class_list":["post-4354","page","type-page","status-publish","has-post-thumbnail","hentry"],"acf":[],"yoast_head":"<!-- This site is optimized with the Yoast SEO plugin v23.5 - https:\/\/yoast.com\/wordpress\/plugins\/seo\/ -->\n<title>Dachd\u00e4mmung, Dachziegelauskleidung, Dachbodenisolierung<\/title>\n<meta name=\"description\" content=\"Sie werden als Dampfsperre und zur W\u00e4rmereflexion verwendet. Sie verrotten nicht und ver\u00e4ndern ihre mechanischen und akustischen Eigenschaften nicht.\" \/>\n<meta name=\"robots\" content=\"index, follow, max-snippet:-1, max-image-preview:large, max-video-preview:-1\" \/>\n<link rel=\"canonical\" href=\"https:\/\/insulation.trocellen.com\/de\/anwendungen\/wand-und-dachisolation\/trocellen-reflektierende-dampfsperre\/\" \/>\n<meta property=\"og:locale\" content=\"de_DE\" \/>\n<meta property=\"og:type\" content=\"article\" \/>\n<meta property=\"og:title\" content=\"Dachd\u00e4mmung, Dachziegelauskleidung, Dachbodenisolierung\" \/>\n<meta property=\"og:description\" content=\"Sie werden als Dampfsperre und zur W\u00e4rmereflexion verwendet. Sie verrotten nicht und ver\u00e4ndern ihre mechanischen und akustischen Eigenschaften nicht.\" \/>\n<meta property=\"og:url\" content=\"https:\/\/insulation.trocellen.com\/de\/anwendungen\/wand-und-dachisolation\/trocellen-reflektierende-dampfsperre\/\" \/>\n<meta property=\"og:site_name\" content=\"Trocellen Insulation\" \/>\n<meta property=\"article:modified_time\" content=\"2023-07-10T12:37:35+00:00\" \/>\n<meta property=\"og:image\" content=\"https:\/\/insulation.trocellen.com\/wp-content\/uploads\/sites\/6\/2023\/05\/roof-fejlec.jpg\" \/>\n\t<meta property=\"og:image:width\" content=\"1920\" \/>\n\t<meta property=\"og:image:height\" content=\"300\" \/>\n\t<meta property=\"og:image:type\" content=\"image\/jpeg\" \/>\n<meta name=\"twitter:card\" content=\"summary_large_image\" \/>\n<meta name=\"twitter:label1\" content=\"Gesch\u00e4tzte Lesezeit\" \/>\n\t<meta name=\"twitter:data1\" content=\"1\u00a0Minute\" \/>\n<script type=\"application\/ld+json\" class=\"yoast-schema-graph\">{\"@context\":\"https:\/\/schema.org\",\"@graph\":[{\"@type\":\"WebPage\",\"@id\":\"https:\/\/insulation.trocellen.com\/de\/anwendungen\/wand-und-dachisolation\/trocellen-reflektierende-dampfsperre\/\",\"url\":\"https:\/\/insulation.trocellen.com\/de\/anwendungen\/wand-und-dachisolation\/trocellen-reflektierende-dampfsperre\/\",\"name\":\"Dachd\u00e4mmung, Dachziegelauskleidung, Dachbodenisolierung\",\"isPartOf\":{\"@id\":\"https:\/\/insulation.trocellen.com\/de\/#website\"},\"primaryImageOfPage\":{\"@id\":\"https:\/\/insulation.trocellen.com\/de\/anwendungen\/wand-und-dachisolation\/trocellen-reflektierende-dampfsperre\/#primaryimage\"},\"image\":{\"@id\":\"https:\/\/insulation.trocellen.com\/de\/anwendungen\/wand-und-dachisolation\/trocellen-reflektierende-dampfsperre\/#primaryimage\"},\"thumbnailUrl\":\"https:\/\/insulation.trocellen.com\/wp-content\/uploads\/sites\/6\/2023\/05\/roof-fejlec.jpg\",\"datePublished\":\"2015-09-30T07:58:14+00:00\",\"dateModified\":\"2023-07-10T12:37:35+00:00\",\"description\":\"Sie werden als Dampfsperre und zur W\u00e4rmereflexion verwendet. Sie verrotten nicht und ver\u00e4ndern ihre mechanischen und akustischen Eigenschaften nicht.\",\"breadcrumb\":{\"@id\":\"https:\/\/insulation.trocellen.com\/de\/anwendungen\/wand-und-dachisolation\/trocellen-reflektierende-dampfsperre\/#breadcrumb\"},\"inLanguage\":\"de\",\"potentialAction\":[{\"@type\":\"ReadAction\",\"target\":[\"https:\/\/insulation.trocellen.com\/de\/anwendungen\/wand-und-dachisolation\/trocellen-reflektierende-dampfsperre\/\"]}]},{\"@type\":\"ImageObject\",\"inLanguage\":\"de\",\"@id\":\"https:\/\/insulation.trocellen.com\/de\/anwendungen\/wand-und-dachisolation\/trocellen-reflektierende-dampfsperre\/#primaryimage\",\"url\":\"https:\/\/insulation.trocellen.com\/wp-content\/uploads\/sites\/6\/2023\/05\/roof-fejlec.jpg\",\"contentUrl\":\"https:\/\/insulation.trocellen.com\/wp-content\/uploads\/sites\/6\/2023\/05\/roof-fejlec.jpg\",\"width\":1920,\"height\":300},{\"@type\":\"BreadcrumbList\",\"@id\":\"https:\/\/insulation.trocellen.com\/de\/anwendungen\/wand-und-dachisolation\/trocellen-reflektierende-dampfsperre\/#breadcrumb\",\"itemListElement\":[{\"@type\":\"ListItem\",\"position\":1,\"name\":\"Home\",\"item\":\"https:\/\/insulation.trocellen.com\/de\/\"},{\"@type\":\"ListItem\",\"position\":2,\"name\":\"Anwendungen\",\"item\":\"https:\/\/insulation.trocellen.com\/de\/anwendungen\/\"},{\"@type\":\"ListItem\",\"position\":3,\"name\":\"WAND- UND DACHISOLATION\",\"item\":\"https:\/\/insulation.trocellen.com\/de\/anwendungen\/wand-und-dachisolation\/\"},{\"@type\":\"ListItem\",\"position\":4,\"name\":\"Trocellen Reflektierende Dampfsperre\"}]},{\"@type\":\"WebSite\",\"@id\":\"https:\/\/insulation.trocellen.com\/de\/#website\",\"url\":\"https:\/\/insulation.trocellen.com\/de\/\",\"name\":\"Trocellen Insulation\",\"description\":\"\",\"potentialAction\":[{\"@type\":\"SearchAction\",\"target\":{\"@type\":\"EntryPoint\",\"urlTemplate\":\"https:\/\/insulation.trocellen.com\/de\/?s={search_term_string}\"},\"query-input\":{\"@type\":\"PropertyValueSpecification\",\"valueRequired\":true,\"valueName\":\"search_term_string\"}}],\"inLanguage\":\"de\"}]}<\/script>\n<!-- \/ Yoast SEO plugin. -->","yoast_head_json":{"title":"Dachd\u00e4mmung, Dachziegelauskleidung, Dachbodenisolierung","description":"Sie werden als Dampfsperre und zur W\u00e4rmereflexion verwendet. Sie verrotten nicht und ver\u00e4ndern ihre mechanischen und akustischen Eigenschaften nicht.","robots":{"index":"index","follow":"follow","max-snippet":"max-snippet:-1","max-image-preview":"max-image-preview:large","max-video-preview":"max-video-preview:-1"},"canonical":"https:\/\/insulation.trocellen.com\/de\/anwendungen\/wand-und-dachisolation\/trocellen-reflektierende-dampfsperre\/","og_locale":"de_DE","og_type":"article","og_title":"Dachd\u00e4mmung, Dachziegelauskleidung, Dachbodenisolierung","og_description":"Sie werden als Dampfsperre und zur W\u00e4rmereflexion verwendet. Sie verrotten nicht und ver\u00e4ndern ihre mechanischen und akustischen Eigenschaften nicht.","og_url":"https:\/\/insulation.trocellen.com\/de\/anwendungen\/wand-und-dachisolation\/trocellen-reflektierende-dampfsperre\/","og_site_name":"Trocellen Insulation","article_modified_time":"2023-07-10T12:37:35+00:00","og_image":[{"width":1920,"height":300,"url":"https:\/\/insulation.trocellen.com\/wp-content\/uploads\/sites\/6\/2023\/05\/roof-fejlec.jpg","type":"image\/jpeg"}],"twitter_card":"summary_large_image","twitter_misc":{"Gesch\u00e4tzte Lesezeit":"1\u00a0Minute"},"schema":{"@context":"https:\/\/schema.org","@graph":[{"@type":"WebPage","@id":"https:\/\/insulation.trocellen.com\/de\/anwendungen\/wand-und-dachisolation\/trocellen-reflektierende-dampfsperre\/","url":"https:\/\/insulation.trocellen.com\/de\/anwendungen\/wand-und-dachisolation\/trocellen-reflektierende-dampfsperre\/","name":"Dachd\u00e4mmung, Dachziegelauskleidung, Dachbodenisolierung","isPartOf":{"@id":"https:\/\/insulation.trocellen.com\/de\/#website"},"primaryImageOfPage":{"@id":"https:\/\/insulation.trocellen.com\/de\/anwendungen\/wand-und-dachisolation\/trocellen-reflektierende-dampfsperre\/#primaryimage"},"image":{"@id":"https:\/\/insulation.trocellen.com\/de\/anwendungen\/wand-und-dachisolation\/trocellen-reflektierende-dampfsperre\/#primaryimage"},"thumbnailUrl":"https:\/\/insulation.trocellen.com\/wp-content\/uploads\/sites\/6\/2023\/05\/roof-fejlec.jpg","datePublished":"2015-09-30T07:58:14+00:00","dateModified":"2023-07-10T12:37:35+00:00","description":"Sie werden als Dampfsperre und zur W\u00e4rmereflexion verwendet. Sie verrotten nicht und ver\u00e4ndern ihre mechanischen und akustischen Eigenschaften nicht.","breadcrumb":{"@id":"https:\/\/insulation.trocellen.com\/de\/anwendungen\/wand-und-dachisolation\/trocellen-reflektierende-dampfsperre\/#breadcrumb"},"inLanguage":"de","potentialAction":[{"@type":"ReadAction","target":["https:\/\/insulation.trocellen.com\/de\/anwendungen\/wand-und-dachisolation\/trocellen-reflektierende-dampfsperre\/"]}]},{"@type":"ImageObject","inLanguage":"de","@id":"https:\/\/insulation.trocellen.com\/de\/anwendungen\/wand-und-dachisolation\/trocellen-reflektierende-dampfsperre\/#primaryimage","url":"https:\/\/insulation.trocellen.com\/wp-content\/uploads\/sites\/6\/2023\/05\/roof-fejlec.jpg","contentUrl":"https:\/\/insulation.trocellen.com\/wp-content\/uploads\/sites\/6\/2023\/05\/roof-fejlec.jpg","width":1920,"height":300},{"@type":"BreadcrumbList","@id":"https:\/\/insulation.trocellen.com\/de\/anwendungen\/wand-und-dachisolation\/trocellen-reflektierende-dampfsperre\/#breadcrumb","itemListElement":[{"@type":"ListItem","position":1,"name":"Home","item":"https:\/\/insulation.trocellen.com\/de\/"},{"@type":"ListItem","position":2,"name":"Anwendungen","item":"https:\/\/insulation.trocellen.com\/de\/anwendungen\/"},{"@type":"ListItem","position":3,"name":"WAND- UND DACHISOLATION","item":"https:\/\/insulation.trocellen.com\/de\/anwendungen\/wand-und-dachisolation\/"},{"@type":"ListItem","position":4,"name":"Trocellen Reflektierende Dampfsperre"}]},{"@type":"WebSite","@id":"https:\/\/insulation.trocellen.com\/de\/#website","url":"https:\/\/insulation.trocellen.com\/de\/","name":"Trocellen Insulation","description":"","potentialAction":[{"@type":"SearchAction","target":{"@type":"EntryPoint","urlTemplate":"https:\/\/insulation.trocellen.com\/de\/?s={search_term_string}"},"query-input":{"@type":"PropertyValueSpecification","valueRequired":true,"valueName":"search_term_string"}}],"inLanguage":"de"}]}},"_links":{"self":[{"href":"https:\/\/insulation.trocellen.com\/de\/wp-json\/wp\/v2\/pages\/4354","targetHints":{"allow":["GET"]}}],"collection":[{"href":"https:\/\/insulation.trocellen.com\/de\/wp-json\/wp\/v2\/pages"}],"about":[{"href":"https:\/\/insulation.trocellen.com\/de\/wp-json\/wp\/v2\/types\/page"}],"author":[{"embeddable":true,"href":"https:\/\/insulation.trocellen.com\/de\/wp-json\/wp\/v2\/users\/1"}],"replies":[{"embeddable":true,"href":"https:\/\/insulation.trocellen.com\/de\/wp-json\/wp\/v2\/comments?post=4354"}],"version-history":[{"count":4,"href":"https:\/\/insulation.trocellen.com\/de\/wp-json\/wp\/v2\/pages\/4354\/revisions"}],"predecessor-version":[{"id":9852,"href":"https:\/\/insulation.trocellen.com\/de\/wp-json\/wp\/v2\/pages\/4354\/revisions\/9852"}],"up":[{"embeddable":true,"href":"https:\/\/insulation.trocellen.com\/de\/wp-json\/wp\/v2\/pages\/4300"}],"wp:featuredmedia":[{"embeddable":true,"href":"https:\/\/insulation.trocellen.com\/de\/wp-json\/wp\/v2\/media\/8901"}],"wp:attachment":[{"href":"https:\/\/insulation.trocellen.com\/de\/wp-json\/wp\/v2\/media?parent=4354"}],"curies":[{"name":"wp","href":"https:\/\/api.w.org\/{rel}","templated":true}]}}