{"id":4348,"date":"2015-09-30T07:56:08","date_gmt":"2015-09-30T07:56:08","guid":{"rendered":"https:\/\/insulation-new.trocellen.com\/warmereflexionsfolie-2\/"},"modified":"2023-07-10T12:36:33","modified_gmt":"2023-07-10T12:36:33","slug":"warmereflexionsfolie-2","status":"publish","type":"page","link":"https:\/\/insulation.trocellen.com\/de\/anwendungen\/wand-und-dachisolation\/warmereflexionsfolie-2\/","title":{"rendered":"W\u00e4rmereflexionsfolie"},"content":{"rendered":"<p><img loading=\"lazy\" decoding=\"async\" class=\"size-medium wp-image-104 alignright\" src=\"https:\/\/insulation.trocellen.com\/wp-content\/uploads\/sites\/6\/2013\/12\/heatmirror-201x300.png\" alt=\"heatmirror\" width=\"201\" height=\"300\"><\/p>\n<ul>\n<li>Reduziert W\u00e4rmeverlust hinter Heizk\u00f6rpern<\/li>\n<li>Hocheffektive W\u00e4rmed\u00e4mmung durch Reflexion der W\u00e4rmestrahlung<\/li>\n<li>Hohe Kostenersparnis<\/li>\n<li>Lange Lebensdauer<\/li>\n<li>Einfache Anwendung, praktisch unsichtbar<\/li>\n<\/ul>\n<h2>Vorteile<\/h2>\n<ul>\n<li>Flammhammende Eigenschaft<\/li>\n<li>Hohe Heizkostenersparnis<\/li>\n<li>Ma\u00dfgeschneiderte L\u00f6sungen vor Ort<\/li>\n<li>Optimales Preis-\/Leistungsverh\u00e4ltnis<\/li>\n<li>Einfache Handhabung und Lagerung<\/li>\n<li>Sowohl f\u00fcr gewerbliche Zwecke als auch f\u00fcr den Hausgebrauch<\/li>\n<li>Umweltschonend \u2013 toxikologisch unbedenklich, allergenfrei, schimmelresistent und wiederverwertbar<\/li>\n<li>Einfache Anbringung \u2013 flexibel und geringes Gewicht<\/li>\n<\/ul>\n<p><strong>Wichtiger Hinweis!<\/strong><br \/>\nNiemals hinter Gasheizungsanlagen anbringen! Die Reflexionsfolie kann durch Feuer besch\u00e4digt werden.<\/p>\n<h2>Materialspezifikation<\/h2>\n<ul>\n<li>Tr\u00e4germaterial: chemisch vernetzter PE-Schaum, geschlossenzellig, flammschutzmittel<\/li>\n<li>Deckschicht: kaschiert mit metallisierterer, reflektierender Folie<\/li>\n<li>Schaumdichte: 30 kg\/m\u00b2<\/li>\n<li>Dicke: 4 mm<\/li>\n<li>Rollenma\u00df: 550 mm x 5 m<\/li>\n<\/ul>\n<h2>Eigenschaften<\/h2>\n<ul>\n<li>Rollenware<\/li>\n<li>Leichte Anbringung und Modifikation<\/li>\n<li>Dauerhafter Schutz gegen Schimmel-, Milben- und Bakterienbefall<\/li>\n<li>Dauerhaft konstante W\u00e4rmeleistung<\/li>\n<li>Leicht<\/li>\n<li>FCKW- und bleichmittelfrei<\/li>\n<li>Ohne Textilfasern, toxikologisch unbedenklich, formaldehydfrei und geruchlos<\/li>\n<\/ul>\n<h2>Anwendung<\/h2>\n<p>Schritt 1 \u2013 Heizk\u00f6rper abmessen Trocellen W\u00e4rmereflexionsfolie passend zuschneiden. Der Zuschnitt sollte an den Seiten 10 mm schmaler sein als der Heizk\u00f6rper. Befestigungsstellen markieren<\/p>\n<p><img loading=\"lazy\" decoding=\"async\" class=\"alignnone size-full wp-image-106 aligncenter\" src=\"https:\/\/insulation.trocellen.com\/wp-content\/uploads\/sites\/6\/2013\/12\/heatmirror1.png\" alt=\"heatmirror1\" width=\"144\" height=\"113\"><br \/>\nSchritt 2\u2013 Kleber sowohl auf die gereinigte Wand als auch auf die mit Schaumstoff beschichtete Seite der Reflexionsfolie auftragen. Einige Minuten antrocknen lassen<\/p>\n<p><img loading=\"lazy\" decoding=\"async\" class=\"alignnone size-full wp-image-101 aligncenter\" src=\"https:\/\/insulation.trocellen.com\/wp-content\/uploads\/sites\/6\/2013\/12\/heatmirror2.png\" alt=\"heatmirror2\" width=\"144\" height=\"113\"><br \/>\nSchritt 3 \u2013 Folie nach dem Antrocknen glatt an der Wand andr\u00fccken<\/p>\n<p><img loading=\"lazy\" decoding=\"async\" class=\"size-thumbnail wp-image-102 aligncenter\" src=\"https:\/\/insulation.trocellen.com\/wp-content\/uploads\/sites\/6\/2013\/12\/heatmirror3-144x150.png\" alt=\"heatmirror3\" width=\"144\" height=\"150\"><br \/>\nSchritt 4 \u2013 Aussparungen f\u00fcr Heizungsrohre und andere Bauteile ausschneiden<\/p>\n<p><img loading=\"lazy\" decoding=\"async\" class=\"alignnone size-thumbnail wp-image-103 aligncenter\" src=\"https:\/\/insulation.trocellen.com\/wp-content\/uploads\/sites\/6\/2013\/12\/heatmirror4-150x150.png\" alt=\"heatmirror4\" width=\"150\" height=\"150\"><\/p>\n","protected":false},"excerpt":{"rendered":"<p>Reduziert W\u00e4rmeverlust hinter Heizk\u00f6rpern Hocheffektive W\u00e4rmed\u00e4mmung durch Reflexion der W\u00e4rmestrahlung Hohe Kostenersparnis Lange Lebensdauer Einfache Anwendung, praktisch unsichtbar Vorteile Flammhammende Eigenschaft Hohe Heizkostenersparnis Ma\u00dfgeschneiderte L\u00f6sungen vor Ort Optimales Preis-\/Leistungsverh\u00e4ltnis Einfache Handhabung und Lagerung Sowohl f\u00fcr gewerbliche Zwecke als auch f\u00fcr den Hausgebrauch Umweltschonend \u2013 toxikologisch unbedenklich, allergenfrei, schimmelresistent und wiederverwertbar Einfache Anbringung \u2013 flexibel und [&hellip;]<\/p>\n","protected":false},"author":1,"featured_media":0,"parent":4300,"menu_order":100,"comment_status":"open","ping_status":"closed","template":"templates\/applications.php","meta":{"_acf_changed":false,"footnotes":""},"class_list":["post-4348","page","type-page","status-publish","hentry"],"acf":[],"yoast_head":"<!-- This site is optimized with the Yoast SEO plugin v23.5 - https:\/\/yoast.com\/wordpress\/plugins\/seo\/ -->\n<title>Heizk\u00f6rper-Reflexion gegen W\u00e4rmeverlust hinter Heizk\u00f6rpern<\/title>\n<meta name=\"description\" content=\"Schluss mit W\u00e4rmeverlust! Sparen Sie Geld, indem Sie die W\u00e4rme mit der Heizk\u00f6rper-W\u00e4rmed\u00e4mmung zur\u00fcck reflektieren. Hinter Heizk\u00f6rpern befestigen.\" \/>\n<meta name=\"robots\" content=\"index, follow, max-snippet:-1, max-image-preview:large, max-video-preview:-1\" \/>\n<link rel=\"canonical\" href=\"https:\/\/insulation.trocellen.com\/de\/anwendungen\/wand-und-dachisolation\/warmereflexionsfolie-2\/\" \/>\n<meta property=\"og:locale\" content=\"de_DE\" \/>\n<meta property=\"og:type\" content=\"article\" \/>\n<meta property=\"og:title\" content=\"Heizk\u00f6rper-Reflexion gegen W\u00e4rmeverlust hinter Heizk\u00f6rpern\" \/>\n<meta property=\"og:description\" content=\"Schluss mit W\u00e4rmeverlust! Sparen Sie Geld, indem Sie die W\u00e4rme mit der Heizk\u00f6rper-W\u00e4rmed\u00e4mmung zur\u00fcck reflektieren. Hinter Heizk\u00f6rpern befestigen.\" \/>\n<meta property=\"og:url\" content=\"https:\/\/insulation.trocellen.com\/de\/anwendungen\/wand-und-dachisolation\/warmereflexionsfolie-2\/\" \/>\n<meta property=\"og:site_name\" content=\"Trocellen Insulation\" \/>\n<meta property=\"article:modified_time\" content=\"2023-07-10T12:36:33+00:00\" \/>\n<meta property=\"og:image\" content=\"https:\/\/insulation.trocellen.com\/wp-content\/uploads\/sites\/6\/2013\/12\/heatmirror-201x300.png\" \/>\n<meta name=\"twitter:card\" content=\"summary_large_image\" \/>\n<meta name=\"twitter:label1\" content=\"Gesch\u00e4tzte Lesezeit\" \/>\n\t<meta name=\"twitter:data1\" content=\"2\u00a0Minuten\" \/>\n<script type=\"application\/ld+json\" class=\"yoast-schema-graph\">{\"@context\":\"https:\/\/schema.org\",\"@graph\":[{\"@type\":\"WebPage\",\"@id\":\"https:\/\/insulation.trocellen.com\/de\/anwendungen\/wand-und-dachisolation\/warmereflexionsfolie-2\/\",\"url\":\"https:\/\/insulation.trocellen.com\/de\/anwendungen\/wand-und-dachisolation\/warmereflexionsfolie-2\/\",\"name\":\"Heizk\u00f6rper-Reflexion gegen W\u00e4rmeverlust hinter Heizk\u00f6rpern\",\"isPartOf\":{\"@id\":\"https:\/\/insulation.trocellen.com\/de\/#website\"},\"primaryImageOfPage\":{\"@id\":\"https:\/\/insulation.trocellen.com\/de\/anwendungen\/wand-und-dachisolation\/warmereflexionsfolie-2\/#primaryimage\"},\"image\":{\"@id\":\"https:\/\/insulation.trocellen.com\/de\/anwendungen\/wand-und-dachisolation\/warmereflexionsfolie-2\/#primaryimage\"},\"thumbnailUrl\":\"https:\/\/insulation.trocellen.com\/wp-content\/uploads\/sites\/6\/2013\/12\/heatmirror-201x300.png\",\"datePublished\":\"2015-09-30T07:56:08+00:00\",\"dateModified\":\"2023-07-10T12:36:33+00:00\",\"description\":\"Schluss mit W\u00e4rmeverlust! Sparen Sie Geld, indem Sie die W\u00e4rme mit der Heizk\u00f6rper-W\u00e4rmed\u00e4mmung zur\u00fcck reflektieren. Hinter Heizk\u00f6rpern befestigen.\",\"breadcrumb\":{\"@id\":\"https:\/\/insulation.trocellen.com\/de\/anwendungen\/wand-und-dachisolation\/warmereflexionsfolie-2\/#breadcrumb\"},\"inLanguage\":\"de\",\"potentialAction\":[{\"@type\":\"ReadAction\",\"target\":[\"https:\/\/insulation.trocellen.com\/de\/anwendungen\/wand-und-dachisolation\/warmereflexionsfolie-2\/\"]}]},{\"@type\":\"ImageObject\",\"inLanguage\":\"de\",\"@id\":\"https:\/\/insulation.trocellen.com\/de\/anwendungen\/wand-und-dachisolation\/warmereflexionsfolie-2\/#primaryimage\",\"url\":\"https:\/\/insulation.trocellen.com\/wp-content\/uploads\/sites\/6\/2013\/12\/heatmirror-201x300.png\",\"contentUrl\":\"https:\/\/insulation.trocellen.com\/wp-content\/uploads\/sites\/6\/2013\/12\/heatmirror-201x300.png\"},{\"@type\":\"BreadcrumbList\",\"@id\":\"https:\/\/insulation.trocellen.com\/de\/anwendungen\/wand-und-dachisolation\/warmereflexionsfolie-2\/#breadcrumb\",\"itemListElement\":[{\"@type\":\"ListItem\",\"position\":1,\"name\":\"Home\",\"item\":\"https:\/\/insulation.trocellen.com\/de\/\"},{\"@type\":\"ListItem\",\"position\":2,\"name\":\"Anwendungen\",\"item\":\"https:\/\/insulation.trocellen.com\/de\/anwendungen\/\"},{\"@type\":\"ListItem\",\"position\":3,\"name\":\"WAND- UND DACHISOLATION\",\"item\":\"https:\/\/insulation.trocellen.com\/de\/anwendungen\/wand-und-dachisolation\/\"},{\"@type\":\"ListItem\",\"position\":4,\"name\":\"W\u00e4rmereflexionsfolie\"}]},{\"@type\":\"WebSite\",\"@id\":\"https:\/\/insulation.trocellen.com\/de\/#website\",\"url\":\"https:\/\/insulation.trocellen.com\/de\/\",\"name\":\"Trocellen Insulation\",\"description\":\"\",\"potentialAction\":[{\"@type\":\"SearchAction\",\"target\":{\"@type\":\"EntryPoint\",\"urlTemplate\":\"https:\/\/insulation.trocellen.com\/de\/?s={search_term_string}\"},\"query-input\":{\"@type\":\"PropertyValueSpecification\",\"valueRequired\":true,\"valueName\":\"search_term_string\"}}],\"inLanguage\":\"de\"}]}<\/script>\n<!-- \/ Yoast SEO plugin. -->","yoast_head_json":{"title":"Heizk\u00f6rper-Reflexion gegen W\u00e4rmeverlust hinter Heizk\u00f6rpern","description":"Schluss mit W\u00e4rmeverlust! Sparen Sie Geld, indem Sie die W\u00e4rme mit der Heizk\u00f6rper-W\u00e4rmed\u00e4mmung zur\u00fcck reflektieren. Hinter Heizk\u00f6rpern befestigen.","robots":{"index":"index","follow":"follow","max-snippet":"max-snippet:-1","max-image-preview":"max-image-preview:large","max-video-preview":"max-video-preview:-1"},"canonical":"https:\/\/insulation.trocellen.com\/de\/anwendungen\/wand-und-dachisolation\/warmereflexionsfolie-2\/","og_locale":"de_DE","og_type":"article","og_title":"Heizk\u00f6rper-Reflexion gegen W\u00e4rmeverlust hinter Heizk\u00f6rpern","og_description":"Schluss mit W\u00e4rmeverlust! Sparen Sie Geld, indem Sie die W\u00e4rme mit der Heizk\u00f6rper-W\u00e4rmed\u00e4mmung zur\u00fcck reflektieren. Hinter Heizk\u00f6rpern befestigen.","og_url":"https:\/\/insulation.trocellen.com\/de\/anwendungen\/wand-und-dachisolation\/warmereflexionsfolie-2\/","og_site_name":"Trocellen Insulation","article_modified_time":"2023-07-10T12:36:33+00:00","og_image":[{"url":"https:\/\/insulation.trocellen.com\/wp-content\/uploads\/sites\/6\/2013\/12\/heatmirror-201x300.png"}],"twitter_card":"summary_large_image","twitter_misc":{"Gesch\u00e4tzte Lesezeit":"2\u00a0Minuten"},"schema":{"@context":"https:\/\/schema.org","@graph":[{"@type":"WebPage","@id":"https:\/\/insulation.trocellen.com\/de\/anwendungen\/wand-und-dachisolation\/warmereflexionsfolie-2\/","url":"https:\/\/insulation.trocellen.com\/de\/anwendungen\/wand-und-dachisolation\/warmereflexionsfolie-2\/","name":"Heizk\u00f6rper-Reflexion gegen W\u00e4rmeverlust hinter Heizk\u00f6rpern","isPartOf":{"@id":"https:\/\/insulation.trocellen.com\/de\/#website"},"primaryImageOfPage":{"@id":"https:\/\/insulation.trocellen.com\/de\/anwendungen\/wand-und-dachisolation\/warmereflexionsfolie-2\/#primaryimage"},"image":{"@id":"https:\/\/insulation.trocellen.com\/de\/anwendungen\/wand-und-dachisolation\/warmereflexionsfolie-2\/#primaryimage"},"thumbnailUrl":"https:\/\/insulation.trocellen.com\/wp-content\/uploads\/sites\/6\/2013\/12\/heatmirror-201x300.png","datePublished":"2015-09-30T07:56:08+00:00","dateModified":"2023-07-10T12:36:33+00:00","description":"Schluss mit W\u00e4rmeverlust! Sparen Sie Geld, indem Sie die W\u00e4rme mit der Heizk\u00f6rper-W\u00e4rmed\u00e4mmung zur\u00fcck reflektieren. Hinter Heizk\u00f6rpern befestigen.","breadcrumb":{"@id":"https:\/\/insulation.trocellen.com\/de\/anwendungen\/wand-und-dachisolation\/warmereflexionsfolie-2\/#breadcrumb"},"inLanguage":"de","potentialAction":[{"@type":"ReadAction","target":["https:\/\/insulation.trocellen.com\/de\/anwendungen\/wand-und-dachisolation\/warmereflexionsfolie-2\/"]}]},{"@type":"ImageObject","inLanguage":"de","@id":"https:\/\/insulation.trocellen.com\/de\/anwendungen\/wand-und-dachisolation\/warmereflexionsfolie-2\/#primaryimage","url":"https:\/\/insulation.trocellen.com\/wp-content\/uploads\/sites\/6\/2013\/12\/heatmirror-201x300.png","contentUrl":"https:\/\/insulation.trocellen.com\/wp-content\/uploads\/sites\/6\/2013\/12\/heatmirror-201x300.png"},{"@type":"BreadcrumbList","@id":"https:\/\/insulation.trocellen.com\/de\/anwendungen\/wand-und-dachisolation\/warmereflexionsfolie-2\/#breadcrumb","itemListElement":[{"@type":"ListItem","position":1,"name":"Home","item":"https:\/\/insulation.trocellen.com\/de\/"},{"@type":"ListItem","position":2,"name":"Anwendungen","item":"https:\/\/insulation.trocellen.com\/de\/anwendungen\/"},{"@type":"ListItem","position":3,"name":"WAND- UND DACHISOLATION","item":"https:\/\/insulation.trocellen.com\/de\/anwendungen\/wand-und-dachisolation\/"},{"@type":"ListItem","position":4,"name":"W\u00e4rmereflexionsfolie"}]},{"@type":"WebSite","@id":"https:\/\/insulation.trocellen.com\/de\/#website","url":"https:\/\/insulation.trocellen.com\/de\/","name":"Trocellen Insulation","description":"","potentialAction":[{"@type":"SearchAction","target":{"@type":"EntryPoint","urlTemplate":"https:\/\/insulation.trocellen.com\/de\/?s={search_term_string}"},"query-input":{"@type":"PropertyValueSpecification","valueRequired":true,"valueName":"search_term_string"}}],"inLanguage":"de"}]}},"_links":{"self":[{"href":"https:\/\/insulation.trocellen.com\/de\/wp-json\/wp\/v2\/pages\/4348","targetHints":{"allow":["GET"]}}],"collection":[{"href":"https:\/\/insulation.trocellen.com\/de\/wp-json\/wp\/v2\/pages"}],"about":[{"href":"https:\/\/insulation.trocellen.com\/de\/wp-json\/wp\/v2\/types\/page"}],"author":[{"embeddable":true,"href":"https:\/\/insulation.trocellen.com\/de\/wp-json\/wp\/v2\/users\/1"}],"replies":[{"embeddable":true,"href":"https:\/\/insulation.trocellen.com\/de\/wp-json\/wp\/v2\/comments?post=4348"}],"version-history":[{"count":1,"href":"https:\/\/insulation.trocellen.com\/de\/wp-json\/wp\/v2\/pages\/4348\/revisions"}],"predecessor-version":[{"id":9851,"href":"https:\/\/insulation.trocellen.com\/de\/wp-json\/wp\/v2\/pages\/4348\/revisions\/9851"}],"up":[{"embeddable":true,"href":"https:\/\/insulation.trocellen.com\/de\/wp-json\/wp\/v2\/pages\/4300"}],"wp:attachment":[{"href":"https:\/\/insulation.trocellen.com\/de\/wp-json\/wp\/v2\/media?parent=4348"}],"curies":[{"name":"wp","href":"https:\/\/api.w.org\/{rel}","templated":true}]}}