{"id":4342,"date":"2015-09-30T07:54:31","date_gmt":"2015-09-30T07:54:31","guid":{"rendered":"https:\/\/insulation-new.trocellen.com\/trocellen-dachprofile\/"},"modified":"2023-07-10T12:37:02","modified_gmt":"2023-07-10T12:37:02","slug":"trocellen-dachprofile","status":"publish","type":"page","link":"https:\/\/insulation.trocellen.com\/de\/anwendungen\/wand-und-dachisolation\/trocellen-dachprofile\/","title":{"rendered":"Trocellen Dachprofile"},"content":{"rendered":"<p>Mechanische Festigkeit und Langlebigkeit sind entscheidende Qualit\u00e4tskriterien f\u00fcr Dachprofile. Mit flexiblen und hochwertigen L\u00f6sungen und als Anbieter der wahrscheinlich langlebigsten D\u00e4mmstoffe, erf\u00fcllt Trocellen diese Kriterien auf ganzer Linie.<\/p>\n<h2>Das Produkt<\/h2>\n<ul>\n<li>Material: chemisch vernetzter PE-Schaum, geschlossenzellig<\/li>\n<li>Dichte: 30 kg\/m\u00b2<\/li>\n<li>Dicke: 25 bis 35 mm<\/li>\n<li>Zweifarbig<\/li>\n<li>Gelieferte Teile montagefertig mit pr\u00e4ziser Schnittgeometrie<\/li>\n<\/ul>\n<h3>Eigenschaften<\/h3>\n<ul>\n<li>Medienbest\u00e4ndig &#8211; keine Kondensation, kein Bakterienbefall<\/li>\n<li>Wasserfest<\/li>\n<li>Mechanische Festigkeit &#8211; hohe Bruch- und Rei\u00dffestigkeit<\/li>\n<li>Hohe W\u00e4rmed\u00e4mmung &#8211; geringer Energieverlust<\/li>\n<li>Geruchloses Material \u2013 kein Beschlagen<\/li>\n<li>Ma\u00dfgeschneiderte L\u00f6sungen &#8211; Bel\u00fcftung, Befestigung<\/li>\n<li>Einfache Montage &#8211; hohe Flexibilit\u00e4t, gutes R\u00fcckstellverhalten<\/li>\n<\/ul>\n<h3>Vorteile<\/h3>\n<ul>\n<li>Farblich passend zur Bedachung und pr\u00e4zise Geometrie<\/li>\n<li>Effektiv, hohe Kosten- und Zeitersparnis<\/li>\n<li>Einfache Be- und Verarbeitung<\/li>\n<li>Einfache Handhabung und Lagerung<\/li>\n<li>Erf\u00fcllung der Kundenerwartungen<\/li>\n<li>Gew\u00e4hrleistet lange Lebensdauer des Systems<\/li>\n<\/ul>\n","protected":false},"excerpt":{"rendered":"<p>Mechanische Festigkeit und Langlebigkeit sind entscheidende Qualit\u00e4tskriterien f\u00fcr Dachprofile. Mit flexiblen und hochwertigen L\u00f6sungen und als Anbieter der wahrscheinlich langlebigsten D\u00e4mmstoffe, erf\u00fcllt Trocellen diese Kriterien auf ganzer Linie. Das Produkt Material: chemisch vernetzter PE-Schaum, geschlossenzellig Dichte: 30 kg\/m\u00b2 Dicke: 25 bis 35 mm Zweifarbig Gelieferte Teile montagefertig mit pr\u00e4ziser Schnittgeometrie Eigenschaften Medienbest\u00e4ndig &#8211; keine Kondensation, [&hellip;]<\/p>\n","protected":false},"author":1,"featured_media":8901,"parent":4300,"menu_order":300,"comment_status":"open","ping_status":"closed","template":"templates\/applications.php","meta":{"_acf_changed":false,"footnotes":""},"class_list":["post-4342","page","type-page","status-publish","has-post-thumbnail","hentry"],"acf":[],"yoast_head":"<!-- This site is optimized with the Yoast SEO plugin v23.5 - https:\/\/yoast.com\/wordpress\/plugins\/seo\/ -->\n<title>Dachprofile passen sich in Farbe und Pr\u00e4zision des Dachs an<\/title>\n<meta name=\"description\" content=\"Die Trocellen-Dachprofile k\u00f6nnen nach Ma\u00df gefertigt werden und sind durch pr\u00e4zise Schnittgeometrie einbaufertig. Langlebige D\u00e4mmung, einfache Installation.\" \/>\n<meta name=\"robots\" content=\"index, follow, max-snippet:-1, max-image-preview:large, max-video-preview:-1\" \/>\n<link rel=\"canonical\" href=\"https:\/\/insulation.trocellen.com\/de\/anwendungen\/wand-und-dachisolation\/trocellen-dachprofile\/\" \/>\n<meta property=\"og:locale\" content=\"de_DE\" \/>\n<meta property=\"og:type\" content=\"article\" \/>\n<meta property=\"og:title\" content=\"Dachprofile passen sich in Farbe und Pr\u00e4zision des Dachs an\" \/>\n<meta property=\"og:description\" content=\"Die Trocellen-Dachprofile k\u00f6nnen nach Ma\u00df gefertigt werden und sind durch pr\u00e4zise Schnittgeometrie einbaufertig. Langlebige D\u00e4mmung, einfache Installation.\" \/>\n<meta property=\"og:url\" content=\"https:\/\/insulation.trocellen.com\/de\/anwendungen\/wand-und-dachisolation\/trocellen-dachprofile\/\" \/>\n<meta property=\"og:site_name\" content=\"Trocellen Insulation\" \/>\n<meta property=\"article:modified_time\" content=\"2023-07-10T12:37:02+00:00\" \/>\n<meta property=\"og:image\" content=\"https:\/\/insulation.trocellen.com\/wp-content\/uploads\/sites\/6\/2023\/05\/roof-fejlec.jpg\" \/>\n\t<meta property=\"og:image:width\" content=\"1920\" \/>\n\t<meta property=\"og:image:height\" content=\"300\" \/>\n\t<meta property=\"og:image:type\" content=\"image\/jpeg\" \/>\n<meta name=\"twitter:card\" content=\"summary_large_image\" \/>\n<meta name=\"twitter:label1\" content=\"Gesch\u00e4tzte Lesezeit\" \/>\n\t<meta name=\"twitter:data1\" content=\"1\u00a0Minute\" \/>\n<script type=\"application\/ld+json\" class=\"yoast-schema-graph\">{\"@context\":\"https:\/\/schema.org\",\"@graph\":[{\"@type\":\"WebPage\",\"@id\":\"https:\/\/insulation.trocellen.com\/de\/anwendungen\/wand-und-dachisolation\/trocellen-dachprofile\/\",\"url\":\"https:\/\/insulation.trocellen.com\/de\/anwendungen\/wand-und-dachisolation\/trocellen-dachprofile\/\",\"name\":\"Dachprofile passen sich in Farbe und Pr\u00e4zision des Dachs an\",\"isPartOf\":{\"@id\":\"https:\/\/insulation.trocellen.com\/de\/#website\"},\"primaryImageOfPage\":{\"@id\":\"https:\/\/insulation.trocellen.com\/de\/anwendungen\/wand-und-dachisolation\/trocellen-dachprofile\/#primaryimage\"},\"image\":{\"@id\":\"https:\/\/insulation.trocellen.com\/de\/anwendungen\/wand-und-dachisolation\/trocellen-dachprofile\/#primaryimage\"},\"thumbnailUrl\":\"https:\/\/insulation.trocellen.com\/wp-content\/uploads\/sites\/6\/2023\/05\/roof-fejlec.jpg\",\"datePublished\":\"2015-09-30T07:54:31+00:00\",\"dateModified\":\"2023-07-10T12:37:02+00:00\",\"description\":\"Die Trocellen-Dachprofile k\u00f6nnen nach Ma\u00df gefertigt werden und sind durch pr\u00e4zise Schnittgeometrie einbaufertig. Langlebige D\u00e4mmung, einfache Installation.\",\"breadcrumb\":{\"@id\":\"https:\/\/insulation.trocellen.com\/de\/anwendungen\/wand-und-dachisolation\/trocellen-dachprofile\/#breadcrumb\"},\"inLanguage\":\"de\",\"potentialAction\":[{\"@type\":\"ReadAction\",\"target\":[\"https:\/\/insulation.trocellen.com\/de\/anwendungen\/wand-und-dachisolation\/trocellen-dachprofile\/\"]}]},{\"@type\":\"ImageObject\",\"inLanguage\":\"de\",\"@id\":\"https:\/\/insulation.trocellen.com\/de\/anwendungen\/wand-und-dachisolation\/trocellen-dachprofile\/#primaryimage\",\"url\":\"https:\/\/insulation.trocellen.com\/wp-content\/uploads\/sites\/6\/2023\/05\/roof-fejlec.jpg\",\"contentUrl\":\"https:\/\/insulation.trocellen.com\/wp-content\/uploads\/sites\/6\/2023\/05\/roof-fejlec.jpg\",\"width\":1920,\"height\":300},{\"@type\":\"BreadcrumbList\",\"@id\":\"https:\/\/insulation.trocellen.com\/de\/anwendungen\/wand-und-dachisolation\/trocellen-dachprofile\/#breadcrumb\",\"itemListElement\":[{\"@type\":\"ListItem\",\"position\":1,\"name\":\"Home\",\"item\":\"https:\/\/insulation.trocellen.com\/de\/\"},{\"@type\":\"ListItem\",\"position\":2,\"name\":\"Anwendungen\",\"item\":\"https:\/\/insulation.trocellen.com\/de\/anwendungen\/\"},{\"@type\":\"ListItem\",\"position\":3,\"name\":\"WAND- UND DACHISOLATION\",\"item\":\"https:\/\/insulation.trocellen.com\/de\/anwendungen\/wand-und-dachisolation\/\"},{\"@type\":\"ListItem\",\"position\":4,\"name\":\"Trocellen Dachprofile\"}]},{\"@type\":\"WebSite\",\"@id\":\"https:\/\/insulation.trocellen.com\/de\/#website\",\"url\":\"https:\/\/insulation.trocellen.com\/de\/\",\"name\":\"Trocellen Insulation\",\"description\":\"\",\"potentialAction\":[{\"@type\":\"SearchAction\",\"target\":{\"@type\":\"EntryPoint\",\"urlTemplate\":\"https:\/\/insulation.trocellen.com\/de\/?s={search_term_string}\"},\"query-input\":{\"@type\":\"PropertyValueSpecification\",\"valueRequired\":true,\"valueName\":\"search_term_string\"}}],\"inLanguage\":\"de\"}]}<\/script>\n<!-- \/ Yoast SEO plugin. -->","yoast_head_json":{"title":"Dachprofile passen sich in Farbe und Pr\u00e4zision des Dachs an","description":"Die Trocellen-Dachprofile k\u00f6nnen nach Ma\u00df gefertigt werden und sind durch pr\u00e4zise Schnittgeometrie einbaufertig. Langlebige D\u00e4mmung, einfache Installation.","robots":{"index":"index","follow":"follow","max-snippet":"max-snippet:-1","max-image-preview":"max-image-preview:large","max-video-preview":"max-video-preview:-1"},"canonical":"https:\/\/insulation.trocellen.com\/de\/anwendungen\/wand-und-dachisolation\/trocellen-dachprofile\/","og_locale":"de_DE","og_type":"article","og_title":"Dachprofile passen sich in Farbe und Pr\u00e4zision des Dachs an","og_description":"Die Trocellen-Dachprofile k\u00f6nnen nach Ma\u00df gefertigt werden und sind durch pr\u00e4zise Schnittgeometrie einbaufertig. Langlebige D\u00e4mmung, einfache Installation.","og_url":"https:\/\/insulation.trocellen.com\/de\/anwendungen\/wand-und-dachisolation\/trocellen-dachprofile\/","og_site_name":"Trocellen Insulation","article_modified_time":"2023-07-10T12:37:02+00:00","og_image":[{"width":1920,"height":300,"url":"https:\/\/insulation.trocellen.com\/wp-content\/uploads\/sites\/6\/2023\/05\/roof-fejlec.jpg","type":"image\/jpeg"}],"twitter_card":"summary_large_image","twitter_misc":{"Gesch\u00e4tzte Lesezeit":"1\u00a0Minute"},"schema":{"@context":"https:\/\/schema.org","@graph":[{"@type":"WebPage","@id":"https:\/\/insulation.trocellen.com\/de\/anwendungen\/wand-und-dachisolation\/trocellen-dachprofile\/","url":"https:\/\/insulation.trocellen.com\/de\/anwendungen\/wand-und-dachisolation\/trocellen-dachprofile\/","name":"Dachprofile passen sich in Farbe und Pr\u00e4zision des Dachs an","isPartOf":{"@id":"https:\/\/insulation.trocellen.com\/de\/#website"},"primaryImageOfPage":{"@id":"https:\/\/insulation.trocellen.com\/de\/anwendungen\/wand-und-dachisolation\/trocellen-dachprofile\/#primaryimage"},"image":{"@id":"https:\/\/insulation.trocellen.com\/de\/anwendungen\/wand-und-dachisolation\/trocellen-dachprofile\/#primaryimage"},"thumbnailUrl":"https:\/\/insulation.trocellen.com\/wp-content\/uploads\/sites\/6\/2023\/05\/roof-fejlec.jpg","datePublished":"2015-09-30T07:54:31+00:00","dateModified":"2023-07-10T12:37:02+00:00","description":"Die Trocellen-Dachprofile k\u00f6nnen nach Ma\u00df gefertigt werden und sind durch pr\u00e4zise Schnittgeometrie einbaufertig. Langlebige D\u00e4mmung, einfache Installation.","breadcrumb":{"@id":"https:\/\/insulation.trocellen.com\/de\/anwendungen\/wand-und-dachisolation\/trocellen-dachprofile\/#breadcrumb"},"inLanguage":"de","potentialAction":[{"@type":"ReadAction","target":["https:\/\/insulation.trocellen.com\/de\/anwendungen\/wand-und-dachisolation\/trocellen-dachprofile\/"]}]},{"@type":"ImageObject","inLanguage":"de","@id":"https:\/\/insulation.trocellen.com\/de\/anwendungen\/wand-und-dachisolation\/trocellen-dachprofile\/#primaryimage","url":"https:\/\/insulation.trocellen.com\/wp-content\/uploads\/sites\/6\/2023\/05\/roof-fejlec.jpg","contentUrl":"https:\/\/insulation.trocellen.com\/wp-content\/uploads\/sites\/6\/2023\/05\/roof-fejlec.jpg","width":1920,"height":300},{"@type":"BreadcrumbList","@id":"https:\/\/insulation.trocellen.com\/de\/anwendungen\/wand-und-dachisolation\/trocellen-dachprofile\/#breadcrumb","itemListElement":[{"@type":"ListItem","position":1,"name":"Home","item":"https:\/\/insulation.trocellen.com\/de\/"},{"@type":"ListItem","position":2,"name":"Anwendungen","item":"https:\/\/insulation.trocellen.com\/de\/anwendungen\/"},{"@type":"ListItem","position":3,"name":"WAND- UND DACHISOLATION","item":"https:\/\/insulation.trocellen.com\/de\/anwendungen\/wand-und-dachisolation\/"},{"@type":"ListItem","position":4,"name":"Trocellen Dachprofile"}]},{"@type":"WebSite","@id":"https:\/\/insulation.trocellen.com\/de\/#website","url":"https:\/\/insulation.trocellen.com\/de\/","name":"Trocellen Insulation","description":"","potentialAction":[{"@type":"SearchAction","target":{"@type":"EntryPoint","urlTemplate":"https:\/\/insulation.trocellen.com\/de\/?s={search_term_string}"},"query-input":{"@type":"PropertyValueSpecification","valueRequired":true,"valueName":"search_term_string"}}],"inLanguage":"de"}]}},"_links":{"self":[{"href":"https:\/\/insulation.trocellen.com\/de\/wp-json\/wp\/v2\/pages\/4342","targetHints":{"allow":["GET"]}}],"collection":[{"href":"https:\/\/insulation.trocellen.com\/de\/wp-json\/wp\/v2\/pages"}],"about":[{"href":"https:\/\/insulation.trocellen.com\/de\/wp-json\/wp\/v2\/types\/page"}],"author":[{"embeddable":true,"href":"https:\/\/insulation.trocellen.com\/de\/wp-json\/wp\/v2\/users\/1"}],"replies":[{"embeddable":true,"href":"https:\/\/insulation.trocellen.com\/de\/wp-json\/wp\/v2\/comments?post=4342"}],"version-history":[{"count":1,"href":"https:\/\/insulation.trocellen.com\/de\/wp-json\/wp\/v2\/pages\/4342\/revisions"}],"predecessor-version":[{"id":4828,"href":"https:\/\/insulation.trocellen.com\/de\/wp-json\/wp\/v2\/pages\/4342\/revisions\/4828"}],"up":[{"embeddable":true,"href":"https:\/\/insulation.trocellen.com\/de\/wp-json\/wp\/v2\/pages\/4300"}],"wp:featuredmedia":[{"embeddable":true,"href":"https:\/\/insulation.trocellen.com\/de\/wp-json\/wp\/v2\/media\/8901"}],"wp:attachment":[{"href":"https:\/\/insulation.trocellen.com\/de\/wp-json\/wp\/v2\/media?parent=4342"}],"curies":[{"name":"wp","href":"https:\/\/api.w.org\/{rel}","templated":true}]}}