{"id":4336,"date":"2015-09-30T07:52:53","date_gmt":"2015-09-30T07:52:53","guid":{"rendered":"https:\/\/insulation-new.trocellen.com\/trocellen-high-temp\/"},"modified":"2023-10-20T12:34:48","modified_gmt":"2023-10-20T12:34:48","slug":"trocellen-high-temp","status":"publish","type":"page","link":"https:\/\/insulation.trocellen.com\/de\/anwendungen\/thermal-isolierung\/trocellen-high-temp\/","title":{"rendered":"Trocellen HIGH TEMP"},"content":{"rendered":"<h2>Trocellen HIGH TEMP Rohrd\u00e4mmung<\/h2>\n<p><img loading=\"lazy\" decoding=\"async\" class=\"alignnone size-full wp-image-1269\" src=\"https:\/\/insulation.trocellen.com\/wp-content\/uploads\/sites\/6\/2015\/09\/hightemp1.jpg\" alt=\"hightemp1\" width=\"300\" height=\"209\" \/><\/p>\n<h3>Vorteile<\/h3>\n<ul>\n<li>Langlebiger, geschlossenzelliger Polyethylenschaumstoff.<\/li>\n<li>\u00dcber 23 Jahre hinweg konstanter D\u00e4mmwert, u. U. sogar l\u00e4nger.*<\/li>\n<li>Sauber, toxikologisch unbedenklich, dauerhafter Schutz gegen Schimmel- und Bakterienbefall, geruchlos<\/li>\n<li>Feuerbest\u00e4ndig.<\/li>\n<li>Keine Wasseraufnahme.<\/li>\n<li>Hohe Flexibilit\u00e4t zur Anpassung an spitzen Winkeln und hohe Robustheit.<\/li>\n<li>F\u00fcr den Innen- und Au\u00dfenbereich.<\/li>\n<li>\u00c4u\u00dferst wirtschaftlich.<\/li>\n<\/ul>\n<h3>Eigenschaften<\/h3>\n<table class=\"green-table\" border=\"0\">\n<thead>\n<tr>\n<th class=\"green-table-first-cell\" colspan=\"2\" scope=\"col\">Eigenschaften<\/th>\n<\/tr>\n<\/thead>\n<tbody>\n<tr>\n<th scope=\"row\">Anwendung<\/th>\n<td>Verhindert den W\u00e4rmeverlust des Systems<\/td>\n<\/tr>\n<tr>\n<th scope=\"row\">Temperaturbest\u00e4ndigkeit<\/th>\n<td>180 \u00b0C (H\u00f6chsttemperatur); 150 \u00b0C (Betriebstemperatur)<\/td>\n<\/tr>\n<tr>\n<th scope=\"row\">Material<\/th>\n<td>Chemisch vernetzter Polyolefinschaumstoff mit aufkaschiertem Polyestervlies<\/td>\n<\/tr>\n<tr>\n<th scope=\"row\">D\u00e4mmeigenschaften<\/th>\n<td>Lambda-Wert 0,0359 W\/mK bei 10 \u00b0C (kombiniert)<\/td>\n<\/tr>\n<tr>\n<th scope=\"row\">Wasserdurchl\u00e4ssigkeit<\/th>\n<td>\u00b5 -Wert: &gt; 7.000<\/td>\n<\/tr>\n<tr>\n<th scope=\"row\">UV-Best\u00e4ndigkeit<\/th>\n<td>Mindestens 1,5 Jahre (EN ISO 4892-2\/06)<\/td>\n<\/tr>\n<tr>\n<th scope=\"row\">Brandschutzklasse<\/th>\n<td>CL1 (D.M. 26\/06\/84);<br \/>\nB2 (DIN 4102\/B2)<\/td>\n<\/tr>\n<\/tbody>\n<\/table>\n<h3>Produktpalette<\/h3>\n<table class=\"green-table\" border=\"0\">\n<thead>\n<tr>\n<th class=\"green-table-first-cell\" colspan=\"6\" scope=\"col\">Trocellen High Temp &#8211; Rohrisolation Produktpalette<\/th>\n<\/tr>\n<\/thead>\n<tbody>\n<tr>\n<td style=\"text-align: center;\">Dicke (mm)<\/td>\n<td style=\"text-align: center;\" colspan=\"5\">Innendurchmesser (mm)<\/td>\n<\/tr>\n<tr>\n<td style=\"text-align: center;\">13<\/td>\n<td style=\"text-align: center;\">18,0<\/td>\n<td style=\"text-align: center;\">22,0<\/td>\n<td style=\"text-align: center;\">28,0<\/td>\n<td style=\"text-align: center;\"><\/td>\n<td style=\"text-align: center;\"><\/td>\n<\/tr>\n<tr>\n<td style=\"text-align: center;\">20<\/td>\n<td style=\"text-align: center;\">18,0<\/td>\n<td style=\"text-align: center;\">22,0<\/td>\n<td style=\"text-align: center;\">28,0<\/td>\n<td style=\"text-align: center;\">35,0<\/td>\n<td style=\"text-align: center;\">42,0<\/td>\n<\/tr>\n<tr>\n<td style=\"text-align: center;\" colspan=\"6\">Standardl\u00e4nge 2.0 m &#8211; Kartonverpackung<\/td>\n<\/tr>\n<\/tbody>\n<\/table>\n<p><small>*Die Pr\u00fcfung von Trocellen nach 23-j\u00e4hriger Betriebsdauer ergab einen unver\u00e4nderten D\u00e4mmwert. Pr\u00fcfbericht auf Anfrage erh\u00e4ltlich.<\/small><\/p>\n","protected":false},"excerpt":{"rendered":"<p>Trocellen HIGH TEMP Rohrd\u00e4mmung Vorteile Langlebiger, geschlossenzelliger Polyethylenschaumstoff. \u00dcber 23 Jahre hinweg konstanter D\u00e4mmwert, u. U. sogar l\u00e4nger.* Sauber, toxikologisch unbedenklich, dauerhafter Schutz gegen Schimmel- und Bakterienbefall, geruchlos Feuerbest\u00e4ndig. Keine Wasseraufnahme. Hohe Flexibilit\u00e4t zur Anpassung an spitzen Winkeln und hohe Robustheit. F\u00fcr den Innen- und Au\u00dfenbereich. \u00c4u\u00dferst wirtschaftlich. Eigenschaften Eigenschaften Anwendung Verhindert den W\u00e4rmeverlust des [&hellip;]<\/p>\n","protected":false},"author":1,"featured_media":8802,"parent":4294,"menu_order":100,"comment_status":"open","ping_status":"closed","template":"templates\/applications.php","meta":{"_acf_changed":false,"footnotes":""},"class_list":["post-4336","page","type-page","status-publish","has-post-thumbnail","hentry"],"acf":[],"yoast_head":"<!-- This site is optimized with the Yoast SEO plugin v23.5 - https:\/\/yoast.com\/wordpress\/plugins\/seo\/ -->\n<title>High-Temp f\u00fcr die Isolierung von Kupferrohren<\/title>\n<meta name=\"description\" content=\"High-Temp besteht aus einem langlebigen PE-Isolierschaum, der so flexibel und stark ist, dass er sich an jede Form und Verwendungsart anpasst\" \/>\n<meta name=\"robots\" content=\"index, follow, max-snippet:-1, max-image-preview:large, max-video-preview:-1\" \/>\n<link rel=\"canonical\" href=\"https:\/\/insulation.trocellen.com\/de\/anwendungen\/thermal-isolierung\/trocellen-high-temp\/\" \/>\n<meta property=\"og:locale\" content=\"de_DE\" \/>\n<meta property=\"og:type\" content=\"article\" \/>\n<meta property=\"og:title\" content=\"High-Temp f\u00fcr die Isolierung von Kupferrohren\" \/>\n<meta property=\"og:description\" content=\"High-Temp besteht aus einem langlebigen PE-Isolierschaum, der so flexibel und stark ist, dass er sich an jede Form und Verwendungsart anpasst\" \/>\n<meta property=\"og:url\" content=\"https:\/\/insulation.trocellen.com\/de\/anwendungen\/thermal-isolierung\/trocellen-high-temp\/\" \/>\n<meta property=\"og:site_name\" content=\"Trocellen Insulation\" \/>\n<meta property=\"article:modified_time\" content=\"2023-10-20T12:34:48+00:00\" \/>\n<meta property=\"og:image\" content=\"https:\/\/insulation.trocellen.com\/wp-content\/uploads\/sites\/6\/2023\/05\/high-temp-fejlec.jpg\" \/>\n\t<meta property=\"og:image:width\" content=\"1920\" \/>\n\t<meta property=\"og:image:height\" content=\"300\" \/>\n\t<meta property=\"og:image:type\" content=\"image\/jpeg\" \/>\n<meta name=\"twitter:card\" content=\"summary_large_image\" \/>\n<meta name=\"twitter:label1\" content=\"Gesch\u00e4tzte Lesezeit\" \/>\n\t<meta name=\"twitter:data1\" content=\"1\u00a0Minute\" \/>\n<script type=\"application\/ld+json\" class=\"yoast-schema-graph\">{\"@context\":\"https:\/\/schema.org\",\"@graph\":[{\"@type\":\"WebPage\",\"@id\":\"https:\/\/insulation.trocellen.com\/de\/anwendungen\/thermal-isolierung\/trocellen-high-temp\/\",\"url\":\"https:\/\/insulation.trocellen.com\/de\/anwendungen\/thermal-isolierung\/trocellen-high-temp\/\",\"name\":\"High-Temp f\u00fcr die Isolierung von Kupferrohren\",\"isPartOf\":{\"@id\":\"https:\/\/insulation.trocellen.com\/de\/#website\"},\"primaryImageOfPage\":{\"@id\":\"https:\/\/insulation.trocellen.com\/de\/anwendungen\/thermal-isolierung\/trocellen-high-temp\/#primaryimage\"},\"image\":{\"@id\":\"https:\/\/insulation.trocellen.com\/de\/anwendungen\/thermal-isolierung\/trocellen-high-temp\/#primaryimage\"},\"thumbnailUrl\":\"https:\/\/insulation.trocellen.com\/wp-content\/uploads\/sites\/6\/2023\/05\/high-temp-fejlec.jpg\",\"datePublished\":\"2015-09-30T07:52:53+00:00\",\"dateModified\":\"2023-10-20T12:34:48+00:00\",\"description\":\"High-Temp besteht aus einem langlebigen PE-Isolierschaum, der so flexibel und stark ist, dass er sich an jede Form und Verwendungsart anpasst\",\"breadcrumb\":{\"@id\":\"https:\/\/insulation.trocellen.com\/de\/anwendungen\/thermal-isolierung\/trocellen-high-temp\/#breadcrumb\"},\"inLanguage\":\"de\",\"potentialAction\":[{\"@type\":\"ReadAction\",\"target\":[\"https:\/\/insulation.trocellen.com\/de\/anwendungen\/thermal-isolierung\/trocellen-high-temp\/\"]}]},{\"@type\":\"ImageObject\",\"inLanguage\":\"de\",\"@id\":\"https:\/\/insulation.trocellen.com\/de\/anwendungen\/thermal-isolierung\/trocellen-high-temp\/#primaryimage\",\"url\":\"https:\/\/insulation.trocellen.com\/wp-content\/uploads\/sites\/6\/2023\/05\/high-temp-fejlec.jpg\",\"contentUrl\":\"https:\/\/insulation.trocellen.com\/wp-content\/uploads\/sites\/6\/2023\/05\/high-temp-fejlec.jpg\",\"width\":1920,\"height\":300},{\"@type\":\"BreadcrumbList\",\"@id\":\"https:\/\/insulation.trocellen.com\/de\/anwendungen\/thermal-isolierung\/trocellen-high-temp\/#breadcrumb\",\"itemListElement\":[{\"@type\":\"ListItem\",\"position\":1,\"name\":\"Home\",\"item\":\"https:\/\/insulation.trocellen.com\/de\/\"},{\"@type\":\"ListItem\",\"position\":2,\"name\":\"Anwendungen\",\"item\":\"https:\/\/insulation.trocellen.com\/de\/anwendungen\/\"},{\"@type\":\"ListItem\",\"position\":3,\"name\":\"Thermal isolierung\",\"item\":\"https:\/\/insulation.trocellen.com\/de\/anwendungen\/thermal-isolierung\/\"},{\"@type\":\"ListItem\",\"position\":4,\"name\":\"Trocellen HIGH TEMP\"}]},{\"@type\":\"WebSite\",\"@id\":\"https:\/\/insulation.trocellen.com\/de\/#website\",\"url\":\"https:\/\/insulation.trocellen.com\/de\/\",\"name\":\"Trocellen Insulation\",\"description\":\"\",\"potentialAction\":[{\"@type\":\"SearchAction\",\"target\":{\"@type\":\"EntryPoint\",\"urlTemplate\":\"https:\/\/insulation.trocellen.com\/de\/?s={search_term_string}\"},\"query-input\":{\"@type\":\"PropertyValueSpecification\",\"valueRequired\":true,\"valueName\":\"search_term_string\"}}],\"inLanguage\":\"de\"}]}<\/script>\n<!-- \/ Yoast SEO plugin. -->","yoast_head_json":{"title":"High-Temp f\u00fcr die Isolierung von Kupferrohren","description":"High-Temp besteht aus einem langlebigen PE-Isolierschaum, der so flexibel und stark ist, dass er sich an jede Form und Verwendungsart anpasst","robots":{"index":"index","follow":"follow","max-snippet":"max-snippet:-1","max-image-preview":"max-image-preview:large","max-video-preview":"max-video-preview:-1"},"canonical":"https:\/\/insulation.trocellen.com\/de\/anwendungen\/thermal-isolierung\/trocellen-high-temp\/","og_locale":"de_DE","og_type":"article","og_title":"High-Temp f\u00fcr die Isolierung von Kupferrohren","og_description":"High-Temp besteht aus einem langlebigen PE-Isolierschaum, der so flexibel und stark ist, dass er sich an jede Form und Verwendungsart anpasst","og_url":"https:\/\/insulation.trocellen.com\/de\/anwendungen\/thermal-isolierung\/trocellen-high-temp\/","og_site_name":"Trocellen Insulation","article_modified_time":"2023-10-20T12:34:48+00:00","og_image":[{"width":1920,"height":300,"url":"https:\/\/insulation.trocellen.com\/wp-content\/uploads\/sites\/6\/2023\/05\/high-temp-fejlec.jpg","type":"image\/jpeg"}],"twitter_card":"summary_large_image","twitter_misc":{"Gesch\u00e4tzte Lesezeit":"1\u00a0Minute"},"schema":{"@context":"https:\/\/schema.org","@graph":[{"@type":"WebPage","@id":"https:\/\/insulation.trocellen.com\/de\/anwendungen\/thermal-isolierung\/trocellen-high-temp\/","url":"https:\/\/insulation.trocellen.com\/de\/anwendungen\/thermal-isolierung\/trocellen-high-temp\/","name":"High-Temp f\u00fcr die Isolierung von Kupferrohren","isPartOf":{"@id":"https:\/\/insulation.trocellen.com\/de\/#website"},"primaryImageOfPage":{"@id":"https:\/\/insulation.trocellen.com\/de\/anwendungen\/thermal-isolierung\/trocellen-high-temp\/#primaryimage"},"image":{"@id":"https:\/\/insulation.trocellen.com\/de\/anwendungen\/thermal-isolierung\/trocellen-high-temp\/#primaryimage"},"thumbnailUrl":"https:\/\/insulation.trocellen.com\/wp-content\/uploads\/sites\/6\/2023\/05\/high-temp-fejlec.jpg","datePublished":"2015-09-30T07:52:53+00:00","dateModified":"2023-10-20T12:34:48+00:00","description":"High-Temp besteht aus einem langlebigen PE-Isolierschaum, der so flexibel und stark ist, dass er sich an jede Form und Verwendungsart anpasst","breadcrumb":{"@id":"https:\/\/insulation.trocellen.com\/de\/anwendungen\/thermal-isolierung\/trocellen-high-temp\/#breadcrumb"},"inLanguage":"de","potentialAction":[{"@type":"ReadAction","target":["https:\/\/insulation.trocellen.com\/de\/anwendungen\/thermal-isolierung\/trocellen-high-temp\/"]}]},{"@type":"ImageObject","inLanguage":"de","@id":"https:\/\/insulation.trocellen.com\/de\/anwendungen\/thermal-isolierung\/trocellen-high-temp\/#primaryimage","url":"https:\/\/insulation.trocellen.com\/wp-content\/uploads\/sites\/6\/2023\/05\/high-temp-fejlec.jpg","contentUrl":"https:\/\/insulation.trocellen.com\/wp-content\/uploads\/sites\/6\/2023\/05\/high-temp-fejlec.jpg","width":1920,"height":300},{"@type":"BreadcrumbList","@id":"https:\/\/insulation.trocellen.com\/de\/anwendungen\/thermal-isolierung\/trocellen-high-temp\/#breadcrumb","itemListElement":[{"@type":"ListItem","position":1,"name":"Home","item":"https:\/\/insulation.trocellen.com\/de\/"},{"@type":"ListItem","position":2,"name":"Anwendungen","item":"https:\/\/insulation.trocellen.com\/de\/anwendungen\/"},{"@type":"ListItem","position":3,"name":"Thermal isolierung","item":"https:\/\/insulation.trocellen.com\/de\/anwendungen\/thermal-isolierung\/"},{"@type":"ListItem","position":4,"name":"Trocellen HIGH TEMP"}]},{"@type":"WebSite","@id":"https:\/\/insulation.trocellen.com\/de\/#website","url":"https:\/\/insulation.trocellen.com\/de\/","name":"Trocellen Insulation","description":"","potentialAction":[{"@type":"SearchAction","target":{"@type":"EntryPoint","urlTemplate":"https:\/\/insulation.trocellen.com\/de\/?s={search_term_string}"},"query-input":{"@type":"PropertyValueSpecification","valueRequired":true,"valueName":"search_term_string"}}],"inLanguage":"de"}]}},"_links":{"self":[{"href":"https:\/\/insulation.trocellen.com\/de\/wp-json\/wp\/v2\/pages\/4336","targetHints":{"allow":["GET"]}}],"collection":[{"href":"https:\/\/insulation.trocellen.com\/de\/wp-json\/wp\/v2\/pages"}],"about":[{"href":"https:\/\/insulation.trocellen.com\/de\/wp-json\/wp\/v2\/types\/page"}],"author":[{"embeddable":true,"href":"https:\/\/insulation.trocellen.com\/de\/wp-json\/wp\/v2\/users\/1"}],"replies":[{"embeddable":true,"href":"https:\/\/insulation.trocellen.com\/de\/wp-json\/wp\/v2\/comments?post=4336"}],"version-history":[{"count":6,"href":"https:\/\/insulation.trocellen.com\/de\/wp-json\/wp\/v2\/pages\/4336\/revisions"}],"predecessor-version":[{"id":10126,"href":"https:\/\/insulation.trocellen.com\/de\/wp-json\/wp\/v2\/pages\/4336\/revisions\/10126"}],"up":[{"embeddable":true,"href":"https:\/\/insulation.trocellen.com\/de\/wp-json\/wp\/v2\/pages\/4294"}],"wp:featuredmedia":[{"embeddable":true,"href":"https:\/\/insulation.trocellen.com\/de\/wp-json\/wp\/v2\/media\/8802"}],"wp:attachment":[{"href":"https:\/\/insulation.trocellen.com\/de\/wp-json\/wp\/v2\/media?parent=4336"}],"curies":[{"name":"wp","href":"https:\/\/api.w.org\/{rel}","templated":true}]}}