{"id":4330,"date":"2015-09-30T07:50:12","date_gmt":"2015-09-30T07:50:12","guid":{"rendered":"https:\/\/insulation-new.trocellen.com\/trocellen-manschetten-rollen-und-platten-zur-rohrdammung\/"},"modified":"2024-04-08T11:42:25","modified_gmt":"2024-04-08T11:42:25","slug":"trocellen-manschetten-rollen-und-platten-zur-rohrdammung","status":"publish","type":"page","link":"https:\/\/insulation.trocellen.com\/de\/anwendungen\/thermal-isolierung\/trocellen-manschetten-rollen-und-platten-zur-rohrdammung\/","title":{"rendered":"Trocellen Manschetten, Rollen und Platten zur Rohrd\u00e4mmung"},"content":{"rendered":"\n<p>Gem\u00e4\u00df den aktuellen Bestimmungen m\u00fcssen Heizanlagen und Verteilungsleitungen f\u00fcr hei\u00dfe Fl\u00fcssigkeiten und Wasserdampf fachgerecht ged\u00e4mmt werden, um eine m\u00f6glichst hohe Energieeffizienz und Arbeitssicherheit zu gew\u00e4hrleisten und dabei gleichzeitig f\u00fcr mehr Komfort zu sorgen.<\/p>\n\n\n\n<h3 class=\"wp-block-heading\">W\u00e4rmed\u00e4mmung f\u00fcr Heizanlagen<\/h3>\n\n\n\n<p>Trocellen bietet eine gro\u00dfe Auswahl an W\u00e4rmed\u00e4mmung f\u00fcr Heizanlagen in \u00dcbereinstimmung mit den unterschiedlichsten nationalen Bestimmungen an.<\/p>\n\n\n\n<p>Trocellen &#8211; die wahrscheinlich langlebigsten D\u00e4mmstoffe.<\/p>\n\n\n\n<h2 class=\"wp-block-heading has-text-color\" style=\"color:#4ea346\">Manschetten, Rollen und Platten<\/h2>\n\n\n\n<p>Unsere Manschetten, Rollen und Platten bieten eine dauerhafte Leistungsf\u00e4higkeit, ausgezeichnete W\u00e4rmeleitf\u00e4higkeit, \u00fcberdurchschnittliche Wasserdampfdiffusion und selbstverst\u00e4ndlich eine einfache Montage \u2013 unabh\u00e4ngig davon, ob f\u00fcr die D\u00e4mmung von einzelnen Rohren oder spitzwinkligen Verbindungsstellen, gebogenen Abschnitten, T-Verbindungen, Flanschen etc.<\/p>\n\n\n\n<h3 class=\"wp-block-heading\">Produktpalette<\/h3>\n\n\n\n<ul class=\"wp-block-list\">\n<li>Trocellen Isocompact: AL\/CL1, CL1\/ALU-NET, Klasse AL (CE-Kennzeichnung)<\/li>\n\n\n\n<li>Trocellen Manschetten: AL, AL\/CL Klasse AL (CE-Kennzeichnung)<\/li>\n\n\n\n<li>Trocellen Rollen: AL, AL\/CL1, CL1\/ALU-NET, Klasse AL (CE-Kennzeichnung)<\/li>\n\n\n\n<li>Trocellen Platten<\/li>\n<\/ul>\n\n\n\n<h3 class=\"wp-block-heading\">Eigenschaften:<\/h3>\n\n\n\n<ul class=\"wp-block-list\">\n<li>Chemisch vernetzter PE-Schaumstoff<\/li>\n\n\n\n<li>Laminiert mit aufgepr\u00e4gter Metallschicht<\/li>\n<\/ul>\n","protected":false},"excerpt":{"rendered":"<p>Gem\u00e4\u00df den aktuellen Bestimmungen m\u00fcssen Heizanlagen und Verteilungsleitungen f\u00fcr hei\u00dfe Fl\u00fcssigkeiten und Wasserdampf fachgerecht ged\u00e4mmt werden, um eine m\u00f6glichst hohe Energieeffizienz und Arbeitssicherheit zu gew\u00e4hrleisten und dabei gleichzeitig f\u00fcr mehr Komfort zu sorgen. W\u00e4rmed\u00e4mmung f\u00fcr Heizanlagen Trocellen bietet eine gro\u00dfe Auswahl an W\u00e4rmed\u00e4mmung f\u00fcr Heizanlagen in \u00dcbereinstimmung mit den unterschiedlichsten nationalen Bestimmungen an. Trocellen &#8211; [&hellip;]<\/p>\n","protected":false},"author":1,"featured_media":8821,"parent":4294,"menu_order":400,"comment_status":"open","ping_status":"closed","template":"templates\/applications.php","meta":{"_acf_changed":false,"footnotes":""},"class_list":["post-4330","page","type-page","status-publish","has-post-thumbnail","hentry"],"acf":[],"yoast_head":"<!-- This site is optimized with the Yoast SEO plugin v23.5 - https:\/\/yoast.com\/wordpress\/plugins\/seo\/ -->\n<title>L\u00f6sungen f\u00fcr die W\u00e4rmed\u00e4mmung von Heizungsanlagen<\/title>\n<meta name=\"description\" content=\"Trocellen-Verkleidung, -Rollen und -Bahnen sind langlebig, haben eine hervorragende W\u00e4rmeleitf\u00e4higkeit, Dampfbest\u00e4ndigkeit und sind einfach zu installieren\" \/>\n<meta name=\"robots\" content=\"index, follow, max-snippet:-1, max-image-preview:large, max-video-preview:-1\" \/>\n<link rel=\"canonical\" href=\"https:\/\/insulation.trocellen.com\/de\/anwendungen\/thermal-isolierung\/trocellen-manschetten-rollen-und-platten-zur-rohrdammung\/\" \/>\n<meta property=\"og:locale\" content=\"de_DE\" \/>\n<meta property=\"og:type\" content=\"article\" \/>\n<meta property=\"og:title\" content=\"L\u00f6sungen f\u00fcr die W\u00e4rmed\u00e4mmung von Heizungsanlagen\" \/>\n<meta property=\"og:description\" content=\"Trocellen-Verkleidung, -Rollen und -Bahnen sind langlebig, haben eine hervorragende W\u00e4rmeleitf\u00e4higkeit, Dampfbest\u00e4ndigkeit und sind einfach zu installieren\" \/>\n<meta property=\"og:url\" content=\"https:\/\/insulation.trocellen.com\/de\/anwendungen\/thermal-isolierung\/trocellen-manschetten-rollen-und-platten-zur-rohrdammung\/\" \/>\n<meta property=\"og:site_name\" content=\"Trocellen Insulation\" \/>\n<meta property=\"article:modified_time\" content=\"2024-04-08T11:42:25+00:00\" \/>\n<meta property=\"og:image\" content=\"https:\/\/insulation.trocellen.com\/wp-content\/uploads\/sites\/6\/2023\/05\/foam-imit-fejlec.jpg\" \/>\n\t<meta property=\"og:image:width\" content=\"1920\" \/>\n\t<meta property=\"og:image:height\" content=\"300\" \/>\n\t<meta property=\"og:image:type\" content=\"image\/jpeg\" \/>\n<meta name=\"twitter:card\" content=\"summary_large_image\" \/>\n<meta name=\"twitter:label1\" content=\"Gesch\u00e4tzte Lesezeit\" \/>\n\t<meta name=\"twitter:data1\" content=\"1\u00a0Minute\" \/>\n<script type=\"application\/ld+json\" class=\"yoast-schema-graph\">{\"@context\":\"https:\/\/schema.org\",\"@graph\":[{\"@type\":\"WebPage\",\"@id\":\"https:\/\/insulation.trocellen.com\/de\/anwendungen\/thermal-isolierung\/trocellen-manschetten-rollen-und-platten-zur-rohrdammung\/\",\"url\":\"https:\/\/insulation.trocellen.com\/de\/anwendungen\/thermal-isolierung\/trocellen-manschetten-rollen-und-platten-zur-rohrdammung\/\",\"name\":\"L\u00f6sungen f\u00fcr die W\u00e4rmed\u00e4mmung von Heizungsanlagen\",\"isPartOf\":{\"@id\":\"https:\/\/insulation.trocellen.com\/de\/#website\"},\"primaryImageOfPage\":{\"@id\":\"https:\/\/insulation.trocellen.com\/de\/anwendungen\/thermal-isolierung\/trocellen-manschetten-rollen-und-platten-zur-rohrdammung\/#primaryimage\"},\"image\":{\"@id\":\"https:\/\/insulation.trocellen.com\/de\/anwendungen\/thermal-isolierung\/trocellen-manschetten-rollen-und-platten-zur-rohrdammung\/#primaryimage\"},\"thumbnailUrl\":\"https:\/\/insulation.trocellen.com\/wp-content\/uploads\/sites\/6\/2023\/05\/foam-imit-fejlec.jpg\",\"datePublished\":\"2015-09-30T07:50:12+00:00\",\"dateModified\":\"2024-04-08T11:42:25+00:00\",\"description\":\"Trocellen-Verkleidung, -Rollen und -Bahnen sind langlebig, haben eine hervorragende W\u00e4rmeleitf\u00e4higkeit, Dampfbest\u00e4ndigkeit und sind einfach zu installieren\",\"breadcrumb\":{\"@id\":\"https:\/\/insulation.trocellen.com\/de\/anwendungen\/thermal-isolierung\/trocellen-manschetten-rollen-und-platten-zur-rohrdammung\/#breadcrumb\"},\"inLanguage\":\"de\",\"potentialAction\":[{\"@type\":\"ReadAction\",\"target\":[\"https:\/\/insulation.trocellen.com\/de\/anwendungen\/thermal-isolierung\/trocellen-manschetten-rollen-und-platten-zur-rohrdammung\/\"]}]},{\"@type\":\"ImageObject\",\"inLanguage\":\"de\",\"@id\":\"https:\/\/insulation.trocellen.com\/de\/anwendungen\/thermal-isolierung\/trocellen-manschetten-rollen-und-platten-zur-rohrdammung\/#primaryimage\",\"url\":\"https:\/\/insulation.trocellen.com\/wp-content\/uploads\/sites\/6\/2023\/05\/foam-imit-fejlec.jpg\",\"contentUrl\":\"https:\/\/insulation.trocellen.com\/wp-content\/uploads\/sites\/6\/2023\/05\/foam-imit-fejlec.jpg\",\"width\":1920,\"height\":300},{\"@type\":\"BreadcrumbList\",\"@id\":\"https:\/\/insulation.trocellen.com\/de\/anwendungen\/thermal-isolierung\/trocellen-manschetten-rollen-und-platten-zur-rohrdammung\/#breadcrumb\",\"itemListElement\":[{\"@type\":\"ListItem\",\"position\":1,\"name\":\"Home\",\"item\":\"https:\/\/insulation.trocellen.com\/de\/\"},{\"@type\":\"ListItem\",\"position\":2,\"name\":\"Anwendungen\",\"item\":\"https:\/\/insulation.trocellen.com\/de\/anwendungen\/\"},{\"@type\":\"ListItem\",\"position\":3,\"name\":\"Thermal isolierung\",\"item\":\"https:\/\/insulation.trocellen.com\/de\/anwendungen\/thermal-isolierung\/\"},{\"@type\":\"ListItem\",\"position\":4,\"name\":\"Trocellen Manschetten, Rollen und Platten zur Rohrd\u00e4mmung\"}]},{\"@type\":\"WebSite\",\"@id\":\"https:\/\/insulation.trocellen.com\/de\/#website\",\"url\":\"https:\/\/insulation.trocellen.com\/de\/\",\"name\":\"Trocellen Insulation\",\"description\":\"\",\"potentialAction\":[{\"@type\":\"SearchAction\",\"target\":{\"@type\":\"EntryPoint\",\"urlTemplate\":\"https:\/\/insulation.trocellen.com\/de\/?s={search_term_string}\"},\"query-input\":{\"@type\":\"PropertyValueSpecification\",\"valueRequired\":true,\"valueName\":\"search_term_string\"}}],\"inLanguage\":\"de\"}]}<\/script>\n<!-- \/ Yoast SEO plugin. -->","yoast_head_json":{"title":"L\u00f6sungen f\u00fcr die W\u00e4rmed\u00e4mmung von Heizungsanlagen","description":"Trocellen-Verkleidung, -Rollen und -Bahnen sind langlebig, haben eine hervorragende W\u00e4rmeleitf\u00e4higkeit, Dampfbest\u00e4ndigkeit und sind einfach zu installieren","robots":{"index":"index","follow":"follow","max-snippet":"max-snippet:-1","max-image-preview":"max-image-preview:large","max-video-preview":"max-video-preview:-1"},"canonical":"https:\/\/insulation.trocellen.com\/de\/anwendungen\/thermal-isolierung\/trocellen-manschetten-rollen-und-platten-zur-rohrdammung\/","og_locale":"de_DE","og_type":"article","og_title":"L\u00f6sungen f\u00fcr die W\u00e4rmed\u00e4mmung von Heizungsanlagen","og_description":"Trocellen-Verkleidung, -Rollen und -Bahnen sind langlebig, haben eine hervorragende W\u00e4rmeleitf\u00e4higkeit, Dampfbest\u00e4ndigkeit und sind einfach zu installieren","og_url":"https:\/\/insulation.trocellen.com\/de\/anwendungen\/thermal-isolierung\/trocellen-manschetten-rollen-und-platten-zur-rohrdammung\/","og_site_name":"Trocellen Insulation","article_modified_time":"2024-04-08T11:42:25+00:00","og_image":[{"width":1920,"height":300,"url":"https:\/\/insulation.trocellen.com\/wp-content\/uploads\/sites\/6\/2023\/05\/foam-imit-fejlec.jpg","type":"image\/jpeg"}],"twitter_card":"summary_large_image","twitter_misc":{"Gesch\u00e4tzte Lesezeit":"1\u00a0Minute"},"schema":{"@context":"https:\/\/schema.org","@graph":[{"@type":"WebPage","@id":"https:\/\/insulation.trocellen.com\/de\/anwendungen\/thermal-isolierung\/trocellen-manschetten-rollen-und-platten-zur-rohrdammung\/","url":"https:\/\/insulation.trocellen.com\/de\/anwendungen\/thermal-isolierung\/trocellen-manschetten-rollen-und-platten-zur-rohrdammung\/","name":"L\u00f6sungen f\u00fcr die W\u00e4rmed\u00e4mmung von Heizungsanlagen","isPartOf":{"@id":"https:\/\/insulation.trocellen.com\/de\/#website"},"primaryImageOfPage":{"@id":"https:\/\/insulation.trocellen.com\/de\/anwendungen\/thermal-isolierung\/trocellen-manschetten-rollen-und-platten-zur-rohrdammung\/#primaryimage"},"image":{"@id":"https:\/\/insulation.trocellen.com\/de\/anwendungen\/thermal-isolierung\/trocellen-manschetten-rollen-und-platten-zur-rohrdammung\/#primaryimage"},"thumbnailUrl":"https:\/\/insulation.trocellen.com\/wp-content\/uploads\/sites\/6\/2023\/05\/foam-imit-fejlec.jpg","datePublished":"2015-09-30T07:50:12+00:00","dateModified":"2024-04-08T11:42:25+00:00","description":"Trocellen-Verkleidung, -Rollen und -Bahnen sind langlebig, haben eine hervorragende W\u00e4rmeleitf\u00e4higkeit, Dampfbest\u00e4ndigkeit und sind einfach zu installieren","breadcrumb":{"@id":"https:\/\/insulation.trocellen.com\/de\/anwendungen\/thermal-isolierung\/trocellen-manschetten-rollen-und-platten-zur-rohrdammung\/#breadcrumb"},"inLanguage":"de","potentialAction":[{"@type":"ReadAction","target":["https:\/\/insulation.trocellen.com\/de\/anwendungen\/thermal-isolierung\/trocellen-manschetten-rollen-und-platten-zur-rohrdammung\/"]}]},{"@type":"ImageObject","inLanguage":"de","@id":"https:\/\/insulation.trocellen.com\/de\/anwendungen\/thermal-isolierung\/trocellen-manschetten-rollen-und-platten-zur-rohrdammung\/#primaryimage","url":"https:\/\/insulation.trocellen.com\/wp-content\/uploads\/sites\/6\/2023\/05\/foam-imit-fejlec.jpg","contentUrl":"https:\/\/insulation.trocellen.com\/wp-content\/uploads\/sites\/6\/2023\/05\/foam-imit-fejlec.jpg","width":1920,"height":300},{"@type":"BreadcrumbList","@id":"https:\/\/insulation.trocellen.com\/de\/anwendungen\/thermal-isolierung\/trocellen-manschetten-rollen-und-platten-zur-rohrdammung\/#breadcrumb","itemListElement":[{"@type":"ListItem","position":1,"name":"Home","item":"https:\/\/insulation.trocellen.com\/de\/"},{"@type":"ListItem","position":2,"name":"Anwendungen","item":"https:\/\/insulation.trocellen.com\/de\/anwendungen\/"},{"@type":"ListItem","position":3,"name":"Thermal isolierung","item":"https:\/\/insulation.trocellen.com\/de\/anwendungen\/thermal-isolierung\/"},{"@type":"ListItem","position":4,"name":"Trocellen Manschetten, Rollen und Platten zur Rohrd\u00e4mmung"}]},{"@type":"WebSite","@id":"https:\/\/insulation.trocellen.com\/de\/#website","url":"https:\/\/insulation.trocellen.com\/de\/","name":"Trocellen Insulation","description":"","potentialAction":[{"@type":"SearchAction","target":{"@type":"EntryPoint","urlTemplate":"https:\/\/insulation.trocellen.com\/de\/?s={search_term_string}"},"query-input":{"@type":"PropertyValueSpecification","valueRequired":true,"valueName":"search_term_string"}}],"inLanguage":"de"}]}},"_links":{"self":[{"href":"https:\/\/insulation.trocellen.com\/de\/wp-json\/wp\/v2\/pages\/4330","targetHints":{"allow":["GET"]}}],"collection":[{"href":"https:\/\/insulation.trocellen.com\/de\/wp-json\/wp\/v2\/pages"}],"about":[{"href":"https:\/\/insulation.trocellen.com\/de\/wp-json\/wp\/v2\/types\/page"}],"author":[{"embeddable":true,"href":"https:\/\/insulation.trocellen.com\/de\/wp-json\/wp\/v2\/users\/1"}],"replies":[{"embeddable":true,"href":"https:\/\/insulation.trocellen.com\/de\/wp-json\/wp\/v2\/comments?post=4330"}],"version-history":[{"count":7,"href":"https:\/\/insulation.trocellen.com\/de\/wp-json\/wp\/v2\/pages\/4330\/revisions"}],"predecessor-version":[{"id":10731,"href":"https:\/\/insulation.trocellen.com\/de\/wp-json\/wp\/v2\/pages\/4330\/revisions\/10731"}],"up":[{"embeddable":true,"href":"https:\/\/insulation.trocellen.com\/de\/wp-json\/wp\/v2\/pages\/4294"}],"wp:featuredmedia":[{"embeddable":true,"href":"https:\/\/insulation.trocellen.com\/de\/wp-json\/wp\/v2\/media\/8821"}],"wp:attachment":[{"href":"https:\/\/insulation.trocellen.com\/de\/wp-json\/wp\/v2\/media?parent=4330"}],"curies":[{"name":"wp","href":"https:\/\/api.w.org\/{rel}","templated":true}]}}