{"id":4324,"date":"2015-09-30T07:47:58","date_gmt":"2015-09-30T07:47:58","guid":{"rendered":"https:\/\/insulation-new.trocellen.com\/trocellen-isocompact-zur-rohrdammung\/"},"modified":"2024-04-08T11:41:10","modified_gmt":"2024-04-08T11:41:10","slug":"trocellen-isocompact-zur-rohrdammung","status":"publish","type":"page","link":"https:\/\/insulation.trocellen.com\/de\/anwendungen\/thermal-isolierung\/trocellen-isocompact-zur-rohrdammung\/","title":{"rendered":"Trocellen Isocompact zur Rohrd\u00e4mmung"},"content":{"rendered":"\n<p>Gem\u00e4\u00df den aktuellen Bestimmungen m\u00fcssen Heizanlagen und Verteilungsleitungen f\u00fcr hei\u00dfe Fl\u00fcssigkeiten und Wasserdampf fachgerecht ged\u00e4mmt werden, um eine m\u00f6glichst hohe Energieeffizienz und Arbeitssicherheit zu gew\u00e4hrleisten und dabei gleichzeitig f\u00fcr mehr Komfort zu sorgen.<\/p>\n\n\n\n<figure class=\"wp-block-image\"><a href=\"https:\/\/insulation.trocellen.com\/wp-content\/uploads\/sites\/6\/2015\/09\/isocompact2.jpg\" rel=\"attachment wp-att-1332\"><img decoding=\"async\" src=\"https:\/\/insulation.trocellen.com\/wp-content\/uploads\/sites\/6\/2015\/09\/isocompact2-1024x632.jpg\" alt=\"isocompact2\" class=\"wp-image-1332\" \/><\/a><\/figure>\n\n\n\n<h2 class=\"wp-block-heading\">W\u00e4rmed\u00e4mmung f\u00fcr Heizanlagen<\/h2>\n\n\n\n<p>Trocellen bietet eine gro\u00dfe Auswahl an W\u00e4rmed\u00e4mmung f\u00fcr Heizanlagen in \u00dcbereinstimmung mit den unterschiedlichsten nationalen Bestimmungen an.<\/p>\n\n\n\n<h3 class=\"wp-block-heading\">Isocompact<\/h3>\n\n\n\n<p>Isocompact wurde f\u00fcr h\u00f6chste technische Anspr\u00fcche mit sehr hoher W\u00e4rmed\u00e4mmung entwickelt. Trocellen Isocompact eignet sich f\u00fcr die Rohrd\u00e4mmung in nicht-beheizten R\u00e4umen und im Au\u00dfenbereich.<\/p>\n\n\n\n<figure class=\"wp-block-image\"><a href=\"https:\/\/insulation.trocellen.com\/wp-content\/uploads\/sites\/6\/2015\/09\/isocompact1.jpg\" rel=\"attachment wp-att-1331\"><img decoding=\"async\" src=\"https:\/\/insulation.trocellen.com\/wp-content\/uploads\/sites\/6\/2015\/09\/isocompact1-1024x631.jpg\" alt=\"isocompact1\" class=\"wp-image-1331\" \/><\/a><\/figure>\n\n\n\n<h2 class=\"wp-block-heading\">Eigenschaften::<\/h2>\n\n\n\n<ul class=\"wp-block-list\">\n<li>chemisch vernetzter PE-Schaumstoff<\/li>\n\n\n\n<li>Mehrschichtmanschetten mit unterschiedlichen Dicken<\/li>\n\n\n\n<li>Au\u00dfenseitig aufkaschiert mit kratzfester Metallpr\u00e4gefolie oder mit armierter Aluminiumschicht<\/li>\n\n\n\n<li>In Italien Klasse 1 zertifiziert<\/li>\n\n\n\n<li>CE-Kennzeichnung Euroclass E<\/li>\n\n\n\n<li>Erreichbare Ausf\u00fchrungen: Rohrmantel, Rolle, Blatten<\/li>\n<\/ul>\n","protected":false},"excerpt":{"rendered":"<p>Gem\u00e4\u00df den aktuellen Bestimmungen m\u00fcssen Heizanlagen und Verteilungsleitungen f\u00fcr hei\u00dfe Fl\u00fcssigkeiten und Wasserdampf fachgerecht ged\u00e4mmt werden, um eine m\u00f6glichst hohe Energieeffizienz und Arbeitssicherheit zu gew\u00e4hrleisten und dabei gleichzeitig f\u00fcr mehr Komfort zu sorgen. W\u00e4rmed\u00e4mmung f\u00fcr Heizanlagen Trocellen bietet eine gro\u00dfe Auswahl an W\u00e4rmed\u00e4mmung f\u00fcr Heizanlagen in \u00dcbereinstimmung mit den unterschiedlichsten nationalen Bestimmungen an. Isocompact Isocompact [&hellip;]<\/p>\n","protected":false},"author":1,"featured_media":8815,"parent":4294,"menu_order":300,"comment_status":"open","ping_status":"closed","template":"templates\/applications.php","meta":{"_acf_changed":false,"footnotes":""},"class_list":["post-4324","page","type-page","status-publish","has-post-thumbnail","hentry"],"acf":[],"yoast_head":"<!-- This site is optimized with the Yoast SEO plugin v23.5 - https:\/\/yoast.com\/wordpress\/plugins\/seo\/ -->\n<title>Isocompact f\u00fcr Rohrw\u00e4rmed\u00e4mmung<\/title>\n<meta name=\"description\" content=\"Isocompact wird im Kalten oder im Freien aufgrund seiner sehr hohen W\u00e4rmed\u00e4mmeigenschaften genutzt. Mit metallisierter Folie oder Aluminium abgedeckt\" \/>\n<meta name=\"robots\" content=\"index, follow, max-snippet:-1, max-image-preview:large, max-video-preview:-1\" \/>\n<link rel=\"canonical\" href=\"https:\/\/insulation.trocellen.com\/de\/anwendungen\/thermal-isolierung\/trocellen-isocompact-zur-rohrdammung\/\" \/>\n<meta property=\"og:locale\" content=\"de_DE\" \/>\n<meta property=\"og:type\" content=\"article\" \/>\n<meta property=\"og:title\" content=\"Isocompact f\u00fcr Rohrw\u00e4rmed\u00e4mmung\" \/>\n<meta property=\"og:description\" content=\"Isocompact wird im Kalten oder im Freien aufgrund seiner sehr hohen W\u00e4rmed\u00e4mmeigenschaften genutzt. Mit metallisierter Folie oder Aluminium abgedeckt\" \/>\n<meta property=\"og:url\" content=\"https:\/\/insulation.trocellen.com\/de\/anwendungen\/thermal-isolierung\/trocellen-isocompact-zur-rohrdammung\/\" \/>\n<meta property=\"og:site_name\" content=\"Trocellen Insulation\" \/>\n<meta property=\"article:modified_time\" content=\"2024-04-08T11:41:10+00:00\" \/>\n<meta property=\"og:image\" content=\"https:\/\/insulation.trocellen.com\/wp-content\/uploads\/sites\/6\/2023\/05\/Isocompact-fejlec.jpg\" \/>\n\t<meta property=\"og:image:width\" content=\"1920\" \/>\n\t<meta property=\"og:image:height\" content=\"300\" \/>\n\t<meta property=\"og:image:type\" content=\"image\/jpeg\" \/>\n<meta name=\"twitter:card\" content=\"summary_large_image\" \/>\n<meta name=\"twitter:label1\" content=\"Gesch\u00e4tzte Lesezeit\" \/>\n\t<meta name=\"twitter:data1\" content=\"1\u00a0Minute\" \/>\n<script type=\"application\/ld+json\" class=\"yoast-schema-graph\">{\"@context\":\"https:\/\/schema.org\",\"@graph\":[{\"@type\":\"WebPage\",\"@id\":\"https:\/\/insulation.trocellen.com\/de\/anwendungen\/thermal-isolierung\/trocellen-isocompact-zur-rohrdammung\/\",\"url\":\"https:\/\/insulation.trocellen.com\/de\/anwendungen\/thermal-isolierung\/trocellen-isocompact-zur-rohrdammung\/\",\"name\":\"Isocompact f\u00fcr Rohrw\u00e4rmed\u00e4mmung\",\"isPartOf\":{\"@id\":\"https:\/\/insulation.trocellen.com\/de\/#website\"},\"primaryImageOfPage\":{\"@id\":\"https:\/\/insulation.trocellen.com\/de\/anwendungen\/thermal-isolierung\/trocellen-isocompact-zur-rohrdammung\/#primaryimage\"},\"image\":{\"@id\":\"https:\/\/insulation.trocellen.com\/de\/anwendungen\/thermal-isolierung\/trocellen-isocompact-zur-rohrdammung\/#primaryimage\"},\"thumbnailUrl\":\"https:\/\/insulation.trocellen.com\/wp-content\/uploads\/sites\/6\/2023\/05\/Isocompact-fejlec.jpg\",\"datePublished\":\"2015-09-30T07:47:58+00:00\",\"dateModified\":\"2024-04-08T11:41:10+00:00\",\"description\":\"Isocompact wird im Kalten oder im Freien aufgrund seiner sehr hohen W\u00e4rmed\u00e4mmeigenschaften genutzt. Mit metallisierter Folie oder Aluminium abgedeckt\",\"breadcrumb\":{\"@id\":\"https:\/\/insulation.trocellen.com\/de\/anwendungen\/thermal-isolierung\/trocellen-isocompact-zur-rohrdammung\/#breadcrumb\"},\"inLanguage\":\"de\",\"potentialAction\":[{\"@type\":\"ReadAction\",\"target\":[\"https:\/\/insulation.trocellen.com\/de\/anwendungen\/thermal-isolierung\/trocellen-isocompact-zur-rohrdammung\/\"]}]},{\"@type\":\"ImageObject\",\"inLanguage\":\"de\",\"@id\":\"https:\/\/insulation.trocellen.com\/de\/anwendungen\/thermal-isolierung\/trocellen-isocompact-zur-rohrdammung\/#primaryimage\",\"url\":\"https:\/\/insulation.trocellen.com\/wp-content\/uploads\/sites\/6\/2023\/05\/Isocompact-fejlec.jpg\",\"contentUrl\":\"https:\/\/insulation.trocellen.com\/wp-content\/uploads\/sites\/6\/2023\/05\/Isocompact-fejlec.jpg\",\"width\":1920,\"height\":300},{\"@type\":\"BreadcrumbList\",\"@id\":\"https:\/\/insulation.trocellen.com\/de\/anwendungen\/thermal-isolierung\/trocellen-isocompact-zur-rohrdammung\/#breadcrumb\",\"itemListElement\":[{\"@type\":\"ListItem\",\"position\":1,\"name\":\"Home\",\"item\":\"https:\/\/insulation.trocellen.com\/de\/\"},{\"@type\":\"ListItem\",\"position\":2,\"name\":\"Anwendungen\",\"item\":\"https:\/\/insulation.trocellen.com\/de\/anwendungen\/\"},{\"@type\":\"ListItem\",\"position\":3,\"name\":\"Thermal isolierung\",\"item\":\"https:\/\/insulation.trocellen.com\/de\/anwendungen\/thermal-isolierung\/\"},{\"@type\":\"ListItem\",\"position\":4,\"name\":\"Trocellen Isocompact zur Rohrd\u00e4mmung\"}]},{\"@type\":\"WebSite\",\"@id\":\"https:\/\/insulation.trocellen.com\/de\/#website\",\"url\":\"https:\/\/insulation.trocellen.com\/de\/\",\"name\":\"Trocellen Insulation\",\"description\":\"\",\"potentialAction\":[{\"@type\":\"SearchAction\",\"target\":{\"@type\":\"EntryPoint\",\"urlTemplate\":\"https:\/\/insulation.trocellen.com\/de\/?s={search_term_string}\"},\"query-input\":{\"@type\":\"PropertyValueSpecification\",\"valueRequired\":true,\"valueName\":\"search_term_string\"}}],\"inLanguage\":\"de\"}]}<\/script>\n<!-- \/ Yoast SEO plugin. -->","yoast_head_json":{"title":"Isocompact f\u00fcr Rohrw\u00e4rmed\u00e4mmung","description":"Isocompact wird im Kalten oder im Freien aufgrund seiner sehr hohen W\u00e4rmed\u00e4mmeigenschaften genutzt. Mit metallisierter Folie oder Aluminium abgedeckt","robots":{"index":"index","follow":"follow","max-snippet":"max-snippet:-1","max-image-preview":"max-image-preview:large","max-video-preview":"max-video-preview:-1"},"canonical":"https:\/\/insulation.trocellen.com\/de\/anwendungen\/thermal-isolierung\/trocellen-isocompact-zur-rohrdammung\/","og_locale":"de_DE","og_type":"article","og_title":"Isocompact f\u00fcr Rohrw\u00e4rmed\u00e4mmung","og_description":"Isocompact wird im Kalten oder im Freien aufgrund seiner sehr hohen W\u00e4rmed\u00e4mmeigenschaften genutzt. Mit metallisierter Folie oder Aluminium abgedeckt","og_url":"https:\/\/insulation.trocellen.com\/de\/anwendungen\/thermal-isolierung\/trocellen-isocompact-zur-rohrdammung\/","og_site_name":"Trocellen Insulation","article_modified_time":"2024-04-08T11:41:10+00:00","og_image":[{"width":1920,"height":300,"url":"https:\/\/insulation.trocellen.com\/wp-content\/uploads\/sites\/6\/2023\/05\/Isocompact-fejlec.jpg","type":"image\/jpeg"}],"twitter_card":"summary_large_image","twitter_misc":{"Gesch\u00e4tzte Lesezeit":"1\u00a0Minute"},"schema":{"@context":"https:\/\/schema.org","@graph":[{"@type":"WebPage","@id":"https:\/\/insulation.trocellen.com\/de\/anwendungen\/thermal-isolierung\/trocellen-isocompact-zur-rohrdammung\/","url":"https:\/\/insulation.trocellen.com\/de\/anwendungen\/thermal-isolierung\/trocellen-isocompact-zur-rohrdammung\/","name":"Isocompact f\u00fcr Rohrw\u00e4rmed\u00e4mmung","isPartOf":{"@id":"https:\/\/insulation.trocellen.com\/de\/#website"},"primaryImageOfPage":{"@id":"https:\/\/insulation.trocellen.com\/de\/anwendungen\/thermal-isolierung\/trocellen-isocompact-zur-rohrdammung\/#primaryimage"},"image":{"@id":"https:\/\/insulation.trocellen.com\/de\/anwendungen\/thermal-isolierung\/trocellen-isocompact-zur-rohrdammung\/#primaryimage"},"thumbnailUrl":"https:\/\/insulation.trocellen.com\/wp-content\/uploads\/sites\/6\/2023\/05\/Isocompact-fejlec.jpg","datePublished":"2015-09-30T07:47:58+00:00","dateModified":"2024-04-08T11:41:10+00:00","description":"Isocompact wird im Kalten oder im Freien aufgrund seiner sehr hohen W\u00e4rmed\u00e4mmeigenschaften genutzt. Mit metallisierter Folie oder Aluminium abgedeckt","breadcrumb":{"@id":"https:\/\/insulation.trocellen.com\/de\/anwendungen\/thermal-isolierung\/trocellen-isocompact-zur-rohrdammung\/#breadcrumb"},"inLanguage":"de","potentialAction":[{"@type":"ReadAction","target":["https:\/\/insulation.trocellen.com\/de\/anwendungen\/thermal-isolierung\/trocellen-isocompact-zur-rohrdammung\/"]}]},{"@type":"ImageObject","inLanguage":"de","@id":"https:\/\/insulation.trocellen.com\/de\/anwendungen\/thermal-isolierung\/trocellen-isocompact-zur-rohrdammung\/#primaryimage","url":"https:\/\/insulation.trocellen.com\/wp-content\/uploads\/sites\/6\/2023\/05\/Isocompact-fejlec.jpg","contentUrl":"https:\/\/insulation.trocellen.com\/wp-content\/uploads\/sites\/6\/2023\/05\/Isocompact-fejlec.jpg","width":1920,"height":300},{"@type":"BreadcrumbList","@id":"https:\/\/insulation.trocellen.com\/de\/anwendungen\/thermal-isolierung\/trocellen-isocompact-zur-rohrdammung\/#breadcrumb","itemListElement":[{"@type":"ListItem","position":1,"name":"Home","item":"https:\/\/insulation.trocellen.com\/de\/"},{"@type":"ListItem","position":2,"name":"Anwendungen","item":"https:\/\/insulation.trocellen.com\/de\/anwendungen\/"},{"@type":"ListItem","position":3,"name":"Thermal isolierung","item":"https:\/\/insulation.trocellen.com\/de\/anwendungen\/thermal-isolierung\/"},{"@type":"ListItem","position":4,"name":"Trocellen Isocompact zur Rohrd\u00e4mmung"}]},{"@type":"WebSite","@id":"https:\/\/insulation.trocellen.com\/de\/#website","url":"https:\/\/insulation.trocellen.com\/de\/","name":"Trocellen Insulation","description":"","potentialAction":[{"@type":"SearchAction","target":{"@type":"EntryPoint","urlTemplate":"https:\/\/insulation.trocellen.com\/de\/?s={search_term_string}"},"query-input":{"@type":"PropertyValueSpecification","valueRequired":true,"valueName":"search_term_string"}}],"inLanguage":"de"}]}},"_links":{"self":[{"href":"https:\/\/insulation.trocellen.com\/de\/wp-json\/wp\/v2\/pages\/4324","targetHints":{"allow":["GET"]}}],"collection":[{"href":"https:\/\/insulation.trocellen.com\/de\/wp-json\/wp\/v2\/pages"}],"about":[{"href":"https:\/\/insulation.trocellen.com\/de\/wp-json\/wp\/v2\/types\/page"}],"author":[{"embeddable":true,"href":"https:\/\/insulation.trocellen.com\/de\/wp-json\/wp\/v2\/users\/1"}],"replies":[{"embeddable":true,"href":"https:\/\/insulation.trocellen.com\/de\/wp-json\/wp\/v2\/comments?post=4324"}],"version-history":[{"count":7,"href":"https:\/\/insulation.trocellen.com\/de\/wp-json\/wp\/v2\/pages\/4324\/revisions"}],"predecessor-version":[{"id":10730,"href":"https:\/\/insulation.trocellen.com\/de\/wp-json\/wp\/v2\/pages\/4324\/revisions\/10730"}],"up":[{"embeddable":true,"href":"https:\/\/insulation.trocellen.com\/de\/wp-json\/wp\/v2\/pages\/4294"}],"wp:featuredmedia":[{"embeddable":true,"href":"https:\/\/insulation.trocellen.com\/de\/wp-json\/wp\/v2\/media\/8815"}],"wp:attachment":[{"href":"https:\/\/insulation.trocellen.com\/de\/wp-json\/wp\/v2\/media?parent=4324"}],"curies":[{"name":"wp","href":"https:\/\/api.w.org\/{rel}","templated":true}]}}