{"id":4318,"date":"2015-09-30T07:45:58","date_gmt":"2015-09-30T07:45:58","guid":{"rendered":"https:\/\/insulation-new.trocellen.com\/trocellen-zubehor\/"},"modified":"2024-04-08T11:38:31","modified_gmt":"2024-04-08T11:38:31","slug":"trocellen-zubehor","status":"publish","type":"page","link":"https:\/\/insulation.trocellen.com\/de\/anwendungen\/thermal-isolierung\/trocellen-zubehor\/","title":{"rendered":"Trocellen Zubeh\u00f6r"},"content":{"rendered":"\n<h2 class=\"wp-block-heading\">Einfache Montage<\/h2>\n\n\n\n<p>Wir bieten nicht nur die vielleicht besten und langlebigsten D\u00e4mmstoffe, sondern auch das Zubeh\u00f6r f\u00fcr eine einfache, dauerhafte und sichere Montage an.<\/p>\n\n\n\n<h2 class=\"wp-block-heading has-text-color\" style=\"color:#4ea346\">Matiblock<\/h2>\n\n\n\n<p>Spezialklebstoff zur Verklebung von Trocellen Dichtungen, Rollen und Platten.<\/p>\n\n\n\n<h3 class=\"wp-block-heading\">Merkmale:<\/h3>\n\n\n\n<ul class=\"wp-block-list\">\n<li>Synthetischer Klebstoff auf Polymerbasis, konform mit: Pr\u00e4sidialdekret Nr. 303 vom 19 M\u00e4rz 1956<\/li>\n\n\n\n<li>Enth\u00e4lt L\u00f6sungsmittel der Gruppen 30-41-39-33<\/li>\n\n\n\n<li>Benzol- und Xylolfrei<\/li>\n\n\n\n<li>Toluolgehalt unter 5 %<\/li>\n<\/ul>\n\n\n\n<h2 class=\"wp-block-heading has-text-color\" style=\"color:#4ea346\">Klebestreifen und -b\u00e4nder<\/h2>\n\n\n\n<p>F\u00fcr die fachm\u00e4nnische und optisch ansprechende Abdichtung von D\u00e4mmmaterial. Sie kommen unter anderem zum Einsatz bei:<\/p>\n\n\n\n<ul class=\"wp-block-list\">\n<li>Rohrleitungen, in denen die Anbringung von D\u00e4mmmanschetten schwierig ist<\/li>\n\n\n\n<li>Verbindungsstellen zwischen D\u00e4mmmanschetten und Platten, die zun\u00e4chst mit MATIBLOCK-Klebstoff verklebt werden m\u00fcssen.<\/li>\n<\/ul>\n\n\n\n<h3 class=\"wp-block-heading\">Produktpalette:<\/h3>\n\n\n\n<ul class=\"wp-block-list\">\n<li>Trocellen AL-Klebestreifen PE-Streifen mit aufgepr\u00e4gter Metallfolie<\/li>\n\n\n\n<li>Trocellen AL\/CL1-Klebestreifen: PE-Streifen der Klasse 1 mit aufgepr\u00e4gter Metallfolie.<\/li>\n\n\n\n<li>Trocellen Gummistreifen: mit Synthetikkautschuk<\/li>\n\n\n\n<li>Trocellen Klebeb\u00e4nder F\u00fcr die Au\u00dfenabdichtung von Verbindungsstellen.<\/li>\n\n\n\n<li>TROCELLEN AL\/CL1-Klebeb\u00e4nder<\/li>\n\n\n\n<li>Aluminiumklebeb\u00e4nder<\/li>\n<\/ul>\n\n\n\n<h2 class=\"wp-block-heading has-text-color\" style=\"color:#4ea346\">Trocellen Dichtungen<\/h2>\n\n\n\n<p>Der vernetzte PE-Schaumstoff von Trocellen wird zur Abdichtung von Luftkanal-, K\u00e4ltenanlagen-, Klimaanlagend\u00e4mmung usw. verwendet.<\/p>\n\n\n\n<h3 class=\"wp-block-heading\">Ma\u00dfe:<\/h3>\n\n\n\n<ul class=\"wp-block-list\">\n<li>Breite: 15 mm<\/li>\n\n\n\n<li>Dicke: 3 &#8211; 6 mm<\/li>\n\n\n\n<li>L\u00e4nge: 10 m<\/li>\n<\/ul>\n\n\n\n<p>andere Abmessungen k\u00f6nnen auf Anfrage abh\u00e4ngig von der bestellten Gr\u00f6\u00dfe in bestimmten<br>Mindestmengen hergestellt werden.<\/p>\n\n\n\n<h2 class=\"wp-block-heading has-text-color\" style=\"color:#4ea346\">Trocellen EPDM Dichtungen:<\/h2>\n\n\n\n<ul class=\"wp-block-list\">\n<li>Breite: 10-20-30-40 mm<\/li>\n\n\n\n<li>Dicke: 3-4-5-10 mm<\/li>\n\n\n\n<li>L\u00e4nge: 10 m (3-4 mm Dicken)<\/li>\n\n\n\n<li>4 m (5 mm Dicken)<\/li>\n<\/ul>\n","protected":false},"excerpt":{"rendered":"<p>Einfache Montage Wir bieten nicht nur die vielleicht besten und langlebigsten D\u00e4mmstoffe, sondern auch das Zubeh\u00f6r f\u00fcr eine einfache, dauerhafte und sichere Montage an. Matiblock Spezialklebstoff zur Verklebung von Trocellen Dichtungen, Rollen und Platten. Merkmale: Klebestreifen und -b\u00e4nder F\u00fcr die fachm\u00e4nnische und optisch ansprechende Abdichtung von D\u00e4mmmaterial. Sie kommen unter anderem zum Einsatz bei: Produktpalette: [&hellip;]<\/p>\n","protected":false},"author":1,"featured_media":8809,"parent":4294,"menu_order":200,"comment_status":"open","ping_status":"closed","template":"templates\/applications.php","meta":{"_acf_changed":false,"footnotes":""},"class_list":["post-4318","page","type-page","status-publish","has-post-thumbnail","hentry"],"acf":[],"yoast_head":"<!-- This site is optimized with the Yoast SEO plugin v23.5 - https:\/\/yoast.com\/wordpress\/plugins\/seo\/ -->\n<title>Trocellen-Zubeh\u00f6r: Dichtungen, B\u00e4nder und Kleber f\u00fcr Profis<\/title>\n<meta name=\"description\" content=\"Wir bieten nicht nur die wahrscheinlich langlebigsten D\u00e4mmstoffe, sondern auch das notwendige Zubeh\u00f6r f\u00fcr einfache, dauerhafte und sichere Installationen.\" \/>\n<meta name=\"robots\" content=\"index, follow, max-snippet:-1, max-image-preview:large, max-video-preview:-1\" \/>\n<link rel=\"canonical\" href=\"https:\/\/insulation.trocellen.com\/de\/anwendungen\/thermal-isolierung\/trocellen-zubehor\/\" \/>\n<meta property=\"og:locale\" content=\"de_DE\" \/>\n<meta property=\"og:type\" content=\"article\" \/>\n<meta property=\"og:title\" content=\"Trocellen-Zubeh\u00f6r: Dichtungen, B\u00e4nder und Kleber f\u00fcr Profis\" \/>\n<meta property=\"og:description\" content=\"Wir bieten nicht nur die wahrscheinlich langlebigsten D\u00e4mmstoffe, sondern auch das notwendige Zubeh\u00f6r f\u00fcr einfache, dauerhafte und sichere Installationen.\" \/>\n<meta property=\"og:url\" content=\"https:\/\/insulation.trocellen.com\/de\/anwendungen\/thermal-isolierung\/trocellen-zubehor\/\" \/>\n<meta property=\"og:site_name\" content=\"Trocellen Insulation\" \/>\n<meta property=\"article:modified_time\" content=\"2024-04-08T11:38:31+00:00\" \/>\n<meta property=\"og:image\" content=\"https:\/\/insulation.trocellen.com\/wp-content\/uploads\/sites\/6\/2023\/05\/accessories-fejlec-feltoltve.jpg\" \/>\n\t<meta property=\"og:image:width\" content=\"1920\" \/>\n\t<meta property=\"og:image:height\" content=\"300\" \/>\n\t<meta property=\"og:image:type\" content=\"image\/jpeg\" \/>\n<meta name=\"twitter:card\" content=\"summary_large_image\" \/>\n<meta name=\"twitter:label1\" content=\"Gesch\u00e4tzte Lesezeit\" \/>\n\t<meta name=\"twitter:data1\" content=\"1\u00a0Minute\" \/>\n<script type=\"application\/ld+json\" class=\"yoast-schema-graph\">{\"@context\":\"https:\/\/schema.org\",\"@graph\":[{\"@type\":\"WebPage\",\"@id\":\"https:\/\/insulation.trocellen.com\/de\/anwendungen\/thermal-isolierung\/trocellen-zubehor\/\",\"url\":\"https:\/\/insulation.trocellen.com\/de\/anwendungen\/thermal-isolierung\/trocellen-zubehor\/\",\"name\":\"Trocellen-Zubeh\u00f6r: Dichtungen, B\u00e4nder und Kleber f\u00fcr Profis\",\"isPartOf\":{\"@id\":\"https:\/\/insulation.trocellen.com\/de\/#website\"},\"primaryImageOfPage\":{\"@id\":\"https:\/\/insulation.trocellen.com\/de\/anwendungen\/thermal-isolierung\/trocellen-zubehor\/#primaryimage\"},\"image\":{\"@id\":\"https:\/\/insulation.trocellen.com\/de\/anwendungen\/thermal-isolierung\/trocellen-zubehor\/#primaryimage\"},\"thumbnailUrl\":\"https:\/\/insulation.trocellen.com\/wp-content\/uploads\/sites\/6\/2023\/05\/accessories-fejlec-feltoltve.jpg\",\"datePublished\":\"2015-09-30T07:45:58+00:00\",\"dateModified\":\"2024-04-08T11:38:31+00:00\",\"description\":\"Wir bieten nicht nur die wahrscheinlich langlebigsten D\u00e4mmstoffe, sondern auch das notwendige Zubeh\u00f6r f\u00fcr einfache, dauerhafte und sichere Installationen.\",\"breadcrumb\":{\"@id\":\"https:\/\/insulation.trocellen.com\/de\/anwendungen\/thermal-isolierung\/trocellen-zubehor\/#breadcrumb\"},\"inLanguage\":\"de\",\"potentialAction\":[{\"@type\":\"ReadAction\",\"target\":[\"https:\/\/insulation.trocellen.com\/de\/anwendungen\/thermal-isolierung\/trocellen-zubehor\/\"]}]},{\"@type\":\"ImageObject\",\"inLanguage\":\"de\",\"@id\":\"https:\/\/insulation.trocellen.com\/de\/anwendungen\/thermal-isolierung\/trocellen-zubehor\/#primaryimage\",\"url\":\"https:\/\/insulation.trocellen.com\/wp-content\/uploads\/sites\/6\/2023\/05\/accessories-fejlec-feltoltve.jpg\",\"contentUrl\":\"https:\/\/insulation.trocellen.com\/wp-content\/uploads\/sites\/6\/2023\/05\/accessories-fejlec-feltoltve.jpg\",\"width\":1920,\"height\":300},{\"@type\":\"BreadcrumbList\",\"@id\":\"https:\/\/insulation.trocellen.com\/de\/anwendungen\/thermal-isolierung\/trocellen-zubehor\/#breadcrumb\",\"itemListElement\":[{\"@type\":\"ListItem\",\"position\":1,\"name\":\"Home\",\"item\":\"https:\/\/insulation.trocellen.com\/de\/\"},{\"@type\":\"ListItem\",\"position\":2,\"name\":\"Anwendungen\",\"item\":\"https:\/\/insulation.trocellen.com\/de\/anwendungen\/\"},{\"@type\":\"ListItem\",\"position\":3,\"name\":\"Thermal isolierung\",\"item\":\"https:\/\/insulation.trocellen.com\/de\/anwendungen\/thermal-isolierung\/\"},{\"@type\":\"ListItem\",\"position\":4,\"name\":\"Trocellen Zubeh\u00f6r\"}]},{\"@type\":\"WebSite\",\"@id\":\"https:\/\/insulation.trocellen.com\/de\/#website\",\"url\":\"https:\/\/insulation.trocellen.com\/de\/\",\"name\":\"Trocellen Insulation\",\"description\":\"\",\"potentialAction\":[{\"@type\":\"SearchAction\",\"target\":{\"@type\":\"EntryPoint\",\"urlTemplate\":\"https:\/\/insulation.trocellen.com\/de\/?s={search_term_string}\"},\"query-input\":{\"@type\":\"PropertyValueSpecification\",\"valueRequired\":true,\"valueName\":\"search_term_string\"}}],\"inLanguage\":\"de\"}]}<\/script>\n<!-- \/ Yoast SEO plugin. -->","yoast_head_json":{"title":"Trocellen-Zubeh\u00f6r: Dichtungen, B\u00e4nder und Kleber f\u00fcr Profis","description":"Wir bieten nicht nur die wahrscheinlich langlebigsten D\u00e4mmstoffe, sondern auch das notwendige Zubeh\u00f6r f\u00fcr einfache, dauerhafte und sichere Installationen.","robots":{"index":"index","follow":"follow","max-snippet":"max-snippet:-1","max-image-preview":"max-image-preview:large","max-video-preview":"max-video-preview:-1"},"canonical":"https:\/\/insulation.trocellen.com\/de\/anwendungen\/thermal-isolierung\/trocellen-zubehor\/","og_locale":"de_DE","og_type":"article","og_title":"Trocellen-Zubeh\u00f6r: Dichtungen, B\u00e4nder und Kleber f\u00fcr Profis","og_description":"Wir bieten nicht nur die wahrscheinlich langlebigsten D\u00e4mmstoffe, sondern auch das notwendige Zubeh\u00f6r f\u00fcr einfache, dauerhafte und sichere Installationen.","og_url":"https:\/\/insulation.trocellen.com\/de\/anwendungen\/thermal-isolierung\/trocellen-zubehor\/","og_site_name":"Trocellen Insulation","article_modified_time":"2024-04-08T11:38:31+00:00","og_image":[{"width":1920,"height":300,"url":"https:\/\/insulation.trocellen.com\/wp-content\/uploads\/sites\/6\/2023\/05\/accessories-fejlec-feltoltve.jpg","type":"image\/jpeg"}],"twitter_card":"summary_large_image","twitter_misc":{"Gesch\u00e4tzte Lesezeit":"1\u00a0Minute"},"schema":{"@context":"https:\/\/schema.org","@graph":[{"@type":"WebPage","@id":"https:\/\/insulation.trocellen.com\/de\/anwendungen\/thermal-isolierung\/trocellen-zubehor\/","url":"https:\/\/insulation.trocellen.com\/de\/anwendungen\/thermal-isolierung\/trocellen-zubehor\/","name":"Trocellen-Zubeh\u00f6r: Dichtungen, B\u00e4nder und Kleber f\u00fcr Profis","isPartOf":{"@id":"https:\/\/insulation.trocellen.com\/de\/#website"},"primaryImageOfPage":{"@id":"https:\/\/insulation.trocellen.com\/de\/anwendungen\/thermal-isolierung\/trocellen-zubehor\/#primaryimage"},"image":{"@id":"https:\/\/insulation.trocellen.com\/de\/anwendungen\/thermal-isolierung\/trocellen-zubehor\/#primaryimage"},"thumbnailUrl":"https:\/\/insulation.trocellen.com\/wp-content\/uploads\/sites\/6\/2023\/05\/accessories-fejlec-feltoltve.jpg","datePublished":"2015-09-30T07:45:58+00:00","dateModified":"2024-04-08T11:38:31+00:00","description":"Wir bieten nicht nur die wahrscheinlich langlebigsten D\u00e4mmstoffe, sondern auch das notwendige Zubeh\u00f6r f\u00fcr einfache, dauerhafte und sichere Installationen.","breadcrumb":{"@id":"https:\/\/insulation.trocellen.com\/de\/anwendungen\/thermal-isolierung\/trocellen-zubehor\/#breadcrumb"},"inLanguage":"de","potentialAction":[{"@type":"ReadAction","target":["https:\/\/insulation.trocellen.com\/de\/anwendungen\/thermal-isolierung\/trocellen-zubehor\/"]}]},{"@type":"ImageObject","inLanguage":"de","@id":"https:\/\/insulation.trocellen.com\/de\/anwendungen\/thermal-isolierung\/trocellen-zubehor\/#primaryimage","url":"https:\/\/insulation.trocellen.com\/wp-content\/uploads\/sites\/6\/2023\/05\/accessories-fejlec-feltoltve.jpg","contentUrl":"https:\/\/insulation.trocellen.com\/wp-content\/uploads\/sites\/6\/2023\/05\/accessories-fejlec-feltoltve.jpg","width":1920,"height":300},{"@type":"BreadcrumbList","@id":"https:\/\/insulation.trocellen.com\/de\/anwendungen\/thermal-isolierung\/trocellen-zubehor\/#breadcrumb","itemListElement":[{"@type":"ListItem","position":1,"name":"Home","item":"https:\/\/insulation.trocellen.com\/de\/"},{"@type":"ListItem","position":2,"name":"Anwendungen","item":"https:\/\/insulation.trocellen.com\/de\/anwendungen\/"},{"@type":"ListItem","position":3,"name":"Thermal isolierung","item":"https:\/\/insulation.trocellen.com\/de\/anwendungen\/thermal-isolierung\/"},{"@type":"ListItem","position":4,"name":"Trocellen Zubeh\u00f6r"}]},{"@type":"WebSite","@id":"https:\/\/insulation.trocellen.com\/de\/#website","url":"https:\/\/insulation.trocellen.com\/de\/","name":"Trocellen Insulation","description":"","potentialAction":[{"@type":"SearchAction","target":{"@type":"EntryPoint","urlTemplate":"https:\/\/insulation.trocellen.com\/de\/?s={search_term_string}"},"query-input":{"@type":"PropertyValueSpecification","valueRequired":true,"valueName":"search_term_string"}}],"inLanguage":"de"}]}},"_links":{"self":[{"href":"https:\/\/insulation.trocellen.com\/de\/wp-json\/wp\/v2\/pages\/4318","targetHints":{"allow":["GET"]}}],"collection":[{"href":"https:\/\/insulation.trocellen.com\/de\/wp-json\/wp\/v2\/pages"}],"about":[{"href":"https:\/\/insulation.trocellen.com\/de\/wp-json\/wp\/v2\/types\/page"}],"author":[{"embeddable":true,"href":"https:\/\/insulation.trocellen.com\/de\/wp-json\/wp\/v2\/users\/1"}],"replies":[{"embeddable":true,"href":"https:\/\/insulation.trocellen.com\/de\/wp-json\/wp\/v2\/comments?post=4318"}],"version-history":[{"count":8,"href":"https:\/\/insulation.trocellen.com\/de\/wp-json\/wp\/v2\/pages\/4318\/revisions"}],"predecessor-version":[{"id":10728,"href":"https:\/\/insulation.trocellen.com\/de\/wp-json\/wp\/v2\/pages\/4318\/revisions\/10728"}],"up":[{"embeddable":true,"href":"https:\/\/insulation.trocellen.com\/de\/wp-json\/wp\/v2\/pages\/4294"}],"wp:featuredmedia":[{"embeddable":true,"href":"https:\/\/insulation.trocellen.com\/de\/wp-json\/wp\/v2\/media\/8809"}],"wp:attachment":[{"href":"https:\/\/insulation.trocellen.com\/de\/wp-json\/wp\/v2\/media?parent=4318"}],"curies":[{"name":"wp","href":"https:\/\/api.w.org\/{rel}","templated":true}]}}