{"id":4312,"date":"2015-09-30T07:43:00","date_gmt":"2015-09-30T07:43:00","guid":{"rendered":"https:\/\/insulation-new.trocellen.com\/oem-losungen-2\/"},"modified":"2024-04-08T12:09:33","modified_gmt":"2024-04-08T12:09:33","slug":"oem-losungen-2","status":"publish","type":"page","link":"https:\/\/insulation.trocellen.com\/de\/anwendungen\/oem-losungen\/oem-losungen-2\/","title":{"rendered":"OEM L\u00f6sungen"},"content":{"rendered":"<p>Trocellen bietet eine gro\u00dfe Produktauswahl f\u00fcr OEM- (Original Equipment Manufacturers, Erstausr\u00fcster) Anwendungen.<\/p>\n<p>D\u00e4mmstoffe von Trocellen sind f\u00fcr unterschiedlichste L\u00f6sungen ausgelegt und werden mithilfe bylocalen Technologien der OEM-Kunden montiert.<\/p>\n<p>Unsere Materialien sind \u00e4u\u00dferst langlebig und bieten eine dauerhafte thermische D\u00e4mmung sowie eine ausgezeichnete mechanische Stabilit\u00e4t.<\/p>\n<h2>Hauptanwendungsbereiche<\/h2>\n<ul>\n<li>Thermische Anwendungen und Vermeidung von Kondenswasserbildung an Maschinen<\/li>\n<li>Akustische Anwendungen, Ger\u00e4uschd\u00e4mpfung<\/li>\n<li>Schwingungs- und Ersch\u00fctterungsd\u00e4mpfung<\/li>\n<li>Ausnutzung ihrer mechanischen Eigenschaften<\/li>\n<\/ul>\n<h2>Trocellen-Produkte bieten Ihnen folgende Vorteile:<\/h2>\n<ul>\n<li>Erf\u00fcllung anspruchsvoller Kundenerwartungen<\/li>\n<li>Ma\u00dfgeschneiderte L\u00f6sungen<\/li>\n<li>Kosten- und Zeitersparnis bei der Montage<\/li>\n<li>Einfache Handhabung<\/li>\n<li>Einsatz einfacher Verarbeitungstechnologien m\u00f6glich<\/li>\n<li>Einfache Anbringung<\/li>\n<li>Lange Lebensdauer<\/li>\n<li>Optimales Preis-\/Leistungsverh\u00e4ltnis<\/li>\n<\/ul>\n<h2>Material<\/h2>\n<ul>\n<li>Material: chemisch vernetzter PE-Schaum<\/li>\n<li>Geschlossenzellig<\/li>\n<li>Arten: weich bis starr<\/li>\n<li>Dichte: 30 \u2013 180 kg\/m\u00b3<\/li>\n<li>Dicke: 3 bis 60 mm<\/li>\n<li>Rollen oder Platten<\/li>\n<li>Verschiedene Farben<\/li>\n<li>Mehrere Kaschiermaterialien<\/li>\n<li>Mit oder ohne Klebebeschichtung<\/li>\n<\/ul>\n<h2>Eigenschaften<\/h2>\n<ul>\n<li>Umweltschonend &#8211; toxikologisch unbedenklich, allergenfrei, schimmelresistent und wiederverwertbar<\/li>\n<li>Sauber &#8211; geruchloses Material, kein Beschlagen<\/li>\n<li>Dauerhaft konstante W\u00e4rme- und Akustikleistung<\/li>\n<li>Verwendung unter extrem kalten Bedingungen m\u00f6glich<\/li>\n<li>Sehr hohe W\u00e4rmed\u00e4mmung<\/li>\n<li>Impr\u00e4gnierung<\/li>\n<li>Mechanische Widerstandsf\u00e4higkeit &#8211; hohe Rei\u00df- und Bruchfestigkeit<\/li>\n<li>Leicht<\/li>\n<li>FCKW-frei<\/li>\n<li>Eine von Trocellen durchgef\u00fchrte Pr\u00fcfung der Materialeigenschaften nach 23-j\u00e4hriger Betriebsdauer ergab einen unver\u00e4nderten D\u00e4mmwert.<br \/>\nDer Pr\u00fcfbericht ist auf Anfrage erh\u00e4ltlich<\/li>\n<li>Stabile Struktur, dauerhafte Leistungsf\u00e4higkeit<\/li>\n<li>Einfache Reinigung<\/li>\n<\/ul>\n","protected":false},"excerpt":{"rendered":"<p>Trocellen bietet eine gro\u00dfe Produktauswahl f\u00fcr OEM- (Original Equipment Manufacturers, Erstausr\u00fcster) Anwendungen. D\u00e4mmstoffe von Trocellen sind f\u00fcr unterschiedlichste L\u00f6sungen ausgelegt und werden mithilfe bylocalen Technologien der OEM-Kunden montiert. Unsere Materialien sind \u00e4u\u00dferst langlebig und bieten eine dauerhafte thermische D\u00e4mmung sowie eine ausgezeichnete mechanische Stabilit\u00e4t. Hauptanwendungsbereiche Thermische Anwendungen und Vermeidung von Kondenswasserbildung an Maschinen Akustische Anwendungen, [&hellip;]<\/p>\n","protected":false},"author":1,"featured_media":8907,"parent":4288,"menu_order":100,"comment_status":"open","ping_status":"closed","template":"templates\/applications.php","meta":{"_acf_changed":false,"footnotes":""},"class_list":["post-4312","page","type-page","status-publish","has-post-thumbnail","hentry"],"acf":[],"yoast_head":"<!-- This site is optimized with the Yoast SEO plugin v23.5 - https:\/\/yoast.com\/wordpress\/plugins\/seo\/ -->\n<title>Viele Trocellen-Produkte werden f\u00fcr OEM-Prozesse angeboten.<\/title>\n<meta name=\"description\" content=\"Die OEM-Produkte von Trocellen bieten eine hohe Leistung in Bezug auf Haltbarkeit und konstante W\u00e4rmed\u00e4mmung sowie mechanische Stabilit\u00e4t.\" \/>\n<meta name=\"robots\" content=\"index, follow, max-snippet:-1, max-image-preview:large, max-video-preview:-1\" \/>\n<link rel=\"canonical\" href=\"https:\/\/insulation.trocellen.com\/de\/anwendungen\/oem-losungen\/oem-losungen-2\/\" \/>\n<meta property=\"og:locale\" content=\"de_DE\" \/>\n<meta property=\"og:type\" content=\"article\" \/>\n<meta property=\"og:title\" content=\"Viele Trocellen-Produkte werden f\u00fcr OEM-Prozesse angeboten.\" \/>\n<meta property=\"og:description\" content=\"Die OEM-Produkte von Trocellen bieten eine hohe Leistung in Bezug auf Haltbarkeit und konstante W\u00e4rmed\u00e4mmung sowie mechanische Stabilit\u00e4t.\" \/>\n<meta property=\"og:url\" content=\"https:\/\/insulation.trocellen.com\/de\/anwendungen\/oem-losungen\/oem-losungen-2\/\" \/>\n<meta property=\"og:site_name\" content=\"Trocellen Insulation\" \/>\n<meta property=\"article:modified_time\" content=\"2024-04-08T12:09:33+00:00\" \/>\n<meta property=\"og:image\" content=\"https:\/\/insulation.trocellen.com\/wp-content\/uploads\/sites\/6\/2023\/05\/OEM-fejlec1.jpg\" \/>\n\t<meta property=\"og:image:width\" content=\"1920\" \/>\n\t<meta property=\"og:image:height\" content=\"300\" \/>\n\t<meta property=\"og:image:type\" content=\"image\/jpeg\" \/>\n<meta name=\"twitter:card\" content=\"summary_large_image\" \/>\n<meta name=\"twitter:label1\" content=\"Gesch\u00e4tzte Lesezeit\" \/>\n\t<meta name=\"twitter:data1\" content=\"1\u00a0Minute\" \/>\n<script type=\"application\/ld+json\" class=\"yoast-schema-graph\">{\"@context\":\"https:\/\/schema.org\",\"@graph\":[{\"@type\":\"WebPage\",\"@id\":\"https:\/\/insulation.trocellen.com\/de\/anwendungen\/oem-losungen\/oem-losungen-2\/\",\"url\":\"https:\/\/insulation.trocellen.com\/de\/anwendungen\/oem-losungen\/oem-losungen-2\/\",\"name\":\"Viele Trocellen-Produkte werden f\u00fcr OEM-Prozesse angeboten.\",\"isPartOf\":{\"@id\":\"https:\/\/insulation.trocellen.com\/de\/#website\"},\"primaryImageOfPage\":{\"@id\":\"https:\/\/insulation.trocellen.com\/de\/anwendungen\/oem-losungen\/oem-losungen-2\/#primaryimage\"},\"image\":{\"@id\":\"https:\/\/insulation.trocellen.com\/de\/anwendungen\/oem-losungen\/oem-losungen-2\/#primaryimage\"},\"thumbnailUrl\":\"https:\/\/insulation.trocellen.com\/wp-content\/uploads\/sites\/6\/2023\/05\/OEM-fejlec1.jpg\",\"datePublished\":\"2015-09-30T07:43:00+00:00\",\"dateModified\":\"2024-04-08T12:09:33+00:00\",\"description\":\"Die OEM-Produkte von Trocellen bieten eine hohe Leistung in Bezug auf Haltbarkeit und konstante W\u00e4rmed\u00e4mmung sowie mechanische Stabilit\u00e4t.\",\"breadcrumb\":{\"@id\":\"https:\/\/insulation.trocellen.com\/de\/anwendungen\/oem-losungen\/oem-losungen-2\/#breadcrumb\"},\"inLanguage\":\"de\",\"potentialAction\":[{\"@type\":\"ReadAction\",\"target\":[\"https:\/\/insulation.trocellen.com\/de\/anwendungen\/oem-losungen\/oem-losungen-2\/\"]}]},{\"@type\":\"ImageObject\",\"inLanguage\":\"de\",\"@id\":\"https:\/\/insulation.trocellen.com\/de\/anwendungen\/oem-losungen\/oem-losungen-2\/#primaryimage\",\"url\":\"https:\/\/insulation.trocellen.com\/wp-content\/uploads\/sites\/6\/2023\/05\/OEM-fejlec1.jpg\",\"contentUrl\":\"https:\/\/insulation.trocellen.com\/wp-content\/uploads\/sites\/6\/2023\/05\/OEM-fejlec1.jpg\",\"width\":1920,\"height\":300},{\"@type\":\"BreadcrumbList\",\"@id\":\"https:\/\/insulation.trocellen.com\/de\/anwendungen\/oem-losungen\/oem-losungen-2\/#breadcrumb\",\"itemListElement\":[{\"@type\":\"ListItem\",\"position\":1,\"name\":\"Home\",\"item\":\"https:\/\/insulation.trocellen.com\/de\/\"},{\"@type\":\"ListItem\",\"position\":2,\"name\":\"Anwendungen\",\"item\":\"https:\/\/insulation.trocellen.com\/de\/anwendungen\/\"},{\"@type\":\"ListItem\",\"position\":3,\"name\":\"OEM l\u00f6sungen\",\"item\":\"https:\/\/insulation.trocellen.com\/de\/anwendungen\/oem-losungen\/\"},{\"@type\":\"ListItem\",\"position\":4,\"name\":\"OEM L\u00f6sungen\"}]},{\"@type\":\"WebSite\",\"@id\":\"https:\/\/insulation.trocellen.com\/de\/#website\",\"url\":\"https:\/\/insulation.trocellen.com\/de\/\",\"name\":\"Trocellen Insulation\",\"description\":\"\",\"potentialAction\":[{\"@type\":\"SearchAction\",\"target\":{\"@type\":\"EntryPoint\",\"urlTemplate\":\"https:\/\/insulation.trocellen.com\/de\/?s={search_term_string}\"},\"query-input\":{\"@type\":\"PropertyValueSpecification\",\"valueRequired\":true,\"valueName\":\"search_term_string\"}}],\"inLanguage\":\"de\"}]}<\/script>\n<!-- \/ Yoast SEO plugin. -->","yoast_head_json":{"title":"Viele Trocellen-Produkte werden f\u00fcr OEM-Prozesse angeboten.","description":"Die OEM-Produkte von Trocellen bieten eine hohe Leistung in Bezug auf Haltbarkeit und konstante W\u00e4rmed\u00e4mmung sowie mechanische Stabilit\u00e4t.","robots":{"index":"index","follow":"follow","max-snippet":"max-snippet:-1","max-image-preview":"max-image-preview:large","max-video-preview":"max-video-preview:-1"},"canonical":"https:\/\/insulation.trocellen.com\/de\/anwendungen\/oem-losungen\/oem-losungen-2\/","og_locale":"de_DE","og_type":"article","og_title":"Viele Trocellen-Produkte werden f\u00fcr OEM-Prozesse angeboten.","og_description":"Die OEM-Produkte von Trocellen bieten eine hohe Leistung in Bezug auf Haltbarkeit und konstante W\u00e4rmed\u00e4mmung sowie mechanische Stabilit\u00e4t.","og_url":"https:\/\/insulation.trocellen.com\/de\/anwendungen\/oem-losungen\/oem-losungen-2\/","og_site_name":"Trocellen Insulation","article_modified_time":"2024-04-08T12:09:33+00:00","og_image":[{"width":1920,"height":300,"url":"https:\/\/insulation.trocellen.com\/wp-content\/uploads\/sites\/6\/2023\/05\/OEM-fejlec1.jpg","type":"image\/jpeg"}],"twitter_card":"summary_large_image","twitter_misc":{"Gesch\u00e4tzte Lesezeit":"1\u00a0Minute"},"schema":{"@context":"https:\/\/schema.org","@graph":[{"@type":"WebPage","@id":"https:\/\/insulation.trocellen.com\/de\/anwendungen\/oem-losungen\/oem-losungen-2\/","url":"https:\/\/insulation.trocellen.com\/de\/anwendungen\/oem-losungen\/oem-losungen-2\/","name":"Viele Trocellen-Produkte werden f\u00fcr OEM-Prozesse angeboten.","isPartOf":{"@id":"https:\/\/insulation.trocellen.com\/de\/#website"},"primaryImageOfPage":{"@id":"https:\/\/insulation.trocellen.com\/de\/anwendungen\/oem-losungen\/oem-losungen-2\/#primaryimage"},"image":{"@id":"https:\/\/insulation.trocellen.com\/de\/anwendungen\/oem-losungen\/oem-losungen-2\/#primaryimage"},"thumbnailUrl":"https:\/\/insulation.trocellen.com\/wp-content\/uploads\/sites\/6\/2023\/05\/OEM-fejlec1.jpg","datePublished":"2015-09-30T07:43:00+00:00","dateModified":"2024-04-08T12:09:33+00:00","description":"Die OEM-Produkte von Trocellen bieten eine hohe Leistung in Bezug auf Haltbarkeit und konstante W\u00e4rmed\u00e4mmung sowie mechanische Stabilit\u00e4t.","breadcrumb":{"@id":"https:\/\/insulation.trocellen.com\/de\/anwendungen\/oem-losungen\/oem-losungen-2\/#breadcrumb"},"inLanguage":"de","potentialAction":[{"@type":"ReadAction","target":["https:\/\/insulation.trocellen.com\/de\/anwendungen\/oem-losungen\/oem-losungen-2\/"]}]},{"@type":"ImageObject","inLanguage":"de","@id":"https:\/\/insulation.trocellen.com\/de\/anwendungen\/oem-losungen\/oem-losungen-2\/#primaryimage","url":"https:\/\/insulation.trocellen.com\/wp-content\/uploads\/sites\/6\/2023\/05\/OEM-fejlec1.jpg","contentUrl":"https:\/\/insulation.trocellen.com\/wp-content\/uploads\/sites\/6\/2023\/05\/OEM-fejlec1.jpg","width":1920,"height":300},{"@type":"BreadcrumbList","@id":"https:\/\/insulation.trocellen.com\/de\/anwendungen\/oem-losungen\/oem-losungen-2\/#breadcrumb","itemListElement":[{"@type":"ListItem","position":1,"name":"Home","item":"https:\/\/insulation.trocellen.com\/de\/"},{"@type":"ListItem","position":2,"name":"Anwendungen","item":"https:\/\/insulation.trocellen.com\/de\/anwendungen\/"},{"@type":"ListItem","position":3,"name":"OEM l\u00f6sungen","item":"https:\/\/insulation.trocellen.com\/de\/anwendungen\/oem-losungen\/"},{"@type":"ListItem","position":4,"name":"OEM L\u00f6sungen"}]},{"@type":"WebSite","@id":"https:\/\/insulation.trocellen.com\/de\/#website","url":"https:\/\/insulation.trocellen.com\/de\/","name":"Trocellen Insulation","description":"","potentialAction":[{"@type":"SearchAction","target":{"@type":"EntryPoint","urlTemplate":"https:\/\/insulation.trocellen.com\/de\/?s={search_term_string}"},"query-input":{"@type":"PropertyValueSpecification","valueRequired":true,"valueName":"search_term_string"}}],"inLanguage":"de"}]}},"_links":{"self":[{"href":"https:\/\/insulation.trocellen.com\/de\/wp-json\/wp\/v2\/pages\/4312","targetHints":{"allow":["GET"]}}],"collection":[{"href":"https:\/\/insulation.trocellen.com\/de\/wp-json\/wp\/v2\/pages"}],"about":[{"href":"https:\/\/insulation.trocellen.com\/de\/wp-json\/wp\/v2\/types\/page"}],"author":[{"embeddable":true,"href":"https:\/\/insulation.trocellen.com\/de\/wp-json\/wp\/v2\/users\/1"}],"replies":[{"embeddable":true,"href":"https:\/\/insulation.trocellen.com\/de\/wp-json\/wp\/v2\/comments?post=4312"}],"version-history":[{"count":4,"href":"https:\/\/insulation.trocellen.com\/de\/wp-json\/wp\/v2\/pages\/4312\/revisions"}],"predecessor-version":[{"id":10743,"href":"https:\/\/insulation.trocellen.com\/de\/wp-json\/wp\/v2\/pages\/4312\/revisions\/10743"}],"up":[{"embeddable":true,"href":"https:\/\/insulation.trocellen.com\/de\/wp-json\/wp\/v2\/pages\/4288"}],"wp:featuredmedia":[{"embeddable":true,"href":"https:\/\/insulation.trocellen.com\/de\/wp-json\/wp\/v2\/media\/8907"}],"wp:attachment":[{"href":"https:\/\/insulation.trocellen.com\/de\/wp-json\/wp\/v2\/media?parent=4312"}],"curies":[{"name":"wp","href":"https:\/\/api.w.org\/{rel}","templated":true}]}}