{"id":4306,"date":"2015-09-30T07:41:21","date_gmt":"2015-09-30T07:41:21","guid":{"rendered":"https:\/\/insulation-new.trocellen.com\/trocellen-class\/"},"modified":"2026-04-07T08:51:21","modified_gmt":"2026-04-07T08:51:21","slug":"trocellen-class","status":"publish","type":"page","link":"https:\/\/insulation.trocellen.com\/de\/anwendungen\/hvac-isolierung\/trocellen-class\/","title":{"rendered":"TROCELLEN CLASS"},"content":{"rendered":"<p><a href=\"https:\/\/insulation.trocellen.com\/wp-content\/uploads\/sites\/6\/2015\/09\/TROCELLEN_CLASS_LOGO_2015.jpg\" rel=\"attachment wp-att-920\"><img loading=\"lazy\" decoding=\"async\" class=\"alignnone size-medium wp-image-920\" src=\"https:\/\/insulation.trocellen.com\/wp-content\/uploads\/sites\/6\/2015\/09\/TROCELLEN_CLASS_LOGO_2015-300x104.jpg\" alt=\"Hvac\" width=\"300\" height=\"104\" \/><\/a><\/p>\n<p><a href=\"https:\/\/insulation.trocellen.com\/wp-content\/uploads\/sites\/6\/2015\/09\/trocellen_class.jpg\" rel=\"attachment wp-att-1344\"><img loading=\"lazy\" decoding=\"async\" class=\"size-full wp-image-1344 alignright\" src=\"https:\/\/insulation.trocellen.com\/wp-content\/uploads\/sites\/6\/2015\/09\/trocellen_class.jpg\" alt=\"OLYMPUS DIGITAL CAMERA\" width=\"320\" height=\"443\" \/><\/a><\/p>\n<p>Innerhalb Trocellen World bedeutet Trocellen Class das CE-gekennzeichnete und Euroclass Produktportfolio.<\/p>\n<p>Durch die CLASS Produktpalette bietet Trocellen die Antwort auf die neuen EU-Anforderungen f\u00fcr unsere Kunden im professionellen Anwendungsbereich<\/p>\n<h2>Welche zus\u00e4tzlichen Vorteile bietet Ihnen Trocellen Class?<\/h2>\n<ul>\n<li>Trocellen Class Isolierung mit sehr hoher Lebensdauer<\/li>\n<li>Trocellen Class hat eine geringe Rauchtoxizit\u00e4t<\/li>\n<li>Trocellen Class bedeutet thermische und akustische Isolierung<\/li>\n<li>Trocellen Class ist nahezu widerstandsf\u00e4hig gegen\u00fcber Pilzen und Bakterien<\/li>\n<li>Trocellen Class verf\u00fcgt \u00fcber eine verbesserte Verschwei\u00dfbarkeit<\/li>\n<\/ul>\n<h2>Trocellen Class = Effiziente Isolierung der Luftkan\u00e4le<\/h2>\n<p>Chemisch vernetzte, geschlossenzellige, flammhemmend ausger\u00fcstete, effiziente PE-Isolierung.<br \/>\nWird f\u00fcr die Schall- und W\u00e4rmed\u00e4mmung von Luftkan\u00e4len und Klimarohren von gro\u00dfem Durchmesser verwendet; verringert den W\u00e4rmeverlust und verhindert Kondensation durch seine geschlossene Zellstruktur.<\/p>\n<h2>Vorteile:<\/h2>\n<ul>\n<li>ausgezeichneter Kondensationsschutz<\/li>\n<li>sehr guter \u03bc-Wert \u2013 bis zu 15 000 sind m\u00f6glich (je nach Ausf\u00fchrung)<\/li>\n<li>konstante langzeitstabile W\u00e4rmeleitf\u00e4higkeit \u03bb (0,035 W\/mK)<\/li>\n<li>flammhemmend ausger\u00fcstet, m\u00f6gliche Klassifizierung bis zu B-s2,d0, kein brennendes Abtropfen<\/li>\n<li>extrem niedrige Rauchtoxizit\u00e4t und Rauchentwicklung im Falle eines Feuers<\/li>\n<li>effiziente Schalld\u00e4mmung<\/li>\n<li>chlorfrei \u2013 keine Kontaktkorrosion<\/li>\n<li>formaldehydfrei<\/li>\n<li>sicher &#8211; nicht toxisch, nicht-allergen, schimmelfest wiederverwendbar<\/li>\n<li>selbstklebend, einfach zu installieren<\/li>\n<\/ul>\n<h2>Class BIO<\/h2>\n<p>Trocellen Insulation erweitert seine CLASS-Produktreihe \u2013 CLASS Adhesive, CLASS Alu Adhesive und CLASS Alu.s Adhesive \u2013 um neue biobasierte L\u00f6sungen, die entwickelt wurden, um den steigenden Nachhaltigkeitsanforderungen des HSKL-Sektors gerecht zu werden und gleichzeitig die gleichen hohen Standards in Bezug auf Qualit\u00e4t, Sicherheit und Leistung beizubehalten.<\/p>\n<h2>Typen:<\/h2>\n<h2>Trocellen Class\/Class Bio selbstklebend<\/h2>\n<p class=\"p1\">Geschlossenzelliger, chemisch vernetzter Polyethylen-Schaumstoff mit CE-Kennzeichnung, selbstklebend<\/p>\n<ul>\n<li>Euroclass B-s2,d0 \u2013 BL-s1,d0 f\u00fcr einen Dickenbereich von 3-12 mm<\/li>\n<li>EN 14313<\/li>\n<\/ul>\n<h2>Trocellen Class ALU\/ALU Bio selbstklebend<\/h2>\n<p class=\"p1\">Euroclass Brandschutzklasse B-s2,d0 mit niedriger Rauchentwicklung bis 14 mm<\/p>\n<p class=\"p1\">Geschlossenzelliger, chemisch vernetzter Polyethylen-Schaumstoff in gr\u00fcner Farbe, mit ALU-Folie laminiert<\/p>\n<ul>\n<li>\u03bc = 15.000<\/li>\n<li>Euroclass C-s2,d0 \u2013 BL-s1,d0<\/li>\n<li>Dickenbereich: 3-24 mm<\/li>\n<li>EN 14313<\/li>\n<\/ul>\n<h2>Trocellen Class ALU.S\/ALU.S Bio selbstklebend<\/h2>\n<p class=\"p1\">Euroclass Brandschutzklasse B-s2,d0 mit niedriger Rauchentwicklung bis 16 mm<\/p>\n<p class=\"p1\">Geschlossenzelliger, chemisch vernetzter Polyethylen-Schaumstoff in gr\u00fcner Farbe, mit verst\u00e4rkter ALU-Folie laminiert<\/p>\n<ul>\n<li>Wetterfeste Isolierung<\/li>\n<li>Auch im Freien verwendbar<\/li>\n<li>\u03bc = 15.000<\/li>\n<li>Euroclass B-s2,d0 \u2013 BL-s1,d0\u00a0Dickenbereich: 3-14 mm<\/li>\n<li>Euroclass C-s2,d0 \u2013 BL-s1,d0\u00a0Dickenbereich: 15-24 mm<\/li>\n<li>EN 14313<\/li>\n<\/ul>\n<h2>Trocellen Class G-PRO selbstklebend<\/h2>\n<p class=\"p1\">H\u00f6chste Brandschutzklasse mit Euroclass B-s1,d0 und somit geringste Rauchentwicklung, auch bis zur Isolierst\u00e4rke von 40 mm<\/p>\n<p class=\"p1\">Geschlossenzelliger, chemisch vernetzter Polyethylen-Schaumstoff in silbergrauer Farbe, mit G-PRO-Technologie Beschichtung<\/p>\n<ul class=\"ul1\">\n<li class=\"li2\">\u03bc &gt; 12.500<\/li>\n<li class=\"li2\">Euroclass B-s1, d0 \u2013 BL-s1, d0 Dickenbereich 3-40 mm<\/li>\n<li class=\"li2\">EN 14313<\/li>\n<\/ul>\n<table class=\"green-table\" border=\"0\">\n<thead>\n<tr>\n<th class=\"green-table-first-cell\" scope=\"col\">Dicke (mm)<\/th>\n<th>Rollengr\u00f6\u00dfe (m2)<\/th>\n<th>Sheet size (m2)<\/th>\n<th>TC CLASS\/CLASS BIO klebend<\/th>\n<th>TC CLASS ALU\/ALU BIO klebend<\/th>\n<th>TC CLASS ALU.S\/ALU.S BIO klebend<\/th>\n<th>TC CLASS G-PRO*<\/th>\n<\/tr>\n<\/thead>\n<tbody>\n<tr>\n<th style=\"text-align: center\">03<\/th>\n<td style=\"text-align: center\">75<\/td>\n<td style=\"text-align: center\"><\/td>\n<td style=\"text-align: center\">x<\/td>\n<td style=\"text-align: center\">x<\/td>\n<td style=\"text-align: center\">x<\/td>\n<td style=\"text-align: center\"><\/td>\n<\/tr>\n<tr>\n<th style=\"text-align: center\">06<\/th>\n<td style=\"text-align: center\">75<\/td>\n<td style=\"text-align: center\"><\/td>\n<td style=\"text-align: center\">x<\/td>\n<td style=\"text-align: center\">x<\/td>\n<td style=\"text-align: center\">x<\/td>\n<td style=\"text-align: center\"><\/td>\n<\/tr>\n<tr>\n<th style=\"text-align: center\">08<\/th>\n<td style=\"text-align: center\">75<\/td>\n<td style=\"text-align: center\"><\/td>\n<td style=\"text-align: center\">x<\/td>\n<td style=\"text-align: center\">x<\/td>\n<td style=\"text-align: center\">x<\/td>\n<td style=\"text-align: center\"><\/td>\n<\/tr>\n<tr>\n<th style=\"text-align: center\">10<\/th>\n<td style=\"text-align: center\">60<\/td>\n<td style=\"text-align: center\"><\/td>\n<td style=\"text-align: center\">x<\/td>\n<td style=\"text-align: center\">x<\/td>\n<td style=\"text-align: center\">x<\/td>\n<td style=\"text-align: center\"><\/td>\n<\/tr>\n<tr>\n<th style=\"text-align: center\">12<\/th>\n<td style=\"text-align: center\">45<\/td>\n<td style=\"text-align: center\"><\/td>\n<td style=\"text-align: center\">x<\/td>\n<td style=\"text-align: center\">x<\/td>\n<td style=\"text-align: center\">x<\/td>\n<td style=\"text-align: center\"><\/td>\n<\/tr>\n<tr>\n<th style=\"text-align: center\">13<\/th>\n<td style=\"text-align: center\">57,5<\/td>\n<td style=\"text-align: center\">1,72<\/td>\n<td style=\"text-align: center\"><\/td>\n<td style=\"text-align: center\"><\/td>\n<td style=\"text-align: center\"><\/td>\n<td style=\"text-align: center\">x<\/td>\n<\/tr>\n<tr>\n<th style=\"text-align: center\">14<\/th>\n<td style=\"text-align: center\">45<\/td>\n<td style=\"text-align: center\"><\/td>\n<td style=\"text-align: center\"><\/td>\n<td style=\"text-align: center\">x<\/td>\n<td style=\"text-align: center\">x<\/td>\n<td style=\"text-align: center\"><\/td>\n<\/tr>\n<tr>\n<th style=\"text-align: center\">15<\/th>\n<td style=\"text-align: center\">45 (57,5 for G-PRO)<\/td>\n<td style=\"text-align: center\">1,72 for G-PRO<\/td>\n<td style=\"text-align: center\"><\/td>\n<td style=\"text-align: center\">x<\/td>\n<td style=\"text-align: center\">x<\/td>\n<td style=\"text-align: center\">x<\/td>\n<\/tr>\n<tr>\n<th style=\"text-align: center\">16<\/th>\n<td style=\"text-align: center\">30<\/td>\n<td style=\"text-align: center\"><\/td>\n<td style=\"text-align: center\"><\/td>\n<td style=\"text-align: center\"><\/td>\n<td style=\"text-align: center\"><\/td>\n<td style=\"text-align: center\"><\/td>\n<\/tr>\n<tr>\n<th style=\"text-align: center\">19<\/th>\n<td style=\"text-align: center\"><\/td>\n<td style=\"text-align: center\">1,72<\/td>\n<td style=\"text-align: center\"><\/td>\n<td style=\"text-align: center\"><\/td>\n<td style=\"text-align: center\"><\/td>\n<td style=\"text-align: center\">x<\/td>\n<\/tr>\n<tr>\n<th style=\"text-align: center\">20<\/th>\n<td style=\"text-align: center\">30<\/td>\n<td style=\"text-align: center\">3<\/td>\n<td style=\"text-align: center\"><\/td>\n<td style=\"text-align: center\">x<\/td>\n<td style=\"text-align: center\"><\/td>\n<td style=\"text-align: center\"><\/td>\n<\/tr>\n<tr>\n<th style=\"text-align: center\">24<\/th>\n<td style=\"text-align: center\">22,5<\/td>\n<td style=\"text-align: center\"><\/td>\n<td style=\"text-align: center\"><\/td>\n<td style=\"text-align: center\">x<\/td>\n<td style=\"text-align: center\"><\/td>\n<td style=\"text-align: center\"><\/td>\n<\/tr>\n<tr>\n<th style=\"text-align: center\">25<\/th>\n<td style=\"text-align: center\"><\/td>\n<td style=\"text-align: center\">1,72<\/td>\n<td style=\"text-align: center\"><\/td>\n<td style=\"text-align: center\"><\/td>\n<td style=\"text-align: center\"><\/td>\n<td style=\"text-align: center\">x<\/td>\n<\/tr>\n<tr>\n<th style=\"text-align: center\">32<\/th>\n<td style=\"text-align: center\"><\/td>\n<td style=\"text-align: center\">1,72<\/td>\n<td style=\"text-align: center\"><\/td>\n<td style=\"text-align: center\"><\/td>\n<td style=\"text-align: center\"><\/td>\n<td style=\"text-align: center\">x<\/td>\n<\/tr>\n<tr>\n<th style=\"text-align: center\">40<\/th>\n<td style=\"text-align: center\"><\/td>\n<td style=\"text-align: center\">1,72<\/td>\n<td style=\"text-align: center\"><\/td>\n<td style=\"text-align: center\"><\/td>\n<td style=\"text-align: center\"><\/td>\n<td style=\"text-align: center\">x<\/td>\n<\/tr>\n<tr>\n<td style=\"text-align: center\" colspan=\"7\">Rollenbreite: 1500 mm \u00b1 10 mm<\/td>\n<\/tr>\n<\/tbody>\n<\/table>\n","protected":false},"excerpt":{"rendered":"<p>Innerhalb Trocellen World bedeutet Trocellen Class das CE-gekennzeichnete und Euroclass Produktportfolio. Durch die CLASS Produktpalette bietet Trocellen die Antwort auf die neuen EU-Anforderungen f\u00fcr unsere Kunden im professionellen Anwendungsbereich Welche zus\u00e4tzlichen Vorteile bietet Ihnen Trocellen Class? Trocellen Class Isolierung mit sehr hoher Lebensdauer Trocellen Class hat eine geringe Rauchtoxizit\u00e4t Trocellen Class bedeutet thermische und akustische [&hellip;]<\/p>\n","protected":false},"author":1,"featured_media":8796,"parent":4282,"menu_order":0,"comment_status":"open","ping_status":"closed","template":"templates\/applications.php","meta":{"_acf_changed":false,"footnotes":""},"class_list":["post-4306","page","type-page","status-publish","has-post-thumbnail","hentry"],"acf":[],"yoast_head":"<!-- This site is optimized with the Yoast SEO plugin v23.5 - https:\/\/yoast.com\/wordpress\/plugins\/seo\/ -->\n<title>Trocellen Class = Effiziente Isolierung von Luftkan\u00e4len<\/title>\n<meta name=\"description\" content=\"Trocellen Class ist eine zertifizierte, feuerbest\u00e4ndige, effiziente PE-Isolierung aus chemisch vernetztem, geschlossenzelligem Polyethylenschaum.\" \/>\n<meta name=\"robots\" content=\"index, follow, max-snippet:-1, max-image-preview:large, max-video-preview:-1\" \/>\n<link rel=\"canonical\" href=\"https:\/\/insulation.trocellen.com\/de\/anwendungen\/hvac-isolierung\/trocellen-class\/\" \/>\n<meta property=\"og:locale\" content=\"de_DE\" \/>\n<meta property=\"og:type\" content=\"article\" \/>\n<meta property=\"og:title\" content=\"Trocellen Class = Effiziente Isolierung von Luftkan\u00e4len\" \/>\n<meta property=\"og:description\" content=\"Trocellen Class ist eine zertifizierte, feuerbest\u00e4ndige, effiziente PE-Isolierung aus chemisch vernetztem, geschlossenzelligem Polyethylenschaum.\" \/>\n<meta property=\"og:url\" content=\"https:\/\/insulation.trocellen.com\/de\/anwendungen\/hvac-isolierung\/trocellen-class\/\" \/>\n<meta property=\"og:site_name\" content=\"Trocellen Insulation\" \/>\n<meta property=\"article:modified_time\" content=\"2026-04-07T08:51:21+00:00\" \/>\n<meta property=\"og:image\" content=\"https:\/\/insulation.trocellen.com\/wp-content\/uploads\/sites\/6\/2023\/05\/TC-Class.jpg\" \/>\n\t<meta property=\"og:image:width\" content=\"1920\" \/>\n\t<meta property=\"og:image:height\" content=\"300\" \/>\n\t<meta property=\"og:image:type\" content=\"image\/jpeg\" \/>\n<meta name=\"twitter:card\" content=\"summary_large_image\" \/>\n<meta name=\"twitter:label1\" content=\"Gesch\u00e4tzte Lesezeit\" \/>\n\t<meta name=\"twitter:data1\" content=\"3\u00a0Minuten\" \/>\n<script type=\"application\/ld+json\" class=\"yoast-schema-graph\">{\"@context\":\"https:\/\/schema.org\",\"@graph\":[{\"@type\":\"WebPage\",\"@id\":\"https:\/\/insulation.trocellen.com\/de\/anwendungen\/hvac-isolierung\/trocellen-class\/\",\"url\":\"https:\/\/insulation.trocellen.com\/de\/anwendungen\/hvac-isolierung\/trocellen-class\/\",\"name\":\"Trocellen Class = Effiziente Isolierung von Luftkan\u00e4len\",\"isPartOf\":{\"@id\":\"https:\/\/insulation.trocellen.com\/de\/#website\"},\"primaryImageOfPage\":{\"@id\":\"https:\/\/insulation.trocellen.com\/de\/anwendungen\/hvac-isolierung\/trocellen-class\/#primaryimage\"},\"image\":{\"@id\":\"https:\/\/insulation.trocellen.com\/de\/anwendungen\/hvac-isolierung\/trocellen-class\/#primaryimage\"},\"thumbnailUrl\":\"https:\/\/insulation.trocellen.com\/wp-content\/uploads\/sites\/6\/2023\/05\/TC-Class.jpg\",\"datePublished\":\"2015-09-30T07:41:21+00:00\",\"dateModified\":\"2026-04-07T08:51:21+00:00\",\"description\":\"Trocellen Class ist eine zertifizierte, feuerbest\u00e4ndige, effiziente PE-Isolierung aus chemisch vernetztem, geschlossenzelligem Polyethylenschaum.\",\"breadcrumb\":{\"@id\":\"https:\/\/insulation.trocellen.com\/de\/anwendungen\/hvac-isolierung\/trocellen-class\/#breadcrumb\"},\"inLanguage\":\"de\",\"potentialAction\":[{\"@type\":\"ReadAction\",\"target\":[\"https:\/\/insulation.trocellen.com\/de\/anwendungen\/hvac-isolierung\/trocellen-class\/\"]}]},{\"@type\":\"ImageObject\",\"inLanguage\":\"de\",\"@id\":\"https:\/\/insulation.trocellen.com\/de\/anwendungen\/hvac-isolierung\/trocellen-class\/#primaryimage\",\"url\":\"https:\/\/insulation.trocellen.com\/wp-content\/uploads\/sites\/6\/2023\/05\/TC-Class.jpg\",\"contentUrl\":\"https:\/\/insulation.trocellen.com\/wp-content\/uploads\/sites\/6\/2023\/05\/TC-Class.jpg\",\"width\":1920,\"height\":300},{\"@type\":\"BreadcrumbList\",\"@id\":\"https:\/\/insulation.trocellen.com\/de\/anwendungen\/hvac-isolierung\/trocellen-class\/#breadcrumb\",\"itemListElement\":[{\"@type\":\"ListItem\",\"position\":1,\"name\":\"Home\",\"item\":\"https:\/\/insulation.trocellen.com\/de\/\"},{\"@type\":\"ListItem\",\"position\":2,\"name\":\"Anwendungen\",\"item\":\"https:\/\/insulation.trocellen.com\/de\/anwendungen\/\"},{\"@type\":\"ListItem\",\"position\":3,\"name\":\"HVAC isolierung\",\"item\":\"https:\/\/insulation.trocellen.com\/de\/anwendungen\/hvac-isolierung\/\"},{\"@type\":\"ListItem\",\"position\":4,\"name\":\"TROCELLEN CLASS\"}]},{\"@type\":\"WebSite\",\"@id\":\"https:\/\/insulation.trocellen.com\/de\/#website\",\"url\":\"https:\/\/insulation.trocellen.com\/de\/\",\"name\":\"Trocellen Insulation\",\"description\":\"\",\"potentialAction\":[{\"@type\":\"SearchAction\",\"target\":{\"@type\":\"EntryPoint\",\"urlTemplate\":\"https:\/\/insulation.trocellen.com\/de\/?s={search_term_string}\"},\"query-input\":{\"@type\":\"PropertyValueSpecification\",\"valueRequired\":true,\"valueName\":\"search_term_string\"}}],\"inLanguage\":\"de\"}]}<\/script>\n<!-- \/ Yoast SEO plugin. -->","yoast_head_json":{"title":"Trocellen Class = Effiziente Isolierung von Luftkan\u00e4len","description":"Trocellen Class ist eine zertifizierte, feuerbest\u00e4ndige, effiziente PE-Isolierung aus chemisch vernetztem, geschlossenzelligem Polyethylenschaum.","robots":{"index":"index","follow":"follow","max-snippet":"max-snippet:-1","max-image-preview":"max-image-preview:large","max-video-preview":"max-video-preview:-1"},"canonical":"https:\/\/insulation.trocellen.com\/de\/anwendungen\/hvac-isolierung\/trocellen-class\/","og_locale":"de_DE","og_type":"article","og_title":"Trocellen Class = Effiziente Isolierung von Luftkan\u00e4len","og_description":"Trocellen Class ist eine zertifizierte, feuerbest\u00e4ndige, effiziente PE-Isolierung aus chemisch vernetztem, geschlossenzelligem Polyethylenschaum.","og_url":"https:\/\/insulation.trocellen.com\/de\/anwendungen\/hvac-isolierung\/trocellen-class\/","og_site_name":"Trocellen Insulation","article_modified_time":"2026-04-07T08:51:21+00:00","og_image":[{"width":1920,"height":300,"url":"https:\/\/insulation.trocellen.com\/wp-content\/uploads\/sites\/6\/2023\/05\/TC-Class.jpg","type":"image\/jpeg"}],"twitter_card":"summary_large_image","twitter_misc":{"Gesch\u00e4tzte Lesezeit":"3\u00a0Minuten"},"schema":{"@context":"https:\/\/schema.org","@graph":[{"@type":"WebPage","@id":"https:\/\/insulation.trocellen.com\/de\/anwendungen\/hvac-isolierung\/trocellen-class\/","url":"https:\/\/insulation.trocellen.com\/de\/anwendungen\/hvac-isolierung\/trocellen-class\/","name":"Trocellen Class = Effiziente Isolierung von Luftkan\u00e4len","isPartOf":{"@id":"https:\/\/insulation.trocellen.com\/de\/#website"},"primaryImageOfPage":{"@id":"https:\/\/insulation.trocellen.com\/de\/anwendungen\/hvac-isolierung\/trocellen-class\/#primaryimage"},"image":{"@id":"https:\/\/insulation.trocellen.com\/de\/anwendungen\/hvac-isolierung\/trocellen-class\/#primaryimage"},"thumbnailUrl":"https:\/\/insulation.trocellen.com\/wp-content\/uploads\/sites\/6\/2023\/05\/TC-Class.jpg","datePublished":"2015-09-30T07:41:21+00:00","dateModified":"2026-04-07T08:51:21+00:00","description":"Trocellen Class ist eine zertifizierte, feuerbest\u00e4ndige, effiziente PE-Isolierung aus chemisch vernetztem, geschlossenzelligem Polyethylenschaum.","breadcrumb":{"@id":"https:\/\/insulation.trocellen.com\/de\/anwendungen\/hvac-isolierung\/trocellen-class\/#breadcrumb"},"inLanguage":"de","potentialAction":[{"@type":"ReadAction","target":["https:\/\/insulation.trocellen.com\/de\/anwendungen\/hvac-isolierung\/trocellen-class\/"]}]},{"@type":"ImageObject","inLanguage":"de","@id":"https:\/\/insulation.trocellen.com\/de\/anwendungen\/hvac-isolierung\/trocellen-class\/#primaryimage","url":"https:\/\/insulation.trocellen.com\/wp-content\/uploads\/sites\/6\/2023\/05\/TC-Class.jpg","contentUrl":"https:\/\/insulation.trocellen.com\/wp-content\/uploads\/sites\/6\/2023\/05\/TC-Class.jpg","width":1920,"height":300},{"@type":"BreadcrumbList","@id":"https:\/\/insulation.trocellen.com\/de\/anwendungen\/hvac-isolierung\/trocellen-class\/#breadcrumb","itemListElement":[{"@type":"ListItem","position":1,"name":"Home","item":"https:\/\/insulation.trocellen.com\/de\/"},{"@type":"ListItem","position":2,"name":"Anwendungen","item":"https:\/\/insulation.trocellen.com\/de\/anwendungen\/"},{"@type":"ListItem","position":3,"name":"HVAC isolierung","item":"https:\/\/insulation.trocellen.com\/de\/anwendungen\/hvac-isolierung\/"},{"@type":"ListItem","position":4,"name":"TROCELLEN CLASS"}]},{"@type":"WebSite","@id":"https:\/\/insulation.trocellen.com\/de\/#website","url":"https:\/\/insulation.trocellen.com\/de\/","name":"Trocellen Insulation","description":"","potentialAction":[{"@type":"SearchAction","target":{"@type":"EntryPoint","urlTemplate":"https:\/\/insulation.trocellen.com\/de\/?s={search_term_string}"},"query-input":{"@type":"PropertyValueSpecification","valueRequired":true,"valueName":"search_term_string"}}],"inLanguage":"de"}]}},"_links":{"self":[{"href":"https:\/\/insulation.trocellen.com\/de\/wp-json\/wp\/v2\/pages\/4306","targetHints":{"allow":["GET"]}}],"collection":[{"href":"https:\/\/insulation.trocellen.com\/de\/wp-json\/wp\/v2\/pages"}],"about":[{"href":"https:\/\/insulation.trocellen.com\/de\/wp-json\/wp\/v2\/types\/page"}],"author":[{"embeddable":true,"href":"https:\/\/insulation.trocellen.com\/de\/wp-json\/wp\/v2\/users\/1"}],"replies":[{"embeddable":true,"href":"https:\/\/insulation.trocellen.com\/de\/wp-json\/wp\/v2\/comments?post=4306"}],"version-history":[{"count":14,"href":"https:\/\/insulation.trocellen.com\/de\/wp-json\/wp\/v2\/pages\/4306\/revisions"}],"predecessor-version":[{"id":11325,"href":"https:\/\/insulation.trocellen.com\/de\/wp-json\/wp\/v2\/pages\/4306\/revisions\/11325"}],"up":[{"embeddable":true,"href":"https:\/\/insulation.trocellen.com\/de\/wp-json\/wp\/v2\/pages\/4282"}],"wp:featuredmedia":[{"embeddable":true,"href":"https:\/\/insulation.trocellen.com\/de\/wp-json\/wp\/v2\/media\/8796"}],"wp:attachment":[{"href":"https:\/\/insulation.trocellen.com\/de\/wp-json\/wp\/v2\/media?parent=4306"}],"curies":[{"name":"wp","href":"https:\/\/api.w.org\/{rel}","templated":true}]}}