{"id":4254,"date":"2013-12-12T18:24:13","date_gmt":"2013-12-12T18:24:13","guid":{"rendered":"https:\/\/insulation-new.trocellen.com\/isolierung\/"},"modified":"2013-12-12T18:24:13","modified_gmt":"2013-12-12T18:24:13","slug":"isolierung","status":"publish","type":"page","link":"https:\/\/insulation.trocellen.com\/de\/isolierung\/","title":{"rendered":"Isolierung"},"content":{"rendered":"<p>Technische D\u00e4mmung und Interieur<\/p>\n<p>Komfortzonen f\u00fcr den Menschen<!--more--><\/p>\n<p>Der Mensch verbringt den Gro\u00dfteil seines Lebens in geschlossenen R\u00e4umen. Ob zu Hause, am Arbeitsplatz, in der Schule oder Universit\u00e4t, im Fitnessstudio, bei Treffen mit Freunden oder in der Freizeit &#8211; jeder Mensch w\u00fcnscht sich einen Ort mit maximalem Komfort. Wir alle streben ein Leben in Ruhe und Sicherheit an und genau diesen Komfort m\u00f6chten wir Ihnen bieten. Daran arbeiten wir Tag f\u00fcr Tag.<\/p>\n<p>Mit unseren hochwertigen D\u00e4mmprodukten bieten wir L\u00f6sungen f\u00fcr Wohn- und Arbeitsgeb\u00e4ude, Freizeiteinrichtungen und sonstige geschlossene R\u00e4ume. Die Sicherheit des Menschen hat dabei f\u00fcr uns oberste Priorit\u00e4t. Unsere Produkte sch\u00fctzen vor:<\/p>\n<ul>\n<li>W\u00e4rmeverlust und \u00dcberhitzung<\/li>\n<li>L\u00e4rm<\/li>\n<li>Gesundheitsrisiken&#8230; oder einfach nur Eint\u00f6nigkeit<\/li>\n<\/ul>\n<p>Unser Ziel ist es, Lebensr\u00e4ume zu versch\u00f6nern und komfortabler zu machen und damit eine Atmosph\u00e4re der Ruhe, Harmonie und Behaglichkeit zu schaffen.<\/p>\n<p>Dank unseres fundierten technologischen Know-Hows, unserer langj\u00e4hrigen Erfahrung und unserem Innovationsgeist finden wir stets zukunftsweisende und effektive L\u00f6sungen f\u00fcr das Baugewerbe. Zusammen mit unserem Team hochqualifizierter Ingenieure bieten wir kontinuierliche technische Unterst\u00fctzung f\u00fcr unsere Partner. So gew\u00e4hrleisten wir die optimale L\u00f6sung f\u00fcr jede Anforderung und achten dabei gleichzeitig stets auf den Schutz der nat\u00fcrlichen Ressourcen und eine gr\u00f6\u00dftm\u00f6gliche Energieeffizienz. Die Bed\u00fcrfnisse der Menschen und der Umwelt stehen f\u00fcr uns stets im Mittelpunkt.<\/p>\n","protected":false},"excerpt":{"rendered":"<p>Technische D\u00e4mmung und Interieur Komfortzonen f\u00fcr den Menschen<\/p>\n","protected":false},"author":1,"featured_media":0,"parent":0,"menu_order":4900,"comment_status":"open","ping_status":"closed","template":"","meta":{"_acf_changed":false,"footnotes":""},"class_list":["post-4254","page","type-page","status-publish","hentry"],"acf":[],"yoast_head":"<!-- This site is optimized with the Yoast SEO plugin v23.5 - https:\/\/yoast.com\/wordpress\/plugins\/seo\/ -->\n<title>Isolierung - Trocellen Insulation<\/title>\n<meta name=\"robots\" content=\"index, follow, max-snippet:-1, max-image-preview:large, max-video-preview:-1\" \/>\n<link rel=\"canonical\" href=\"https:\/\/insulation.trocellen.com\/de\/isolierung\/\" \/>\n<meta property=\"og:locale\" content=\"de_DE\" \/>\n<meta property=\"og:type\" content=\"article\" \/>\n<meta property=\"og:title\" content=\"Isolierung - Trocellen Insulation\" \/>\n<meta property=\"og:description\" content=\"Technische D\u00e4mmung und Interieur Komfortzonen f\u00fcr den Menschen\" \/>\n<meta property=\"og:url\" content=\"https:\/\/insulation.trocellen.com\/de\/isolierung\/\" \/>\n<meta property=\"og:site_name\" content=\"Trocellen Insulation\" \/>\n<meta name=\"twitter:card\" content=\"summary_large_image\" \/>\n<meta name=\"twitter:label1\" content=\"Gesch\u00e4tzte Lesezeit\" \/>\n\t<meta name=\"twitter:data1\" content=\"1\u00a0Minute\" \/>\n<script type=\"application\/ld+json\" class=\"yoast-schema-graph\">{\"@context\":\"https:\/\/schema.org\",\"@graph\":[{\"@type\":\"WebPage\",\"@id\":\"https:\/\/insulation.trocellen.com\/de\/isolierung\/\",\"url\":\"https:\/\/insulation.trocellen.com\/de\/isolierung\/\",\"name\":\"Isolierung - Trocellen Insulation\",\"isPartOf\":{\"@id\":\"https:\/\/insulation.trocellen.com\/de\/#website\"},\"datePublished\":\"2013-12-12T18:24:13+00:00\",\"dateModified\":\"2013-12-12T18:24:13+00:00\",\"breadcrumb\":{\"@id\":\"https:\/\/insulation.trocellen.com\/de\/isolierung\/#breadcrumb\"},\"inLanguage\":\"de\",\"potentialAction\":[{\"@type\":\"ReadAction\",\"target\":[\"https:\/\/insulation.trocellen.com\/de\/isolierung\/\"]}]},{\"@type\":\"BreadcrumbList\",\"@id\":\"https:\/\/insulation.trocellen.com\/de\/isolierung\/#breadcrumb\",\"itemListElement\":[{\"@type\":\"ListItem\",\"position\":1,\"name\":\"Home\",\"item\":\"https:\/\/insulation.trocellen.com\/de\/\"},{\"@type\":\"ListItem\",\"position\":2,\"name\":\"Isolierung\"}]},{\"@type\":\"WebSite\",\"@id\":\"https:\/\/insulation.trocellen.com\/de\/#website\",\"url\":\"https:\/\/insulation.trocellen.com\/de\/\",\"name\":\"Trocellen Insulation\",\"description\":\"\",\"potentialAction\":[{\"@type\":\"SearchAction\",\"target\":{\"@type\":\"EntryPoint\",\"urlTemplate\":\"https:\/\/insulation.trocellen.com\/de\/?s={search_term_string}\"},\"query-input\":{\"@type\":\"PropertyValueSpecification\",\"valueRequired\":true,\"valueName\":\"search_term_string\"}}],\"inLanguage\":\"de\"}]}<\/script>\n<!-- \/ Yoast SEO plugin. -->","yoast_head_json":{"title":"Isolierung - Trocellen Insulation","robots":{"index":"index","follow":"follow","max-snippet":"max-snippet:-1","max-image-preview":"max-image-preview:large","max-video-preview":"max-video-preview:-1"},"canonical":"https:\/\/insulation.trocellen.com\/de\/isolierung\/","og_locale":"de_DE","og_type":"article","og_title":"Isolierung - Trocellen Insulation","og_description":"Technische D\u00e4mmung und Interieur Komfortzonen f\u00fcr den Menschen","og_url":"https:\/\/insulation.trocellen.com\/de\/isolierung\/","og_site_name":"Trocellen Insulation","twitter_card":"summary_large_image","twitter_misc":{"Gesch\u00e4tzte Lesezeit":"1\u00a0Minute"},"schema":{"@context":"https:\/\/schema.org","@graph":[{"@type":"WebPage","@id":"https:\/\/insulation.trocellen.com\/de\/isolierung\/","url":"https:\/\/insulation.trocellen.com\/de\/isolierung\/","name":"Isolierung - Trocellen Insulation","isPartOf":{"@id":"https:\/\/insulation.trocellen.com\/de\/#website"},"datePublished":"2013-12-12T18:24:13+00:00","dateModified":"2013-12-12T18:24:13+00:00","breadcrumb":{"@id":"https:\/\/insulation.trocellen.com\/de\/isolierung\/#breadcrumb"},"inLanguage":"de","potentialAction":[{"@type":"ReadAction","target":["https:\/\/insulation.trocellen.com\/de\/isolierung\/"]}]},{"@type":"BreadcrumbList","@id":"https:\/\/insulation.trocellen.com\/de\/isolierung\/#breadcrumb","itemListElement":[{"@type":"ListItem","position":1,"name":"Home","item":"https:\/\/insulation.trocellen.com\/de\/"},{"@type":"ListItem","position":2,"name":"Isolierung"}]},{"@type":"WebSite","@id":"https:\/\/insulation.trocellen.com\/de\/#website","url":"https:\/\/insulation.trocellen.com\/de\/","name":"Trocellen Insulation","description":"","potentialAction":[{"@type":"SearchAction","target":{"@type":"EntryPoint","urlTemplate":"https:\/\/insulation.trocellen.com\/de\/?s={search_term_string}"},"query-input":{"@type":"PropertyValueSpecification","valueRequired":true,"valueName":"search_term_string"}}],"inLanguage":"de"}]}},"_links":{"self":[{"href":"https:\/\/insulation.trocellen.com\/de\/wp-json\/wp\/v2\/pages\/4254","targetHints":{"allow":["GET"]}}],"collection":[{"href":"https:\/\/insulation.trocellen.com\/de\/wp-json\/wp\/v2\/pages"}],"about":[{"href":"https:\/\/insulation.trocellen.com\/de\/wp-json\/wp\/v2\/types\/page"}],"author":[{"embeddable":true,"href":"https:\/\/insulation.trocellen.com\/de\/wp-json\/wp\/v2\/users\/1"}],"replies":[{"embeddable":true,"href":"https:\/\/insulation.trocellen.com\/de\/wp-json\/wp\/v2\/comments?post=4254"}],"version-history":[{"count":0,"href":"https:\/\/insulation.trocellen.com\/de\/wp-json\/wp\/v2\/pages\/4254\/revisions"}],"wp:attachment":[{"href":"https:\/\/insulation.trocellen.com\/de\/wp-json\/wp\/v2\/media?parent=4254"}],"curies":[{"name":"wp","href":"https:\/\/api.w.org\/{rel}","templated":true}]}}