{"id":4248,"date":"2013-12-12T17:28:49","date_gmt":"2013-12-12T17:28:49","guid":{"rendered":"https:\/\/insulation-new.trocellen.com\/warmereflexionsfolie\/"},"modified":"2024-04-08T12:05:45","modified_gmt":"2024-04-08T12:05:45","slug":"warmereflexionsfolie","status":"publish","type":"page","link":"https:\/\/insulation.trocellen.com\/de\/anwendungen\/design-und-inneneinrichtung\/warmereflexionsfolie\/","title":{"rendered":"W\u00e4rmereflexionsfolie"},"content":{"rendered":"<p><img loading=\"lazy\" decoding=\"async\" class=\"alignright\" src=\"https:\/\/insulation.trocellen.com\/wp-content\/uploads\/sites\/6\/2013\/12\/heatmirror-201x300.png\" alt=\"heatmirror\" width=\"201\" height=\"300\"><\/p>\n<ul>\n<li>Reduziert W\u00e4rmeverlust hinter Heizk\u00f6rpern<\/li>\n<li>Hocheffektive W\u00e4rmed\u00e4mmung durch Reflexion der W\u00e4rmestrahlung<\/li>\n<li>Einfache Anwendung, praktisch unsichtbar<\/li>\n<li>Hohe Kostenersparnis<\/li>\n<li>Lange Lebensdauer<\/li>\n<\/ul>\n<h2>Vorteile<\/h2>\n<ul>\n<li>Hohe Heizkostenersparnis<\/li>\n<li>Ma\u00dfgeschneiderte L\u00f6sungen vor Ort<\/li>\n<li>Optimales Preis-\/Leistungsverh\u00e4ltnis<\/li>\n<li>Einfache Handhabung und Lagerung<\/li>\n<li>Sowohl f\u00fcr gewerbliche Zwecke als auch f\u00fcr den Hausgebrauch<\/li>\n<li>Umweltschonend &#8211; toxikologisch unbedenklich, allergenfrei, schimmelresistent und wiederverwertbar<\/li>\n<li>Einfache Anbringung &#8211; flexibel und geringes Gewicht<\/li>\n<\/ul>\n<p><strong>Wichtiger Hinweis!<\/strong> Niemals hinter Gasheizungsanlagen anbringen! Die Reflexionsfolie kann durch Feuer besch\u00e4digt werden.<\/p>\n<h2>Materialspezifikation<\/h2>\n<ul>\n<li>Tr\u00e4germaterial: chemisch vernetzter PE-Schaum, geschlossenzellig<\/li>\n<li>Deckschicht: aufkaschiert mit metallischer, reflektierender Folie<\/li>\n<li>Schaumdichte:&nbsp;30&nbsp;kg\/m\u00b2<\/li>\n<li>Dicke:&nbsp; 4 mm<\/li>\n<li>Rollenma\u00df: 550 mm x 5 m<\/li>\n<\/ul>\n<h2>Eigenschaften<\/h2>\n<ul>\n<li>Rollenware<\/li>\n<li>Leichte Anbringung und Modifikation<\/li>\n<li>Dauerhafter Schutz gegen Schimmel-, Milben- und Bakterienbefall<\/li>\n<li>Dauerhaft konstante W\u00e4rmeleistung<\/li>\n<li>Leicht<\/li>\n<li>FCKW- und bleichmittelfrei<\/li>\n<li>Ohne Textilfasern, toxikologisch unbedenklich, formaldehydfrei und geruchlos<\/li>\n<\/ul>\n<h2>Anwendung<\/h2>\n<p>Schritt 1 \u2013 Heizk\u00f6rper abmessen Trocellen W\u00e4rmereflexionsfolie passend zuschneiden. Der Zuschnitt sollte an den Seiten 10 mm schmaler sein als der Heizk\u00f6rper. Befestigungsstellen markieren<\/p>\n<p><img loading=\"lazy\" decoding=\"async\" class=\"aligncenter\" src=\"https:\/\/insulation.trocellen.com\/wp-content\/uploads\/sites\/6\/2013\/12\/heatmirror1.png\" alt=\"heatmirror1\" width=\"144\" height=\"113\"><\/p>\n<p>Schritt 2 \u2013 Kleber sowohl auf die gereinigte Wand als auch auf die mit Schaumstoff beschichtete Seite der Reflexionsfolie auftragen. Einige Minuten antrocknen lassen<\/p>\n<p><img loading=\"lazy\" decoding=\"async\" class=\"aligncenter\" src=\"https:\/\/insulation.trocellen.com\/wp-content\/uploads\/sites\/6\/2013\/12\/heatmirror2.png\" alt=\"heatmirror2\" width=\"144\" height=\"113\"><\/p>\n<p>Schritt 3 \u2013 Folie nach dem Antrocknen glatt an der Wand andr\u00fccken<\/p>\n<p><img loading=\"lazy\" decoding=\"async\" class=\"aligncenter\" src=\"https:\/\/insulation.trocellen.com\/wp-content\/uploads\/sites\/6\/2013\/12\/heatmirror3-144x150.png\" alt=\"heatmirror3\" width=\"144\" height=\"150\"><\/p>\n<p>Schritt 4 \u2013 Aussparungen f\u00fcr Heizungsrohre und andere Bauteile ausschneiden<\/p>\n<p><img loading=\"lazy\" decoding=\"async\" class=\"aligncenter\" src=\"https:\/\/insulation.trocellen.com\/wp-content\/uploads\/sites\/6\/2013\/12\/heatmirror4-150x150.png\" alt=\"heatmirror4\" width=\"150\" height=\"150\"><\/p>\n","protected":false},"excerpt":{"rendered":"<p>Reduziert W\u00e4rmeverlust hinter Heizk\u00f6rpern Hocheffektive W\u00e4rmed\u00e4mmung durch Reflexion der W\u00e4rmestrahlung Einfache Anwendung, praktisch unsichtbar Hohe Kostenersparnis Lange Lebensdauer Vorteile Hohe Heizkostenersparnis Ma\u00dfgeschneiderte L\u00f6sungen vor Ort Optimales Preis-\/Leistungsverh\u00e4ltnis Einfache Handhabung und Lagerung Sowohl f\u00fcr gewerbliche Zwecke als auch f\u00fcr den Hausgebrauch Umweltschonend &#8211; toxikologisch unbedenklich, allergenfrei, schimmelresistent und wiederverwertbar Einfache Anbringung &#8211; flexibel und geringes Gewicht [&hellip;]<\/p>\n","protected":false},"author":1,"featured_media":8894,"parent":4134,"menu_order":300,"comment_status":"open","ping_status":"closed","template":"templates\/applications.php","meta":{"_acf_changed":false,"footnotes":""},"class_list":["post-4248","page","type-page","status-publish","has-post-thumbnail","hentry"],"acf":[],"yoast_head":"<!-- This site is optimized with the Yoast SEO plugin v23.5 - https:\/\/yoast.com\/wordpress\/plugins\/seo\/ -->\n<title>Trocellen Heizk\u00f6rper-Reflexion: verbessert die Heizeffizienz<\/title>\n<meta name=\"description\" content=\"Heizk\u00f6rper-Reflexion: Schluss mit dem Heizen der W\u00e4nde! Die Reflexion verbessert die Heizeffizienz, indem sie die W\u00e4rme an den Raum zur\u00fcckgibt.\" \/>\n<meta name=\"robots\" content=\"index, follow, max-snippet:-1, max-image-preview:large, max-video-preview:-1\" \/>\n<link rel=\"canonical\" href=\"https:\/\/insulation.trocellen.com\/de\/anwendungen\/design-und-inneneinrichtung\/warmereflexionsfolie\/\" \/>\n<meta property=\"og:locale\" content=\"de_DE\" \/>\n<meta property=\"og:type\" content=\"article\" \/>\n<meta property=\"og:title\" content=\"Trocellen Heizk\u00f6rper-Reflexion: verbessert die Heizeffizienz\" \/>\n<meta property=\"og:description\" content=\"Heizk\u00f6rper-Reflexion: Schluss mit dem Heizen der W\u00e4nde! Die Reflexion verbessert die Heizeffizienz, indem sie die W\u00e4rme an den Raum zur\u00fcckgibt.\" \/>\n<meta property=\"og:url\" content=\"https:\/\/insulation.trocellen.com\/de\/anwendungen\/design-und-inneneinrichtung\/warmereflexionsfolie\/\" \/>\n<meta property=\"og:site_name\" content=\"Trocellen Insulation\" \/>\n<meta property=\"article:modified_time\" content=\"2024-04-08T12:05:45+00:00\" \/>\n<meta property=\"og:image\" content=\"https:\/\/insulation.trocellen.com\/wp-content\/uploads\/sites\/6\/2023\/05\/heat-mirror1.jpg\" \/>\n\t<meta property=\"og:image:width\" content=\"1920\" \/>\n\t<meta property=\"og:image:height\" content=\"300\" \/>\n\t<meta property=\"og:image:type\" content=\"image\/jpeg\" \/>\n<meta name=\"twitter:card\" content=\"summary_large_image\" \/>\n<meta name=\"twitter:label1\" content=\"Gesch\u00e4tzte Lesezeit\" \/>\n\t<meta name=\"twitter:data1\" content=\"2\u00a0Minuten\" \/>\n<script type=\"application\/ld+json\" class=\"yoast-schema-graph\">{\"@context\":\"https:\/\/schema.org\",\"@graph\":[{\"@type\":\"WebPage\",\"@id\":\"https:\/\/insulation.trocellen.com\/de\/anwendungen\/design-und-inneneinrichtung\/warmereflexionsfolie\/\",\"url\":\"https:\/\/insulation.trocellen.com\/de\/anwendungen\/design-und-inneneinrichtung\/warmereflexionsfolie\/\",\"name\":\"Trocellen Heizk\u00f6rper-Reflexion: verbessert die Heizeffizienz\",\"isPartOf\":{\"@id\":\"https:\/\/insulation.trocellen.com\/de\/#website\"},\"primaryImageOfPage\":{\"@id\":\"https:\/\/insulation.trocellen.com\/de\/anwendungen\/design-und-inneneinrichtung\/warmereflexionsfolie\/#primaryimage\"},\"image\":{\"@id\":\"https:\/\/insulation.trocellen.com\/de\/anwendungen\/design-und-inneneinrichtung\/warmereflexionsfolie\/#primaryimage\"},\"thumbnailUrl\":\"https:\/\/insulation.trocellen.com\/wp-content\/uploads\/sites\/6\/2023\/05\/heat-mirror1.jpg\",\"datePublished\":\"2013-12-12T17:28:49+00:00\",\"dateModified\":\"2024-04-08T12:05:45+00:00\",\"description\":\"Heizk\u00f6rper-Reflexion: Schluss mit dem Heizen der W\u00e4nde! Die Reflexion verbessert die Heizeffizienz, indem sie die W\u00e4rme an den Raum zur\u00fcckgibt.\",\"breadcrumb\":{\"@id\":\"https:\/\/insulation.trocellen.com\/de\/anwendungen\/design-und-inneneinrichtung\/warmereflexionsfolie\/#breadcrumb\"},\"inLanguage\":\"de\",\"potentialAction\":[{\"@type\":\"ReadAction\",\"target\":[\"https:\/\/insulation.trocellen.com\/de\/anwendungen\/design-und-inneneinrichtung\/warmereflexionsfolie\/\"]}]},{\"@type\":\"ImageObject\",\"inLanguage\":\"de\",\"@id\":\"https:\/\/insulation.trocellen.com\/de\/anwendungen\/design-und-inneneinrichtung\/warmereflexionsfolie\/#primaryimage\",\"url\":\"https:\/\/insulation.trocellen.com\/wp-content\/uploads\/sites\/6\/2023\/05\/heat-mirror1.jpg\",\"contentUrl\":\"https:\/\/insulation.trocellen.com\/wp-content\/uploads\/sites\/6\/2023\/05\/heat-mirror1.jpg\",\"width\":1920,\"height\":300},{\"@type\":\"BreadcrumbList\",\"@id\":\"https:\/\/insulation.trocellen.com\/de\/anwendungen\/design-und-inneneinrichtung\/warmereflexionsfolie\/#breadcrumb\",\"itemListElement\":[{\"@type\":\"ListItem\",\"position\":1,\"name\":\"Home\",\"item\":\"https:\/\/insulation.trocellen.com\/de\/\"},{\"@type\":\"ListItem\",\"position\":2,\"name\":\"Anwendungen\",\"item\":\"https:\/\/insulation.trocellen.com\/de\/anwendungen\/\"},{\"@type\":\"ListItem\",\"position\":3,\"name\":\"Design und Inneneinrichtung\",\"item\":\"https:\/\/insulation.trocellen.com\/de\/anwendungen\/design-und-inneneinrichtung\/\"},{\"@type\":\"ListItem\",\"position\":4,\"name\":\"W\u00e4rmereflexionsfolie\"}]},{\"@type\":\"WebSite\",\"@id\":\"https:\/\/insulation.trocellen.com\/de\/#website\",\"url\":\"https:\/\/insulation.trocellen.com\/de\/\",\"name\":\"Trocellen Insulation\",\"description\":\"\",\"potentialAction\":[{\"@type\":\"SearchAction\",\"target\":{\"@type\":\"EntryPoint\",\"urlTemplate\":\"https:\/\/insulation.trocellen.com\/de\/?s={search_term_string}\"},\"query-input\":{\"@type\":\"PropertyValueSpecification\",\"valueRequired\":true,\"valueName\":\"search_term_string\"}}],\"inLanguage\":\"de\"}]}<\/script>\n<!-- \/ Yoast SEO plugin. -->","yoast_head_json":{"title":"Trocellen Heizk\u00f6rper-Reflexion: verbessert die Heizeffizienz","description":"Heizk\u00f6rper-Reflexion: Schluss mit dem Heizen der W\u00e4nde! Die Reflexion verbessert die Heizeffizienz, indem sie die W\u00e4rme an den Raum zur\u00fcckgibt.","robots":{"index":"index","follow":"follow","max-snippet":"max-snippet:-1","max-image-preview":"max-image-preview:large","max-video-preview":"max-video-preview:-1"},"canonical":"https:\/\/insulation.trocellen.com\/de\/anwendungen\/design-und-inneneinrichtung\/warmereflexionsfolie\/","og_locale":"de_DE","og_type":"article","og_title":"Trocellen Heizk\u00f6rper-Reflexion: verbessert die Heizeffizienz","og_description":"Heizk\u00f6rper-Reflexion: Schluss mit dem Heizen der W\u00e4nde! Die Reflexion verbessert die Heizeffizienz, indem sie die W\u00e4rme an den Raum zur\u00fcckgibt.","og_url":"https:\/\/insulation.trocellen.com\/de\/anwendungen\/design-und-inneneinrichtung\/warmereflexionsfolie\/","og_site_name":"Trocellen Insulation","article_modified_time":"2024-04-08T12:05:45+00:00","og_image":[{"width":1920,"height":300,"url":"https:\/\/insulation.trocellen.com\/wp-content\/uploads\/sites\/6\/2023\/05\/heat-mirror1.jpg","type":"image\/jpeg"}],"twitter_card":"summary_large_image","twitter_misc":{"Gesch\u00e4tzte Lesezeit":"2\u00a0Minuten"},"schema":{"@context":"https:\/\/schema.org","@graph":[{"@type":"WebPage","@id":"https:\/\/insulation.trocellen.com\/de\/anwendungen\/design-und-inneneinrichtung\/warmereflexionsfolie\/","url":"https:\/\/insulation.trocellen.com\/de\/anwendungen\/design-und-inneneinrichtung\/warmereflexionsfolie\/","name":"Trocellen Heizk\u00f6rper-Reflexion: verbessert die Heizeffizienz","isPartOf":{"@id":"https:\/\/insulation.trocellen.com\/de\/#website"},"primaryImageOfPage":{"@id":"https:\/\/insulation.trocellen.com\/de\/anwendungen\/design-und-inneneinrichtung\/warmereflexionsfolie\/#primaryimage"},"image":{"@id":"https:\/\/insulation.trocellen.com\/de\/anwendungen\/design-und-inneneinrichtung\/warmereflexionsfolie\/#primaryimage"},"thumbnailUrl":"https:\/\/insulation.trocellen.com\/wp-content\/uploads\/sites\/6\/2023\/05\/heat-mirror1.jpg","datePublished":"2013-12-12T17:28:49+00:00","dateModified":"2024-04-08T12:05:45+00:00","description":"Heizk\u00f6rper-Reflexion: Schluss mit dem Heizen der W\u00e4nde! Die Reflexion verbessert die Heizeffizienz, indem sie die W\u00e4rme an den Raum zur\u00fcckgibt.","breadcrumb":{"@id":"https:\/\/insulation.trocellen.com\/de\/anwendungen\/design-und-inneneinrichtung\/warmereflexionsfolie\/#breadcrumb"},"inLanguage":"de","potentialAction":[{"@type":"ReadAction","target":["https:\/\/insulation.trocellen.com\/de\/anwendungen\/design-und-inneneinrichtung\/warmereflexionsfolie\/"]}]},{"@type":"ImageObject","inLanguage":"de","@id":"https:\/\/insulation.trocellen.com\/de\/anwendungen\/design-und-inneneinrichtung\/warmereflexionsfolie\/#primaryimage","url":"https:\/\/insulation.trocellen.com\/wp-content\/uploads\/sites\/6\/2023\/05\/heat-mirror1.jpg","contentUrl":"https:\/\/insulation.trocellen.com\/wp-content\/uploads\/sites\/6\/2023\/05\/heat-mirror1.jpg","width":1920,"height":300},{"@type":"BreadcrumbList","@id":"https:\/\/insulation.trocellen.com\/de\/anwendungen\/design-und-inneneinrichtung\/warmereflexionsfolie\/#breadcrumb","itemListElement":[{"@type":"ListItem","position":1,"name":"Home","item":"https:\/\/insulation.trocellen.com\/de\/"},{"@type":"ListItem","position":2,"name":"Anwendungen","item":"https:\/\/insulation.trocellen.com\/de\/anwendungen\/"},{"@type":"ListItem","position":3,"name":"Design und Inneneinrichtung","item":"https:\/\/insulation.trocellen.com\/de\/anwendungen\/design-und-inneneinrichtung\/"},{"@type":"ListItem","position":4,"name":"W\u00e4rmereflexionsfolie"}]},{"@type":"WebSite","@id":"https:\/\/insulation.trocellen.com\/de\/#website","url":"https:\/\/insulation.trocellen.com\/de\/","name":"Trocellen Insulation","description":"","potentialAction":[{"@type":"SearchAction","target":{"@type":"EntryPoint","urlTemplate":"https:\/\/insulation.trocellen.com\/de\/?s={search_term_string}"},"query-input":{"@type":"PropertyValueSpecification","valueRequired":true,"valueName":"search_term_string"}}],"inLanguage":"de"}]}},"_links":{"self":[{"href":"https:\/\/insulation.trocellen.com\/de\/wp-json\/wp\/v2\/pages\/4248","targetHints":{"allow":["GET"]}}],"collection":[{"href":"https:\/\/insulation.trocellen.com\/de\/wp-json\/wp\/v2\/pages"}],"about":[{"href":"https:\/\/insulation.trocellen.com\/de\/wp-json\/wp\/v2\/types\/page"}],"author":[{"embeddable":true,"href":"https:\/\/insulation.trocellen.com\/de\/wp-json\/wp\/v2\/users\/1"}],"replies":[{"embeddable":true,"href":"https:\/\/insulation.trocellen.com\/de\/wp-json\/wp\/v2\/comments?post=4248"}],"version-history":[{"count":4,"href":"https:\/\/insulation.trocellen.com\/de\/wp-json\/wp\/v2\/pages\/4248\/revisions"}],"predecessor-version":[{"id":10741,"href":"https:\/\/insulation.trocellen.com\/de\/wp-json\/wp\/v2\/pages\/4248\/revisions\/10741"}],"up":[{"embeddable":true,"href":"https:\/\/insulation.trocellen.com\/de\/wp-json\/wp\/v2\/pages\/4134"}],"wp:featuredmedia":[{"embeddable":true,"href":"https:\/\/insulation.trocellen.com\/de\/wp-json\/wp\/v2\/media\/8894"}],"wp:attachment":[{"href":"https:\/\/insulation.trocellen.com\/de\/wp-json\/wp\/v2\/media?parent=4248"}],"curies":[{"name":"wp","href":"https:\/\/api.w.org\/{rel}","templated":true}]}}